{"id":412814,"date":"2025-09-26T14:55:25","date_gmt":"2025-09-26T12:55:25","guid":{"rendered":"https:\/\/www.dynseo.com\/panier-v2\/"},"modified":"2026-03-19T09:24:08","modified_gmt":"2026-03-19T08:24:08","slug":"panier-v2","status":"publish","type":"page","link":"https:\/\/www.dynseo.com\/de\/panier-v2\/","title":{"rendered":"Panier"},"content":{"rendered":"<p>[et_pb_section fb_built=&#8220;1&#8243; fullwidth=&#8220;on&#8220; disabled_on=&#8220;off|off|off&#8220; admin_label=&#8220;Section&#8220; _builder_version=&#8220;4.27.6&#8243; _module_preset=&#8220;default&#8220; locked=&#8220;off&#8220; global_colors_info=&#8220;{}&#8220;][et_pb_fullwidth_code disabled_on=&#8220;off|off|off&#8220; _builder_version=&#8220;4.27.4&#8243; _module_preset=&#8220;default&#8220; hover_enabled=&#8220;0&#8243; global_colors_info=&#8220;{}&#8220; sticky_enabled=&#8220;0&#8243;]<\/p>\n<div class=\"form-indicator\"><!-- [et_pb_line_break_holder] -->        <\/p>\n<div class=\"step\"><!-- [et_pb_line_break_holder] -->          <\/p>\n<div class=\"icon cart\">\t <!-- [et_pb_line_break_holder] -->          \t<img decoding=\"async\" src=\"https:\/\/www.dynseo.com\/wp-content\/uploads\/2023\/11\/shopping-bag-white-color-icon-vector-16852516-removebg-preview-1.png\"\/><!-- [et_pb_line_break_holder] -->          <\/div>\n<p><!-- [et_pb_line_break_holder] -->            <\/p>\n<div class=\"line\"><\/div>\n<p><!-- [et_pb_line_break_holder] -->        <\/div>\n<p><!-- [et_pb_line_break_holder] -->        <\/p>\n<div class=\"step\"><!-- [et_pb_line_break_holder] -->          <\/p>\n<div class=\"icon bag\"> <!-- [et_pb_line_break_holder] -->          \t <img decoding=\"async\" src=\"https:\/\/www.dynseo.com\/wp-content\/uploads\/2023\/11\/360_F_211057598_Vzh78rIIokEndQVbh1DpxtF2VlfCtG3F-removebg-preview-1.png\"\/><!-- [et_pb_line_break_holder] -->          <\/div>\n<p><!-- [et_pb_line_break_holder] -->            <\/p>\n<div class=\"line\"><\/div>\n<p><!-- [et_pb_line_break_holder] -->        <\/div>\n<p><!-- [et_pb_line_break_holder] -->        <\/p>\n<div class=\"step\"><!-- [et_pb_line_break_holder] -->          <\/p>\n<div class=\"icon card\"> <!-- [et_pb_line_break_holder] -->          \t<img decoding=\"async\" src=\"https:\/\/www.dynseo.com\/wp-content\/uploads\/2023\/11\/1000_F_195074404_UZJDbLurzoqTUkqhvihxn7kPkok57aMR-removebg-preview.png\"\/><!-- [et_pb_line_break_holder] -->          <\/div>\n<p><!-- [et_pb_line_break_holder] -->        <\/div>\n<p><!-- [et_pb_line_break_holder] -->    <\/div>\n<p>[\/et_pb_fullwidth_code][\/et_pb_section][et_pb_section fb_built=&#8220;1&#8243; disabled_on=&#8220;off|off|off&#8220; _builder_version=&#8220;4.27.6&#8243; global_colors_info=&#8220;{}&#8220;][et_pb_row _builder_version=&#8220;4.16&#8243; background_size=&#8220;initial&#8220; background_position=&#8220;top_left&#8220; background_repeat=&#8220;repeat&#8220; global_colors_info=&#8220;{}&#8220;][et_pb_column type=&#8220;4_4&#8243; _builder_version=&#8220;4.16&#8243; custom_padding=&#8220;|||&#8220; global_colors_info=&#8220;{}&#8220; custom_padding__hover=&#8220;|||&#8220;][et_pb_text _builder_version=&#8220;4.16&#8243; background_size=&#8220;initial&#8220; background_position=&#8220;top_left&#8220; background_repeat=&#8220;repeat&#8220; hover_enabled=&#8220;0&#8243; global_colors_info=&#8220;{}&#8220; sticky_enabled=&#8220;0&#8243;]<\/p>\n<p class=\"p1\"><\/p>\n<p>[\/et_pb_text][\/et_pb_column][\/et_pb_row][\/et_pb_section][et_pb_section fb_built=&#8220;1&#8243; _builder_version=&#8220;4.27.6&#8243; _module_preset=&#8220;default&#8220; global_colors_info=&#8220;{}&#8220;][et_pb_row _builder_version=&#8220;4.27.6&#8243; _module_preset=&#8220;default&#8220; global_colors_info=&#8220;{}&#8220;][et_pb_column type=&#8220;4_4&#8243; _builder_version=&#8220;4.27.6&#8243; _module_preset=&#8220;default&#8220; global_colors_info=&#8220;{}&#8220;][et_pb_code _builder_version=&#8220;4.16&#8243; hover_enabled=&#8220;0&#8243; global_colors_info=&#8220;{}&#8220; sticky_enabled=&#8220;0&#8243;]<script type=\"application\/ld+json\">{\"@context\":\"https:\/\/schema.org\",\"@type\":\"FAQPage\",\"mainEntity\":[{\"@type\":\"Question\",\"name\":\"Wie greife ich auf meinen Warenkorb zu?\",\"acceptedAnswer\":{\"@type\":\"Answer\",\"text\":\"Um auf Ihren Warenkorb zuzugreifen, klicken Sie auf das Einkaufswagensymbol, das sich normalerweise oben rechts auf der Seite befindet, oder suchen Sie den Link 'Warenkorb' im Navigationsmen\u00fc der Website.\"}},{\"@type\":\"Question\",\"name\":\"Kann ich die Mengen der Artikel in meinem Warenkorb \u00e4ndern?\",\"acceptedAnswer\":{\"@type\":\"Answer\",\"text\":\"Ja, Sie k\u00f6nnen die Mengen der Artikel direkt in Ihrem Warenkorb \u00e4ndern, indem Sie die + und - Tasten verwenden oder die gew\u00fcnschte Menge manuell in das daf\u00fcr vorgesehene Feld eingeben.\"}},{\"@type\":\"Question\",\"name\":\"Wie kann ich einen Artikel aus meinem Warenkorb entfernen?\",\"acceptedAnswer\":{\"@type\":\"Answer\",\"text\":\"Um einen Artikel aus Ihrem Warenkorb zu entfernen, klicken Sie auf das Entfernungssymbol (normalerweise ein Kreuz oder ein Papierkorb) neben dem betreffenden Artikel oder reduzieren Sie die Menge auf Null.\"}},{\"@type\":\"Question\",\"name\":\"Wird mein Warenkorb gespeichert, wenn ich meinen Browser schlie\u00dfe?\",\"acceptedAnswer\":{\"@type\":\"Answer\",\"text\":\"Wenn Sie in Ihrem Konto angemeldet sind, wird Ihr Warenkorb normalerweise gespeichert. F\u00fcr nicht angemeldete Besucher kann der Warenkorb dank der Cookies Ihres Browsers vor\u00fcbergehend gespeichert bleiben.\"}},{\"@type\":\"Question\",\"name\":\"Werden die Versandkosten im Warenkorb angezeigt?\",\"acceptedAnswer\":{\"@type\":\"Answer\",\"text\":\"Die Versandkosten werden in der Regel in der n\u00e4chsten Phase des Bestellprozesses berechnet und angezeigt, nachdem Sie Ihre Lieferadresse angegeben haben.\"}},{\"@type\":\"Question\",\"name\":\"Was soll ich tun, wenn mein Warenkorb leer erscheint, obwohl ich Artikel hinzugef\u00fcgt habe?\",\"acceptedAnswer\":{\"@type\":\"Answer\",\"text\":\"Stellen Sie sicher, dass Cookies in Ihrem Browser aktiviert sind, melden Sie sich bei Bedarf erneut in Ihrem Konto an oder kontaktieren Sie den Kundenservice, falls das Problem weiterhin besteht.\"}}]}<\/script>[\/et_pb_code][\/et_pb_column][\/et_pb_row][\/et_pb_section]<\/p>\n","protected":false},"excerpt":{"rendered":"\n","protected":false},"author":4,"featured_media":376183,"parent":0,"menu_order":0,"comment_status":"closed","ping_status":"closed","template":"","meta":{"_et_pb_use_builder":"on","_et_pb_old_content":"<p class=\"p1\">[woocommerce_cart]<\/p>","_et_gb_content_width":"","footnotes":""},"class_list":["post-412814","page","type-page","status-publish","has-post-thumbnail","hentry"],"yoast_head":"<!-- This site is optimized with the Yoast SEO plugin v27.5 - https:\/\/yoast.com\/product\/yoast-seo-wordpress\/ -->\n<title>Panier - DYNSEO - Lern-App und Memory-Spiele<\/title>\n<meta name=\"robots\" content=\"index, follow, max-snippet:-1, max-image-preview:large, max-video-preview:-1\" \/>\n<link rel=\"canonical\" href=\"https:\/\/www.dynseo.com\/de\/panier-v2\/\" \/>\n<meta property=\"og:locale\" content=\"de_DE\" \/>\n<meta property=\"og:type\" content=\"article\" \/>\n<meta property=\"og:title\" content=\"Panier - DYNSEO - Lern-App und Memory-Spiele\" \/>\n<meta property=\"og:url\" content=\"https:\/\/www.dynseo.com\/de\/panier-v2\/\" \/>\n<meta property=\"og:site_name\" content=\"DYNSEO - Lern-App und Memory-Spiele\" \/>\n<meta property=\"article:modified_time\" content=\"2026-03-19T08:24:08+00:00\" \/>\n<meta property=\"og:image\" content=\"https:\/\/www.dynseo.com\/wp-content\/uploads\/2024\/07\/Article-pour-jeux-de-memoire-et-services-educatifs-sur-tablette-1.png\" \/>\n\t<meta property=\"og:image:width\" content=\"2000\" \/>\n\t<meta property=\"og:image:height\" content=\"1500\" \/>\n\t<meta property=\"og:image:type\" content=\"image\/png\" \/>\n<meta name=\"twitter:label1\" content=\"Gesch\u00e4tzte Lesezeit\" \/>\n\t<meta name=\"twitter:data1\" content=\"1\u00a0Minute\" \/>\n<script type=\"application\/ld+json\" class=\"yoast-schema-graph\">{\"@context\":\"https:\\\/\\\/schema.org\",\"@graph\":[{\"@type\":\"WebPage\",\"@id\":\"https:\\\/\\\/www.dynseo.com\\\/de\\\/panier-v2\\\/\",\"url\":\"https:\\\/\\\/www.dynseo.com\\\/de\\\/panier-v2\\\/\",\"name\":\"Panier - DYNSEO - Lern-App und Memory-Spiele\",\"isPartOf\":{\"@id\":\"https:\\\/\\\/www.dynseo.com\\\/de\\\/#website\"},\"primaryImageOfPage\":{\"@id\":\"https:\\\/\\\/www.dynseo.com\\\/de\\\/panier-v2\\\/#primaryimage\"},\"image\":{\"@id\":\"https:\\\/\\\/www.dynseo.com\\\/de\\\/panier-v2\\\/#primaryimage\"},\"thumbnailUrl\":\"https:\\\/\\\/www.dynseo.com\\\/wp-content\\\/uploads\\\/2024\\\/07\\\/Article-pour-jeux-de-memoire-et-services-educatifs-sur-tablette-1.png\",\"datePublished\":\"2025-09-26T12:55:25+00:00\",\"dateModified\":\"2026-03-19T08:24:08+00:00\",\"breadcrumb\":{\"@id\":\"https:\\\/\\\/www.dynseo.com\\\/de\\\/panier-v2\\\/#breadcrumb\"},\"inLanguage\":\"de\",\"potentialAction\":[{\"@type\":\"ReadAction\",\"target\":[\"https:\\\/\\\/www.dynseo.com\\\/de\\\/panier-v2\\\/\"]}]},{\"@type\":\"ImageObject\",\"inLanguage\":\"de\",\"@id\":\"https:\\\/\\\/www.dynseo.com\\\/de\\\/panier-v2\\\/#primaryimage\",\"url\":\"https:\\\/\\\/www.dynseo.com\\\/wp-content\\\/uploads\\\/2024\\\/07\\\/Article-pour-jeux-de-memoire-et-services-educatifs-sur-tablette-1.png\",\"contentUrl\":\"https:\\\/\\\/www.dynseo.com\\\/wp-content\\\/uploads\\\/2024\\\/07\\\/Article-pour-jeux-de-memoire-et-services-educatifs-sur-tablette-1.png\",\"width\":2000,\"height\":1500,\"caption\":\"Pflegen Sie Ihre geistige Beweglichkeit durch unsere Aktivit\u00e4ten, die Sie bereichern werden.\"},{\"@type\":\"BreadcrumbList\",\"@id\":\"https:\\\/\\\/www.dynseo.com\\\/de\\\/panier-v2\\\/#breadcrumb\",\"itemListElement\":[{\"@type\":\"ListItem\",\"position\":1,\"name\":\"Accueil\",\"item\":\"https:\\\/\\\/www.dynseo.com\\\/de\"},{\"@type\":\"ListItem\",\"position\":2,\"name\":\"Panier\"}]},{\"@type\":\"WebSite\",\"@id\":\"https:\\\/\\\/www.dynseo.com\\\/de\\\/#website\",\"url\":\"https:\\\/\\\/www.dynseo.com\\\/de\\\/\",\"name\":\"Jeux de m\u00e9moire et stimulation cognitive\",\"description\":\"Entra\u00eenez votre m\u00e9moire et votre cerveau avec DYNSEO\",\"publisher\":{\"@id\":\"https:\\\/\\\/www.dynseo.com\\\/de\\\/#organization\"},\"potentialAction\":[{\"@type\":\"SearchAction\",\"target\":{\"@type\":\"EntryPoint\",\"urlTemplate\":\"https:\\\/\\\/www.dynseo.com\\\/de\\\/?s={search_term_string}\"},\"query-input\":{\"@type\":\"PropertyValueSpecification\",\"valueRequired\":true,\"valueName\":\"search_term_string\"}}],\"inLanguage\":\"de\"},{\"@type\":\"Organization\",\"@id\":\"https:\\\/\\\/www.dynseo.com\\\/de\\\/#organization\",\"name\":\"DYNSEO\",\"url\":\"https:\\\/\\\/www.dynseo.com\\\/de\\\/\",\"logo\":{\"@type\":\"ImageObject\",\"inLanguage\":\"de\",\"@id\":\"https:\\\/\\\/www.dynseo.com\\\/de\\\/#\\\/schema\\\/logo\\\/image\\\/\",\"url\":\"https:\\\/\\\/www.dynseo.com\\\/wp-content\\\/uploads\\\/2022\\\/05\\\/logo-dynseo-new.png\",\"contentUrl\":\"https:\\\/\\\/www.dynseo.com\\\/wp-content\\\/uploads\\\/2022\\\/05\\\/logo-dynseo-new.png\",\"width\":5073,\"height\":1397,\"caption\":\"DYNSEO\"},\"image\":{\"@id\":\"https:\\\/\\\/www.dynseo.com\\\/de\\\/#\\\/schema\\\/logo\\\/image\\\/\"}}]}<\/script>\n<!-- \/ Yoast SEO plugin. -->","yoast_head_json":{"title":"Panier - DYNSEO - Lern-App und Memory-Spiele","robots":{"index":"index","follow":"follow","max-snippet":"max-snippet:-1","max-image-preview":"max-image-preview:large","max-video-preview":"max-video-preview:-1"},"canonical":"https:\/\/www.dynseo.com\/de\/panier-v2\/","og_locale":"de_DE","og_type":"article","og_title":"Panier - DYNSEO - Lern-App und Memory-Spiele","og_url":"https:\/\/www.dynseo.com\/de\/panier-v2\/","og_site_name":"DYNSEO - Lern-App und Memory-Spiele","article_modified_time":"2026-03-19T08:24:08+00:00","og_image":[{"width":2000,"height":1500,"url":"https:\/\/www.dynseo.com\/wp-content\/uploads\/2024\/07\/Article-pour-jeux-de-memoire-et-services-educatifs-sur-tablette-1.png","type":"image\/png"}],"twitter_misc":{"Gesch\u00e4tzte Lesezeit":"1\u00a0Minute"},"schema":{"@context":"https:\/\/schema.org","@graph":[{"@type":"WebPage","@id":"https:\/\/www.dynseo.com\/de\/panier-v2\/","url":"https:\/\/www.dynseo.com\/de\/panier-v2\/","name":"Panier - DYNSEO - Lern-App und Memory-Spiele","isPartOf":{"@id":"https:\/\/www.dynseo.com\/de\/#website"},"primaryImageOfPage":{"@id":"https:\/\/www.dynseo.com\/de\/panier-v2\/#primaryimage"},"image":{"@id":"https:\/\/www.dynseo.com\/de\/panier-v2\/#primaryimage"},"thumbnailUrl":"https:\/\/www.dynseo.com\/wp-content\/uploads\/2024\/07\/Article-pour-jeux-de-memoire-et-services-educatifs-sur-tablette-1.png","datePublished":"2025-09-26T12:55:25+00:00","dateModified":"2026-03-19T08:24:08+00:00","breadcrumb":{"@id":"https:\/\/www.dynseo.com\/de\/panier-v2\/#breadcrumb"},"inLanguage":"de","potentialAction":[{"@type":"ReadAction","target":["https:\/\/www.dynseo.com\/de\/panier-v2\/"]}]},{"@type":"ImageObject","inLanguage":"de","@id":"https:\/\/www.dynseo.com\/de\/panier-v2\/#primaryimage","url":"https:\/\/www.dynseo.com\/wp-content\/uploads\/2024\/07\/Article-pour-jeux-de-memoire-et-services-educatifs-sur-tablette-1.png","contentUrl":"https:\/\/www.dynseo.com\/wp-content\/uploads\/2024\/07\/Article-pour-jeux-de-memoire-et-services-educatifs-sur-tablette-1.png","width":2000,"height":1500,"caption":"Pflegen Sie Ihre geistige Beweglichkeit durch unsere Aktivit\u00e4ten, die Sie bereichern werden."},{"@type":"BreadcrumbList","@id":"https:\/\/www.dynseo.com\/de\/panier-v2\/#breadcrumb","itemListElement":[{"@type":"ListItem","position":1,"name":"Accueil","item":"https:\/\/www.dynseo.com\/de"},{"@type":"ListItem","position":2,"name":"Panier"}]},{"@type":"WebSite","@id":"https:\/\/www.dynseo.com\/de\/#website","url":"https:\/\/www.dynseo.com\/de\/","name":"Jeux de m\u00e9moire et stimulation cognitive","description":"Entra\u00eenez votre m\u00e9moire et votre cerveau avec DYNSEO","publisher":{"@id":"https:\/\/www.dynseo.com\/de\/#organization"},"potentialAction":[{"@type":"SearchAction","target":{"@type":"EntryPoint","urlTemplate":"https:\/\/www.dynseo.com\/de\/?s={search_term_string}"},"query-input":{"@type":"PropertyValueSpecification","valueRequired":true,"valueName":"search_term_string"}}],"inLanguage":"de"},{"@type":"Organization","@id":"https:\/\/www.dynseo.com\/de\/#organization","name":"DYNSEO","url":"https:\/\/www.dynseo.com\/de\/","logo":{"@type":"ImageObject","inLanguage":"de","@id":"https:\/\/www.dynseo.com\/de\/#\/schema\/logo\/image\/","url":"https:\/\/www.dynseo.com\/wp-content\/uploads\/2022\/05\/logo-dynseo-new.png","contentUrl":"https:\/\/www.dynseo.com\/wp-content\/uploads\/2022\/05\/logo-dynseo-new.png","width":5073,"height":1397,"caption":"DYNSEO"},"image":{"@id":"https:\/\/www.dynseo.com\/de\/#\/schema\/logo\/image\/"}}]}},"_links":{"self":[{"href":"https:\/\/www.dynseo.com\/de\/wp-json\/wp\/v2\/pages\/412814","targetHints":{"allow":["GET"]}}],"collection":[{"href":"https:\/\/www.dynseo.com\/de\/wp-json\/wp\/v2\/pages"}],"about":[{"href":"https:\/\/www.dynseo.com\/de\/wp-json\/wp\/v2\/types\/page"}],"author":[{"embeddable":true,"href":"https:\/\/www.dynseo.com\/de\/wp-json\/wp\/v2\/users\/4"}],"replies":[{"embeddable":true,"href":"https:\/\/www.dynseo.com\/de\/wp-json\/wp\/v2\/comments?post=412814"}],"version-history":[{"count":12,"href":"https:\/\/www.dynseo.com\/de\/wp-json\/wp\/v2\/pages\/412814\/revisions"}],"predecessor-version":[{"id":521842,"href":"https:\/\/www.dynseo.com\/de\/wp-json\/wp\/v2\/pages\/412814\/revisions\/521842"}],"wp:featuredmedia":[{"embeddable":true,"href":"https:\/\/www.dynseo.com\/de\/wp-json\/wp\/v2\/media\/376183"}],"wp:attachment":[{"href":"https:\/\/www.dynseo.com\/de\/wp-json\/wp\/v2\/media?parent=412814"}],"curies":[{"name":"wp","href":"https:\/\/api.w.org\/{rel}","templated":true}]}}