{"id":448315,"date":"2025-12-19T12:32:19","date_gmt":"2025-12-19T11:32:19","guid":{"rendered":"https:\/\/www.dynseo.com\/privatpersonen\/"},"modified":"2026-01-09T11:11:23","modified_gmt":"2026-01-09T10:11:23","slug":"privatpersonen","status":"publish","type":"page","link":"https:\/\/www.dynseo.com\/de\/privatpersonen\/","title":{"rendered":"Privatpersonen"},"content":{"rendered":"<h2 style=\"text-align: center\"><span style=\"color: #526fa1\"><strong>EIN INDIVIDUELLES GEHIRNTRAINING<\/strong><\/span><\/h2>\n<\/p>\n<p>Mit Suzie, Ihrem Gehirntrainer, ist Gehirntraining ein Vergn\u00fcgen! Suzie begleitet Sie Tag f\u00fcr Tag mit angepassten und anregenden \u00dcbungen. F\u00fcr jeden das richtige Programm!  <\/p>\n<p>In der Tat wurde jedes entworfene Programm Hand in Hand mit :<\/p>\n<p>&#8211; auf der einen Seite der Endnutzer: Kinder, Erwachsene, Senioren<\/p>\n<p>&#8211; auf der anderen Seite Gesundheitsfachkr\u00e4fte: Psychologen und Neuropsychologen, Logop\u00e4den, Ergotherapeuten, Geriater, koordinierende \u00c4rzte, Allgemeinmediziner usw., die in der Lage sind, die Patienten zu betreuen.<\/p>\n<p>Ziel ist es, Ihnen Programme zum Gehirntraining anzubieten.<span style=\"color: #526fa1\"><strong>Gehirntraining zu bieten: <\/strong><\/span>Unsere Spiele werden an die F\u00e4higkeiten jedes Einzelnen angepasst.<\/p>\n<p>Ob Ihr Kind seine Aufmerksamkeit kanalisieren muss, oder ob Ihr Angeh\u00f6riger einen Schlaganfall hatte und Sie ihn bei der Rehabilitation unterst\u00fctzen m\u00f6chten, Coco, Joe oder Edith sind die richtigen Gehirntrainingsprogramme f\u00fcr Sie!<\/p>\n<p><img loading=\"lazy\" decoding=\"async\" class=\"wp-image-2664 aligncenter\" src=\"https:\/\/www.dynseo.com\/wp-content\/uploads\/2015\/02\/schema-cr%C3%A9ation-de-valeur-v2.jpg\" alt=\"ma\u00dfgeschneidertes kognitives Training\" width=\"787\" height=\"443\"><\/p>\n<h2> <\/h2>\n<h2> <\/h2>\n<h2 style=\"text-align: center\"><strong><span style=\"color: #526fa1\">JEDER HAT SEIN EIGENES KUNSTPROGRAMM<\/span><\/strong><\/h2>\n<p>So hat jeder sein eigenes, auf ihn zugeschnittenes Gehirntrainingsprogramm.<\/p>\n<p style=\"text-align: center\">[row]<br \/>[column lg=&#8220;4&#8243; md=&#8220;12&#8243; sm=&#8220;12&#8243; xs=&#8220;12&#8243;]<\/p>\n<p style=\"text-align: center\"><img loading=\"lazy\" decoding=\"async\" class=\"alignnone wp-image-10076\" src=\"https:\/\/www.dynseo.com\/wp-content\/uploads\/2018\/10\/Coco.png\" alt=\"\" width=\"239\" height=\"264\" srcset=\"https:\/\/www.dynseo.com\/wp-content\/uploads\/2018\/10\/Coco.png 414w, https:\/\/www.dynseo.com\/wp-content\/uploads\/2018\/10\/Coco-272x300.png 272w\" sizes=\"(max-width: 239px) 100vw, 239px\" \/><br \/><span style=\"color: #526fa1\"><strong>Stim&#8217;Art Coco<\/strong><\/span><\/p>\n<p style=\"text-align: center\">Lernspiele f\u00fcr unsere Superhelden von 5 bis 10 Jahren<\/p>\n<\/p>\n<p style=\"text-align: center\">[\/column]<br \/>[column lg=&#8220;4&#8243; md=&#8220;12&#8243; sm=&#8220;12&#8243; xs=&#8220;12&#8243;]<\/p>\n<p style=\"text-align: center\"><img loading=\"lazy\" decoding=\"async\" class=\"alignnone wp-image-10078\" src=\"https:\/\/www.dynseo.com\/wp-content\/uploads\/2018\/10\/Joe.png\" alt=\"\" width=\"239\" height=\"271\" srcset=\"https:\/\/www.dynseo.com\/wp-content\/uploads\/2018\/10\/Joe.png 391w, https:\/\/www.dynseo.com\/wp-content\/uploads\/2018\/10\/Joe-265x300.png 265w\" sizes=\"(max-width: 239px) 100vw, 239px\" \/><br \/><span style=\"color: #526fa1\"><strong>Stim&#8217;Art Joe<\/strong><\/span><\/p>\n<p style=\"text-align: center\">Ein Tablet- oder Smartphone-basiertes Gehirntrainingsprogramm f\u00fcr Erwachsene in der Pr\u00e4vention<\/p>\n<\/p>\n<p style=\"text-align: center\">[\/column]<br \/>[column lg=&#8220;4&#8243; md=&#8220;12&#8243; sm=&#8220;12&#8243; xs=&#8220;12&#8243;]<\/p>\n<p style=\"text-align: center\"><span style=\"color: #666699\"><img loading=\"lazy\" decoding=\"async\" class=\"alignnone wp-image-10077\" src=\"https:\/\/www.dynseo.com\/wp-content\/uploads\/2018\/10\/Edith.png\" alt=\"\" width=\"277\" height=\"270\" srcset=\"https:\/\/www.dynseo.com\/wp-content\/uploads\/2018\/10\/Edith.png 458w, https:\/\/www.dynseo.com\/wp-content\/uploads\/2018\/10\/Edith-300x292.png 300w\" sizes=\"(max-width: 277px) 100vw, 277px\" \/><\/span><br \/><span style=\"color: #526fa1\"><strong>Stim&#8217;Art Edith<\/strong><\/span><\/p>\n<p style=\"text-align: center\">Angepasste Ged\u00e4chtnisspiele f\u00fcr Menschen mit <a href=\"https:\/\/www.dynseo.com\/avancees-dans-le-traitement-des-troubles-cognitifs-post-cancer\/\" title=\"Fortschritte bei der Behandlung von kognitiven St\u00f6rungen nach Krebs\">kognitiven St\u00f6rungen<\/a><\/p>\n<\/p>\n<p style=\"text-align: center\">\n<p style=\"text-align: center\">[\/column]<br \/>[\/row]<\/p>\n<h2> <\/h2>\n<h3 style=\"text-align: left\"><strong><span style=\"color: #526fa1\">Unsere anderen Programme k\u00f6nnten Sie auch interessieren<\/span><\/strong><\/h3>\n<p style=\"text-align: center\"><strong><span style=\"color: #526fa1\">[row]<br \/>[column lg=&#8220;4&#8243; md=&#8220;12&#8243; sm=&#8220;12&#8243; xs=&#8220;12&#8243;]<br \/><img loading=\"lazy\" decoding=\"async\" class=\"wp-image-7703 aligncenter lazyloaded\" src=\"https:\/\/www.dynseo.com\/wp-content\/uploads\/2015\/02\/mail-simple-etablissement.png\" alt=\"\" width=\"237\" height=\"210\" data-lazy-src=\"https:\/\/www.dynseo.com\/wp-content\/uploads\/2015\/02\/mail-simple-etablissement.png\" data-lazy-srcset=\"https:\/\/www.dynseo.com\/wp-content\/uploads\/2015\/02\/mail-simple-etablissement.png 1000w, https:\/\/www.dynseo.com\/wp-content\/uploads\/2015\/02\/mail-simple-etablissement-300x266.png 300w, https:\/\/www.dynseo.com\/wp-content\/uploads\/2015\/02\/mail-simple-etablissement-768x681.png 768w\" data-was-processed=\"true\"><span style=\"color: #526fa1\"><a style=\"color: #526fa1\" href=\"https:\/\/www.dynseo.com\/de\/dynseo-family-2\/\">Dynseo Family, das vereinfachte Messaging-System f\u00fcr den einfachen Austausch von Nachrichten und Fotos mit Ihren Lieben.<\/a><\/span><\/p>\n<p style=\"text-align: center\"><span style=\"text-align: center\">[\/column]<\/span><\/p>\n<p style=\"text-align: center\">[column lg=&#8220;4&#8243; md=&#8220;12&#8243; sm=&#8220;12&#8243; xs=&#8220;12&#8243;]<br \/><img loading=\"lazy\" decoding=\"async\" class=\"wp-image-9604 aligncenter\" src=\"https:\/\/www.dynseo.com\/wp-content\/uploads\/2018\/07\/souvenirs.png\" alt=\"Erinnerungen_an_Lebenshilfen\" width=\"263\" height=\"175\"><\/p>\n<p style=\"text-align: center\"><span style=\"color: #526fa1\"><a style=\"color: #526fa1\" href=\"https:\/\/www.dynseo.com\/nos-produits\/evocation-souvenirs\/\">E-Souvenirs, um die Entstehung und das Hervorrufen von Erinnerungen zu f\u00f6rdern.<\/a><\/span><br \/>[\/column]<br \/>[column lg=&#8220;4&#8243; md=&#8220;12&#8243; sm=&#8220;12&#8243; xs=&#8220;12&#8243;]<br \/><img loading=\"lazy\" decoding=\"async\" class=\"wp-image-9953 aligncenter\" src=\"https:\/\/www.dynseo.com\/wp-content\/uploads\/2018\/09\/BilleQuiRoule.png\" alt=\"\" width=\"263\" height=\"175\" srcset=\"https:\/\/www.dynseo.com\/wp-content\/uploads\/2018\/09\/BilleQuiRoule.png 625w, https:\/\/www.dynseo.com\/wp-content\/uploads\/2018\/09\/BilleQuiRoule-600x399.png 600w, https:\/\/www.dynseo.com\/wp-content\/uploads\/2018\/09\/BilleQuiRoule-300x200.png 300w\" sizes=\"(max-width: 263px) 100vw, 263px\" \/><\/p>\n<p style=\"text-align: center\"><span style=\"color: #526fa1\"><a style=\"color: #526fa1\" href=\"https:\/\/www.dynseo.com\/de\/die-rollende-kugel\/\">Die rollende Murmel, eine Tablet-Anwendung, die die Aufmerksamkeit und die Feinmotorik trainiert.<\/a><\/span><br \/>[\/column]<br \/>[\/row]<\/p>\n<h2> <\/h2>\n<h2> <\/h2>\n<h3 style=\"text-align: justify\"><span style=\"color: #526fa1\">Laden Sie alle unsere Anwendungen herunter und testen Sie sie kostenlos.<\/span><\/h3>\n<p>[row]<br \/>[column lg=&#8220;6&#8243; md=&#8220;12&#8243; sm=&#8220;12&#8243; xs=&#8220;12&#8243;]<br \/><a href=\"https:\/\/play.google.com\/store\/search?q=dynseo\"><img loading=\"lazy\" decoding=\"async\" class=\"aligncenter wp-image-17721 size-medium\" src=\"https:\/\/www.dynseo.com\/wp-content\/uploads\/\" alt=\"\" width=\"300\" height=\"110\"><\/a><br \/>[\/column]<br \/>[column lg=&#8220;6&#8243; md=&#8220;12&#8243; sm=&#8220;12&#8243; xs=&#8220;12&#8243;]<br \/><a href=\"https:\/\/apps.apple.com\/fr\/developer\/dynseo\/id1000639418\"><img loading=\"lazy\" decoding=\"async\" class=\"aligncenter wp-image-18329 size-medium\" style=\"color: #0000ee\" src=\"https:\/\/www.dynseo.com\/wp-content\/uploads\/2019\/01\/AppStore-1-300x104.png\" alt=\"\" width=\"300\" height=\"104\"><\/a><\/p>\n<p><span style=\"color: #0000ee\"><br \/><\/span>[\/column]<br \/>[\/row]<\/p>\n<p>[et_pb_code]{&#8222;@context&#8220;:&#8220;https:\/\/schema.org&#8220;,&#8220;@type&#8220;:&#8220;FAQPage&#8220;,&#8220;mainEntity&#8220;:[{&#8222;@type&#8220;:&#8220;Question&#8220;,&#8220;name&#8220;:&#8220;Qu&#8217;est-ce que Suzie et quel est son r\u00f4le ?&#8220;,&#8220;acceptedAnswer&#8220;:{&#8222;@type&#8220;:&#8220;Answer&#8220;,&#8220;text&#8220;:&#8220;Suzie est votre coach c\u00e9r\u00e9bral personnel qui vous accompagne jour apr\u00e8s jour gr\u00e2ce \u00e0 des exercices adapt\u00e9s et stimulants. Elle rend l&#8217;entra\u00eenement c\u00e9r\u00e9bral agr\u00e9able et propose des programmes personnalis\u00e9s selon vos besoins sp\u00e9cifiques.&#8220;}},{&#8222;@type&#8220;:&#8220;Question&#8220;,&#8220;name&#8220;:&#8220;Avec quels professionnels les programmes d&#8217;entra\u00eenement c\u00e9r\u00e9bral ont-ils \u00e9t\u00e9 d\u00e9velopp\u00e9s ?&#8220;,&#8220;acceptedAnswer&#8220;:{&#8222;@type&#8220;:&#8220;Answer&#8220;,&#8220;text&#8220;:&#8220;Les programmes ont \u00e9t\u00e9 con\u00e7us en collaboration avec des professionnels de sant\u00e9 sp\u00e9cialis\u00e9s : psychologues et neuropsychologues, orthophonistes, ergoth\u00e9rapeutes, g\u00e9riatres, m\u00e9decins coordinateurs et m\u00e9decins g\u00e9n\u00e9ralistes.&#8220;}},{&#8222;@type&#8220;:&#8220;Question&#8220;,&#8220;name&#8220;:&#8220;\u00c0 qui s&#8217;adresse le programme Stim&#8217;Art Coco ?&#8220;,&#8220;acceptedAnswer&#8220;:{&#8222;@type&#8220;:&#8220;Answer&#8220;,&#8220;text&#8220;:&#8220;Stim&#8217;Art Coco propose des jeux \u00e9ducatifs sp\u00e9cialement con\u00e7us pour les enfants de 5 \u00e0 10 ans, nos &#8222;super h\u00e9ros&#8220; en d\u00e9veloppement, avec des exercices adapt\u00e9s \u00e0 leur \u00e2ge.&#8220;}},{&#8222;@type&#8220;:&#8220;Question&#8220;,&#8220;name&#8220;:&#8220;Quel est l&#8217;objectif du programme Stim&#8217;Art Joe ?&#8220;,&#8220;acceptedAnswer&#8220;:{&#8222;@type&#8220;:&#8220;Answer&#8220;,&#8220;text&#8220;:&#8220;Stim&#8217;Art Joe est un programme d&#8217;entra\u00eenement c\u00e9r\u00e9bral sur tablette ou smartphone destin\u00e9 aux adultes dans un objectif de pr\u00e9vention des <a href=\"https:\/\/www.dynseo.com\/de\/fruhe-anzeichen-von-kognitiven-storungen-bei-multipler-sklerose\/\" title=\"Les signes pr\u00e9coces de troubles cognitifs dans la scl\u00e9rose en plaques\">troubles cognitifs<\/a>.&#8220;}},{&#8222;@type&#8220;:&#8220;Question&#8220;,&#8220;name&#8220;:&#8220;Pour qui le programme Stim&#8217;Art Edith a-t-il \u00e9t\u00e9 con\u00e7u ?&#8220;,&#8220;acceptedAnswer&#8220;:{&#8222;@type&#8220;:&#8220;Answer&#8220;,&#8220;text&#8220;:&#8220;Stim&#8217;Art Edith propose des jeux de m\u00e9moire sp\u00e9cialement adapt\u00e9s pour les personnes souffrant de <a href=\"https:\/\/www.dynseo.com\/gestion-des-troubles-cognitifs-chez-les-survivants-du-cancer-de-lestomac-2\/\" title=\"Gestion des troubles cognitifs chez les survivants du cancer de l&#039;estomac\">troubles cognitifs<\/a>, notamment pour accompagner la r\u00e9\u00e9ducation apr\u00e8s un AVC.&#8220;}},{&#8222;@type&#8220;:&#8220;Question&#8220;,&#8220;name&#8220;:&#8220;Comment les programmes d&#8217;entra\u00eenement c\u00e9r\u00e9bral s&#8217;adaptent-ils aux utilisateurs ?&#8220;,&#8220;acceptedAnswer&#8220;:{&#8222;@type&#8220;:&#8220;Answer&#8220;,&#8220;text&#8220;:&#8220;Chaque programme est personnalis\u00e9 et adapt\u00e9 aux capacit\u00e9s individuelles de l&#8217;utilisateur. Les jeux s&#8217;ajustent selon les besoins sp\u00e9cifiques, que ce soit pour canaliser l&#8217;attention d&#8217;un enfant ou accompagner la r\u00e9\u00e9ducation d&#8217;une personne apr\u00e8s un AVC.&#8220;}}]}[\/et_pb_code]<\/p>\n<p>[et_pb_code]<script type=\"application\/ld+json\">{\"@context\":\"https:\/\/schema.org\",\"@type\":\"FAQPage\",\"mainEntity\":[{\"@type\":\"Question\",\"name\":\"Wer ist Suzie und welche Rolle spielt sie beim Gehirntraining?\",\"acceptedAnswer\":{\"@type\":\"Answer\",\"text\":\"Suzie ist Ihr pers\u00f6nlicher Gehirntrainer, die Sie Tag f\u00fcr Tag mit angepassten und anregenden \u00dcbungen begleitet. Mit Suzie wird Gehirntraining zu einem Vergn\u00fcgen, da sie individuelle Programme f\u00fcr jeden Nutzer bereitstellt.\"}},{\"@type\":\"Question\",\"name\":\"Welche Fachkr\u00e4fte waren an der Entwicklung der Programme beteiligt?\",\"acceptedAnswer\":{\"@type\":\"Answer\",\"text\":\"Die Programme wurden in Zusammenarbeit mit verschiedenen Gesundheitsfachkr\u00e4ften entwickelt, darunter Psychologen und Neuropsychologen, Logop\u00e4den, Ergotherapeuten, Geriater, koordinierende \u00c4rzte und Allgemeinmediziner.\"}},{\"@type\":\"Question\",\"name\":\"F\u00fcr welche Altersgruppe ist Stim'Art Coco geeignet?\",\"acceptedAnswer\":{\"@type\":\"Answer\",\"text\":\"Stim'Art Coco ist ein Lernspiel-Programm, das speziell f\u00fcr unsere kleinen Superhelden im Alter von 5 bis 10 Jahren entwickelt wurde.\"}},{\"@type\":\"Question\",\"name\":\"Was ist Stim'Art Joe und wer kann es nutzen?\",\"acceptedAnswer\":{\"@type\":\"Answer\",\"text\":\"Stim'Art Joe ist ein Tablet- oder Smartphone-basiertes Gehirntrainingsprogramm, das speziell f\u00fcr Erwachsene zur Pr\u00e4vention entwickelt wurde.\"}},{\"@type\":\"Question\",\"name\":\"Wof\u00fcr ist Stim'Art Edith konzipiert?\",\"acceptedAnswer\":{\"@type\":\"Answer\",\"text\":\"Stim'Art Edith bietet angepasste Ged\u00e4chtnisspiele f\u00fcr Menschen mit kognitiven St\u00f6rungen und unterst\u00fctzt bei der Rehabilitation, beispielsweise nach einem Schlaganfall.\"}},{\"@type\":\"Question\",\"name\":\"Welche zus\u00e4tzlichen Programme bietet DYNSEO neben den Hauptprogrammen an?\",\"acceptedAnswer\":{\"@type\":\"Answer\",\"text\":\"DYNSEO bietet zus\u00e4tzlich Dynseo Family (ein vereinfachtes Messaging-System f\u00fcr den Austausch mit Angeh\u00f6rigen), E-Souvenirs (zur F\u00f6rderung von Erinnerungen) und Die rollende Murmel (eine Tablet-Anwendung f\u00fcr Aufmerksamkeits- und Feinmotorik-Training) an.\"}}]}<\/script>[\/et_pb_code]<\/p>\n","protected":false},"excerpt":{"rendered":"<p>EIN INDIVIDUELLES GEHIRNTRAINING Mit Suzie, Ihrem Gehirntrainer, ist Gehirntraining ein Vergn\u00fcgen! Suzie begleitet Sie Tag f\u00fcr Tag mit angepassten und anregenden \u00dcbungen. F\u00fcr jeden das richtige Programm! In der Tat wurde jedes entworfene Programm Hand in Hand mit :- auf der einen Seite der Endnutzer: Kinder, Erwachsene, Senioren- auf der anderen Seite Gesundheitsfachkr\u00e4fte: Psychologen und [&hellip;]<\/p>\n","protected":false},"author":4,"featured_media":130227,"parent":0,"menu_order":0,"comment_status":"closed","ping_status":"closed","template":"","meta":{"_et_pb_use_builder":"on","_et_pb_old_content":"","_et_gb_content_width":"","footnotes":""},"class_list":["post-448315","page","type-page","status-publish","has-post-thumbnail","hentry"],"yoast_head":"<!-- This site is optimized with the Yoast SEO plugin v27.3 - https:\/\/yoast.com\/product\/yoast-seo-wordpress\/ -->\n<title>Stim&#039;Art, ein personalisiertes Gehirntraining<\/title>\n<meta name=\"description\" content=\"Mit der Hilfe von Suzie, Ihrem Gehirntrainer, erhalten Sie ein auf Sie zugeschnittenes Gehirntrainingsprogramm auf Ihrem Tablet und Smartphone. Suzie begleitet Sie bei Ihren Fortschritten!\" \/>\n<meta name=\"robots\" content=\"index, follow, max-snippet:-1, max-image-preview:large, max-video-preview:-1\" \/>\n<link rel=\"canonical\" href=\"https:\/\/www.dynseo.com\/de\/privatpersonen\/\" \/>\n<meta property=\"og:locale\" content=\"de_DE\" \/>\n<meta property=\"og:type\" content=\"article\" \/>\n<meta property=\"og:title\" content=\"Stim&#039;Art, ein personalisiertes Gehirntraining\" \/>\n<meta property=\"og:description\" content=\"Mit der Hilfe von Suzie, Ihrem Gehirntrainer, erhalten Sie ein auf Sie zugeschnittenes Gehirntrainingsprogramm auf Ihrem Tablet und Smartphone. Suzie begleitet Sie bei Ihren Fortschritten!\" \/>\n<meta property=\"og:url\" content=\"https:\/\/www.dynseo.com\/de\/privatpersonen\/\" \/>\n<meta property=\"og:site_name\" content=\"DYNSEO - Lern-App und Memory-Spiele\" \/>\n<meta property=\"article:modified_time\" content=\"2026-01-09T10:11:23+00:00\" \/>\n<meta property=\"og:image\" content=\"https:\/\/www.dynseo.com\/wp-content\/uploads\/2024\/07\/Article-pour-jeux-de-memoire-et-services-educatifs-sur-tablette-1.png\" \/>\n\t<meta property=\"og:image:width\" content=\"2000\" \/>\n\t<meta property=\"og:image:height\" content=\"1500\" \/>\n\t<meta property=\"og:image:type\" content=\"image\/png\" \/>\n<meta name=\"twitter:label1\" content=\"Gesch\u00e4tzte Lesezeit\" \/>\n\t<meta name=\"twitter:data1\" content=\"3\u00a0Minuten\" \/>\n<script type=\"application\/ld+json\" class=\"yoast-schema-graph\">{\"@context\":\"https:\\\/\\\/schema.org\",\"@graph\":[{\"@type\":\"WebPage\",\"@id\":\"https:\\\/\\\/www.dynseo.com\\\/de\\\/privatpersonen\\\/\",\"url\":\"https:\\\/\\\/www.dynseo.com\\\/de\\\/privatpersonen\\\/\",\"name\":\"Stim'Art, ein personalisiertes Gehirntraining\",\"isPartOf\":{\"@id\":\"https:\\\/\\\/www.dynseo.com\\\/de\\\/#website\"},\"primaryImageOfPage\":{\"@id\":\"https:\\\/\\\/www.dynseo.com\\\/de\\\/privatpersonen\\\/#primaryimage\"},\"image\":{\"@id\":\"https:\\\/\\\/www.dynseo.com\\\/de\\\/privatpersonen\\\/#primaryimage\"},\"thumbnailUrl\":\"https:\\\/\\\/www.dynseo.com\\\/wp-content\\\/uploads\\\/2024\\\/07\\\/Article-pour-jeux-de-memoire-et-services-educatifs-sur-tablette-1.png\",\"datePublished\":\"2025-12-19T11:32:19+00:00\",\"dateModified\":\"2026-01-09T10:11:23+00:00\",\"description\":\"Mit der Hilfe von Suzie, Ihrem Gehirntrainer, erhalten Sie ein auf Sie zugeschnittenes Gehirntrainingsprogramm auf Ihrem Tablet und Smartphone. Suzie begleitet Sie bei Ihren Fortschritten!\",\"breadcrumb\":{\"@id\":\"https:\\\/\\\/www.dynseo.com\\\/de\\\/privatpersonen\\\/#breadcrumb\"},\"inLanguage\":\"de\",\"potentialAction\":[{\"@type\":\"ReadAction\",\"target\":[\"https:\\\/\\\/www.dynseo.com\\\/de\\\/privatpersonen\\\/\"]}]},{\"@type\":\"ImageObject\",\"inLanguage\":\"de\",\"@id\":\"https:\\\/\\\/www.dynseo.com\\\/de\\\/privatpersonen\\\/#primaryimage\",\"url\":\"https:\\\/\\\/www.dynseo.com\\\/wp-content\\\/uploads\\\/2024\\\/07\\\/Article-pour-jeux-de-memoire-et-services-educatifs-sur-tablette-1.png\",\"contentUrl\":\"https:\\\/\\\/www.dynseo.com\\\/wp-content\\\/uploads\\\/2024\\\/07\\\/Article-pour-jeux-de-memoire-et-services-educatifs-sur-tablette-1.png\",\"width\":2000,\"height\":1500,\"caption\":\"Pflegen Sie Ihre geistige Beweglichkeit durch unsere Aktivit\u00e4ten, die Sie bereichern werden.\"},{\"@type\":\"BreadcrumbList\",\"@id\":\"https:\\\/\\\/www.dynseo.com\\\/de\\\/privatpersonen\\\/#breadcrumb\",\"itemListElement\":[{\"@type\":\"ListItem\",\"position\":1,\"name\":\"Accueil\",\"item\":\"https:\\\/\\\/www.dynseo.com\\\/de\\\/\"},{\"@type\":\"ListItem\",\"position\":2,\"name\":\"Privatpersonen\"}]},{\"@type\":\"WebSite\",\"@id\":\"https:\\\/\\\/www.dynseo.com\\\/de\\\/#website\",\"url\":\"https:\\\/\\\/www.dynseo.com\\\/de\\\/\",\"name\":\"Jeux de m\u00e9moire et stimulation cognitive\",\"description\":\"Entra\u00eenez votre m\u00e9moire et votre cerveau avec DYNSEO\",\"publisher\":{\"@id\":\"https:\\\/\\\/www.dynseo.com\\\/de\\\/#organization\"},\"potentialAction\":[{\"@type\":\"SearchAction\",\"target\":{\"@type\":\"EntryPoint\",\"urlTemplate\":\"https:\\\/\\\/www.dynseo.com\\\/de\\\/?s={search_term_string}\"},\"query-input\":{\"@type\":\"PropertyValueSpecification\",\"valueRequired\":true,\"valueName\":\"search_term_string\"}}],\"inLanguage\":\"de\"},{\"@type\":\"Organization\",\"@id\":\"https:\\\/\\\/www.dynseo.com\\\/de\\\/#organization\",\"name\":\"DYNSEO\",\"url\":\"https:\\\/\\\/www.dynseo.com\\\/de\\\/\",\"logo\":{\"@type\":\"ImageObject\",\"inLanguage\":\"de\",\"@id\":\"https:\\\/\\\/www.dynseo.com\\\/de\\\/#\\\/schema\\\/logo\\\/image\\\/\",\"url\":\"https:\\\/\\\/www.dynseo.com\\\/wp-content\\\/uploads\\\/2022\\\/05\\\/logo-dynseo-new.png\",\"contentUrl\":\"https:\\\/\\\/www.dynseo.com\\\/wp-content\\\/uploads\\\/2022\\\/05\\\/logo-dynseo-new.png\",\"width\":5073,\"height\":1397,\"caption\":\"DYNSEO\"},\"image\":{\"@id\":\"https:\\\/\\\/www.dynseo.com\\\/de\\\/#\\\/schema\\\/logo\\\/image\\\/\"}}]}<\/script>\n<!-- \/ Yoast SEO plugin. -->","yoast_head_json":{"title":"Stim'Art, ein personalisiertes Gehirntraining","description":"Mit der Hilfe von Suzie, Ihrem Gehirntrainer, erhalten Sie ein auf Sie zugeschnittenes Gehirntrainingsprogramm auf Ihrem Tablet und Smartphone. Suzie begleitet Sie bei Ihren Fortschritten!","robots":{"index":"index","follow":"follow","max-snippet":"max-snippet:-1","max-image-preview":"max-image-preview:large","max-video-preview":"max-video-preview:-1"},"canonical":"https:\/\/www.dynseo.com\/de\/privatpersonen\/","og_locale":"de_DE","og_type":"article","og_title":"Stim'Art, ein personalisiertes Gehirntraining","og_description":"Mit der Hilfe von Suzie, Ihrem Gehirntrainer, erhalten Sie ein auf Sie zugeschnittenes Gehirntrainingsprogramm auf Ihrem Tablet und Smartphone. Suzie begleitet Sie bei Ihren Fortschritten!","og_url":"https:\/\/www.dynseo.com\/de\/privatpersonen\/","og_site_name":"DYNSEO - Lern-App und Memory-Spiele","article_modified_time":"2026-01-09T10:11:23+00:00","og_image":[{"width":2000,"height":1500,"url":"https:\/\/www.dynseo.com\/wp-content\/uploads\/2024\/07\/Article-pour-jeux-de-memoire-et-services-educatifs-sur-tablette-1.png","type":"image\/png"}],"twitter_misc":{"Gesch\u00e4tzte Lesezeit":"3\u00a0Minuten"},"schema":{"@context":"https:\/\/schema.org","@graph":[{"@type":"WebPage","@id":"https:\/\/www.dynseo.com\/de\/privatpersonen\/","url":"https:\/\/www.dynseo.com\/de\/privatpersonen\/","name":"Stim'Art, ein personalisiertes Gehirntraining","isPartOf":{"@id":"https:\/\/www.dynseo.com\/de\/#website"},"primaryImageOfPage":{"@id":"https:\/\/www.dynseo.com\/de\/privatpersonen\/#primaryimage"},"image":{"@id":"https:\/\/www.dynseo.com\/de\/privatpersonen\/#primaryimage"},"thumbnailUrl":"https:\/\/www.dynseo.com\/wp-content\/uploads\/2024\/07\/Article-pour-jeux-de-memoire-et-services-educatifs-sur-tablette-1.png","datePublished":"2025-12-19T11:32:19+00:00","dateModified":"2026-01-09T10:11:23+00:00","description":"Mit der Hilfe von Suzie, Ihrem Gehirntrainer, erhalten Sie ein auf Sie zugeschnittenes Gehirntrainingsprogramm auf Ihrem Tablet und Smartphone. Suzie begleitet Sie bei Ihren Fortschritten!","breadcrumb":{"@id":"https:\/\/www.dynseo.com\/de\/privatpersonen\/#breadcrumb"},"inLanguage":"de","potentialAction":[{"@type":"ReadAction","target":["https:\/\/www.dynseo.com\/de\/privatpersonen\/"]}]},{"@type":"ImageObject","inLanguage":"de","@id":"https:\/\/www.dynseo.com\/de\/privatpersonen\/#primaryimage","url":"https:\/\/www.dynseo.com\/wp-content\/uploads\/2024\/07\/Article-pour-jeux-de-memoire-et-services-educatifs-sur-tablette-1.png","contentUrl":"https:\/\/www.dynseo.com\/wp-content\/uploads\/2024\/07\/Article-pour-jeux-de-memoire-et-services-educatifs-sur-tablette-1.png","width":2000,"height":1500,"caption":"Pflegen Sie Ihre geistige Beweglichkeit durch unsere Aktivit\u00e4ten, die Sie bereichern werden."},{"@type":"BreadcrumbList","@id":"https:\/\/www.dynseo.com\/de\/privatpersonen\/#breadcrumb","itemListElement":[{"@type":"ListItem","position":1,"name":"Accueil","item":"https:\/\/www.dynseo.com\/de\/"},{"@type":"ListItem","position":2,"name":"Privatpersonen"}]},{"@type":"WebSite","@id":"https:\/\/www.dynseo.com\/de\/#website","url":"https:\/\/www.dynseo.com\/de\/","name":"Jeux de m\u00e9moire et stimulation cognitive","description":"Entra\u00eenez votre m\u00e9moire et votre cerveau avec DYNSEO","publisher":{"@id":"https:\/\/www.dynseo.com\/de\/#organization"},"potentialAction":[{"@type":"SearchAction","target":{"@type":"EntryPoint","urlTemplate":"https:\/\/www.dynseo.com\/de\/?s={search_term_string}"},"query-input":{"@type":"PropertyValueSpecification","valueRequired":true,"valueName":"search_term_string"}}],"inLanguage":"de"},{"@type":"Organization","@id":"https:\/\/www.dynseo.com\/de\/#organization","name":"DYNSEO","url":"https:\/\/www.dynseo.com\/de\/","logo":{"@type":"ImageObject","inLanguage":"de","@id":"https:\/\/www.dynseo.com\/de\/#\/schema\/logo\/image\/","url":"https:\/\/www.dynseo.com\/wp-content\/uploads\/2022\/05\/logo-dynseo-new.png","contentUrl":"https:\/\/www.dynseo.com\/wp-content\/uploads\/2022\/05\/logo-dynseo-new.png","width":5073,"height":1397,"caption":"DYNSEO"},"image":{"@id":"https:\/\/www.dynseo.com\/de\/#\/schema\/logo\/image\/"}}]}},"_links":{"self":[{"href":"https:\/\/www.dynseo.com\/de\/wp-json\/wp\/v2\/pages\/448315","targetHints":{"allow":["GET"]}}],"collection":[{"href":"https:\/\/www.dynseo.com\/de\/wp-json\/wp\/v2\/pages"}],"about":[{"href":"https:\/\/www.dynseo.com\/de\/wp-json\/wp\/v2\/types\/page"}],"author":[{"embeddable":true,"href":"https:\/\/www.dynseo.com\/de\/wp-json\/wp\/v2\/users\/4"}],"replies":[{"embeddable":true,"href":"https:\/\/www.dynseo.com\/de\/wp-json\/wp\/v2\/comments?post=448315"}],"version-history":[{"count":4,"href":"https:\/\/www.dynseo.com\/de\/wp-json\/wp\/v2\/pages\/448315\/revisions"}],"predecessor-version":[{"id":478242,"href":"https:\/\/www.dynseo.com\/de\/wp-json\/wp\/v2\/pages\/448315\/revisions\/478242"}],"wp:featuredmedia":[{"embeddable":true,"href":"https:\/\/www.dynseo.com\/de\/wp-json\/wp\/v2\/media\/130227"}],"wp:attachment":[{"href":"https:\/\/www.dynseo.com\/de\/wp-json\/wp\/v2\/media?parent=448315"}],"curies":[{"name":"wp","href":"https:\/\/api.w.org\/{rel}","templated":true}]}}