{"id":487478,"date":"2026-01-20T20:14:43","date_gmt":"2026-01-20T19:14:43","guid":{"rendered":"https:\/\/www.dynseo.com\/die-aggir-tabelle\/"},"modified":"2026-01-20T20:14:43","modified_gmt":"2026-01-20T19:14:43","slug":"die-aggir-tabelle","status":"publish","type":"page","link":"https:\/\/www.dynseo.com\/de\/die-aggir-tabelle\/","title":{"rendered":"Die AGGIR-Tabelle"},"content":{"rendered":"<h2><span style=\"color: #000000;\">Die AGGIR-Matrix auf <a href=\"https:\/\/www.dynseo.com\/de\/tablet-innovationen-fuer-altenpflegeheime-und-pflegeheime\/\" title=\"Innovationen auf Tablet f\u00fcr SSIAD und SAAD\">Tablet<\/a> und Smartphones<\/span><\/h2>\n<p>Die <strong><a href=\"https:\/\/play.google.com\/store\/apps\/details?id=com.dynseo.fr.testgrilleaggir\" target=\"_blank\" rel=\"noopener\">AGGIR-Matrix<\/a><\/strong> ist eine Bewertungsma\u00dfnahme, die es erm\u00f6glicht, das Niveau der Autonomie oder Abh\u00e4ngigkeit \u00e4lterer Menschen bei der Durchf\u00fchrung von Aufgaben und Handlungen des t\u00e4glichen Lebens <a href=\"https:\/\/www.dynseo.com\/limpact-de-la-dmla-sur-la-vie-quotidienne-comprendre-gerer-et-vivre-avec\/\" title=\"Die Auswirkungen von AMD auf das t\u00e4gliche Leben: verstehen, managen und leben mit\">zu bewerten<\/a>. Dies wird gemeinhin als Berechnung des GIR bezeichnet.<\/p>\n<p>Das AGGIR-Modell (Geriatrische Autonomie und Iso-Ressourcen-Gruppen) erm\u00f6glicht es, schnell das Niveau der <strong>Abh\u00e4ngigkeit<\/strong> und <strong>Autonomie<\/strong> einer <a href=\"https:\/\/www.dynseo.com\/de\/mit-einer-person-mit-down-syndrom-arbeiten-tipps-fuer-eine-effektive-betreuung\/\" title=\"Mit einer Person mit Down-Syndrom arbeiten: Tipps f\u00fcr eine effektive Betreuung\">\u00e4lteren Person<\/a> zu bestimmen.<\/p>\n<p>Dies erm\u00f6glicht die Bestimmung von:<\/p>\n<p>&#8211; Den vom Staat gew\u00e4hrten Leistungen sowie<\/p>\n<p>&#8211; Den GIR-Kategorien, die das erforderliche Ma\u00df an Unterst\u00fctzung f\u00fcr eine <a href=\"https:\/\/www.dynseo.com\/de\/eine-verbindung-zu-einer-an-alzheimer-erkrankten-person-herstellen\/\" title=\"Eine Beziehung zu einer Person mit Alzheimer aufzubauen\">\u00e4ltere Person<\/a> sowohl im <a href=\"https:\/\/www.dynseo.com\/zh-hans\/%e5%85%bb%e8%80%81%e9%99%a2%e6%88%96%e5%ae%b6%e5%ba%ad%e6%8a%a4%e7%90%86%ef%bc%9a%e9%80%89%e6%8b%a9%e5%93%aa%e4%ba%9b%e8%a7%a3%e5%86%b3%e6%96%b9%e6%a1%88%ef%bc%9f\/\" title=\"EHPAD oder h\u00e4usliche Pflege: welche L\u00f6sungen w\u00e4hlen?\">EHPAD<\/a> als auch zu Hause <a href=\"https:\/\/www.dynseo.com\/conseils-pour-les-soignants-soutenir-la-reeducation-cognitive-a-domicile-2\/\" title=\"Tipps f\u00fcr Pflegekr\u00e4fte: Unterst\u00fctzung der kognitiven Rehabilitation zu Hause\">zu Hause<\/a> bestimmen.<\/p>\n<p><img class=\"wp-image-4742 aligncenter\" %%SRC_13%% alt=\"tablette1\" width=\"601\" height=\"533\" \/><\/p>\n<p>Diese Matrix liegt in Form eines Fragebogens vor, der es erm\u00f6glicht, die Individuen in 3 gro\u00dfe Kategorien zu klassifizieren:<\/p>\n<ul>\n<li>Keine Autonomieverlust<\/li>\n<li>Teilweiser Autonomieverlust<\/li>\n<li>Starker Autonomieverlust<\/li>\n<\/ul>\n<p>und einen GIR-Score zu erhalten, der von GIR 1 (vollst\u00e4ndige Abh\u00e4ngigkeit) bis GIR 6 (vollst\u00e4ndige Autonomie) reicht.<\/p>\n<p><img class=\"wp-image-4745 aligncenter\" %%SRC_14%% alt=\"tablette5\" width=\"601\" height=\"533\" \/><\/p>\n<p>Jede Antwort, die Sie eingeben, wird kurz auf dem Bildschirm angezeigt, um Ihnen zu helfen, den AGGIR-Test besser <a href=\"https:\/\/www.dynseo.com\/de\/wie-das-gehirn-sich-mit-alzheimer-veraendert-einfache-und-visuelle-erklaerung-um-ihren-anhaenger-zu-verstehen\/\" title=\"Wie sich das Gehirn mit Alzheimer ver\u00e4ndert: einfache und visuelle Erkl\u00e4rung, um Ihren Angeh\u00f6rigen zu verstehen\">zu verstehen<\/a>.<\/p>\n<p><img class=\"wp-image-4744 aligncenter\" %%SRC_15%% alt=\"tablette4\" width=\"601\" height=\"533\" \/><\/p>\n<p>&nbsp;<\/p>\n<p>Eine Erkl\u00e4rung ist vorhanden, um Ihnen zu helfen, jede Frage bestm\u00f6glich zu beantworten.<\/p>\n<p><img class=\"wp-image-4747 aligncenter\" %%SRC_16%% alt=\"La grille AGGIR-joe-edith-app-adulte-application-entrainement-cerebral-coach-jeux-cerebraux-jeu-cognitif-logique-culture-memoire-fun-dynseo-ludique-animation-personnes-agees-alz-alzheimer-activites-senior-activite-seniors-stimulation-tablette-smartphone\" width=\"601\" height=\"533\" \/><\/p>\n<p>Die Anwendung ist kostenlos und erm\u00f6glicht es Ihnen, so viele AGGIR-Tests durchzuf\u00fchren, wie Sie m\u00f6chten, und bietet Ihnen eine detaillierte Erkl\u00e4rung zu jedem der Ergebnisse. Das Ergebnis des Tests ist sofort sichtbar und wird nicht gespeichert, um die Vertraulichkeit Ihrer Daten zu wahren.<\/p>\n<p><img class=\"wp-image-4749 aligncenter\" %%SRC_17%% alt=\"La grille AGGIR-joe-edith-app-adulte-application-entrainement-cerebral-coach-jeux-cerebraux-jeu-cognitif-logique-culture-memoire-fun-dynseo-ludique-animation-personnes-agees-alz-alzheimer-activites-senior-activite-seniors-stimulation-tablette-smartphone\" width=\"592\" height=\"525\" \/><\/p>\n<p>&nbsp;<\/p>\n<h2><span style=\"color: #000000;\">Die AGGIR-Matrix auch auf Smartphone verf\u00fcgbar<\/span><\/h2>\n<p>Sie k\u00f6nnen auch Ihre AGGIR-Matrizen \u00fcber Ihr Mobiltelefon erstellen:<\/p>\n<p><img class=\"wp-image-4759 aligncenter\" %%SRC_18%% alt=\"La grille AGGIR-joe-edith-app-adulte-application-entrainement-cerebral-coach-jeux-cerebraux-jeu-cognitif-logique-culture-memoire-fun-dynseo-ludique-animation-personnes-agees-alz-alzheimer-activites-senior-activite-seniors-stimulation-tablette-smartphone\" width=\"266\" height=\"198\" \/><\/p>\n<p><img class=\"wp-image-4760 aligncenter\" %%SRC_19%% alt=\"La grille AGGIR-joe-edith-app-adulte-application-entrainement-cerebral-coach-jeux-cerebraux-jeu-cognitif-logique-culture-memoire-fun-dynseo-ludique-animation-personnes-agees-alz-alzheimer-activites-senior-activite-seniors-stimulation-tablette-smartphone\" width=\"262\" height=\"195\" \/><\/p>\n<p>&nbsp;<\/p>\n<h2><span style=\"color: #000000;\"><strong><a style=\"color: #000000;\" href=\"https:\/\/www.dynseo.com\/de\/die-aggir-tabelle\/\">Laden Sie die Android-App kostenlos herunter<\/a><\/strong><\/span><\/h2>\n<p>&nbsp;<\/p>\n<p><a href=\"https:\/\/play.google.com\/store\/apps\/details?id=com.dynseo.fr.testgrilleaggir\" target=\"_blank\" rel=\"noopener\"><img class=\"wp-image-3272 aligncenter\" %%SRC_20%% alt=\"playstore dynseo\" width=\"97\" height=\"124\" \/><\/a><\/p>\n<p>&nbsp;<\/p>\n<p>&nbsp;<\/p>\n<p>&nbsp;<\/p>\n<h2>F\u00fchren Sie eine Simulation in wenigen Klicks durch<\/h2>\n<p>Die Anwendung erm\u00f6glicht es Ihnen, wenn Sie m\u00f6chten, eine einfache Simulation durchzuf\u00fchren.<\/p>\n<p>Diese Simulation wird Ihnen helfen, Ihre Fragen zur Autonomie einer \u00e4lteren Person zu beantworten. Wenn Sie in Ihrem Umfeld einen Angeh\u00f6rigen haben, bei dem Sie an der Autonomie zweifeln, ist es in der Tat wichtig, sich zu positionieren und sich schnell ein Bild vom Lebensniveau dieser Person zu machen.<\/p>\n<p>Autonomie ist f\u00fcr uns lebenswichtig, und jede Person ben\u00f6tigt sie f\u00fcr Hygiene, Ern\u00e4hrung sowie f\u00fcr alle Bewegungen, die den Kauf von lebensnotwendigen G\u00fctern mit sich bringen. Es ist wichtig, eine Person nicht allein zu lassen, wenn man an ihrer Autonomie zweifelt: Ein Haushaltsunfall kann schnell passieren und sich in einigen F\u00e4llen als schwerwiegend herausstellen.<\/p>\n<p>Die Simulation <a href=\"https:\/\/www.santeenfrance.fr\/pages\/gir\">Berechnung des GIR<\/a> ist schnell, einfach und effektiv: So wissen Sie, ob die Person, an die Sie denken, Unterst\u00fctzung oder die Hilfe eines Gesundheitsfachmanns ben\u00f6tigt, um sie bei ihren t\u00e4glichen Aufgaben zu unterst\u00fctzen. Das Ergebnis der Simulation dient nur als Hinweis, und Sie werden <a href=\"https:\/\/www.dynseo.com\/apathie-et-demotivation-stimuler-sans-brusquer-la-personne-malade\/\" title=\"Apathie und Demotivation: Die Person krank zu stimulieren, ohne sie zu dr\u00e4ngen\">zweifellos<\/a> nach Erfassung der Informationen die Meinung eines Fachmanns ben\u00f6tigen.<\/p>\n<p>Eine Unterst\u00fctzung f\u00fcr die Person wird dringend empfohlen, wenn Ihr Endergebnis auf eine Abh\u00e4ngigkeit, selbst eine leichte, hinweist.<\/p>\n<p>[et_pb_code]<script type=\"application\/ld+json\">{\"@context\":\"https:\/\/schema.org\",\"@type\":\"FAQPage\",\"mainEntity\":[{\"@type\":\"Question\",\"name\":\"Qu'est-ce que la grille AGGIR ?\",\"acceptedAnswer\":{\"@type\":\"Answer\",\"text\":\"La grille AGGIR est une \u00e9chelle d'\u00e9valuation permettant d'\u00e9valuer le niveau d'autonomie ou de d\u00e9pendance des personnes \u00e2g\u00e9es dans la r\u00e9alisation des t\u00e2ches et actes de la vie quotidienne. AGGIR signifie Autonomie G\u00e9rontologique et Groupes Iso-Ressources.\"}},{\"@type\":\"Question\",\"name\":\"\u00c0 quoi sert le calcul du GIR ?\",\"acceptedAnswer\":{\"@type\":\"Answer\",\"text\":\"Le calcul du GIR permet de d\u00e9terminer les indemnit\u00e9s allou\u00e9es par l'\u00c9tat ainsi que les cat\u00e9gories GIR, qui d\u00e9terminent le niveau de suivi requis par une personne \u00e2g\u00e9e tant en EHPAD qu'\u00e0 domicile.\"}},{\"@type\":\"Question\",\"name\":\"<a href=\"https:\/\/www.dynseo.com\/de\/hoerverlust-loesungen\/\" title=\"Quelles solutions en cas de perte d\u2019audition ?\">Quelles<\/a> sont les 3 grandes cat\u00e9gories d'\u00e9valuation de la grille AGGIR ?\",\"acceptedAnswer\":{\"@type\":\"Answer\",\"text\":\"La grille AGGIR classe les individus en 3 grandes cat\u00e9gories : l'absence de perte d'autonomie, la perte d'autonomie partielle, et la forte perte d'autonomie.\"}},{\"@type\":\"Question\",\"name\":\"Comment fonctionne le syst\u00e8me de score GIR ?\",\"acceptedAnswer\":{\"@type\":\"Answer\",\"text\":\"Le score GIR va de GIR 1 (d\u00e9pendance totale) \u00e0 GIR 6 (autonomie totale). Plus le chiffre est bas, plus le niveau de d\u00e9pendance est \u00e9lev\u00e9.\"}},{\"@type\":\"Question\",\"name\":\"L'application de la grille AGGIR est-elle payante ?\",\"acceptedAnswer\":{\"@type\":\"Answer\",\"text\":\"Non, l'application est gratuite et permet d'effectuer autant de tests AGGIR que vous le souhaitez. Elle propose une explication d\u00e9taill\u00e9e de chacun des r\u00e9sultats.\"}},{\"@type\":\"Question\",\"name\":\"Les donn\u00e9es du test AGGIR sont-elles conserv\u00e9es ?\",\"acceptedAnswer\":{\"@type\":\"Answer\",\"text\":\"Non, le r\u00e9sultat du test est imm\u00e9diatement visible et n'est pas stock\u00e9 afin de respecter la confidentialit\u00e9 de vos donn\u00e9es.\"}}]}<\/script>[\/et_pb_code]<\/p>\n","protected":false},"excerpt":{"rendered":"<p>Die AGGIR-Matrix auf Tablet und Smartphones Die AGGIR-Matrix ist eine Bewertungsma\u00dfnahme, die es erm\u00f6glicht, das Niveau der Autonomie oder Abh\u00e4ngigkeit \u00e4lterer Menschen bei der Durchf\u00fchrung von Aufgaben und Handlungen des t\u00e4glichen Lebens zu bewerten. Dies wird gemeinhin als Berechnung des GIR bezeichnet. Das AGGIR-Modell (Geriatrische Autonomie und Iso-Ressourcen-Gruppen) erm\u00f6glicht es, schnell das Niveau der Abh\u00e4ngigkeit [&hellip;]<\/p>\n","protected":false},"author":4,"featured_media":3870,"parent":0,"menu_order":0,"comment_status":"closed","ping_status":"closed","template":"","meta":{"_et_pb_use_builder":"","_et_pb_old_content":"","_et_gb_content_width":"","footnotes":""},"class_list":["post-487478","page","type-page","status-publish","has-post-thumbnail","hentry"],"yoast_head":"<!-- This site is optimized with the Yoast SEO plugin v27.4 - https:\/\/yoast.com\/product\/yoast-seo-wordpress\/ -->\n<title>Die AGGIR-Tabelle - DYNSEO - Lern-App und Memory-Spiele<\/title>\n<meta name=\"robots\" content=\"index, follow, max-snippet:-1, max-image-preview:large, max-video-preview:-1\" \/>\n<link rel=\"canonical\" href=\"https:\/\/www.dynseo.com\/de\/die-aggir-tabelle\/\" \/>\n<meta property=\"og:locale\" content=\"de_DE\" \/>\n<meta property=\"og:type\" content=\"article\" \/>\n<meta property=\"og:title\" content=\"Die AGGIR-Tabelle - DYNSEO - Lern-App und Memory-Spiele\" \/>\n<meta property=\"og:description\" content=\"Die AGGIR-Matrix auf Tablet und Smartphones Die AGGIR-Matrix ist eine Bewertungsma\u00dfnahme, die es erm\u00f6glicht, das Niveau der Autonomie oder Abh\u00e4ngigkeit \u00e4lterer Menschen bei der Durchf\u00fchrung von Aufgaben und Handlungen des t\u00e4glichen Lebens zu bewerten. Dies wird gemeinhin als Berechnung des GIR bezeichnet. Das AGGIR-Modell (Geriatrische Autonomie und Iso-Ressourcen-Gruppen) erm\u00f6glicht es, schnell das Niveau der Abh\u00e4ngigkeit [&hellip;]\" \/>\n<meta property=\"og:url\" content=\"https:\/\/www.dynseo.com\/de\/die-aggir-tabelle\/\" \/>\n<meta property=\"og:site_name\" content=\"DYNSEO - Lern-App und Memory-Spiele\" \/>\n<meta property=\"og:image\" content=\"https:\/\/www.dynseo.com\/wp-content\/uploads\/2024\/07\/Article-pour-jeux-de-memoire-et-services-educatifs-sur-tablette-1.png\" \/>\n\t<meta property=\"og:image:width\" content=\"2000\" \/>\n\t<meta property=\"og:image:height\" content=\"1500\" \/>\n\t<meta property=\"og:image:type\" content=\"image\/png\" \/>\n<meta name=\"twitter:label1\" content=\"Gesch\u00e4tzte Lesezeit\" \/>\n\t<meta name=\"twitter:data1\" content=\"2\u00a0Minuten\" \/>\n<script type=\"application\/ld+json\" class=\"yoast-schema-graph\">{\"@context\":\"https:\\\/\\\/schema.org\",\"@graph\":[{\"@type\":\"WebPage\",\"@id\":\"https:\\\/\\\/www.dynseo.com\\\/de\\\/die-aggir-tabelle\\\/\",\"url\":\"https:\\\/\\\/www.dynseo.com\\\/de\\\/die-aggir-tabelle\\\/\",\"name\":\"Die AGGIR-Tabelle - DYNSEO - Lern-App und Memory-Spiele\",\"isPartOf\":{\"@id\":\"https:\\\/\\\/www.dynseo.com\\\/de\\\/#website\"},\"primaryImageOfPage\":{\"@id\":\"https:\\\/\\\/www.dynseo.com\\\/de\\\/die-aggir-tabelle\\\/#primaryimage\"},\"image\":{\"@id\":\"https:\\\/\\\/www.dynseo.com\\\/de\\\/die-aggir-tabelle\\\/#primaryimage\"},\"thumbnailUrl\":\"https:\\\/\\\/www.dynseo.com\\\/wp-content\\\/uploads\\\/2013\\\/06\\\/app-Aggir.png\",\"datePublished\":\"2026-01-20T19:14:43+00:00\",\"breadcrumb\":{\"@id\":\"https:\\\/\\\/www.dynseo.com\\\/de\\\/die-aggir-tabelle\\\/#breadcrumb\"},\"inLanguage\":\"de\",\"potentialAction\":[{\"@type\":\"ReadAction\",\"target\":[\"https:\\\/\\\/www.dynseo.com\\\/de\\\/die-aggir-tabelle\\\/\"]}]},{\"@type\":\"ImageObject\",\"inLanguage\":\"de\",\"@id\":\"https:\\\/\\\/www.dynseo.com\\\/de\\\/die-aggir-tabelle\\\/#primaryimage\",\"url\":\"https:\\\/\\\/www.dynseo.com\\\/wp-content\\\/uploads\\\/2013\\\/06\\\/app-Aggir.png\",\"contentUrl\":\"https:\\\/\\\/www.dynseo.com\\\/wp-content\\\/uploads\\\/2013\\\/06\\\/app-Aggir.png\",\"width\":283,\"height\":283,\"caption\":\"Mentale Fitness durch digitales Ged\u00e4chtnistraining\"},{\"@type\":\"BreadcrumbList\",\"@id\":\"https:\\\/\\\/www.dynseo.com\\\/de\\\/die-aggir-tabelle\\\/#breadcrumb\",\"itemListElement\":[{\"@type\":\"ListItem\",\"position\":1,\"name\":\"Accueil\",\"item\":\"https:\\\/\\\/www.dynseo.com\\\/de\\\/\"},{\"@type\":\"ListItem\",\"position\":2,\"name\":\"Die AGGIR-Tabelle\"}]},{\"@type\":\"WebSite\",\"@id\":\"https:\\\/\\\/www.dynseo.com\\\/de\\\/#website\",\"url\":\"https:\\\/\\\/www.dynseo.com\\\/de\\\/\",\"name\":\"Jeux de m\u00e9moire et stimulation cognitive\",\"description\":\"Entra\u00eenez votre m\u00e9moire et votre cerveau avec DYNSEO\",\"publisher\":{\"@id\":\"https:\\\/\\\/www.dynseo.com\\\/de\\\/#organization\"},\"potentialAction\":[{\"@type\":\"SearchAction\",\"target\":{\"@type\":\"EntryPoint\",\"urlTemplate\":\"https:\\\/\\\/www.dynseo.com\\\/de\\\/?s={search_term_string}\"},\"query-input\":{\"@type\":\"PropertyValueSpecification\",\"valueRequired\":true,\"valueName\":\"search_term_string\"}}],\"inLanguage\":\"de\"},{\"@type\":\"Organization\",\"@id\":\"https:\\\/\\\/www.dynseo.com\\\/de\\\/#organization\",\"name\":\"DYNSEO\",\"url\":\"https:\\\/\\\/www.dynseo.com\\\/de\\\/\",\"logo\":{\"@type\":\"ImageObject\",\"inLanguage\":\"de\",\"@id\":\"https:\\\/\\\/www.dynseo.com\\\/de\\\/#\\\/schema\\\/logo\\\/image\\\/\",\"url\":\"https:\\\/\\\/www.dynseo.com\\\/wp-content\\\/uploads\\\/2022\\\/05\\\/logo-dynseo-new.png\",\"contentUrl\":\"https:\\\/\\\/www.dynseo.com\\\/wp-content\\\/uploads\\\/2022\\\/05\\\/logo-dynseo-new.png\",\"width\":5073,\"height\":1397,\"caption\":\"DYNSEO\"},\"image\":{\"@id\":\"https:\\\/\\\/www.dynseo.com\\\/de\\\/#\\\/schema\\\/logo\\\/image\\\/\"}}]}<\/script>\n<!-- \/ Yoast SEO plugin. -->","yoast_head_json":{"title":"Die AGGIR-Tabelle - DYNSEO - Lern-App und Memory-Spiele","robots":{"index":"index","follow":"follow","max-snippet":"max-snippet:-1","max-image-preview":"max-image-preview:large","max-video-preview":"max-video-preview:-1"},"canonical":"https:\/\/www.dynseo.com\/de\/die-aggir-tabelle\/","og_locale":"de_DE","og_type":"article","og_title":"Die AGGIR-Tabelle - DYNSEO - Lern-App und Memory-Spiele","og_description":"Die AGGIR-Matrix auf Tablet und Smartphones Die AGGIR-Matrix ist eine Bewertungsma\u00dfnahme, die es erm\u00f6glicht, das Niveau der Autonomie oder Abh\u00e4ngigkeit \u00e4lterer Menschen bei der Durchf\u00fchrung von Aufgaben und Handlungen des t\u00e4glichen Lebens zu bewerten. Dies wird gemeinhin als Berechnung des GIR bezeichnet. Das AGGIR-Modell (Geriatrische Autonomie und Iso-Ressourcen-Gruppen) erm\u00f6glicht es, schnell das Niveau der Abh\u00e4ngigkeit [&hellip;]","og_url":"https:\/\/www.dynseo.com\/de\/die-aggir-tabelle\/","og_site_name":"DYNSEO - Lern-App und Memory-Spiele","og_image":[{"width":2000,"height":1500,"url":"https:\/\/www.dynseo.com\/wp-content\/uploads\/2024\/07\/Article-pour-jeux-de-memoire-et-services-educatifs-sur-tablette-1.png","type":"image\/png"}],"twitter_misc":{"Gesch\u00e4tzte Lesezeit":"2\u00a0Minuten"},"schema":{"@context":"https:\/\/schema.org","@graph":[{"@type":"WebPage","@id":"https:\/\/www.dynseo.com\/de\/die-aggir-tabelle\/","url":"https:\/\/www.dynseo.com\/de\/die-aggir-tabelle\/","name":"Die AGGIR-Tabelle - DYNSEO - Lern-App und Memory-Spiele","isPartOf":{"@id":"https:\/\/www.dynseo.com\/de\/#website"},"primaryImageOfPage":{"@id":"https:\/\/www.dynseo.com\/de\/die-aggir-tabelle\/#primaryimage"},"image":{"@id":"https:\/\/www.dynseo.com\/de\/die-aggir-tabelle\/#primaryimage"},"thumbnailUrl":"https:\/\/www.dynseo.com\/wp-content\/uploads\/2013\/06\/app-Aggir.png","datePublished":"2026-01-20T19:14:43+00:00","breadcrumb":{"@id":"https:\/\/www.dynseo.com\/de\/die-aggir-tabelle\/#breadcrumb"},"inLanguage":"de","potentialAction":[{"@type":"ReadAction","target":["https:\/\/www.dynseo.com\/de\/die-aggir-tabelle\/"]}]},{"@type":"ImageObject","inLanguage":"de","@id":"https:\/\/www.dynseo.com\/de\/die-aggir-tabelle\/#primaryimage","url":"https:\/\/www.dynseo.com\/wp-content\/uploads\/2013\/06\/app-Aggir.png","contentUrl":"https:\/\/www.dynseo.com\/wp-content\/uploads\/2013\/06\/app-Aggir.png","width":283,"height":283,"caption":"Mentale Fitness durch digitales Ged\u00e4chtnistraining"},{"@type":"BreadcrumbList","@id":"https:\/\/www.dynseo.com\/de\/die-aggir-tabelle\/#breadcrumb","itemListElement":[{"@type":"ListItem","position":1,"name":"Accueil","item":"https:\/\/www.dynseo.com\/de\/"},{"@type":"ListItem","position":2,"name":"Die AGGIR-Tabelle"}]},{"@type":"WebSite","@id":"https:\/\/www.dynseo.com\/de\/#website","url":"https:\/\/www.dynseo.com\/de\/","name":"Jeux de m\u00e9moire et stimulation cognitive","description":"Entra\u00eenez votre m\u00e9moire et votre cerveau avec DYNSEO","publisher":{"@id":"https:\/\/www.dynseo.com\/de\/#organization"},"potentialAction":[{"@type":"SearchAction","target":{"@type":"EntryPoint","urlTemplate":"https:\/\/www.dynseo.com\/de\/?s={search_term_string}"},"query-input":{"@type":"PropertyValueSpecification","valueRequired":true,"valueName":"search_term_string"}}],"inLanguage":"de"},{"@type":"Organization","@id":"https:\/\/www.dynseo.com\/de\/#organization","name":"DYNSEO","url":"https:\/\/www.dynseo.com\/de\/","logo":{"@type":"ImageObject","inLanguage":"de","@id":"https:\/\/www.dynseo.com\/de\/#\/schema\/logo\/image\/","url":"https:\/\/www.dynseo.com\/wp-content\/uploads\/2022\/05\/logo-dynseo-new.png","contentUrl":"https:\/\/www.dynseo.com\/wp-content\/uploads\/2022\/05\/logo-dynseo-new.png","width":5073,"height":1397,"caption":"DYNSEO"},"image":{"@id":"https:\/\/www.dynseo.com\/de\/#\/schema\/logo\/image\/"}}]}},"_links":{"self":[{"href":"https:\/\/www.dynseo.com\/de\/wp-json\/wp\/v2\/pages\/487478","targetHints":{"allow":["GET"]}}],"collection":[{"href":"https:\/\/www.dynseo.com\/de\/wp-json\/wp\/v2\/pages"}],"about":[{"href":"https:\/\/www.dynseo.com\/de\/wp-json\/wp\/v2\/types\/page"}],"author":[{"embeddable":true,"href":"https:\/\/www.dynseo.com\/de\/wp-json\/wp\/v2\/users\/4"}],"replies":[{"embeddable":true,"href":"https:\/\/www.dynseo.com\/de\/wp-json\/wp\/v2\/comments?post=487478"}],"version-history":[{"count":0,"href":"https:\/\/www.dynseo.com\/de\/wp-json\/wp\/v2\/pages\/487478\/revisions"}],"wp:featuredmedia":[{"embeddable":true,"href":"https:\/\/www.dynseo.com\/de\/wp-json\/wp\/v2\/media\/3870"}],"wp:attachment":[{"href":"https:\/\/www.dynseo.com\/de\/wp-json\/wp\/v2\/media?parent=487478"}],"curies":[{"name":"wp","href":"https:\/\/api.w.org\/{rel}","templated":true}]}}