{"id":487583,"date":"2026-01-21T13:09:49","date_gmt":"2026-01-21T12:09:49","guid":{"rendered":"https:\/\/www.dynseo.com\/temperament\/"},"modified":"2026-01-21T13:09:49","modified_gmt":"2026-01-21T12:09:49","slug":"temperament","status":"publish","type":"page","link":"https:\/\/www.dynseo.com\/de\/temperament\/","title":{"rendered":"Temperament"},"content":{"rendered":"<h2 style=\"text-align: center;\"><span style=\"color: #526fa1;\"><strong>TEMPER<\/strong><\/span><\/h2>\n<h3 style=\"text-align: center;\"><a href=\"https:\/\/www.dynseo.com\/de\/le-metier-d-auxiliaire-de-vie-sarah-nous-fait-partager-sa-passion-2\/\" title=\"Auxiliaire de vie : Sarah nous fait partager sa passion\">Teilen<\/a> Sie Ihre Stimmung, es liegt uns am Herzen.<\/h3>\n<p><img loading=\"lazy\" decoding=\"async\" class=\"aligncenter size-full wp-image-36953\" src=\"https:\/\/www.dynseo.com\/wp-content\/uploads\/2021\/02\/Ma-Mood-768x768-1.jpg\" alt=\"\" width=\"753\" height=\"534\" srcset=\"https:\/\/www.dynseo.com\/wp-content\/uploads\/2021\/02\/Ma-Mood-768x768-1.jpg 753w, https:\/\/www.dynseo.com\/wp-content\/uploads\/2021\/02\/Ma-Mood-768x768-1-480x340.jpg 480w\" sizes=\"(min-width: 0px) and (max-width: 480px) 480px, (min-width: 481px) 753px, 100vw\" \/><\/p>\n<p>Bringen Sie Ihren Angeh\u00f6rigen Trost, wenn sie einen kleinen emotionalen Durchh\u00e4nger haben und freuen Sie sich mit ihnen, wenn alles gut l\u00e4uft!<\/p>\n<p>&nbsp;<\/p>\n<h2><\/h2>\n<h2 style=\"text-align: center;\"><span style=\"color: #526fa1;\"><strong>Mit Temper, heben Sie als Erster die Laune Ihrer Lieben<\/strong><\/span><\/h2>\n<p>&nbsp;<\/p>\n<p>Laden Sie Ihre Angeh\u00f6rigen in die App ein, um Ihre Stimmungen teilen zu k\u00f6nnen!<\/p>\n<p>Mit Temper k\u00f6nnen Sie die Stimmung all Ihrer Angeh\u00f6rigen, die die App besitzen, einsehen, sodass Sie sofort informiert sind, wenn ein Elternteil, ein Cousin&#8230; einen emotionalen Durchh\u00e4nger hat und Sie ihn tr\u00f6sten k\u00f6nnen!<\/p>\n<p>&nbsp;<\/p>\n<h2 style=\"text-align: left;\">\u00a0<img loading=\"lazy\" decoding=\"async\" class=\"wp-image-4082 size-large aligncenter\" src=\"https:\/\/www.dynseo.com\/wp-content\/uploads\/2015\/12\/la-mood-FR-1024x482.png\" alt=\"Temper-edith-app-adulte-application-entrainement-cerebral-coach-jeux-cerebraux-jeu-cognitif-logique-culture-memoire-fun-dynseo-ludique-animation-personnes-agees-alz-alzheimer-activites-senior-activite-seniors-stimulation-tablette-smartphone\" width=\"700\" height=\"329\" srcset=\"https:\/\/www.dynseo.com\/wp-content\/uploads\/2015\/12\/la-mood-FR-1024x482.png 1024w, https:\/\/www.dynseo.com\/wp-content\/uploads\/2015\/12\/la-mood-FR-600x282.png 600w, https:\/\/www.dynseo.com\/wp-content\/uploads\/2015\/12\/la-mood-FR-300x141.png 300w, https:\/\/www.dynseo.com\/wp-content\/uploads\/2015\/12\/la-mood-FR-768x361.png 768w, https:\/\/www.dynseo.com\/wp-content\/uploads\/2015\/12\/la-mood-FR.png 1663w\" sizes=\"(max-width: 700px) 100vw, 700px\" \/><\/h2>\n<p>&nbsp;<\/p>\n<h2><\/h2>\n<h2 style=\"text-align: center;\"><span style=\"color: #526fa1;\"><strong>Mit Temper, k\u00fcmmern wir uns um uns<\/strong><\/span><\/h2>\n<p>&nbsp;<\/p>\n<p style=\"text-align: center;\"><span style=\"color: #526fa1;\"><strong>Auf iPhone \/ iPad<\/strong><\/span><\/p>\n<p style=\"text-align: center;\"><img loading=\"lazy\" decoding=\"async\" class=\"aligncenter wp-image-36954 size-full\" src=\"https:\/\/www.dynseo.com\/wp-content\/uploads\/2021\/02\/1-temper-image-mood-me-soin-application-apple-bien-etre-tout-va-bien.png\" alt=\"\" width=\"283\" height=\"504\" srcset=\"https:\/\/www.dynseo.com\/wp-content\/uploads\/2021\/02\/1-temper-image-mood-me-soin-application-apple-bien-etre-tout-va-bien.png 283w, https:\/\/www.dynseo.com\/wp-content\/uploads\/2021\/02\/1-temper-image-mood-me-soin-application-apple-bien-etre-tout-va-bien-168x300.png 168w\" sizes=\"(max-width: 283px) 100vw, 283px\" \/><\/p>\n<p><img loading=\"lazy\" decoding=\"async\" class=\"aligncenter wp-image-36955 size-full\" src=\"https:\/\/www.dynseo.com\/wp-content\/uploads\/2021\/02\/2-temper-image-mood-me-soin-application-apple-bien-etre-tout-va-bien.png\" alt=\"\" width=\"284\" height=\"504\" srcset=\"https:\/\/www.dynseo.com\/wp-content\/uploads\/2021\/02\/2-temper-image-mood-me-soin-application-apple-bien-etre-tout-va-bien.png 284w, https:\/\/www.dynseo.com\/wp-content\/uploads\/2021\/02\/2-temper-image-mood-me-soin-application-apple-bien-etre-tout-va-bien-169x300.png 169w\" sizes=\"(max-width: 284px) 100vw, 284px\" \/><\/p>\n<p>&nbsp;<\/p>\n<p style=\"text-align: center;\"><span style=\"color: #526fa1;\"><strong>Auf der iWatch<\/strong><\/span><\/p>\n<p style=\"text-align: center;\"><img loading=\"lazy\" decoding=\"async\" class=\"aligncenter wp-image-36956 size-full\" src=\"https:\/\/www.dynseo.com\/wp-content\/uploads\/2021\/02\/3-temper-image-mood-me-soin-application-apple-bien-etre-tout-va-bien.png\" alt=\"\" width=\"113\" height=\"194\" \/><\/p>\n<p><img loading=\"lazy\" decoding=\"async\" class=\"aligncenter wp-image-36957 size-full\" src=\"https:\/\/www.dynseo.com\/wp-content\/uploads\/2021\/02\/4-temper-image-mood-me-soin-application-apple-bien-etre-tout-va-bien.png\" alt=\"\" width=\"113\" height=\"194\" \/><\/p>\n<h2 style=\"text-align: center;\"><span style=\"color: #526fa1;\"><strong>Temper, kompatibel mit unseren <a href=\"https:\/\/www.dynseo.com\/de\/kognitive-stimulation-wohnservices\/\" title=\"Stimulation Cognitive r\u00e9sidence Services\">kognitiven Stimulation<\/a> Anwendungen<\/strong><\/span><\/h2>\n<p>&nbsp;<\/p>\n<p>Temper erm\u00f6glicht es auch, die Stimmung der Benutzer von Stim\u2019art Edith und Joe zu erhalten!<\/p>\n<p>Dazu gen\u00fcgt es, eine Einladung an den Stim&#8217;art Benutzer zu senden, mit dem Sie Ihre Stimmungen austauschen m\u00f6chten.<\/p>\n<p>&nbsp;<\/p>\n<p><span style=\"color: #526fa1;\"><strong>Im Rahmen des Edith-Programms<\/strong><\/span><\/p>\n<p><img loading=\"lazy\" decoding=\"async\" class=\"aligncenter wp-image-36959 size-full\" src=\"https:\/\/www.dynseo.com\/wp-content\/uploads\/2021\/02\/41-temper-image-mood-me-soin-application-apple-bien-etre-tout-va-bien.png\" alt=\"\" width=\"571\" height=\"321\" srcset=\"https:\/\/www.dynseo.com\/wp-content\/uploads\/2021\/02\/41-temper-image-mood-me-soin-application-apple-bien-etre-tout-va-bien.png 571w, https:\/\/www.dynseo.com\/wp-content\/uploads\/2021\/02\/41-temper-image-mood-me-soin-application-apple-bien-etre-tout-va-bien-480x270.png 480w\" sizes=\"(min-width: 0px) and (max-width: 480px) 480px, (min-width: 481px) 571px, 100vw\" \/><\/p>\n<p><span style=\"color: #526fa1;\"><strong>Im Rahmen des Joe-Programms<\/strong><\/span><\/p>\n<p><img loading=\"lazy\" decoding=\"async\" class=\"aligncenter wp-image-36958 size-full\" src=\"https:\/\/www.dynseo.com\/wp-content\/uploads\/2021\/02\/5-temper-image-mood-me-soin-application-apple-bien-etre-tout-va-bien.png\" alt=\"\" width=\"571\" height=\"321\" srcset=\"https:\/\/www.dynseo.com\/wp-content\/uploads\/2021\/02\/5-temper-image-mood-me-soin-application-apple-bien-etre-tout-va-bien.png 571w, https:\/\/www.dynseo.com\/wp-content\/uploads\/2021\/02\/5-temper-image-mood-me-soin-application-apple-bien-etre-tout-va-bien-480x270.png 480w\" sizes=\"(min-width: 0px) and (max-width: 480px) 480px, (min-width: 481px) 571px, 100vw\" \/><\/p>\n<p>&nbsp;<\/p>\n<p>&nbsp;<\/p>\n<p>&nbsp;<\/p>\n<h2 style=\"text-align: center;\"><span style=\"color: #526fa1;\"><strong>Temper, eine kostenlose iOS App<\/strong><\/span><\/h2>\n<p>&nbsp;<\/p>\n<p style=\"text-align: center;\">Temper ist eine Anwendung, die auf Apple Ger\u00e4ten verf\u00fcgbar ist, n\u00e4mlich iPhone, iPad, Apple Watch.<\/p>\n<p>&nbsp;<\/p>\n<p>&nbsp;<\/p>\n<p>&nbsp;<\/p>\n<p>[et_pb_code]<script type=\"application\/ld+json\">{\"@context\":\"https:\/\/schema.org\",\"@type\":\"FAQPage\",\"mainEntity\":[{\"@type\":\"Question\",\"name\":\"Was ist die App Temper?\",\"acceptedAnswer\":{\"@type\":\"Answer\",\"text\":\"Temper ist eine kostenlose App, die es erm\u00f6glicht, Ihre Stimmung mit Ihren Angeh\u00f6rigen zu teilen. Sie hilft Ihnen, Ihren Angeh\u00f6rigen Trost zu spenden, wenn sie einen emotionalen Durchh\u00e4nger haben und sich mit ihnen zu freuen, wenn alles gut l\u00e4uft.\"}},{\"@type\":\"Question\",\"name\":\"Wie funktioniert Temper, um die Laune meiner Lieben zu heben?\",\"acceptedAnswer\":{\"@type\":\"Answer\",\"text\":\"Mit Temper k\u00f6nnen Sie die Stimmung all Ihrer Angeh\u00f6rigen, die die App besitzen, einsehen. So sind Sie sofort informiert, wenn ein Elternteil, ein Cousin oder ein Freund einen emotionalen Durchh\u00e4nger hat und k\u00f6nnen ihn schnell tr\u00f6sten.\"}},{\"@type\":\"Question\",\"name\":\"Auf <a href=\"https:\/\/www.dynseo.com\/de\/welche-bildungswerkzeuge-zur-unterstuetzung-von-kindern-mit-trisomie-bei-ihren-lernprozessen\/\" title=\"Quels outils \u00e9ducatifs pour accompagner les enfants trisomiques dans leurs apprentissages\">welchen<\/a> Ger\u00e4ten ist Temper verf\u00fcgbar?\",\"acceptedAnswer\":{\"@type\":\"Answer\",\"text\":\"Temper ist eine kostenlose iOS App, die auf Apple Ger\u00e4ten verf\u00fcgbar ist: iPhone, iPad und Apple Watch (iWatch).\"}},{\"@type\":\"Question\",\"name\":\"Wie kann ich meine Angeh\u00f6rigen auf Temper einladen?\",\"acceptedAnswer\":{\"@type\":\"Answer\",\"text\":\"Sie k\u00f6nnen Ihre Angeh\u00f6rigen direkt in der Temper App einladen, um Ihre Stimmungen gemeinsam zu teilen. Senden Sie einfach eine Einladung \u00fcber die App.\"}},{\"@type\":\"Question\",\"name\":\"Ist Temper mit anderen Apps kompatibel?\",\"acceptedAnswer\":{\"@type\":\"Answer\",\"text\":\"Ja, Temper ist kompatibel mit den <a href=\"https:\/\/www.dynseo.com\/de\/morgendliche-routine-fuer-parkinson-gesten-uebungen-und-kognitive-stimulation\/\" title=\"Routine matinale pour Parkinson : Gestes, exercices et stimulation cognitive\">kognitiven Stimulation<\/a> Anwendungen Stim'art Edith und Joe. Sie erm\u00f6glicht es, die Stimmung der Benutzer dieser Programme zu erhalten und Ihre Stimmungen mit ihnen auszutauschen.\"}},{\"@type\":\"Question\",\"name\":\"Ist die Temper App kostenpflichtig?\",\"acceptedAnswer\":{\"@type\":\"Answer\",\"text\":\"Nein, Temper ist eine vollst\u00e4ndig kostenlose iOS App, die auf allen Apple Ger\u00e4ten (iPhone, iPad, Apple Watch) verf\u00fcgbar ist.\"}}]}<\/script>[\/et_pb_code]<\/p>\n","protected":false},"excerpt":{"rendered":"<p>TEMPER Teilen Sie Ihre Stimmung, es liegt uns am Herzen. Bringen Sie Ihren Angeh\u00f6rigen Trost, wenn sie einen kleinen emotionalen Durchh\u00e4nger haben und freuen Sie sich mit ihnen, wenn alles gut l\u00e4uft! &nbsp; Mit Temper, heben Sie als Erster die Laune Ihrer Lieben &nbsp; Laden Sie Ihre Angeh\u00f6rigen in die App ein, um Ihre Stimmungen [&hellip;]<\/p>\n","protected":false},"author":4,"featured_media":6091,"parent":0,"menu_order":0,"comment_status":"closed","ping_status":"closed","template":"","meta":{"_et_pb_use_builder":"","_et_pb_old_content":"","_et_gb_content_width":"","footnotes":""},"class_list":["post-487583","page","type-page","status-publish","has-post-thumbnail","hentry"],"yoast_head":"<!-- This site is optimized with the Yoast SEO plugin v27.4 - https:\/\/yoast.com\/product\/yoast-seo-wordpress\/ -->\n<title>Temperament - DYNSEO - Lern-App und Memory-Spiele<\/title>\n<meta name=\"robots\" content=\"index, follow, max-snippet:-1, max-image-preview:large, max-video-preview:-1\" \/>\n<link rel=\"canonical\" href=\"https:\/\/www.dynseo.com\/de\/temperament\/\" \/>\n<meta property=\"og:locale\" content=\"de_DE\" \/>\n<meta property=\"og:type\" content=\"article\" \/>\n<meta property=\"og:title\" content=\"Temperament - DYNSEO - Lern-App und Memory-Spiele\" \/>\n<meta property=\"og:description\" content=\"TEMPER Teilen Sie Ihre Stimmung, es liegt uns am Herzen. Bringen Sie Ihren Angeh\u00f6rigen Trost, wenn sie einen kleinen emotionalen Durchh\u00e4nger haben und freuen Sie sich mit ihnen, wenn alles gut l\u00e4uft! &nbsp; Mit Temper, heben Sie als Erster die Laune Ihrer Lieben &nbsp; Laden Sie Ihre Angeh\u00f6rigen in die App ein, um Ihre Stimmungen [&hellip;]\" \/>\n<meta property=\"og:url\" content=\"https:\/\/www.dynseo.com\/de\/temperament\/\" \/>\n<meta property=\"og:site_name\" content=\"DYNSEO - Lern-App und Memory-Spiele\" \/>\n<meta property=\"og:image\" content=\"https:\/\/www.dynseo.com\/wp-content\/uploads\/2024\/07\/Article-pour-jeux-de-memoire-et-services-educatifs-sur-tablette-1.png\" \/>\n\t<meta property=\"og:image:width\" content=\"2000\" \/>\n\t<meta property=\"og:image:height\" content=\"1500\" \/>\n\t<meta property=\"og:image:type\" content=\"image\/png\" \/>\n<meta name=\"twitter:label1\" content=\"Gesch\u00e4tzte Lesezeit\" \/>\n\t<meta name=\"twitter:data1\" content=\"1\u00a0Minute\" \/>\n<script type=\"application\/ld+json\" class=\"yoast-schema-graph\">{\"@context\":\"https:\\\/\\\/schema.org\",\"@graph\":[{\"@type\":\"WebPage\",\"@id\":\"https:\\\/\\\/www.dynseo.com\\\/de\\\/temperament\\\/\",\"url\":\"https:\\\/\\\/www.dynseo.com\\\/de\\\/temperament\\\/\",\"name\":\"Temperament - DYNSEO - Lern-App und Memory-Spiele\",\"isPartOf\":{\"@id\":\"https:\\\/\\\/www.dynseo.com\\\/de\\\/#website\"},\"primaryImageOfPage\":{\"@id\":\"https:\\\/\\\/www.dynseo.com\\\/de\\\/temperament\\\/#primaryimage\"},\"image\":{\"@id\":\"https:\\\/\\\/www.dynseo.com\\\/de\\\/temperament\\\/#primaryimage\"},\"thumbnailUrl\":\"https:\\\/\\\/www.dynseo.com\\\/wp-content\\\/uploads\\\/2017\\\/04\\\/app-bien-etre-moodme-3.png\",\"datePublished\":\"2026-01-21T12:09:49+00:00\",\"breadcrumb\":{\"@id\":\"https:\\\/\\\/www.dynseo.com\\\/de\\\/temperament\\\/#breadcrumb\"},\"inLanguage\":\"de\",\"potentialAction\":[{\"@type\":\"ReadAction\",\"target\":[\"https:\\\/\\\/www.dynseo.com\\\/de\\\/temperament\\\/\"]}]},{\"@type\":\"ImageObject\",\"inLanguage\":\"de\",\"@id\":\"https:\\\/\\\/www.dynseo.com\\\/de\\\/temperament\\\/#primaryimage\",\"url\":\"https:\\\/\\\/www.dynseo.com\\\/wp-content\\\/uploads\\\/2017\\\/04\\\/app-bien-etre-moodme-3.png\",\"contentUrl\":\"https:\\\/\\\/www.dynseo.com\\\/wp-content\\\/uploads\\\/2017\\\/04\\\/app-bien-etre-moodme-3.png\",\"width\":800,\"height\":280,\"caption\":\"Digitale Gehirngymnastik f\u00fcr ein starkes Ged\u00e4chtnis\"},{\"@type\":\"BreadcrumbList\",\"@id\":\"https:\\\/\\\/www.dynseo.com\\\/de\\\/temperament\\\/#breadcrumb\",\"itemListElement\":[{\"@type\":\"ListItem\",\"position\":1,\"name\":\"Accueil\",\"item\":\"https:\\\/\\\/www.dynseo.com\\\/de\\\/\"},{\"@type\":\"ListItem\",\"position\":2,\"name\":\"Temperament\"}]},{\"@type\":\"WebSite\",\"@id\":\"https:\\\/\\\/www.dynseo.com\\\/de\\\/#website\",\"url\":\"https:\\\/\\\/www.dynseo.com\\\/de\\\/\",\"name\":\"Jeux de m\u00e9moire et stimulation cognitive\",\"description\":\"Entra\u00eenez votre m\u00e9moire et votre cerveau avec DYNSEO\",\"publisher\":{\"@id\":\"https:\\\/\\\/www.dynseo.com\\\/de\\\/#organization\"},\"potentialAction\":[{\"@type\":\"SearchAction\",\"target\":{\"@type\":\"EntryPoint\",\"urlTemplate\":\"https:\\\/\\\/www.dynseo.com\\\/de\\\/?s={search_term_string}\"},\"query-input\":{\"@type\":\"PropertyValueSpecification\",\"valueRequired\":true,\"valueName\":\"search_term_string\"}}],\"inLanguage\":\"de\"},{\"@type\":\"Organization\",\"@id\":\"https:\\\/\\\/www.dynseo.com\\\/de\\\/#organization\",\"name\":\"DYNSEO\",\"url\":\"https:\\\/\\\/www.dynseo.com\\\/de\\\/\",\"logo\":{\"@type\":\"ImageObject\",\"inLanguage\":\"de\",\"@id\":\"https:\\\/\\\/www.dynseo.com\\\/de\\\/#\\\/schema\\\/logo\\\/image\\\/\",\"url\":\"https:\\\/\\\/www.dynseo.com\\\/wp-content\\\/uploads\\\/2022\\\/05\\\/logo-dynseo-new.png\",\"contentUrl\":\"https:\\\/\\\/www.dynseo.com\\\/wp-content\\\/uploads\\\/2022\\\/05\\\/logo-dynseo-new.png\",\"width\":5073,\"height\":1397,\"caption\":\"DYNSEO\"},\"image\":{\"@id\":\"https:\\\/\\\/www.dynseo.com\\\/de\\\/#\\\/schema\\\/logo\\\/image\\\/\"}}]}<\/script>\n<!-- \/ Yoast SEO plugin. -->","yoast_head_json":{"title":"Temperament - DYNSEO - Lern-App und Memory-Spiele","robots":{"index":"index","follow":"follow","max-snippet":"max-snippet:-1","max-image-preview":"max-image-preview:large","max-video-preview":"max-video-preview:-1"},"canonical":"https:\/\/www.dynseo.com\/de\/temperament\/","og_locale":"de_DE","og_type":"article","og_title":"Temperament - DYNSEO - Lern-App und Memory-Spiele","og_description":"TEMPER Teilen Sie Ihre Stimmung, es liegt uns am Herzen. Bringen Sie Ihren Angeh\u00f6rigen Trost, wenn sie einen kleinen emotionalen Durchh\u00e4nger haben und freuen Sie sich mit ihnen, wenn alles gut l\u00e4uft! &nbsp; Mit Temper, heben Sie als Erster die Laune Ihrer Lieben &nbsp; Laden Sie Ihre Angeh\u00f6rigen in die App ein, um Ihre Stimmungen [&hellip;]","og_url":"https:\/\/www.dynseo.com\/de\/temperament\/","og_site_name":"DYNSEO - Lern-App und Memory-Spiele","og_image":[{"width":2000,"height":1500,"url":"https:\/\/www.dynseo.com\/wp-content\/uploads\/2024\/07\/Article-pour-jeux-de-memoire-et-services-educatifs-sur-tablette-1.png","type":"image\/png"}],"twitter_misc":{"Gesch\u00e4tzte Lesezeit":"1\u00a0Minute"},"schema":{"@context":"https:\/\/schema.org","@graph":[{"@type":"WebPage","@id":"https:\/\/www.dynseo.com\/de\/temperament\/","url":"https:\/\/www.dynseo.com\/de\/temperament\/","name":"Temperament - DYNSEO - Lern-App und Memory-Spiele","isPartOf":{"@id":"https:\/\/www.dynseo.com\/de\/#website"},"primaryImageOfPage":{"@id":"https:\/\/www.dynseo.com\/de\/temperament\/#primaryimage"},"image":{"@id":"https:\/\/www.dynseo.com\/de\/temperament\/#primaryimage"},"thumbnailUrl":"https:\/\/www.dynseo.com\/wp-content\/uploads\/2017\/04\/app-bien-etre-moodme-3.png","datePublished":"2026-01-21T12:09:49+00:00","breadcrumb":{"@id":"https:\/\/www.dynseo.com\/de\/temperament\/#breadcrumb"},"inLanguage":"de","potentialAction":[{"@type":"ReadAction","target":["https:\/\/www.dynseo.com\/de\/temperament\/"]}]},{"@type":"ImageObject","inLanguage":"de","@id":"https:\/\/www.dynseo.com\/de\/temperament\/#primaryimage","url":"https:\/\/www.dynseo.com\/wp-content\/uploads\/2017\/04\/app-bien-etre-moodme-3.png","contentUrl":"https:\/\/www.dynseo.com\/wp-content\/uploads\/2017\/04\/app-bien-etre-moodme-3.png","width":800,"height":280,"caption":"Digitale Gehirngymnastik f\u00fcr ein starkes Ged\u00e4chtnis"},{"@type":"BreadcrumbList","@id":"https:\/\/www.dynseo.com\/de\/temperament\/#breadcrumb","itemListElement":[{"@type":"ListItem","position":1,"name":"Accueil","item":"https:\/\/www.dynseo.com\/de\/"},{"@type":"ListItem","position":2,"name":"Temperament"}]},{"@type":"WebSite","@id":"https:\/\/www.dynseo.com\/de\/#website","url":"https:\/\/www.dynseo.com\/de\/","name":"Jeux de m\u00e9moire et stimulation cognitive","description":"Entra\u00eenez votre m\u00e9moire et votre cerveau avec DYNSEO","publisher":{"@id":"https:\/\/www.dynseo.com\/de\/#organization"},"potentialAction":[{"@type":"SearchAction","target":{"@type":"EntryPoint","urlTemplate":"https:\/\/www.dynseo.com\/de\/?s={search_term_string}"},"query-input":{"@type":"PropertyValueSpecification","valueRequired":true,"valueName":"search_term_string"}}],"inLanguage":"de"},{"@type":"Organization","@id":"https:\/\/www.dynseo.com\/de\/#organization","name":"DYNSEO","url":"https:\/\/www.dynseo.com\/de\/","logo":{"@type":"ImageObject","inLanguage":"de","@id":"https:\/\/www.dynseo.com\/de\/#\/schema\/logo\/image\/","url":"https:\/\/www.dynseo.com\/wp-content\/uploads\/2022\/05\/logo-dynseo-new.png","contentUrl":"https:\/\/www.dynseo.com\/wp-content\/uploads\/2022\/05\/logo-dynseo-new.png","width":5073,"height":1397,"caption":"DYNSEO"},"image":{"@id":"https:\/\/www.dynseo.com\/de\/#\/schema\/logo\/image\/"}}]}},"_links":{"self":[{"href":"https:\/\/www.dynseo.com\/de\/wp-json\/wp\/v2\/pages\/487583","targetHints":{"allow":["GET"]}}],"collection":[{"href":"https:\/\/www.dynseo.com\/de\/wp-json\/wp\/v2\/pages"}],"about":[{"href":"https:\/\/www.dynseo.com\/de\/wp-json\/wp\/v2\/types\/page"}],"author":[{"embeddable":true,"href":"https:\/\/www.dynseo.com\/de\/wp-json\/wp\/v2\/users\/4"}],"replies":[{"embeddable":true,"href":"https:\/\/www.dynseo.com\/de\/wp-json\/wp\/v2\/comments?post=487583"}],"version-history":[{"count":0,"href":"https:\/\/www.dynseo.com\/de\/wp-json\/wp\/v2\/pages\/487583\/revisions"}],"wp:featuredmedia":[{"embeddable":true,"href":"https:\/\/www.dynseo.com\/de\/wp-json\/wp\/v2\/media\/6091"}],"wp:attachment":[{"href":"https:\/\/www.dynseo.com\/de\/wp-json\/wp\/v2\/media?parent=487583"}],"curies":[{"name":"wp","href":"https:\/\/api.w.org\/{rel}","templated":true}]}}