{"id":146490,"date":"2025-03-05T11:03:17","date_gmt":"2025-03-05T10:03:17","guid":{"rendered":"https:\/\/www.dynseo.com\/?post_type=product&#038;p=146490"},"modified":"2026-02-17T08:31:12","modified_gmt":"2026-02-17T07:31:12","slug":"edith-das-bildungsprogramm","status":"publish","type":"product","link":"https:\/\/www.dynseo.com\/de\/produit\/edith-das-bildungsprogramm\/","title":{"rendered":"Edith &#8211; Einfache und passende Ged\u00e4chtnisspiele f\u00fcr Senioren"},"content":{"rendered":"<p>[et_pb_section fb_built=&#8220;1&#8243; _builder_version=&#8220;4.27.4&#8243; _module_preset=&#8220;default&#8220; global_colors_info=&#8220;{}&#8220;][\/et_pb_section]<\/p>\n","protected":false},"excerpt":{"rendered":"<p>Du suchst einfache, angepasste Spiele?<br \/>\nEdith, dein Ged\u00e4chtnistrainer, trainiert dich in deinem eigenen Tempo.<\/p>\n","protected":false},"featured_media":497927,"comment_status":"closed","ping_status":"closed","template":"","meta":{"_et_pb_use_builder":"on","_et_pb_old_content":"Suchen Sie nach einfachen Ged\u00e4chtnisspielen? Folgen Sie dem Programm Ihres EDITH-Trainers. Die Spiele sind einfach und unterhaltsam, ohne Kontrolle. Keine Stoppuhr, kein Stress \u2013 wichtig ist, dass Sie in Ihrem eigenen Tempo spielen und Spa\u00df am Spiel haben! \u00dcber 30 verschiedene Spiele: Allgemeinwissensquiz, Spiele zu Kochrezepten, Sprichw\u00f6rtern, W\u00f6rtern zum Bilden mit Silben, Gedichte mit L\u00f6chern \u2026 aber auch Spiele f\u00fcr Reflexe und Aufmerksamkeit. Die Lieblingsspiele der Gro\u00dfeltern! Dank seines einfachen Schwierigkeitsgrads kann das EDITH-Programm von Menschen mit kognitiven St\u00f6rungen (Alzheimer, Parkinson, neurodegenerative Erkrankungen) oder von autistischen Erwachsenen verwendet werden.","_et_gb_content_width":""},"product_brand":[],"product_cat":[],"product_tag":[],"class_list":{"0":"post-146490","1":"product","2":"type-product","3":"status-publish","4":"has-post-thumbnail","6":"pa_privato-o-professionista-privat","7":"pa_privato-o-professionista-professionell","9":"first","10":"instock","11":"taxable","12":"shipping-taxable","13":"purchasable","14":"product-type-variable","15":"has-default-attributes"},"yoast_head":"<!-- This site is optimized with the Yoast SEO plugin v27.5 - https:\/\/yoast.com\/product\/yoast-seo-wordpress\/ -->\n<title>Edith - Einfache und passende Ged\u00e4chtnisspiele f\u00fcr Senioren - DYNSEO - Lern-App und Memory-Spiele<\/title>\n<meta name=\"robots\" content=\"index, follow, max-snippet:-1, max-image-preview:large, max-video-preview:-1\" \/>\n<link rel=\"canonical\" href=\"https:\/\/www.dynseo.com\/de\/produit\/edith-das-bildungsprogramm\/\" \/>\n<meta property=\"og:locale\" content=\"de_DE\" \/>\n<meta property=\"og:type\" content=\"article\" \/>\n<meta property=\"og:title\" content=\"Edith - Einfache und passende Ged\u00e4chtnisspiele f\u00fcr Senioren - DYNSEO - Lern-App und Memory-Spiele\" \/>\n<meta property=\"og:description\" content=\"Du suchst einfache, angepasste Spiele? Edith, dein Ged\u00e4chtnistrainer, trainiert dich in deinem eigenen Tempo.\" \/>\n<meta property=\"og:url\" content=\"https:\/\/www.dynseo.com\/de\/produit\/edith-das-bildungsprogramm\/\" \/>\n<meta property=\"og:site_name\" content=\"DYNSEO - Lern-App und Memory-Spiele\" \/>\n<meta property=\"article:modified_time\" content=\"2026-02-17T07:31:12+00:00\" \/>\n<meta property=\"og:image\" content=\"https:\/\/www.dynseo.com\/wp-content\/uploads\/2025\/03\/EDITH-MULTI-1-Allemand-1.png\" \/>\n\t<meta property=\"og:image:width\" content=\"2560\" \/>\n\t<meta property=\"og:image:height\" content=\"1919\" \/>\n\t<meta property=\"og:image:type\" content=\"image\/png\" \/>\n<meta name=\"twitter:label1\" content=\"Gesch\u00e4tzte Lesezeit\" \/>\n\t<meta name=\"twitter:data1\" content=\"1\u00a0Minute\" \/>\n<script type=\"application\/ld+json\" class=\"yoast-schema-graph\">{\"@context\":\"https:\\\/\\\/schema.org\",\"@graph\":[{\"@type\":\"WebPage\",\"@id\":\"https:\\\/\\\/www.dynseo.com\\\/de\\\/produit\\\/edith-das-bildungsprogramm\\\/\",\"url\":\"https:\\\/\\\/www.dynseo.com\\\/de\\\/produit\\\/edith-das-bildungsprogramm\\\/\",\"name\":\"Edith - Einfache und passende Ged\u00e4chtnisspiele f\u00fcr Senioren - DYNSEO - Lern-App und Memory-Spiele\",\"isPartOf\":{\"@id\":\"https:\\\/\\\/www.dynseo.com\\\/de\\\/#website\"},\"primaryImageOfPage\":{\"@id\":\"https:\\\/\\\/www.dynseo.com\\\/de\\\/produit\\\/edith-das-bildungsprogramm\\\/#primaryimage\"},\"image\":{\"@id\":\"https:\\\/\\\/www.dynseo.com\\\/de\\\/produit\\\/edith-das-bildungsprogramm\\\/#primaryimage\"},\"thumbnailUrl\":\"https:\\\/\\\/www.dynseo.com\\\/wp-content\\\/uploads\\\/2025\\\/03\\\/EDITH-MULTI-1-Allemand-1.png\",\"datePublished\":\"2025-03-05T10:03:17+00:00\",\"dateModified\":\"2026-02-17T07:31:12+00:00\",\"breadcrumb\":{\"@id\":\"https:\\\/\\\/www.dynseo.com\\\/de\\\/produit\\\/edith-das-bildungsprogramm\\\/#breadcrumb\"},\"inLanguage\":\"de\",\"potentialAction\":[{\"@type\":\"ReadAction\",\"target\":[\"https:\\\/\\\/www.dynseo.com\\\/de\\\/produit\\\/edith-das-bildungsprogramm\\\/\"]}]},{\"@type\":\"ImageObject\",\"inLanguage\":\"de\",\"@id\":\"https:\\\/\\\/www.dynseo.com\\\/de\\\/produit\\\/edith-das-bildungsprogramm\\\/#primaryimage\",\"url\":\"https:\\\/\\\/www.dynseo.com\\\/wp-content\\\/uploads\\\/2025\\\/03\\\/EDITH-MULTI-1-Allemand-1.png\",\"contentUrl\":\"https:\\\/\\\/www.dynseo.com\\\/wp-content\\\/uploads\\\/2025\\\/03\\\/EDITH-MULTI-1-Allemand-1.png\",\"width\":2560,\"height\":1919,\"caption\":\"Verbessern Sie Ihr Ged\u00e4chtnis mit der DYNSEO App\"},{\"@type\":\"BreadcrumbList\",\"@id\":\"https:\\\/\\\/www.dynseo.com\\\/de\\\/produit\\\/edith-das-bildungsprogramm\\\/#breadcrumb\",\"itemListElement\":[{\"@type\":\"ListItem\",\"position\":1,\"name\":\"Accueil\",\"item\":\"https:\\\/\\\/www.dynseo.com\\\/de\"},{\"@type\":\"ListItem\",\"position\":2,\"name\":\"Shop\",\"item\":\"https:\\\/\\\/www.dynseo.com\\\/de\\\/shop\\\/\"},{\"@type\":\"ListItem\",\"position\":3,\"name\":\"Edith &#8211; Einfache und passende Ged\u00e4chtnisspiele f\u00fcr Senioren\"}]},{\"@type\":\"WebSite\",\"@id\":\"https:\\\/\\\/www.dynseo.com\\\/de\\\/#website\",\"url\":\"https:\\\/\\\/www.dynseo.com\\\/de\\\/\",\"name\":\"Jeux de m\u00e9moire et stimulation cognitive\",\"description\":\"Entra\u00eenez votre m\u00e9moire et votre cerveau avec DYNSEO\",\"publisher\":{\"@id\":\"https:\\\/\\\/www.dynseo.com\\\/de\\\/#organization\"},\"potentialAction\":[{\"@type\":\"SearchAction\",\"target\":{\"@type\":\"EntryPoint\",\"urlTemplate\":\"https:\\\/\\\/www.dynseo.com\\\/de\\\/?s={search_term_string}\"},\"query-input\":{\"@type\":\"PropertyValueSpecification\",\"valueRequired\":true,\"valueName\":\"search_term_string\"}}],\"inLanguage\":\"de\"},{\"@type\":\"Organization\",\"@id\":\"https:\\\/\\\/www.dynseo.com\\\/de\\\/#organization\",\"name\":\"DYNSEO\",\"url\":\"https:\\\/\\\/www.dynseo.com\\\/de\\\/\",\"logo\":{\"@type\":\"ImageObject\",\"inLanguage\":\"de\",\"@id\":\"https:\\\/\\\/www.dynseo.com\\\/de\\\/#\\\/schema\\\/logo\\\/image\\\/\",\"url\":\"https:\\\/\\\/www.dynseo.com\\\/wp-content\\\/uploads\\\/2022\\\/05\\\/logo-dynseo-new.png\",\"contentUrl\":\"https:\\\/\\\/www.dynseo.com\\\/wp-content\\\/uploads\\\/2022\\\/05\\\/logo-dynseo-new.png\",\"width\":5073,\"height\":1397,\"caption\":\"DYNSEO\"},\"image\":{\"@id\":\"https:\\\/\\\/www.dynseo.com\\\/de\\\/#\\\/schema\\\/logo\\\/image\\\/\"}}]}<\/script>\n<!-- \/ Yoast SEO plugin. -->","yoast_head_json":{"title":"Edith - Einfache und passende Ged\u00e4chtnisspiele f\u00fcr Senioren - DYNSEO - Lern-App und Memory-Spiele","robots":{"index":"index","follow":"follow","max-snippet":"max-snippet:-1","max-image-preview":"max-image-preview:large","max-video-preview":"max-video-preview:-1"},"canonical":"https:\/\/www.dynseo.com\/de\/produit\/edith-das-bildungsprogramm\/","og_locale":"de_DE","og_type":"article","og_title":"Edith - Einfache und passende Ged\u00e4chtnisspiele f\u00fcr Senioren - DYNSEO - Lern-App und Memory-Spiele","og_description":"Du suchst einfache, angepasste Spiele? Edith, dein Ged\u00e4chtnistrainer, trainiert dich in deinem eigenen Tempo.","og_url":"https:\/\/www.dynseo.com\/de\/produit\/edith-das-bildungsprogramm\/","og_site_name":"DYNSEO - Lern-App und Memory-Spiele","article_modified_time":"2026-02-17T07:31:12+00:00","og_image":[{"width":2560,"height":1919,"url":"https:\/\/www.dynseo.com\/wp-content\/uploads\/2025\/03\/EDITH-MULTI-1-Allemand-1.png","type":"image\/png"}],"twitter_misc":{"Gesch\u00e4tzte Lesezeit":"1\u00a0Minute"},"schema":{"@context":"https:\/\/schema.org","@graph":[{"@type":"WebPage","@id":"https:\/\/www.dynseo.com\/de\/produit\/edith-das-bildungsprogramm\/","url":"https:\/\/www.dynseo.com\/de\/produit\/edith-das-bildungsprogramm\/","name":"Edith - Einfache und passende Ged\u00e4chtnisspiele f\u00fcr Senioren - DYNSEO - Lern-App und Memory-Spiele","isPartOf":{"@id":"https:\/\/www.dynseo.com\/de\/#website"},"primaryImageOfPage":{"@id":"https:\/\/www.dynseo.com\/de\/produit\/edith-das-bildungsprogramm\/#primaryimage"},"image":{"@id":"https:\/\/www.dynseo.com\/de\/produit\/edith-das-bildungsprogramm\/#primaryimage"},"thumbnailUrl":"https:\/\/www.dynseo.com\/wp-content\/uploads\/2025\/03\/EDITH-MULTI-1-Allemand-1.png","datePublished":"2025-03-05T10:03:17+00:00","dateModified":"2026-02-17T07:31:12+00:00","breadcrumb":{"@id":"https:\/\/www.dynseo.com\/de\/produit\/edith-das-bildungsprogramm\/#breadcrumb"},"inLanguage":"de","potentialAction":[{"@type":"ReadAction","target":["https:\/\/www.dynseo.com\/de\/produit\/edith-das-bildungsprogramm\/"]}]},{"@type":"ImageObject","inLanguage":"de","@id":"https:\/\/www.dynseo.com\/de\/produit\/edith-das-bildungsprogramm\/#primaryimage","url":"https:\/\/www.dynseo.com\/wp-content\/uploads\/2025\/03\/EDITH-MULTI-1-Allemand-1.png","contentUrl":"https:\/\/www.dynseo.com\/wp-content\/uploads\/2025\/03\/EDITH-MULTI-1-Allemand-1.png","width":2560,"height":1919,"caption":"Verbessern Sie Ihr Ged\u00e4chtnis mit der DYNSEO App"},{"@type":"BreadcrumbList","@id":"https:\/\/www.dynseo.com\/de\/produit\/edith-das-bildungsprogramm\/#breadcrumb","itemListElement":[{"@type":"ListItem","position":1,"name":"Accueil","item":"https:\/\/www.dynseo.com\/de"},{"@type":"ListItem","position":2,"name":"Shop","item":"https:\/\/www.dynseo.com\/de\/shop\/"},{"@type":"ListItem","position":3,"name":"Edith &#8211; Einfache und passende Ged\u00e4chtnisspiele f\u00fcr Senioren"}]},{"@type":"WebSite","@id":"https:\/\/www.dynseo.com\/de\/#website","url":"https:\/\/www.dynseo.com\/de\/","name":"Jeux de m\u00e9moire et stimulation cognitive","description":"Entra\u00eenez votre m\u00e9moire et votre cerveau avec DYNSEO","publisher":{"@id":"https:\/\/www.dynseo.com\/de\/#organization"},"potentialAction":[{"@type":"SearchAction","target":{"@type":"EntryPoint","urlTemplate":"https:\/\/www.dynseo.com\/de\/?s={search_term_string}"},"query-input":{"@type":"PropertyValueSpecification","valueRequired":true,"valueName":"search_term_string"}}],"inLanguage":"de"},{"@type":"Organization","@id":"https:\/\/www.dynseo.com\/de\/#organization","name":"DYNSEO","url":"https:\/\/www.dynseo.com\/de\/","logo":{"@type":"ImageObject","inLanguage":"de","@id":"https:\/\/www.dynseo.com\/de\/#\/schema\/logo\/image\/","url":"https:\/\/www.dynseo.com\/wp-content\/uploads\/2022\/05\/logo-dynseo-new.png","contentUrl":"https:\/\/www.dynseo.com\/wp-content\/uploads\/2022\/05\/logo-dynseo-new.png","width":5073,"height":1397,"caption":"DYNSEO"},"image":{"@id":"https:\/\/www.dynseo.com\/de\/#\/schema\/logo\/image\/"}}]}},"_links":{"self":[{"href":"https:\/\/www.dynseo.com\/de\/wp-json\/wp\/v2\/product\/146490","targetHints":{"allow":["GET"]}}],"collection":[{"href":"https:\/\/www.dynseo.com\/de\/wp-json\/wp\/v2\/product"}],"about":[{"href":"https:\/\/www.dynseo.com\/de\/wp-json\/wp\/v2\/types\/product"}],"replies":[{"embeddable":true,"href":"https:\/\/www.dynseo.com\/de\/wp-json\/wp\/v2\/comments?post=146490"}],"wp:featuredmedia":[{"embeddable":true,"href":"https:\/\/www.dynseo.com\/de\/wp-json\/wp\/v2\/media\/497927"}],"wp:attachment":[{"href":"https:\/\/www.dynseo.com\/de\/wp-json\/wp\/v2\/media?parent=146490"}],"wp:term":[{"taxonomy":"product_brand","embeddable":true,"href":"https:\/\/www.dynseo.com\/de\/wp-json\/wp\/v2\/product_brand?post=146490"},{"taxonomy":"product_cat","embeddable":true,"href":"https:\/\/www.dynseo.com\/de\/wp-json\/wp\/v2\/product_cat?post=146490"},{"taxonomy":"product_tag","embeddable":true,"href":"https:\/\/www.dynseo.com\/de\/wp-json\/wp\/v2\/product_tag?post=146490"}],"curies":[{"name":"wp","href":"https:\/\/api.w.org\/{rel}","templated":true}]}}