{"id":497904,"date":"2026-02-11T14:10:03","date_gmt":"2026-02-11T13:10:03","guid":{"rendered":"https:\/\/www.dynseo.com\/?post_type=product&#038;p=497904"},"modified":"2026-02-11T14:15:05","modified_gmt":"2026-02-11T13:15:05","slug":"trisomie-21-in-der-einrichtung-ganzheitliche-unterstutzung","status":"publish","type":"product","link":"https:\/\/www.dynseo.com\/de\/produit\/trisomie-21-in-der-einrichtung-ganzheitliche-unterstutzung\/","title":{"rendered":"Trisomie 21 in der Einrichtung &#8211; Ganzheitliche Unterst\u00fctzung"},"content":{"rendered":"","protected":false},"excerpt":{"rendered":"","protected":false},"featured_media":497906,"comment_status":"closed","ping_status":"closed","template":"","meta":{"_et_pb_use_builder":"","_et_pb_old_content":"","_et_gb_content_width":""},"product_brand":[],"product_cat":[4627],"product_tag":[],"class_list":{"0":"post-497904","1":"product","2":"type-product","3":"status-publish","4":"has-post-thumbnail","6":"product_cat-schulungen","8":"first","9":"instock","10":"virtual","11":"taxable","12":"purchasable","13":"product-type-simple"},"yoast_head":"<!-- This site is optimized with the Yoast SEO plugin v27.3 - https:\/\/yoast.com\/product\/yoast-seo-wordpress\/ -->\n<title>Trisomie 21 in der Einrichtung - Ganzheitliche Unterst\u00fctzung - DYNSEO - Lern-App und Memory-Spiele<\/title>\n<meta name=\"robots\" content=\"index, follow, max-snippet:-1, max-image-preview:large, max-video-preview:-1\" \/>\n<link rel=\"canonical\" href=\"https:\/\/www.dynseo.com\/de\/produit\/trisomie-21-in-der-einrichtung-ganzheitliche-unterstutzung\/\" \/>\n<meta property=\"og:locale\" content=\"de_DE\" \/>\n<meta property=\"og:type\" content=\"article\" \/>\n<meta property=\"og:title\" content=\"Trisomie 21 in der Einrichtung - Ganzheitliche Unterst\u00fctzung - DYNSEO - Lern-App und Memory-Spiele\" \/>\n<meta property=\"og:url\" content=\"https:\/\/www.dynseo.com\/de\/produit\/trisomie-21-in-der-einrichtung-ganzheitliche-unterstutzung\/\" \/>\n<meta property=\"og:site_name\" content=\"DYNSEO - Lern-App und Memory-Spiele\" \/>\n<meta property=\"article:modified_time\" content=\"2026-02-11T13:15:05+00:00\" \/>\n<meta property=\"og:image\" content=\"https:\/\/www.dynseo.com\/wp-content\/uploads\/2026\/02\/trisomie-21-in-der-einrichtung-ganzheitliche-unterstutzung-1.png\" \/>\n\t<meta property=\"og:image:width\" content=\"688\" \/>\n\t<meta property=\"og:image:height\" content=\"600\" \/>\n\t<meta property=\"og:image:type\" content=\"image\/png\" \/>\n<meta name=\"twitter:label1\" content=\"Gesch\u00e4tzte Lesezeit\" \/>\n\t<meta name=\"twitter:data1\" content=\"1\u00a0Minute\" \/>\n<script type=\"application\/ld+json\" class=\"yoast-schema-graph\">{\"@context\":\"https:\\\/\\\/schema.org\",\"@graph\":[{\"@type\":\"WebPage\",\"@id\":\"https:\\\/\\\/www.dynseo.com\\\/de\\\/produit\\\/trisomie-21-in-der-einrichtung-ganzheitliche-unterstutzung\\\/\",\"url\":\"https:\\\/\\\/www.dynseo.com\\\/de\\\/produit\\\/trisomie-21-in-der-einrichtung-ganzheitliche-unterstutzung\\\/\",\"name\":\"Trisomie 21 in der Einrichtung - Ganzheitliche Unterst\u00fctzung - DYNSEO - Lern-App und Memory-Spiele\",\"isPartOf\":{\"@id\":\"https:\\\/\\\/www.dynseo.com\\\/de\\\/#website\"},\"primaryImageOfPage\":{\"@id\":\"https:\\\/\\\/www.dynseo.com\\\/de\\\/produit\\\/trisomie-21-in-der-einrichtung-ganzheitliche-unterstutzung\\\/#primaryimage\"},\"image\":{\"@id\":\"https:\\\/\\\/www.dynseo.com\\\/de\\\/produit\\\/trisomie-21-in-der-einrichtung-ganzheitliche-unterstutzung\\\/#primaryimage\"},\"thumbnailUrl\":\"https:\\\/\\\/www.dynseo.com\\\/wp-content\\\/uploads\\\/2026\\\/02\\\/trisomie-21-in-der-einrichtung-ganzheitliche-unterstutzung-1.png\",\"datePublished\":\"2026-02-11T13:10:03+00:00\",\"dateModified\":\"2026-02-11T13:15:05+00:00\",\"breadcrumb\":{\"@id\":\"https:\\\/\\\/www.dynseo.com\\\/de\\\/produit\\\/trisomie-21-in-der-einrichtung-ganzheitliche-unterstutzung\\\/#breadcrumb\"},\"inLanguage\":\"de\",\"potentialAction\":[{\"@type\":\"ReadAction\",\"target\":[\"https:\\\/\\\/www.dynseo.com\\\/de\\\/produit\\\/trisomie-21-in-der-einrichtung-ganzheitliche-unterstutzung\\\/\"]}]},{\"@type\":\"ImageObject\",\"inLanguage\":\"de\",\"@id\":\"https:\\\/\\\/www.dynseo.com\\\/de\\\/produit\\\/trisomie-21-in-der-einrichtung-ganzheitliche-unterstutzung\\\/#primaryimage\",\"url\":\"https:\\\/\\\/www.dynseo.com\\\/wp-content\\\/uploads\\\/2026\\\/02\\\/trisomie-21-in-der-einrichtung-ganzheitliche-unterstutzung-1.png\",\"contentUrl\":\"https:\\\/\\\/www.dynseo.com\\\/wp-content\\\/uploads\\\/2026\\\/02\\\/trisomie-21-in-der-einrichtung-ganzheitliche-unterstutzung-1.png\",\"width\":688,\"height\":600,\"caption\":\"DYNSEO - Kognitive Stimulation f\u00fcr ein gesundes Gehirn\"},{\"@type\":\"BreadcrumbList\",\"@id\":\"https:\\\/\\\/www.dynseo.com\\\/de\\\/produit\\\/trisomie-21-in-der-einrichtung-ganzheitliche-unterstutzung\\\/#breadcrumb\",\"itemListElement\":[{\"@type\":\"ListItem\",\"position\":1,\"name\":\"Accueil\",\"item\":\"https:\\\/\\\/www.dynseo.com\\\/de\\\/\"},{\"@type\":\"ListItem\",\"position\":2,\"name\":\"Shop\",\"item\":\"https:\\\/\\\/www.dynseo.com\\\/boutique\\\/\"},{\"@type\":\"ListItem\",\"position\":3,\"name\":\"Trisomie 21 in der Einrichtung &#8211; Ganzheitliche Unterst\u00fctzung\"}]},{\"@type\":\"WebSite\",\"@id\":\"https:\\\/\\\/www.dynseo.com\\\/de\\\/#website\",\"url\":\"https:\\\/\\\/www.dynseo.com\\\/de\\\/\",\"name\":\"Jeux de m\u00e9moire et stimulation cognitive\",\"description\":\"Entra\u00eenez votre m\u00e9moire et votre cerveau avec DYNSEO\",\"publisher\":{\"@id\":\"https:\\\/\\\/www.dynseo.com\\\/de\\\/#organization\"},\"potentialAction\":[{\"@type\":\"SearchAction\",\"target\":{\"@type\":\"EntryPoint\",\"urlTemplate\":\"https:\\\/\\\/www.dynseo.com\\\/de\\\/?s={search_term_string}\"},\"query-input\":{\"@type\":\"PropertyValueSpecification\",\"valueRequired\":true,\"valueName\":\"search_term_string\"}}],\"inLanguage\":\"de\"},{\"@type\":\"Organization\",\"@id\":\"https:\\\/\\\/www.dynseo.com\\\/de\\\/#organization\",\"name\":\"DYNSEO\",\"url\":\"https:\\\/\\\/www.dynseo.com\\\/de\\\/\",\"logo\":{\"@type\":\"ImageObject\",\"inLanguage\":\"de\",\"@id\":\"https:\\\/\\\/www.dynseo.com\\\/de\\\/#\\\/schema\\\/logo\\\/image\\\/\",\"url\":\"https:\\\/\\\/www.dynseo.com\\\/wp-content\\\/uploads\\\/2022\\\/05\\\/logo-dynseo-new.png\",\"contentUrl\":\"https:\\\/\\\/www.dynseo.com\\\/wp-content\\\/uploads\\\/2022\\\/05\\\/logo-dynseo-new.png\",\"width\":5073,\"height\":1397,\"caption\":\"DYNSEO\"},\"image\":{\"@id\":\"https:\\\/\\\/www.dynseo.com\\\/de\\\/#\\\/schema\\\/logo\\\/image\\\/\"}}]}<\/script>\n<!-- \/ Yoast SEO plugin. -->","yoast_head_json":{"title":"Trisomie 21 in der Einrichtung - Ganzheitliche Unterst\u00fctzung - DYNSEO - Lern-App und Memory-Spiele","robots":{"index":"index","follow":"follow","max-snippet":"max-snippet:-1","max-image-preview":"max-image-preview:large","max-video-preview":"max-video-preview:-1"},"canonical":"https:\/\/www.dynseo.com\/de\/produit\/trisomie-21-in-der-einrichtung-ganzheitliche-unterstutzung\/","og_locale":"de_DE","og_type":"article","og_title":"Trisomie 21 in der Einrichtung - Ganzheitliche Unterst\u00fctzung - DYNSEO - Lern-App und Memory-Spiele","og_url":"https:\/\/www.dynseo.com\/de\/produit\/trisomie-21-in-der-einrichtung-ganzheitliche-unterstutzung\/","og_site_name":"DYNSEO - Lern-App und Memory-Spiele","article_modified_time":"2026-02-11T13:15:05+00:00","og_image":[{"width":688,"height":600,"url":"https:\/\/www.dynseo.com\/wp-content\/uploads\/2026\/02\/trisomie-21-in-der-einrichtung-ganzheitliche-unterstutzung-1.png","type":"image\/png"}],"twitter_misc":{"Gesch\u00e4tzte Lesezeit":"1\u00a0Minute"},"schema":{"@context":"https:\/\/schema.org","@graph":[{"@type":"WebPage","@id":"https:\/\/www.dynseo.com\/de\/produit\/trisomie-21-in-der-einrichtung-ganzheitliche-unterstutzung\/","url":"https:\/\/www.dynseo.com\/de\/produit\/trisomie-21-in-der-einrichtung-ganzheitliche-unterstutzung\/","name":"Trisomie 21 in der Einrichtung - Ganzheitliche Unterst\u00fctzung - DYNSEO - Lern-App und Memory-Spiele","isPartOf":{"@id":"https:\/\/www.dynseo.com\/de\/#website"},"primaryImageOfPage":{"@id":"https:\/\/www.dynseo.com\/de\/produit\/trisomie-21-in-der-einrichtung-ganzheitliche-unterstutzung\/#primaryimage"},"image":{"@id":"https:\/\/www.dynseo.com\/de\/produit\/trisomie-21-in-der-einrichtung-ganzheitliche-unterstutzung\/#primaryimage"},"thumbnailUrl":"https:\/\/www.dynseo.com\/wp-content\/uploads\/2026\/02\/trisomie-21-in-der-einrichtung-ganzheitliche-unterstutzung-1.png","datePublished":"2026-02-11T13:10:03+00:00","dateModified":"2026-02-11T13:15:05+00:00","breadcrumb":{"@id":"https:\/\/www.dynseo.com\/de\/produit\/trisomie-21-in-der-einrichtung-ganzheitliche-unterstutzung\/#breadcrumb"},"inLanguage":"de","potentialAction":[{"@type":"ReadAction","target":["https:\/\/www.dynseo.com\/de\/produit\/trisomie-21-in-der-einrichtung-ganzheitliche-unterstutzung\/"]}]},{"@type":"ImageObject","inLanguage":"de","@id":"https:\/\/www.dynseo.com\/de\/produit\/trisomie-21-in-der-einrichtung-ganzheitliche-unterstutzung\/#primaryimage","url":"https:\/\/www.dynseo.com\/wp-content\/uploads\/2026\/02\/trisomie-21-in-der-einrichtung-ganzheitliche-unterstutzung-1.png","contentUrl":"https:\/\/www.dynseo.com\/wp-content\/uploads\/2026\/02\/trisomie-21-in-der-einrichtung-ganzheitliche-unterstutzung-1.png","width":688,"height":600,"caption":"DYNSEO - Kognitive Stimulation f\u00fcr ein gesundes Gehirn"},{"@type":"BreadcrumbList","@id":"https:\/\/www.dynseo.com\/de\/produit\/trisomie-21-in-der-einrichtung-ganzheitliche-unterstutzung\/#breadcrumb","itemListElement":[{"@type":"ListItem","position":1,"name":"Accueil","item":"https:\/\/www.dynseo.com\/de\/"},{"@type":"ListItem","position":2,"name":"Shop","item":"https:\/\/www.dynseo.com\/boutique\/"},{"@type":"ListItem","position":3,"name":"Trisomie 21 in der Einrichtung &#8211; Ganzheitliche Unterst\u00fctzung"}]},{"@type":"WebSite","@id":"https:\/\/www.dynseo.com\/de\/#website","url":"https:\/\/www.dynseo.com\/de\/","name":"Jeux de m\u00e9moire et stimulation cognitive","description":"Entra\u00eenez votre m\u00e9moire et votre cerveau avec DYNSEO","publisher":{"@id":"https:\/\/www.dynseo.com\/de\/#organization"},"potentialAction":[{"@type":"SearchAction","target":{"@type":"EntryPoint","urlTemplate":"https:\/\/www.dynseo.com\/de\/?s={search_term_string}"},"query-input":{"@type":"PropertyValueSpecification","valueRequired":true,"valueName":"search_term_string"}}],"inLanguage":"de"},{"@type":"Organization","@id":"https:\/\/www.dynseo.com\/de\/#organization","name":"DYNSEO","url":"https:\/\/www.dynseo.com\/de\/","logo":{"@type":"ImageObject","inLanguage":"de","@id":"https:\/\/www.dynseo.com\/de\/#\/schema\/logo\/image\/","url":"https:\/\/www.dynseo.com\/wp-content\/uploads\/2022\/05\/logo-dynseo-new.png","contentUrl":"https:\/\/www.dynseo.com\/wp-content\/uploads\/2022\/05\/logo-dynseo-new.png","width":5073,"height":1397,"caption":"DYNSEO"},"image":{"@id":"https:\/\/www.dynseo.com\/de\/#\/schema\/logo\/image\/"}}]}},"_links":{"self":[{"href":"https:\/\/www.dynseo.com\/de\/wp-json\/wp\/v2\/product\/497904","targetHints":{"allow":["GET"]}}],"collection":[{"href":"https:\/\/www.dynseo.com\/de\/wp-json\/wp\/v2\/product"}],"about":[{"href":"https:\/\/www.dynseo.com\/de\/wp-json\/wp\/v2\/types\/product"}],"replies":[{"embeddable":true,"href":"https:\/\/www.dynseo.com\/de\/wp-json\/wp\/v2\/comments?post=497904"}],"wp:featuredmedia":[{"embeddable":true,"href":"https:\/\/www.dynseo.com\/de\/wp-json\/wp\/v2\/media\/497906"}],"wp:attachment":[{"href":"https:\/\/www.dynseo.com\/de\/wp-json\/wp\/v2\/media?parent=497904"}],"wp:term":[{"taxonomy":"product_brand","embeddable":true,"href":"https:\/\/www.dynseo.com\/de\/wp-json\/wp\/v2\/product_brand?post=497904"},{"taxonomy":"product_cat","embeddable":true,"href":"https:\/\/www.dynseo.com\/de\/wp-json\/wp\/v2\/product_cat?post=497904"},{"taxonomy":"product_tag","embeddable":true,"href":"https:\/\/www.dynseo.com\/de\/wp-json\/wp\/v2\/product_tag?post=497904"}],"curies":[{"name":"wp","href":"https:\/\/api.w.org\/{rel}","templated":true}]}}