{"id":539271,"date":"2026-04-08T11:23:51","date_gmt":"2026-04-08T09:23:51","guid":{"rendered":"https:\/\/www.dynseo.com\/produit\/acces-outil-solo-2\/"},"modified":"2026-04-08T11:24:00","modified_gmt":"2026-04-08T09:24:00","slug":"zugang-zum-solo-tool","status":"publish","type":"product","link":"https:\/\/www.dynseo.com\/de\/produit\/zugang-zum-solo-tool\/","title":{"rendered":"Zugang zum Solo-Tool"},"content":{"rendered":"<p>1 outil au choix \u00b7 jusqu&#8217;\u00e0 10 passations pour 1 patient. Acc\u00e8s \u00e0 jamais (ONE SHOT).<\/p>\n","protected":false},"excerpt":{"rendered":"<p>1 outil au choix \u00b7 jusqu&#8217;\u00e0 10 passations pour 1 patient. Acc\u00e8s \u00e0 jamais (ONE SHOT).<\/p>\n","protected":false},"featured_media":539189,"comment_status":"closed","ping_status":"closed","template":"","meta":{"_et_pb_use_builder":"","_et_pb_old_content":"1 outil au choix \u00b7 jusqu'\u00e0 10 passations pour 1 patient. Acc\u00e8s \u00e0 jamais (ONE SHOT).","_et_gb_content_width":""},"product_brand":[],"product_cat":[],"product_tag":[],"class_list":{"0":"post-539271","1":"product","2":"type-product","3":"status-publish","4":"has-post-thumbnail","7":"first","8":"instock","9":"virtual","10":"taxable","11":"purchasable","12":"product-type-simple"},"yoast_head":"<!-- This site is optimized with the Yoast SEO plugin v27.3 - https:\/\/yoast.com\/product\/yoast-seo-wordpress\/ -->\n<title>Zugang zum Solo-Tool - DYNSEO - Lern-App und Memory-Spiele<\/title>\n<meta name=\"robots\" content=\"index, follow, max-snippet:-1, max-image-preview:large, max-video-preview:-1\" \/>\n<link rel=\"canonical\" href=\"https:\/\/www.dynseo.com\/de\/produit\/zugang-zum-solo-tool\/\" \/>\n<meta property=\"og:locale\" content=\"de_DE\" \/>\n<meta property=\"og:type\" content=\"article\" \/>\n<meta property=\"og:title\" content=\"Zugang zum Solo-Tool - DYNSEO - Lern-App und Memory-Spiele\" \/>\n<meta property=\"og:description\" content=\"1 outil au choix \u00b7 jusqu&#8217;\u00e0 10 passations pour 1 patient. Acc\u00e8s \u00e0 jamais (ONE SHOT).\" \/>\n<meta property=\"og:url\" content=\"https:\/\/www.dynseo.com\/de\/produit\/zugang-zum-solo-tool\/\" \/>\n<meta property=\"og:site_name\" content=\"DYNSEO - Lern-App und Memory-Spiele\" \/>\n<meta property=\"article:modified_time\" content=\"2026-04-08T09:24:00+00:00\" \/>\n<meta property=\"og:image\" content=\"https:\/\/www.dynseo.com\/wp-content\/uploads\/2026\/04\/Toutes-realisations-Image-site-web-erferencement-aegnce-DYNSEO-conception-site-web-et-application-mobiles-sur-mesure-.png\" \/>\n\t<meta property=\"og:image:width\" content=\"1080\" \/>\n\t<meta property=\"og:image:height\" content=\"1080\" \/>\n\t<meta property=\"og:image:type\" content=\"image\/png\" \/>\n<script type=\"application\/ld+json\" class=\"yoast-schema-graph\">{\"@context\":\"https:\\\/\\\/schema.org\",\"@graph\":[{\"@type\":\"WebPage\",\"@id\":\"https:\\\/\\\/www.dynseo.com\\\/de\\\/produit\\\/zugang-zum-solo-tool\\\/\",\"url\":\"https:\\\/\\\/www.dynseo.com\\\/de\\\/produit\\\/zugang-zum-solo-tool\\\/\",\"name\":\"Zugang zum Solo-Tool - DYNSEO - Lern-App und Memory-Spiele\",\"isPartOf\":{\"@id\":\"https:\\\/\\\/www.dynseo.com\\\/de\\\/#website\"},\"primaryImageOfPage\":{\"@id\":\"https:\\\/\\\/www.dynseo.com\\\/de\\\/produit\\\/zugang-zum-solo-tool\\\/#primaryimage\"},\"image\":{\"@id\":\"https:\\\/\\\/www.dynseo.com\\\/de\\\/produit\\\/zugang-zum-solo-tool\\\/#primaryimage\"},\"thumbnailUrl\":\"https:\\\/\\\/www.dynseo.com\\\/wp-content\\\/uploads\\\/2026\\\/04\\\/Toutes-realisations-Image-site-web-erferencement-aegnce-DYNSEO-conception-site-web-et-application-mobiles-sur-mesure-.png\",\"datePublished\":\"2026-04-08T09:23:51+00:00\",\"dateModified\":\"2026-04-08T09:24:00+00:00\",\"breadcrumb\":{\"@id\":\"https:\\\/\\\/www.dynseo.com\\\/de\\\/produit\\\/zugang-zum-solo-tool\\\/#breadcrumb\"},\"inLanguage\":\"de\",\"potentialAction\":[{\"@type\":\"ReadAction\",\"target\":[\"https:\\\/\\\/www.dynseo.com\\\/de\\\/produit\\\/zugang-zum-solo-tool\\\/\"]}]},{\"@type\":\"ImageObject\",\"inLanguage\":\"de\",\"@id\":\"https:\\\/\\\/www.dynseo.com\\\/de\\\/produit\\\/zugang-zum-solo-tool\\\/#primaryimage\",\"url\":\"https:\\\/\\\/www.dynseo.com\\\/wp-content\\\/uploads\\\/2026\\\/04\\\/Toutes-realisations-Image-site-web-erferencement-aegnce-DYNSEO-conception-site-web-et-application-mobiles-sur-mesure-.png\",\"contentUrl\":\"https:\\\/\\\/www.dynseo.com\\\/wp-content\\\/uploads\\\/2026\\\/04\\\/Toutes-realisations-Image-site-web-erferencement-aegnce-DYNSEO-conception-site-web-et-application-mobiles-sur-mesure-.png\",\"width\":1080,\"height\":1080,\"caption\":\"Toutes re\u0301alisations Image site web erferencement aegnce DYNSEO conception site web et application mobiles sur mesure\"},{\"@type\":\"BreadcrumbList\",\"@id\":\"https:\\\/\\\/www.dynseo.com\\\/de\\\/produit\\\/zugang-zum-solo-tool\\\/#breadcrumb\",\"itemListElement\":[{\"@type\":\"ListItem\",\"position\":1,\"name\":\"Accueil\",\"item\":\"https:\\\/\\\/www.dynseo.com\\\/de\\\/\"},{\"@type\":\"ListItem\",\"position\":2,\"name\":\"Shop\",\"item\":\"https:\\\/\\\/www.dynseo.com\\\/boutique\\\/\"},{\"@type\":\"ListItem\",\"position\":3,\"name\":\"Zugang zum Solo-Tool\"}]},{\"@type\":\"WebSite\",\"@id\":\"https:\\\/\\\/www.dynseo.com\\\/de\\\/#website\",\"url\":\"https:\\\/\\\/www.dynseo.com\\\/de\\\/\",\"name\":\"Jeux de m\u00e9moire et stimulation cognitive\",\"description\":\"Entra\u00eenez votre m\u00e9moire et votre cerveau avec DYNSEO\",\"publisher\":{\"@id\":\"https:\\\/\\\/www.dynseo.com\\\/de\\\/#organization\"},\"potentialAction\":[{\"@type\":\"SearchAction\",\"target\":{\"@type\":\"EntryPoint\",\"urlTemplate\":\"https:\\\/\\\/www.dynseo.com\\\/de\\\/?s={search_term_string}\"},\"query-input\":{\"@type\":\"PropertyValueSpecification\",\"valueRequired\":true,\"valueName\":\"search_term_string\"}}],\"inLanguage\":\"de\"},{\"@type\":\"Organization\",\"@id\":\"https:\\\/\\\/www.dynseo.com\\\/de\\\/#organization\",\"name\":\"DYNSEO\",\"url\":\"https:\\\/\\\/www.dynseo.com\\\/de\\\/\",\"logo\":{\"@type\":\"ImageObject\",\"inLanguage\":\"de\",\"@id\":\"https:\\\/\\\/www.dynseo.com\\\/de\\\/#\\\/schema\\\/logo\\\/image\\\/\",\"url\":\"https:\\\/\\\/www.dynseo.com\\\/wp-content\\\/uploads\\\/2022\\\/05\\\/logo-dynseo-new.png\",\"contentUrl\":\"https:\\\/\\\/www.dynseo.com\\\/wp-content\\\/uploads\\\/2022\\\/05\\\/logo-dynseo-new.png\",\"width\":5073,\"height\":1397,\"caption\":\"DYNSEO\"},\"image\":{\"@id\":\"https:\\\/\\\/www.dynseo.com\\\/de\\\/#\\\/schema\\\/logo\\\/image\\\/\"}}]}<\/script>\n<!-- \/ Yoast SEO plugin. -->","yoast_head_json":{"title":"Zugang zum Solo-Tool - DYNSEO - Lern-App und Memory-Spiele","robots":{"index":"index","follow":"follow","max-snippet":"max-snippet:-1","max-image-preview":"max-image-preview:large","max-video-preview":"max-video-preview:-1"},"canonical":"https:\/\/www.dynseo.com\/de\/produit\/zugang-zum-solo-tool\/","og_locale":"de_DE","og_type":"article","og_title":"Zugang zum Solo-Tool - DYNSEO - Lern-App und Memory-Spiele","og_description":"1 outil au choix \u00b7 jusqu&#8217;\u00e0 10 passations pour 1 patient. Acc\u00e8s \u00e0 jamais (ONE SHOT).","og_url":"https:\/\/www.dynseo.com\/de\/produit\/zugang-zum-solo-tool\/","og_site_name":"DYNSEO - Lern-App und Memory-Spiele","article_modified_time":"2026-04-08T09:24:00+00:00","og_image":[{"width":1080,"height":1080,"url":"https:\/\/www.dynseo.com\/wp-content\/uploads\/2026\/04\/Toutes-realisations-Image-site-web-erferencement-aegnce-DYNSEO-conception-site-web-et-application-mobiles-sur-mesure-.png","type":"image\/png"}],"schema":{"@context":"https:\/\/schema.org","@graph":[{"@type":"WebPage","@id":"https:\/\/www.dynseo.com\/de\/produit\/zugang-zum-solo-tool\/","url":"https:\/\/www.dynseo.com\/de\/produit\/zugang-zum-solo-tool\/","name":"Zugang zum Solo-Tool - DYNSEO - Lern-App und Memory-Spiele","isPartOf":{"@id":"https:\/\/www.dynseo.com\/de\/#website"},"primaryImageOfPage":{"@id":"https:\/\/www.dynseo.com\/de\/produit\/zugang-zum-solo-tool\/#primaryimage"},"image":{"@id":"https:\/\/www.dynseo.com\/de\/produit\/zugang-zum-solo-tool\/#primaryimage"},"thumbnailUrl":"https:\/\/www.dynseo.com\/wp-content\/uploads\/2026\/04\/Toutes-realisations-Image-site-web-erferencement-aegnce-DYNSEO-conception-site-web-et-application-mobiles-sur-mesure-.png","datePublished":"2026-04-08T09:23:51+00:00","dateModified":"2026-04-08T09:24:00+00:00","breadcrumb":{"@id":"https:\/\/www.dynseo.com\/de\/produit\/zugang-zum-solo-tool\/#breadcrumb"},"inLanguage":"de","potentialAction":[{"@type":"ReadAction","target":["https:\/\/www.dynseo.com\/de\/produit\/zugang-zum-solo-tool\/"]}]},{"@type":"ImageObject","inLanguage":"de","@id":"https:\/\/www.dynseo.com\/de\/produit\/zugang-zum-solo-tool\/#primaryimage","url":"https:\/\/www.dynseo.com\/wp-content\/uploads\/2026\/04\/Toutes-realisations-Image-site-web-erferencement-aegnce-DYNSEO-conception-site-web-et-application-mobiles-sur-mesure-.png","contentUrl":"https:\/\/www.dynseo.com\/wp-content\/uploads\/2026\/04\/Toutes-realisations-Image-site-web-erferencement-aegnce-DYNSEO-conception-site-web-et-application-mobiles-sur-mesure-.png","width":1080,"height":1080,"caption":"Toutes re\u0301alisations Image site web erferencement aegnce DYNSEO conception site web et application mobiles sur mesure"},{"@type":"BreadcrumbList","@id":"https:\/\/www.dynseo.com\/de\/produit\/zugang-zum-solo-tool\/#breadcrumb","itemListElement":[{"@type":"ListItem","position":1,"name":"Accueil","item":"https:\/\/www.dynseo.com\/de\/"},{"@type":"ListItem","position":2,"name":"Shop","item":"https:\/\/www.dynseo.com\/boutique\/"},{"@type":"ListItem","position":3,"name":"Zugang zum Solo-Tool"}]},{"@type":"WebSite","@id":"https:\/\/www.dynseo.com\/de\/#website","url":"https:\/\/www.dynseo.com\/de\/","name":"Jeux de m\u00e9moire et stimulation cognitive","description":"Entra\u00eenez votre m\u00e9moire et votre cerveau avec DYNSEO","publisher":{"@id":"https:\/\/www.dynseo.com\/de\/#organization"},"potentialAction":[{"@type":"SearchAction","target":{"@type":"EntryPoint","urlTemplate":"https:\/\/www.dynseo.com\/de\/?s={search_term_string}"},"query-input":{"@type":"PropertyValueSpecification","valueRequired":true,"valueName":"search_term_string"}}],"inLanguage":"de"},{"@type":"Organization","@id":"https:\/\/www.dynseo.com\/de\/#organization","name":"DYNSEO","url":"https:\/\/www.dynseo.com\/de\/","logo":{"@type":"ImageObject","inLanguage":"de","@id":"https:\/\/www.dynseo.com\/de\/#\/schema\/logo\/image\/","url":"https:\/\/www.dynseo.com\/wp-content\/uploads\/2022\/05\/logo-dynseo-new.png","contentUrl":"https:\/\/www.dynseo.com\/wp-content\/uploads\/2022\/05\/logo-dynseo-new.png","width":5073,"height":1397,"caption":"DYNSEO"},"image":{"@id":"https:\/\/www.dynseo.com\/de\/#\/schema\/logo\/image\/"}}]}},"_links":{"self":[{"href":"https:\/\/www.dynseo.com\/de\/wp-json\/wp\/v2\/product\/539271","targetHints":{"allow":["GET"]}}],"collection":[{"href":"https:\/\/www.dynseo.com\/de\/wp-json\/wp\/v2\/product"}],"about":[{"href":"https:\/\/www.dynseo.com\/de\/wp-json\/wp\/v2\/types\/product"}],"replies":[{"embeddable":true,"href":"https:\/\/www.dynseo.com\/de\/wp-json\/wp\/v2\/comments?post=539271"}],"wp:featuredmedia":[{"embeddable":true,"href":"https:\/\/www.dynseo.com\/de\/wp-json\/wp\/v2\/media\/539189"}],"wp:attachment":[{"href":"https:\/\/www.dynseo.com\/de\/wp-json\/wp\/v2\/media?parent=539271"}],"wp:term":[{"taxonomy":"product_brand","embeddable":true,"href":"https:\/\/www.dynseo.com\/de\/wp-json\/wp\/v2\/product_brand?post=539271"},{"taxonomy":"product_cat","embeddable":true,"href":"https:\/\/www.dynseo.com\/de\/wp-json\/wp\/v2\/product_cat?post=539271"},{"taxonomy":"product_tag","embeddable":true,"href":"https:\/\/www.dynseo.com\/de\/wp-json\/wp\/v2\/product_tag?post=539271"}],"curies":[{"name":"wp","href":"https:\/\/api.w.org\/{rel}","templated":true}]}}