{"id":570474,"date":"2026-04-29T10:23:54","date_gmt":"2026-04-29T08:23:54","guid":{"rendered":"https:\/\/www.dynseo.com\/produit\/arbeiten-im-esat-die-arbeitsumgebung-verstehen-und-anpassen\/"},"modified":"2026-04-29T10:23:54","modified_gmt":"2026-04-29T08:23:54","slug":"arbeiten-im-esat-die-arbeitsumgebung-verstehen-und-anpassen","status":"publish","type":"product","link":"https:\/\/www.dynseo.com\/de\/produit\/arbeiten-im-esat-die-arbeitsumgebung-verstehen-und-anpassen\/","title":{"rendered":"Arbeiten im ESAT: Die Arbeitsumgebung verstehen und anpassen"},"content":{"rendered":"","protected":false},"excerpt":{"rendered":"","protected":false},"featured_media":518532,"comment_status":"open","ping_status":"closed","template":"","meta":{"_et_pb_use_builder":"","_et_pb_old_content":"","_et_gb_content_width":""},"product_brand":[],"product_cat":[4627],"product_tag":[],"class_list":{"0":"post-570474","1":"product","2":"type-product","3":"status-publish","4":"has-post-thumbnail","6":"product_cat-schulungen","8":"first","9":"instock","10":"virtual","11":"taxable","12":"purchasable","13":"product-type-simple"},"yoast_head":"<!-- This site is optimized with the Yoast SEO plugin v27.5 - https:\/\/yoast.com\/product\/yoast-seo-wordpress\/ -->\n<title>Arbeiten im ESAT: Die Arbeitsumgebung verstehen und anpassen - DYNSEO - Lern-App und Memory-Spiele<\/title>\n<meta name=\"robots\" content=\"index, follow, max-snippet:-1, max-image-preview:large, max-video-preview:-1\" \/>\n<link rel=\"canonical\" href=\"https:\/\/www.dynseo.com\/de\/produit\/arbeiten-im-esat-die-arbeitsumgebung-verstehen-und-anpassen\/\" \/>\n<meta property=\"og:locale\" content=\"de_DE\" \/>\n<meta property=\"og:type\" content=\"article\" \/>\n<meta property=\"og:title\" content=\"Arbeiten im ESAT: Die Arbeitsumgebung verstehen und anpassen - DYNSEO - Lern-App und Memory-Spiele\" \/>\n<meta property=\"og:url\" content=\"https:\/\/www.dynseo.com\/de\/produit\/arbeiten-im-esat-die-arbeitsumgebung-verstehen-und-anpassen\/\" \/>\n<meta property=\"og:site_name\" content=\"DYNSEO - Lern-App und Memory-Spiele\" \/>\n<script type=\"application\/ld+json\" class=\"yoast-schema-graph\">{\"@context\":\"https:\\\/\\\/schema.org\",\"@graph\":[{\"@type\":\"WebPage\",\"@id\":\"https:\\\/\\\/www.dynseo.com\\\/de\\\/produit\\\/arbeiten-im-esat-die-arbeitsumgebung-verstehen-und-anpassen\\\/\",\"url\":\"https:\\\/\\\/www.dynseo.com\\\/de\\\/produit\\\/arbeiten-im-esat-die-arbeitsumgebung-verstehen-und-anpassen\\\/\",\"name\":\"Arbeiten im ESAT: Die Arbeitsumgebung verstehen und anpassen - DYNSEO - Lern-App und Memory-Spiele\",\"isPartOf\":{\"@id\":\"https:\\\/\\\/www.dynseo.com\\\/de\\\/#website\"},\"primaryImageOfPage\":{\"@id\":\"https:\\\/\\\/www.dynseo.com\\\/de\\\/produit\\\/arbeiten-im-esat-die-arbeitsumgebung-verstehen-und-anpassen\\\/#primaryimage\"},\"image\":{\"@id\":\"https:\\\/\\\/www.dynseo.com\\\/de\\\/produit\\\/arbeiten-im-esat-die-arbeitsumgebung-verstehen-und-anpassen\\\/#primaryimage\"},\"thumbnailUrl\":\"https:\\\/\\\/www.dynseo.com\\\/wp-content\\\/uploads\\\/2026\\\/03\\\/PRO-allemand.png\",\"datePublished\":\"2026-04-29T08:23:54+00:00\",\"breadcrumb\":{\"@id\":\"https:\\\/\\\/www.dynseo.com\\\/de\\\/produit\\\/arbeiten-im-esat-die-arbeitsumgebung-verstehen-und-anpassen\\\/#breadcrumb\"},\"inLanguage\":\"de\",\"potentialAction\":[{\"@type\":\"ReadAction\",\"target\":[\"https:\\\/\\\/www.dynseo.com\\\/de\\\/produit\\\/arbeiten-im-esat-die-arbeitsumgebung-verstehen-und-anpassen\\\/\"]}]},{\"@type\":\"ImageObject\",\"inLanguage\":\"de\",\"@id\":\"https:\\\/\\\/www.dynseo.com\\\/de\\\/produit\\\/arbeiten-im-esat-die-arbeitsumgebung-verstehen-und-anpassen\\\/#primaryimage\",\"url\":\"https:\\\/\\\/www.dynseo.com\\\/wp-content\\\/uploads\\\/2026\\\/03\\\/PRO-allemand.png\",\"contentUrl\":\"https:\\\/\\\/www.dynseo.com\\\/wp-content\\\/uploads\\\/2026\\\/03\\\/PRO-allemand.png\",\"width\":500,\"height\":500,\"caption\":\"DYNSEO\u7684\u8bb0\u5fc6\u8bad\u7ec3\u5e94\u7528\u4e3a\u8001\u5e74\u4eba\u5e26\u6765\u6109\u60a6\u7684\u8ba4\u77e5\u523a\u6fc0\"},{\"@type\":\"BreadcrumbList\",\"@id\":\"https:\\\/\\\/www.dynseo.com\\\/de\\\/produit\\\/arbeiten-im-esat-die-arbeitsumgebung-verstehen-und-anpassen\\\/#breadcrumb\",\"itemListElement\":[{\"@type\":\"ListItem\",\"position\":1,\"name\":\"Accueil\",\"item\":\"https:\\\/\\\/www.dynseo.com\\\/de\"},{\"@type\":\"ListItem\",\"position\":2,\"name\":\"Shop\",\"item\":\"https:\\\/\\\/www.dynseo.com\\\/de\\\/shop\\\/\"},{\"@type\":\"ListItem\",\"position\":3,\"name\":\"Arbeiten im ESAT: Die Arbeitsumgebung verstehen und anpassen\"}]},{\"@type\":\"WebSite\",\"@id\":\"https:\\\/\\\/www.dynseo.com\\\/de\\\/#website\",\"url\":\"https:\\\/\\\/www.dynseo.com\\\/de\\\/\",\"name\":\"Jeux de m\u00e9moire et stimulation cognitive\",\"description\":\"Entra\u00eenez votre m\u00e9moire et votre cerveau avec DYNSEO\",\"publisher\":{\"@id\":\"https:\\\/\\\/www.dynseo.com\\\/de\\\/#organization\"},\"potentialAction\":[{\"@type\":\"SearchAction\",\"target\":{\"@type\":\"EntryPoint\",\"urlTemplate\":\"https:\\\/\\\/www.dynseo.com\\\/de\\\/?s={search_term_string}\"},\"query-input\":{\"@type\":\"PropertyValueSpecification\",\"valueRequired\":true,\"valueName\":\"search_term_string\"}}],\"inLanguage\":\"de\"},{\"@type\":\"Organization\",\"@id\":\"https:\\\/\\\/www.dynseo.com\\\/de\\\/#organization\",\"name\":\"DYNSEO\",\"url\":\"https:\\\/\\\/www.dynseo.com\\\/de\\\/\",\"logo\":{\"@type\":\"ImageObject\",\"inLanguage\":\"de\",\"@id\":\"https:\\\/\\\/www.dynseo.com\\\/de\\\/#\\\/schema\\\/logo\\\/image\\\/\",\"url\":\"https:\\\/\\\/www.dynseo.com\\\/wp-content\\\/uploads\\\/2022\\\/05\\\/logo-dynseo-new.png\",\"contentUrl\":\"https:\\\/\\\/www.dynseo.com\\\/wp-content\\\/uploads\\\/2022\\\/05\\\/logo-dynseo-new.png\",\"width\":5073,\"height\":1397,\"caption\":\"DYNSEO\"},\"image\":{\"@id\":\"https:\\\/\\\/www.dynseo.com\\\/de\\\/#\\\/schema\\\/logo\\\/image\\\/\"}}]}<\/script>\n<!-- \/ Yoast SEO plugin. -->","yoast_head_json":{"title":"Arbeiten im ESAT: Die Arbeitsumgebung verstehen und anpassen - DYNSEO - Lern-App und Memory-Spiele","robots":{"index":"index","follow":"follow","max-snippet":"max-snippet:-1","max-image-preview":"max-image-preview:large","max-video-preview":"max-video-preview:-1"},"canonical":"https:\/\/www.dynseo.com\/de\/produit\/arbeiten-im-esat-die-arbeitsumgebung-verstehen-und-anpassen\/","og_locale":"de_DE","og_type":"article","og_title":"Arbeiten im ESAT: Die Arbeitsumgebung verstehen und anpassen - DYNSEO - Lern-App und Memory-Spiele","og_url":"https:\/\/www.dynseo.com\/de\/produit\/arbeiten-im-esat-die-arbeitsumgebung-verstehen-und-anpassen\/","og_site_name":"DYNSEO - Lern-App und Memory-Spiele","schema":{"@context":"https:\/\/schema.org","@graph":[{"@type":"WebPage","@id":"https:\/\/www.dynseo.com\/de\/produit\/arbeiten-im-esat-die-arbeitsumgebung-verstehen-und-anpassen\/","url":"https:\/\/www.dynseo.com\/de\/produit\/arbeiten-im-esat-die-arbeitsumgebung-verstehen-und-anpassen\/","name":"Arbeiten im ESAT: Die Arbeitsumgebung verstehen und anpassen - DYNSEO - Lern-App und Memory-Spiele","isPartOf":{"@id":"https:\/\/www.dynseo.com\/de\/#website"},"primaryImageOfPage":{"@id":"https:\/\/www.dynseo.com\/de\/produit\/arbeiten-im-esat-die-arbeitsumgebung-verstehen-und-anpassen\/#primaryimage"},"image":{"@id":"https:\/\/www.dynseo.com\/de\/produit\/arbeiten-im-esat-die-arbeitsumgebung-verstehen-und-anpassen\/#primaryimage"},"thumbnailUrl":"https:\/\/www.dynseo.com\/wp-content\/uploads\/2026\/03\/PRO-allemand.png","datePublished":"2026-04-29T08:23:54+00:00","breadcrumb":{"@id":"https:\/\/www.dynseo.com\/de\/produit\/arbeiten-im-esat-die-arbeitsumgebung-verstehen-und-anpassen\/#breadcrumb"},"inLanguage":"de","potentialAction":[{"@type":"ReadAction","target":["https:\/\/www.dynseo.com\/de\/produit\/arbeiten-im-esat-die-arbeitsumgebung-verstehen-und-anpassen\/"]}]},{"@type":"ImageObject","inLanguage":"de","@id":"https:\/\/www.dynseo.com\/de\/produit\/arbeiten-im-esat-die-arbeitsumgebung-verstehen-und-anpassen\/#primaryimage","url":"https:\/\/www.dynseo.com\/wp-content\/uploads\/2026\/03\/PRO-allemand.png","contentUrl":"https:\/\/www.dynseo.com\/wp-content\/uploads\/2026\/03\/PRO-allemand.png","width":500,"height":500,"caption":"DYNSEO\u7684\u8bb0\u5fc6\u8bad\u7ec3\u5e94\u7528\u4e3a\u8001\u5e74\u4eba\u5e26\u6765\u6109\u60a6\u7684\u8ba4\u77e5\u523a\u6fc0"},{"@type":"BreadcrumbList","@id":"https:\/\/www.dynseo.com\/de\/produit\/arbeiten-im-esat-die-arbeitsumgebung-verstehen-und-anpassen\/#breadcrumb","itemListElement":[{"@type":"ListItem","position":1,"name":"Accueil","item":"https:\/\/www.dynseo.com\/de"},{"@type":"ListItem","position":2,"name":"Shop","item":"https:\/\/www.dynseo.com\/de\/shop\/"},{"@type":"ListItem","position":3,"name":"Arbeiten im ESAT: Die Arbeitsumgebung verstehen und anpassen"}]},{"@type":"WebSite","@id":"https:\/\/www.dynseo.com\/de\/#website","url":"https:\/\/www.dynseo.com\/de\/","name":"Jeux de m\u00e9moire et stimulation cognitive","description":"Entra\u00eenez votre m\u00e9moire et votre cerveau avec DYNSEO","publisher":{"@id":"https:\/\/www.dynseo.com\/de\/#organization"},"potentialAction":[{"@type":"SearchAction","target":{"@type":"EntryPoint","urlTemplate":"https:\/\/www.dynseo.com\/de\/?s={search_term_string}"},"query-input":{"@type":"PropertyValueSpecification","valueRequired":true,"valueName":"search_term_string"}}],"inLanguage":"de"},{"@type":"Organization","@id":"https:\/\/www.dynseo.com\/de\/#organization","name":"DYNSEO","url":"https:\/\/www.dynseo.com\/de\/","logo":{"@type":"ImageObject","inLanguage":"de","@id":"https:\/\/www.dynseo.com\/de\/#\/schema\/logo\/image\/","url":"https:\/\/www.dynseo.com\/wp-content\/uploads\/2022\/05\/logo-dynseo-new.png","contentUrl":"https:\/\/www.dynseo.com\/wp-content\/uploads\/2022\/05\/logo-dynseo-new.png","width":5073,"height":1397,"caption":"DYNSEO"},"image":{"@id":"https:\/\/www.dynseo.com\/de\/#\/schema\/logo\/image\/"}}]}},"_links":{"self":[{"href":"https:\/\/www.dynseo.com\/de\/wp-json\/wp\/v2\/product\/570474","targetHints":{"allow":["GET"]}}],"collection":[{"href":"https:\/\/www.dynseo.com\/de\/wp-json\/wp\/v2\/product"}],"about":[{"href":"https:\/\/www.dynseo.com\/de\/wp-json\/wp\/v2\/types\/product"}],"replies":[{"embeddable":true,"href":"https:\/\/www.dynseo.com\/de\/wp-json\/wp\/v2\/comments?post=570474"}],"wp:featuredmedia":[{"embeddable":true,"href":"https:\/\/www.dynseo.com\/de\/wp-json\/wp\/v2\/media\/518532"}],"wp:attachment":[{"href":"https:\/\/www.dynseo.com\/de\/wp-json\/wp\/v2\/media?parent=570474"}],"wp:term":[{"taxonomy":"product_brand","embeddable":true,"href":"https:\/\/www.dynseo.com\/de\/wp-json\/wp\/v2\/product_brand?post=570474"},{"taxonomy":"product_cat","embeddable":true,"href":"https:\/\/www.dynseo.com\/de\/wp-json\/wp\/v2\/product_cat?post=570474"},{"taxonomy":"product_tag","embeddable":true,"href":"https:\/\/www.dynseo.com\/de\/wp-json\/wp\/v2\/product_tag?post=570474"}],"curies":[{"name":"wp","href":"https:\/\/api.w.org\/{rel}","templated":true}]}}