{"id":1206,"date":"2014-05-12T16:16:57","date_gmt":"2014-05-12T15:16:57","guid":{"rendered":"http:\/\/www.dynseo.com\/?page_id=1206"},"modified":"2025-12-17T12:51:46","modified_gmt":"2025-12-17T11:51:46","slug":"our-videos","status":"publish","type":"page","link":"https:\/\/www.dynseo.com\/en\/brain-games-apps\/our-videos\/","title":{"rendered":"Our videos"},"content":{"rendered":"<p><!-- Start Alexa Certify Javascript --><br \/>\n<script type=\"text\/javascript\">\n_atrk_opts = { atrk_acct:\"wh4vk1acBb00UA\", domain:\"dynseo.com\",dynamic: true};\n(function() { var as = document.createElement('script'); as.type = 'text\/javascript'; as.async = true; as.src = \"https:\/\/d31qbv1cthcecs.cloudfront.net\/atrk.js\"; var s = document.getElementsByTagName('script')[0];s.parentNode.insertBefore(as, s); })();\n<\/script><br \/>\n<noscript><\/noscript><br \/>\n<!-- End Alexa Certify Javascript --><\/p>\n<h2><span style=\"color: #3366ff;\">Our promotional videos\u00a0<\/span><\/h2>\n<p>&nbsp;<\/p>\n<p>&nbsp;<\/p>\n<h3>Stimulate your residents\u00a0 on a <a href=\"https:\/\/www.dynseo.com\/en\/summer-activities-for-seniors-creative-ideas-with-the-annelies-tablet\/\" title=\"Summer Activities for Seniors: Creative Ideas with the Annelies Tablet\">tablet<\/a>!\u00a0 \u00a0 \u00a0 \u00a0 \u00a0 \u00a0 \u00a0 \u00a0 \u00a0 \u00a0 \u00a0 \u00a0 \u00a0\u00a0Stimulate yourself while having fun!<\/h3>\n<p>\u00a0 \u00a0 \u00a0 \u00a0\u00a0<\/p>\n<p>&nbsp;<\/p>\n<h3>Stimulate with your family!<\/h3>\n<p>Thank you very much to our wonderful actors Eliane, Hanae, Claude and Maxentius, and Barrere Jordan for his excellent work as a director!<\/p>\n<p><iframe loading=\"lazy\" src=\"\/\/www.youtube.com\/embed\/5H7ka9ZvvH4\" width=\"450\" height=\"253\" frameborder=\"0\" allowfullscreen=\"allowfullscreen\"><\/iframe>\u00a0<iframe loading=\"lazy\" style=\"line-height: 1.5em;\" src=\"\/\/www.youtube.com\/embed\/gZTsRlvKG2A\" width=\"450\" height=\"253\" frameborder=\"0\" allowfullscreen=\"allowfullscreen\"><\/iframe><\/p>\n<p><iframe loading=\"lazy\" src=\"\/\/www.youtube.com\/embed\/dgOKjcvAuwg\" width=\"450\" height=\"253\" frameborder=\"0\" allowfullscreen=\"allowfullscreen\"><\/iframe>\u00a0<iframe loading=\"lazy\" style=\"line-height: 1.5em;\" src=\"\/\/www.youtube.com\/embed\/kv5FWaiYwVI\" width=\"450\" height=\"253\" frameborder=\"0\" allowfullscreen=\"allowfullscreen\"><\/iframe><\/p>\n<p><iframe loading=\"lazy\" src=\"\/\/www.youtube.com\/embed\/vaT8NjjflpU\" width=\"450\" height=\"253\" frameborder=\"0\" allowfullscreen=\"allowfullscreen\"><\/iframe>\u00a0<iframe loading=\"lazy\" style=\"line-height: 1.5em;\" src=\"\/\/www.youtube.com\/embed\/jgoX9jprYoQ\" width=\"450\" height=\"253\" frameborder=\"0\" allowfullscreen=\"allowfullscreen\"><\/iframe><\/p>\n<p>[et_pb_code]<script type=\"application\/ld+json\">{\"@context\":\"https:\/\/schema.org\",\"@type\":\"FAQPage\",\"mainEntity\":[{\"@type\":\"Question\",\"name\":\"What type of videos are featured on this page?\",\"acceptedAnswer\":{\"@type\":\"Answer\",\"text\":\"This page features promotional videos designed to stimulate residents, particularly for use on tablets and for family engagement activities.\"}},{\"@type\":\"Question\",\"name\":\"Can these videos be used on tablets?\",\"acceptedAnswer\":{\"@type\":\"Answer\",\"text\":\"Yes, the videos are <a href=\"https:\/\/www.dynseo.com\/favoriser-lindependance-des-seniors-avec-des-outils-specialement-concus-pour-laide-a-domicile\/\" title=\"Promoting Independence for Seniors with Tools Specifically Designed for Home Care\">specifically designed<\/a> to stimulate residents on tablets, making them easily accessible for personal or care facility use.\"}},{\"@type\":\"Question\",\"name\":\"Are these videos suitable for family activities?\",\"acceptedAnswer\":{\"@type\":\"Answer\",\"text\":\"Yes, the videos are designed to be used for family stimulation activities, allowing families to engage together in fun and stimulating content.\"}},{\"@type\":\"Question\",\"name\":\"Who are the actors featured in these promotional videos?\",\"acceptedAnswer\":{\"@type\":\"Answer\",\"text\":\"The promotional videos feature actors Eliane, Hanae, Claude, and Maxentius, who contributed to creating engaging content for viewers.\"}},{\"@type\":\"Question\",\"name\":\"Who directed these promotional videos?\",\"acceptedAnswer\":{\"@type\":\"Answer\",\"text\":\"The promotional videos were directed by Barrere Jordan, who is acknowledged for his excellent work as a director on this project.\"}},{\"@type\":\"Question\",\"name\":\"What is the main purpose of these videos?\",\"acceptedAnswer\":{\"@type\":\"Answer\",\"text\":\"The main purpose of these videos is to provide stimulating and entertaining content for residents, individuals, and families, combining fun with <a href=\"https:\/\/www.dynseo.com\/en\/improve-your-cognitive-functions-with-brain-training\/\" title=\"Improve your cognitive functions with brain training\">cognitive<\/a> engagement.\"}}]}<\/script>[\/et_pb_code]<\/p>\n","protected":false},"excerpt":{"rendered":"<p>Our promotional videos\u00a0 &nbsp; &nbsp; Stimulate your residents\u00a0 on a tablet!\u00a0 \u00a0 \u00a0 \u00a0 \u00a0 \u00a0 \u00a0 \u00a0 \u00a0 \u00a0 \u00a0 \u00a0 \u00a0\u00a0Stimulate yourself while having fun! \u00a0 \u00a0 \u00a0 \u00a0\u00a0 &nbsp; Stimulate with your family! Thank you very much to our wonderful actors Eliane, Hanae, Claude and Maxentius, and Barrere Jordan for his excellent [&hellip;]<\/p>\n","protected":false},"author":4,"featured_media":130227,"parent":1184,"menu_order":197,"comment_status":"closed","ping_status":"closed","template":"","meta":{"_et_pb_use_builder":"","_et_pb_old_content":"","_et_gb_content_width":"","footnotes":""},"class_list":["post-1206","page","type-page","status-publish","has-post-thumbnail","hentry"],"yoast_head":"<!-- This site is optimized with the Yoast SEO plugin v27.4 - https:\/\/yoast.com\/product\/yoast-seo-wordpress\/ -->\n<title>Nos vid\u00e9os promotionnelles \u2013 Dynseo \u2013 Des jeux de m\u00e9moires pour tous<\/title>\n<meta name=\"description\" content=\"D\u00e9couvrez nos vid\u00e9os promotionnelles pour d\u00e9couvrir nos applications avec humour et dans la bonne humeur ! - Dynseo\" \/>\n<meta name=\"robots\" content=\"index, follow, max-snippet:-1, max-image-preview:large, max-video-preview:-1\" \/>\n<link rel=\"canonical\" href=\"https:\/\/www.dynseo.com\/en\/brain-games-apps\/our-videos\/\" \/>\n<meta property=\"og:locale\" content=\"en_US\" \/>\n<meta property=\"og:type\" content=\"article\" \/>\n<meta property=\"og:title\" content=\"Nos vid\u00e9os promotionnelles \u2013 Dynseo \u2013 Des jeux de m\u00e9moires pour tous\" \/>\n<meta property=\"og:description\" content=\"D\u00e9couvrez nos vid\u00e9os promotionnelles pour d\u00e9couvrir nos applications avec humour et dans la bonne humeur ! - Dynseo\" \/>\n<meta property=\"og:url\" content=\"https:\/\/www.dynseo.com\/en\/brain-games-apps\/our-videos\/\" \/>\n<meta property=\"og:site_name\" content=\"DYNSEO - Educational apps &amp; brain training apps for all\" \/>\n<meta property=\"article:modified_time\" content=\"2025-12-17T11:51:46+00:00\" \/>\n<meta property=\"og:image\" content=\"https:\/\/www.dynseo.com\/wp-content\/uploads\/2024\/07\/Article-pour-jeux-de-memoire-et-services-educatifs-sur-tablette-1.png\" \/>\n\t<meta property=\"og:image:width\" content=\"2000\" \/>\n\t<meta property=\"og:image:height\" content=\"1500\" \/>\n\t<meta property=\"og:image:type\" content=\"image\/png\" \/>\n<script type=\"application\/ld+json\" class=\"yoast-schema-graph\">{\"@context\":\"https:\\\/\\\/schema.org\",\"@graph\":[{\"@type\":\"WebPage\",\"@id\":\"https:\\\/\\\/www.dynseo.com\\\/en\\\/brain-games-apps\\\/our-videos\\\/\",\"url\":\"https:\\\/\\\/www.dynseo.com\\\/en\\\/brain-games-apps\\\/our-videos\\\/\",\"name\":\"Nos vid\u00e9os promotionnelles \u2013 Dynseo \u2013 Des jeux de m\u00e9moires pour tous\",\"isPartOf\":{\"@id\":\"https:\\\/\\\/www.dynseo.com\\\/en\\\/#website\"},\"primaryImageOfPage\":{\"@id\":\"https:\\\/\\\/www.dynseo.com\\\/en\\\/brain-games-apps\\\/our-videos\\\/#primaryimage\"},\"image\":{\"@id\":\"https:\\\/\\\/www.dynseo.com\\\/en\\\/brain-games-apps\\\/our-videos\\\/#primaryimage\"},\"thumbnailUrl\":\"https:\\\/\\\/www.dynseo.com\\\/wp-content\\\/uploads\\\/2024\\\/07\\\/Article-pour-jeux-de-memoire-et-services-educatifs-sur-tablette-1.png\",\"datePublished\":\"2014-05-12T15:16:57+00:00\",\"dateModified\":\"2025-12-17T11:51:46+00:00\",\"description\":\"D\u00e9couvrez nos vid\u00e9os promotionnelles pour d\u00e9couvrir nos applications avec humour et dans la bonne humeur ! - Dynseo\",\"breadcrumb\":{\"@id\":\"https:\\\/\\\/www.dynseo.com\\\/en\\\/brain-games-apps\\\/our-videos\\\/#breadcrumb\"},\"inLanguage\":\"en-US\",\"potentialAction\":[{\"@type\":\"ReadAction\",\"target\":[\"https:\\\/\\\/www.dynseo.com\\\/en\\\/brain-games-apps\\\/our-videos\\\/\"]}]},{\"@type\":\"ImageObject\",\"inLanguage\":\"en-US\",\"@id\":\"https:\\\/\\\/www.dynseo.com\\\/en\\\/brain-games-apps\\\/our-videos\\\/#primaryimage\",\"url\":\"https:\\\/\\\/www.dynseo.com\\\/wp-content\\\/uploads\\\/2024\\\/07\\\/Article-pour-jeux-de-memoire-et-services-educatifs-sur-tablette-1.png\",\"contentUrl\":\"https:\\\/\\\/www.dynseo.com\\\/wp-content\\\/uploads\\\/2024\\\/07\\\/Article-pour-jeux-de-memoire-et-services-educatifs-sur-tablette-1.png\",\"width\":2000,\"height\":1500,\"caption\":\"Maintain your mental agility with our fun and enriching activities\"},{\"@type\":\"BreadcrumbList\",\"@id\":\"https:\\\/\\\/www.dynseo.com\\\/en\\\/brain-games-apps\\\/our-videos\\\/#breadcrumb\",\"itemListElement\":[{\"@type\":\"ListItem\",\"position\":1,\"name\":\"Accueil\",\"item\":\"https:\\\/\\\/www.dynseo.com\\\/en\\\/\"},{\"@type\":\"ListItem\",\"position\":2,\"name\":\"Stim&#8217;art\",\"item\":\"https:\\\/\\\/www.dynseo.com\\\/en\\\/brain-games-apps\\\/\"},{\"@type\":\"ListItem\",\"position\":3,\"name\":\"Our videos\"}]},{\"@type\":\"WebSite\",\"@id\":\"https:\\\/\\\/www.dynseo.com\\\/en\\\/#website\",\"url\":\"https:\\\/\\\/www.dynseo.com\\\/en\\\/\",\"name\":\"Jeux de m\u00e9moire et stimulation cognitive\",\"description\":\"DYNSEO, and your brain is a new hero!\",\"publisher\":{\"@id\":\"https:\\\/\\\/www.dynseo.com\\\/en\\\/#organization\"},\"potentialAction\":[{\"@type\":\"SearchAction\",\"target\":{\"@type\":\"EntryPoint\",\"urlTemplate\":\"https:\\\/\\\/www.dynseo.com\\\/en\\\/?s={search_term_string}\"},\"query-input\":{\"@type\":\"PropertyValueSpecification\",\"valueRequired\":true,\"valueName\":\"search_term_string\"}}],\"inLanguage\":\"en-US\"},{\"@type\":\"Organization\",\"@id\":\"https:\\\/\\\/www.dynseo.com\\\/en\\\/#organization\",\"name\":\"DYNSEO\",\"url\":\"https:\\\/\\\/www.dynseo.com\\\/en\\\/\",\"logo\":{\"@type\":\"ImageObject\",\"inLanguage\":\"en-US\",\"@id\":\"https:\\\/\\\/www.dynseo.com\\\/en\\\/#\\\/schema\\\/logo\\\/image\\\/\",\"url\":\"https:\\\/\\\/www.dynseo.com\\\/wp-content\\\/uploads\\\/2022\\\/05\\\/logo-dynseo-new.png\",\"contentUrl\":\"https:\\\/\\\/www.dynseo.com\\\/wp-content\\\/uploads\\\/2022\\\/05\\\/logo-dynseo-new.png\",\"width\":5073,\"height\":1397,\"caption\":\"DYNSEO\"},\"image\":{\"@id\":\"https:\\\/\\\/www.dynseo.com\\\/en\\\/#\\\/schema\\\/logo\\\/image\\\/\"}}]}<\/script>\n<!-- \/ Yoast SEO plugin. -->","yoast_head_json":{"title":"Nos vid\u00e9os promotionnelles \u2013 Dynseo \u2013 Des jeux de m\u00e9moires pour tous","description":"D\u00e9couvrez nos vid\u00e9os promotionnelles pour d\u00e9couvrir nos applications avec humour et dans la bonne humeur ! - Dynseo","robots":{"index":"index","follow":"follow","max-snippet":"max-snippet:-1","max-image-preview":"max-image-preview:large","max-video-preview":"max-video-preview:-1"},"canonical":"https:\/\/www.dynseo.com\/en\/brain-games-apps\/our-videos\/","og_locale":"en_US","og_type":"article","og_title":"Nos vid\u00e9os promotionnelles \u2013 Dynseo \u2013 Des jeux de m\u00e9moires pour tous","og_description":"D\u00e9couvrez nos vid\u00e9os promotionnelles pour d\u00e9couvrir nos applications avec humour et dans la bonne humeur ! - Dynseo","og_url":"https:\/\/www.dynseo.com\/en\/brain-games-apps\/our-videos\/","og_site_name":"DYNSEO - Educational apps &amp; brain training apps for all","article_modified_time":"2025-12-17T11:51:46+00:00","og_image":[{"width":2000,"height":1500,"url":"https:\/\/www.dynseo.com\/wp-content\/uploads\/2024\/07\/Article-pour-jeux-de-memoire-et-services-educatifs-sur-tablette-1.png","type":"image\/png"}],"schema":{"@context":"https:\/\/schema.org","@graph":[{"@type":"WebPage","@id":"https:\/\/www.dynseo.com\/en\/brain-games-apps\/our-videos\/","url":"https:\/\/www.dynseo.com\/en\/brain-games-apps\/our-videos\/","name":"Nos vid\u00e9os promotionnelles \u2013 Dynseo \u2013 Des jeux de m\u00e9moires pour tous","isPartOf":{"@id":"https:\/\/www.dynseo.com\/en\/#website"},"primaryImageOfPage":{"@id":"https:\/\/www.dynseo.com\/en\/brain-games-apps\/our-videos\/#primaryimage"},"image":{"@id":"https:\/\/www.dynseo.com\/en\/brain-games-apps\/our-videos\/#primaryimage"},"thumbnailUrl":"https:\/\/www.dynseo.com\/wp-content\/uploads\/2024\/07\/Article-pour-jeux-de-memoire-et-services-educatifs-sur-tablette-1.png","datePublished":"2014-05-12T15:16:57+00:00","dateModified":"2025-12-17T11:51:46+00:00","description":"D\u00e9couvrez nos vid\u00e9os promotionnelles pour d\u00e9couvrir nos applications avec humour et dans la bonne humeur ! - Dynseo","breadcrumb":{"@id":"https:\/\/www.dynseo.com\/en\/brain-games-apps\/our-videos\/#breadcrumb"},"inLanguage":"en-US","potentialAction":[{"@type":"ReadAction","target":["https:\/\/www.dynseo.com\/en\/brain-games-apps\/our-videos\/"]}]},{"@type":"ImageObject","inLanguage":"en-US","@id":"https:\/\/www.dynseo.com\/en\/brain-games-apps\/our-videos\/#primaryimage","url":"https:\/\/www.dynseo.com\/wp-content\/uploads\/2024\/07\/Article-pour-jeux-de-memoire-et-services-educatifs-sur-tablette-1.png","contentUrl":"https:\/\/www.dynseo.com\/wp-content\/uploads\/2024\/07\/Article-pour-jeux-de-memoire-et-services-educatifs-sur-tablette-1.png","width":2000,"height":1500,"caption":"Maintain your mental agility with our fun and enriching activities"},{"@type":"BreadcrumbList","@id":"https:\/\/www.dynseo.com\/en\/brain-games-apps\/our-videos\/#breadcrumb","itemListElement":[{"@type":"ListItem","position":1,"name":"Accueil","item":"https:\/\/www.dynseo.com\/en\/"},{"@type":"ListItem","position":2,"name":"Stim&#8217;art","item":"https:\/\/www.dynseo.com\/en\/brain-games-apps\/"},{"@type":"ListItem","position":3,"name":"Our videos"}]},{"@type":"WebSite","@id":"https:\/\/www.dynseo.com\/en\/#website","url":"https:\/\/www.dynseo.com\/en\/","name":"Jeux de m\u00e9moire et stimulation cognitive","description":"DYNSEO, and your brain is a new hero!","publisher":{"@id":"https:\/\/www.dynseo.com\/en\/#organization"},"potentialAction":[{"@type":"SearchAction","target":{"@type":"EntryPoint","urlTemplate":"https:\/\/www.dynseo.com\/en\/?s={search_term_string}"},"query-input":{"@type":"PropertyValueSpecification","valueRequired":true,"valueName":"search_term_string"}}],"inLanguage":"en-US"},{"@type":"Organization","@id":"https:\/\/www.dynseo.com\/en\/#organization","name":"DYNSEO","url":"https:\/\/www.dynseo.com\/en\/","logo":{"@type":"ImageObject","inLanguage":"en-US","@id":"https:\/\/www.dynseo.com\/en\/#\/schema\/logo\/image\/","url":"https:\/\/www.dynseo.com\/wp-content\/uploads\/2022\/05\/logo-dynseo-new.png","contentUrl":"https:\/\/www.dynseo.com\/wp-content\/uploads\/2022\/05\/logo-dynseo-new.png","width":5073,"height":1397,"caption":"DYNSEO"},"image":{"@id":"https:\/\/www.dynseo.com\/en\/#\/schema\/logo\/image\/"}}]}},"_links":{"self":[{"href":"https:\/\/www.dynseo.com\/en\/wp-json\/wp\/v2\/pages\/1206","targetHints":{"allow":["GET"]}}],"collection":[{"href":"https:\/\/www.dynseo.com\/en\/wp-json\/wp\/v2\/pages"}],"about":[{"href":"https:\/\/www.dynseo.com\/en\/wp-json\/wp\/v2\/types\/page"}],"author":[{"embeddable":true,"href":"https:\/\/www.dynseo.com\/en\/wp-json\/wp\/v2\/users\/4"}],"replies":[{"embeddable":true,"href":"https:\/\/www.dynseo.com\/en\/wp-json\/wp\/v2\/comments?post=1206"}],"version-history":[{"count":4,"href":"https:\/\/www.dynseo.com\/en\/wp-json\/wp\/v2\/pages\/1206\/revisions"}],"predecessor-version":[{"id":444589,"href":"https:\/\/www.dynseo.com\/en\/wp-json\/wp\/v2\/pages\/1206\/revisions\/444589"}],"up":[{"embeddable":true,"href":"https:\/\/www.dynseo.com\/en\/wp-json\/wp\/v2\/pages\/1184"}],"wp:featuredmedia":[{"embeddable":true,"href":"https:\/\/www.dynseo.com\/en\/wp-json\/wp\/v2\/media\/130227"}],"wp:attachment":[{"href":"https:\/\/www.dynseo.com\/en\/wp-json\/wp\/v2\/media?parent=1206"}],"curies":[{"name":"wp","href":"https:\/\/api.w.org\/{rel}","templated":true}]}}