{"id":448327,"date":"2025-12-19T12:34:20","date_gmt":"2025-12-19T11:34:20","guid":{"rendered":"https:\/\/www.dynseo.com\/individuals\/"},"modified":"2025-12-19T12:34:33","modified_gmt":"2025-12-19T11:34:33","slug":"individuals","status":"publish","type":"page","link":"https:\/\/www.dynseo.com\/en\/individuals\/","title":{"rendered":"Individuals"},"content":{"rendered":"<h2 style=\"text-align: center;\"><span style=\"color: #526fa1;\"><strong>PERSONALIZED BRAIN TRAINING<\/strong><\/span><\/h2>\n<\/p>\n<p>With Suzie, your brain coach, brain training is a pleasure! Suzie accompanies you day after day with adapted and stimulating exercises. A program for everyone!  <\/p>\n<p>In fact, every program designed has been developed in close collaboration with :<\/p>\n<p>&#8211; on the one hand, the end user: children, adults, senior citizens<\/p>\n<p>&#8211; healthcare professionals: psychologists and neuropsychologists, speech therapists, occupational therapists, geriatricians, coordinating doctors, general practitioners, etc.<\/p>\n<p>The aim is to offer you personalized<span style=\"color: #526fa1;\"><strong>personalized brain training programs: <\/strong><\/span>our games are adapted to individual abilities.<\/p>\n<p>Whether your child needs to channel his or her attention, or your loved one has suffered a stroke and you&#8217;d like to support him or her in rehabilitation, Coco, Clint or Scarlett are the brain training programs for you!<\/p>\n<p><img loading=\"lazy\" decoding=\"async\" class=\"wp-image-2664 aligncenter\" src=\"https:\/\/www.dynseo.com\/wp-content\/uploads\/2015\/02\/schema-cr%C3%A9ation-de-valeur-v2.jpg\" alt=\"customized cognitive training\" width=\"787\" height=\"443\"><\/p>\n<h2> <\/h2>\n<h2> <\/h2>\n<h2 style=\"text-align: center;\"><strong><span style=\"color: #526fa1;\">TO EACH HIS OWN STIM ART PROGRAM<\/span><\/strong><\/h2>\n<p>In this way, everyone will have their own personalized brain training program.<\/p>\n<p style=\"text-align: center;\">[row]<br \/>[column lg=&#8221;4&#8243; md=&#8221;12&#8243; sm=&#8221;12&#8243; xs=&#8221;12&#8243;]<\/p>\n<p style=\"text-align: center;\"><img loading=\"lazy\" decoding=\"async\" class=\"alignnone wp-image-10076\" src=\"https:\/\/www.dynseo.com\/wp-content\/uploads\/2018\/10\/Coco.png\" alt=\"\" width=\"239\" height=\"264\" srcset=\"https:\/\/www.dynseo.com\/wp-content\/uploads\/2018\/10\/Coco.png 414w, https:\/\/www.dynseo.com\/wp-content\/uploads\/2018\/10\/Coco-272x300.png 272w\" sizes=\"(max-width: 239px) 100vw, 239px\" \/><br \/><span style=\"color: #526fa1;\"><strong>Stim&#8217;Art Coco<\/strong><\/span><\/p>\n<p style=\"text-align: center;\">Educational games for our superheroes aged 5 to 10<\/p>\n<\/p>\n<p style=\"text-align: center;\">[\/column]<br \/>[column lg=&#8221;4&#8243; md=&#8221;12&#8243; sm=&#8221;12&#8243; xs=&#8221;12&#8243;]<\/p>\n<p style=\"text-align: center;\"><img loading=\"lazy\" decoding=\"async\" class=\"alignnone wp-image-10078\" src=\"https:\/\/www.dynseo.com\/wp-content\/uploads\/2018\/10\/Joe.png\" alt=\"\" width=\"239\" height=\"271\" srcset=\"https:\/\/www.dynseo.com\/wp-content\/uploads\/2018\/10\/Joe.png 391w, https:\/\/www.dynseo.com\/wp-content\/uploads\/2018\/10\/Joe-265x300.png 265w\" sizes=\"(max-width: 239px) 100vw, 239px\" \/><br \/><span style=\"color: #526fa1;\"><strong>Stim&#8217;Art Clint<\/strong><\/span><\/p>\n<p style=\"text-align: center;\">A brain training program on a tablet or smartphone for adults as a preventive measure<\/p>\n<\/p>\n<p style=\"text-align: center;\">[\/column]<br \/>[column lg=&#8221;4&#8243; md=&#8221;12&#8243; sm=&#8221;12&#8243; xs=&#8221;12&#8243;]<\/p>\n<p style=\"text-align: center;\"><span style=\"color: #666699;\"><img loading=\"lazy\" decoding=\"async\" class=\"alignnone wp-image-10077\" src=\"https:\/\/www.dynseo.com\/wp-content\/uploads\/2018\/10\/Edith.png\" alt=\"\" width=\"277\" height=\"270\" srcset=\"https:\/\/www.dynseo.com\/wp-content\/uploads\/2018\/10\/Edith.png 458w, https:\/\/www.dynseo.com\/wp-content\/uploads\/2018\/10\/Edith-300x292.png 300w\" sizes=\"(max-width: 277px) 100vw, 277px\" \/><\/span><br \/><span style=\"color: #526fa1;\"><strong>Stim&#8217;Art Scarlett<\/strong><\/span><\/p>\n<p style=\"text-align: center;\">Memory games for people with <a href=\"https:\/\/www.dynseo.com\/avancees-dans-le-traitement-des-troubles-cognitifs-post-cancer\/\" title=\"Advances in the treatment of post-cancer cognitive disorders\">cognitive disorders<\/a><\/p>\n<\/p>\n<p style=\"text-align: center;\">\n<p style=\"text-align: center;\">[\/column]<br \/>[\/row]<\/p>\n<h2> <\/h2>\n<h3 style=\"text-align: left;\"><strong><span style=\"color: #526fa1;\">You may also be interested in our other programs<\/span><\/strong><\/h3>\n<p style=\"text-align: center;\"><strong><span style=\"color: #526fa1;\">[row]<br \/>[column lg=&#8221;4&#8243; md=&#8221;12&#8243; sm=&#8221;12&#8243; xs=&#8221;12&#8243;]<br \/><img loading=\"lazy\" decoding=\"async\" class=\"wp-image-7703 aligncenter lazyloaded\" src=\"https:\/\/www.dynseo.com\/wp-content\/uploads\/2015\/02\/mail-simple-etablissement.png\" sizes=\"(max-width: 247px) 100vw, 247px\" srcset=\"https:\/\/www.dynseo.com\/wp-content\/uploads\/2015\/02\/mail-simple-etablissement.png 1000w, https:\/\/www.dynseo.com\/wp-content\/uploads\/2015\/02\/mail-simple-etablissement-300x266.png 300w, https:\/\/www.dynseo.com\/wp-content\/uploads\/2015\/02\/mail-simple-etablissement-768x681.png 768w\" alt=\"\" width=\"237\" height=\"210\" data-lazy-src=\"https:\/\/www.dynseo.com\/wp-content\/uploads\/2015\/02\/mail-simple-etablissement.png\" data-lazy-srcset=\"https:\/\/www.dynseo.com\/wp-content\/uploads\/2015\/02\/mail-simple-etablissement.png 1000w, https:\/\/www.dynseo.com\/wp-content\/uploads\/2015\/02\/mail-simple-etablissement-300x266.png 300w, https:\/\/www.dynseo.com\/wp-content\/uploads\/2015\/02\/mail-simple-etablissement-768x681.png 768w\" data-was-processed=\"true\"><span style=\"color: #526fa1;\"><a style=\"color: #526fa1;\" href=\"https:\/\/www.dynseo.com\/en\/dynseo-family-2\/\">Dynseo Family, the simplified messaging system for exchanging messages and photos with friends and family.<\/a><\/span><\/p>\n<p style=\"text-align: center;\"><span style=\"text-align: center;\">[\/column]<\/span><\/p>\n<p style=\"text-align: center;\">[column lg=&#8221;4&#8243; md=&#8221;12&#8243; sm=&#8221;12&#8243; xs=&#8221;12&#8243;]<br \/><img loading=\"lazy\" decoding=\"async\" class=\"wp-image-9604 aligncenter\" src=\"https:\/\/www.dynseo.com\/wp-content\/uploads\/2018\/07\/souvenirs.png\" alt=\"life_helper_memories\" width=\"263\" height=\"175\"><\/p>\n<p style=\"text-align: center;\"><span style=\"color: #526fa1;\"><a style=\"color: #526fa1;\" href=\"https:\/\/www.dynseo.com\/nos-produits\/evocation-souvenirs\/\">E-memories to encourage the emergence and evocation of memories.<\/a><\/span><br \/>[\/column]<br \/>[column lg=&#8221;4&#8243; md=&#8221;12&#8243; sm=&#8221;12&#8243; xs=&#8221;12&#8243;]<br \/><img loading=\"lazy\" decoding=\"async\" class=\"wp-image-9953 aligncenter\" src=\"https:\/\/www.dynseo.com\/wp-content\/uploads\/2018\/09\/BilleQuiRoule.png\" alt=\"\" width=\"263\" height=\"175\" srcset=\"https:\/\/www.dynseo.com\/wp-content\/uploads\/2018\/09\/BilleQuiRoule.png 625w, https:\/\/www.dynseo.com\/wp-content\/uploads\/2018\/09\/BilleQuiRoule-600x399.png 600w, https:\/\/www.dynseo.com\/wp-content\/uploads\/2018\/09\/BilleQuiRoule-300x200.png 300w\" sizes=\"(max-width: 263px) 100vw, 263px\" \/><\/p>\n<p style=\"text-align: center;\"><span style=\"color: #526fa1;\"><a style=\"color: #526fa1;\" href=\"https:\/\/www.dynseo.com\/motricite-fine-la-bille-qui-roule\/\">La bille qui roule, a tablet application that trains attention and fine motor skills.<\/a><\/span><br \/>[\/column]<br \/>[\/row]<\/p>\n<h2> <\/h2>\n<h2> <\/h2>\n<h3 style=\"text-align: justify;\"><span style=\"color: #526fa1;\">Download and test all our applications free of charge<\/span><\/h3>\n<p>[row]<br \/>[column lg=&#8221;6&#8243; md=&#8221;12&#8243; sm=&#8221;12&#8243; xs=&#8221;12&#8243;]<br \/><a href=\"https:\/\/play.google.com\/store\/search?q=dynseo\"><img loading=\"lazy\" decoding=\"async\" class=\"aligncenter wp-image-17721 size-medium\" src=\"https:\/\/www.dynseo.com\/wp-content\/uploads\/\" alt=\"\" width=\"300\" height=\"110\"><\/a><br \/>[\/column]<br \/>[column lg=&#8221;6&#8243; md=&#8221;12&#8243; sm=&#8221;12&#8243; xs=&#8221;12&#8243;]<br \/><a href=\"https:\/\/apps.apple.com\/fr\/developer\/dynseo\/id1000639418\"><img loading=\"lazy\" decoding=\"async\" class=\"aligncenter wp-image-18329 size-medium\" style=\"color: #0000ee;\" src=\"https:\/\/www.dynseo.com\/wp-content\/uploads\/2019\/01\/AppStore-1-300x104.png\" alt=\"\" width=\"300\" height=\"104\"><\/a><\/p>\n<p><span style=\"color: #0000ee;\"><br \/><\/span>[\/column]<br \/>[\/row]<\/p>\n<p>[et_pb_code]<script type=\"application\/ld+json\">{\"@context\":\"https:\/\/schema.org\",\"@type\":\"FAQPage\",\"mainEntity\":[{\"@type\":\"Question\",\"name\":\"Qu'est-ce que Suzie et quel est son r\u00f4le ?\",\"acceptedAnswer\":{\"@type\":\"Answer\",\"text\":\"Suzie est votre coach c\u00e9r\u00e9bral personnel qui vous accompagne jour apr\u00e8s jour gr\u00e2ce \u00e0 des exercices adapt\u00e9s et stimulants. Elle rend l'entra\u00eenement c\u00e9r\u00e9bral agr\u00e9able et propose des programmes personnalis\u00e9s selon vos besoins sp\u00e9cifiques.\"}},{\"@type\":\"Question\",\"name\":\"Avec quels professionnels les programmes d'entra\u00eenement c\u00e9r\u00e9bral ont-ils \u00e9t\u00e9 d\u00e9velopp\u00e9s ?\",\"acceptedAnswer\":{\"@type\":\"Answer\",\"text\":\"Les programmes ont \u00e9t\u00e9 con\u00e7us en collaboration avec des professionnels de sant\u00e9 sp\u00e9cialis\u00e9s : psychologues et neuropsychologues, orthophonistes, ergoth\u00e9rapeutes, g\u00e9riatres, m\u00e9decins coordinateurs et m\u00e9decins g\u00e9n\u00e9ralistes.\"}},{\"@type\":\"Question\",\"name\":\"\u00c0 qui s'adresse le programme Stim'Art Coco ?\",\"acceptedAnswer\":{\"@type\":\"Answer\",\"text\":\"Stim'Art Coco propose des jeux \u00e9ducatifs sp\u00e9cialement con\u00e7us pour les enfants de 5 \u00e0 10 ans, nos \"super h\u00e9ros\" en d\u00e9veloppement, avec des exercices adapt\u00e9s \u00e0 leur \u00e2ge.\"}},{\"@type\":\"Question\",\"name\":\"Quel est l'objectif du programme Stim'Art Joe ?\",\"acceptedAnswer\":{\"@type\":\"Answer\",\"text\":\"Stim'Art Joe est un programme d'entra\u00eenement c\u00e9r\u00e9bral sur tablette ou smartphone destin\u00e9 aux adultes dans un objectif de pr\u00e9vention des <a href=\"https:\/\/www.dynseo.com\/en\/early-signs-of-cognitive-disorders-in-multiple-sclerosis\/\" title=\"Les signes pr\u00e9coces de troubles cognitifs dans la scl\u00e9rose en plaques\">troubles cognitifs<\/a>.\"}},{\"@type\":\"Question\",\"name\":\"Pour qui le programme Stim'Art Edith a-t-il \u00e9t\u00e9 con\u00e7u ?\",\"acceptedAnswer\":{\"@type\":\"Answer\",\"text\":\"Stim'Art Edith propose des jeux de m\u00e9moire sp\u00e9cialement adapt\u00e9s pour les personnes souffrant de <a href=\"https:\/\/www.dynseo.com\/en\/management-cognitive-disorders-stomach-cancer-survivors\/\" title=\"Gestion des troubles cognitifs chez les survivants du cancer de l&#039;estomac\">troubles cognitifs<\/a>, notamment pour accompagner la r\u00e9\u00e9ducation apr\u00e8s un AVC.\"}},{\"@type\":\"Question\",\"name\":\"Comment les programmes d'entra\u00eenement c\u00e9r\u00e9bral s'adaptent-ils aux utilisateurs ?\",\"acceptedAnswer\":{\"@type\":\"Answer\",\"text\":\"Chaque programme est personnalis\u00e9 et adapt\u00e9 aux capacit\u00e9s individuelles de l'utilisateur. Les jeux s'ajustent selon les besoins sp\u00e9cifiques, que ce soit pour canaliser l'attention d'un enfant ou accompagner la r\u00e9\u00e9ducation d'une personne apr\u00e8s un AVC.\"}}]}<\/script>[\/et_pb_code]<\/p>\n","protected":false},"excerpt":{"rendered":"<p>PERSONALIZED BRAIN TRAINING With Suzie, your brain coach, brain training is a pleasure! Suzie accompanies you day after day with adapted and stimulating exercises. A program for everyone! In fact, every program designed has been developed in close collaboration with :- on the one hand, the end user: children, adults, senior citizens- healthcare professionals: psychologists [&hellip;]<\/p>\n","protected":false},"author":4,"featured_media":130227,"parent":0,"menu_order":0,"comment_status":"closed","ping_status":"closed","template":"","meta":{"_et_pb_use_builder":"on","_et_pb_old_content":"","_et_gb_content_width":"","footnotes":""},"class_list":["post-448327","page","type-page","status-publish","has-post-thumbnail","hentry"],"yoast_head":"<!-- This site is optimized with the Yoast SEO plugin v27.4 - https:\/\/yoast.com\/product\/yoast-seo-wordpress\/ -->\n<title>Stim&#039;Art, personalized brain training<\/title>\n<meta name=\"description\" content=\"With the help of Suzie, your brain coach, benefit from a personalized brain training program for you, on tablet and smartphone. Suzie follows your progress!\" \/>\n<meta name=\"robots\" content=\"index, follow, max-snippet:-1, max-image-preview:large, max-video-preview:-1\" \/>\n<link rel=\"canonical\" href=\"https:\/\/www.dynseo.com\/en\/individuals\/\" \/>\n<meta property=\"og:locale\" content=\"en_US\" \/>\n<meta property=\"og:type\" content=\"article\" \/>\n<meta property=\"og:title\" content=\"Stim&#039;Art, personalized brain training\" \/>\n<meta property=\"og:description\" content=\"With the help of Suzie, your brain coach, benefit from a personalized brain training program for you, on tablet and smartphone. Suzie follows your progress!\" \/>\n<meta property=\"og:url\" content=\"https:\/\/www.dynseo.com\/en\/individuals\/\" \/>\n<meta property=\"og:site_name\" content=\"DYNSEO - Educational apps &amp; brain training apps for all\" \/>\n<meta property=\"article:modified_time\" content=\"2025-12-19T11:34:33+00:00\" \/>\n<meta property=\"og:image\" content=\"https:\/\/www.dynseo.com\/wp-content\/uploads\/2024\/07\/Article-pour-jeux-de-memoire-et-services-educatifs-sur-tablette-1.png\" \/>\n\t<meta property=\"og:image:width\" content=\"2000\" \/>\n\t<meta property=\"og:image:height\" content=\"1500\" \/>\n\t<meta property=\"og:image:type\" content=\"image\/png\" \/>\n<meta name=\"twitter:label1\" content=\"Est. reading time\" \/>\n\t<meta name=\"twitter:data1\" content=\"1 minute\" \/>\n<script type=\"application\/ld+json\" class=\"yoast-schema-graph\">{\"@context\":\"https:\\\/\\\/schema.org\",\"@graph\":[{\"@type\":\"WebPage\",\"@id\":\"https:\\\/\\\/www.dynseo.com\\\/en\\\/individuals\\\/\",\"url\":\"https:\\\/\\\/www.dynseo.com\\\/en\\\/individuals\\\/\",\"name\":\"Stim'Art, personalized brain training\",\"isPartOf\":{\"@id\":\"https:\\\/\\\/www.dynseo.com\\\/en\\\/#website\"},\"primaryImageOfPage\":{\"@id\":\"https:\\\/\\\/www.dynseo.com\\\/en\\\/individuals\\\/#primaryimage\"},\"image\":{\"@id\":\"https:\\\/\\\/www.dynseo.com\\\/en\\\/individuals\\\/#primaryimage\"},\"thumbnailUrl\":\"https:\\\/\\\/www.dynseo.com\\\/wp-content\\\/uploads\\\/2024\\\/07\\\/Article-pour-jeux-de-memoire-et-services-educatifs-sur-tablette-1.png\",\"datePublished\":\"2025-12-19T11:34:20+00:00\",\"dateModified\":\"2025-12-19T11:34:33+00:00\",\"description\":\"With the help of Suzie, your brain coach, benefit from a personalized brain training program for you, on tablet and smartphone. Suzie follows your progress!\",\"breadcrumb\":{\"@id\":\"https:\\\/\\\/www.dynseo.com\\\/en\\\/individuals\\\/#breadcrumb\"},\"inLanguage\":\"en-US\",\"potentialAction\":[{\"@type\":\"ReadAction\",\"target\":[\"https:\\\/\\\/www.dynseo.com\\\/en\\\/individuals\\\/\"]}]},{\"@type\":\"ImageObject\",\"inLanguage\":\"en-US\",\"@id\":\"https:\\\/\\\/www.dynseo.com\\\/en\\\/individuals\\\/#primaryimage\",\"url\":\"https:\\\/\\\/www.dynseo.com\\\/wp-content\\\/uploads\\\/2024\\\/07\\\/Article-pour-jeux-de-memoire-et-services-educatifs-sur-tablette-1.png\",\"contentUrl\":\"https:\\\/\\\/www.dynseo.com\\\/wp-content\\\/uploads\\\/2024\\\/07\\\/Article-pour-jeux-de-memoire-et-services-educatifs-sur-tablette-1.png\",\"width\":2000,\"height\":1500,\"caption\":\"Maintain your mental agility with our fun and enriching activities\"},{\"@type\":\"BreadcrumbList\",\"@id\":\"https:\\\/\\\/www.dynseo.com\\\/en\\\/individuals\\\/#breadcrumb\",\"itemListElement\":[{\"@type\":\"ListItem\",\"position\":1,\"name\":\"Accueil\",\"item\":\"https:\\\/\\\/www.dynseo.com\\\/en\\\/\"},{\"@type\":\"ListItem\",\"position\":2,\"name\":\"Individuals\"}]},{\"@type\":\"WebSite\",\"@id\":\"https:\\\/\\\/www.dynseo.com\\\/en\\\/#website\",\"url\":\"https:\\\/\\\/www.dynseo.com\\\/en\\\/\",\"name\":\"Jeux de m\u00e9moire et stimulation cognitive\",\"description\":\"DYNSEO, and your brain is a new hero!\",\"publisher\":{\"@id\":\"https:\\\/\\\/www.dynseo.com\\\/en\\\/#organization\"},\"potentialAction\":[{\"@type\":\"SearchAction\",\"target\":{\"@type\":\"EntryPoint\",\"urlTemplate\":\"https:\\\/\\\/www.dynseo.com\\\/en\\\/?s={search_term_string}\"},\"query-input\":{\"@type\":\"PropertyValueSpecification\",\"valueRequired\":true,\"valueName\":\"search_term_string\"}}],\"inLanguage\":\"en-US\"},{\"@type\":\"Organization\",\"@id\":\"https:\\\/\\\/www.dynseo.com\\\/en\\\/#organization\",\"name\":\"DYNSEO\",\"url\":\"https:\\\/\\\/www.dynseo.com\\\/en\\\/\",\"logo\":{\"@type\":\"ImageObject\",\"inLanguage\":\"en-US\",\"@id\":\"https:\\\/\\\/www.dynseo.com\\\/en\\\/#\\\/schema\\\/logo\\\/image\\\/\",\"url\":\"https:\\\/\\\/www.dynseo.com\\\/wp-content\\\/uploads\\\/2022\\\/05\\\/logo-dynseo-new.png\",\"contentUrl\":\"https:\\\/\\\/www.dynseo.com\\\/wp-content\\\/uploads\\\/2022\\\/05\\\/logo-dynseo-new.png\",\"width\":5073,\"height\":1397,\"caption\":\"DYNSEO\"},\"image\":{\"@id\":\"https:\\\/\\\/www.dynseo.com\\\/en\\\/#\\\/schema\\\/logo\\\/image\\\/\"}}]}<\/script>\n<!-- \/ Yoast SEO plugin. -->","yoast_head_json":{"title":"Stim'Art, personalized brain training","description":"With the help of Suzie, your brain coach, benefit from a personalized brain training program for you, on tablet and smartphone. Suzie follows your progress!","robots":{"index":"index","follow":"follow","max-snippet":"max-snippet:-1","max-image-preview":"max-image-preview:large","max-video-preview":"max-video-preview:-1"},"canonical":"https:\/\/www.dynseo.com\/en\/individuals\/","og_locale":"en_US","og_type":"article","og_title":"Stim'Art, personalized brain training","og_description":"With the help of Suzie, your brain coach, benefit from a personalized brain training program for you, on tablet and smartphone. Suzie follows your progress!","og_url":"https:\/\/www.dynseo.com\/en\/individuals\/","og_site_name":"DYNSEO - Educational apps &amp; brain training apps for all","article_modified_time":"2025-12-19T11:34:33+00:00","og_image":[{"width":2000,"height":1500,"url":"https:\/\/www.dynseo.com\/wp-content\/uploads\/2024\/07\/Article-pour-jeux-de-memoire-et-services-educatifs-sur-tablette-1.png","type":"image\/png"}],"twitter_misc":{"Est. reading time":"1 minute"},"schema":{"@context":"https:\/\/schema.org","@graph":[{"@type":"WebPage","@id":"https:\/\/www.dynseo.com\/en\/individuals\/","url":"https:\/\/www.dynseo.com\/en\/individuals\/","name":"Stim'Art, personalized brain training","isPartOf":{"@id":"https:\/\/www.dynseo.com\/en\/#website"},"primaryImageOfPage":{"@id":"https:\/\/www.dynseo.com\/en\/individuals\/#primaryimage"},"image":{"@id":"https:\/\/www.dynseo.com\/en\/individuals\/#primaryimage"},"thumbnailUrl":"https:\/\/www.dynseo.com\/wp-content\/uploads\/2024\/07\/Article-pour-jeux-de-memoire-et-services-educatifs-sur-tablette-1.png","datePublished":"2025-12-19T11:34:20+00:00","dateModified":"2025-12-19T11:34:33+00:00","description":"With the help of Suzie, your brain coach, benefit from a personalized brain training program for you, on tablet and smartphone. Suzie follows your progress!","breadcrumb":{"@id":"https:\/\/www.dynseo.com\/en\/individuals\/#breadcrumb"},"inLanguage":"en-US","potentialAction":[{"@type":"ReadAction","target":["https:\/\/www.dynseo.com\/en\/individuals\/"]}]},{"@type":"ImageObject","inLanguage":"en-US","@id":"https:\/\/www.dynseo.com\/en\/individuals\/#primaryimage","url":"https:\/\/www.dynseo.com\/wp-content\/uploads\/2024\/07\/Article-pour-jeux-de-memoire-et-services-educatifs-sur-tablette-1.png","contentUrl":"https:\/\/www.dynseo.com\/wp-content\/uploads\/2024\/07\/Article-pour-jeux-de-memoire-et-services-educatifs-sur-tablette-1.png","width":2000,"height":1500,"caption":"Maintain your mental agility with our fun and enriching activities"},{"@type":"BreadcrumbList","@id":"https:\/\/www.dynseo.com\/en\/individuals\/#breadcrumb","itemListElement":[{"@type":"ListItem","position":1,"name":"Accueil","item":"https:\/\/www.dynseo.com\/en\/"},{"@type":"ListItem","position":2,"name":"Individuals"}]},{"@type":"WebSite","@id":"https:\/\/www.dynseo.com\/en\/#website","url":"https:\/\/www.dynseo.com\/en\/","name":"Jeux de m\u00e9moire et stimulation cognitive","description":"DYNSEO, and your brain is a new hero!","publisher":{"@id":"https:\/\/www.dynseo.com\/en\/#organization"},"potentialAction":[{"@type":"SearchAction","target":{"@type":"EntryPoint","urlTemplate":"https:\/\/www.dynseo.com\/en\/?s={search_term_string}"},"query-input":{"@type":"PropertyValueSpecification","valueRequired":true,"valueName":"search_term_string"}}],"inLanguage":"en-US"},{"@type":"Organization","@id":"https:\/\/www.dynseo.com\/en\/#organization","name":"DYNSEO","url":"https:\/\/www.dynseo.com\/en\/","logo":{"@type":"ImageObject","inLanguage":"en-US","@id":"https:\/\/www.dynseo.com\/en\/#\/schema\/logo\/image\/","url":"https:\/\/www.dynseo.com\/wp-content\/uploads\/2022\/05\/logo-dynseo-new.png","contentUrl":"https:\/\/www.dynseo.com\/wp-content\/uploads\/2022\/05\/logo-dynseo-new.png","width":5073,"height":1397,"caption":"DYNSEO"},"image":{"@id":"https:\/\/www.dynseo.com\/en\/#\/schema\/logo\/image\/"}}]}},"_links":{"self":[{"href":"https:\/\/www.dynseo.com\/en\/wp-json\/wp\/v2\/pages\/448327","targetHints":{"allow":["GET"]}}],"collection":[{"href":"https:\/\/www.dynseo.com\/en\/wp-json\/wp\/v2\/pages"}],"about":[{"href":"https:\/\/www.dynseo.com\/en\/wp-json\/wp\/v2\/types\/page"}],"author":[{"embeddable":true,"href":"https:\/\/www.dynseo.com\/en\/wp-json\/wp\/v2\/users\/4"}],"replies":[{"embeddable":true,"href":"https:\/\/www.dynseo.com\/en\/wp-json\/wp\/v2\/comments?post=448327"}],"version-history":[{"count":2,"href":"https:\/\/www.dynseo.com\/en\/wp-json\/wp\/v2\/pages\/448327\/revisions"}],"predecessor-version":[{"id":448337,"href":"https:\/\/www.dynseo.com\/en\/wp-json\/wp\/v2\/pages\/448327\/revisions\/448337"}],"wp:featuredmedia":[{"embeddable":true,"href":"https:\/\/www.dynseo.com\/en\/wp-json\/wp\/v2\/media\/130227"}],"wp:attachment":[{"href":"https:\/\/www.dynseo.com\/en\/wp-json\/wp\/v2\/media?parent=448327"}],"curies":[{"name":"wp","href":"https:\/\/api.w.org\/{rel}","templated":true}]}}