{"id":486109,"date":"2026-01-16T20:34:11","date_gmt":"2026-01-16T19:34:11","guid":{"rendered":"https:\/\/www.dynseo.com\/why-stim-art\/"},"modified":"2026-01-16T20:34:11","modified_gmt":"2026-01-16T19:34:11","slug":"why-stim-art","status":"publish","type":"page","link":"https:\/\/www.dynseo.com\/en\/why-stim-art\/","title":{"rendered":"Why Stim&#8217;Art?"},"content":{"rendered":"<h2><span style=\"color: #008080;\">The benefits of our Stim&#8217;Art memory game program<\/span><\/h2>\n<p>&nbsp;<\/p>\n<p>The Stim&#8217;art memory games and brain training programs not only improve cognitive abilities, but they also allow you to learn, enrich yourself, meet new people, laugh together&#8230; and thus feel good.<\/p>\n<p>Here are the details of the benefits of Stim&#8217;Art:<\/p>\n<p>Nou<img class=\"alignleft wp-image-2837\" %%SRC_5%% alt=\"tablette pour senior\" width=\"353\" height=\"216\" \/>s organized workshops with seniors and facilitators in nursing homes to find out what their favorite games were. Then, we worked with neuropsychologists to adapt them and create the most comprehensive brain training program possible. Thus, the games are very enjoyable and are not perceived as exercises! Monthly updates. Want a game? Suggest it to us!<\/p>\n<p>&nbsp;<\/p>\n<p>&nbsp;<\/p>\n<p>&nbsp;<\/p>\n<p>&nbsp;<\/p>\n<p>&nbsp;<\/p>\n<p style=\"text-align: left;\"><img class=\"alignleft wp-image-2840\" %%SRC_6%% alt=\"Pourquoi Stim'Art ?-joe-edith-app-adulte-application-entrainement-cerebral-coach-jeux-cerebraux-jeu-cognitif-logique-culture-memoire-fun-dynseo-ludique-animation-personnes-agees-alz-alzheimer-activites-senior-activite-seniors-stimulation-tablette-smartphone\" width=\"350\" height=\"214\" \/><\/p>\n<p>&nbsp;<\/p>\n<p style=\"text-align: left;\">You can play against each other at the same time on the same tablet.<\/p>\n<div style=\"text-align: justify;\"><span style=\"color: #333333;\">And if you are far from your grandchildren? They can send you messages and photos directly in the app. Much simpler!<\/span><\/div>\n<div style=\"text-align: justify;\"><span style=\"color: #808080;\">(note this feature requires Internet)<\/span><\/div>\n<h2 style=\"text-align: justify; margin-top: 140px;\"><\/h2>\n<p>&nbsp;<\/p>\n<p>You <img class=\"alignleft wp-image-2842\" %%SRC_7%% alt=\"prise en charge personnalis\u00e9e\" width=\"352\" height=\"215\" \/>play on your tablet, and all your r<span style=\"color: #333333;\">esults are analyzed.<\/span><\/p>\n<p style=\"text-align: justify;\"><span style=\"color: #333333;\">Thus, track your progress and set goals for yourself!<\/span><\/p>\n<p>&nbsp;<\/p>\n<h2 style=\"text-align: justify; margin-top: 175px;\"><\/h2>\n<p><img class=\" wp-image-2841 alignleft\" %%SRC_8%% alt=\"jeux de m\u00e9moire sans internet\" width=\"355\" height=\"217\" \/>Even if you don\u2019t have an Internet connection, if you are on vacation, the games work<\/p>\n<p><span style=\"color: #333333;\">Without internet, wherever you are.<\/span><\/p>\n<p><span style=\"color: #333333;\">However, in order to see the statistics and update the app, it is advisable to connect from time to time.<\/span><\/p>\n<p>&nbsp;<\/p>\n<p>&nbsp;<\/p>\n<p>&nbsp;<\/p>\n<p>&nbsp;<\/p>\n<p style=\"text-align: justify;\"><img class=\"alignleft wp-image-2839\" %%SRC_9%% alt=\"jeux de m\u00e9moire en cours de validation\" width=\"355\" height=\"217\" \/>We are working on the clinical validation of our program. We can already rely on studies proving the benefits of <a href=\"https:\/\/www.dynseo.com\/en\/cognitive-stimulation-residence-services\/\" title=\"Cognitive Stimulation residence Services\">cognitive stimulation<\/a>. (see Studies)<\/p>\n<h2 style=\"margin-top: 250px;\"><span style=\"color: #008080;\">Try Stim&#8217;Art<\/span><\/h2>\n<p>You can try an <a href=\"https:\/\/www.dynseo.com\/jeux-de-memoire-en-ligne\/\">online game<\/a>!<\/p>\n<p>or test it for free by downloading the app:<\/p>\n<p>&nbsp;<\/p>\n<p><a href=\"https:\/\/play.google.com\/store\/apps\/developer?id=DYNSEO+APPS\"><img class=\"alignleft wp-image-7483 size-medium\" %%SRC_10%% alt=\"\" width=\"300\" height=\"104\" \/><\/a><\/p>\n<p>&nbsp;<\/p>\n<p>&nbsp;<\/p>\n<p>&nbsp;<\/p>\n<p>&nbsp;<\/p>\n<p><a href=\"https:\/\/itunes.apple.com\/us\/developer\/dynseo\/id1000639418\"><img class=\"alignleft wp-image-7484 size-medium\" %%SRC_11%% alt=\"\" width=\"300\" height=\"101\" \/><\/a><\/p>\n<p>[et_pb_code]<script type=\"application\/ld+json\">{\"@context\":\"https:\/\/schema.org\",\"@type\":\"FAQPage\",\"mainEntity\":[{\"@type\":\"Question\",\"name\":\"Quels sont les principaux b\u00e9n\u00e9fices du programme Stim'Art ?\",\"acceptedAnswer\":{\"@type\":\"Answer\",\"text\":\"Le programme Stim'Art permet d'am\u00e9liorer les capacit\u00e9s cognitives tout en offrant de nombreux avantages sociaux et personnels. Il permet d'apprendre, de se cultiver, de faire de nouvelles rencontres, de rire ensemble et ainsi de se faire du bien de mani\u00e8re globale.\"}},{\"@type\":\"Question\",\"name\":\"Comment les jeux Stim'Art ont-ils \u00e9t\u00e9 d\u00e9velopp\u00e9s ?\",\"acceptedAnswer\":{\"@type\":\"Answer\",\"text\":\"Nous avons organis\u00e9 des ateliers avec des seniors et des animatrices en maisons de retraite pour identifier les jeux pr\u00e9f\u00e9r\u00e9s. Ensuite, nous avons collabor\u00e9 avec des neuropsychologues pour les adapter et cr\u00e9er un programme d'entra\u00eenement c\u00e9r\u00e9bral exhaustif. Ainsi, les jeux plaisent beaucoup et ne sont pas per\u00e7us comme des exercices !\"}},{\"@type\":\"Question\",\"name\":\"\u00c0 quelle fr\u00e9quence les jeux sont-ils mis \u00e0 jour ?\",\"acceptedAnswer\":{\"@type\":\"Answer\",\"text\":\"Des mises \u00e0 jour mensuelles sont propos\u00e9es pour enrichir continuellement l'exp\u00e9rience. De plus, si vous avez envie d'un jeu particulier, vous pouvez nous le proposer !\"}},{\"@type\":\"Question\",\"name\":\"Peut-on jouer \u00e0 plusieurs sur Stim'Art ?\",\"acceptedAnswer\":{\"@type\":\"Answer\",\"text\":\"Oui, vous pouvez jouer les uns contre les autres en m\u00eame temps sur la m\u00eame tablette, ce qui favorise les <a href=\"https:\/\/www.dynseo.com\/en\/supporting-a-person-with-down-syndrome-in-social-interactions-practical-tips\/\" title=\"Accompagner une personne trisomique dans les interactions sociales : conseils pratiques\">interactions sociales<\/a> et le partage.\"}},{\"@type\":\"Question\",\"name\":\"Comment rester en contact avec ses proches via l'application ?\",\"acceptedAnswer\":{\"@type\":\"Answer\",\"text\":\"Si vous \u00eates loin de vos petits-enfants, ils pourront vous envoyer des messages et des photos directement dans l'application. C'est beaucoup plus simple ! Attention, cette fonctionnalit\u00e9 n\u00e9cessite une connexion Internet.\"}},{\"@type\":\"Question\",\"name\":\"Stim'Art fonctionne-t-il <a href=\"https:\/\/www.dynseo.com\/les-jeux-sans-connexion-ce-qu-il-faut-savoir\/\" title=\"Les jeux sans connexion : ce qu&#039;il faut savoir\">sans connexion<\/a> Internet ?\",\"acceptedAnswer\":{\"@type\":\"Answer\",\"text\":\"Oui, m\u00eame si vous n'avez pas de connexion Internet ou si vous \u00eates en vacances, les jeux fonctionnent sans internet, o\u00f9 que vous soyez. Vos r\u00e9sultats sont analys\u00e9s sur votre tablette pour suivre vos progressions et fixer des objectifs.\"}}]}<\/script>[\/et_pb_code]<\/p>\n","protected":false},"excerpt":{"rendered":"<p>The benefits of our Stim&#8217;Art memory game program &nbsp; The Stim&#8217;art memory games and brain training programs not only improve cognitive abilities, but they also allow you to learn, enrich yourself, meet new people, laugh together&#8230; and thus feel good. Here are the details of the benefits of Stim&#8217;Art: Nous organized workshops with seniors and [&hellip;]<\/p>\n","protected":false},"author":4,"featured_media":130227,"parent":0,"menu_order":0,"comment_status":"closed","ping_status":"closed","template":"","meta":{"_et_pb_use_builder":"on","_et_pb_old_content":"","_et_gb_content_width":"","footnotes":""},"class_list":["post-486109","page","type-page","status-publish","has-post-thumbnail","hentry"],"yoast_head":"<!-- This site is optimized with the Yoast SEO plugin v27.4 - https:\/\/yoast.com\/product\/yoast-seo-wordpress\/ -->\n<title>Why Stim&#039;Art? - DYNSEO - Educational apps &amp; brain training apps for all<\/title>\n<meta name=\"robots\" content=\"index, follow, max-snippet:-1, max-image-preview:large, max-video-preview:-1\" \/>\n<link rel=\"canonical\" href=\"https:\/\/www.dynseo.com\/en\/why-stim-art\/\" \/>\n<meta property=\"og:locale\" content=\"en_US\" \/>\n<meta property=\"og:type\" content=\"article\" \/>\n<meta property=\"og:title\" content=\"Why Stim&#039;Art? - DYNSEO - Educational apps &amp; brain training apps for all\" \/>\n<meta property=\"og:description\" content=\"The benefits of our Stim&#039;Art memory game program &nbsp; The Stim&#039;art memory games and brain training programs not only improve cognitive abilities, but they also allow you to learn, enrich yourself, meet new people, laugh together... and thus feel good. Here are the details of the benefits of Stim&#039;Art: Nous organized workshops with seniors and [&hellip;]\" \/>\n<meta property=\"og:url\" content=\"https:\/\/www.dynseo.com\/en\/why-stim-art\/\" \/>\n<meta property=\"og:site_name\" content=\"DYNSEO - Educational apps &amp; brain training apps for all\" \/>\n<meta property=\"og:image\" content=\"https:\/\/www.dynseo.com\/wp-content\/uploads\/2024\/07\/Article-pour-jeux-de-memoire-et-services-educatifs-sur-tablette-1.png\" \/>\n\t<meta property=\"og:image:width\" content=\"2000\" \/>\n\t<meta property=\"og:image:height\" content=\"1500\" \/>\n\t<meta property=\"og:image:type\" content=\"image\/png\" \/>\n<meta name=\"twitter:label1\" content=\"Est. reading time\" \/>\n\t<meta name=\"twitter:data1\" content=\"1 minute\" \/>\n<script type=\"application\/ld+json\" class=\"yoast-schema-graph\">{\"@context\":\"https:\\\/\\\/schema.org\",\"@graph\":[{\"@type\":\"WebPage\",\"@id\":\"https:\\\/\\\/www.dynseo.com\\\/en\\\/why-stim-art\\\/\",\"url\":\"https:\\\/\\\/www.dynseo.com\\\/en\\\/why-stim-art\\\/\",\"name\":\"Why Stim'Art? - DYNSEO - Educational apps &amp; brain training apps for all\",\"isPartOf\":{\"@id\":\"https:\\\/\\\/www.dynseo.com\\\/en\\\/#website\"},\"primaryImageOfPage\":{\"@id\":\"https:\\\/\\\/www.dynseo.com\\\/en\\\/why-stim-art\\\/#primaryimage\"},\"image\":{\"@id\":\"https:\\\/\\\/www.dynseo.com\\\/en\\\/why-stim-art\\\/#primaryimage\"},\"thumbnailUrl\":\"https:\\\/\\\/www.dynseo.com\\\/wp-content\\\/uploads\\\/2024\\\/07\\\/Article-pour-jeux-de-memoire-et-services-educatifs-sur-tablette-1.png\",\"datePublished\":\"2026-01-16T19:34:11+00:00\",\"breadcrumb\":{\"@id\":\"https:\\\/\\\/www.dynseo.com\\\/en\\\/why-stim-art\\\/#breadcrumb\"},\"inLanguage\":\"en-US\",\"potentialAction\":[{\"@type\":\"ReadAction\",\"target\":[\"https:\\\/\\\/www.dynseo.com\\\/en\\\/why-stim-art\\\/\"]}]},{\"@type\":\"ImageObject\",\"inLanguage\":\"en-US\",\"@id\":\"https:\\\/\\\/www.dynseo.com\\\/en\\\/why-stim-art\\\/#primaryimage\",\"url\":\"https:\\\/\\\/www.dynseo.com\\\/wp-content\\\/uploads\\\/2024\\\/07\\\/Article-pour-jeux-de-memoire-et-services-educatifs-sur-tablette-1.png\",\"contentUrl\":\"https:\\\/\\\/www.dynseo.com\\\/wp-content\\\/uploads\\\/2024\\\/07\\\/Article-pour-jeux-de-memoire-et-services-educatifs-sur-tablette-1.png\",\"width\":2000,\"height\":1500,\"caption\":\"Maintain your mental agility with our fun and enriching activities\"},{\"@type\":\"BreadcrumbList\",\"@id\":\"https:\\\/\\\/www.dynseo.com\\\/en\\\/why-stim-art\\\/#breadcrumb\",\"itemListElement\":[{\"@type\":\"ListItem\",\"position\":1,\"name\":\"Accueil\",\"item\":\"https:\\\/\\\/www.dynseo.com\\\/en\\\/\"},{\"@type\":\"ListItem\",\"position\":2,\"name\":\"Why Stim&rsquo;Art?\"}]},{\"@type\":\"WebSite\",\"@id\":\"https:\\\/\\\/www.dynseo.com\\\/en\\\/#website\",\"url\":\"https:\\\/\\\/www.dynseo.com\\\/en\\\/\",\"name\":\"Jeux de m\u00e9moire et stimulation cognitive\",\"description\":\"DYNSEO, and your brain is a new hero!\",\"publisher\":{\"@id\":\"https:\\\/\\\/www.dynseo.com\\\/en\\\/#organization\"},\"potentialAction\":[{\"@type\":\"SearchAction\",\"target\":{\"@type\":\"EntryPoint\",\"urlTemplate\":\"https:\\\/\\\/www.dynseo.com\\\/en\\\/?s={search_term_string}\"},\"query-input\":{\"@type\":\"PropertyValueSpecification\",\"valueRequired\":true,\"valueName\":\"search_term_string\"}}],\"inLanguage\":\"en-US\"},{\"@type\":\"Organization\",\"@id\":\"https:\\\/\\\/www.dynseo.com\\\/en\\\/#organization\",\"name\":\"DYNSEO\",\"url\":\"https:\\\/\\\/www.dynseo.com\\\/en\\\/\",\"logo\":{\"@type\":\"ImageObject\",\"inLanguage\":\"en-US\",\"@id\":\"https:\\\/\\\/www.dynseo.com\\\/en\\\/#\\\/schema\\\/logo\\\/image\\\/\",\"url\":\"https:\\\/\\\/www.dynseo.com\\\/wp-content\\\/uploads\\\/2022\\\/05\\\/logo-dynseo-new.png\",\"contentUrl\":\"https:\\\/\\\/www.dynseo.com\\\/wp-content\\\/uploads\\\/2022\\\/05\\\/logo-dynseo-new.png\",\"width\":5073,\"height\":1397,\"caption\":\"DYNSEO\"},\"image\":{\"@id\":\"https:\\\/\\\/www.dynseo.com\\\/en\\\/#\\\/schema\\\/logo\\\/image\\\/\"}}]}<\/script>\n<!-- \/ Yoast SEO plugin. -->","yoast_head_json":{"title":"Why Stim'Art? - DYNSEO - Educational apps &amp; brain training apps for all","robots":{"index":"index","follow":"follow","max-snippet":"max-snippet:-1","max-image-preview":"max-image-preview:large","max-video-preview":"max-video-preview:-1"},"canonical":"https:\/\/www.dynseo.com\/en\/why-stim-art\/","og_locale":"en_US","og_type":"article","og_title":"Why Stim'Art? - DYNSEO - Educational apps &amp; brain training apps for all","og_description":"The benefits of our Stim'Art memory game program &nbsp; The Stim'art memory games and brain training programs not only improve cognitive abilities, but they also allow you to learn, enrich yourself, meet new people, laugh together... and thus feel good. Here are the details of the benefits of Stim'Art: Nous organized workshops with seniors and [&hellip;]","og_url":"https:\/\/www.dynseo.com\/en\/why-stim-art\/","og_site_name":"DYNSEO - Educational apps &amp; brain training apps for all","og_image":[{"width":2000,"height":1500,"url":"https:\/\/www.dynseo.com\/wp-content\/uploads\/2024\/07\/Article-pour-jeux-de-memoire-et-services-educatifs-sur-tablette-1.png","type":"image\/png"}],"twitter_misc":{"Est. reading time":"1 minute"},"schema":{"@context":"https:\/\/schema.org","@graph":[{"@type":"WebPage","@id":"https:\/\/www.dynseo.com\/en\/why-stim-art\/","url":"https:\/\/www.dynseo.com\/en\/why-stim-art\/","name":"Why Stim'Art? - DYNSEO - Educational apps &amp; brain training apps for all","isPartOf":{"@id":"https:\/\/www.dynseo.com\/en\/#website"},"primaryImageOfPage":{"@id":"https:\/\/www.dynseo.com\/en\/why-stim-art\/#primaryimage"},"image":{"@id":"https:\/\/www.dynseo.com\/en\/why-stim-art\/#primaryimage"},"thumbnailUrl":"https:\/\/www.dynseo.com\/wp-content\/uploads\/2024\/07\/Article-pour-jeux-de-memoire-et-services-educatifs-sur-tablette-1.png","datePublished":"2026-01-16T19:34:11+00:00","breadcrumb":{"@id":"https:\/\/www.dynseo.com\/en\/why-stim-art\/#breadcrumb"},"inLanguage":"en-US","potentialAction":[{"@type":"ReadAction","target":["https:\/\/www.dynseo.com\/en\/why-stim-art\/"]}]},{"@type":"ImageObject","inLanguage":"en-US","@id":"https:\/\/www.dynseo.com\/en\/why-stim-art\/#primaryimage","url":"https:\/\/www.dynseo.com\/wp-content\/uploads\/2024\/07\/Article-pour-jeux-de-memoire-et-services-educatifs-sur-tablette-1.png","contentUrl":"https:\/\/www.dynseo.com\/wp-content\/uploads\/2024\/07\/Article-pour-jeux-de-memoire-et-services-educatifs-sur-tablette-1.png","width":2000,"height":1500,"caption":"Maintain your mental agility with our fun and enriching activities"},{"@type":"BreadcrumbList","@id":"https:\/\/www.dynseo.com\/en\/why-stim-art\/#breadcrumb","itemListElement":[{"@type":"ListItem","position":1,"name":"Accueil","item":"https:\/\/www.dynseo.com\/en\/"},{"@type":"ListItem","position":2,"name":"Why Stim&rsquo;Art?"}]},{"@type":"WebSite","@id":"https:\/\/www.dynseo.com\/en\/#website","url":"https:\/\/www.dynseo.com\/en\/","name":"Jeux de m\u00e9moire et stimulation cognitive","description":"DYNSEO, and your brain is a new hero!","publisher":{"@id":"https:\/\/www.dynseo.com\/en\/#organization"},"potentialAction":[{"@type":"SearchAction","target":{"@type":"EntryPoint","urlTemplate":"https:\/\/www.dynseo.com\/en\/?s={search_term_string}"},"query-input":{"@type":"PropertyValueSpecification","valueRequired":true,"valueName":"search_term_string"}}],"inLanguage":"en-US"},{"@type":"Organization","@id":"https:\/\/www.dynseo.com\/en\/#organization","name":"DYNSEO","url":"https:\/\/www.dynseo.com\/en\/","logo":{"@type":"ImageObject","inLanguage":"en-US","@id":"https:\/\/www.dynseo.com\/en\/#\/schema\/logo\/image\/","url":"https:\/\/www.dynseo.com\/wp-content\/uploads\/2022\/05\/logo-dynseo-new.png","contentUrl":"https:\/\/www.dynseo.com\/wp-content\/uploads\/2022\/05\/logo-dynseo-new.png","width":5073,"height":1397,"caption":"DYNSEO"},"image":{"@id":"https:\/\/www.dynseo.com\/en\/#\/schema\/logo\/image\/"}}]}},"_links":{"self":[{"href":"https:\/\/www.dynseo.com\/en\/wp-json\/wp\/v2\/pages\/486109","targetHints":{"allow":["GET"]}}],"collection":[{"href":"https:\/\/www.dynseo.com\/en\/wp-json\/wp\/v2\/pages"}],"about":[{"href":"https:\/\/www.dynseo.com\/en\/wp-json\/wp\/v2\/types\/page"}],"author":[{"embeddable":true,"href":"https:\/\/www.dynseo.com\/en\/wp-json\/wp\/v2\/users\/4"}],"replies":[{"embeddable":true,"href":"https:\/\/www.dynseo.com\/en\/wp-json\/wp\/v2\/comments?post=486109"}],"version-history":[{"count":0,"href":"https:\/\/www.dynseo.com\/en\/wp-json\/wp\/v2\/pages\/486109\/revisions"}],"wp:featuredmedia":[{"embeddable":true,"href":"https:\/\/www.dynseo.com\/en\/wp-json\/wp\/v2\/media\/130227"}],"wp:attachment":[{"href":"https:\/\/www.dynseo.com\/en\/wp-json\/wp\/v2\/media?parent=486109"}],"curies":[{"name":"wp","href":"https:\/\/api.w.org\/{rel}","templated":true}]}}