{"id":489273,"date":"2026-01-24T17:36:56","date_gmt":"2026-01-24T16:36:56","guid":{"rendered":"https:\/\/www.dynseo.com\/formation-aidant-aide\/"},"modified":"2026-02-09T22:24:07","modified_gmt":"2026-02-09T21:24:07","slug":"formation-aidant-aide","status":"publish","type":"page","link":"https:\/\/www.dynseo.com\/en\/formation-aidant-aide\/","title":{"rendered":"Formation Aidant &#8211; Aid\u00e9"},"content":{"rendered":"<p>[et_pb_section fb_built=&#8221;1&#8243; _builder_version=&#8221;4.18.0&#8243; background_enable_color=&#8221;off&#8221; global_colors_info=&#8221;{}&#8221; da_is_popup=&#8221;off&#8221; da_exit_intent=&#8221;off&#8221; da_has_close=&#8221;on&#8221; da_alt_close=&#8221;off&#8221; da_dark_close=&#8221;off&#8221; da_not_modal=&#8221;on&#8221; da_is_singular=&#8221;off&#8221; da_with_loader=&#8221;off&#8221; da_has_shadow=&#8221;on&#8221; da_disable_devices=&#8221;off|off|off&#8221;][et_pb_row _builder_version=&#8221;4.16&#8243; background_size=&#8221;initial&#8221; background_position=&#8221;top_left&#8221; background_repeat=&#8221;repeat&#8221; global_colors_info=&#8221;{}&#8221;][et_pb_column type=&#8221;4_4&#8243; _builder_version=&#8221;4.16&#8243; custom_padding=&#8221;|||&#8221; global_colors_info=&#8221;{}&#8221; custom_padding__hover=&#8221;|||&#8221;][et_pb_text _builder_version=&#8221;4.18.0&#8243; text_font=&#8221;Montserrat||||||||&#8221; background_size=&#8221;initial&#8221; background_position=&#8221;top_left&#8221; background_repeat=&#8221;repeat&#8221; global_colors_info=&#8221;{}&#8221;]<\/p>\n<h2 style=\"text-align: left;\"><span style=\"color: #333399;\">Formation Aidant &#8211; Aid\u00e9<\/span><\/h2>\n<p>DYNSEO lance, en <a href=\"https:\/\/www.dynseo.com\/occupez-vos-residents-en-partenariat-avec-dynseo-covid-19\/\" title=\"Occupez vos r\u00e9sidents en partenariat avec Dynseo | COVID-19\">partenariat<\/a> avec le groupe associatif Siel Bleu un programme de formation Bien-\u00eatre \u00e0 destination des aidants accompagn\u00e9s de leur aid\u00e9 :\u00a0<span style=\"color: #008080;\"><strong><a href=\"https:\/\/www.dynseo.com\/prendre-soin-de-la-sante-emotionnelle-des-aines-a-distance\/\" title=\"Prendre Soin de la Sant\u00e9 \u00c9motionnelle des A\u00een\u00e9s \u00e0 Distance.\">prendre soin<\/a> de soi <a href=\"https:\/\/www.dynseo.com\/apathie-et-demotivation-stimuler-sans-brusquer-la-personne-malade\/\" title=\"Apathie et D\u00e9motivation : Stimuler sans Brusquer la Personne Malade\">sans<\/a> le soucis \u00ab\u00a0d\u2019abandonner\u00a0\u00bb l\u2019autre.<\/strong><\/span><\/p>\n<p>L\u2019id\u00e9e est de proposer aux aidants, 5 s\u00e9ances d\u2019ateliers bien-\u00eatre, avec leur aid\u00e9,\u00a0o\u00f9 ils travailleront s\u00e9par\u00e9ment \u00a0\u00e0 la fois la partie cognitive avec nos jeux sur <a href=\"https:\/\/www.dynseo.com\/tablettes\/\" title=\"Tablettes\">tablettes<\/a>, et la partie bien-\u00eatre physique, avec Siel Bleu.<\/p>\n<p>A\u00a0la fin de la s\u00e9ance, l&#8217;aidant et son aid\u00e9 apprendront \u00a0\u00e0 pratiquer une nouvelle activit\u00e9 ensemble dans une perspective de se retrouver autour d\u2019une activit\u00e9 diff\u00e9rente.<\/p>\n<p>&nbsp;<\/p>\n<p><img loading=\"lazy\" decoding=\"async\" class=\"wp-image-3227 aligncenter\" src=\"https:\/\/www.dynseo.com\/wp-content\/uploads\/2015\/03\/Programme-bien_\u00eatre_final.jpg\" alt=\"activit\u00e9s aidants avec aid\u00e9\" width=\"743\" height=\"1051\" srcset=\"https:\/\/www.dynseo.com\/wp-content\/uploads\/2015\/03\/Programme-bien_\u00eatre_final.jpg 1448w, https:\/\/www.dynseo.com\/wp-content\/uploads\/2015\/03\/Programme-bien_\u00eatre_final-600x849.jpg 600w, https:\/\/www.dynseo.com\/wp-content\/uploads\/2015\/03\/Programme-bien_\u00eatre_final-212x300.jpg 212w, https:\/\/www.dynseo.com\/wp-content\/uploads\/2015\/03\/Programme-bien_\u00eatre_final-768x1086.jpg 768w, https:\/\/www.dynseo.com\/wp-content\/uploads\/2015\/03\/Programme-bien_\u00eatre_final-724x1024.jpg 724w\" sizes=\"(max-width: 743px) 100vw, 743px\" \/><\/p>\n<p>&nbsp;<\/p>\n<p>D\u00e9couvrez les premiers <a href=\"https:\/\/www.dynseo.com\/fr\/retour-dexperiences-formation-aidants-aides\/\">retours d&#8217;exp\u00e9riences<\/a> de nos formations.<\/p>\n<p>&nbsp;<\/p>\n<p>[\/et_pb_text][\/et_pb_column][\/et_pb_row][\/et_pb_section]<\/p>\n<p>[et_pb_code]<script type=\"application\/ld+json\">{\"@context\":\"https:\/\/schema.org\",\"@type\":\"FAQPage\",\"mainEntity\":[{\"@type\":\"Question\",\"name\":\"Qu'est-ce que la formation Aidant-Aid\u00e9 propos\u00e9e par DYNSEO ?\",\"acceptedAnswer\":{\"@type\":\"Answer\",\"text\":\"La formation Aidant-Aid\u00e9 est un programme de bien-\u00eatre d\u00e9velopp\u00e9 par DYNSEO en partenariat avec le groupe associatif Siel Bleu. Elle permet aux aidants de <a href=\"https:\/\/www.dynseo.com\/les-9-meilleurs-gadgets-pour-prendre-soin-de-soi\/\" title=\"Les 10 meilleurs gadgets pour prendre soin de soi\">prendre soin<\/a> d'eux sans avoir le sentiment d'abandonner la <a href=\"https:\/\/www.dynseo.com\/travailler-avec-une-personne-trisomique-astuces-pour-un-encadrement-efficace\/\" title=\"Travailler avec une personne trisomique : astuces pour un encadrement efficace\">personne<\/a> qu'ils accompagnent, en participant ensemble \u00e0 des ateliers structur\u00e9s.\"}},{\"@type\":\"Question\",\"name\":\"Combien de s\u00e9ances comprend le programme de formation ?\",\"acceptedAnswer\":{\"@type\":\"Answer\",\"text\":\"Le programme comprend 5 s\u00e9ances d'ateliers bien-\u00eatre o\u00f9 l'aidant et son aid\u00e9 participent ensemble tout en travaillant s\u00e9par\u00e9ment sur diff\u00e9rents aspects : cognitif avec les jeux sur tablettes et bien-\u00eatre physique avec Siel Bleu.\"}},{\"@type\":\"Question\",\"name\":\"Qui est le partenaire de DYNSEO pour cette formation ?\",\"acceptedAnswer\":{\"@type\":\"Answer\",\"text\":\"DYNSEO s'est associ\u00e9 au groupe associatif Siel Bleu, sp\u00e9cialis\u00e9 dans le bien-\u00eatre physique et l'activit\u00e9 physique adapt\u00e9e, pour proposer ce programme complet alliant aspects cognitifs et physiques.\"}},{\"@type\":\"Question\",\"name\":\"Comment se d\u00e9roulent les ateliers pendant les s\u00e9ances ?\",\"acceptedAnswer\":{\"@type\":\"Answer\",\"text\":\"Pendant les s\u00e9ances, l'aidant et son aid\u00e9 travaillent s\u00e9par\u00e9ment : la partie cognitive est d\u00e9velopp\u00e9e \u00e0 travers des jeux sur tablettes DYNSEO, tandis que la partie bien-\u00eatre physique est anim\u00e9e par Siel Bleu. \u00c0 la fin de chaque s\u00e9ance, ils apprennent ensemble une nouvelle activit\u00e9 commune.\"}},{\"@type\":\"Question\",\"name\":\"Quel est l'objectif principal de cette formation ?\",\"acceptedAnswer\":{\"@type\":\"Answer\",\"text\":\"L'objectif principal est de permettre aux aidants de <a href=\"https:\/\/www.dynseo.com\/le-cerveau-aussi-prend-de-l-age-comment-en-prendre-soin-apres-60-ans\/\" title=\"Le cerveau aussi prend de l&#039;\u00e2ge : comment en prendre soin apr\u00e8s 60 ans ?\">prendre soin<\/a> de leur propre bien-\u00eatre sans culpabiliser ou avoir l'impression d'abandonner la personne qu'ils aident. La formation vise \u00e9galement \u00e0 cr\u00e9er de nouveaux moments de partage autour d'activit\u00e9s diff\u00e9rentes.\"}},{\"@type\":\"Question\",\"name\":\"Que se passe-t-il \u00e0 la fin de chaque s\u00e9ance de formation ?\",\"acceptedAnswer\":{\"@type\":\"Answer\",\"text\":\"\u00c0 la fin de chaque s\u00e9ance, l'aidant et son aid\u00e9 se retrouvent pour apprendre ensemble \u00e0 pratiquer une nouvelle activit\u00e9 commune. Cette approche favorise le lien et permet de cr\u00e9er des moments de partage dans une perspective diff\u00e9rente de leur quotidien habituel.\"}}]}<\/script>[\/et_pb_code]<\/p>\n","protected":false},"excerpt":{"rendered":"<p>Formation Aidant &#8211; Aid\u00e9 DYNSEO lance, en partenariat avec le groupe associatif Siel Bleu un programme de formation Bien-\u00eatre \u00e0 destination des aidants accompagn\u00e9s de leur aid\u00e9 :\u00a0prendre soin de soi sans le soucis \u00ab\u00a0d\u2019abandonner\u00a0\u00bb l\u2019autre. L\u2019id\u00e9e est de proposer aux aidants, 5 s\u00e9ances d\u2019ateliers bien-\u00eatre, avec leur aid\u00e9,\u00a0o\u00f9 ils travailleront s\u00e9par\u00e9ment \u00a0\u00e0 la fois [&hellip;]<\/p>\n","protected":false},"author":4,"featured_media":130227,"parent":0,"menu_order":0,"comment_status":"closed","ping_status":"closed","template":"","meta":{"_et_pb_use_builder":"on","_et_pb_old_content":"<h2 style=\"text-align: left;\"><span style=\"color: #333399;\">Formation Aidant - Aid\u00e9<\/span><\/h2><p>DYNSEO lance, en partenariat avec le groupe associatif Siel Bleu un programme de formation Bien-\u00eatre \u00e0 destination des aidants accompagn\u00e9s de leur aid\u00e9 :\u00a0<span style=\"color: #008080;\"><strong>prendre soin de soi sans le soucis \u00ab\u00a0d\u2019abandonner\u00a0\u00bb l\u2019autre.<\/strong><\/span><\/p><p>L\u2019id\u00e9e est de proposer aux aidants, 5 s\u00e9ances d\u2019ateliers bien-\u00eatre, avec leur aid\u00e9,\u00a0o\u00f9 ils travailleront s\u00e9par\u00e9ment \u00a0\u00e0 la fois la partie cognitive avec nos jeux sur tablettes, et la partie bien-\u00eatre physique, avec Siel Bleu.<\/p><p>A\u00a0la fin de la s\u00e9ance, l'aidant et son aid\u00e9 apprendront \u00a0\u00e0 pratiquer une nouvelle activit\u00e9 ensemble dans une perspective de se retrouver autour d\u2019une activit\u00e9 diff\u00e9rente.<\/p><p>\u00a0<\/p><p><img class=\"wp-image-3227 aligncenter\" src=\"https:\/\/www.dynseo.com\/wp-content\/uploads\/2015\/03\/Programme-bien_\u00eatre_final.jpg\" alt=\"activit\u00e9s aidants avec aid\u00e9\" width=\"743\" height=\"1051\" \/><\/p><p>\u00a0<\/p><p>D\u00e9couvrez les premiers <a href=\"https:\/\/www.dynseo.com\/fr\/retour-dexperiences-formation-aidants-aides\/\">retours d'exp\u00e9riences<\/a> de nos formations.<\/p><p>\u00a0<\/p>","_et_gb_content_width":"","footnotes":""},"class_list":["post-489273","page","type-page","status-publish","has-post-thumbnail","hentry"],"yoast_head":"<!-- This site is optimized with the Yoast SEO plugin v27.5 - https:\/\/yoast.com\/product\/yoast-seo-wordpress\/ -->\n<title>Formation Aidant - Aid\u00e9 - DYNSEO - Educational apps &amp; brain training apps for all<\/title>\n<meta name=\"robots\" content=\"index, follow, max-snippet:-1, max-image-preview:large, max-video-preview:-1\" \/>\n<link rel=\"canonical\" href=\"https:\/\/www.dynseo.com\/en\/formation-aidant-aide\/\" \/>\n<meta property=\"og:locale\" content=\"en_US\" \/>\n<meta property=\"og:type\" content=\"article\" \/>\n<meta property=\"og:title\" content=\"Formation Aidant - Aid\u00e9 - DYNSEO - Educational apps &amp; brain training apps for all\" \/>\n<meta property=\"og:description\" content=\"Formation Aidant - Aid\u00e9 DYNSEO lance, en partenariat avec le groupe associatif Siel Bleu un programme de formation Bien-\u00eatre \u00e0 destination des aidants accompagn\u00e9s de leur aid\u00e9 :\u00a0prendre soin de soi sans le soucis \u00ab\u00a0d\u2019abandonner\u00a0\u00bb l\u2019autre. L\u2019id\u00e9e est de proposer aux aidants, 5 s\u00e9ances d\u2019ateliers bien-\u00eatre, avec leur aid\u00e9,\u00a0o\u00f9 ils travailleront s\u00e9par\u00e9ment \u00a0\u00e0 la fois [&hellip;]\" \/>\n<meta property=\"og:url\" content=\"https:\/\/www.dynseo.com\/en\/formation-aidant-aide\/\" \/>\n<meta property=\"og:site_name\" content=\"DYNSEO - Educational apps &amp; brain training apps for all\" \/>\n<meta property=\"article:modified_time\" content=\"2026-02-09T21:24:07+00:00\" \/>\n<meta property=\"og:image\" content=\"https:\/\/www.dynseo.com\/wp-content\/uploads\/2024\/07\/Article-pour-jeux-de-memoire-et-services-educatifs-sur-tablette-1.png\" \/>\n\t<meta property=\"og:image:width\" content=\"2000\" \/>\n\t<meta property=\"og:image:height\" content=\"1500\" \/>\n\t<meta property=\"og:image:type\" content=\"image\/png\" \/>\n<meta name=\"twitter:label1\" content=\"Est. reading time\" \/>\n\t<meta name=\"twitter:data1\" content=\"1 minute\" \/>\n<script type=\"application\/ld+json\" class=\"yoast-schema-graph\">{\"@context\":\"https:\\\/\\\/schema.org\",\"@graph\":[{\"@type\":\"WebPage\",\"@id\":\"https:\\\/\\\/www.dynseo.com\\\/en\\\/formation-aidant-aide\\\/\",\"url\":\"https:\\\/\\\/www.dynseo.com\\\/en\\\/formation-aidant-aide\\\/\",\"name\":\"Formation Aidant - Aid\u00e9 - DYNSEO - Educational apps &amp; brain training apps for all\",\"isPartOf\":{\"@id\":\"https:\\\/\\\/www.dynseo.com\\\/en\\\/#website\"},\"primaryImageOfPage\":{\"@id\":\"https:\\\/\\\/www.dynseo.com\\\/en\\\/formation-aidant-aide\\\/#primaryimage\"},\"image\":{\"@id\":\"https:\\\/\\\/www.dynseo.com\\\/en\\\/formation-aidant-aide\\\/#primaryimage\"},\"thumbnailUrl\":\"https:\\\/\\\/www.dynseo.com\\\/wp-content\\\/uploads\\\/2024\\\/07\\\/Article-pour-jeux-de-memoire-et-services-educatifs-sur-tablette-1.png\",\"datePublished\":\"2026-01-24T16:36:56+00:00\",\"dateModified\":\"2026-02-09T21:24:07+00:00\",\"breadcrumb\":{\"@id\":\"https:\\\/\\\/www.dynseo.com\\\/en\\\/formation-aidant-aide\\\/#breadcrumb\"},\"inLanguage\":\"en-US\",\"potentialAction\":[{\"@type\":\"ReadAction\",\"target\":[\"https:\\\/\\\/www.dynseo.com\\\/en\\\/formation-aidant-aide\\\/\"]}]},{\"@type\":\"ImageObject\",\"inLanguage\":\"en-US\",\"@id\":\"https:\\\/\\\/www.dynseo.com\\\/en\\\/formation-aidant-aide\\\/#primaryimage\",\"url\":\"https:\\\/\\\/www.dynseo.com\\\/wp-content\\\/uploads\\\/2024\\\/07\\\/Article-pour-jeux-de-memoire-et-services-educatifs-sur-tablette-1.png\",\"contentUrl\":\"https:\\\/\\\/www.dynseo.com\\\/wp-content\\\/uploads\\\/2024\\\/07\\\/Article-pour-jeux-de-memoire-et-services-educatifs-sur-tablette-1.png\",\"width\":2000,\"height\":1500,\"caption\":\"Maintain your mental agility with our fun and enriching activities\"},{\"@type\":\"BreadcrumbList\",\"@id\":\"https:\\\/\\\/www.dynseo.com\\\/en\\\/formation-aidant-aide\\\/#breadcrumb\",\"itemListElement\":[{\"@type\":\"ListItem\",\"position\":1,\"name\":\"Accueil\",\"item\":\"https:\\\/\\\/www.dynseo.com\\\/en\\\/\"},{\"@type\":\"ListItem\",\"position\":2,\"name\":\"Formation Aidant &#8211; Aid\u00e9\"}]},{\"@type\":\"WebSite\",\"@id\":\"https:\\\/\\\/www.dynseo.com\\\/en\\\/#website\",\"url\":\"https:\\\/\\\/www.dynseo.com\\\/en\\\/\",\"name\":\"Jeux de m\u00e9moire et stimulation cognitive\",\"description\":\"DYNSEO, and your brain is a new hero!\",\"publisher\":{\"@id\":\"https:\\\/\\\/www.dynseo.com\\\/en\\\/#organization\"},\"potentialAction\":[{\"@type\":\"SearchAction\",\"target\":{\"@type\":\"EntryPoint\",\"urlTemplate\":\"https:\\\/\\\/www.dynseo.com\\\/en\\\/?s={search_term_string}\"},\"query-input\":{\"@type\":\"PropertyValueSpecification\",\"valueRequired\":true,\"valueName\":\"search_term_string\"}}],\"inLanguage\":\"en-US\"},{\"@type\":\"Organization\",\"@id\":\"https:\\\/\\\/www.dynseo.com\\\/en\\\/#organization\",\"name\":\"DYNSEO\",\"url\":\"https:\\\/\\\/www.dynseo.com\\\/en\\\/\",\"logo\":{\"@type\":\"ImageObject\",\"inLanguage\":\"en-US\",\"@id\":\"https:\\\/\\\/www.dynseo.com\\\/en\\\/#\\\/schema\\\/logo\\\/image\\\/\",\"url\":\"https:\\\/\\\/www.dynseo.com\\\/wp-content\\\/uploads\\\/2022\\\/05\\\/logo-dynseo-new.png\",\"contentUrl\":\"https:\\\/\\\/www.dynseo.com\\\/wp-content\\\/uploads\\\/2022\\\/05\\\/logo-dynseo-new.png\",\"width\":5073,\"height\":1397,\"caption\":\"DYNSEO\"},\"image\":{\"@id\":\"https:\\\/\\\/www.dynseo.com\\\/en\\\/#\\\/schema\\\/logo\\\/image\\\/\"}}]}<\/script>\n<!-- \/ Yoast SEO plugin. -->","yoast_head_json":{"title":"Formation Aidant - Aid\u00e9 - DYNSEO - Educational apps &amp; brain training apps for all","robots":{"index":"index","follow":"follow","max-snippet":"max-snippet:-1","max-image-preview":"max-image-preview:large","max-video-preview":"max-video-preview:-1"},"canonical":"https:\/\/www.dynseo.com\/en\/formation-aidant-aide\/","og_locale":"en_US","og_type":"article","og_title":"Formation Aidant - Aid\u00e9 - DYNSEO - Educational apps &amp; brain training apps for all","og_description":"Formation Aidant - Aid\u00e9 DYNSEO lance, en partenariat avec le groupe associatif Siel Bleu un programme de formation Bien-\u00eatre \u00e0 destination des aidants accompagn\u00e9s de leur aid\u00e9 :\u00a0prendre soin de soi sans le soucis \u00ab\u00a0d\u2019abandonner\u00a0\u00bb l\u2019autre. L\u2019id\u00e9e est de proposer aux aidants, 5 s\u00e9ances d\u2019ateliers bien-\u00eatre, avec leur aid\u00e9,\u00a0o\u00f9 ils travailleront s\u00e9par\u00e9ment \u00a0\u00e0 la fois [&hellip;]","og_url":"https:\/\/www.dynseo.com\/en\/formation-aidant-aide\/","og_site_name":"DYNSEO - Educational apps &amp; brain training apps for all","article_modified_time":"2026-02-09T21:24:07+00:00","og_image":[{"width":2000,"height":1500,"url":"https:\/\/www.dynseo.com\/wp-content\/uploads\/2024\/07\/Article-pour-jeux-de-memoire-et-services-educatifs-sur-tablette-1.png","type":"image\/png"}],"twitter_misc":{"Est. reading time":"1 minute"},"schema":{"@context":"https:\/\/schema.org","@graph":[{"@type":"WebPage","@id":"https:\/\/www.dynseo.com\/en\/formation-aidant-aide\/","url":"https:\/\/www.dynseo.com\/en\/formation-aidant-aide\/","name":"Formation Aidant - Aid\u00e9 - DYNSEO - Educational apps &amp; brain training apps for all","isPartOf":{"@id":"https:\/\/www.dynseo.com\/en\/#website"},"primaryImageOfPage":{"@id":"https:\/\/www.dynseo.com\/en\/formation-aidant-aide\/#primaryimage"},"image":{"@id":"https:\/\/www.dynseo.com\/en\/formation-aidant-aide\/#primaryimage"},"thumbnailUrl":"https:\/\/www.dynseo.com\/wp-content\/uploads\/2024\/07\/Article-pour-jeux-de-memoire-et-services-educatifs-sur-tablette-1.png","datePublished":"2026-01-24T16:36:56+00:00","dateModified":"2026-02-09T21:24:07+00:00","breadcrumb":{"@id":"https:\/\/www.dynseo.com\/en\/formation-aidant-aide\/#breadcrumb"},"inLanguage":"en-US","potentialAction":[{"@type":"ReadAction","target":["https:\/\/www.dynseo.com\/en\/formation-aidant-aide\/"]}]},{"@type":"ImageObject","inLanguage":"en-US","@id":"https:\/\/www.dynseo.com\/en\/formation-aidant-aide\/#primaryimage","url":"https:\/\/www.dynseo.com\/wp-content\/uploads\/2024\/07\/Article-pour-jeux-de-memoire-et-services-educatifs-sur-tablette-1.png","contentUrl":"https:\/\/www.dynseo.com\/wp-content\/uploads\/2024\/07\/Article-pour-jeux-de-memoire-et-services-educatifs-sur-tablette-1.png","width":2000,"height":1500,"caption":"Maintain your mental agility with our fun and enriching activities"},{"@type":"BreadcrumbList","@id":"https:\/\/www.dynseo.com\/en\/formation-aidant-aide\/#breadcrumb","itemListElement":[{"@type":"ListItem","position":1,"name":"Accueil","item":"https:\/\/www.dynseo.com\/en\/"},{"@type":"ListItem","position":2,"name":"Formation Aidant &#8211; Aid\u00e9"}]},{"@type":"WebSite","@id":"https:\/\/www.dynseo.com\/en\/#website","url":"https:\/\/www.dynseo.com\/en\/","name":"Jeux de m\u00e9moire et stimulation cognitive","description":"DYNSEO, and your brain is a new hero!","publisher":{"@id":"https:\/\/www.dynseo.com\/en\/#organization"},"potentialAction":[{"@type":"SearchAction","target":{"@type":"EntryPoint","urlTemplate":"https:\/\/www.dynseo.com\/en\/?s={search_term_string}"},"query-input":{"@type":"PropertyValueSpecification","valueRequired":true,"valueName":"search_term_string"}}],"inLanguage":"en-US"},{"@type":"Organization","@id":"https:\/\/www.dynseo.com\/en\/#organization","name":"DYNSEO","url":"https:\/\/www.dynseo.com\/en\/","logo":{"@type":"ImageObject","inLanguage":"en-US","@id":"https:\/\/www.dynseo.com\/en\/#\/schema\/logo\/image\/","url":"https:\/\/www.dynseo.com\/wp-content\/uploads\/2022\/05\/logo-dynseo-new.png","contentUrl":"https:\/\/www.dynseo.com\/wp-content\/uploads\/2022\/05\/logo-dynseo-new.png","width":5073,"height":1397,"caption":"DYNSEO"},"image":{"@id":"https:\/\/www.dynseo.com\/en\/#\/schema\/logo\/image\/"}}]}},"_links":{"self":[{"href":"https:\/\/www.dynseo.com\/en\/wp-json\/wp\/v2\/pages\/489273","targetHints":{"allow":["GET"]}}],"collection":[{"href":"https:\/\/www.dynseo.com\/en\/wp-json\/wp\/v2\/pages"}],"about":[{"href":"https:\/\/www.dynseo.com\/en\/wp-json\/wp\/v2\/types\/page"}],"author":[{"embeddable":true,"href":"https:\/\/www.dynseo.com\/en\/wp-json\/wp\/v2\/users\/4"}],"replies":[{"embeddable":true,"href":"https:\/\/www.dynseo.com\/en\/wp-json\/wp\/v2\/comments?post=489273"}],"version-history":[{"count":1,"href":"https:\/\/www.dynseo.com\/en\/wp-json\/wp\/v2\/pages\/489273\/revisions"}],"predecessor-version":[{"id":489275,"href":"https:\/\/www.dynseo.com\/en\/wp-json\/wp\/v2\/pages\/489273\/revisions\/489275"}],"wp:featuredmedia":[{"embeddable":true,"href":"https:\/\/www.dynseo.com\/en\/wp-json\/wp\/v2\/media\/130227"}],"wp:attachment":[{"href":"https:\/\/www.dynseo.com\/en\/wp-json\/wp\/v2\/media?parent=489273"}],"curies":[{"name":"wp","href":"https:\/\/api.w.org\/{rel}","templated":true}]}}