{"id":539109,"date":"2026-04-08T01:51:33","date_gmt":"2026-04-07T23:51:33","guid":{"rendered":"https:\/\/www.dynseo.com\/produit\/acces-solo-outils\/"},"modified":"2026-04-08T01:51:33","modified_gmt":"2026-04-07T23:51:33","slug":"acces-solo-outils","status":"publish","type":"product","link":"https:\/\/www.dynseo.com\/en\/produit\/acces-solo-outils\/","title":{"rendered":"Acc\u00e8s Solo"},"content":{"rendered":"<h2>Acc\u00e8s Solo \u2014 1 outil orthophonie au choix pour 10 passations<\/h2>\n<p>L&#8217;Acc\u00e8s Solo pour les outils est la solution parfaite pour tester un outil sp\u00e9cifique ou d\u00e9buter avec notre librairie d&#8217;outils orthophonie. Vous pouvez choisir <strong>1 outil parmi nos 69 outils disponibles<\/strong> et l&#8217;utiliser pour <strong>jusqu&#8217;\u00e0 10 passations avec 1 patient<\/strong>.<\/p>\n<h3>Ce que vous obtenez :<\/h3>\n<ul>\n<li><strong>1 outil orthophonie au choix<\/strong> parmi notre catalogue complet (langage, TDAH, autisme, etc.)<\/li>\n<li><strong>10 passations maximum<\/strong> \u2014 utilisez l&#8217;outil jusqu&#8217;\u00e0 10 fois avec votre patient<\/li>\n<li><strong>1 patient inclus<\/strong> \u2014 parfait pour un suivi cibl\u00e9<\/li>\n<li><strong>Utilisable en s\u00e9ance<\/strong> \u2014 acc\u00e8s en ligne directement pendant vos consultations<\/li>\n<li><strong>R\u00e9sultats d\u00e9taill\u00e9s<\/strong> \u2014 donn\u00e9es compl\u00e8tes apr\u00e8s chaque utilisation<\/li>\n<li><strong>Acc\u00e8s \u00e0 jamais<\/strong> \u2014 achat unique, pas d&#8217;abonnement<\/li>\n<\/ul>\n<h3>Id\u00e9al pour :<\/h3>\n<ul>\n<li>Tester un outil avant d&#8217;investir dans un pack plus complet<\/li>\n<li>Compl\u00e9ter votre intervention avec un outil sp\u00e9cifique<\/li>\n<li>Les nouveaux professionnels d\u00e9couvrant les outils DYNSEO<\/li>\n<li>Adresser un besoin tr\u00e8s cibl\u00e9 d&#8217;un patient<\/li>\n<\/ul>\n<p><strong>Achat unique<\/strong> \u2014 9\u20ac, utilisez votre outil sans limitation de dur\u00e9e.<\/p>\n","protected":false},"excerpt":{"rendered":"<p>1 outil \u00b7 10 passations \u00b7 1 patient \u00b7 R\u00e9sultats d\u00e9taill\u00e9s<\/p>\n","protected":false},"featured_media":130227,"comment_status":"open","ping_status":"closed","template":"","meta":{"_et_pb_use_builder":"","_et_pb_old_content":"","_et_gb_content_width":""},"product_brand":[],"product_cat":[3157],"product_tag":[],"class_list":{"0":"post-539109","1":"product","2":"type-product","3":"status-publish","4":"has-post-thumbnail","6":"product_cat-uncategorized","8":"first","9":"instock","10":"virtual","11":"taxable","12":"purchasable","13":"product-type-simple"},"yoast_head":"<!-- This site is optimized with the Yoast SEO plugin v27.4 - https:\/\/yoast.com\/product\/yoast-seo-wordpress\/ -->\n<title>Acc\u00e8s Solo - DYNSEO - Educational apps &amp; brain training apps for all<\/title>\n<meta name=\"robots\" content=\"index, follow, max-snippet:-1, max-image-preview:large, max-video-preview:-1\" \/>\n<link rel=\"canonical\" href=\"https:\/\/www.dynseo.com\/en\/produit\/acces-solo-outils\/\" \/>\n<meta property=\"og:locale\" content=\"en_US\" \/>\n<meta property=\"og:type\" content=\"article\" \/>\n<meta property=\"og:title\" content=\"Acc\u00e8s Solo - DYNSEO - Educational apps &amp; brain training apps for all\" \/>\n<meta property=\"og:description\" content=\"1 outil \u00b7 10 passations \u00b7 1 patient \u00b7 R\u00e9sultats d\u00e9taill\u00e9s\" \/>\n<meta property=\"og:url\" content=\"https:\/\/www.dynseo.com\/en\/produit\/acces-solo-outils\/\" \/>\n<meta property=\"og:site_name\" content=\"DYNSEO - Educational apps &amp; brain training apps for all\" \/>\n<meta property=\"og:image\" content=\"https:\/\/www.dynseo.com\/wp-content\/uploads\/2024\/07\/Article-pour-jeux-de-memoire-et-services-educatifs-sur-tablette-1.png\" \/>\n\t<meta property=\"og:image:width\" content=\"2000\" \/>\n\t<meta property=\"og:image:height\" content=\"1500\" \/>\n\t<meta property=\"og:image:type\" content=\"image\/png\" \/>\n<meta name=\"twitter:label1\" content=\"Est. reading time\" \/>\n\t<meta name=\"twitter:data1\" content=\"1 minute\" \/>\n<script type=\"application\/ld+json\" class=\"yoast-schema-graph\">{\"@context\":\"https:\\\/\\\/schema.org\",\"@graph\":[{\"@type\":\"WebPage\",\"@id\":\"https:\\\/\\\/www.dynseo.com\\\/en\\\/produit\\\/acces-solo-outils\\\/\",\"url\":\"https:\\\/\\\/www.dynseo.com\\\/en\\\/produit\\\/acces-solo-outils\\\/\",\"name\":\"Acc\u00e8s Solo - DYNSEO - Educational apps &amp; brain training apps for all\",\"isPartOf\":{\"@id\":\"https:\\\/\\\/www.dynseo.com\\\/en\\\/#website\"},\"primaryImageOfPage\":{\"@id\":\"https:\\\/\\\/www.dynseo.com\\\/en\\\/produit\\\/acces-solo-outils\\\/#primaryimage\"},\"image\":{\"@id\":\"https:\\\/\\\/www.dynseo.com\\\/en\\\/produit\\\/acces-solo-outils\\\/#primaryimage\"},\"thumbnailUrl\":\"https:\\\/\\\/www.dynseo.com\\\/wp-content\\\/uploads\\\/2024\\\/07\\\/Article-pour-jeux-de-memoire-et-services-educatifs-sur-tablette-1.png\",\"datePublished\":\"2026-04-07T23:51:33+00:00\",\"breadcrumb\":{\"@id\":\"https:\\\/\\\/www.dynseo.com\\\/en\\\/produit\\\/acces-solo-outils\\\/#breadcrumb\"},\"inLanguage\":\"en-US\",\"potentialAction\":[{\"@type\":\"ReadAction\",\"target\":[\"https:\\\/\\\/www.dynseo.com\\\/en\\\/produit\\\/acces-solo-outils\\\/\"]}]},{\"@type\":\"ImageObject\",\"inLanguage\":\"en-US\",\"@id\":\"https:\\\/\\\/www.dynseo.com\\\/en\\\/produit\\\/acces-solo-outils\\\/#primaryimage\",\"url\":\"https:\\\/\\\/www.dynseo.com\\\/wp-content\\\/uploads\\\/2024\\\/07\\\/Article-pour-jeux-de-memoire-et-services-educatifs-sur-tablette-1.png\",\"contentUrl\":\"https:\\\/\\\/www.dynseo.com\\\/wp-content\\\/uploads\\\/2024\\\/07\\\/Article-pour-jeux-de-memoire-et-services-educatifs-sur-tablette-1.png\",\"width\":2000,\"height\":1500,\"caption\":\"Maintain your mental agility with our fun and enriching activities\"},{\"@type\":\"BreadcrumbList\",\"@id\":\"https:\\\/\\\/www.dynseo.com\\\/en\\\/produit\\\/acces-solo-outils\\\/#breadcrumb\",\"itemListElement\":[{\"@type\":\"ListItem\",\"position\":1,\"name\":\"Accueil\",\"item\":\"https:\\\/\\\/www.dynseo.com\\\/en\\\/\"},{\"@type\":\"ListItem\",\"position\":2,\"name\":\"Shop\",\"item\":\"https:\\\/\\\/www.dynseo.com\\\/boutique\\\/\"},{\"@type\":\"ListItem\",\"position\":3,\"name\":\"Acc\u00e8s Solo\"}]},{\"@type\":\"WebSite\",\"@id\":\"https:\\\/\\\/www.dynseo.com\\\/en\\\/#website\",\"url\":\"https:\\\/\\\/www.dynseo.com\\\/en\\\/\",\"name\":\"Jeux de m\u00e9moire et stimulation cognitive\",\"description\":\"DYNSEO, and your brain is a new hero!\",\"publisher\":{\"@id\":\"https:\\\/\\\/www.dynseo.com\\\/en\\\/#organization\"},\"potentialAction\":[{\"@type\":\"SearchAction\",\"target\":{\"@type\":\"EntryPoint\",\"urlTemplate\":\"https:\\\/\\\/www.dynseo.com\\\/en\\\/?s={search_term_string}\"},\"query-input\":{\"@type\":\"PropertyValueSpecification\",\"valueRequired\":true,\"valueName\":\"search_term_string\"}}],\"inLanguage\":\"en-US\"},{\"@type\":\"Organization\",\"@id\":\"https:\\\/\\\/www.dynseo.com\\\/en\\\/#organization\",\"name\":\"DYNSEO\",\"url\":\"https:\\\/\\\/www.dynseo.com\\\/en\\\/\",\"logo\":{\"@type\":\"ImageObject\",\"inLanguage\":\"en-US\",\"@id\":\"https:\\\/\\\/www.dynseo.com\\\/en\\\/#\\\/schema\\\/logo\\\/image\\\/\",\"url\":\"https:\\\/\\\/www.dynseo.com\\\/wp-content\\\/uploads\\\/2022\\\/05\\\/logo-dynseo-new.png\",\"contentUrl\":\"https:\\\/\\\/www.dynseo.com\\\/wp-content\\\/uploads\\\/2022\\\/05\\\/logo-dynseo-new.png\",\"width\":5073,\"height\":1397,\"caption\":\"DYNSEO\"},\"image\":{\"@id\":\"https:\\\/\\\/www.dynseo.com\\\/en\\\/#\\\/schema\\\/logo\\\/image\\\/\"}}]}<\/script>\n<!-- \/ Yoast SEO plugin. -->","yoast_head_json":{"title":"Acc\u00e8s Solo - DYNSEO - Educational apps &amp; brain training apps for all","robots":{"index":"index","follow":"follow","max-snippet":"max-snippet:-1","max-image-preview":"max-image-preview:large","max-video-preview":"max-video-preview:-1"},"canonical":"https:\/\/www.dynseo.com\/en\/produit\/acces-solo-outils\/","og_locale":"en_US","og_type":"article","og_title":"Acc\u00e8s Solo - DYNSEO - Educational apps &amp; brain training apps for all","og_description":"1 outil \u00b7 10 passations \u00b7 1 patient \u00b7 R\u00e9sultats d\u00e9taill\u00e9s","og_url":"https:\/\/www.dynseo.com\/en\/produit\/acces-solo-outils\/","og_site_name":"DYNSEO - Educational apps &amp; brain training apps for all","og_image":[{"width":2000,"height":1500,"url":"https:\/\/www.dynseo.com\/wp-content\/uploads\/2024\/07\/Article-pour-jeux-de-memoire-et-services-educatifs-sur-tablette-1.png","type":"image\/png"}],"twitter_misc":{"Est. reading time":"1 minute"},"schema":{"@context":"https:\/\/schema.org","@graph":[{"@type":"WebPage","@id":"https:\/\/www.dynseo.com\/en\/produit\/acces-solo-outils\/","url":"https:\/\/www.dynseo.com\/en\/produit\/acces-solo-outils\/","name":"Acc\u00e8s Solo - DYNSEO - Educational apps &amp; brain training apps for all","isPartOf":{"@id":"https:\/\/www.dynseo.com\/en\/#website"},"primaryImageOfPage":{"@id":"https:\/\/www.dynseo.com\/en\/produit\/acces-solo-outils\/#primaryimage"},"image":{"@id":"https:\/\/www.dynseo.com\/en\/produit\/acces-solo-outils\/#primaryimage"},"thumbnailUrl":"https:\/\/www.dynseo.com\/wp-content\/uploads\/2024\/07\/Article-pour-jeux-de-memoire-et-services-educatifs-sur-tablette-1.png","datePublished":"2026-04-07T23:51:33+00:00","breadcrumb":{"@id":"https:\/\/www.dynseo.com\/en\/produit\/acces-solo-outils\/#breadcrumb"},"inLanguage":"en-US","potentialAction":[{"@type":"ReadAction","target":["https:\/\/www.dynseo.com\/en\/produit\/acces-solo-outils\/"]}]},{"@type":"ImageObject","inLanguage":"en-US","@id":"https:\/\/www.dynseo.com\/en\/produit\/acces-solo-outils\/#primaryimage","url":"https:\/\/www.dynseo.com\/wp-content\/uploads\/2024\/07\/Article-pour-jeux-de-memoire-et-services-educatifs-sur-tablette-1.png","contentUrl":"https:\/\/www.dynseo.com\/wp-content\/uploads\/2024\/07\/Article-pour-jeux-de-memoire-et-services-educatifs-sur-tablette-1.png","width":2000,"height":1500,"caption":"Maintain your mental agility with our fun and enriching activities"},{"@type":"BreadcrumbList","@id":"https:\/\/www.dynseo.com\/en\/produit\/acces-solo-outils\/#breadcrumb","itemListElement":[{"@type":"ListItem","position":1,"name":"Accueil","item":"https:\/\/www.dynseo.com\/en\/"},{"@type":"ListItem","position":2,"name":"Shop","item":"https:\/\/www.dynseo.com\/boutique\/"},{"@type":"ListItem","position":3,"name":"Acc\u00e8s Solo"}]},{"@type":"WebSite","@id":"https:\/\/www.dynseo.com\/en\/#website","url":"https:\/\/www.dynseo.com\/en\/","name":"Jeux de m\u00e9moire et stimulation cognitive","description":"DYNSEO, and your brain is a new hero!","publisher":{"@id":"https:\/\/www.dynseo.com\/en\/#organization"},"potentialAction":[{"@type":"SearchAction","target":{"@type":"EntryPoint","urlTemplate":"https:\/\/www.dynseo.com\/en\/?s={search_term_string}"},"query-input":{"@type":"PropertyValueSpecification","valueRequired":true,"valueName":"search_term_string"}}],"inLanguage":"en-US"},{"@type":"Organization","@id":"https:\/\/www.dynseo.com\/en\/#organization","name":"DYNSEO","url":"https:\/\/www.dynseo.com\/en\/","logo":{"@type":"ImageObject","inLanguage":"en-US","@id":"https:\/\/www.dynseo.com\/en\/#\/schema\/logo\/image\/","url":"https:\/\/www.dynseo.com\/wp-content\/uploads\/2022\/05\/logo-dynseo-new.png","contentUrl":"https:\/\/www.dynseo.com\/wp-content\/uploads\/2022\/05\/logo-dynseo-new.png","width":5073,"height":1397,"caption":"DYNSEO"},"image":{"@id":"https:\/\/www.dynseo.com\/en\/#\/schema\/logo\/image\/"}}]}},"_links":{"self":[{"href":"https:\/\/www.dynseo.com\/en\/wp-json\/wp\/v2\/product\/539109","targetHints":{"allow":["GET"]}}],"collection":[{"href":"https:\/\/www.dynseo.com\/en\/wp-json\/wp\/v2\/product"}],"about":[{"href":"https:\/\/www.dynseo.com\/en\/wp-json\/wp\/v2\/types\/product"}],"replies":[{"embeddable":true,"href":"https:\/\/www.dynseo.com\/en\/wp-json\/wp\/v2\/comments?post=539109"}],"wp:featuredmedia":[{"embeddable":true,"href":"https:\/\/www.dynseo.com\/en\/wp-json\/wp\/v2\/media\/130227"}],"wp:attachment":[{"href":"https:\/\/www.dynseo.com\/en\/wp-json\/wp\/v2\/media?parent=539109"}],"wp:term":[{"taxonomy":"product_brand","embeddable":true,"href":"https:\/\/www.dynseo.com\/en\/wp-json\/wp\/v2\/product_brand?post=539109"},{"taxonomy":"product_cat","embeddable":true,"href":"https:\/\/www.dynseo.com\/en\/wp-json\/wp\/v2\/product_cat?post=539109"},{"taxonomy":"product_tag","embeddable":true,"href":"https:\/\/www.dynseo.com\/en\/wp-json\/wp\/v2\/product_tag?post=539109"}],"curies":[{"name":"wp","href":"https:\/\/api.w.org\/{rel}","templated":true}]}}