{"id":152022,"date":"2025-05-10T00:11:06","date_gmt":"2025-05-09T22:11:06","guid":{"rendered":"https:\/\/www.dynseo.com\/cart-3\/"},"modified":"2025-12-07T23:00:55","modified_gmt":"2025-12-07T22:00:55","slug":"cart-3","status":"publish","type":"page","link":"https:\/\/www.dynseo.com\/es\/cart-3\/","title":{"rendered":"Carrito"},"content":{"rendered":"<p>[et_pb_section fb_built=\u00bb1&#8243; fullwidth=\u00bbon\u00bb _builder_version=\u00bb4.23.1&#8243; _module_preset=\u00bbdefault\u00bb da_disable_devices=\u00bboff|off|off\u00bb global_colors_info=\u00bb{}\u00bb da_is_popup=\u00bboff\u00bb da_exit_intent=\u00bboff\u00bb da_has_close=\u00bbon\u00bb da_alt_close=\u00bboff\u00bb da_dark_close=\u00bboff\u00bb da_not_modal=\u00bbon\u00bb da_is_singular=\u00bboff\u00bb da_with_loader=\u00bboff\u00bb da_has_shadow=\u00bbon\u00bb][et_pb_fullwidth_code _builder_version=\u00bb4.23.1&#8243; _module_preset=\u00bbdefault\u00bb global_colors_info=\u00bb{}\u00bb]<\/p>\n<div class=\"form-indicator\"><!-- [et_pb_line_break_holder] -->        <\/p>\n<div class=\"step\"><!-- [et_pb_line_break_holder] -->            <\/p>\n<div class=\"icon cart\"><!-- [et_pb_line_break_holder] -->          \t<img decoding=\"async\" src=\"https:\/\/www.dynseo.com\/wp-content\/uploads\/2023\/11\/shopping-bag-white-color-icon-vector-16852516-removebg-preview-1.png\"><!-- [et_pb_line_break_holder] -->          <\/div>\n<p><!-- [et_pb_line_break_holder] -->            <\/p>\n<div class=\"line\"><\/div>\n<p><!-- [et_pb_line_break_holder] -->        <\/div>\n<p><!-- [et_pb_line_break_holder] -->        <\/p>\n<div class=\"step\"><!-- [et_pb_line_break_holder] -->            <\/p>\n<div class=\"icon bag\"><!-- [et_pb_line_break_holder] -->          \t<img decoding=\"async\" src=\"https:\/\/www.dynseo.com\/wp-content\/uploads\/2023\/11\/360_F_211057598_Vzh78rIIokEndQVbh1DpxtF2VlfCtG3F-removebg-preview-1.png\"><!-- [et_pb_line_break_holder] -->          <\/div>\n<p><!-- [et_pb_line_break_holder] -->            <\/p>\n<div class=\"line\"><\/div>\n<p><!-- [et_pb_line_break_holder] -->        <\/div>\n<p><!-- [et_pb_line_break_holder] -->        <\/p>\n<div class=\"step\"><!-- [et_pb_line_break_holder] -->            <\/p>\n<div class=\"icon card\"><!-- [et_pb_line_break_holder] -->          <img decoding=\"async\" src=\"https:\/\/www.dynseo.com\/wp-content\/uploads\/2023\/11\/1000_F_195074404_UZJDbLurzoqTUkqhvihxn7kPkok57aMR-removebg-preview.png\"><!-- [et_pb_line_break_holder] -->          <\/div>\n<p><!-- [et_pb_line_break_holder] -->        <\/div>\n<p><!-- [et_pb_line_break_holder] -->    <\/div>\n<p>[\/et_pb_fullwidth_code][\/et_pb_section][et_pb_section fb_built=\u00bb1&#8243; _builder_version=\u00bb4.23.1&#8243; background_enable_color=\u00bboff\u00bb da_disable_devices=\u00bboff|off|off\u00bb global_colors_info=\u00bb{}\u00bb da_is_popup=\u00bboff\u00bb da_exit_intent=\u00bboff\u00bb da_has_close=\u00bbon\u00bb da_alt_close=\u00bboff\u00bb da_dark_close=\u00bboff\u00bb da_not_modal=\u00bbon\u00bb da_is_singular=\u00bboff\u00bb da_with_loader=\u00bboff\u00bb da_has_shadow=\u00bbon\u00bb][et_pb_row _builder_version=\u00bb4.16&#8243; background_size=\u00bbinitial\u00bb background_position=\u00bbtop_left\u00bb background_repeat=\u00bbrepeat\u00bb global_colors_info=\u00bb{}\u00bb][et_pb_column type=\u00bb4_4&#8243; _builder_version=\u00bb4.16&#8243; custom_padding=\u00bb|||\u00bb global_colors_info=\u00bb{}\u00bb custom_padding__hover=\u00bb|||\u00bb][et_pb_text _builder_version=\u00bb4.27.4&#8243; background_size=\u00bbinitial\u00bb background_position=\u00bbtop_left\u00bb background_repeat=\u00bbrepeat\u00bb global_colors_info=\u00bb{}\u00bb]<\/p>\n\n<\/p>\n<p>[\/et_pb_text][\/et_pb_column][\/et_pb_row][\/et_pb_section]<\/p>\n<p>[et_pb_code]<script type=\"application\/ld+json\">{\"@context\":\"https:\/\/schema.org\",\"@type\":\"FAQPage\",\"mainEntity\":[{\"@type\":\"Question\",\"name\":\"\u00bfQu\u00e9 es el carrito de compras?\",\"acceptedAnswer\":{\"@type\":\"Answer\",\"text\":\"El carrito de compras es una funcionalidad que te permite seleccionar y almacenar temporalmente los productos que deseas comprar antes de proceder al pago.\"}},{\"@type\":\"Question\",\"name\":\"\u00bf<a href=\"https:\/\/www.dynseo.com\/aphasie-comment-aider-une-personne-ayant-perdu-la-parole-apres-un-avc\/\" title=\"Afasia: c\u00f3mo ayudar a alguien que ha perdido el habla tras un ictus\">C\u00f3mo<\/a> agregar productos al carrito?\",\"acceptedAnswer\":{\"@type\":\"Answer\",\"text\":\"Para agregar productos al carrito, navega por los productos disponibles y haz clic en el bot\u00f3n 'Agregar al carrito' junto al producto que deseas comprar.\"}},{\"@type\":\"Question\",\"name\":\"\u00bfPuedo modificar la cantidad de productos en mi carrito?\",\"acceptedAnswer\":{\"@type\":\"Answer\",\"text\":\"S\u00ed, puedes modificar la cantidad de productos directamente desde la p\u00e1gina del carrito, aumentando o disminuyendo las cantidades seg\u00fan tus <a href=\"https:\/\/www.dynseo.com\/comment-choisir-les-jeux-adaptes-aux-besoins-specifiques-de-chaque-senior\/\" title=\"C\u00f3mo Elegir los Juegos Adaptados a las Necesidades Espec\u00edficas de Cada Mayor.\">necesidades<\/a>.\"}},{\"@type\":\"Question\",\"name\":\"\u00bf<a href=\"https:\/\/www.dynseo.com\/comment-collaborer-avec-des-orthophonistes-pour-ameliorer-la-communication-des-personnes-trisomiques\/\" title=\"C\u00f3mo colaborar con logopedas para mejorar la comunicaci\u00f3n de las personas con s\u00edndrome de Down\">C\u00f3mo<\/a> eliminar productos del carrito?\",\"acceptedAnswer\":{\"@type\":\"Answer\",\"text\":\"Para eliminar productos del carrito, ve a la p\u00e1gina del carrito y haz clic en el bot\u00f3n 'Eliminar' o el \u00edcono de la papelera junto al producto que deseas quitar.\"}},{\"@type\":\"Question\",\"name\":\"\u00bfSe guardan los productos del carrito si cierro la p\u00e1gina?\",\"acceptedAnswer\":{\"@type\":\"Answer\",\"text\":\"Los productos en tu carrito se mantienen guardados temporalmente en tu sesi\u00f3n, pero te recomendamos completar tu compra lo antes posible para evitar perder los productos seleccionados.\"}},{\"@type\":\"Question\",\"name\":\"\u00bf<a href=\"https:\/\/www.dynseo.com\/comment-organiser-des-anniversaires-et-fetes-familiales-virtuelles\/\" title=\"C\u00f3mo Organizar Cumplea\u00f1os y Fiestas Familiares Virtuales\">C\u00f3mo<\/a> proceder al pago desde el carrito?\",\"acceptedAnswer\":{\"@type\":\"Answer\",\"text\":\"Una vez que hayas revisado todos los productos en tu carrito, haz clic en el bot\u00f3n 'Proceder al pago' o 'Finalizar compra' para continuar con el proceso de pago.\"}}]}<\/script>[\/et_pb_code]<\/p>\n","protected":false},"excerpt":{"rendered":"\n","protected":false},"author":4,"featured_media":130227,"parent":0,"menu_order":0,"comment_status":"closed","ping_status":"closed","template":"","meta":{"_et_pb_use_builder":"on","_et_pb_old_content":"","_et_gb_content_width":"","footnotes":""},"class_list":["post-152022","page","type-page","status-publish","has-post-thumbnail","hentry"],"yoast_head":"<!-- This site is optimized with the Yoast SEO plugin v27.4 - https:\/\/yoast.com\/product\/yoast-seo-wordpress\/ -->\n<title>Carrito - DYNSEO - Aplicaci\u00f3n educativa y juegos de memoria<\/title>\n<meta name=\"robots\" content=\"index, follow, max-snippet:-1, max-image-preview:large, max-video-preview:-1\" \/>\n<link rel=\"canonical\" href=\"https:\/\/www.dynseo.com\/es\/cart-3\/\" \/>\n<meta property=\"og:locale\" content=\"es_ES\" \/>\n<meta property=\"og:type\" content=\"article\" \/>\n<meta property=\"og:title\" content=\"Carrito - DYNSEO - Aplicaci\u00f3n educativa y juegos de memoria\" \/>\n<meta property=\"og:url\" content=\"https:\/\/www.dynseo.com\/es\/cart-3\/\" \/>\n<meta property=\"og:site_name\" content=\"DYNSEO - Aplicaci\u00f3n educativa y juegos de memoria\" \/>\n<meta property=\"article:modified_time\" content=\"2025-12-07T22:00:55+00:00\" \/>\n<meta property=\"og:image\" content=\"https:\/\/www.dynseo.com\/wp-content\/uploads\/2024\/07\/Article-pour-jeux-de-memoire-et-services-educatifs-sur-tablette-1.png\" \/>\n\t<meta property=\"og:image:width\" content=\"2000\" \/>\n\t<meta property=\"og:image:height\" content=\"1500\" \/>\n\t<meta property=\"og:image:type\" content=\"image\/png\" \/>\n<meta name=\"twitter:label1\" content=\"Tiempo de lectura\" \/>\n\t<meta name=\"twitter:data1\" content=\"1 minuto\" \/>\n<script type=\"application\/ld+json\" class=\"yoast-schema-graph\">{\"@context\":\"https:\\\/\\\/schema.org\",\"@graph\":[{\"@type\":\"WebPage\",\"@id\":\"https:\\\/\\\/www.dynseo.com\\\/es\\\/cart-3\\\/\",\"url\":\"https:\\\/\\\/www.dynseo.com\\\/es\\\/cart-3\\\/\",\"name\":\"Carrito - DYNSEO - Aplicaci\u00f3n educativa y juegos de memoria\",\"isPartOf\":{\"@id\":\"https:\\\/\\\/www.dynseo.com\\\/es\\\/#website\"},\"primaryImageOfPage\":{\"@id\":\"https:\\\/\\\/www.dynseo.com\\\/es\\\/cart-3\\\/#primaryimage\"},\"image\":{\"@id\":\"https:\\\/\\\/www.dynseo.com\\\/es\\\/cart-3\\\/#primaryimage\"},\"thumbnailUrl\":\"https:\\\/\\\/www.dynseo.com\\\/wp-content\\\/uploads\\\/2024\\\/07\\\/Article-pour-jeux-de-memoire-et-services-educatifs-sur-tablette-1.png\",\"datePublished\":\"2025-05-09T22:11:06+00:00\",\"dateModified\":\"2025-12-07T22:00:55+00:00\",\"breadcrumb\":{\"@id\":\"https:\\\/\\\/www.dynseo.com\\\/es\\\/cart-3\\\/#breadcrumb\"},\"inLanguage\":\"es\",\"potentialAction\":[{\"@type\":\"ReadAction\",\"target\":[\"https:\\\/\\\/www.dynseo.com\\\/es\\\/cart-3\\\/\"]}]},{\"@type\":\"ImageObject\",\"inLanguage\":\"es\",\"@id\":\"https:\\\/\\\/www.dynseo.com\\\/es\\\/cart-3\\\/#primaryimage\",\"url\":\"https:\\\/\\\/www.dynseo.com\\\/wp-content\\\/uploads\\\/2024\\\/07\\\/Article-pour-jeux-de-memoire-et-services-educatifs-sur-tablette-1.png\",\"contentUrl\":\"https:\\\/\\\/www.dynseo.com\\\/wp-content\\\/uploads\\\/2024\\\/07\\\/Article-pour-jeux-de-memoire-et-services-educatifs-sur-tablette-1.png\",\"width\":2000,\"height\":1500,\"caption\":\"Mant\u00e9n tu agilidad mental con nuestras actividades divertidas y gratificantes\"},{\"@type\":\"BreadcrumbList\",\"@id\":\"https:\\\/\\\/www.dynseo.com\\\/es\\\/cart-3\\\/#breadcrumb\",\"itemListElement\":[{\"@type\":\"ListItem\",\"position\":1,\"name\":\"Accueil\",\"item\":\"https:\\\/\\\/www.dynseo.com\\\/es\\\/\"},{\"@type\":\"ListItem\",\"position\":2,\"name\":\"Carrito\"}]},{\"@type\":\"WebSite\",\"@id\":\"https:\\\/\\\/www.dynseo.com\\\/es\\\/#website\",\"url\":\"https:\\\/\\\/www.dynseo.com\\\/es\\\/\",\"name\":\"Jeux de m\u00e9moire et stimulation cognitive\",\"description\":\"Entra\u00eenez votre m\u00e9moire et votre cerveau avec DYNSEO\",\"publisher\":{\"@id\":\"https:\\\/\\\/www.dynseo.com\\\/es\\\/#organization\"},\"potentialAction\":[{\"@type\":\"SearchAction\",\"target\":{\"@type\":\"EntryPoint\",\"urlTemplate\":\"https:\\\/\\\/www.dynseo.com\\\/es\\\/?s={search_term_string}\"},\"query-input\":{\"@type\":\"PropertyValueSpecification\",\"valueRequired\":true,\"valueName\":\"search_term_string\"}}],\"inLanguage\":\"es\"},{\"@type\":\"Organization\",\"@id\":\"https:\\\/\\\/www.dynseo.com\\\/es\\\/#organization\",\"name\":\"DYNSEO\",\"url\":\"https:\\\/\\\/www.dynseo.com\\\/es\\\/\",\"logo\":{\"@type\":\"ImageObject\",\"inLanguage\":\"es\",\"@id\":\"https:\\\/\\\/www.dynseo.com\\\/es\\\/#\\\/schema\\\/logo\\\/image\\\/\",\"url\":\"https:\\\/\\\/www.dynseo.com\\\/wp-content\\\/uploads\\\/2022\\\/05\\\/logo-dynseo-new.png\",\"contentUrl\":\"https:\\\/\\\/www.dynseo.com\\\/wp-content\\\/uploads\\\/2022\\\/05\\\/logo-dynseo-new.png\",\"width\":5073,\"height\":1397,\"caption\":\"DYNSEO\"},\"image\":{\"@id\":\"https:\\\/\\\/www.dynseo.com\\\/es\\\/#\\\/schema\\\/logo\\\/image\\\/\"}}]}<\/script>\n<!-- \/ Yoast SEO plugin. -->","yoast_head_json":{"title":"Carrito - DYNSEO - Aplicaci\u00f3n educativa y juegos de memoria","robots":{"index":"index","follow":"follow","max-snippet":"max-snippet:-1","max-image-preview":"max-image-preview:large","max-video-preview":"max-video-preview:-1"},"canonical":"https:\/\/www.dynseo.com\/es\/cart-3\/","og_locale":"es_ES","og_type":"article","og_title":"Carrito - DYNSEO - Aplicaci\u00f3n educativa y juegos de memoria","og_url":"https:\/\/www.dynseo.com\/es\/cart-3\/","og_site_name":"DYNSEO - Aplicaci\u00f3n educativa y juegos de memoria","article_modified_time":"2025-12-07T22:00:55+00:00","og_image":[{"width":2000,"height":1500,"url":"https:\/\/www.dynseo.com\/wp-content\/uploads\/2024\/07\/Article-pour-jeux-de-memoire-et-services-educatifs-sur-tablette-1.png","type":"image\/png"}],"twitter_misc":{"Tiempo de lectura":"1 minuto"},"schema":{"@context":"https:\/\/schema.org","@graph":[{"@type":"WebPage","@id":"https:\/\/www.dynseo.com\/es\/cart-3\/","url":"https:\/\/www.dynseo.com\/es\/cart-3\/","name":"Carrito - DYNSEO - Aplicaci\u00f3n educativa y juegos de memoria","isPartOf":{"@id":"https:\/\/www.dynseo.com\/es\/#website"},"primaryImageOfPage":{"@id":"https:\/\/www.dynseo.com\/es\/cart-3\/#primaryimage"},"image":{"@id":"https:\/\/www.dynseo.com\/es\/cart-3\/#primaryimage"},"thumbnailUrl":"https:\/\/www.dynseo.com\/wp-content\/uploads\/2024\/07\/Article-pour-jeux-de-memoire-et-services-educatifs-sur-tablette-1.png","datePublished":"2025-05-09T22:11:06+00:00","dateModified":"2025-12-07T22:00:55+00:00","breadcrumb":{"@id":"https:\/\/www.dynseo.com\/es\/cart-3\/#breadcrumb"},"inLanguage":"es","potentialAction":[{"@type":"ReadAction","target":["https:\/\/www.dynseo.com\/es\/cart-3\/"]}]},{"@type":"ImageObject","inLanguage":"es","@id":"https:\/\/www.dynseo.com\/es\/cart-3\/#primaryimage","url":"https:\/\/www.dynseo.com\/wp-content\/uploads\/2024\/07\/Article-pour-jeux-de-memoire-et-services-educatifs-sur-tablette-1.png","contentUrl":"https:\/\/www.dynseo.com\/wp-content\/uploads\/2024\/07\/Article-pour-jeux-de-memoire-et-services-educatifs-sur-tablette-1.png","width":2000,"height":1500,"caption":"Mant\u00e9n tu agilidad mental con nuestras actividades divertidas y gratificantes"},{"@type":"BreadcrumbList","@id":"https:\/\/www.dynseo.com\/es\/cart-3\/#breadcrumb","itemListElement":[{"@type":"ListItem","position":1,"name":"Accueil","item":"https:\/\/www.dynseo.com\/es\/"},{"@type":"ListItem","position":2,"name":"Carrito"}]},{"@type":"WebSite","@id":"https:\/\/www.dynseo.com\/es\/#website","url":"https:\/\/www.dynseo.com\/es\/","name":"Jeux de m\u00e9moire et stimulation cognitive","description":"Entra\u00eenez votre m\u00e9moire et votre cerveau avec DYNSEO","publisher":{"@id":"https:\/\/www.dynseo.com\/es\/#organization"},"potentialAction":[{"@type":"SearchAction","target":{"@type":"EntryPoint","urlTemplate":"https:\/\/www.dynseo.com\/es\/?s={search_term_string}"},"query-input":{"@type":"PropertyValueSpecification","valueRequired":true,"valueName":"search_term_string"}}],"inLanguage":"es"},{"@type":"Organization","@id":"https:\/\/www.dynseo.com\/es\/#organization","name":"DYNSEO","url":"https:\/\/www.dynseo.com\/es\/","logo":{"@type":"ImageObject","inLanguage":"es","@id":"https:\/\/www.dynseo.com\/es\/#\/schema\/logo\/image\/","url":"https:\/\/www.dynseo.com\/wp-content\/uploads\/2022\/05\/logo-dynseo-new.png","contentUrl":"https:\/\/www.dynseo.com\/wp-content\/uploads\/2022\/05\/logo-dynseo-new.png","width":5073,"height":1397,"caption":"DYNSEO"},"image":{"@id":"https:\/\/www.dynseo.com\/es\/#\/schema\/logo\/image\/"}}]}},"_links":{"self":[{"href":"https:\/\/www.dynseo.com\/es\/wp-json\/wp\/v2\/pages\/152022","targetHints":{"allow":["GET"]}}],"collection":[{"href":"https:\/\/www.dynseo.com\/es\/wp-json\/wp\/v2\/pages"}],"about":[{"href":"https:\/\/www.dynseo.com\/es\/wp-json\/wp\/v2\/types\/page"}],"author":[{"embeddable":true,"href":"https:\/\/www.dynseo.com\/es\/wp-json\/wp\/v2\/users\/4"}],"replies":[{"embeddable":true,"href":"https:\/\/www.dynseo.com\/es\/wp-json\/wp\/v2\/comments?post=152022"}],"version-history":[{"count":3,"href":"https:\/\/www.dynseo.com\/es\/wp-json\/wp\/v2\/pages\/152022\/revisions"}],"predecessor-version":[{"id":436481,"href":"https:\/\/www.dynseo.com\/es\/wp-json\/wp\/v2\/pages\/152022\/revisions\/436481"}],"wp:featuredmedia":[{"embeddable":true,"href":"https:\/\/www.dynseo.com\/es\/wp-json\/wp\/v2\/media\/130227"}],"wp:attachment":[{"href":"https:\/\/www.dynseo.com\/es\/wp-json\/wp\/v2\/media?parent=152022"}],"curies":[{"name":"wp","href":"https:\/\/api.w.org\/{rel}","templated":true}]}}