{"id":431654,"date":"2025-12-01T19:10:16","date_gmt":"2025-12-01T18:10:16","guid":{"rendered":"https:\/\/www.dynseo.com\/404-error-el-contenido-ya-no-esta-disponible\/"},"modified":"2026-02-25T01:13:02","modified_gmt":"2026-02-25T00:13:02","slug":"404-error-el-contenido-ya-no-esta-disponible","status":"publish","type":"page","link":"https:\/\/www.dynseo.com\/es\/404-error-el-contenido-ya-no-esta-disponible\/","title":{"rendered":"404 Error, el contenido ya no est\u00e1 disponible"},"content":{"rendered":"<p>[et_pb_section fb_built=\u00bb1&#8243; _builder_version=\u00bb4.18.0&#8243; _module_preset=\u00bbdefault\u00bb background_enable_color=\u00bboff\u00bb global_colors_info=\u00bb{}\u00bb da_is_popup=\u00bboff\u00bb da_exit_intent=\u00bboff\u00bb da_has_close=\u00bbon\u00bb da_alt_close=\u00bboff\u00bb da_dark_close=\u00bboff\u00bb da_not_modal=\u00bbon\u00bb da_is_singular=\u00bboff\u00bb da_with_loader=\u00bboff\u00bb da_has_shadow=\u00bbon\u00bb da_disable_devices=\u00bboff|off|off\u00bb][et_pb_row column_structure=\u00bb1_2,1_2&#8243; _builder_version=\u00bb4.18.0&#8243; _module_preset=\u00bbdefault\u00bb global_colors_info=\u00bb{}\u00bb][et_pb_column type=\u00bb1_2&#8243; _builder_version=\u00bb4.18.0&#8243; _module_preset=\u00bbdefault\u00bb global_colors_info=\u00bb{}\u00bb][et_pb_image src=\u00bbhttps:\/\/www.<a href=\"https:\/\/www.dynseo.com\/es\/\" title=\"DYNSEO\">dynseo<\/a>.com\/wp-content\/uploads\/2022\/10\/oups-erreur-404.png\u00bb title_<a href=\"https:\/\/www.dynseo.com\/conseils-aux-nouveaux-parents-denfants-autistes\/\" title=\"Consejos de nuestros entrenadores para los nuevos padres de ni\u00f1os autistas\">text<\/a>=\u00bboops 404 error\u00bb _builder_version=\u00bb4.18.0&#8243; _module_preset=\u00bbdefault\u00bb global_colors_info=\u00bb{}\u00bb][\/et_pb_image][\/et_pb_column][et_pb_column type=\u00bb1_2&#8243; _builder_version=\u00bb4.18.0&#8243; _module_preset=\u00bbdefault\u00bb global_colors_info=\u00bb{}\u00bb][et_pb_<a href=\"https:\/\/www.dynseo.com\/booster-la-confiance-de-vos-enfants\/\" title=\"Aumentar la confianza de sus hijos\">text<\/a> _builder_version=\u00bb4.18.0&#8243; _module_preset=\u00bbdefault\u00bb <a href=\"https:\/\/www.dynseo.com\/quest-ce-que-lautisme\/\" title=\"\u00bfQu\u00e9 es el autismo?\">text<\/a>_font=\u00bbMontserrat||||||||\u00bb global_colors_info=\u00bb{}\u00bb]<\/p>\n<h2>\u00a1ENANO entonces!<\/h2>\n<p>&nbsp;<\/p>\n<p>&nbsp;<\/p>\n<p>Lo siento, pero la p\u00e1gina que buscas ya no est\u00e1 disponible. Vuelve a la pantalla de inicio para encontrar el contenido que necesitas, o utiliza el <a href=\"https:\/\/www.dynseo.com\/tableau-de-bord\/\" title=\"Cuadro de mandos FR\">cuadro<\/a> de <a href=\"https:\/\/www.dynseo.com\/fugue-dune-personne-alzheimer-protocole-dalerte-et-recherche\/\" title=\"Fuga de una persona con Alzheimer: protocolo de alerta y b\u00fasqueda\">b\u00fasqueda<\/a>. <\/p>\n<p>&nbsp;<\/p>\n<p>Tambi\u00e9n puedes escribirnos a curieux@<a href=\"https:\/\/www.dynseo.com\/es\/\" title=\"DYNSEO\">dynseo<\/a>.com.<\/p>\n<p>Y si tienes prisa, \u00a1ll\u00e1manos al <strong>09 66 93 84 22<\/strong>! Estaremos all\u00ed para ayudarte.<\/p>\n<p>[\/et_pb_text][et_pb_search placeholder_color=\u00bb#000000&#8243; _builder_version=\u00bb4.18.0&#8243; _module_preset=\u00bbdefault\u00bb form_field_font=\u00bbMontserrat|800|||||||\u00bb form_field_font_size=\u00bb13px\u00bb form_field_letter_spacing=\u00bb26px\u00bb global_colors_info=\u00bb{}\u00bb][\/et_pb_search][et_pb_button button_url=\u00bbhttps:\/\/www.<a href=\"https:\/\/www.dynseo.com\/es\/nuestras-herramientas\/tarjeta-de-senales-de-advertencia-formacion-dynseo\/\" title=\"Tarjeta de se\u00f1ales de advertencia - Formaci\u00f3n DYNSEO\">dynseo<\/a>.com\/es\/\u00bb button_text=\u00bbVOLVER A LA P\u00c1GINA DE INICIO\u00bb button_alignment=\u00bbcenter\u00bb _builder_version=\u00bb4.18.0&#8243; custom_button=\u00bbon\u00bb button_text_size=\u00bb15px\u00bb button_text_color=\u00bb#FFFFFF\u00bb button_bg_color=\u00bb#5e5ed7&#8243; button_bg_color_gradient_direction=\u00bb90deg\u00bb button_bg_color_gradient_stops=\u00bb#f7828e 0%|#fcb6ab 100%\u00bb button_bg_color_gradient_start=\u00bb#f7828e\u00bb button_bg_color_gradient_end=\u00bb#fcb6ab\u00bb button_border_width=\u00bb0px\u00bb button_border_color=\u00bbrgba(0,0,0,0)\u00bb button_border_radius=\u00bb18px\u00bb button_letter_spacing=\u00bb2px\u00bb button_font=\u00bbMontserrat|700||on|||||\u00bb button_use_icon=\u00bboff\u00bb custom_margin=\u00bb-10px|||\u00bb custom_margin_tablet=\u00bb-10px|||\u00bb custom_margin_phone=\u00bb-20px||||false|false\u00bb custom_margin_last_edited=\u00bbon|phone\u00bb custom_padding=\u00bb10px|20px|10px|20px|true|true\u00bb custom_padding_tablet=\u00bb10px|20px|10px|20px|true|true\u00bb custom_padding_phone=\u00bb10px|20px|10px|20px|true|true\u00bb custom_padding_last_edited=\u00bbon|phone\u00bb animation_style=\u00bbzoom\u00bb animation_intensity_zoom=\u00bb8%\u00bb button_text_size_tablet=\u00bb12px\u00bb button_text_size_phone=\u00bb10px\u00bb button_text_size_last_edited=\u00bbon|tablet\u00bb button_border_radius_tablet=\u00bb12px\u00bb button_border_radius_phone=\u00bb10px\u00bb button_border_radius_last_edited=\u00bbon|tablet\u00bb box_shadow_style=\u00bbpreset1&#8243; box_shadow_blur=\u00bb30px\u00bb box_shadow_color=\u00bbrgba(110,130,208,0.14)\u00bb button_text_color_hover=\u00bb#7a69e6&#8243; button_letter_spacing_hover=\u00bb8px\u00bb locked=\u00bboff\u00bb global_colors_info=\u00bb{}\u00bb button_text_size__hover_enabled=\u00bboff\u00bb button_one_text_size__hover_enabled=\u00bboff\u00bb button_two_text_size__hover_enabled=\u00bboff\u00bb button_text_color__hover_enabled=\u00bbon\u00bb button_text_color__hover=\u00bb#7a69e6&#8243; button_one_text_color__hover_enabled=\u00bboff\u00bb button_two_text_color__hover_enabled=\u00bboff\u00bb button_border_width__hover_enabled=\u00bboff\u00bb button_one_border_width__hover_enabled=\u00bboff\u00bb button_two_border_width__hover_enabled=\u00bboff\u00bb button_border_color__hover_enabled=\u00bboff\u00bb button_one_border_color__hover_enabled=\u00bboff\u00bb button_two_border_color__hover_enabled=\u00bboff\u00bb button_border_radius__hover_enabled=\u00bboff\u00bb button_one_border_radius__hover_enabled=\u00bboff\u00bb button_two_border_radius__hover_enabled=\u00bboff\u00bb button_letter_spacing__hover_enabled=\u00bbon\u00bb button_letter_spacing__hover=\u00bb8px\u00bb button_one_letter_spacing__hover_enabled=\u00bboff\u00bb button_two_letter_spacing__hover_enabled=\u00bboff\u00bb button_bg_color__hover_enabled=\u00bboff\u00bb button_one_bg_color__hover_enabled=\u00bboff\u00bb button_two_bg_color__hover_enabled=\u00bboff\u00bb][\/et_pb_button][\/et_pb_column][\/et_pb_row][\/et_pb_section]<\/p>\n<p>[et_pb_code]<script type=\"application\/ld+json\">{\"@context\":\"https:\/\/schema.org\",\"@type\":\"FAQPage\",\"mainEntity\":[{\"@type\":\"Question\",\"name\":\"\u00bfQu\u00e9 significa el error 404?\",\"acceptedAnswer\":{\"@type\":\"Answer\",\"text\":\"El error 404 indica que la p\u00e1gina que est\u00e1s buscando ya no est\u00e1 disponible o no se puede encontrar en el servidor.\"}},{\"@type\":\"Question\",\"name\":\"\u00bfQu\u00e9 puedo hacer si encuentro una p\u00e1gina con error 404?\",\"acceptedAnswer\":{\"@type\":\"Answer\",\"text\":\"Puedes volver a la p\u00e1gina de inicio para encontrar el contenido que necesitas, utilizar el cuadro de b\u00fasqueda, o contactar con el soporte t\u00e9cnico.\"}},{\"@type\":\"Question\",\"name\":\"\u00bfC\u00f3mo puedo contactar con el equipo de soporte?\",\"acceptedAnswer\":{\"@type\":\"Answer\",\"text\":\"Puedes escribir un correo electr\u00f3nico a curieux@dynseo.com o llamar al n\u00famero de tel\u00e9fono 09 66 93 84 22.\"}},{\"@type\":\"Question\",\"name\":\"\u00bfHay alguna forma r\u00e1pida de obtener ayuda?\",\"acceptedAnswer\":{\"@type\":\"Answer\",\"text\":\"S\u00ed, si tienes prisa puedes llamar directamente al 09 66 93 84 22 y el equipo estar\u00e1 all\u00ed para ayudarte.\"}},{\"@type\":\"Question\",\"name\":\"\u00bfC\u00f3mo puedo volver a la p\u00e1gina principal?\",\"acceptedAnswer\":{\"@type\":\"Answer\",\"text\":\"Puedes hacer clic en el bot\u00f3n 'VOLVER A LA P\u00c1GINA DE INICIO' que te llevar\u00e1 de vuelta a la p\u00e1gina principal del sitio web.\"}},{\"@type\":\"Question\",\"name\":\"\u00bfHay alguna herramienta de b\u00fasqueda disponible en la p\u00e1gina de error?\",\"acceptedAnswer\":{\"@type\":\"Answer\",\"text\":\"S\u00ed, hay un cuadro de b\u00fasqueda disponible en la p\u00e1gina de error 404 que puedes utilizar para encontrar el contenido que buscas.\"}}]}<\/script>[\/et_pb_code]<\/p>\n","protected":false},"excerpt":{"rendered":"<p>metaseo_404_p\u00e1gina<\/p>\n","protected":false},"author":4,"featured_media":130227,"parent":0,"menu_order":0,"comment_status":"closed","ping_status":"closed","template":"","meta":{"_et_pb_use_builder":"on","_et_pb_old_content":"","_et_gb_content_width":"","footnotes":""},"class_list":["post-431654","page","type-page","status-publish","has-post-thumbnail","hentry"],"yoast_head":"<!-- This site is optimized with the Yoast SEO plugin v27.4 - https:\/\/yoast.com\/product\/yoast-seo-wordpress\/ -->\n<title>404 Error, el contenido no existe, lo sentimos<\/title>\n<meta name=\"description\" content=\"Error 404, el contenido ya no existe. Esta p\u00e1gina no existe ... o ya no existe. No te preocupes, \u00a1tenemos m\u00e1s! Juegos de ingenio...\" \/>\n<meta name=\"robots\" content=\"index, follow, max-snippet:-1, max-image-preview:large, max-video-preview:-1\" \/>\n<link rel=\"canonical\" href=\"https:\/\/www.dynseo.com\/es\/404-error-el-contenido-ya-no-esta-disponible\/\" \/>\n<meta property=\"og:locale\" content=\"es_ES\" \/>\n<meta property=\"og:type\" content=\"article\" \/>\n<meta property=\"og:title\" content=\"404 Error, el contenido no existe, lo sentimos\" \/>\n<meta property=\"og:description\" content=\"Error 404, el contenido ya no existe. Esta p\u00e1gina no existe ... o ya no existe. No te preocupes, \u00a1tenemos m\u00e1s! Juegos de ingenio...\" \/>\n<meta property=\"og:url\" content=\"https:\/\/www.dynseo.com\/es\/404-error-el-contenido-ya-no-esta-disponible\/\" \/>\n<meta property=\"og:site_name\" content=\"DYNSEO - Aplicaci\u00f3n educativa y juegos de memoria\" \/>\n<meta property=\"article:modified_time\" content=\"2026-02-25T00:13:02+00:00\" \/>\n<meta property=\"og:image\" content=\"https:\/\/www.dynseo.com\/wp-content\/uploads\/2024\/07\/Article-pour-jeux-de-memoire-et-services-educatifs-sur-tablette-1.png\" \/>\n\t<meta property=\"og:image:width\" content=\"2000\" \/>\n\t<meta property=\"og:image:height\" content=\"1500\" \/>\n\t<meta property=\"og:image:type\" content=\"image\/png\" \/>\n<meta name=\"twitter:label1\" content=\"Tiempo de lectura\" \/>\n\t<meta name=\"twitter:data1\" content=\"3 minutos\" \/>\n<script type=\"application\/ld+json\" class=\"yoast-schema-graph\">{\"@context\":\"https:\\\/\\\/schema.org\",\"@graph\":[{\"@type\":\"WebPage\",\"@id\":\"https:\\\/\\\/www.dynseo.com\\\/es\\\/404-error-el-contenido-ya-no-esta-disponible\\\/\",\"url\":\"https:\\\/\\\/www.dynseo.com\\\/es\\\/404-error-el-contenido-ya-no-esta-disponible\\\/\",\"name\":\"404 Error, el contenido no existe, lo sentimos\",\"isPartOf\":{\"@id\":\"https:\\\/\\\/www.dynseo.com\\\/es\\\/#website\"},\"primaryImageOfPage\":{\"@id\":\"https:\\\/\\\/www.dynseo.com\\\/es\\\/404-error-el-contenido-ya-no-esta-disponible\\\/#primaryimage\"},\"image\":{\"@id\":\"https:\\\/\\\/www.dynseo.com\\\/es\\\/404-error-el-contenido-ya-no-esta-disponible\\\/#primaryimage\"},\"thumbnailUrl\":\"https:\\\/\\\/www.dynseo.com\\\/wp-content\\\/uploads\\\/2024\\\/07\\\/Article-pour-jeux-de-memoire-et-services-educatifs-sur-tablette-1.png\",\"datePublished\":\"2025-12-01T18:10:16+00:00\",\"dateModified\":\"2026-02-25T00:13:02+00:00\",\"description\":\"Error 404, el contenido ya no existe. Esta p\u00e1gina no existe ... o ya no existe. No te preocupes, \u00a1tenemos m\u00e1s! Juegos de ingenio...\",\"breadcrumb\":{\"@id\":\"https:\\\/\\\/www.dynseo.com\\\/es\\\/404-error-el-contenido-ya-no-esta-disponible\\\/#breadcrumb\"},\"inLanguage\":\"es\",\"potentialAction\":[{\"@type\":\"ReadAction\",\"target\":[\"https:\\\/\\\/www.dynseo.com\\\/es\\\/404-error-el-contenido-ya-no-esta-disponible\\\/\"]}]},{\"@type\":\"ImageObject\",\"inLanguage\":\"es\",\"@id\":\"https:\\\/\\\/www.dynseo.com\\\/es\\\/404-error-el-contenido-ya-no-esta-disponible\\\/#primaryimage\",\"url\":\"https:\\\/\\\/www.dynseo.com\\\/wp-content\\\/uploads\\\/2024\\\/07\\\/Article-pour-jeux-de-memoire-et-services-educatifs-sur-tablette-1.png\",\"contentUrl\":\"https:\\\/\\\/www.dynseo.com\\\/wp-content\\\/uploads\\\/2024\\\/07\\\/Article-pour-jeux-de-memoire-et-services-educatifs-sur-tablette-1.png\",\"width\":2000,\"height\":1500,\"caption\":\"Mant\u00e9n tu agilidad mental con nuestras actividades divertidas y gratificantes\"},{\"@type\":\"BreadcrumbList\",\"@id\":\"https:\\\/\\\/www.dynseo.com\\\/es\\\/404-error-el-contenido-ya-no-esta-disponible\\\/#breadcrumb\",\"itemListElement\":[{\"@type\":\"ListItem\",\"position\":1,\"name\":\"Accueil\",\"item\":\"https:\\\/\\\/www.dynseo.com\\\/es\\\/\"},{\"@type\":\"ListItem\",\"position\":2,\"name\":\"404 Error, el contenido ya no est\u00e1 disponible\"}]},{\"@type\":\"WebSite\",\"@id\":\"https:\\\/\\\/www.dynseo.com\\\/es\\\/#website\",\"url\":\"https:\\\/\\\/www.dynseo.com\\\/es\\\/\",\"name\":\"Jeux de m\u00e9moire et stimulation cognitive\",\"description\":\"Entra\u00eenez votre m\u00e9moire et votre cerveau avec DYNSEO\",\"publisher\":{\"@id\":\"https:\\\/\\\/www.dynseo.com\\\/es\\\/#organization\"},\"potentialAction\":[{\"@type\":\"SearchAction\",\"target\":{\"@type\":\"EntryPoint\",\"urlTemplate\":\"https:\\\/\\\/www.dynseo.com\\\/es\\\/?s={search_term_string}\"},\"query-input\":{\"@type\":\"PropertyValueSpecification\",\"valueRequired\":true,\"valueName\":\"search_term_string\"}}],\"inLanguage\":\"es\"},{\"@type\":\"Organization\",\"@id\":\"https:\\\/\\\/www.dynseo.com\\\/es\\\/#organization\",\"name\":\"DYNSEO\",\"url\":\"https:\\\/\\\/www.dynseo.com\\\/es\\\/\",\"logo\":{\"@type\":\"ImageObject\",\"inLanguage\":\"es\",\"@id\":\"https:\\\/\\\/www.dynseo.com\\\/es\\\/#\\\/schema\\\/logo\\\/image\\\/\",\"url\":\"https:\\\/\\\/www.dynseo.com\\\/wp-content\\\/uploads\\\/2022\\\/05\\\/logo-dynseo-new.png\",\"contentUrl\":\"https:\\\/\\\/www.dynseo.com\\\/wp-content\\\/uploads\\\/2022\\\/05\\\/logo-dynseo-new.png\",\"width\":5073,\"height\":1397,\"caption\":\"DYNSEO\"},\"image\":{\"@id\":\"https:\\\/\\\/www.dynseo.com\\\/es\\\/#\\\/schema\\\/logo\\\/image\\\/\"}}]}<\/script>\n<!-- \/ Yoast SEO plugin. -->","yoast_head_json":{"title":"404 Error, el contenido no existe, lo sentimos","description":"Error 404, el contenido ya no existe. Esta p\u00e1gina no existe ... o ya no existe. No te preocupes, \u00a1tenemos m\u00e1s! Juegos de ingenio...","robots":{"index":"index","follow":"follow","max-snippet":"max-snippet:-1","max-image-preview":"max-image-preview:large","max-video-preview":"max-video-preview:-1"},"canonical":"https:\/\/www.dynseo.com\/es\/404-error-el-contenido-ya-no-esta-disponible\/","og_locale":"es_ES","og_type":"article","og_title":"404 Error, el contenido no existe, lo sentimos","og_description":"Error 404, el contenido ya no existe. Esta p\u00e1gina no existe ... o ya no existe. No te preocupes, \u00a1tenemos m\u00e1s! Juegos de ingenio...","og_url":"https:\/\/www.dynseo.com\/es\/404-error-el-contenido-ya-no-esta-disponible\/","og_site_name":"DYNSEO - Aplicaci\u00f3n educativa y juegos de memoria","article_modified_time":"2026-02-25T00:13:02+00:00","og_image":[{"width":2000,"height":1500,"url":"https:\/\/www.dynseo.com\/wp-content\/uploads\/2024\/07\/Article-pour-jeux-de-memoire-et-services-educatifs-sur-tablette-1.png","type":"image\/png"}],"twitter_misc":{"Tiempo de lectura":"3 minutos"},"schema":{"@context":"https:\/\/schema.org","@graph":[{"@type":"WebPage","@id":"https:\/\/www.dynseo.com\/es\/404-error-el-contenido-ya-no-esta-disponible\/","url":"https:\/\/www.dynseo.com\/es\/404-error-el-contenido-ya-no-esta-disponible\/","name":"404 Error, el contenido no existe, lo sentimos","isPartOf":{"@id":"https:\/\/www.dynseo.com\/es\/#website"},"primaryImageOfPage":{"@id":"https:\/\/www.dynseo.com\/es\/404-error-el-contenido-ya-no-esta-disponible\/#primaryimage"},"image":{"@id":"https:\/\/www.dynseo.com\/es\/404-error-el-contenido-ya-no-esta-disponible\/#primaryimage"},"thumbnailUrl":"https:\/\/www.dynseo.com\/wp-content\/uploads\/2024\/07\/Article-pour-jeux-de-memoire-et-services-educatifs-sur-tablette-1.png","datePublished":"2025-12-01T18:10:16+00:00","dateModified":"2026-02-25T00:13:02+00:00","description":"Error 404, el contenido ya no existe. Esta p\u00e1gina no existe ... o ya no existe. No te preocupes, \u00a1tenemos m\u00e1s! Juegos de ingenio...","breadcrumb":{"@id":"https:\/\/www.dynseo.com\/es\/404-error-el-contenido-ya-no-esta-disponible\/#breadcrumb"},"inLanguage":"es","potentialAction":[{"@type":"ReadAction","target":["https:\/\/www.dynseo.com\/es\/404-error-el-contenido-ya-no-esta-disponible\/"]}]},{"@type":"ImageObject","inLanguage":"es","@id":"https:\/\/www.dynseo.com\/es\/404-error-el-contenido-ya-no-esta-disponible\/#primaryimage","url":"https:\/\/www.dynseo.com\/wp-content\/uploads\/2024\/07\/Article-pour-jeux-de-memoire-et-services-educatifs-sur-tablette-1.png","contentUrl":"https:\/\/www.dynseo.com\/wp-content\/uploads\/2024\/07\/Article-pour-jeux-de-memoire-et-services-educatifs-sur-tablette-1.png","width":2000,"height":1500,"caption":"Mant\u00e9n tu agilidad mental con nuestras actividades divertidas y gratificantes"},{"@type":"BreadcrumbList","@id":"https:\/\/www.dynseo.com\/es\/404-error-el-contenido-ya-no-esta-disponible\/#breadcrumb","itemListElement":[{"@type":"ListItem","position":1,"name":"Accueil","item":"https:\/\/www.dynseo.com\/es\/"},{"@type":"ListItem","position":2,"name":"404 Error, el contenido ya no est\u00e1 disponible"}]},{"@type":"WebSite","@id":"https:\/\/www.dynseo.com\/es\/#website","url":"https:\/\/www.dynseo.com\/es\/","name":"Jeux de m\u00e9moire et stimulation cognitive","description":"Entra\u00eenez votre m\u00e9moire et votre cerveau avec DYNSEO","publisher":{"@id":"https:\/\/www.dynseo.com\/es\/#organization"},"potentialAction":[{"@type":"SearchAction","target":{"@type":"EntryPoint","urlTemplate":"https:\/\/www.dynseo.com\/es\/?s={search_term_string}"},"query-input":{"@type":"PropertyValueSpecification","valueRequired":true,"valueName":"search_term_string"}}],"inLanguage":"es"},{"@type":"Organization","@id":"https:\/\/www.dynseo.com\/es\/#organization","name":"DYNSEO","url":"https:\/\/www.dynseo.com\/es\/","logo":{"@type":"ImageObject","inLanguage":"es","@id":"https:\/\/www.dynseo.com\/es\/#\/schema\/logo\/image\/","url":"https:\/\/www.dynseo.com\/wp-content\/uploads\/2022\/05\/logo-dynseo-new.png","contentUrl":"https:\/\/www.dynseo.com\/wp-content\/uploads\/2022\/05\/logo-dynseo-new.png","width":5073,"height":1397,"caption":"DYNSEO"},"image":{"@id":"https:\/\/www.dynseo.com\/es\/#\/schema\/logo\/image\/"}}]}},"_links":{"self":[{"href":"https:\/\/www.dynseo.com\/es\/wp-json\/wp\/v2\/pages\/431654","targetHints":{"allow":["GET"]}}],"collection":[{"href":"https:\/\/www.dynseo.com\/es\/wp-json\/wp\/v2\/pages"}],"about":[{"href":"https:\/\/www.dynseo.com\/es\/wp-json\/wp\/v2\/types\/page"}],"author":[{"embeddable":true,"href":"https:\/\/www.dynseo.com\/es\/wp-json\/wp\/v2\/users\/4"}],"replies":[{"embeddable":true,"href":"https:\/\/www.dynseo.com\/es\/wp-json\/wp\/v2\/comments?post=431654"}],"version-history":[{"count":10,"href":"https:\/\/www.dynseo.com\/es\/wp-json\/wp\/v2\/pages\/431654\/revisions"}],"predecessor-version":[{"id":506476,"href":"https:\/\/www.dynseo.com\/es\/wp-json\/wp\/v2\/pages\/431654\/revisions\/506476"}],"wp:featuredmedia":[{"embeddable":true,"href":"https:\/\/www.dynseo.com\/es\/wp-json\/wp\/v2\/media\/130227"}],"wp:attachment":[{"href":"https:\/\/www.dynseo.com\/es\/wp-json\/wp\/v2\/media?parent=431654"}],"curies":[{"name":"wp","href":"https:\/\/api.w.org\/{rel}","templated":true}]}}