{"id":448254,"date":"2025-12-19T12:23:11","date_gmt":"2025-12-19T11:23:11","guid":{"rendered":"https:\/\/www.dynseo.com\/temple\/"},"modified":"2026-04-15T14:41:21","modified_gmt":"2026-04-15T12:41:21","slug":"temple","status":"publish","type":"page","link":"https:\/\/www.dynseo.com\/es\/temple\/","title":{"rendered":"Temple"},"content":{"rendered":"<h2 style=\"text-align: center;\"><span style=\"color: #526fa1;\"><strong>TEMPERATURA<\/strong><\/span><\/h2>\n<h3 style=\"text-align: center;\"><a href=\"https:\/\/www.dynseo.com\/es\/auxiliar-de-vida-sarah-nos-hace-compartir-su-pasion\/\" title=\"Auxiliar de vida: Sarah comparte su pasi\u00f3n con nosotros\">Compartir<\/a> tu estado de \u00e1nimo es importante para nosotros.<\/h3>\n<p><img loading=\"lazy\" decoding=\"async\" class=\"aligncenter size-full wp-image-36953\" src=\"https:\/\/www.dynseo.com\/wp-content\/uploads\/2021\/02\/Ma-Mood-768x768-1.jpg\" alt=\"\" width=\"753\" height=\"534\" srcset=\"https:\/\/www.dynseo.com\/wp-content\/uploads\/2021\/02\/Ma-Mood-768x768-1.jpg 753w, https:\/\/www.dynseo.com\/wp-content\/uploads\/2021\/02\/Ma-Mood-768x768-1-480x340.jpg 480w\" sizes=\"(min-width: 0px) and (max-width: 480px) 480px, (min-width: 481px) 753px, 100vw\" \/><\/p>\n<p>Consuela a tus allegados que se sientan un poco tristes y al\u00e9grate por ellos cuando las cosas mejoren.<\/p>\n<p>&nbsp;<\/p>\n<h2><\/h2>\n<h2 style=\"text-align: center;\"><span style=\"color: #526fa1;\"><strong>Con Temper, s\u00e9 el primero en animar a tus seres queridos<\/strong><\/span><\/h2>\n<p>&nbsp;<\/p>\n<p>Invita a tus amigos y familiares a la aplicaci\u00f3n para que pod\u00e1is compartir vuestros estados de \u00e1nimo.<\/p>\n<p>Con Temper puedes comprobar el estado de \u00e1nimo de todos tus amigos y familiares que tengan la aplicaci\u00f3n, \u00a1as\u00ed sabr\u00e1s inmediatamente cu\u00e1ndo un pariente, primo&#8230; se siente triste y podr\u00e1s animarle!<\/p>\n<p>&nbsp;<\/p>\n<h2 style=\"text-align: left;\"> <img loading=\"lazy\" decoding=\"async\" class=\"wp-image-4082 size-large aligncenter\" src=\"https:\/\/www.dynseo.com\/wp-content\/uploads\/2015\/12\/la-mood-FR-1024x482.png\" alt=\"Temper-edith-app-adulto-aplicaci\u00f3n-entrenamiento-cerebral-entrenador-cerebral-juegos-cognitivos-juego-log\u00eda-cultura-memoria-diversi\u00f3n-dinseo-l\u00fadico-animaci\u00f3n-personas-edad-alzheimer-actividades-senior-actividades-senior-estimulaci\u00f3n-tablet-smartphone\" width=\"700\" height=\"329\" srcset=\"https:\/\/www.dynseo.com\/wp-content\/uploads\/2015\/12\/la-mood-FR-1024x482.png 1024w, https:\/\/www.dynseo.com\/wp-content\/uploads\/2015\/12\/la-mood-FR-600x282.png 600w, https:\/\/www.dynseo.com\/wp-content\/uploads\/2015\/12\/la-mood-FR-300x141.png 300w, https:\/\/www.dynseo.com\/wp-content\/uploads\/2015\/12\/la-mood-FR-768x361.png 768w, https:\/\/www.dynseo.com\/wp-content\/uploads\/2015\/12\/la-mood-FR.png 1663w\" sizes=\"(max-width: 700px) 100vw, 700px\" \/><\/h2>\n<p>&nbsp;<\/p>\n<h2><\/h2>\n<h2 style=\"text-align: center;\"><span style=\"color: #526fa1;\"><strong>Con Temper, cuid\u00e9monos<\/strong><\/span><\/h2>\n<p>&nbsp;<\/p>\n<p style=\"text-align: center;\"><span style=\"color: #526fa1;\"><strong>En iPhone \/ iPad<\/strong><\/span><\/p>\n<p style=\"text-align: center;\"><img loading=\"lazy\" decoding=\"async\" class=\"aligncenter wp-image-36954 size-full\" src=\"https:\/\/www.dynseo.com\/wp-content\/uploads\/2021\/02\/1-temper-image-mood-me-soin-application-apple-bien-etre-tout-va-bien.png\" alt=\"\" width=\"283\" height=\"504\" srcset=\"https:\/\/www.dynseo.com\/wp-content\/uploads\/2021\/02\/1-temper-image-mood-me-soin-application-apple-bien-etre-tout-va-bien.png 283w, https:\/\/www.dynseo.com\/wp-content\/uploads\/2021\/02\/1-temper-image-mood-me-soin-application-apple-bien-etre-tout-va-bien-168x300.png 168w\" sizes=\"(max-width: 283px) 100vw, 283px\" \/><\/p>\n<p><img loading=\"lazy\" decoding=\"async\" class=\"aligncenter wp-image-36955 size-full\" src=\"https:\/\/www.dynseo.com\/wp-content\/uploads\/2021\/02\/2-temper-image-mood-me-soin-application-apple-bien-etre-tout-va-bien.png\" alt=\"\" width=\"284\" height=\"504\" srcset=\"https:\/\/www.dynseo.com\/wp-content\/uploads\/2021\/02\/2-temper-image-mood-me-soin-application-apple-bien-etre-tout-va-bien.png 284w, https:\/\/www.dynseo.com\/wp-content\/uploads\/2021\/02\/2-temper-image-mood-me-soin-application-apple-bien-etre-tout-va-bien-169x300.png 169w\" sizes=\"(max-width: 284px) 100vw, 284px\" \/><\/p>\n<p>&nbsp;<\/p>\n<p style=\"text-align: center;\"><span style=\"color: #526fa1;\"><strong>Sobre el iWatch<\/strong><\/span><\/p>\n<p style=\"text-align: center;\"><img loading=\"lazy\" decoding=\"async\" class=\"aligncenter wp-image-36956 size-full\" src=\"https:\/\/www.dynseo.com\/wp-content\/uploads\/2021\/02\/3-temper-image-mood-me-soin-application-apple-bien-etre-tout-va-bien.png\" alt=\"\" width=\"113\" height=\"194\"><\/p>\n<p><img loading=\"lazy\" decoding=\"async\" class=\"aligncenter wp-image-36957 size-full\" src=\"https:\/\/www.dynseo.com\/wp-content\/uploads\/2021\/02\/4-temper-image-mood-me-soin-application-apple-bien-etre-tout-va-bien.png\" alt=\"\" width=\"113\" height=\"194\"><\/p>\n<h2 style=\"text-align: center;\"><span style=\"color: #526fa1;\"><strong>Temper, compatible con nuestras aplicaciones <a href=\"https:\/\/www.dynseo.com\/es\/servicios-de-residencia-de-estimulacion-cognitiva\/\" title=\"Servicios Residenciales de Estimulaci\u00f3n Cognitiva\">de estimulaci\u00f3n cognitiva<\/a><\/strong><\/span><\/h2>\n<p>&nbsp;<\/p>\n<p>\u00a1Temper tambi\u00e9n puede utilizarse para leer los estados de \u00e1nimo de los usuarios de Stim&#8217;art, Edith y Joe!<\/p>\n<p>S\u00f3lo tienes que enviar una invitaci\u00f3n al usuario de Stim&#8217;art con el que quieras compartir tus estados de \u00e1nimo.<\/p>\n<p>&nbsp;<\/p>\n<p><span style=\"color: #526fa1;\"><strong>Dentro del programa Edith<\/strong><\/span><\/p>\n<p><img loading=\"lazy\" decoding=\"async\" class=\"aligncenter wp-image-36959 size-full\" src=\"https:\/\/www.dynseo.com\/wp-content\/uploads\/2021\/02\/41-temper-image-mood-me-soin-application-apple-bien-etre-tout-va-bien.png\" alt=\"\" width=\"571\" height=\"321\" srcset=\"https:\/\/www.dynseo.com\/wp-content\/uploads\/2021\/02\/41-temper-image-mood-me-soin-application-apple-bien-etre-tout-va-bien.png 571w, https:\/\/www.dynseo.com\/wp-content\/uploads\/2021\/02\/41-temper-image-mood-me-soin-application-apple-bien-etre-tout-va-bien-480x270.png 480w\" sizes=\"(min-width: 0px) and (max-width: 480px) 480px, (min-width: 481px) 571px, 100vw\" \/><\/p>\n<p><span style=\"color: #526fa1;\"><strong>Dentro del Joe<\/strong><\/span><\/p>\n<p><img loading=\"lazy\" decoding=\"async\" class=\"aligncenter wp-image-36958 size-full\" src=\"https:\/\/www.dynseo.com\/wp-content\/uploads\/2021\/02\/5-temper-image-mood-me-soin-application-apple-bien-etre-tout-va-bien.png\" alt=\"\" width=\"571\" height=\"321\" srcset=\"https:\/\/www.dynseo.com\/wp-content\/uploads\/2021\/02\/5-temper-image-mood-me-soin-application-apple-bien-etre-tout-va-bien.png 571w, https:\/\/www.dynseo.com\/wp-content\/uploads\/2021\/02\/5-temper-image-mood-me-soin-application-apple-bien-etre-tout-va-bien-480x270.png 480w\" sizes=\"(min-width: 0px) and (max-width: 480px) 480px, (min-width: 481px) 571px, 100vw\" \/><\/p>\n<p>&nbsp;<\/p>\n<p>&nbsp;<\/p>\n<p>&nbsp;<\/p>\n<h2 style=\"text-align: center;\"><span style=\"color: #526fa1;\"><strong>Temper, una aplicaci\u00f3n gratuita para iOS<\/strong><\/span><\/h2>\n<p>&nbsp;<\/p>\n<p style=\"text-align: center;\">Temper es una aplicaci\u00f3n disponible en dispositivos Apple, incluidos el iPhone, el iPad y el Apple Watch.<\/p>\n<p>&nbsp;<\/p>\n<p>&nbsp;<\/p>\n<p>&nbsp;<\/p>\n<p>[et_pb_code]<script type=\"application\/ld+json\">{\"@context\":\"https:\/\/schema.org\",\"@type\":\"FAQPage\",\"mainEntity\":[{\"@type\":\"Question\",\"name\":\"Qu'est-ce que l'application Temper ?\",\"acceptedAnswer\":{\"@type\":\"Answer\",\"text\":\"Temper est une application gratuite qui permet de partager votre humeur avec vos proches. Elle vous aide \u00e0 apporter du r\u00e9confort \u00e0 vos proches qui ont un coup de blues et \u00e0 vous r\u00e9jouir avec eux quand tout va bien.\"}},{\"@type\":\"Question\",\"name\":\"Comment fonctionne Temper pour remonter le moral de mes proches ?\",\"acceptedAnswer\":{\"@type\":\"Answer\",\"text\":\"Avec Temper, vous pouvez consulter l'humeur de tous vos proches qui poss\u00e8dent l'application. Vous \u00eates ainsi imm\u00e9diatement au courant quand un parent, un cousin ou un ami a un coup de blues et vous pouvez le r\u00e9conforter rapidement.\"}},{\"@type\":\"Question\",\"name\":\"Sur <a href=\"https:\/\/www.dynseo.com\/quels-outils-educatifs-pour-accompagner-les-enfants-trisomiques-dans-leurs-apprentissages\/\" title=\"Quels outils \u00e9ducatifs pour accompagner les enfants trisomiques dans leurs apprentissages\">quels<\/a> appareils Temper est-elle disponible ?\",\"acceptedAnswer\":{\"@type\":\"Answer\",\"text\":\"Temper est une application iOS gratuite disponible sur les appareils Apple : iPhone, iPad et Apple Watch (iWatch).\"}},{\"@type\":\"Question\",\"name\":\"Comment puis-je inviter mes proches sur Temper ?\",\"acceptedAnswer\":{\"@type\":\"Answer\",\"text\":\"Vous pouvez inviter vos proches directement sur l'application Temper pour pouvoir partager vos humeurs ensemble. Il suffit d'envoyer une invitation via l'application.\"}},{\"@type\":\"Question\",\"name\":\"Temper est-elle compatible avec d'autres applications ?\",\"acceptedAnswer\":{\"@type\":\"Answer\",\"text\":\"Oui, Temper est compatible avec les applications de <a href=\"https:\/\/www.dynseo.com\/routine-matinale-pour-parkinson-gestes-exercices-et-stimulation-cognitive\/\" title=\"Routine matinale pour Parkinson : Gestes, exercices et stimulation cognitive\">stimulation cognitive<\/a> Stim'art Edith et Joe. Elle permet de recevoir l'humeur des utilisateurs de ces programmes et d'\u00e9changer vos humeurs avec eux.\"}},{\"@type\":\"Question\",\"name\":\"L'application Temper est-elle payante ?\",\"acceptedAnswer\":{\"@type\":\"Answer\",\"text\":\"Non, Temper est une application iOS enti\u00e8rement gratuite disponible sur tous les appareils Apple (iPhone, iPad, Apple Watch).\"}}]}<\/script>[\/et_pb_code]<\/p>\n","protected":false},"excerpt":{"rendered":"<p>Temper te permite comprobar y compartir tu estado de \u00e1nimo.<br \/>\nReconforta a tus seres queridos cuando se sientan un poco mal y an\u00edmalos cuando las cosas vayan mejor!<br \/>\nCon Temper, s\u00e9 el primero en animar a tus seres queridos.<br \/>\n\u00a1Invita a tus amigos y familiares a la aplicaci\u00f3n para que pod\u00e1is compartir vuestro estado de \u00e1nimo!<br \/>\nCon Temper puedes comprobar el estado de \u00e1nimo de todos tus amigos y familiares que tengan la aplicaci\u00f3n, de modo que sabr\u00e1s inmediatamente cu\u00e1ndo un pariente, primo&#8230; se siente mal y podr\u00e1s animarlo!<\/p>\n","protected":false},"author":4,"featured_media":130227,"parent":0,"menu_order":0,"comment_status":"closed","ping_status":"closed","template":"","meta":{"_et_pb_use_builder":"","_et_pb_old_content":"","_et_gb_content_width":"","footnotes":""},"class_list":["post-448254","page","type-page","status-publish","has-post-thumbnail","hentry"],"yoast_head":"<!-- This site is optimized with the Yoast SEO plugin v27.4 - https:\/\/yoast.com\/product\/yoast-seo-wordpress\/ -->\n<title>Con MoodMe, \u00a1cuida de los dem\u00e1s!<\/title>\n<meta name=\"description\" content=\"Sigue el estado de \u00e1nimo de tus seres queridos en iPhone \/ iPad \/ iWatch\" \/>\n<meta name=\"robots\" content=\"index, follow, max-snippet:-1, max-image-preview:large, max-video-preview:-1\" \/>\n<link rel=\"canonical\" href=\"https:\/\/www.dynseo.com\/es\/temple\/\" \/>\n<meta property=\"og:locale\" content=\"es_ES\" \/>\n<meta property=\"og:type\" content=\"article\" \/>\n<meta property=\"og:title\" content=\"Con MoodMe, \u00a1cuida de los dem\u00e1s!\" \/>\n<meta property=\"og:description\" content=\"Sigue el estado de \u00e1nimo de tus seres queridos en iPhone \/ iPad \/ iWatch\" \/>\n<meta property=\"og:url\" content=\"https:\/\/www.dynseo.com\/es\/temple\/\" \/>\n<meta property=\"og:site_name\" content=\"DYNSEO - Aplicaci\u00f3n educativa y juegos de memoria\" \/>\n<meta property=\"article:modified_time\" content=\"2026-04-15T12:41:21+00:00\" \/>\n<meta property=\"og:image\" content=\"https:\/\/www.dynseo.com\/wp-content\/uploads\/2024\/07\/Article-pour-jeux-de-memoire-et-services-educatifs-sur-tablette-1.png\" \/>\n\t<meta property=\"og:image:width\" content=\"2000\" \/>\n\t<meta property=\"og:image:height\" content=\"1500\" \/>\n\t<meta property=\"og:image:type\" content=\"image\/png\" \/>\n<meta name=\"twitter:label1\" content=\"Tiempo de lectura\" \/>\n\t<meta name=\"twitter:data1\" content=\"1 minuto\" \/>\n<script type=\"application\/ld+json\" class=\"yoast-schema-graph\">{\"@context\":\"https:\\\/\\\/schema.org\",\"@graph\":[{\"@type\":\"WebPage\",\"@id\":\"https:\\\/\\\/www.dynseo.com\\\/es\\\/temple\\\/\",\"url\":\"https:\\\/\\\/www.dynseo.com\\\/es\\\/temple\\\/\",\"name\":\"Con MoodMe, \u00a1cuida de los dem\u00e1s!\",\"isPartOf\":{\"@id\":\"https:\\\/\\\/www.dynseo.com\\\/es\\\/#website\"},\"primaryImageOfPage\":{\"@id\":\"https:\\\/\\\/www.dynseo.com\\\/es\\\/temple\\\/#primaryimage\"},\"image\":{\"@id\":\"https:\\\/\\\/www.dynseo.com\\\/es\\\/temple\\\/#primaryimage\"},\"thumbnailUrl\":\"https:\\\/\\\/www.dynseo.com\\\/wp-content\\\/uploads\\\/2024\\\/07\\\/Article-pour-jeux-de-memoire-et-services-educatifs-sur-tablette-1.png\",\"datePublished\":\"2025-12-19T11:23:11+00:00\",\"dateModified\":\"2026-04-15T12:41:21+00:00\",\"description\":\"Sigue el estado de \u00e1nimo de tus seres queridos en iPhone \\\/ iPad \\\/ iWatch\",\"breadcrumb\":{\"@id\":\"https:\\\/\\\/www.dynseo.com\\\/es\\\/temple\\\/#breadcrumb\"},\"inLanguage\":\"es\",\"potentialAction\":[{\"@type\":\"ReadAction\",\"target\":[\"https:\\\/\\\/www.dynseo.com\\\/es\\\/temple\\\/\"]}]},{\"@type\":\"ImageObject\",\"inLanguage\":\"es\",\"@id\":\"https:\\\/\\\/www.dynseo.com\\\/es\\\/temple\\\/#primaryimage\",\"url\":\"https:\\\/\\\/www.dynseo.com\\\/wp-content\\\/uploads\\\/2024\\\/07\\\/Article-pour-jeux-de-memoire-et-services-educatifs-sur-tablette-1.png\",\"contentUrl\":\"https:\\\/\\\/www.dynseo.com\\\/wp-content\\\/uploads\\\/2024\\\/07\\\/Article-pour-jeux-de-memoire-et-services-educatifs-sur-tablette-1.png\",\"width\":2000,\"height\":1500,\"caption\":\"Mant\u00e9n tu agilidad mental con nuestras actividades divertidas y gratificantes\"},{\"@type\":\"BreadcrumbList\",\"@id\":\"https:\\\/\\\/www.dynseo.com\\\/es\\\/temple\\\/#breadcrumb\",\"itemListElement\":[{\"@type\":\"ListItem\",\"position\":1,\"name\":\"Accueil\",\"item\":\"https:\\\/\\\/www.dynseo.com\\\/es\\\/\"},{\"@type\":\"ListItem\",\"position\":2,\"name\":\"Temple\"}]},{\"@type\":\"WebSite\",\"@id\":\"https:\\\/\\\/www.dynseo.com\\\/es\\\/#website\",\"url\":\"https:\\\/\\\/www.dynseo.com\\\/es\\\/\",\"name\":\"Jeux de m\u00e9moire et stimulation cognitive\",\"description\":\"Entra\u00eenez votre m\u00e9moire et votre cerveau avec DYNSEO\",\"publisher\":{\"@id\":\"https:\\\/\\\/www.dynseo.com\\\/es\\\/#organization\"},\"potentialAction\":[{\"@type\":\"SearchAction\",\"target\":{\"@type\":\"EntryPoint\",\"urlTemplate\":\"https:\\\/\\\/www.dynseo.com\\\/es\\\/?s={search_term_string}\"},\"query-input\":{\"@type\":\"PropertyValueSpecification\",\"valueRequired\":true,\"valueName\":\"search_term_string\"}}],\"inLanguage\":\"es\"},{\"@type\":\"Organization\",\"@id\":\"https:\\\/\\\/www.dynseo.com\\\/es\\\/#organization\",\"name\":\"DYNSEO\",\"url\":\"https:\\\/\\\/www.dynseo.com\\\/es\\\/\",\"logo\":{\"@type\":\"ImageObject\",\"inLanguage\":\"es\",\"@id\":\"https:\\\/\\\/www.dynseo.com\\\/es\\\/#\\\/schema\\\/logo\\\/image\\\/\",\"url\":\"https:\\\/\\\/www.dynseo.com\\\/wp-content\\\/uploads\\\/2022\\\/05\\\/logo-dynseo-new.png\",\"contentUrl\":\"https:\\\/\\\/www.dynseo.com\\\/wp-content\\\/uploads\\\/2022\\\/05\\\/logo-dynseo-new.png\",\"width\":5073,\"height\":1397,\"caption\":\"DYNSEO\"},\"image\":{\"@id\":\"https:\\\/\\\/www.dynseo.com\\\/es\\\/#\\\/schema\\\/logo\\\/image\\\/\"}}]}<\/script>\n<!-- \/ Yoast SEO plugin. -->","yoast_head_json":{"title":"Con MoodMe, \u00a1cuida de los dem\u00e1s!","description":"Sigue el estado de \u00e1nimo de tus seres queridos en iPhone \/ iPad \/ iWatch","robots":{"index":"index","follow":"follow","max-snippet":"max-snippet:-1","max-image-preview":"max-image-preview:large","max-video-preview":"max-video-preview:-1"},"canonical":"https:\/\/www.dynseo.com\/es\/temple\/","og_locale":"es_ES","og_type":"article","og_title":"Con MoodMe, \u00a1cuida de los dem\u00e1s!","og_description":"Sigue el estado de \u00e1nimo de tus seres queridos en iPhone \/ iPad \/ iWatch","og_url":"https:\/\/www.dynseo.com\/es\/temple\/","og_site_name":"DYNSEO - Aplicaci\u00f3n educativa y juegos de memoria","article_modified_time":"2026-04-15T12:41:21+00:00","og_image":[{"width":2000,"height":1500,"url":"https:\/\/www.dynseo.com\/wp-content\/uploads\/2024\/07\/Article-pour-jeux-de-memoire-et-services-educatifs-sur-tablette-1.png","type":"image\/png"}],"twitter_misc":{"Tiempo de lectura":"1 minuto"},"schema":{"@context":"https:\/\/schema.org","@graph":[{"@type":"WebPage","@id":"https:\/\/www.dynseo.com\/es\/temple\/","url":"https:\/\/www.dynseo.com\/es\/temple\/","name":"Con MoodMe, \u00a1cuida de los dem\u00e1s!","isPartOf":{"@id":"https:\/\/www.dynseo.com\/es\/#website"},"primaryImageOfPage":{"@id":"https:\/\/www.dynseo.com\/es\/temple\/#primaryimage"},"image":{"@id":"https:\/\/www.dynseo.com\/es\/temple\/#primaryimage"},"thumbnailUrl":"https:\/\/www.dynseo.com\/wp-content\/uploads\/2024\/07\/Article-pour-jeux-de-memoire-et-services-educatifs-sur-tablette-1.png","datePublished":"2025-12-19T11:23:11+00:00","dateModified":"2026-04-15T12:41:21+00:00","description":"Sigue el estado de \u00e1nimo de tus seres queridos en iPhone \/ iPad \/ iWatch","breadcrumb":{"@id":"https:\/\/www.dynseo.com\/es\/temple\/#breadcrumb"},"inLanguage":"es","potentialAction":[{"@type":"ReadAction","target":["https:\/\/www.dynseo.com\/es\/temple\/"]}]},{"@type":"ImageObject","inLanguage":"es","@id":"https:\/\/www.dynseo.com\/es\/temple\/#primaryimage","url":"https:\/\/www.dynseo.com\/wp-content\/uploads\/2024\/07\/Article-pour-jeux-de-memoire-et-services-educatifs-sur-tablette-1.png","contentUrl":"https:\/\/www.dynseo.com\/wp-content\/uploads\/2024\/07\/Article-pour-jeux-de-memoire-et-services-educatifs-sur-tablette-1.png","width":2000,"height":1500,"caption":"Mant\u00e9n tu agilidad mental con nuestras actividades divertidas y gratificantes"},{"@type":"BreadcrumbList","@id":"https:\/\/www.dynseo.com\/es\/temple\/#breadcrumb","itemListElement":[{"@type":"ListItem","position":1,"name":"Accueil","item":"https:\/\/www.dynseo.com\/es\/"},{"@type":"ListItem","position":2,"name":"Temple"}]},{"@type":"WebSite","@id":"https:\/\/www.dynseo.com\/es\/#website","url":"https:\/\/www.dynseo.com\/es\/","name":"Jeux de m\u00e9moire et stimulation cognitive","description":"Entra\u00eenez votre m\u00e9moire et votre cerveau avec DYNSEO","publisher":{"@id":"https:\/\/www.dynseo.com\/es\/#organization"},"potentialAction":[{"@type":"SearchAction","target":{"@type":"EntryPoint","urlTemplate":"https:\/\/www.dynseo.com\/es\/?s={search_term_string}"},"query-input":{"@type":"PropertyValueSpecification","valueRequired":true,"valueName":"search_term_string"}}],"inLanguage":"es"},{"@type":"Organization","@id":"https:\/\/www.dynseo.com\/es\/#organization","name":"DYNSEO","url":"https:\/\/www.dynseo.com\/es\/","logo":{"@type":"ImageObject","inLanguage":"es","@id":"https:\/\/www.dynseo.com\/es\/#\/schema\/logo\/image\/","url":"https:\/\/www.dynseo.com\/wp-content\/uploads\/2022\/05\/logo-dynseo-new.png","contentUrl":"https:\/\/www.dynseo.com\/wp-content\/uploads\/2022\/05\/logo-dynseo-new.png","width":5073,"height":1397,"caption":"DYNSEO"},"image":{"@id":"https:\/\/www.dynseo.com\/es\/#\/schema\/logo\/image\/"}}]}},"_links":{"self":[{"href":"https:\/\/www.dynseo.com\/es\/wp-json\/wp\/v2\/pages\/448254","targetHints":{"allow":["GET"]}}],"collection":[{"href":"https:\/\/www.dynseo.com\/es\/wp-json\/wp\/v2\/pages"}],"about":[{"href":"https:\/\/www.dynseo.com\/es\/wp-json\/wp\/v2\/types\/page"}],"author":[{"embeddable":true,"href":"https:\/\/www.dynseo.com\/es\/wp-json\/wp\/v2\/users\/4"}],"replies":[{"embeddable":true,"href":"https:\/\/www.dynseo.com\/es\/wp-json\/wp\/v2\/comments?post=448254"}],"version-history":[{"count":9,"href":"https:\/\/www.dynseo.com\/es\/wp-json\/wp\/v2\/pages\/448254\/revisions"}],"predecessor-version":[{"id":545281,"href":"https:\/\/www.dynseo.com\/es\/wp-json\/wp\/v2\/pages\/448254\/revisions\/545281"}],"wp:featuredmedia":[{"embeddable":true,"href":"https:\/\/www.dynseo.com\/es\/wp-json\/wp\/v2\/media\/130227"}],"wp:attachment":[{"href":"https:\/\/www.dynseo.com\/es\/wp-json\/wp\/v2\/media?parent=448254"}],"curies":[{"name":"wp","href":"https:\/\/api.w.org\/{rel}","templated":true}]}}