{"id":448258,"date":"2025-12-19T12:23:34","date_gmt":"2025-12-19T11:23:34","guid":{"rendered":"https:\/\/www.dynseo.com\/particulares\/"},"modified":"2026-01-09T20:38:02","modified_gmt":"2026-01-09T19:38:02","slug":"particulares","status":"publish","type":"page","link":"https:\/\/www.dynseo.com\/es\/particulares\/","title":{"rendered":"Particulares"},"content":{"rendered":"<h2 style=\"text-align: center\"><span style=\"color: #526fa1\"><strong>ENTRENAMIENTO CEREBRAL PERSONALIZADO<\/strong><\/span><\/h2>\n<\/p>\n<p>Con Suzie, tu entrenadora cerebral, \u00a1entrenar el cerebro es un placer! Suzie te apoyar\u00e1 d\u00eda tras d\u00eda con ejercicios personalizados y estimulantes. \u00a1Hay un programa para cada persona!  <\/p>\n<p>Cada programa dise\u00f1ado se ha desarrollado en estrecha colaboraci\u00f3n con :<\/p>\n<p>&#8211; por un lado, el usuario final: ni\u00f1os, adultos, ancianos, etc.<\/p>\n<p>&#8211; profesionales sanitarios: psic\u00f3logos y neuropsic\u00f3logos, logopedas, terapeutas ocupacionales, geriatras, m\u00e9dicos coordinadores, m\u00e9dicos generalistas, etc.<\/p>\n<p>El objetivo es ofrecerte<span style=\"color: #526fa1\"><strong>personalizados: <\/strong><\/span>nuestros juegos se adaptan a las capacidades de cada individuo.<\/p>\n<p>Tanto si tu hijo necesita canalizar su atenci\u00f3n, como si tu ser querido ha sufrido un ictus y quieres ayudarle en la rehabilitaci\u00f3n, \u00a1Coco, Joe o Edith son los programas de entrenamiento cerebral para ti!<\/p>\n<p><img loading=\"lazy\" decoding=\"async\" class=\"wp-image-2664 aligncenter\" src=\"https:\/\/www.dynseo.com\/wp-content\/uploads\/2015\/02\/schema-cr%C3%A9ation-de-valeur-v2.jpg\" alt=\"entrenamiento cognitivo a medida\" width=\"787\" height=\"443\"><\/p>\n<h2> <\/h2>\n<h2> <\/h2>\n<h2 style=\"text-align: center\"><strong><span style=\"color: #526fa1\">UN PROGRAMA DE ARTE ESTIMULANTE PARA TODOS<\/span><\/strong><\/h2>\n<p>As\u00ed, cada uno tendr\u00e1 su propio programa de entrenamiento cerebral personalizado.<\/p>\n<p style=\"text-align: center\">[row]<br \/>[column lg=\u00bb4&#8243; md=\u00bb12&#8243; sm=\u00bb12&#8243; xs=\u00bb12&#8243;]<\/p>\n<p style=\"text-align: center\"><img loading=\"lazy\" decoding=\"async\" class=\"alignnone wp-image-10076\" src=\"https:\/\/www.dynseo.com\/wp-content\/uploads\/2018\/10\/Coco.png\" alt=\"\" width=\"239\" height=\"264\" srcset=\"https:\/\/www.dynseo.com\/wp-content\/uploads\/2018\/10\/Coco.png 414w, https:\/\/www.dynseo.com\/wp-content\/uploads\/2018\/10\/Coco-272x300.png 272w\" sizes=\"(max-width: 239px) 100vw, 239px\" \/><br \/><span style=\"color: #526fa1\"><strong>Stim&#8217;Art Coco<\/strong><\/span><\/p>\n<p style=\"text-align: center\">Juegos educativos para nuestros superh\u00e9roes de 5 a 10 a\u00f1os<\/p>\n<\/p>\n<p style=\"text-align: center\">[\/column]<br \/>[column lg=\u00bb4&#8243; md=\u00bb12&#8243; sm=\u00bb12&#8243; xs=\u00bb12&#8243;]<\/p>\n<p style=\"text-align: center\"><img loading=\"lazy\" decoding=\"async\" class=\"alignnone wp-image-10078\" src=\"https:\/\/www.dynseo.com\/wp-content\/uploads\/2018\/10\/Joe.png\" alt=\"\" width=\"239\" height=\"271\" srcset=\"https:\/\/www.dynseo.com\/wp-content\/uploads\/2018\/10\/Joe.png 391w, https:\/\/www.dynseo.com\/wp-content\/uploads\/2018\/10\/Joe-265x300.png 265w\" sizes=\"(max-width: 239px) 100vw, 239px\" \/><br \/><span style=\"color: #526fa1\"><strong>Stim&#8217;Art Joe<\/strong><\/span><\/p>\n<p style=\"text-align: center\">Un programa de entrenamiento cerebral en una tableta o smartphone para adultos como medida preventiva<\/p>\n<\/p>\n<p style=\"text-align: center\">[\/column]<br \/>[column lg=\u00bb4&#8243; md=\u00bb12&#8243; sm=\u00bb12&#8243; xs=\u00bb12&#8243;]<\/p>\n<p style=\"text-align: center\"><span style=\"color: #666699\"><img loading=\"lazy\" decoding=\"async\" class=\"alignnone wp-image-10077\" src=\"https:\/\/www.dynseo.com\/wp-content\/uploads\/2018\/10\/Edith.png\" alt=\"\" width=\"277\" height=\"270\" srcset=\"https:\/\/www.dynseo.com\/wp-content\/uploads\/2018\/10\/Edith.png 458w, https:\/\/www.dynseo.com\/wp-content\/uploads\/2018\/10\/Edith-300x292.png 300w\" sizes=\"(max-width: 277px) 100vw, 277px\" \/><\/span><br \/><span style=\"color: #526fa1\"><strong>Stim&#8217;Art Edith<\/strong><\/span><\/p>\n<p style=\"text-align: center\">Juegos de memoria adaptados para personas con <a href=\"https:\/\/www.dynseo.com\/avancees-dans-le-traitement-des-troubles-cognitifs-post-cancer\/\" title=\"Avances en el tratamiento de los trastornos cognitivos post-c\u00e1ncer\">problemas cognitivos<\/a><\/p>\n<\/p>\n<p style=\"text-align: center\">\n<p style=\"text-align: center\">[\/column]<br \/>[\/row]<\/p>\n<h2> <\/h2>\n<h3 style=\"text-align: left\"><strong><span style=\"color: #526fa1\">Tambi\u00e9n te pueden interesar nuestros otros programas<\/span><\/strong><\/h3>\n<p style=\"text-align: center\"><strong><span style=\"color: #526fa1\">[row]<br \/>[column lg=\u00bb4&#8243; md=\u00bb12&#8243; sm=\u00bb12&#8243; xs=\u00bb12&#8243;]<br \/><img loading=\"lazy\" decoding=\"async\" class=\"wp-image-7703 aligncenter lazyloaded\" src=\"https:\/\/www.dynseo.com\/wp-content\/uploads\/2015\/02\/mail-simple-etablissement.png\" alt=\"\" width=\"237\" height=\"210\" data-lazy-src=\"https:\/\/www.dynseo.com\/wp-content\/uploads\/2015\/02\/mail-simple-etablissement.png\" data-lazy-srcset=\"https:\/\/www.dynseo.com\/wp-content\/uploads\/2015\/02\/mail-simple-etablissement.png 1000w, https:\/\/www.dynseo.com\/wp-content\/uploads\/2015\/02\/mail-simple-etablissement-300x266.png 300w, https:\/\/www.dynseo.com\/wp-content\/uploads\/2015\/02\/mail-simple-etablissement-768x681.png 768w\" data-was-processed=\"true\"><span style=\"color: #526fa1\"><a style=\"color: #526fa1\" href=\"https:\/\/www.dynseo.com\/es\/todos-los-productos-profesionales\/dynseo-family-2\/\">Dynseo Family, el sistema de mensajer\u00eda simplificado para intercambiar mensajes y fotos con amigos y familiares.<\/a><\/span><\/p>\n<p style=\"text-align: center\"><span style=\"text-align: center\">[\/column]<\/span><\/p>\n<p style=\"text-align: center\">[column lg=\u00bb4&#8243; md=\u00bb12&#8243; sm=\u00bb12&#8243; xs=\u00bb12&#8243;]<br \/><img loading=\"lazy\" decoding=\"async\" class=\"wp-image-9604 aligncenter\" src=\"https:\/\/www.dynseo.com\/wp-content\/uploads\/2018\/07\/souvenirs.png\" alt=\"recuerdos_de_vida\" width=\"263\" height=\"175\"><\/p>\n<p style=\"text-align: center\"><span style=\"color: #526fa1\"><a style=\"color: #526fa1\" href=\"https:\/\/www.dynseo.com\/nos-produits\/evocation-souvenirs\/\">E-memorias para fomentar la aparici\u00f3n y evocaci\u00f3n de recuerdos.<\/a><\/span><br \/>[\/column]<br \/>[column lg=\u00bb4&#8243; md=\u00bb12&#8243; sm=\u00bb12&#8243; xs=\u00bb12&#8243;]<br \/><img loading=\"lazy\" decoding=\"async\" class=\"wp-image-9953 aligncenter\" src=\"https:\/\/www.dynseo.com\/wp-content\/uploads\/2018\/09\/BilleQuiRoule.png\" alt=\"\" width=\"263\" height=\"175\" srcset=\"https:\/\/www.dynseo.com\/wp-content\/uploads\/2018\/09\/BilleQuiRoule.png 625w, https:\/\/www.dynseo.com\/wp-content\/uploads\/2018\/09\/BilleQuiRoule-600x399.png 600w, https:\/\/www.dynseo.com\/wp-content\/uploads\/2018\/09\/BilleQuiRoule-300x200.png 300w\" sizes=\"(max-width: 263px) 100vw, 263px\" \/><\/p>\n<p style=\"text-align: center\"><span style=\"color: #526fa1\"><a style=\"color: #526fa1\" href=\"https:\/\/www.dynseo.com\/es\/la-bola-rodante\/\">La canica rodante, una aplicaci\u00f3n para tableta que fomenta la atenci\u00f3n y la motricidad fina.<\/a><\/span><br \/>[\/column]<br \/>[\/row]<\/p>\n<h2> <\/h2>\n<h2> <\/h2>\n<h3 style=\"text-align: justify\"><span style=\"color: #526fa1\">Descarga y prueba gratis todas nuestras aplicaciones<\/span><\/h3>\n<p>[row]<br \/>[column lg=\u00bb6&#8243; md=\u00bb12&#8243; sm=\u00bb12&#8243; xs=\u00bb12&#8243;]<br \/><a href=\"https:\/\/play.google.com\/store\/search?q=dynseo\"><img loading=\"lazy\" decoding=\"async\" class=\"aligncenter wp-image-17721 size-medium\" src=\"https:\/\/www.dynseo.com\/wp-content\/uploads\/\" alt=\"\" width=\"300\" height=\"110\"><\/a><br \/>[\/column]<br \/>[column lg=\u00bb6&#8243; md=\u00bb12&#8243; sm=\u00bb12&#8243; xs=\u00bb12&#8243;]<br \/><a href=\"https:\/\/apps.apple.com\/fr\/developer\/dynseo\/id1000639418\"><img loading=\"lazy\" decoding=\"async\" class=\"aligncenter wp-image-18329 size-medium\" style=\"color: #0000ee\" src=\"https:\/\/www.dynseo.com\/wp-content\/uploads\/2019\/01\/AppStore-1-300x104.png\" alt=\"\" width=\"300\" height=\"104\"><\/a><\/p>\n<p><span style=\"color: #0000ee\"><br \/><\/span>[\/column]<br \/>[\/row]<\/p>\n<p>[et_pb_code]{\u00ab@context\u00bb:\u00bbhttps:\/\/schema.org\u00bb,\u00bb@type\u00bb:\u00bbFAQPage\u00bb,\u00bbmainEntity\u00bb:[{\u00ab@type\u00bb:\u00bbQuestion\u00bb,\u00bbname\u00bb:\u00bbQu&#8217;est-ce que Suzie et quel est son r\u00f4le ?\u00bb,\u00bbacceptedAnswer\u00bb:{\u00ab@type\u00bb:\u00bbAnswer\u00bb,\u00bbtext\u00bb:\u00bbSuzie est votre coach c\u00e9r\u00e9bral personnel qui vous accompagne jour apr\u00e8s jour gr\u00e2ce \u00e0 des exercices adapt\u00e9s et stimulants. Elle rend l&#8217;entra\u00eenement c\u00e9r\u00e9bral agr\u00e9able et propose des programmes personnalis\u00e9s selon vos besoins sp\u00e9cifiques.\u00bb}},{\u00ab@type\u00bb:\u00bbQuestion\u00bb,\u00bbname\u00bb:\u00bbAvec quels professionnels les programmes d&#8217;entra\u00eenement c\u00e9r\u00e9bral ont-ils \u00e9t\u00e9 d\u00e9velopp\u00e9s ?\u00bb,\u00bbacceptedAnswer\u00bb:{\u00ab@type\u00bb:\u00bbAnswer\u00bb,\u00bbtext\u00bb:\u00bbLes programmes ont \u00e9t\u00e9 con\u00e7us en collaboration avec des professionnels de sant\u00e9 sp\u00e9cialis\u00e9s : psychologues et neuropsychologues, orthophonistes, ergoth\u00e9rapeutes, g\u00e9riatres, m\u00e9decins coordinateurs et m\u00e9decins g\u00e9n\u00e9ralistes.\u00bb}},{\u00ab@type\u00bb:\u00bbQuestion\u00bb,\u00bbname\u00bb:\u00bb\u00c0 qui s&#8217;adresse le programme Stim&#8217;Art Coco ?\u00bb,\u00bbacceptedAnswer\u00bb:{\u00ab@type\u00bb:\u00bbAnswer\u00bb,\u00bbtext\u00bb:\u00bbStim&#8217;Art Coco propose des jeux \u00e9ducatifs sp\u00e9cialement con\u00e7us pour les enfants de 5 \u00e0 10 ans, nos \u00absuper h\u00e9ros\u00bb en d\u00e9veloppement, avec des exercices adapt\u00e9s \u00e0 leur \u00e2ge.\u00bb}},{\u00ab@type\u00bb:\u00bbQuestion\u00bb,\u00bbname\u00bb:\u00bbQuel est l&#8217;objectif du programme Stim&#8217;Art Joe ?\u00bb,\u00bbacceptedAnswer\u00bb:{\u00ab@type\u00bb:\u00bbAnswer\u00bb,\u00bbtext\u00bb:\u00bbStim&#8217;Art Joe est un programme d&#8217;entra\u00eenement c\u00e9r\u00e9bral sur tablette ou smartphone destin\u00e9 aux adultes dans un objectif de pr\u00e9vention des <a href=\"https:\/\/www.dynseo.com\/es\/los-signos-tempranos-de-trastornos-cognitivos-en-la-esclerosis-multiple\/\" title=\"Les signes pr\u00e9coces de troubles cognitifs dans la scl\u00e9rose en plaques\">troubles cognitifs<\/a>.\u00bb}},{\u00ab@type\u00bb:\u00bbQuestion\u00bb,\u00bbname\u00bb:\u00bbPour qui le programme Stim&#8217;Art Edith a-t-il \u00e9t\u00e9 con\u00e7u ?\u00bb,\u00bbacceptedAnswer\u00bb:{\u00ab@type\u00bb:\u00bbAnswer\u00bb,\u00bbtext\u00bb:\u00bbStim&#8217;Art Edith propose des jeux de m\u00e9moire sp\u00e9cialement adapt\u00e9s pour les personnes souffrant de <a href=\"https:\/\/www.dynseo.com\/gestion-des-troubles-cognitifs-chez-les-survivants-du-cancer-de-lestomac-2\/\" title=\"Gestion des troubles cognitifs chez les survivants du cancer de l&#039;estomac\">troubles cognitifs<\/a>, notamment pour accompagner la r\u00e9\u00e9ducation apr\u00e8s un AVC.\u00bb}},{\u00ab@type\u00bb:\u00bbQuestion\u00bb,\u00bbname\u00bb:\u00bbComment les programmes d&#8217;entra\u00eenement c\u00e9r\u00e9bral s&#8217;adaptent-ils aux utilisateurs ?\u00bb,\u00bbacceptedAnswer\u00bb:{\u00ab@type\u00bb:\u00bbAnswer\u00bb,\u00bbtext\u00bb:\u00bbChaque programme est personnalis\u00e9 et adapt\u00e9 aux capacit\u00e9s individuelles de l&#8217;utilisateur. Les jeux s&#8217;ajustent selon les besoins sp\u00e9cifiques, que ce soit pour canaliser l&#8217;attention d&#8217;un enfant ou accompagner la r\u00e9\u00e9ducation d&#8217;une personne apr\u00e8s un AVC.\u00bb}}]}[\/et_pb_code]<\/p>\n<p>[et_pb_code]<script type=\"application\/ld+json\">{\"@context\":\"https:\/\/schema.org\",\"@type\":\"FAQPage\",\"mainEntity\":[{\"@type\":\"Question\",\"name\":\"\u00bfQu\u00e9 es Suzie y c\u00f3mo ayuda en el entrenamiento cerebral?\",\"acceptedAnswer\":{\"@type\":\"Answer\",\"text\":\"Suzie es tu entrenadora cerebral personal que hace que entrenar el cerebro sea un placer. Te apoyar\u00e1 d\u00eda tras d\u00eda con ejercicios personalizados y estimulantes, ofreciendo un programa espec\u00edfico para cada persona seg\u00fan sus necesidades individuales.\"}},{\"@type\":\"Question\",\"name\":\"\u00bfCon qui\u00e9n se desarrollan los programas de entrenamiento cerebral?\",\"acceptedAnswer\":{\"@type\":\"Answer\",\"text\":\"Los programas se desarrollan en estrecha colaboraci\u00f3n con usuarios finales (ni\u00f1os, adultos, ancianos) y profesionales sanitarios como psic\u00f3logos, neuropsic\u00f3logos, logopedas, terapeutas ocupacionales, geriatras, m\u00e9dicos coordinadores y m\u00e9dicos generalistas.\"}},{\"@type\":\"Question\",\"name\":\"\u00bfPara qu\u00e9 edades est\u00e1 dise\u00f1ado Stim'Art Coco?\",\"acceptedAnswer\":{\"@type\":\"Answer\",\"text\":\"Stim'Art Coco est\u00e1 dise\u00f1ado para ni\u00f1os de 5 a 10 a\u00f1os, ofreciendo juegos educativos especialmente pensados para nuestros superh\u00e9roes de estas edades.\"}},{\"@type\":\"Question\",\"name\":\"\u00bfQu\u00e9 tipo de usuarios se benefician de Stim'Art Joe?\",\"acceptedAnswer\":{\"@type\":\"Answer\",\"text\":\"Stim'Art Joe es un programa de entrenamiento cerebral para adultos como medida preventiva, disponible en tableta o smartphone para mantener activas las capacidades cognitivas.\"}},{\"@type\":\"Question\",\"name\":\"\u00bfPara qui\u00e9n est\u00e1 indicado Stim'Art Edith?\",\"acceptedAnswer\":{\"@type\":\"Answer\",\"text\":\"Stim'Art Edith est\u00e1 dirigido a personas con problemas cognitivos, ofreciendo juegos de memoria especialmente adaptados para sus necesidades espec\u00edficas.\"}},{\"@type\":\"Question\",\"name\":\"\u00bfQu\u00e9 otras aplicaciones complementarias est\u00e1n disponibles?\",\"acceptedAnswer\":{\"@type\":\"Answer\",\"text\":\"Adem\u00e1s de los programas principales, est\u00e1n disponibles Dynseo Family (sistema de mensajer\u00eda simplificado), E-memorias (para fomentar la aparici\u00f3n de recuerdos) y La canica rodante (aplicaci\u00f3n para tableta que mejora la atenci\u00f3n y motricidad fina).\"}}]}<\/script>[\/et_pb_code]<\/p>\n","protected":false},"excerpt":{"rendered":"<p>ENTRENAMIENTO CEREBRAL PERSONALIZADO Con Suzie, tu entrenadora cerebral, \u00a1entrenar el cerebro es un placer! Suzie te apoyar\u00e1 d\u00eda tras d\u00eda con ejercicios personalizados y estimulantes. \u00a1Hay un programa para cada persona! Cada programa dise\u00f1ado se ha desarrollado en estrecha colaboraci\u00f3n con :- por un lado, el usuario final: ni\u00f1os, adultos, ancianos, etc.- profesionales sanitarios: psic\u00f3logos [&hellip;]<\/p>\n","protected":false},"author":4,"featured_media":130227,"parent":0,"menu_order":0,"comment_status":"closed","ping_status":"closed","template":"","meta":{"_et_pb_use_builder":"on","_et_pb_old_content":"","_et_gb_content_width":"","footnotes":""},"class_list":["post-448258","page","type-page","status-publish","has-post-thumbnail","hentry"],"yoast_head":"<!-- This site is optimized with the Yoast SEO plugin v27.4 - https:\/\/yoast.com\/product\/yoast-seo-wordpress\/ -->\n<title>Stim&#039;Art, entrenamiento cerebral personalizado<\/title>\n<meta name=\"description\" content=\"Con la ayuda de Suzie, tu entrenadora cerebral, aprovecha un programa de entrenamiento cerebral personalizado para ti, en tu tableta y smartphone. \u00a1Suzie seguir\u00e1 tus progresos!\" \/>\n<meta name=\"robots\" content=\"index, follow, max-snippet:-1, max-image-preview:large, max-video-preview:-1\" \/>\n<link rel=\"canonical\" href=\"https:\/\/www.dynseo.com\/es\/particulares\/\" \/>\n<meta property=\"og:locale\" content=\"es_ES\" \/>\n<meta property=\"og:type\" content=\"article\" \/>\n<meta property=\"og:title\" content=\"Stim&#039;Art, entrenamiento cerebral personalizado\" \/>\n<meta property=\"og:description\" content=\"Con la ayuda de Suzie, tu entrenadora cerebral, aprovecha un programa de entrenamiento cerebral personalizado para ti, en tu tableta y smartphone. \u00a1Suzie seguir\u00e1 tus progresos!\" \/>\n<meta property=\"og:url\" content=\"https:\/\/www.dynseo.com\/es\/particulares\/\" \/>\n<meta property=\"og:site_name\" content=\"DYNSEO - Aplicaci\u00f3n educativa y juegos de memoria\" \/>\n<meta property=\"article:modified_time\" content=\"2026-01-09T19:38:02+00:00\" \/>\n<meta property=\"og:image\" content=\"https:\/\/www.dynseo.com\/wp-content\/uploads\/2024\/07\/Article-pour-jeux-de-memoire-et-services-educatifs-sur-tablette-1.png\" \/>\n\t<meta property=\"og:image:width\" content=\"2000\" \/>\n\t<meta property=\"og:image:height\" content=\"1500\" \/>\n\t<meta property=\"og:image:type\" content=\"image\/png\" \/>\n<meta name=\"twitter:label1\" content=\"Tiempo de lectura\" \/>\n\t<meta name=\"twitter:data1\" content=\"3 minutos\" \/>\n<script type=\"application\/ld+json\" class=\"yoast-schema-graph\">{\"@context\":\"https:\\\/\\\/schema.org\",\"@graph\":[{\"@type\":\"WebPage\",\"@id\":\"https:\\\/\\\/www.dynseo.com\\\/es\\\/particulares\\\/\",\"url\":\"https:\\\/\\\/www.dynseo.com\\\/es\\\/particulares\\\/\",\"name\":\"Stim'Art, entrenamiento cerebral personalizado\",\"isPartOf\":{\"@id\":\"https:\\\/\\\/www.dynseo.com\\\/es\\\/#website\"},\"primaryImageOfPage\":{\"@id\":\"https:\\\/\\\/www.dynseo.com\\\/es\\\/particulares\\\/#primaryimage\"},\"image\":{\"@id\":\"https:\\\/\\\/www.dynseo.com\\\/es\\\/particulares\\\/#primaryimage\"},\"thumbnailUrl\":\"https:\\\/\\\/www.dynseo.com\\\/wp-content\\\/uploads\\\/2024\\\/07\\\/Article-pour-jeux-de-memoire-et-services-educatifs-sur-tablette-1.png\",\"datePublished\":\"2025-12-19T11:23:34+00:00\",\"dateModified\":\"2026-01-09T19:38:02+00:00\",\"description\":\"Con la ayuda de Suzie, tu entrenadora cerebral, aprovecha un programa de entrenamiento cerebral personalizado para ti, en tu tableta y smartphone. \u00a1Suzie seguir\u00e1 tus progresos!\",\"breadcrumb\":{\"@id\":\"https:\\\/\\\/www.dynseo.com\\\/es\\\/particulares\\\/#breadcrumb\"},\"inLanguage\":\"es\",\"potentialAction\":[{\"@type\":\"ReadAction\",\"target\":[\"https:\\\/\\\/www.dynseo.com\\\/es\\\/particulares\\\/\"]}]},{\"@type\":\"ImageObject\",\"inLanguage\":\"es\",\"@id\":\"https:\\\/\\\/www.dynseo.com\\\/es\\\/particulares\\\/#primaryimage\",\"url\":\"https:\\\/\\\/www.dynseo.com\\\/wp-content\\\/uploads\\\/2024\\\/07\\\/Article-pour-jeux-de-memoire-et-services-educatifs-sur-tablette-1.png\",\"contentUrl\":\"https:\\\/\\\/www.dynseo.com\\\/wp-content\\\/uploads\\\/2024\\\/07\\\/Article-pour-jeux-de-memoire-et-services-educatifs-sur-tablette-1.png\",\"width\":2000,\"height\":1500,\"caption\":\"Mant\u00e9n tu agilidad mental con nuestras actividades divertidas y gratificantes\"},{\"@type\":\"BreadcrumbList\",\"@id\":\"https:\\\/\\\/www.dynseo.com\\\/es\\\/particulares\\\/#breadcrumb\",\"itemListElement\":[{\"@type\":\"ListItem\",\"position\":1,\"name\":\"Accueil\",\"item\":\"https:\\\/\\\/www.dynseo.com\\\/es\\\/\"},{\"@type\":\"ListItem\",\"position\":2,\"name\":\"Particulares\"}]},{\"@type\":\"WebSite\",\"@id\":\"https:\\\/\\\/www.dynseo.com\\\/es\\\/#website\",\"url\":\"https:\\\/\\\/www.dynseo.com\\\/es\\\/\",\"name\":\"Jeux de m\u00e9moire et stimulation cognitive\",\"description\":\"Entra\u00eenez votre m\u00e9moire et votre cerveau avec DYNSEO\",\"publisher\":{\"@id\":\"https:\\\/\\\/www.dynseo.com\\\/es\\\/#organization\"},\"potentialAction\":[{\"@type\":\"SearchAction\",\"target\":{\"@type\":\"EntryPoint\",\"urlTemplate\":\"https:\\\/\\\/www.dynseo.com\\\/es\\\/?s={search_term_string}\"},\"query-input\":{\"@type\":\"PropertyValueSpecification\",\"valueRequired\":true,\"valueName\":\"search_term_string\"}}],\"inLanguage\":\"es\"},{\"@type\":\"Organization\",\"@id\":\"https:\\\/\\\/www.dynseo.com\\\/es\\\/#organization\",\"name\":\"DYNSEO\",\"url\":\"https:\\\/\\\/www.dynseo.com\\\/es\\\/\",\"logo\":{\"@type\":\"ImageObject\",\"inLanguage\":\"es\",\"@id\":\"https:\\\/\\\/www.dynseo.com\\\/es\\\/#\\\/schema\\\/logo\\\/image\\\/\",\"url\":\"https:\\\/\\\/www.dynseo.com\\\/wp-content\\\/uploads\\\/2022\\\/05\\\/logo-dynseo-new.png\",\"contentUrl\":\"https:\\\/\\\/www.dynseo.com\\\/wp-content\\\/uploads\\\/2022\\\/05\\\/logo-dynseo-new.png\",\"width\":5073,\"height\":1397,\"caption\":\"DYNSEO\"},\"image\":{\"@id\":\"https:\\\/\\\/www.dynseo.com\\\/es\\\/#\\\/schema\\\/logo\\\/image\\\/\"}}]}<\/script>\n<!-- \/ Yoast SEO plugin. -->","yoast_head_json":{"title":"Stim'Art, entrenamiento cerebral personalizado","description":"Con la ayuda de Suzie, tu entrenadora cerebral, aprovecha un programa de entrenamiento cerebral personalizado para ti, en tu tableta y smartphone. \u00a1Suzie seguir\u00e1 tus progresos!","robots":{"index":"index","follow":"follow","max-snippet":"max-snippet:-1","max-image-preview":"max-image-preview:large","max-video-preview":"max-video-preview:-1"},"canonical":"https:\/\/www.dynseo.com\/es\/particulares\/","og_locale":"es_ES","og_type":"article","og_title":"Stim'Art, entrenamiento cerebral personalizado","og_description":"Con la ayuda de Suzie, tu entrenadora cerebral, aprovecha un programa de entrenamiento cerebral personalizado para ti, en tu tableta y smartphone. \u00a1Suzie seguir\u00e1 tus progresos!","og_url":"https:\/\/www.dynseo.com\/es\/particulares\/","og_site_name":"DYNSEO - Aplicaci\u00f3n educativa y juegos de memoria","article_modified_time":"2026-01-09T19:38:02+00:00","og_image":[{"width":2000,"height":1500,"url":"https:\/\/www.dynseo.com\/wp-content\/uploads\/2024\/07\/Article-pour-jeux-de-memoire-et-services-educatifs-sur-tablette-1.png","type":"image\/png"}],"twitter_misc":{"Tiempo de lectura":"3 minutos"},"schema":{"@context":"https:\/\/schema.org","@graph":[{"@type":"WebPage","@id":"https:\/\/www.dynseo.com\/es\/particulares\/","url":"https:\/\/www.dynseo.com\/es\/particulares\/","name":"Stim'Art, entrenamiento cerebral personalizado","isPartOf":{"@id":"https:\/\/www.dynseo.com\/es\/#website"},"primaryImageOfPage":{"@id":"https:\/\/www.dynseo.com\/es\/particulares\/#primaryimage"},"image":{"@id":"https:\/\/www.dynseo.com\/es\/particulares\/#primaryimage"},"thumbnailUrl":"https:\/\/www.dynseo.com\/wp-content\/uploads\/2024\/07\/Article-pour-jeux-de-memoire-et-services-educatifs-sur-tablette-1.png","datePublished":"2025-12-19T11:23:34+00:00","dateModified":"2026-01-09T19:38:02+00:00","description":"Con la ayuda de Suzie, tu entrenadora cerebral, aprovecha un programa de entrenamiento cerebral personalizado para ti, en tu tableta y smartphone. \u00a1Suzie seguir\u00e1 tus progresos!","breadcrumb":{"@id":"https:\/\/www.dynseo.com\/es\/particulares\/#breadcrumb"},"inLanguage":"es","potentialAction":[{"@type":"ReadAction","target":["https:\/\/www.dynseo.com\/es\/particulares\/"]}]},{"@type":"ImageObject","inLanguage":"es","@id":"https:\/\/www.dynseo.com\/es\/particulares\/#primaryimage","url":"https:\/\/www.dynseo.com\/wp-content\/uploads\/2024\/07\/Article-pour-jeux-de-memoire-et-services-educatifs-sur-tablette-1.png","contentUrl":"https:\/\/www.dynseo.com\/wp-content\/uploads\/2024\/07\/Article-pour-jeux-de-memoire-et-services-educatifs-sur-tablette-1.png","width":2000,"height":1500,"caption":"Mant\u00e9n tu agilidad mental con nuestras actividades divertidas y gratificantes"},{"@type":"BreadcrumbList","@id":"https:\/\/www.dynseo.com\/es\/particulares\/#breadcrumb","itemListElement":[{"@type":"ListItem","position":1,"name":"Accueil","item":"https:\/\/www.dynseo.com\/es\/"},{"@type":"ListItem","position":2,"name":"Particulares"}]},{"@type":"WebSite","@id":"https:\/\/www.dynseo.com\/es\/#website","url":"https:\/\/www.dynseo.com\/es\/","name":"Jeux de m\u00e9moire et stimulation cognitive","description":"Entra\u00eenez votre m\u00e9moire et votre cerveau avec DYNSEO","publisher":{"@id":"https:\/\/www.dynseo.com\/es\/#organization"},"potentialAction":[{"@type":"SearchAction","target":{"@type":"EntryPoint","urlTemplate":"https:\/\/www.dynseo.com\/es\/?s={search_term_string}"},"query-input":{"@type":"PropertyValueSpecification","valueRequired":true,"valueName":"search_term_string"}}],"inLanguage":"es"},{"@type":"Organization","@id":"https:\/\/www.dynseo.com\/es\/#organization","name":"DYNSEO","url":"https:\/\/www.dynseo.com\/es\/","logo":{"@type":"ImageObject","inLanguage":"es","@id":"https:\/\/www.dynseo.com\/es\/#\/schema\/logo\/image\/","url":"https:\/\/www.dynseo.com\/wp-content\/uploads\/2022\/05\/logo-dynseo-new.png","contentUrl":"https:\/\/www.dynseo.com\/wp-content\/uploads\/2022\/05\/logo-dynseo-new.png","width":5073,"height":1397,"caption":"DYNSEO"},"image":{"@id":"https:\/\/www.dynseo.com\/es\/#\/schema\/logo\/image\/"}}]}},"_links":{"self":[{"href":"https:\/\/www.dynseo.com\/es\/wp-json\/wp\/v2\/pages\/448258","targetHints":{"allow":["GET"]}}],"collection":[{"href":"https:\/\/www.dynseo.com\/es\/wp-json\/wp\/v2\/pages"}],"about":[{"href":"https:\/\/www.dynseo.com\/es\/wp-json\/wp\/v2\/types\/page"}],"author":[{"embeddable":true,"href":"https:\/\/www.dynseo.com\/es\/wp-json\/wp\/v2\/users\/4"}],"replies":[{"embeddable":true,"href":"https:\/\/www.dynseo.com\/es\/wp-json\/wp\/v2\/comments?post=448258"}],"version-history":[{"count":10,"href":"https:\/\/www.dynseo.com\/es\/wp-json\/wp\/v2\/pages\/448258\/revisions"}],"predecessor-version":[{"id":478632,"href":"https:\/\/www.dynseo.com\/es\/wp-json\/wp\/v2\/pages\/448258\/revisions\/478632"}],"wp:featuredmedia":[{"embeddable":true,"href":"https:\/\/www.dynseo.com\/es\/wp-json\/wp\/v2\/media\/130227"}],"wp:attachment":[{"href":"https:\/\/www.dynseo.com\/es\/wp-json\/wp\/v2\/media?parent=448258"}],"curies":[{"name":"wp","href":"https:\/\/api.w.org\/{rel}","templated":true}]}}