{"id":487482,"date":"2026-01-20T20:15:12","date_gmt":"2026-01-20T19:15:12","guid":{"rendered":"https:\/\/www.dynseo.com\/la-grille-aggir\/"},"modified":"2026-01-20T20:15:12","modified_gmt":"2026-01-20T19:15:12","slug":"la-grille-aggir","status":"publish","type":"page","link":"https:\/\/www.dynseo.com\/es\/la-grille-aggir\/","title":{"rendered":"La grille AGGIR"},"content":{"rendered":"<h2><span style=\"color: #000000;\">La cuadr\u00edcula AGGIR en <a href=\"https:\/\/www.dynseo.com\/es\/innovaciones-en-tabletas-para-servicios-de-asistencia-a-domicilio\/\" title=\"Innovaciones en tabletas para los SSIAD y SAAD\">tableta<\/a> y smartphones<\/span><\/h2>\n<p>La <strong><a href=\"https:\/\/play.google.com\/store\/apps\/details?id=com.dynseo.fr.testgrilleaggir\" target=\"_blank\" rel=\"noopener\">cuadr\u00edcula AGGIR<\/a><\/strong> es una escala de evaluaci\u00f3n que permite evaluar el nivel de autonom\u00eda o dependencia de las personas mayores en la realizaci\u00f3n de tareas y actos de la vida <a href=\"https:\/\/www.dynseo.com\/limpact-de-la-dmla-sur-la-vie-quotidienne-comprendre-gerer-et-vivre-avec\/\" title=\"El Impacto de la DMLA en la vida cotidiana: comprender, gestionar y vivir con\">cotidiana<\/a>. Com\u00fanmente se llama as\u00ed el c\u00e1lculo del GIR.<\/p>\n<p>El modelo AGGIR (Autonom\u00eda Gerontol\u00f3gica y Grupos Iso-Recursos) permite determinar r\u00e1pidamente el nivel de <strong>dependencia<\/strong> y <strong>autonom\u00eda<\/strong> de una <a href=\"https:\/\/www.dynseo.com\/es\/trabajar-con-una-persona-con-sindrome-de-down-consejos-para-una-supervision-efectiva\/\" title=\"Trabajar con una persona con s\u00edndrome de Down: consejos para una supervisi\u00f3n efectiva\">persona<\/a> mayor.<\/p>\n<p>Esto permite determinar:<\/p>\n<p>&#8211; Las indemnizaciones asignadas por el Estado as\u00ed como<\/p>\n<p>&#8211; Las categor\u00edas GIR, que determinan el nivel de seguimiento requerido por una <a href=\"https:\/\/www.dynseo.com\/zh-hans\/%e4%b8%8e%e9%98%bf%e5%b0%94%e8%8c%a8%e6%b5%b7%e9%bb%98%e7%97%85%e6%82%a3%e8%80%85%e5%bb%ba%e7%ab%8b%e8%81%94%e7%b3%bb\/\" title=\"Crear un v\u00ednculo con una persona afectada por la enfermedad de Alzheimer\">persona<\/a> mayor tanto en <a href=\"https:\/\/www.dynseo.com\/zh-hans\/%e5%85%bb%e8%80%81%e9%99%a2%e6%88%96%e5%ae%b6%e5%ba%ad%e6%8a%a4%e7%90%86%ef%bc%9a%e9%80%89%e6%8b%a9%e5%93%aa%e4%ba%9b%e8%a7%a3%e5%86%b3%e6%96%b9%e6%a1%88%ef%bc%9f\/\" title=\"EHPAD o mantenimiento en el hogar: \u00bfqu\u00e9 soluciones elegir?\">EHPAD<\/a> como a <a href=\"https:\/\/www.dynseo.com\/conseils-pour-les-soignants-soutenir-la-reeducation-cognitive-a-domicile-2\/\" title=\"Consejos para cuidadores: apoyar la rehabilitaci\u00f3n cognitiva en casa\">domicilio<\/a>.<\/p>\n<p><img class=\"wp-image-4742 aligncenter\" %%SRC_13%% alt=\"tablette1\" width=\"601\" height=\"533\" \/><\/p>\n<p>Esta cuadr\u00edcula se presenta en forma de cuestionario, permite evaluar y clasificar a los individuos en 3 grandes categor\u00edas:<\/p>\n<ul>\n<li>Ausencia de p\u00e9rdida de autonom\u00eda<\/li>\n<li>P\u00e9rdida de autonom\u00eda parcial<\/li>\n<li>Fuerte p\u00e9rdida de autonom\u00eda<\/li>\n<\/ul>\n<p>y obtener un puntaje GIR, que va de GIR 1 (dependencia total) a GIR 6 (autonom\u00eda total).<\/p>\n<p><img class=\"wp-image-4745 aligncenter\" %%SRC_14%% alt=\"tablette5\" width=\"601\" height=\"533\" \/><\/p>\n<p>Cada respuesta que ingresas se muestra brevemente en la pantalla para permitirte entender mejor <a href=\"https:\/\/www.dynseo.com\/es\/como-cambia-el-cerebro-con-alzheimer-explicacion-simple-y-visual-para-entender-a-su-ser-querido\/\" title=\"C\u00f3mo cambia el cerebro con Alzheimer: explicaci\u00f3n simple y visual para entender a tu ser querido\">el test AGGIR<\/a>.<\/p>\n<p><img class=\"wp-image-4744 aligncenter\" %%SRC_15%% alt=\"tablette4\" width=\"601\" height=\"533\" \/><\/p>\n<p>&nbsp;<\/p>\n<p>Se presenta una explicaci\u00f3n para ayudarte a responder de la mejor manera a cada pregunta.<\/p>\n<p><img class=\"wp-image-4747 aligncenter\" %%SRC_16%% alt=\"La grille AGGIR-joe-edith-app-adulte-application-entrainement-cerebral-coach-jeux-cerebraux-jeu-cognitif-logique-culture-memoire-fun-dynseo-ludique-animation-personnes-agees-alz-alzheimer-activites-senior-activite-seniors-stimulation-tablette-smartphone\" width=\"601\" height=\"533\" \/><\/p>\n<p>La aplicaci\u00f3n es gratuita y permite realizar tantos tests AGGIR como desees, y te ofrece una explicaci\u00f3n detallada de cada uno de los resultados. El resultado del test es visible de inmediato y no se almacena para respetar la confidencialidad de tus datos.<\/p>\n<p><img class=\"wp-image-4749 aligncenter\" %%SRC_17%% alt=\"La grille AGGIR-joe-edith-app-adulte-application-entrainement-cerebral-coach-jeux-cerebraux-jeu-cognitif-logique-culture-memoire-fun-dynseo-ludique-animation-personnes-agees-alz-alzheimer-activites-senior-activite-seniors-stimulation-tablette-smartphone\" width=\"592\" height=\"525\" \/><\/p>\n<p>&nbsp;<\/p>\n<h2><span style=\"color: #000000;\">La cuadr\u00edcula AGGIR tambi\u00e9n disponible en smartphone<\/span><\/h2>\n<p>Tambi\u00e9n puedes realizar tus cuadr\u00edculas AGGIR a trav\u00e9s de tu tel\u00e9fono m\u00f3vil:<\/p>\n<p><img class=\"wp-image-4759 aligncenter\" %%SRC_18%% alt=\"La grille AGGIR-joe-edith-app-adulte-application-entrainement-cerebral-coach-jeux-cerebraux-jeu-cognitif-logique-culture-memoire-fun-dynseo-ludique-animation-personnes-agees-alz-alzheimer-activites-senior-activite-seniors-stimulation-tablette-smartphone\" width=\"266\" height=\"198\" \/><\/p>\n<p><img class=\"wp-image-4760 aligncenter\" %%SRC_19%% alt=\"La grille AGGIR-joe-edith-app-adulte-application-entrainement-cerebral-coach-jeux-cerebraux-jeu-cognitif-logique-culture-memoire-fun-dynseo-ludique-animation-personnes-agees-alz-alzheimer-activites-senior-activite-seniors-stimulation-tablette-smartphone\" width=\"262\" height=\"195\" \/><\/p>\n<p>&nbsp;<\/p>\n<h2><span style=\"color: #000000;\"><strong><a style=\"color: #000000;\" href=\"https:\/\/www.dynseo.com\/es\/la-grille-aggir\/\">Descarga gratis la aplicaci\u00f3n Android<\/a><\/strong><\/span><\/h2>\n<p>&nbsp;<\/p>\n<p><a href=\"https:\/\/play.google.com\/store\/apps\/details?id=com.dynseo.fr.testgrilleaggir\" target=\"_blank\" rel=\"noopener\"><img class=\"wp-image-3272 aligncenter\" %%SRC_20%% alt=\"playstore dynseo\" width=\"97\" height=\"124\" \/><\/a><\/p>\n<p>&nbsp;<\/p>\n<p>&nbsp;<\/p>\n<p>&nbsp;<\/p>\n<h2>Realiza una simulaci\u00f3n en unos clics<\/h2>\n<p>La aplicaci\u00f3n te permite, si lo deseas, realizar una simulaci\u00f3n simple.<\/p>\n<p>Esta simulaci\u00f3n te permitir\u00e1 responder a tus preguntas sobre la autonom\u00eda de una persona mayor. Si tienes en tu entorno a un ser querido, una persona de la que dudas de su autonom\u00eda, es importante posicionarse y hacerse r\u00e1pidamente una idea del nivel de vida de esta persona.<\/p>\n<p>La autonom\u00eda es vital para nosotros, y cada persona la necesita para la higiene, la alimentaci\u00f3n, as\u00ed como para cualquier desplazamiento que implique compras de primera necesidad. Es importante no dejar a una persona sola cuando se duda de su autonom\u00eda: un accidente dom\u00e9stico podr\u00eda ocurrir r\u00e1pidamente y puede resultar grave en algunos casos.<\/p>\n<p>La simulaci\u00f3n <a href=\"https:\/\/www.santeenfrance.fr\/pages\/gir\">c\u00e1lculo del GIR<\/a> es r\u00e1pida, simple y efectiva: as\u00ed sabr\u00e1s si la persona en la que piensas necesita apoyo o la ayuda de un profesional de la salud para asistirla en sus tareas diarias. El resultado de la simulaci\u00f3n es solo a t\u00edtulo indicativo, y seguramente necesitar\u00e1s, tras la recopilaci\u00f3n de informaci\u00f3n, la opini\u00f3n de un profesional.<\/p>\n<p>Se recomienda encarecidamente la ayuda a la persona si tu resultado final indica una dependencia, incluso leve.<\/p>\n<p>[et_pb_code]<script type=\"application\/ld+json\">{\"@context\":\"https:\/\/schema.org\",\"@type\":\"FAQPage\",\"mainEntity\":[{\"@type\":\"Question\",\"name\":\"Qu'est-ce que la grille AGGIR ?\",\"acceptedAnswer\":{\"@type\":\"Answer\",\"text\":\"La grille AGGIR est une \u00e9chelle d'\u00e9valuation permettant d'\u00e9valuer le niveau d'autonomie ou de d\u00e9pendance des personnes \u00e2g\u00e9es dans la r\u00e9alisation des t\u00e2ches et actes de la vie quotidienne. AGGIR signifie Autonomie G\u00e9rontologique et Groupes Iso-Ressources.\"}},{\"@type\":\"Question\",\"name\":\"\u00c0 quoi sert le calcul du GIR ?\",\"acceptedAnswer\":{\"@type\":\"Answer\",\"text\":\"Le calcul du GIR permet de d\u00e9terminer les indemnit\u00e9s allou\u00e9es par l'\u00c9tat ainsi que les cat\u00e9gories GIR, qui d\u00e9terminent le niveau de suivi requis par une personne \u00e2g\u00e9e tant en EHPAD qu'\u00e0 domicile.\"}},{\"@type\":\"Question\",\"name\":\"<a href=\"https:\/\/www.dynseo.com\/quelles-solutions-en-cas-de-perte-daudition\/\" title=\"Quelles solutions en cas de perte d\u2019audition ?\">Quelles<\/a> sont les 3 grandes cat\u00e9gories d'\u00e9valuation de la grille AGGIR ?\",\"acceptedAnswer\":{\"@type\":\"Answer\",\"text\":\"La grille AGGIR classe les individus en 3 grandes cat\u00e9gories : l'absence de perte d'autonomie, la perte d'autonomie partielle, et la forte perte d'autonomie.\"}},{\"@type\":\"Question\",\"name\":\"Comment fonctionne le syst\u00e8me de score GIR ?\",\"acceptedAnswer\":{\"@type\":\"Answer\",\"text\":\"Le score GIR va de GIR 1 (d\u00e9pendance totale) \u00e0 GIR 6 (autonomie totale). Plus le chiffre est bas, plus le niveau de d\u00e9pendance est \u00e9lev\u00e9.\"}},{\"@type\":\"Question\",\"name\":\"L'application de la grille AGGIR est-elle payante ?\",\"acceptedAnswer\":{\"@type\":\"Answer\",\"text\":\"Non, l'application est gratuite et permet d'effectuer autant de tests AGGIR que vous le souhaitez. Elle propose une explication d\u00e9taill\u00e9e de chacun des r\u00e9sultats.\"}},{\"@type\":\"Question\",\"name\":\"Les donn\u00e9es du test AGGIR sont-elles conserv\u00e9es ?\",\"acceptedAnswer\":{\"@type\":\"Answer\",\"text\":\"Non, le r\u00e9sultat du test est imm\u00e9diatement visible et n'est pas stock\u00e9 afin de respecter la confidentialit\u00e9 de vos donn\u00e9es.\"}}]}<\/script>[\/et_pb_code]<\/p>\n","protected":false},"excerpt":{"rendered":"<p>La cuadr\u00edcula AGGIR en tableta y smartphones La cuadr\u00edcula AGGIR es una escala de evaluaci\u00f3n que permite evaluar el nivel de autonom\u00eda o dependencia de las personas mayores en la realizaci\u00f3n de tareas y actos de la vida cotidiana. Com\u00fanmente se llama as\u00ed el c\u00e1lculo del GIR. El modelo AGGIR (Autonom\u00eda Gerontol\u00f3gica y Grupos Iso-Recursos) [&hellip;]<\/p>\n","protected":false},"author":4,"featured_media":3870,"parent":0,"menu_order":0,"comment_status":"closed","ping_status":"closed","template":"","meta":{"_et_pb_use_builder":"","_et_pb_old_content":"","_et_gb_content_width":"","footnotes":""},"class_list":["post-487482","page","type-page","status-publish","has-post-thumbnail","hentry"],"yoast_head":"<!-- This site is optimized with the Yoast SEO plugin v27.4 - https:\/\/yoast.com\/product\/yoast-seo-wordpress\/ -->\n<title>La grille AGGIR - DYNSEO - Aplicaci\u00f3n educativa y juegos de memoria<\/title>\n<meta name=\"robots\" content=\"index, follow, max-snippet:-1, max-image-preview:large, max-video-preview:-1\" \/>\n<link rel=\"canonical\" href=\"https:\/\/www.dynseo.com\/es\/la-grille-aggir\/\" \/>\n<meta property=\"og:locale\" content=\"es_ES\" \/>\n<meta property=\"og:type\" content=\"article\" \/>\n<meta property=\"og:title\" content=\"La grille AGGIR - DYNSEO - Aplicaci\u00f3n educativa y juegos de memoria\" \/>\n<meta property=\"og:description\" content=\"La cuadr\u00edcula AGGIR en tableta y smartphones La cuadr\u00edcula AGGIR es una escala de evaluaci\u00f3n que permite evaluar el nivel de autonom\u00eda o dependencia de las personas mayores en la realizaci\u00f3n de tareas y actos de la vida cotidiana. Com\u00fanmente se llama as\u00ed el c\u00e1lculo del GIR. El modelo AGGIR (Autonom\u00eda Gerontol\u00f3gica y Grupos Iso-Recursos) [&hellip;]\" \/>\n<meta property=\"og:url\" content=\"https:\/\/www.dynseo.com\/es\/la-grille-aggir\/\" \/>\n<meta property=\"og:site_name\" content=\"DYNSEO - Aplicaci\u00f3n educativa y juegos de memoria\" \/>\n<meta property=\"og:image\" content=\"https:\/\/www.dynseo.com\/wp-content\/uploads\/2024\/07\/Article-pour-jeux-de-memoire-et-services-educatifs-sur-tablette-1.png\" \/>\n\t<meta property=\"og:image:width\" content=\"2000\" \/>\n\t<meta property=\"og:image:height\" content=\"1500\" \/>\n\t<meta property=\"og:image:type\" content=\"image\/png\" \/>\n<meta name=\"twitter:label1\" content=\"Tiempo de lectura\" \/>\n\t<meta name=\"twitter:data1\" content=\"3 minutos\" \/>\n<script type=\"application\/ld+json\" class=\"yoast-schema-graph\">{\"@context\":\"https:\\\/\\\/schema.org\",\"@graph\":[{\"@type\":\"WebPage\",\"@id\":\"https:\\\/\\\/www.dynseo.com\\\/es\\\/la-grille-aggir\\\/\",\"url\":\"https:\\\/\\\/www.dynseo.com\\\/es\\\/la-grille-aggir\\\/\",\"name\":\"La grille AGGIR - DYNSEO - Aplicaci\u00f3n educativa y juegos de memoria\",\"isPartOf\":{\"@id\":\"https:\\\/\\\/www.dynseo.com\\\/es\\\/#website\"},\"primaryImageOfPage\":{\"@id\":\"https:\\\/\\\/www.dynseo.com\\\/es\\\/la-grille-aggir\\\/#primaryimage\"},\"image\":{\"@id\":\"https:\\\/\\\/www.dynseo.com\\\/es\\\/la-grille-aggir\\\/#primaryimage\"},\"thumbnailUrl\":\"https:\\\/\\\/www.dynseo.com\\\/wp-content\\\/uploads\\\/2013\\\/06\\\/app-Aggir.png\",\"datePublished\":\"2026-01-20T19:15:12+00:00\",\"breadcrumb\":{\"@id\":\"https:\\\/\\\/www.dynseo.com\\\/es\\\/la-grille-aggir\\\/#breadcrumb\"},\"inLanguage\":\"es\",\"potentialAction\":[{\"@type\":\"ReadAction\",\"target\":[\"https:\\\/\\\/www.dynseo.com\\\/es\\\/la-grille-aggir\\\/\"]}]},{\"@type\":\"ImageObject\",\"inLanguage\":\"es\",\"@id\":\"https:\\\/\\\/www.dynseo.com\\\/es\\\/la-grille-aggir\\\/#primaryimage\",\"url\":\"https:\\\/\\\/www.dynseo.com\\\/wp-content\\\/uploads\\\/2013\\\/06\\\/app-Aggir.png\",\"contentUrl\":\"https:\\\/\\\/www.dynseo.com\\\/wp-content\\\/uploads\\\/2013\\\/06\\\/app-Aggir.png\",\"width\":283,\"height\":283,\"caption\":\"Fortalece la mente con juegos divertidos y desafiantes\"},{\"@type\":\"BreadcrumbList\",\"@id\":\"https:\\\/\\\/www.dynseo.com\\\/es\\\/la-grille-aggir\\\/#breadcrumb\",\"itemListElement\":[{\"@type\":\"ListItem\",\"position\":1,\"name\":\"Accueil\",\"item\":\"https:\\\/\\\/www.dynseo.com\\\/es\\\/\"},{\"@type\":\"ListItem\",\"position\":2,\"name\":\"La grille AGGIR\"}]},{\"@type\":\"WebSite\",\"@id\":\"https:\\\/\\\/www.dynseo.com\\\/es\\\/#website\",\"url\":\"https:\\\/\\\/www.dynseo.com\\\/es\\\/\",\"name\":\"Jeux de m\u00e9moire et stimulation cognitive\",\"description\":\"Entra\u00eenez votre m\u00e9moire et votre cerveau avec DYNSEO\",\"publisher\":{\"@id\":\"https:\\\/\\\/www.dynseo.com\\\/es\\\/#organization\"},\"potentialAction\":[{\"@type\":\"SearchAction\",\"target\":{\"@type\":\"EntryPoint\",\"urlTemplate\":\"https:\\\/\\\/www.dynseo.com\\\/es\\\/?s={search_term_string}\"},\"query-input\":{\"@type\":\"PropertyValueSpecification\",\"valueRequired\":true,\"valueName\":\"search_term_string\"}}],\"inLanguage\":\"es\"},{\"@type\":\"Organization\",\"@id\":\"https:\\\/\\\/www.dynseo.com\\\/es\\\/#organization\",\"name\":\"DYNSEO\",\"url\":\"https:\\\/\\\/www.dynseo.com\\\/es\\\/\",\"logo\":{\"@type\":\"ImageObject\",\"inLanguage\":\"es\",\"@id\":\"https:\\\/\\\/www.dynseo.com\\\/es\\\/#\\\/schema\\\/logo\\\/image\\\/\",\"url\":\"https:\\\/\\\/www.dynseo.com\\\/wp-content\\\/uploads\\\/2022\\\/05\\\/logo-dynseo-new.png\",\"contentUrl\":\"https:\\\/\\\/www.dynseo.com\\\/wp-content\\\/uploads\\\/2022\\\/05\\\/logo-dynseo-new.png\",\"width\":5073,\"height\":1397,\"caption\":\"DYNSEO\"},\"image\":{\"@id\":\"https:\\\/\\\/www.dynseo.com\\\/es\\\/#\\\/schema\\\/logo\\\/image\\\/\"}}]}<\/script>\n<!-- \/ Yoast SEO plugin. -->","yoast_head_json":{"title":"La grille AGGIR - DYNSEO - Aplicaci\u00f3n educativa y juegos de memoria","robots":{"index":"index","follow":"follow","max-snippet":"max-snippet:-1","max-image-preview":"max-image-preview:large","max-video-preview":"max-video-preview:-1"},"canonical":"https:\/\/www.dynseo.com\/es\/la-grille-aggir\/","og_locale":"es_ES","og_type":"article","og_title":"La grille AGGIR - DYNSEO - Aplicaci\u00f3n educativa y juegos de memoria","og_description":"La cuadr\u00edcula AGGIR en tableta y smartphones La cuadr\u00edcula AGGIR es una escala de evaluaci\u00f3n que permite evaluar el nivel de autonom\u00eda o dependencia de las personas mayores en la realizaci\u00f3n de tareas y actos de la vida cotidiana. Com\u00fanmente se llama as\u00ed el c\u00e1lculo del GIR. El modelo AGGIR (Autonom\u00eda Gerontol\u00f3gica y Grupos Iso-Recursos) [&hellip;]","og_url":"https:\/\/www.dynseo.com\/es\/la-grille-aggir\/","og_site_name":"DYNSEO - Aplicaci\u00f3n educativa y juegos de memoria","og_image":[{"width":2000,"height":1500,"url":"https:\/\/www.dynseo.com\/wp-content\/uploads\/2024\/07\/Article-pour-jeux-de-memoire-et-services-educatifs-sur-tablette-1.png","type":"image\/png"}],"twitter_misc":{"Tiempo de lectura":"3 minutos"},"schema":{"@context":"https:\/\/schema.org","@graph":[{"@type":"WebPage","@id":"https:\/\/www.dynseo.com\/es\/la-grille-aggir\/","url":"https:\/\/www.dynseo.com\/es\/la-grille-aggir\/","name":"La grille AGGIR - DYNSEO - Aplicaci\u00f3n educativa y juegos de memoria","isPartOf":{"@id":"https:\/\/www.dynseo.com\/es\/#website"},"primaryImageOfPage":{"@id":"https:\/\/www.dynseo.com\/es\/la-grille-aggir\/#primaryimage"},"image":{"@id":"https:\/\/www.dynseo.com\/es\/la-grille-aggir\/#primaryimage"},"thumbnailUrl":"https:\/\/www.dynseo.com\/wp-content\/uploads\/2013\/06\/app-Aggir.png","datePublished":"2026-01-20T19:15:12+00:00","breadcrumb":{"@id":"https:\/\/www.dynseo.com\/es\/la-grille-aggir\/#breadcrumb"},"inLanguage":"es","potentialAction":[{"@type":"ReadAction","target":["https:\/\/www.dynseo.com\/es\/la-grille-aggir\/"]}]},{"@type":"ImageObject","inLanguage":"es","@id":"https:\/\/www.dynseo.com\/es\/la-grille-aggir\/#primaryimage","url":"https:\/\/www.dynseo.com\/wp-content\/uploads\/2013\/06\/app-Aggir.png","contentUrl":"https:\/\/www.dynseo.com\/wp-content\/uploads\/2013\/06\/app-Aggir.png","width":283,"height":283,"caption":"Fortalece la mente con juegos divertidos y desafiantes"},{"@type":"BreadcrumbList","@id":"https:\/\/www.dynseo.com\/es\/la-grille-aggir\/#breadcrumb","itemListElement":[{"@type":"ListItem","position":1,"name":"Accueil","item":"https:\/\/www.dynseo.com\/es\/"},{"@type":"ListItem","position":2,"name":"La grille AGGIR"}]},{"@type":"WebSite","@id":"https:\/\/www.dynseo.com\/es\/#website","url":"https:\/\/www.dynseo.com\/es\/","name":"Jeux de m\u00e9moire et stimulation cognitive","description":"Entra\u00eenez votre m\u00e9moire et votre cerveau avec DYNSEO","publisher":{"@id":"https:\/\/www.dynseo.com\/es\/#organization"},"potentialAction":[{"@type":"SearchAction","target":{"@type":"EntryPoint","urlTemplate":"https:\/\/www.dynseo.com\/es\/?s={search_term_string}"},"query-input":{"@type":"PropertyValueSpecification","valueRequired":true,"valueName":"search_term_string"}}],"inLanguage":"es"},{"@type":"Organization","@id":"https:\/\/www.dynseo.com\/es\/#organization","name":"DYNSEO","url":"https:\/\/www.dynseo.com\/es\/","logo":{"@type":"ImageObject","inLanguage":"es","@id":"https:\/\/www.dynseo.com\/es\/#\/schema\/logo\/image\/","url":"https:\/\/www.dynseo.com\/wp-content\/uploads\/2022\/05\/logo-dynseo-new.png","contentUrl":"https:\/\/www.dynseo.com\/wp-content\/uploads\/2022\/05\/logo-dynseo-new.png","width":5073,"height":1397,"caption":"DYNSEO"},"image":{"@id":"https:\/\/www.dynseo.com\/es\/#\/schema\/logo\/image\/"}}]}},"_links":{"self":[{"href":"https:\/\/www.dynseo.com\/es\/wp-json\/wp\/v2\/pages\/487482","targetHints":{"allow":["GET"]}}],"collection":[{"href":"https:\/\/www.dynseo.com\/es\/wp-json\/wp\/v2\/pages"}],"about":[{"href":"https:\/\/www.dynseo.com\/es\/wp-json\/wp\/v2\/types\/page"}],"author":[{"embeddable":true,"href":"https:\/\/www.dynseo.com\/es\/wp-json\/wp\/v2\/users\/4"}],"replies":[{"embeddable":true,"href":"https:\/\/www.dynseo.com\/es\/wp-json\/wp\/v2\/comments?post=487482"}],"version-history":[{"count":0,"href":"https:\/\/www.dynseo.com\/es\/wp-json\/wp\/v2\/pages\/487482\/revisions"}],"wp:featuredmedia":[{"embeddable":true,"href":"https:\/\/www.dynseo.com\/es\/wp-json\/wp\/v2\/media\/3870"}],"wp:attachment":[{"href":"https:\/\/www.dynseo.com\/es\/wp-json\/wp\/v2\/media?parent=487482"}],"curies":[{"name":"wp","href":"https:\/\/api.w.org\/{rel}","templated":true}]}}