{"id":488612,"date":"2026-01-24T09:26:43","date_gmt":"2026-01-24T08:26:43","guid":{"rendered":"https:\/\/www.dynseo.com\/le-k-t\/"},"modified":"2026-01-24T09:26:43","modified_gmt":"2026-01-24T08:26:43","slug":"le-k-t","status":"publish","type":"page","link":"https:\/\/www.dynseo.com\/es\/le-k-t\/","title":{"rendered":"Le K.T."},"content":{"rendered":"[tab:K.T. Test d&#8217;attention]\n<p>Le <strong>K.T\u00a0.<\/strong> est un test d&#8217;attention et de rep\u00e9rage pr\u00e9coce des <a href=\"https:\/\/www.dynseo.com\/avancees-dans-le-traitement-des-troubles-cognitifs-post-cancer\/\" title=\"Avanc\u00e9es dans le traitement des troubles cognitifs post-cancer\">troubles cognitifs<\/a>. Ce test est en cours de validation clinique.<\/p>\n<h3><img loading=\"lazy\" decoding=\"async\" class=\"alignnone wp-image-2716 \" src=\"https:\/\/www.dynseo.com\/wp-content\/uploads\/2013\/06\/e-test_v51.jpg\" alt=\"Le K.T.-joe-edith-app-adulte-application-entrainement-cerebral-coach-jeux-cerebraux-jeu-cognitif-logique-culture-memoire-fun-dynseo-ludique-animation-personnes-agees-alz-alzheimer-activites-senior-activite-seniors-stimulation-tablette-smartphone\" width=\"1374\" height=\"458\" srcset=\"https:\/\/www.dynseo.com\/wp-content\/uploads\/2013\/06\/e-test_v51.jpg 1500w, https:\/\/www.dynseo.com\/wp-content\/uploads\/2013\/06\/e-test_v51-600x200.jpg 600w, https:\/\/www.dynseo.com\/wp-content\/uploads\/2013\/06\/e-test_v51-300x100.jpg 300w, https:\/\/www.dynseo.com\/wp-content\/uploads\/2013\/06\/e-test_v51-768x256.jpg 768w, https:\/\/www.dynseo.com\/wp-content\/uploads\/2013\/06\/e-test_v51-1024x341.jpg 1024w\" sizes=\"(max-width: 1374px) 100vw, 1374px\" \/><\/h3>\n<h3>Support<\/h3>\n<p><img loading=\"lazy\" decoding=\"async\" class=\" wp-image-2711 aligncenter\" src=\"https:\/\/www.dynseo.com\/wp-content\/uploads\/2013\/06\/disponible.jpg\" alt=\"Le K.T.-joe-edith-app-adulte-application-entrainement-cerebral-coach-jeux-cerebraux-jeu-cognitif-logique-culture-memoire-fun-dynseo-ludique-animation-personnes-agees-alz-alzheimer-activites-senior-activite-seniors-stimulation-tablette-smartphone\" width=\"301\" height=\"150\" srcset=\"https:\/\/www.dynseo.com\/wp-content\/uploads\/2013\/06\/disponible.jpg 567w, https:\/\/www.dynseo.com\/wp-content\/uploads\/2013\/06\/disponible-300x150.jpg 300w\" sizes=\"(max-width: 301px) 100vw, 301px\" \/><\/p>\n<p>&nbsp;<\/p>\n<pre><\/pre>\n<pre><em>Inspir\u00e9 du test d'attention KT. Halter, C. (1976). Manuel Bruxelles EDITEST.<\/em><\/pre>\n<p>&nbsp;<\/p>\n<pre><em>Ya-Huei Wu et al. Aging, Neuropsychology, and Cognition, 2013<\/em><\/pre>\n<p>&nbsp;<\/p>\n[tab:Le MIS Memory Impairment Screen]\n<p>Le <strong>Memory Impairment Screen (MIS)<\/strong> est un test bref de rappel libre d\u2019une s\u00e9rie de 4 mots d\u00e9velopp\u00e9 par Buschke et al. (1) pour le rep\u00e9rage des syndromes d\u00e9mentiels (DSM-III-R).<\/p>\n<p><img loading=\"lazy\" decoding=\"async\" class=\"alignnone wp-image-2718 \" src=\"https:\/\/www.dynseo.com\/wp-content\/uploads\/2013\/06\/e-test_v6.jpg\" alt=\"Le K.T.-joe-edith-app-adulte-application-entrainement-cerebral-coach-jeux-cerebraux-jeu-cognitif-logique-culture-memoire-fun-dynseo-ludique-animation-personnes-agees-alz-alzheimer-activites-senior-activite-seniors-stimulation-tablette-smartphone\" width=\"1374\" height=\"458\" srcset=\"https:\/\/www.dynseo.com\/wp-content\/uploads\/2013\/06\/e-test_v6.jpg 1500w, https:\/\/www.dynseo.com\/wp-content\/uploads\/2013\/06\/e-test_v6-600x200.jpg 600w, https:\/\/www.dynseo.com\/wp-content\/uploads\/2013\/06\/e-test_v6-300x100.jpg 300w, https:\/\/www.dynseo.com\/wp-content\/uploads\/2013\/06\/e-test_v6-768x256.jpg 768w, https:\/\/www.dynseo.com\/wp-content\/uploads\/2013\/06\/e-test_v6-1024x341.jpg 1024w\" sizes=\"(max-width: 1374px) 100vw, 1374px\" \/><\/p>\n[tab:le MMS version GRECO]\n<p>Test en phase de validation clinique, nous contacter afin d&#8217;en savoir plus.<\/p>\n[tab:le Test des 5 mots du Professeur Dubois]\n<p>Test en phase de validation clinique, nous contacter afin d&#8217;en savoir plus.<\/p>\n[tab:l&#8217;\u00e9chelle de la Mac Nair version GRECO]\n<p>Test en phase de validation clinique, nous contacter afin d&#8217;en savoir plus.<\/p>\n[tab:END]\n<p>[et_pb_code]<script type=\"application\/ld+json\">{\"@context\":\"https:\/\/schema.org\",\"@type\":\"FAQPage\",\"mainEntity\":[{\"@type\":\"Question\",\"name\":\"Qu'est-ce que le test K.T. ?\",\"acceptedAnswer\":{\"@type\":\"Answer\",\"text\":\"Le K.T. est un test d'attention et de rep\u00e9rage pr\u00e9coce des <a href=\"https:\/\/www.dynseo.com\/es\/los-signos-tempranos-de-trastornos-cognitivos-en-la-esclerosis-multiple\/\" title=\"Les signes pr\u00e9coces de troubles cognitifs dans la scl\u00e9rose en plaques\">troubles cognitifs<\/a>. Ce test est actuellement en cours de validation clinique.\"}},{\"@type\":\"Question\",\"name\":\"Sur quoi est bas\u00e9 le test K.T. ?\",\"acceptedAnswer\":{\"@type\":\"Answer\",\"text\":\"Le test K.T. est inspir\u00e9 du test d'attention KT d\u00e9velopp\u00e9 par Halter, C. (1976) et publi\u00e9 dans le Manuel Bruxelles EDITEST, ainsi que des travaux de Ya-Huei Wu et al. publi\u00e9s dans Aging, Neuropsychology, and Cognition en 2013.\"}},{\"@type\":\"Question\",\"name\":\"Qu'est-ce que le Memory Impairment Screen (MIS) ?\",\"acceptedAnswer\":{\"@type\":\"Answer\",\"text\":\"Le Memory Impairment Screen (MIS) est un test bref de rappel libre d'une s\u00e9rie de 4 mots d\u00e9velopp\u00e9 par Buschke et al. pour le rep\u00e9rage des syndromes d\u00e9mentiels selon les crit\u00e8res DSM-III-R.\"}},{\"@type\":\"Question\",\"name\":\"Le test des 5 mots du Professeur Dubois est-il disponible ?\",\"acceptedAnswer\":{\"@type\":\"Answer\",\"text\":\"Le test des 5 mots du Professeur Dubois est actuellement en phase de validation clinique. Pour en savoir plus sur ce test, il faut nous contacter directement.\"}},{\"@type\":\"Question\",\"name\":\"Quel est le statut du MMS version GRECO ?\",\"acceptedAnswer\":{\"@type\":\"Answer\",\"text\":\"Le MMS version GRECO est un test en phase de validation clinique. Pour obtenir plus d'informations \u00e0 son sujet, il est n\u00e9cessaire de nous contacter.\"}},{\"@type\":\"Question\",\"name\":\"Comment obtenir des informations sur l'\u00e9chelle de Mac Nair version GRECO ?\",\"acceptedAnswer\":{\"@type\":\"Answer\",\"text\":\"L'\u00e9chelle de Mac Nair version GRECO est en phase de validation clinique. Pour en savoir plus sur cet outil d'\u00e9valuation, nous contacter est n\u00e9cessaire.\"}}]}<\/script>[\/et_pb_code]<\/p>\n","protected":false},"excerpt":{"rendered":"<p>[tab:K.T. Test d&#8217;attention] Le K.T\u00a0. est un test d&#8217;attention et de rep\u00e9rage pr\u00e9coce des troubles cognitifs. Ce test est en cours de validation clinique. Support &nbsp; Inspir\u00e9 du test d&#8217;attention KT. Halter, C. (1976). Manuel Bruxelles EDITEST. &nbsp; Ya-Huei Wu et al. Aging, Neuropsychology, and Cognition, 2013 &nbsp; [tab:Le MIS Memory Impairment Screen] Le Memory [&hellip;]<\/p>\n","protected":false},"author":4,"featured_media":130227,"parent":0,"menu_order":0,"comment_status":"closed","ping_status":"closed","template":"","meta":{"_et_pb_use_builder":"on","_et_pb_old_content":"","_et_gb_content_width":"","footnotes":""},"class_list":["post-488612","page","type-page","status-publish","has-post-thumbnail","hentry"],"yoast_head":"<!-- This site is optimized with the Yoast SEO plugin v27.4 - https:\/\/yoast.com\/product\/yoast-seo-wordpress\/ -->\n<title>Le K.T. - DYNSEO - Aplicaci\u00f3n educativa y juegos de memoria<\/title>\n<meta name=\"robots\" content=\"index, follow, max-snippet:-1, max-image-preview:large, max-video-preview:-1\" \/>\n<link rel=\"canonical\" href=\"https:\/\/www.dynseo.com\/es\/le-k-t\/\" \/>\n<meta property=\"og:locale\" content=\"es_ES\" \/>\n<meta property=\"og:type\" content=\"article\" \/>\n<meta property=\"og:title\" content=\"Le K.T. - DYNSEO - Aplicaci\u00f3n educativa y juegos de memoria\" \/>\n<meta property=\"og:description\" content=\"[tab:K.T. Test d&#039;attention] Le K.T\u00a0. est un test d&#039;attention et de rep\u00e9rage pr\u00e9coce des troubles cognitifs. Ce test est en cours de validation clinique. Support &nbsp; Inspir\u00e9 du test d&#039;attention KT. Halter, C. (1976). Manuel Bruxelles EDITEST. &nbsp; Ya-Huei Wu et al. Aging, Neuropsychology, and Cognition, 2013 &nbsp; [tab:Le MIS Memory Impairment Screen] Le Memory [&hellip;]\" \/>\n<meta property=\"og:url\" content=\"https:\/\/www.dynseo.com\/es\/le-k-t\/\" \/>\n<meta property=\"og:site_name\" content=\"DYNSEO - Aplicaci\u00f3n educativa y juegos de memoria\" \/>\n<meta property=\"og:image\" content=\"https:\/\/www.dynseo.com\/wp-content\/uploads\/2024\/07\/Article-pour-jeux-de-memoire-et-services-educatifs-sur-tablette-1.png\" \/>\n\t<meta property=\"og:image:width\" content=\"2000\" \/>\n\t<meta property=\"og:image:height\" content=\"1500\" \/>\n\t<meta property=\"og:image:type\" content=\"image\/png\" \/>\n<meta name=\"twitter:label1\" content=\"Tiempo de lectura\" \/>\n\t<meta name=\"twitter:data1\" content=\"1 minuto\" \/>\n<script type=\"application\/ld+json\" class=\"yoast-schema-graph\">{\"@context\":\"https:\\\/\\\/schema.org\",\"@graph\":[{\"@type\":\"WebPage\",\"@id\":\"https:\\\/\\\/www.dynseo.com\\\/es\\\/le-k-t\\\/\",\"url\":\"https:\\\/\\\/www.dynseo.com\\\/es\\\/le-k-t\\\/\",\"name\":\"Le K.T. - DYNSEO - Aplicaci\u00f3n educativa y juegos de memoria\",\"isPartOf\":{\"@id\":\"https:\\\/\\\/www.dynseo.com\\\/es\\\/#website\"},\"primaryImageOfPage\":{\"@id\":\"https:\\\/\\\/www.dynseo.com\\\/es\\\/le-k-t\\\/#primaryimage\"},\"image\":{\"@id\":\"https:\\\/\\\/www.dynseo.com\\\/es\\\/le-k-t\\\/#primaryimage\"},\"thumbnailUrl\":\"https:\\\/\\\/www.dynseo.com\\\/wp-content\\\/uploads\\\/2024\\\/07\\\/Article-pour-jeux-de-memoire-et-services-educatifs-sur-tablette-1.png\",\"datePublished\":\"2026-01-24T08:26:43+00:00\",\"breadcrumb\":{\"@id\":\"https:\\\/\\\/www.dynseo.com\\\/es\\\/le-k-t\\\/#breadcrumb\"},\"inLanguage\":\"es\",\"potentialAction\":[{\"@type\":\"ReadAction\",\"target\":[\"https:\\\/\\\/www.dynseo.com\\\/es\\\/le-k-t\\\/\"]}]},{\"@type\":\"ImageObject\",\"inLanguage\":\"es\",\"@id\":\"https:\\\/\\\/www.dynseo.com\\\/es\\\/le-k-t\\\/#primaryimage\",\"url\":\"https:\\\/\\\/www.dynseo.com\\\/wp-content\\\/uploads\\\/2024\\\/07\\\/Article-pour-jeux-de-memoire-et-services-educatifs-sur-tablette-1.png\",\"contentUrl\":\"https:\\\/\\\/www.dynseo.com\\\/wp-content\\\/uploads\\\/2024\\\/07\\\/Article-pour-jeux-de-memoire-et-services-educatifs-sur-tablette-1.png\",\"width\":2000,\"height\":1500,\"caption\":\"Mant\u00e9n tu agilidad mental con nuestras actividades divertidas y gratificantes\"},{\"@type\":\"BreadcrumbList\",\"@id\":\"https:\\\/\\\/www.dynseo.com\\\/es\\\/le-k-t\\\/#breadcrumb\",\"itemListElement\":[{\"@type\":\"ListItem\",\"position\":1,\"name\":\"Accueil\",\"item\":\"https:\\\/\\\/www.dynseo.com\\\/es\\\/\"},{\"@type\":\"ListItem\",\"position\":2,\"name\":\"Le K.T.\"}]},{\"@type\":\"WebSite\",\"@id\":\"https:\\\/\\\/www.dynseo.com\\\/es\\\/#website\",\"url\":\"https:\\\/\\\/www.dynseo.com\\\/es\\\/\",\"name\":\"Jeux de m\u00e9moire et stimulation cognitive\",\"description\":\"Entra\u00eenez votre m\u00e9moire et votre cerveau avec DYNSEO\",\"publisher\":{\"@id\":\"https:\\\/\\\/www.dynseo.com\\\/es\\\/#organization\"},\"potentialAction\":[{\"@type\":\"SearchAction\",\"target\":{\"@type\":\"EntryPoint\",\"urlTemplate\":\"https:\\\/\\\/www.dynseo.com\\\/es\\\/?s={search_term_string}\"},\"query-input\":{\"@type\":\"PropertyValueSpecification\",\"valueRequired\":true,\"valueName\":\"search_term_string\"}}],\"inLanguage\":\"es\"},{\"@type\":\"Organization\",\"@id\":\"https:\\\/\\\/www.dynseo.com\\\/es\\\/#organization\",\"name\":\"DYNSEO\",\"url\":\"https:\\\/\\\/www.dynseo.com\\\/es\\\/\",\"logo\":{\"@type\":\"ImageObject\",\"inLanguage\":\"es\",\"@id\":\"https:\\\/\\\/www.dynseo.com\\\/es\\\/#\\\/schema\\\/logo\\\/image\\\/\",\"url\":\"https:\\\/\\\/www.dynseo.com\\\/wp-content\\\/uploads\\\/2022\\\/05\\\/logo-dynseo-new.png\",\"contentUrl\":\"https:\\\/\\\/www.dynseo.com\\\/wp-content\\\/uploads\\\/2022\\\/05\\\/logo-dynseo-new.png\",\"width\":5073,\"height\":1397,\"caption\":\"DYNSEO\"},\"image\":{\"@id\":\"https:\\\/\\\/www.dynseo.com\\\/es\\\/#\\\/schema\\\/logo\\\/image\\\/\"}}]}<\/script>\n<!-- \/ Yoast SEO plugin. -->","yoast_head_json":{"title":"Le K.T. - DYNSEO - Aplicaci\u00f3n educativa y juegos de memoria","robots":{"index":"index","follow":"follow","max-snippet":"max-snippet:-1","max-image-preview":"max-image-preview:large","max-video-preview":"max-video-preview:-1"},"canonical":"https:\/\/www.dynseo.com\/es\/le-k-t\/","og_locale":"es_ES","og_type":"article","og_title":"Le K.T. - DYNSEO - Aplicaci\u00f3n educativa y juegos de memoria","og_description":"[tab:K.T. Test d'attention] Le K.T\u00a0. est un test d'attention et de rep\u00e9rage pr\u00e9coce des troubles cognitifs. Ce test est en cours de validation clinique. Support &nbsp; Inspir\u00e9 du test d'attention KT. Halter, C. (1976). Manuel Bruxelles EDITEST. &nbsp; Ya-Huei Wu et al. Aging, Neuropsychology, and Cognition, 2013 &nbsp; [tab:Le MIS Memory Impairment Screen] Le Memory [&hellip;]","og_url":"https:\/\/www.dynseo.com\/es\/le-k-t\/","og_site_name":"DYNSEO - Aplicaci\u00f3n educativa y juegos de memoria","og_image":[{"width":2000,"height":1500,"url":"https:\/\/www.dynseo.com\/wp-content\/uploads\/2024\/07\/Article-pour-jeux-de-memoire-et-services-educatifs-sur-tablette-1.png","type":"image\/png"}],"twitter_misc":{"Tiempo de lectura":"1 minuto"},"schema":{"@context":"https:\/\/schema.org","@graph":[{"@type":"WebPage","@id":"https:\/\/www.dynseo.com\/es\/le-k-t\/","url":"https:\/\/www.dynseo.com\/es\/le-k-t\/","name":"Le K.T. - DYNSEO - Aplicaci\u00f3n educativa y juegos de memoria","isPartOf":{"@id":"https:\/\/www.dynseo.com\/es\/#website"},"primaryImageOfPage":{"@id":"https:\/\/www.dynseo.com\/es\/le-k-t\/#primaryimage"},"image":{"@id":"https:\/\/www.dynseo.com\/es\/le-k-t\/#primaryimage"},"thumbnailUrl":"https:\/\/www.dynseo.com\/wp-content\/uploads\/2024\/07\/Article-pour-jeux-de-memoire-et-services-educatifs-sur-tablette-1.png","datePublished":"2026-01-24T08:26:43+00:00","breadcrumb":{"@id":"https:\/\/www.dynseo.com\/es\/le-k-t\/#breadcrumb"},"inLanguage":"es","potentialAction":[{"@type":"ReadAction","target":["https:\/\/www.dynseo.com\/es\/le-k-t\/"]}]},{"@type":"ImageObject","inLanguage":"es","@id":"https:\/\/www.dynseo.com\/es\/le-k-t\/#primaryimage","url":"https:\/\/www.dynseo.com\/wp-content\/uploads\/2024\/07\/Article-pour-jeux-de-memoire-et-services-educatifs-sur-tablette-1.png","contentUrl":"https:\/\/www.dynseo.com\/wp-content\/uploads\/2024\/07\/Article-pour-jeux-de-memoire-et-services-educatifs-sur-tablette-1.png","width":2000,"height":1500,"caption":"Mant\u00e9n tu agilidad mental con nuestras actividades divertidas y gratificantes"},{"@type":"BreadcrumbList","@id":"https:\/\/www.dynseo.com\/es\/le-k-t\/#breadcrumb","itemListElement":[{"@type":"ListItem","position":1,"name":"Accueil","item":"https:\/\/www.dynseo.com\/es\/"},{"@type":"ListItem","position":2,"name":"Le K.T."}]},{"@type":"WebSite","@id":"https:\/\/www.dynseo.com\/es\/#website","url":"https:\/\/www.dynseo.com\/es\/","name":"Jeux de m\u00e9moire et stimulation cognitive","description":"Entra\u00eenez votre m\u00e9moire et votre cerveau avec DYNSEO","publisher":{"@id":"https:\/\/www.dynseo.com\/es\/#organization"},"potentialAction":[{"@type":"SearchAction","target":{"@type":"EntryPoint","urlTemplate":"https:\/\/www.dynseo.com\/es\/?s={search_term_string}"},"query-input":{"@type":"PropertyValueSpecification","valueRequired":true,"valueName":"search_term_string"}}],"inLanguage":"es"},{"@type":"Organization","@id":"https:\/\/www.dynseo.com\/es\/#organization","name":"DYNSEO","url":"https:\/\/www.dynseo.com\/es\/","logo":{"@type":"ImageObject","inLanguage":"es","@id":"https:\/\/www.dynseo.com\/es\/#\/schema\/logo\/image\/","url":"https:\/\/www.dynseo.com\/wp-content\/uploads\/2022\/05\/logo-dynseo-new.png","contentUrl":"https:\/\/www.dynseo.com\/wp-content\/uploads\/2022\/05\/logo-dynseo-new.png","width":5073,"height":1397,"caption":"DYNSEO"},"image":{"@id":"https:\/\/www.dynseo.com\/es\/#\/schema\/logo\/image\/"}}]}},"_links":{"self":[{"href":"https:\/\/www.dynseo.com\/es\/wp-json\/wp\/v2\/pages\/488612","targetHints":{"allow":["GET"]}}],"collection":[{"href":"https:\/\/www.dynseo.com\/es\/wp-json\/wp\/v2\/pages"}],"about":[{"href":"https:\/\/www.dynseo.com\/es\/wp-json\/wp\/v2\/types\/page"}],"author":[{"embeddable":true,"href":"https:\/\/www.dynseo.com\/es\/wp-json\/wp\/v2\/users\/4"}],"replies":[{"embeddable":true,"href":"https:\/\/www.dynseo.com\/es\/wp-json\/wp\/v2\/comments?post=488612"}],"version-history":[{"count":0,"href":"https:\/\/www.dynseo.com\/es\/wp-json\/wp\/v2\/pages\/488612\/revisions"}],"wp:featuredmedia":[{"embeddable":true,"href":"https:\/\/www.dynseo.com\/es\/wp-json\/wp\/v2\/media\/130227"}],"wp:attachment":[{"href":"https:\/\/www.dynseo.com\/es\/wp-json\/wp\/v2\/media?parent=488612"}],"curies":[{"name":"wp","href":"https:\/\/api.w.org\/{rel}","templated":true}]}}