{"id":419777,"date":"2025-11-10T15:47:16","date_gmt":"2025-11-10T14:47:16","guid":{"rendered":"https:\/\/www.dynseo.com\/produit\/autismo-en-la-edad-adulta-claves-para-apoyar-y-promover-la-independencia\/"},"modified":"2025-11-12T18:01:38","modified_gmt":"2025-11-12T17:01:38","slug":"autismo-en-la-edad-adulta-claves-para-apoyar-y-promover-la-independencia","status":"publish","type":"product","link":"https:\/\/www.dynseo.com\/es\/produit\/autismo-en-la-edad-adulta-claves-para-apoyar-y-promover-la-independencia\/","title":{"rendered":"Autismo en la edad adulta: claves para apoyar y promover la independencia"},"content":{"rendered":"<p data-start=\"120\" data-end=\"660\">Este curso te proporcionar\u00e1 una comprensi\u00f3n clara del autismo en la edad adulta y su repercusi\u00f3n en la vida cotidiana, el trabajo y las relaciones. Aprender\u00e1s a identificar las necesidades espec\u00edficas de los adultos autistas, a apoyar su autonom\u00eda sin infantilizarlos, y a crear un entorno propicio para su bienestar. Gracias a consejos pr\u00e1cticos y herramientas concretas, podr\u00e1s apoyar a los adultos autistas en sus proyectos de vida, su integraci\u00f3n social y su equilibrio personal.<\/p>\n<h3 data-start=\"662\" data-end=\"693\">Objetivos de la formaci\u00f3n<\/h3>\n<ul data-start=\"694\" data-end=\"1499\">\n<li data-start=\"694\" data-end=\"796\">\n<p data-start=\"696\" data-end=\"796\">Comprender el autismo en la edad adulta: diversidad de perfiles, retos profesionales y relacionales.<\/p>\n<\/li>\n<li data-start=\"797\" data-end=\"929\">\n<p data-start=\"799\" data-end=\"929\">Identificar las necesidades espec\u00edficas de apoyo: entorno adaptado, apoyo organizativo, red social de cuidados.<\/p>\n<\/li>\n<li data-start=\"930\" data-end=\"1003\">\n<p data-start=\"932\" data-end=\"1003\">Desarrollar estrategias de comunicaci\u00f3n adecuadas y respetuosas.<\/p>\n<\/li>\n<li data-start=\"1004\" data-end=\"1106\">\n<p data-start=\"1006\" data-end=\"1106\">Establecer un equilibrio en la vida cotidiana: obligaciones, descanso, ocio, necesidades sensoriales.<\/p>\n<\/li>\n<li data-start=\"1107\" data-end=\"1208\">\n<p data-start=\"1109\" data-end=\"1208\">Valorar las pasiones y los intereses como palancas de motivaci\u00f3n e integraci\u00f3n social.<\/p>\n<\/li>\n<li data-start=\"1209\" data-end=\"1294\">\n<p data-start=\"1211\" data-end=\"1294\">Apoyar a los adultos sin infantilizarlos, respetando su autonom\u00eda e identidad.<\/p>\n<\/li>\n<li data-start=\"1295\" data-end=\"1349\">\n<p data-start=\"1297\" data-end=\"1349\">Evita el aislamiento y aumenta la autoestima.<\/p>\n<\/li>\n<li data-start=\"1350\" data-end=\"1499\">\n<p data-start=\"1352\" data-end=\"1499\">Descubre c\u00f3mo las aplicaciones <strong data-start=\"1387\" data-end=\"1397\">DYNSEO<\/strong> (en particular <strong data-start=\"1409\" data-end=\"1416\">JOE<\/strong>) pueden estimular la cognici\u00f3n, fomentar la independencia y aumentar la confianza.<\/p>\n<\/li>\n<\/ul>\n<p data-start=\"1501\" data-end=\"1748\">Se hace hincapi\u00e9 en la autonom\u00eda, la autoestima y la inclusi\u00f3n social de los adultos autistas. Te ir\u00e1s con soluciones pr\u00e1cticas para apoyar a tu ser querido o a tus usuarios en su d\u00eda a d\u00eda de forma respetuosa, cari\u00f1osa y eficaz.<\/p>\n","protected":false},"excerpt":{"rendered":"<p>Este curso te proporcionar\u00e1 una comprensi\u00f3n clara del autismo en la edad adulta y su repercusi\u00f3n en la vida cotidiana, el trabajo y las relaciones. Aprender\u00e1s a identificar las necesidades espec\u00edficas de los adultos autistas, a apoyar su autonom\u00eda sin infantilizarlos, y a crear un entorno propicio para su bienestar. Gracias a consejos pr\u00e1cticos y [&hellip;]<\/p>\n","protected":false},"featured_media":419962,"comment_status":"open","ping_status":"closed","template":"","meta":{"_et_pb_use_builder":"","_et_pb_old_content":"","_et_gb_content_width":""},"product_brand":[],"product_cat":[],"product_tag":[],"class_list":{"0":"post-419777","1":"product","2":"type-product","3":"status-publish","4":"has-post-thumbnail","7":"first","8":"instock","9":"virtual","10":"taxable","11":"purchasable","12":"product-type-simple"},"yoast_head":"<!-- This site is optimized with the Yoast SEO plugin v27.5 - https:\/\/yoast.com\/product\/yoast-seo-wordpress\/ -->\n<title>Autismo en la edad adulta: claves para apoyar y prom... #2<\/title>\n<meta name=\"robots\" content=\"index, follow, max-snippet:-1, max-image-preview:large, max-video-preview:-1\" \/>\n<link rel=\"canonical\" href=\"https:\/\/www.dynseo.com\/es\/produit\/autismo-en-la-edad-adulta-claves-para-apoyar-y-promover-la-independencia\/\" \/>\n<meta property=\"og:locale\" content=\"es_ES\" \/>\n<meta property=\"og:type\" content=\"article\" \/>\n<meta property=\"og:title\" content=\"Autismo en la edad adulta: claves para apoyar y prom... #2\" \/>\n<meta property=\"og:description\" content=\"Este curso te proporcionar\u00e1 una comprensi\u00f3n clara del autismo en la edad adulta y su repercusi\u00f3n en la vida cotidiana, el trabajo y las relaciones. Aprender\u00e1s a identificar las necesidades espec\u00edficas de los adultos autistas, a apoyar su autonom\u00eda sin infantilizarlos, y a crear un entorno propicio para su bienestar. Gracias a consejos pr\u00e1cticos y [&hellip;]\" \/>\n<meta property=\"og:url\" content=\"https:\/\/www.dynseo.com\/es\/produit\/autismo-en-la-edad-adulta-claves-para-apoyar-y-promover-la-independencia\/\" \/>\n<meta property=\"og:site_name\" content=\"DYNSEO - Aplicaci\u00f3n educativa y juegos de memoria\" \/>\n<meta property=\"article:modified_time\" content=\"2025-11-12T17:01:38+00:00\" \/>\n<meta property=\"og:image\" content=\"https:\/\/www.dynseo.com\/wp-content\/uploads\/2025\/11\/Autisme-a\u0300-la\u0302ge-adulte-_-cle\u0301s-pour-soutenir-et-favoriser-lautonomie.png\" \/>\n\t<meta property=\"og:image:width\" content=\"688\" \/>\n\t<meta property=\"og:image:height\" content=\"600\" \/>\n\t<meta property=\"og:image:type\" content=\"image\/png\" \/>\n<meta name=\"twitter:label1\" content=\"Tiempo de lectura\" \/>\n\t<meta name=\"twitter:data1\" content=\"2 minutos\" \/>\n<script type=\"application\/ld+json\" class=\"yoast-schema-graph\">{\"@context\":\"https:\\\/\\\/schema.org\",\"@graph\":[{\"@type\":\"WebPage\",\"@id\":\"https:\\\/\\\/www.dynseo.com\\\/es\\\/produit\\\/autismo-en-la-edad-adulta-claves-para-apoyar-y-promover-la-independencia\\\/\",\"url\":\"https:\\\/\\\/www.dynseo.com\\\/es\\\/produit\\\/autismo-en-la-edad-adulta-claves-para-apoyar-y-promover-la-independencia\\\/\",\"name\":\"Autismo en la edad adulta: claves para apoyar y prom... #2\",\"isPartOf\":{\"@id\":\"https:\\\/\\\/www.dynseo.com\\\/es\\\/#website\"},\"primaryImageOfPage\":{\"@id\":\"https:\\\/\\\/www.dynseo.com\\\/es\\\/produit\\\/autismo-en-la-edad-adulta-claves-para-apoyar-y-promover-la-independencia\\\/#primaryimage\"},\"image\":{\"@id\":\"https:\\\/\\\/www.dynseo.com\\\/es\\\/produit\\\/autismo-en-la-edad-adulta-claves-para-apoyar-y-promover-la-independencia\\\/#primaryimage\"},\"thumbnailUrl\":\"https:\\\/\\\/www.dynseo.com\\\/wp-content\\\/uploads\\\/2025\\\/11\\\/Autisme-a\u0300-la\u0302ge-adulte-_-cle\u0301s-pour-soutenir-et-favoriser-lautonomie.png\",\"datePublished\":\"2025-11-10T14:47:16+00:00\",\"dateModified\":\"2025-11-12T17:01:38+00:00\",\"breadcrumb\":{\"@id\":\"https:\\\/\\\/www.dynseo.com\\\/es\\\/produit\\\/autismo-en-la-edad-adulta-claves-para-apoyar-y-promover-la-independencia\\\/#breadcrumb\"},\"inLanguage\":\"es\",\"potentialAction\":[{\"@type\":\"ReadAction\",\"target\":[\"https:\\\/\\\/www.dynseo.com\\\/es\\\/produit\\\/autismo-en-la-edad-adulta-claves-para-apoyar-y-promover-la-independencia\\\/\"]}]},{\"@type\":\"ImageObject\",\"inLanguage\":\"es\",\"@id\":\"https:\\\/\\\/www.dynseo.com\\\/es\\\/produit\\\/autismo-en-la-edad-adulta-claves-para-apoyar-y-promover-la-independencia\\\/#primaryimage\",\"url\":\"https:\\\/\\\/www.dynseo.com\\\/wp-content\\\/uploads\\\/2025\\\/11\\\/Autisme-a\u0300-la\u0302ge-adulte-_-cle\u0301s-pour-soutenir-et-favoriser-lautonomie.png\",\"contentUrl\":\"https:\\\/\\\/www.dynseo.com\\\/wp-content\\\/uploads\\\/2025\\\/11\\\/Autisme-a\u0300-la\u0302ge-adulte-_-cle\u0301s-pour-soutenir-et-favoriser-lautonomie.png\",\"width\":688,\"height\":600,\"caption\":\"Desaf\u00edos l\u00fadicos para un desarrollo saludable\"},{\"@type\":\"BreadcrumbList\",\"@id\":\"https:\\\/\\\/www.dynseo.com\\\/es\\\/produit\\\/autismo-en-la-edad-adulta-claves-para-apoyar-y-promover-la-independencia\\\/#breadcrumb\",\"itemListElement\":[{\"@type\":\"ListItem\",\"position\":1,\"name\":\"Accueil\",\"item\":\"https:\\\/\\\/www.dynseo.com\\\/es\\\/\"},{\"@type\":\"ListItem\",\"position\":2,\"name\":\"Tienda\",\"item\":\"https:\\\/\\\/www.dynseo.com\\\/es\\\/tienda\\\/\"},{\"@type\":\"ListItem\",\"position\":3,\"name\":\"Autismo en la edad adulta: claves para apoyar y promover la independencia\"}]},{\"@type\":\"WebSite\",\"@id\":\"https:\\\/\\\/www.dynseo.com\\\/es\\\/#website\",\"url\":\"https:\\\/\\\/www.dynseo.com\\\/es\\\/\",\"name\":\"Jeux de m\u00e9moire et stimulation cognitive\",\"description\":\"Entra\u00eenez votre m\u00e9moire et votre cerveau avec DYNSEO\",\"publisher\":{\"@id\":\"https:\\\/\\\/www.dynseo.com\\\/es\\\/#organization\"},\"potentialAction\":[{\"@type\":\"SearchAction\",\"target\":{\"@type\":\"EntryPoint\",\"urlTemplate\":\"https:\\\/\\\/www.dynseo.com\\\/es\\\/?s={search_term_string}\"},\"query-input\":{\"@type\":\"PropertyValueSpecification\",\"valueRequired\":true,\"valueName\":\"search_term_string\"}}],\"inLanguage\":\"es\"},{\"@type\":\"Organization\",\"@id\":\"https:\\\/\\\/www.dynseo.com\\\/es\\\/#organization\",\"name\":\"DYNSEO\",\"url\":\"https:\\\/\\\/www.dynseo.com\\\/es\\\/\",\"logo\":{\"@type\":\"ImageObject\",\"inLanguage\":\"es\",\"@id\":\"https:\\\/\\\/www.dynseo.com\\\/es\\\/#\\\/schema\\\/logo\\\/image\\\/\",\"url\":\"https:\\\/\\\/www.dynseo.com\\\/wp-content\\\/uploads\\\/2022\\\/05\\\/logo-dynseo-new.png\",\"contentUrl\":\"https:\\\/\\\/www.dynseo.com\\\/wp-content\\\/uploads\\\/2022\\\/05\\\/logo-dynseo-new.png\",\"width\":5073,\"height\":1397,\"caption\":\"DYNSEO\"},\"image\":{\"@id\":\"https:\\\/\\\/www.dynseo.com\\\/es\\\/#\\\/schema\\\/logo\\\/image\\\/\"}}]}<\/script>\n<!-- \/ Yoast SEO plugin. -->","yoast_head_json":{"title":"Autismo en la edad adulta: claves para apoyar y prom... #2","robots":{"index":"index","follow":"follow","max-snippet":"max-snippet:-1","max-image-preview":"max-image-preview:large","max-video-preview":"max-video-preview:-1"},"canonical":"https:\/\/www.dynseo.com\/es\/produit\/autismo-en-la-edad-adulta-claves-para-apoyar-y-promover-la-independencia\/","og_locale":"es_ES","og_type":"article","og_title":"Autismo en la edad adulta: claves para apoyar y prom... #2","og_description":"Este curso te proporcionar\u00e1 una comprensi\u00f3n clara del autismo en la edad adulta y su repercusi\u00f3n en la vida cotidiana, el trabajo y las relaciones. Aprender\u00e1s a identificar las necesidades espec\u00edficas de los adultos autistas, a apoyar su autonom\u00eda sin infantilizarlos, y a crear un entorno propicio para su bienestar. Gracias a consejos pr\u00e1cticos y [&hellip;]","og_url":"https:\/\/www.dynseo.com\/es\/produit\/autismo-en-la-edad-adulta-claves-para-apoyar-y-promover-la-independencia\/","og_site_name":"DYNSEO - Aplicaci\u00f3n educativa y juegos de memoria","article_modified_time":"2025-11-12T17:01:38+00:00","og_image":[{"width":688,"height":600,"url":"https:\/\/www.dynseo.com\/wp-content\/uploads\/2025\/11\/Autisme-a\u0300-la\u0302ge-adulte-_-cle\u0301s-pour-soutenir-et-favoriser-lautonomie.png","type":"image\/png"}],"twitter_misc":{"Tiempo de lectura":"2 minutos"},"schema":{"@context":"https:\/\/schema.org","@graph":[{"@type":"WebPage","@id":"https:\/\/www.dynseo.com\/es\/produit\/autismo-en-la-edad-adulta-claves-para-apoyar-y-promover-la-independencia\/","url":"https:\/\/www.dynseo.com\/es\/produit\/autismo-en-la-edad-adulta-claves-para-apoyar-y-promover-la-independencia\/","name":"Autismo en la edad adulta: claves para apoyar y prom... #2","isPartOf":{"@id":"https:\/\/www.dynseo.com\/es\/#website"},"primaryImageOfPage":{"@id":"https:\/\/www.dynseo.com\/es\/produit\/autismo-en-la-edad-adulta-claves-para-apoyar-y-promover-la-independencia\/#primaryimage"},"image":{"@id":"https:\/\/www.dynseo.com\/es\/produit\/autismo-en-la-edad-adulta-claves-para-apoyar-y-promover-la-independencia\/#primaryimage"},"thumbnailUrl":"https:\/\/www.dynseo.com\/wp-content\/uploads\/2025\/11\/Autisme-a\u0300-la\u0302ge-adulte-_-cle\u0301s-pour-soutenir-et-favoriser-lautonomie.png","datePublished":"2025-11-10T14:47:16+00:00","dateModified":"2025-11-12T17:01:38+00:00","breadcrumb":{"@id":"https:\/\/www.dynseo.com\/es\/produit\/autismo-en-la-edad-adulta-claves-para-apoyar-y-promover-la-independencia\/#breadcrumb"},"inLanguage":"es","potentialAction":[{"@type":"ReadAction","target":["https:\/\/www.dynseo.com\/es\/produit\/autismo-en-la-edad-adulta-claves-para-apoyar-y-promover-la-independencia\/"]}]},{"@type":"ImageObject","inLanguage":"es","@id":"https:\/\/www.dynseo.com\/es\/produit\/autismo-en-la-edad-adulta-claves-para-apoyar-y-promover-la-independencia\/#primaryimage","url":"https:\/\/www.dynseo.com\/wp-content\/uploads\/2025\/11\/Autisme-a\u0300-la\u0302ge-adulte-_-cle\u0301s-pour-soutenir-et-favoriser-lautonomie.png","contentUrl":"https:\/\/www.dynseo.com\/wp-content\/uploads\/2025\/11\/Autisme-a\u0300-la\u0302ge-adulte-_-cle\u0301s-pour-soutenir-et-favoriser-lautonomie.png","width":688,"height":600,"caption":"Desaf\u00edos l\u00fadicos para un desarrollo saludable"},{"@type":"BreadcrumbList","@id":"https:\/\/www.dynseo.com\/es\/produit\/autismo-en-la-edad-adulta-claves-para-apoyar-y-promover-la-independencia\/#breadcrumb","itemListElement":[{"@type":"ListItem","position":1,"name":"Accueil","item":"https:\/\/www.dynseo.com\/es\/"},{"@type":"ListItem","position":2,"name":"Tienda","item":"https:\/\/www.dynseo.com\/es\/tienda\/"},{"@type":"ListItem","position":3,"name":"Autismo en la edad adulta: claves para apoyar y promover la independencia"}]},{"@type":"WebSite","@id":"https:\/\/www.dynseo.com\/es\/#website","url":"https:\/\/www.dynseo.com\/es\/","name":"Jeux de m\u00e9moire et stimulation cognitive","description":"Entra\u00eenez votre m\u00e9moire et votre cerveau avec DYNSEO","publisher":{"@id":"https:\/\/www.dynseo.com\/es\/#organization"},"potentialAction":[{"@type":"SearchAction","target":{"@type":"EntryPoint","urlTemplate":"https:\/\/www.dynseo.com\/es\/?s={search_term_string}"},"query-input":{"@type":"PropertyValueSpecification","valueRequired":true,"valueName":"search_term_string"}}],"inLanguage":"es"},{"@type":"Organization","@id":"https:\/\/www.dynseo.com\/es\/#organization","name":"DYNSEO","url":"https:\/\/www.dynseo.com\/es\/","logo":{"@type":"ImageObject","inLanguage":"es","@id":"https:\/\/www.dynseo.com\/es\/#\/schema\/logo\/image\/","url":"https:\/\/www.dynseo.com\/wp-content\/uploads\/2022\/05\/logo-dynseo-new.png","contentUrl":"https:\/\/www.dynseo.com\/wp-content\/uploads\/2022\/05\/logo-dynseo-new.png","width":5073,"height":1397,"caption":"DYNSEO"},"image":{"@id":"https:\/\/www.dynseo.com\/es\/#\/schema\/logo\/image\/"}}]}},"_links":{"self":[{"href":"https:\/\/www.dynseo.com\/es\/wp-json\/wp\/v2\/product\/419777","targetHints":{"allow":["GET"]}}],"collection":[{"href":"https:\/\/www.dynseo.com\/es\/wp-json\/wp\/v2\/product"}],"about":[{"href":"https:\/\/www.dynseo.com\/es\/wp-json\/wp\/v2\/types\/product"}],"replies":[{"embeddable":true,"href":"https:\/\/www.dynseo.com\/es\/wp-json\/wp\/v2\/comments?post=419777"}],"wp:featuredmedia":[{"embeddable":true,"href":"https:\/\/www.dynseo.com\/es\/wp-json\/wp\/v2\/media\/419962"}],"wp:attachment":[{"href":"https:\/\/www.dynseo.com\/es\/wp-json\/wp\/v2\/media?parent=419777"}],"wp:term":[{"taxonomy":"product_brand","embeddable":true,"href":"https:\/\/www.dynseo.com\/es\/wp-json\/wp\/v2\/product_brand?post=419777"},{"taxonomy":"product_cat","embeddable":true,"href":"https:\/\/www.dynseo.com\/es\/wp-json\/wp\/v2\/product_cat?post=419777"},{"taxonomy":"product_tag","embeddable":true,"href":"https:\/\/www.dynseo.com\/es\/wp-json\/wp\/v2\/product_tag?post=419777"}],"curies":[{"name":"wp","href":"https:\/\/api.w.org\/{rel}","templated":true}]}}