{"id":419781,"date":"2025-11-10T15:53:56","date_gmt":"2025-11-10T14:53:56","guid":{"rendered":"https:\/\/www.dynseo.com\/produit\/trastornos-dys-en-la-edad-adulta-mejor-comprension-y-adaptacion\/"},"modified":"2025-11-12T18:00:53","modified_gmt":"2025-11-12T17:00:53","slug":"trastornos-dys-en-la-edad-adulta-mejor-comprension-y-adaptacion","status":"publish","type":"product","link":"https:\/\/www.dynseo.com\/es\/produit\/trastornos-dys-en-la-edad-adulta-mejor-comprension-y-adaptacion\/","title":{"rendered":"Trastornos DYS en la edad adulta: mejor comprensi\u00f3n y adaptaci\u00f3n"},"content":{"rendered":"<article class=\"text-token-text-primary w-full focus:outline-none scroll-mt-[calc(var(--header-height)+min(200px,max(70px,20svh)))]\" dir=\"auto\" data-turn-id=\"c6dea073-3317-4aa3-9eef-c8009b4050fd\" data-testid=\"conversation-turn-108\" data-scroll-anchor=\"true\" data-turn=\"assistant\">\n<div class=\"text-base my-auto mx-auto pb-10 [--thread-content-margin:--spacing(4)] thread-sm:[--thread-content-margin:--spacing(6)] thread-lg:[--thread-content-margin:--spacing(16)] px-(--thread-content-margin)\">\n<div class=\"[--thread-content-max-width:40rem] thread-sm:[--thread-content-max-width:40rem] thread-lg:[--thread-content-max-width:48rem] mx-auto max-w-(--thread-content-max-width) flex-1 group\/turn-messages focus-visible:outline-hidden relative flex w-full min-w-0 flex-col agent-turn\">\n<div class=\"flex max-w-full flex-col grow\">\n<div class=\"min-h-8 text-message relative flex w-full flex-col items-end gap-2 text-start break-words whitespace-normal [.text-message+&amp;]:mt-5\" dir=\"auto\" data-message-author-role=\"assistant\" data-message-id=\"c3e2ba95-ab00-426b-8d04-a69d342ccb28\" data-message-model-slug=\"gpt-5-thinking\">\n<div class=\"flex w-full flex-col gap-1 empty:hidden first:pt-[3px]\">\n<div class=\"markdown prose dark:prose-invert w-full break-words light markdown-new-styling\">\n<p data-start=\"137\" data-end=\"666\">En la edad adulta, los trastornos DYS (dislexia, disortograf\u00eda, discalculia, dispraxia, disfasia) no desaparecen: se <strong data-start=\"282\" data-end=\"298\">transforman<\/strong>. Pueden afectar al trabajo (escritura, reuniones, organizaci\u00f3n), a la vida cotidiana (papeleo, planificaci\u00f3n) y a la autoestima. Este curso proporciona <strong data-start=\"459\" data-end=\"478\">pautas sencillas<\/strong> para comprender estas caracter\u00edsticas espec\u00edficas, detectar los <strong data-start=\"525\" data-end=\"544\">signos concretos<\/strong> y poner en pr\u00e1ctica <strong data-start=\"568\" data-end=\"593\">adaptaciones eficaces<\/strong> en casa y en el trabajo, sin sobrecargar a la persona ni a quienes la rodean.<\/p>\n<p data-start=\"668\" data-end=\"853\"><strong data-start=\"668\" data-end=\"682\">\u00bfA qui\u00e9n va dirigido?<\/strong><br data-start=\"682\" data-end=\"685\" \/>Familias y parientes, c\u00f3nyuges, cuidadores&#8230; y adultos con dislexia que quieran aprender m\u00e1s sobre s\u00ed mismos y dotarse de las herramientas que necesitan.<br data-start=\"790\" data-end=\"793\" \/>Sin requisitos previos; enfoque atento y centrado en las soluciones.<\/p>\n<p data-start=\"855\" data-end=\"888\"><strong data-start=\"855\" data-end=\"886\">Lo que aprender\u00e1s<\/strong><\/p>\n<ul data-start=\"889\" data-end=\"1888\">\n<li data-start=\"889\" data-end=\"1008\">\n<p data-start=\"891\" data-end=\"1008\">Una <strong data-start=\"900\" data-end=\"920\">visi\u00f3n general del TGD<\/strong> en la edad adulta: formas aisladas\/asociadas, intensidad, <strong data-start=\"975\" data-end=\"1005\">estrategias compensatorias<\/strong>.<\/p>\n<\/li>\n<li data-start=\"1009\" data-end=\"1172\">\n<p data-start=\"1011\" data-end=\"1172\">Comprender el <strong data-start=\"1026\" data-end=\"1048\">impacto en el trabajo<\/strong>: escritura (correos electr\u00f3nicos, archivos), comunicaci\u00f3n (reuniones, hablar), <strong data-start=\"1120\" data-end=\"1150\">organizaci\u00f3n\/planificaci\u00f3n<\/strong>, fatiga cognitiva.<\/p>\n<\/li>\n<li data-start=\"1173\" data-end=\"1287\">\n<p data-start=\"1175\" data-end=\"1287\">Identifica los <strong data-start=\"1187\" data-end=\"1219\">retos sociales y emocionales<\/strong>: confianza en uno mismo, miedo a ser juzgado, estr\u00e9s, riesgo de aislamiento.<\/p>\n<\/li>\n<li data-start=\"1288\" data-end=\"1458\">\n<p data-start=\"1290\" data-end=\"1458\">Poner en marcha <strong data-start=\"1310\" data-end=\"1329\">herramientas pr\u00e1cticas<\/strong>: dictado por voz, correctores, reproducci\u00f3n de audio, mapas mentales, aplicaciones de tareas <strong data-start=\"1408\" data-end=\"1455\">, codificaci\u00f3n por colores, listas de control, divisi\u00f3n<\/strong>.<\/p>\n<\/li>\n<li data-start=\"1459\" data-end=\"1592\">\n<p data-start=\"1461\" data-end=\"1592\">Valorar <strong data-start=\"1475\" data-end=\"1485\">los puntos fuertes<\/strong>: creatividad, visi\u00f3n global, perseverancia, empat\u00eda&#8230; y aprender a <strong data-start=\"1570\" data-end=\"1589\">ponerlos en primer plano<\/strong>.<\/p>\n<\/li>\n<li data-start=\"1593\" data-end=\"1743\">\n<p data-start=\"1595\" data-end=\"1743\">Adopta <strong data-start=\"1607\" data-end=\"1630\">estrategias sostenibles<\/strong>: antic\u00edpate, prep\u00e1rate, pide ajustes razonables, respeta tus l\u00edmites, incluye <strong data-start=\"1730\" data-end=\"1740\">descansos<\/strong>.<\/p>\n<\/li>\n<li data-start=\"1744\" data-end=\"1888\">\n<p data-start=\"1746\" data-end=\"1888\">Implica a las<strong data-start=\"1758\" data-end=\"1771\">personas de tu entorno<\/strong> (familia, compa\u00f1eros): adaptaciones sencillas, instrucciones claras, clima de confianza, <strong data-start=\"1856\" data-end=\"1887\">comunicaci\u00f3n benevolente<\/strong>.<\/p>\n<\/li>\n<\/ul>\n<p data-start=\"1890\" data-end=\"2100\"><strong data-start=\"1890\" data-end=\"1912\">M\u00e9todo y materiales<\/strong><br data-start=\"1912\" data-end=\"1915\" \/>Estudios de casos, demostraciones paso a paso, <strong data-start=\"1955\" data-end=\"1982\">herramientas listas para usar<\/strong> (plantillas de planificaci\u00f3n, listas de control, ideas para dise\u00f1os y aplicaciones). Centrado en \u00abpeque\u00f1as victorias\u00bb y rutinas realistas.<\/p>\n<p data-start=\"2102\" data-end=\"2340\"><strong data-start=\"2102\" data-end=\"2118\">Bonus DYNSEO<\/strong><br data-start=\"2118\" data-end=\"2121\" \/>Presentaci\u00f3n de <strong data-start=\"2137\" data-end=\"2163\">JOE, el entrenador cerebral<\/strong> (m\u00e1s de 30 juegos cognitivos adaptados para adultos) para trabajar la <strong data-start=\"2221\" data-end=\"2252\">memoria, la atenci\u00f3n y la l\u00f3gica<\/strong> de forma divertida y regular, con ideas para incorporar a la planificaci\u00f3n personal.<\/p>\n<p data-start=\"2342\" data-end=\"2377\"><strong data-start=\"2342\" data-end=\"2375\">Al final, te ir\u00e1s con<\/strong><\/p>\n<ul data-start=\"2378\" data-end=\"2604\">\n<li data-start=\"2378\" data-end=\"2445\">\n<p data-start=\"2380\" data-end=\"2445\">Una <strong data-start=\"2384\" data-end=\"2402\">lectura clara<\/strong> del perfil y de las prioridades de adaptaci\u00f3n.<\/p>\n<\/li>\n<li data-start=\"2446\" data-end=\"2508\">\n<p data-start=\"2448\" data-end=\"2508\">Un <strong data-start=\"2451\" data-end=\"2467\">conjunto de herramientas<\/strong> digitales y organizativas adaptadas.<\/p>\n<\/li>\n<li data-start=\"2509\" data-end=\"2604\">\n<p data-start=\"2511\" data-end=\"2604\">Un sencillo <strong data-start=\"2514\" data-end=\"2531\">plan de acci\u00f3n<\/strong> para casa y el trabajo, que podr\u00e1s adaptar a tu ritmo.<\/p>\n<\/li>\n<\/ul>\n<\/div>\n<\/div>\n<\/div>\n<\/div>\n<div class=\"flex min-h-[46px] justify-start\"><\/div>\n<\/div>\n<\/div>\n<\/article>\n","protected":false},"excerpt":{"rendered":"<p>En la edad adulta, los trastornos DYS (dislexia, disortograf\u00eda, discalculia, dispraxia, disfasia) no desaparecen: se transforman. Pueden afectar al trabajo (escritura, reuniones, organizaci\u00f3n), a la vida cotidiana (papeleo, planificaci\u00f3n) y a la autoestima. Este curso proporciona pautas sencillas para comprender estas caracter\u00edsticas espec\u00edficas, detectar los signos concretos y poner en pr\u00e1ctica adaptaciones eficaces en casa [&hellip;]<\/p>\n","protected":false},"featured_media":419963,"comment_status":"open","ping_status":"closed","template":"","meta":{"_et_pb_use_builder":"","_et_pb_old_content":"","_et_gb_content_width":""},"product_brand":[],"product_cat":[4533],"product_tag":[],"class_list":{"0":"post-419781","1":"product","2":"type-product","3":"status-publish","4":"has-post-thumbnail","6":"product_cat-formacion-2","8":"first","9":"instock","10":"virtual","11":"taxable","12":"purchasable","13":"product-type-simple"},"yoast_head":"<!-- This site is optimized with the Yoast SEO plugin v27.5 - https:\/\/yoast.com\/product\/yoast-seo-wordpress\/ -->\n<title>Trastornos DYS en la edad adulta: mejor comprensi\u00f3n... #2<\/title>\n<meta name=\"robots\" content=\"index, follow, max-snippet:-1, max-image-preview:large, max-video-preview:-1\" \/>\n<link rel=\"canonical\" href=\"https:\/\/www.dynseo.com\/es\/produit\/trastornos-dys-en-la-edad-adulta-mejor-comprension-y-adaptacion\/\" \/>\n<meta property=\"og:locale\" content=\"es_ES\" \/>\n<meta property=\"og:type\" content=\"article\" \/>\n<meta property=\"og:title\" content=\"Trastornos DYS en la edad adulta: mejor comprensi\u00f3n... #2\" \/>\n<meta property=\"og:description\" content=\"En la edad adulta, los trastornos DYS (dislexia, disortograf\u00eda, discalculia, dispraxia, disfasia) no desaparecen: se transforman. Pueden afectar al trabajo (escritura, reuniones, organizaci\u00f3n), a la vida cotidiana (papeleo, planificaci\u00f3n) y a la autoestima. Este curso proporciona pautas sencillas para comprender estas caracter\u00edsticas espec\u00edficas, detectar los signos concretos y poner en pr\u00e1ctica adaptaciones eficaces en casa [&hellip;]\" \/>\n<meta property=\"og:url\" content=\"https:\/\/www.dynseo.com\/es\/produit\/trastornos-dys-en-la-edad-adulta-mejor-comprension-y-adaptacion\/\" \/>\n<meta property=\"og:site_name\" content=\"DYNSEO - Aplicaci\u00f3n educativa y juegos de memoria\" \/>\n<meta property=\"article:modified_time\" content=\"2025-11-12T17:00:53+00:00\" \/>\n<meta property=\"og:image\" content=\"https:\/\/www.dynseo.com\/wp-content\/uploads\/2025\/11\/Troubles-DYS-a\u0300-la\u0302ge-adulte-_-mieux-comprendre-et-sadapter.png\" \/>\n\t<meta property=\"og:image:width\" content=\"688\" \/>\n\t<meta property=\"og:image:height\" content=\"600\" \/>\n\t<meta property=\"og:image:type\" content=\"image\/png\" \/>\n<meta name=\"twitter:label1\" content=\"Tiempo de lectura\" \/>\n\t<meta name=\"twitter:data1\" content=\"2 minutos\" \/>\n<script type=\"application\/ld+json\" class=\"yoast-schema-graph\">{\"@context\":\"https:\\\/\\\/schema.org\",\"@graph\":[{\"@type\":\"WebPage\",\"@id\":\"https:\\\/\\\/www.dynseo.com\\\/es\\\/produit\\\/trastornos-dys-en-la-edad-adulta-mejor-comprension-y-adaptacion\\\/\",\"url\":\"https:\\\/\\\/www.dynseo.com\\\/es\\\/produit\\\/trastornos-dys-en-la-edad-adulta-mejor-comprension-y-adaptacion\\\/\",\"name\":\"Trastornos DYS en la edad adulta: mejor comprensi\u00f3n... #2\",\"isPartOf\":{\"@id\":\"https:\\\/\\\/www.dynseo.com\\\/es\\\/#website\"},\"primaryImageOfPage\":{\"@id\":\"https:\\\/\\\/www.dynseo.com\\\/es\\\/produit\\\/trastornos-dys-en-la-edad-adulta-mejor-comprension-y-adaptacion\\\/#primaryimage\"},\"image\":{\"@id\":\"https:\\\/\\\/www.dynseo.com\\\/es\\\/produit\\\/trastornos-dys-en-la-edad-adulta-mejor-comprension-y-adaptacion\\\/#primaryimage\"},\"thumbnailUrl\":\"https:\\\/\\\/www.dynseo.com\\\/wp-content\\\/uploads\\\/2025\\\/11\\\/Troubles-DYS-a\u0300-la\u0302ge-adulte-_-mieux-comprendre-et-sadapter.png\",\"datePublished\":\"2025-11-10T14:53:56+00:00\",\"dateModified\":\"2025-11-12T17:00:53+00:00\",\"breadcrumb\":{\"@id\":\"https:\\\/\\\/www.dynseo.com\\\/es\\\/produit\\\/trastornos-dys-en-la-edad-adulta-mejor-comprension-y-adaptacion\\\/#breadcrumb\"},\"inLanguage\":\"es\",\"potentialAction\":[{\"@type\":\"ReadAction\",\"target\":[\"https:\\\/\\\/www.dynseo.com\\\/es\\\/produit\\\/trastornos-dys-en-la-edad-adulta-mejor-comprension-y-adaptacion\\\/\"]}]},{\"@type\":\"ImageObject\",\"inLanguage\":\"es\",\"@id\":\"https:\\\/\\\/www.dynseo.com\\\/es\\\/produit\\\/trastornos-dys-en-la-edad-adulta-mejor-comprension-y-adaptacion\\\/#primaryimage\",\"url\":\"https:\\\/\\\/www.dynseo.com\\\/wp-content\\\/uploads\\\/2025\\\/11\\\/Troubles-DYS-a\u0300-la\u0302ge-adulte-_-mieux-comprendre-et-sadapter.png\",\"contentUrl\":\"https:\\\/\\\/www.dynseo.com\\\/wp-content\\\/uploads\\\/2025\\\/11\\\/Troubles-DYS-a\u0300-la\u0302ge-adulte-_-mieux-comprendre-et-sadapter.png\",\"width\":688,\"height\":600,\"caption\":\"Juegos estimulantes para desarrollar habilidades cognitivas en peque\u00f1os traviesos\"},{\"@type\":\"BreadcrumbList\",\"@id\":\"https:\\\/\\\/www.dynseo.com\\\/es\\\/produit\\\/trastornos-dys-en-la-edad-adulta-mejor-comprension-y-adaptacion\\\/#breadcrumb\",\"itemListElement\":[{\"@type\":\"ListItem\",\"position\":1,\"name\":\"Accueil\",\"item\":\"https:\\\/\\\/www.dynseo.com\\\/es\\\/\"},{\"@type\":\"ListItem\",\"position\":2,\"name\":\"Tienda\",\"item\":\"https:\\\/\\\/www.dynseo.com\\\/es\\\/tienda\\\/\"},{\"@type\":\"ListItem\",\"position\":3,\"name\":\"Trastornos DYS en la edad adulta: mejor comprensi\u00f3n y adaptaci\u00f3n\"}]},{\"@type\":\"WebSite\",\"@id\":\"https:\\\/\\\/www.dynseo.com\\\/es\\\/#website\",\"url\":\"https:\\\/\\\/www.dynseo.com\\\/es\\\/\",\"name\":\"Jeux de m\u00e9moire et stimulation cognitive\",\"description\":\"Entra\u00eenez votre m\u00e9moire et votre cerveau avec DYNSEO\",\"publisher\":{\"@id\":\"https:\\\/\\\/www.dynseo.com\\\/es\\\/#organization\"},\"potentialAction\":[{\"@type\":\"SearchAction\",\"target\":{\"@type\":\"EntryPoint\",\"urlTemplate\":\"https:\\\/\\\/www.dynseo.com\\\/es\\\/?s={search_term_string}\"},\"query-input\":{\"@type\":\"PropertyValueSpecification\",\"valueRequired\":true,\"valueName\":\"search_term_string\"}}],\"inLanguage\":\"es\"},{\"@type\":\"Organization\",\"@id\":\"https:\\\/\\\/www.dynseo.com\\\/es\\\/#organization\",\"name\":\"DYNSEO\",\"url\":\"https:\\\/\\\/www.dynseo.com\\\/es\\\/\",\"logo\":{\"@type\":\"ImageObject\",\"inLanguage\":\"es\",\"@id\":\"https:\\\/\\\/www.dynseo.com\\\/es\\\/#\\\/schema\\\/logo\\\/image\\\/\",\"url\":\"https:\\\/\\\/www.dynseo.com\\\/wp-content\\\/uploads\\\/2022\\\/05\\\/logo-dynseo-new.png\",\"contentUrl\":\"https:\\\/\\\/www.dynseo.com\\\/wp-content\\\/uploads\\\/2022\\\/05\\\/logo-dynseo-new.png\",\"width\":5073,\"height\":1397,\"caption\":\"DYNSEO\"},\"image\":{\"@id\":\"https:\\\/\\\/www.dynseo.com\\\/es\\\/#\\\/schema\\\/logo\\\/image\\\/\"}}]}<\/script>\n<!-- \/ Yoast SEO plugin. -->","yoast_head_json":{"title":"Trastornos DYS en la edad adulta: mejor comprensi\u00f3n... #2","robots":{"index":"index","follow":"follow","max-snippet":"max-snippet:-1","max-image-preview":"max-image-preview:large","max-video-preview":"max-video-preview:-1"},"canonical":"https:\/\/www.dynseo.com\/es\/produit\/trastornos-dys-en-la-edad-adulta-mejor-comprension-y-adaptacion\/","og_locale":"es_ES","og_type":"article","og_title":"Trastornos DYS en la edad adulta: mejor comprensi\u00f3n... #2","og_description":"En la edad adulta, los trastornos DYS (dislexia, disortograf\u00eda, discalculia, dispraxia, disfasia) no desaparecen: se transforman. Pueden afectar al trabajo (escritura, reuniones, organizaci\u00f3n), a la vida cotidiana (papeleo, planificaci\u00f3n) y a la autoestima. Este curso proporciona pautas sencillas para comprender estas caracter\u00edsticas espec\u00edficas, detectar los signos concretos y poner en pr\u00e1ctica adaptaciones eficaces en casa [&hellip;]","og_url":"https:\/\/www.dynseo.com\/es\/produit\/trastornos-dys-en-la-edad-adulta-mejor-comprension-y-adaptacion\/","og_site_name":"DYNSEO - Aplicaci\u00f3n educativa y juegos de memoria","article_modified_time":"2025-11-12T17:00:53+00:00","og_image":[{"width":688,"height":600,"url":"https:\/\/www.dynseo.com\/wp-content\/uploads\/2025\/11\/Troubles-DYS-a\u0300-la\u0302ge-adulte-_-mieux-comprendre-et-sadapter.png","type":"image\/png"}],"twitter_misc":{"Tiempo de lectura":"2 minutos"},"schema":{"@context":"https:\/\/schema.org","@graph":[{"@type":"WebPage","@id":"https:\/\/www.dynseo.com\/es\/produit\/trastornos-dys-en-la-edad-adulta-mejor-comprension-y-adaptacion\/","url":"https:\/\/www.dynseo.com\/es\/produit\/trastornos-dys-en-la-edad-adulta-mejor-comprension-y-adaptacion\/","name":"Trastornos DYS en la edad adulta: mejor comprensi\u00f3n... #2","isPartOf":{"@id":"https:\/\/www.dynseo.com\/es\/#website"},"primaryImageOfPage":{"@id":"https:\/\/www.dynseo.com\/es\/produit\/trastornos-dys-en-la-edad-adulta-mejor-comprension-y-adaptacion\/#primaryimage"},"image":{"@id":"https:\/\/www.dynseo.com\/es\/produit\/trastornos-dys-en-la-edad-adulta-mejor-comprension-y-adaptacion\/#primaryimage"},"thumbnailUrl":"https:\/\/www.dynseo.com\/wp-content\/uploads\/2025\/11\/Troubles-DYS-a\u0300-la\u0302ge-adulte-_-mieux-comprendre-et-sadapter.png","datePublished":"2025-11-10T14:53:56+00:00","dateModified":"2025-11-12T17:00:53+00:00","breadcrumb":{"@id":"https:\/\/www.dynseo.com\/es\/produit\/trastornos-dys-en-la-edad-adulta-mejor-comprension-y-adaptacion\/#breadcrumb"},"inLanguage":"es","potentialAction":[{"@type":"ReadAction","target":["https:\/\/www.dynseo.com\/es\/produit\/trastornos-dys-en-la-edad-adulta-mejor-comprension-y-adaptacion\/"]}]},{"@type":"ImageObject","inLanguage":"es","@id":"https:\/\/www.dynseo.com\/es\/produit\/trastornos-dys-en-la-edad-adulta-mejor-comprension-y-adaptacion\/#primaryimage","url":"https:\/\/www.dynseo.com\/wp-content\/uploads\/2025\/11\/Troubles-DYS-a\u0300-la\u0302ge-adulte-_-mieux-comprendre-et-sadapter.png","contentUrl":"https:\/\/www.dynseo.com\/wp-content\/uploads\/2025\/11\/Troubles-DYS-a\u0300-la\u0302ge-adulte-_-mieux-comprendre-et-sadapter.png","width":688,"height":600,"caption":"Juegos estimulantes para desarrollar habilidades cognitivas en peque\u00f1os traviesos"},{"@type":"BreadcrumbList","@id":"https:\/\/www.dynseo.com\/es\/produit\/trastornos-dys-en-la-edad-adulta-mejor-comprension-y-adaptacion\/#breadcrumb","itemListElement":[{"@type":"ListItem","position":1,"name":"Accueil","item":"https:\/\/www.dynseo.com\/es\/"},{"@type":"ListItem","position":2,"name":"Tienda","item":"https:\/\/www.dynseo.com\/es\/tienda\/"},{"@type":"ListItem","position":3,"name":"Trastornos DYS en la edad adulta: mejor comprensi\u00f3n y adaptaci\u00f3n"}]},{"@type":"WebSite","@id":"https:\/\/www.dynseo.com\/es\/#website","url":"https:\/\/www.dynseo.com\/es\/","name":"Jeux de m\u00e9moire et stimulation cognitive","description":"Entra\u00eenez votre m\u00e9moire et votre cerveau avec DYNSEO","publisher":{"@id":"https:\/\/www.dynseo.com\/es\/#organization"},"potentialAction":[{"@type":"SearchAction","target":{"@type":"EntryPoint","urlTemplate":"https:\/\/www.dynseo.com\/es\/?s={search_term_string}"},"query-input":{"@type":"PropertyValueSpecification","valueRequired":true,"valueName":"search_term_string"}}],"inLanguage":"es"},{"@type":"Organization","@id":"https:\/\/www.dynseo.com\/es\/#organization","name":"DYNSEO","url":"https:\/\/www.dynseo.com\/es\/","logo":{"@type":"ImageObject","inLanguage":"es","@id":"https:\/\/www.dynseo.com\/es\/#\/schema\/logo\/image\/","url":"https:\/\/www.dynseo.com\/wp-content\/uploads\/2022\/05\/logo-dynseo-new.png","contentUrl":"https:\/\/www.dynseo.com\/wp-content\/uploads\/2022\/05\/logo-dynseo-new.png","width":5073,"height":1397,"caption":"DYNSEO"},"image":{"@id":"https:\/\/www.dynseo.com\/es\/#\/schema\/logo\/image\/"}}]}},"_links":{"self":[{"href":"https:\/\/www.dynseo.com\/es\/wp-json\/wp\/v2\/product\/419781","targetHints":{"allow":["GET"]}}],"collection":[{"href":"https:\/\/www.dynseo.com\/es\/wp-json\/wp\/v2\/product"}],"about":[{"href":"https:\/\/www.dynseo.com\/es\/wp-json\/wp\/v2\/types\/product"}],"replies":[{"embeddable":true,"href":"https:\/\/www.dynseo.com\/es\/wp-json\/wp\/v2\/comments?post=419781"}],"wp:featuredmedia":[{"embeddable":true,"href":"https:\/\/www.dynseo.com\/es\/wp-json\/wp\/v2\/media\/419963"}],"wp:attachment":[{"href":"https:\/\/www.dynseo.com\/es\/wp-json\/wp\/v2\/media?parent=419781"}],"wp:term":[{"taxonomy":"product_brand","embeddable":true,"href":"https:\/\/www.dynseo.com\/es\/wp-json\/wp\/v2\/product_brand?post=419781"},{"taxonomy":"product_cat","embeddable":true,"href":"https:\/\/www.dynseo.com\/es\/wp-json\/wp\/v2\/product_cat?post=419781"},{"taxonomy":"product_tag","embeddable":true,"href":"https:\/\/www.dynseo.com\/es\/wp-json\/wp\/v2\/product_tag?post=419781"}],"curies":[{"name":"wp","href":"https:\/\/api.w.org\/{rel}","templated":true}]}}