{"id":419783,"date":"2025-11-10T15:55:04","date_gmt":"2025-11-10T14:55:04","guid":{"rendered":"https:\/\/www.dynseo.com\/produit\/apoyar-a-un-nino-con-trastornos-dys-claves-y-soluciones-para-la-vida-cotidiana\/"},"modified":"2025-11-12T18:01:53","modified_gmt":"2025-11-12T17:01:53","slug":"apoyar-a-un-nino-con-trastornos-dys-claves-y-soluciones-para-la-vida-cotidiana","status":"publish","type":"product","link":"https:\/\/www.dynseo.com\/es\/produit\/apoyar-a-un-nino-con-trastornos-dys-claves-y-soluciones-para-la-vida-cotidiana\/","title":{"rendered":"Apoyar a un ni\u00f1o con trastornos DYS: claves y soluciones para la vida cotidiana"},"content":{"rendered":"<article class=\"text-token-text-primary w-full focus:outline-none scroll-mt-[calc(var(--header-height)+min(200px,max(70px,20svh)))]\" dir=\"auto\" data-turn-id=\"3aaebdb0-f689-4eb0-ada4-17b46f859462\" data-testid=\"conversation-turn-94\" data-scroll-anchor=\"true\" data-turn=\"assistant\">\n<div class=\"text-base my-auto mx-auto pb-10 [--thread-content-margin:--spacing(4)] thread-sm:[--thread-content-margin:--spacing(6)] thread-lg:[--thread-content-margin:--spacing(16)] px-(--thread-content-margin)\">\n<div class=\"[--thread-content-max-width:40rem] thread-sm:[--thread-content-max-width:40rem] thread-lg:[--thread-content-max-width:48rem] mx-auto max-w-(--thread-content-max-width) flex-1 group\/turn-messages focus-visible:outline-hidden relative flex w-full min-w-0 flex-col agent-turn\">\n<div class=\"flex max-w-full flex-col grow\">\n<div class=\"min-h-8 text-message relative flex w-full flex-col items-end gap-2 text-start break-words whitespace-normal [.text-message+&amp;]:mt-5\" dir=\"auto\" data-message-author-role=\"assistant\" data-message-id=\"c77726c0-0aea-4d9e-8560-89cae65a7650\" data-message-model-slug=\"gpt-5-thinking\">\n<div class=\"flex w-full flex-col gap-1 empty:hidden first:pt-[3px]\">\n<div class=\"markdown prose dark:prose-invert w-full break-words light markdown-new-styling\">\n<p data-start=\"174\" data-end=\"701\"><strong data-start=\"174\" data-end=\"190\">Presentaci\u00f3n<\/strong><br data-start=\"190\" data-end=\"193\" \/>Este curso te proporcionar\u00e1 una gu\u00eda sencilla para comprender los <strong data-start=\"260\" data-end=\"287\">distintos trastornos DYS<\/strong> (dislexia, disortograf\u00eda, discalculia, dispraxia, disfasia), reconocer las <strong data-start=\"368\" data-end=\"387\">se\u00f1ales de alarma<\/strong> y medir su <strong data-start=\"405\" data-end=\"444\">impacto en la escuela y en casa<\/strong>. Te llevar\u00e1s <strong data-start=\"471\" data-end=\"490\" data-is-only-node=\"\">herramientas pr\u00e1cticas<\/strong>: organizaci\u00f3n visual, rutinas eficaces, juegos educativos adaptados y un m\u00e9todo para trabajar tranquilamente con los profesores y los profesionales sanitarios, sin a\u00f1adir presi\u00f3n al ni\u00f1o&#8230; ni a los padres.<\/p>\n<h1 data-start=\"703\" data-end=\"730\">Objetivos de la formaci\u00f3n<\/h1>\n<ul data-start=\"731\" data-end=\"2137\">\n<li data-start=\"731\" data-end=\"851\">\n<p data-start=\"733\" data-end=\"851\"><strong data-start=\"733\" data-end=\"747\">Identificar<\/strong> las principales formas de DYS y sus <strong data-start=\"787\" data-end=\"805\">manifestaciones<\/strong> (aisladas o asociadas, de intensidad variable).<\/p>\n<\/li>\n<li data-start=\"852\" data-end=\"965\">\n<p data-start=\"854\" data-end=\"965\"><strong data-start=\"854\" data-end=\"865\">Identificar<\/strong> <strong data-start=\"870\" data-end=\"892\">los signos persistentes<\/strong> y comprender el proceso de <strong data-start=\"922\" data-end=\"942\">evaluaci\u00f3n\/diagn\u00f3stico<\/strong> (puntos fuertes y d\u00e9biles).<\/p>\n<\/li>\n<li data-start=\"966\" data-end=\"1073\">\n<p data-start=\"968\" data-end=\"1073\"><strong data-start=\"968\" data-end=\"988\">Mide el impacto<\/strong> en los deberes, el ritmo, la organizaci\u00f3n, la fatiga y la <strong data-start=\"1050\" data-end=\"1070\">autoconfianza<\/strong>.<\/p>\n<\/li>\n<li data-start=\"1074\" data-end=\"1201\">\n<p data-start=\"1076\" data-end=\"1201\"><strong data-start=\"1076\" data-end=\"1106\">Estructuraci\u00f3n del entorno dom\u00e9stico<\/strong>: c\u00f3digo de colores, planificaci\u00f3n visual, listas de control, <strong data-start=\"1169\" data-end=\"1187\">divisi\u00f3n de<\/strong> tareas.<\/p>\n<\/li>\n<li data-start=\"1202\" data-end=\"1323\">\n<p data-start=\"1204\" data-end=\"1323\">Utiliza <strong data-start=\"1224\" data-end=\"1253\">herramientas digitales sencillas<\/strong> y un <strong data-start=\"1261\" data-end=\"1280\">\u00e1rea de trabajo<\/strong> despejada para reducir la carga cognitiva.<\/p>\n<\/li>\n<li data-start=\"1324\" data-end=\"1480\">\n<p data-start=\"1326\" data-end=\"1480\">Utiliza <strong data-start=\"1339\" data-end=\"1357\">juegos educativos<\/strong> para estimular el lenguaje, la <strong data-start=\"1381\" data-end=\"1402\">memoria\/atenci\u00f3n<\/strong>, <strong data-start=\"1404\" data-end=\"1421\">las matem\u00e1ticas\/l\u00f3gica<\/strong> y la <strong data-start=\"1425\" data-end=\"1438\">motricidad<\/strong> (puzzles, construcciones, cartas, dados, etc.).<\/p>\n<\/li>\n<li data-start=\"1481\" data-end=\"1629\">\n<p data-start=\"1483\" data-end=\"1629\"><strong data-start=\"1483\" data-end=\"1495\">Cooperar<\/strong> eficazmente con el profesor y los cuidadores: compartir adaptaciones, comunicaci\u00f3n positiva, <strong data-start=\"1593\" data-end=\"1626\">continuidad hogar-escuela-cuidado<\/strong>.<\/p>\n<\/li>\n<li data-start=\"1630\" data-end=\"1744\">\n<p data-start=\"1632\" data-end=\"1744\"><strong data-start=\"1632\" data-end=\"1660\">Anima sin presionar<\/strong>: premia el esfuerzo, permite los errores, respeta el <strong data-start=\"1719\" data-end=\"1729\">ritmo<\/strong> del ni\u00f1o.<\/p>\n<\/li>\n<li data-start=\"1745\" data-end=\"1853\">\n<p data-start=\"1747\" data-end=\"1853\"><strong data-start=\"1747\" data-end=\"1773\">Desarrollar la autonom\u00eda<\/strong>: peque\u00f1as responsabilidades, elecciones guiadas, reforzar<strong data-start=\"1833\" data-end=\"1850\">la autoestima<\/strong>.<\/p>\n<\/li>\n<li data-start=\"1854\" data-end=\"1968\">\n<p data-start=\"1856\" data-end=\"1968\"><strong data-start=\"1856\" data-end=\"1900\">Mantener un entorno familiar tranquilo<\/strong>: gesti\u00f3n del estr\u00e9s parental, tiempo de calidad, rituales positivos.<\/p>\n<\/li>\n<li data-start=\"1969\" data-end=\"2137\">\n<p data-start=\"1971\" data-end=\"2137\"><strong data-start=\"1971\" data-end=\"2000\">Proporciona apoyo<\/strong> con DYNSEO <strong data-start=\"2013\" data-end=\"2040\">COCO PIENSA y COCO SE MUEVE<\/strong> (m\u00e1s de 30 juegos) y una <strong data-start=\"2059\" data-end=\"2095\">pausa deportiva cada 15 minutos<\/strong> para equilibrar la atenci\u00f3n y el movimiento.<\/p>\n<\/li>\n<\/ul>\n<p data-start=\"2139\" data-end=\"2499\"><br data-start=\"2153\" data-end=\"2156\" \/>Un curso 100% pr\u00e1ctico para <strong data-start=\"2188\" data-end=\"2211\">aligerar la carga de deberes<\/strong>, <strong data-start=\"2213\" data-end=\"2253\">establecer rutinas tranquilizadoras<\/strong> y <strong data-start=\"2257\" data-end=\"2283\">aumentar la confianza<\/strong> de tu hijo. Te ir\u00e1s con <strong data-start=\"2324\" data-end=\"2357\" data-is-only-node=\"\">adaptaciones listas para usar<\/strong>, juegos para entusiasmar a tu hijo con el aprendizaje y una hoja de ruta clara para avanzar de <strong data-start=\"2442\" data-end=\"2463\">la<\/strong> mano de la escuela y los profesionales.<\/p>\n<\/div>\n<\/div>\n<\/div>\n<\/div>\n<div class=\"flex min-h-[46px] justify-start\"><\/div>\n<div class=\"mt-3 w-full empty:hidden\">\n<div class=\"text-center\"><\/div>\n<\/div>\n<\/div>\n<\/div>\n<\/article>\n","protected":false},"excerpt":{"rendered":"<p>Presentaci\u00f3nEste curso te proporcionar\u00e1 una gu\u00eda sencilla para comprender los distintos trastornos DYS (dislexia, disortograf\u00eda, discalculia, dispraxia, disfasia), reconocer las se\u00f1ales de alarma y medir su impacto en la escuela y en casa. Te llevar\u00e1s herramientas pr\u00e1cticas: organizaci\u00f3n visual, rutinas eficaces, juegos educativos adaptados y un m\u00e9todo para trabajar tranquilamente con los profesores y los [&hellip;]<\/p>\n","protected":false},"featured_media":419990,"comment_status":"open","ping_status":"closed","template":"","meta":{"_et_pb_use_builder":"","_et_pb_old_content":"","_et_gb_content_width":""},"product_brand":[],"product_cat":[4533],"product_tag":[],"class_list":{"0":"post-419783","1":"product","2":"type-product","3":"status-publish","4":"has-post-thumbnail","6":"product_cat-formacion-2","8":"first","9":"instock","10":"virtual","11":"taxable","12":"purchasable","13":"product-type-simple"},"yoast_head":"<!-- This site is optimized with the Yoast SEO plugin v27.5 - https:\/\/yoast.com\/product\/yoast-seo-wordpress\/ -->\n<title>Apoyar a un ni\u00f1o con trastornos DYS: claves y soluc... #3<\/title>\n<meta name=\"robots\" content=\"index, follow, max-snippet:-1, max-image-preview:large, max-video-preview:-1\" \/>\n<link rel=\"canonical\" href=\"https:\/\/www.dynseo.com\/es\/produit\/apoyar-a-un-nino-con-trastornos-dys-claves-y-soluciones-para-la-vida-cotidiana\/\" \/>\n<meta property=\"og:locale\" content=\"es_ES\" \/>\n<meta property=\"og:type\" content=\"article\" \/>\n<meta property=\"og:title\" content=\"Apoyar a un ni\u00f1o con trastornos DYS: claves y soluc... #3\" \/>\n<meta property=\"og:description\" content=\"Presentaci\u00f3nEste curso te proporcionar\u00e1 una gu\u00eda sencilla para comprender los distintos trastornos DYS (dislexia, disortograf\u00eda, discalculia, dispraxia, disfasia), reconocer las se\u00f1ales de alarma y medir su impacto en la escuela y en casa. Te llevar\u00e1s herramientas pr\u00e1cticas: organizaci\u00f3n visual, rutinas eficaces, juegos educativos adaptados y un m\u00e9todo para trabajar tranquilamente con los profesores y los [&hellip;]\" \/>\n<meta property=\"og:url\" content=\"https:\/\/www.dynseo.com\/es\/produit\/apoyar-a-un-nino-con-trastornos-dys-claves-y-soluciones-para-la-vida-cotidiana\/\" \/>\n<meta property=\"og:site_name\" content=\"DYNSEO - Aplicaci\u00f3n educativa y juegos de memoria\" \/>\n<meta property=\"article:modified_time\" content=\"2025-11-12T17:01:53+00:00\" \/>\n<meta property=\"og:image\" content=\"https:\/\/www.dynseo.com\/wp-content\/uploads\/2025\/11\/Accompagner-un-enfant-avec-des-troubles-DYS-_-cle\u0301s-et-solutions-au-quotidien.png\" \/>\n\t<meta property=\"og:image:width\" content=\"688\" \/>\n\t<meta property=\"og:image:height\" content=\"600\" \/>\n\t<meta property=\"og:image:type\" content=\"image\/png\" \/>\n<meta name=\"twitter:label1\" content=\"Tiempo de lectura\" \/>\n\t<meta name=\"twitter:data1\" content=\"2 minutos\" \/>\n<script type=\"application\/ld+json\" class=\"yoast-schema-graph\">{\"@context\":\"https:\\\/\\\/schema.org\",\"@graph\":[{\"@type\":\"WebPage\",\"@id\":\"https:\\\/\\\/www.dynseo.com\\\/es\\\/produit\\\/apoyar-a-un-nino-con-trastornos-dys-claves-y-soluciones-para-la-vida-cotidiana\\\/\",\"url\":\"https:\\\/\\\/www.dynseo.com\\\/es\\\/produit\\\/apoyar-a-un-nino-con-trastornos-dys-claves-y-soluciones-para-la-vida-cotidiana\\\/\",\"name\":\"Apoyar a un ni\u00f1o con trastornos DYS: claves y soluc... #3\",\"isPartOf\":{\"@id\":\"https:\\\/\\\/www.dynseo.com\\\/es\\\/#website\"},\"primaryImageOfPage\":{\"@id\":\"https:\\\/\\\/www.dynseo.com\\\/es\\\/produit\\\/apoyar-a-un-nino-con-trastornos-dys-claves-y-soluciones-para-la-vida-cotidiana\\\/#primaryimage\"},\"image\":{\"@id\":\"https:\\\/\\\/www.dynseo.com\\\/es\\\/produit\\\/apoyar-a-un-nino-con-trastornos-dys-claves-y-soluciones-para-la-vida-cotidiana\\\/#primaryimage\"},\"thumbnailUrl\":\"https:\\\/\\\/www.dynseo.com\\\/wp-content\\\/uploads\\\/2025\\\/11\\\/Accompagner-un-enfant-avec-des-troubles-DYS-_-cle\u0301s-et-solutions-au-quotidien.png\",\"datePublished\":\"2025-11-10T14:55:04+00:00\",\"dateModified\":\"2025-11-12T17:01:53+00:00\",\"breadcrumb\":{\"@id\":\"https:\\\/\\\/www.dynseo.com\\\/es\\\/produit\\\/apoyar-a-un-nino-con-trastornos-dys-claves-y-soluciones-para-la-vida-cotidiana\\\/#breadcrumb\"},\"inLanguage\":\"es\",\"potentialAction\":[{\"@type\":\"ReadAction\",\"target\":[\"https:\\\/\\\/www.dynseo.com\\\/es\\\/produit\\\/apoyar-a-un-nino-con-trastornos-dys-claves-y-soluciones-para-la-vida-cotidiana\\\/\"]}]},{\"@type\":\"ImageObject\",\"inLanguage\":\"es\",\"@id\":\"https:\\\/\\\/www.dynseo.com\\\/es\\\/produit\\\/apoyar-a-un-nino-con-trastornos-dys-claves-y-soluciones-para-la-vida-cotidiana\\\/#primaryimage\",\"url\":\"https:\\\/\\\/www.dynseo.com\\\/wp-content\\\/uploads\\\/2025\\\/11\\\/Accompagner-un-enfant-avec-des-troubles-DYS-_-cle\u0301s-et-solutions-au-quotidien.png\",\"contentUrl\":\"https:\\\/\\\/www.dynseo.com\\\/wp-content\\\/uploads\\\/2025\\\/11\\\/Accompagner-un-enfant-avec-des-troubles-DYS-_-cle\u0301s-et-solutions-au-quotidien.png\",\"width\":688,\"height\":600,\"caption\":\"Potencie la vitalidad mental con DYNSEO\"},{\"@type\":\"BreadcrumbList\",\"@id\":\"https:\\\/\\\/www.dynseo.com\\\/es\\\/produit\\\/apoyar-a-un-nino-con-trastornos-dys-claves-y-soluciones-para-la-vida-cotidiana\\\/#breadcrumb\",\"itemListElement\":[{\"@type\":\"ListItem\",\"position\":1,\"name\":\"Accueil\",\"item\":\"https:\\\/\\\/www.dynseo.com\\\/es\\\/\"},{\"@type\":\"ListItem\",\"position\":2,\"name\":\"Tienda\",\"item\":\"https:\\\/\\\/www.dynseo.com\\\/es\\\/tienda\\\/\"},{\"@type\":\"ListItem\",\"position\":3,\"name\":\"Apoyar a un ni\u00f1o con trastornos DYS: claves y soluciones para la vida cotidiana\"}]},{\"@type\":\"WebSite\",\"@id\":\"https:\\\/\\\/www.dynseo.com\\\/es\\\/#website\",\"url\":\"https:\\\/\\\/www.dynseo.com\\\/es\\\/\",\"name\":\"Jeux de m\u00e9moire et stimulation cognitive\",\"description\":\"Entra\u00eenez votre m\u00e9moire et votre cerveau avec DYNSEO\",\"publisher\":{\"@id\":\"https:\\\/\\\/www.dynseo.com\\\/es\\\/#organization\"},\"potentialAction\":[{\"@type\":\"SearchAction\",\"target\":{\"@type\":\"EntryPoint\",\"urlTemplate\":\"https:\\\/\\\/www.dynseo.com\\\/es\\\/?s={search_term_string}\"},\"query-input\":{\"@type\":\"PropertyValueSpecification\",\"valueRequired\":true,\"valueName\":\"search_term_string\"}}],\"inLanguage\":\"es\"},{\"@type\":\"Organization\",\"@id\":\"https:\\\/\\\/www.dynseo.com\\\/es\\\/#organization\",\"name\":\"DYNSEO\",\"url\":\"https:\\\/\\\/www.dynseo.com\\\/es\\\/\",\"logo\":{\"@type\":\"ImageObject\",\"inLanguage\":\"es\",\"@id\":\"https:\\\/\\\/www.dynseo.com\\\/es\\\/#\\\/schema\\\/logo\\\/image\\\/\",\"url\":\"https:\\\/\\\/www.dynseo.com\\\/wp-content\\\/uploads\\\/2022\\\/05\\\/logo-dynseo-new.png\",\"contentUrl\":\"https:\\\/\\\/www.dynseo.com\\\/wp-content\\\/uploads\\\/2022\\\/05\\\/logo-dynseo-new.png\",\"width\":5073,\"height\":1397,\"caption\":\"DYNSEO\"},\"image\":{\"@id\":\"https:\\\/\\\/www.dynseo.com\\\/es\\\/#\\\/schema\\\/logo\\\/image\\\/\"}}]}<\/script>\n<!-- \/ Yoast SEO plugin. -->","yoast_head_json":{"title":"Apoyar a un ni\u00f1o con trastornos DYS: claves y soluc... #3","robots":{"index":"index","follow":"follow","max-snippet":"max-snippet:-1","max-image-preview":"max-image-preview:large","max-video-preview":"max-video-preview:-1"},"canonical":"https:\/\/www.dynseo.com\/es\/produit\/apoyar-a-un-nino-con-trastornos-dys-claves-y-soluciones-para-la-vida-cotidiana\/","og_locale":"es_ES","og_type":"article","og_title":"Apoyar a un ni\u00f1o con trastornos DYS: claves y soluc... #3","og_description":"Presentaci\u00f3nEste curso te proporcionar\u00e1 una gu\u00eda sencilla para comprender los distintos trastornos DYS (dislexia, disortograf\u00eda, discalculia, dispraxia, disfasia), reconocer las se\u00f1ales de alarma y medir su impacto en la escuela y en casa. Te llevar\u00e1s herramientas pr\u00e1cticas: organizaci\u00f3n visual, rutinas eficaces, juegos educativos adaptados y un m\u00e9todo para trabajar tranquilamente con los profesores y los [&hellip;]","og_url":"https:\/\/www.dynseo.com\/es\/produit\/apoyar-a-un-nino-con-trastornos-dys-claves-y-soluciones-para-la-vida-cotidiana\/","og_site_name":"DYNSEO - Aplicaci\u00f3n educativa y juegos de memoria","article_modified_time":"2025-11-12T17:01:53+00:00","og_image":[{"width":688,"height":600,"url":"https:\/\/www.dynseo.com\/wp-content\/uploads\/2025\/11\/Accompagner-un-enfant-avec-des-troubles-DYS-_-cle\u0301s-et-solutions-au-quotidien.png","type":"image\/png"}],"twitter_misc":{"Tiempo de lectura":"2 minutos"},"schema":{"@context":"https:\/\/schema.org","@graph":[{"@type":"WebPage","@id":"https:\/\/www.dynseo.com\/es\/produit\/apoyar-a-un-nino-con-trastornos-dys-claves-y-soluciones-para-la-vida-cotidiana\/","url":"https:\/\/www.dynseo.com\/es\/produit\/apoyar-a-un-nino-con-trastornos-dys-claves-y-soluciones-para-la-vida-cotidiana\/","name":"Apoyar a un ni\u00f1o con trastornos DYS: claves y soluc... #3","isPartOf":{"@id":"https:\/\/www.dynseo.com\/es\/#website"},"primaryImageOfPage":{"@id":"https:\/\/www.dynseo.com\/es\/produit\/apoyar-a-un-nino-con-trastornos-dys-claves-y-soluciones-para-la-vida-cotidiana\/#primaryimage"},"image":{"@id":"https:\/\/www.dynseo.com\/es\/produit\/apoyar-a-un-nino-con-trastornos-dys-claves-y-soluciones-para-la-vida-cotidiana\/#primaryimage"},"thumbnailUrl":"https:\/\/www.dynseo.com\/wp-content\/uploads\/2025\/11\/Accompagner-un-enfant-avec-des-troubles-DYS-_-cle\u0301s-et-solutions-au-quotidien.png","datePublished":"2025-11-10T14:55:04+00:00","dateModified":"2025-11-12T17:01:53+00:00","breadcrumb":{"@id":"https:\/\/www.dynseo.com\/es\/produit\/apoyar-a-un-nino-con-trastornos-dys-claves-y-soluciones-para-la-vida-cotidiana\/#breadcrumb"},"inLanguage":"es","potentialAction":[{"@type":"ReadAction","target":["https:\/\/www.dynseo.com\/es\/produit\/apoyar-a-un-nino-con-trastornos-dys-claves-y-soluciones-para-la-vida-cotidiana\/"]}]},{"@type":"ImageObject","inLanguage":"es","@id":"https:\/\/www.dynseo.com\/es\/produit\/apoyar-a-un-nino-con-trastornos-dys-claves-y-soluciones-para-la-vida-cotidiana\/#primaryimage","url":"https:\/\/www.dynseo.com\/wp-content\/uploads\/2025\/11\/Accompagner-un-enfant-avec-des-troubles-DYS-_-cle\u0301s-et-solutions-au-quotidien.png","contentUrl":"https:\/\/www.dynseo.com\/wp-content\/uploads\/2025\/11\/Accompagner-un-enfant-avec-des-troubles-DYS-_-cle\u0301s-et-solutions-au-quotidien.png","width":688,"height":600,"caption":"Potencie la vitalidad mental con DYNSEO"},{"@type":"BreadcrumbList","@id":"https:\/\/www.dynseo.com\/es\/produit\/apoyar-a-un-nino-con-trastornos-dys-claves-y-soluciones-para-la-vida-cotidiana\/#breadcrumb","itemListElement":[{"@type":"ListItem","position":1,"name":"Accueil","item":"https:\/\/www.dynseo.com\/es\/"},{"@type":"ListItem","position":2,"name":"Tienda","item":"https:\/\/www.dynseo.com\/es\/tienda\/"},{"@type":"ListItem","position":3,"name":"Apoyar a un ni\u00f1o con trastornos DYS: claves y soluciones para la vida cotidiana"}]},{"@type":"WebSite","@id":"https:\/\/www.dynseo.com\/es\/#website","url":"https:\/\/www.dynseo.com\/es\/","name":"Jeux de m\u00e9moire et stimulation cognitive","description":"Entra\u00eenez votre m\u00e9moire et votre cerveau avec DYNSEO","publisher":{"@id":"https:\/\/www.dynseo.com\/es\/#organization"},"potentialAction":[{"@type":"SearchAction","target":{"@type":"EntryPoint","urlTemplate":"https:\/\/www.dynseo.com\/es\/?s={search_term_string}"},"query-input":{"@type":"PropertyValueSpecification","valueRequired":true,"valueName":"search_term_string"}}],"inLanguage":"es"},{"@type":"Organization","@id":"https:\/\/www.dynseo.com\/es\/#organization","name":"DYNSEO","url":"https:\/\/www.dynseo.com\/es\/","logo":{"@type":"ImageObject","inLanguage":"es","@id":"https:\/\/www.dynseo.com\/es\/#\/schema\/logo\/image\/","url":"https:\/\/www.dynseo.com\/wp-content\/uploads\/2022\/05\/logo-dynseo-new.png","contentUrl":"https:\/\/www.dynseo.com\/wp-content\/uploads\/2022\/05\/logo-dynseo-new.png","width":5073,"height":1397,"caption":"DYNSEO"},"image":{"@id":"https:\/\/www.dynseo.com\/es\/#\/schema\/logo\/image\/"}}]}},"_links":{"self":[{"href":"https:\/\/www.dynseo.com\/es\/wp-json\/wp\/v2\/product\/419783","targetHints":{"allow":["GET"]}}],"collection":[{"href":"https:\/\/www.dynseo.com\/es\/wp-json\/wp\/v2\/product"}],"about":[{"href":"https:\/\/www.dynseo.com\/es\/wp-json\/wp\/v2\/types\/product"}],"replies":[{"embeddable":true,"href":"https:\/\/www.dynseo.com\/es\/wp-json\/wp\/v2\/comments?post=419783"}],"wp:featuredmedia":[{"embeddable":true,"href":"https:\/\/www.dynseo.com\/es\/wp-json\/wp\/v2\/media\/419990"}],"wp:attachment":[{"href":"https:\/\/www.dynseo.com\/es\/wp-json\/wp\/v2\/media?parent=419783"}],"wp:term":[{"taxonomy":"product_brand","embeddable":true,"href":"https:\/\/www.dynseo.com\/es\/wp-json\/wp\/v2\/product_brand?post=419783"},{"taxonomy":"product_cat","embeddable":true,"href":"https:\/\/www.dynseo.com\/es\/wp-json\/wp\/v2\/product_cat?post=419783"},{"taxonomy":"product_tag","embeddable":true,"href":"https:\/\/www.dynseo.com\/es\/wp-json\/wp\/v2\/product_tag?post=419783"}],"curies":[{"name":"wp","href":"https:\/\/api.w.org\/{rel}","templated":true}]}}