{"id":419787,"date":"2025-11-10T16:05:14","date_gmt":"2025-11-10T15:05:14","guid":{"rendered":"https:\/\/www.dynseo.com\/produit\/apoyar-a-los-mayores-de-una-forma-diferente-jugar-para-estimular-y-compartir\/"},"modified":"2025-11-12T18:04:04","modified_gmt":"2025-11-12T17:04:04","slug":"apoyar-a-los-mayores-de-una-forma-diferente-jugar-para-estimular-y-compartir","status":"publish","type":"product","link":"https:\/\/www.dynseo.com\/es\/produit\/apoyar-a-los-mayores-de-una-forma-diferente-jugar-para-estimular-y-compartir\/","title":{"rendered":"Apoyar a los mayores de una forma diferente: jugar para estimular y compartir"},"content":{"rendered":"<p data-start=\"135\" data-end=\"859\">Este curso de formaci\u00f3n te dar\u00e1 pautas claras para comprender las necesidades de las personas mayores y el papel central de los juegos (de papel y digitales) en la estimulaci\u00f3n de la cognici\u00f3n, la interacci\u00f3n social y la autoestima individual. Aprender\u00e1s a introducir la tableta de forma tranquilizadora, a adaptar las actividades a los distintos perfiles (independiente, fr\u00e1gil, deterioro cognitivo) y a establecer rituales sencillos y tranquilizadores. Mediante consejos pr\u00e1cticos y herramientas directamente utilizables, aprender\u00e1s a organizar sesiones, eliminar obst\u00e1culos, fomentar la participaci\u00f3n sin infantilizar e integrar soluciones digitales como <strong data-start=\"759\" data-end=\"768\">EDITH<\/strong> y <strong data-start=\"772\" data-end=\"779\">JOE<\/strong> para apoyar la memoria, la atenci\u00f3n y el lenguaje, tanto en residencias de ancianos como en casa.<\/p>\n<h3 data-start=\"861\" data-end=\"890\">Objetivos de la formaci\u00f3n<\/h3>\n<ul data-start=\"891\" data-end=\"1708\">\n<li data-start=\"891\" data-end=\"979\">\n<p data-start=\"893\" data-end=\"979\">Comprender las necesidades cognitivas, sociales, emocionales y motrices de las personas mayores.<\/p>\n<\/li>\n<li data-start=\"980\" data-end=\"1060\">\n<p data-start=\"982\" data-end=\"1060\">Identificar el impacto positivo del juego en la vida cotidiana y en la interacci\u00f3n social.<\/p>\n<\/li>\n<li data-start=\"1061\" data-end=\"1136\">\n<p data-start=\"1063\" data-end=\"1136\">Establece rutinas y rituales de uso sencillos y tranquilizadores.<\/p>\n<\/li>\n<li data-start=\"1137\" data-end=\"1217\">\n<p data-start=\"1139\" data-end=\"1217\">Presenta la tableta de forma amigable y adapta la interfaz a tus necesidades.<\/p>\n<\/li>\n<li data-start=\"1218\" data-end=\"1278\">\n<p data-start=\"1220\" data-end=\"1278\">Valorar el \u00e9xito y animar sin infantilizar.<\/p>\n<\/li>\n<li data-start=\"1279\" data-end=\"1375\">\n<p data-start=\"1281\" data-end=\"1375\">Utiliza el juego y la actividad suave para canalizar la energ\u00eda y favorecer el aprendizaje.<\/p>\n<\/li>\n<li data-start=\"1376\" data-end=\"1511\">\n<p data-start=\"1378\" data-end=\"1511\">Desarrolla estrategias para mejorar la atenci\u00f3n y la participaci\u00f3n (instrucciones breves, entorno tranquilo, materiales variados).<\/p>\n<\/li>\n<li data-start=\"1512\" data-end=\"1592\">\n<p data-start=\"1514\" data-end=\"1592\">Fomentar la independencia mediante etapas progresivas y puntos de referencia tranquilizadores.<\/p>\n<\/li>\n<li data-start=\"1593\" data-end=\"1708\">\n<p data-start=\"1595\" data-end=\"1708\">Descubre c\u00f3mo <strong data-start=\"1613\" data-end=\"1622\">EDITH<\/strong> y <strong data-start=\"1626\" data-end=\"1633\">JOE<\/strong> (DYNSEO) ayudan a los mayores a progresar de forma divertida y estimulante.<\/p>\n<\/li>\n<\/ul>\n<p data-start=\"1395\" data-end=\"1613\">Al finalizar este curso, ser\u00e1s capaz de ofrecer sesiones variadas, estimulantes y adecuadas que fomenten el bienestar, la participaci\u00f3n y la independencia de tus clientes.<\/p>\n<p data-start=\"1395\" data-end=\"1613\">Se hace hincapi\u00e9 en proporcionar un <strong data-start=\"219\" data-end=\"258\">entorno estructurado pero afectuoso<\/strong>, utilizando <strong data-start=\"277\" data-end=\"313\">estrategias pedag\u00f3gicas adecuadas<\/strong> y <strong data-start=\"320\" data-end=\"346\">apoyando a quienes te rodean<\/strong> (equipo, cuidadores, familia). Te ir\u00e1s con <strong data-start=\"398\" data-end=\"421\">soluciones pr\u00e1cticas<\/strong> y f\u00e1ciles de aplicar en el d\u00eda a d\u00eda, para <strong data-start=\"462\" data-end=\"488\">estimular sin cansar<\/strong>, <strong data-start=\"490\" data-end=\"516\">aumentar la confianza<\/strong> y <strong data-start=\"520\" data-end=\"550\">fomentar el desarrollo de<\/strong> las personas mayores, tanto en residencias como en casa.<\/p>\n<p>&nbsp;<\/p>\n","protected":false},"excerpt":{"rendered":"<p>Este curso de formaci\u00f3n te dar\u00e1 pautas claras para comprender las necesidades de las personas mayores y el papel central de los juegos (de papel y digitales) en la estimulaci\u00f3n de la cognici\u00f3n, la interacci\u00f3n social y la autoestima individual. Aprender\u00e1s a introducir la tableta de forma tranquilizadora, a adaptar las actividades a los distintos [&hellip;]<\/p>\n","protected":false},"featured_media":419965,"comment_status":"open","ping_status":"closed","template":"","meta":{"_et_pb_use_builder":"","_et_pb_old_content":"","_et_gb_content_width":""},"product_brand":[],"product_cat":[3719],"product_tag":[],"class_list":{"0":"post-419787","1":"product","2":"type-product","3":"status-publish","4":"has-post-thumbnail","6":"product_cat-formation","8":"first","9":"instock","10":"virtual","11":"taxable","12":"purchasable","13":"product-type-simple"},"yoast_head":"<!-- This site is optimized with the Yoast SEO plugin v27.5 - https:\/\/yoast.com\/product\/yoast-seo-wordpress\/ -->\n<title>Apoyar a los mayores de una forma diferente: jugar para estimular y compartir - DYNSEO - Aplicaci\u00f3n educativa y juegos de memoria<\/title>\n<meta name=\"robots\" content=\"index, follow, max-snippet:-1, max-image-preview:large, max-video-preview:-1\" \/>\n<link rel=\"canonical\" href=\"https:\/\/www.dynseo.com\/es\/produit\/apoyar-a-los-mayores-de-una-forma-diferente-jugar-para-estimular-y-compartir\/\" \/>\n<meta property=\"og:locale\" content=\"es_ES\" \/>\n<meta property=\"og:type\" content=\"article\" \/>\n<meta property=\"og:title\" content=\"Apoyar a los mayores de una forma diferente: jugar para estimular y compartir - DYNSEO - Aplicaci\u00f3n educativa y juegos de memoria\" \/>\n<meta property=\"og:description\" content=\"Este curso de formaci\u00f3n te dar\u00e1 pautas claras para comprender las necesidades de las personas mayores y el papel central de los juegos (de papel y digitales) en la estimulaci\u00f3n de la cognici\u00f3n, la interacci\u00f3n social y la autoestima individual. Aprender\u00e1s a introducir la tableta de forma tranquilizadora, a adaptar las actividades a los distintos [&hellip;]\" \/>\n<meta property=\"og:url\" content=\"https:\/\/www.dynseo.com\/es\/produit\/apoyar-a-los-mayores-de-una-forma-diferente-jugar-para-estimular-y-compartir\/\" \/>\n<meta property=\"og:site_name\" content=\"DYNSEO - Aplicaci\u00f3n educativa y juegos de memoria\" \/>\n<meta property=\"article:modified_time\" content=\"2025-11-12T17:04:04+00:00\" \/>\n<meta property=\"og:image\" content=\"https:\/\/www.dynseo.com\/wp-content\/uploads\/2025\/11\/Stimuler-et-cre\u0301er-du-lien.png\" \/>\n\t<meta property=\"og:image:width\" content=\"688\" \/>\n\t<meta property=\"og:image:height\" content=\"600\" \/>\n\t<meta property=\"og:image:type\" content=\"image\/png\" \/>\n<meta name=\"twitter:label1\" content=\"Tiempo de lectura\" \/>\n\t<meta name=\"twitter:data1\" content=\"2 minutos\" \/>\n<script type=\"application\/ld+json\" class=\"yoast-schema-graph\">{\"@context\":\"https:\\\/\\\/schema.org\",\"@graph\":[{\"@type\":\"WebPage\",\"@id\":\"https:\\\/\\\/www.dynseo.com\\\/es\\\/produit\\\/apoyar-a-los-mayores-de-una-forma-diferente-jugar-para-estimular-y-compartir\\\/\",\"url\":\"https:\\\/\\\/www.dynseo.com\\\/es\\\/produit\\\/apoyar-a-los-mayores-de-una-forma-diferente-jugar-para-estimular-y-compartir\\\/\",\"name\":\"Apoyar a los mayores de una forma diferente: jugar para estimular y compartir - DYNSEO - Aplicaci\u00f3n educativa y juegos de memoria\",\"isPartOf\":{\"@id\":\"https:\\\/\\\/www.dynseo.com\\\/es\\\/#website\"},\"primaryImageOfPage\":{\"@id\":\"https:\\\/\\\/www.dynseo.com\\\/es\\\/produit\\\/apoyar-a-los-mayores-de-una-forma-diferente-jugar-para-estimular-y-compartir\\\/#primaryimage\"},\"image\":{\"@id\":\"https:\\\/\\\/www.dynseo.com\\\/es\\\/produit\\\/apoyar-a-los-mayores-de-una-forma-diferente-jugar-para-estimular-y-compartir\\\/#primaryimage\"},\"thumbnailUrl\":\"https:\\\/\\\/www.dynseo.com\\\/wp-content\\\/uploads\\\/2025\\\/11\\\/Stimuler-et-cre\u0301er-du-lien.png\",\"datePublished\":\"2025-11-10T15:05:14+00:00\",\"dateModified\":\"2025-11-12T17:04:04+00:00\",\"breadcrumb\":{\"@id\":\"https:\\\/\\\/www.dynseo.com\\\/es\\\/produit\\\/apoyar-a-los-mayores-de-una-forma-diferente-jugar-para-estimular-y-compartir\\\/#breadcrumb\"},\"inLanguage\":\"es\",\"potentialAction\":[{\"@type\":\"ReadAction\",\"target\":[\"https:\\\/\\\/www.dynseo.com\\\/es\\\/produit\\\/apoyar-a-los-mayores-de-una-forma-diferente-jugar-para-estimular-y-compartir\\\/\"]}]},{\"@type\":\"ImageObject\",\"inLanguage\":\"es\",\"@id\":\"https:\\\/\\\/www.dynseo.com\\\/es\\\/produit\\\/apoyar-a-los-mayores-de-una-forma-diferente-jugar-para-estimular-y-compartir\\\/#primaryimage\",\"url\":\"https:\\\/\\\/www.dynseo.com\\\/wp-content\\\/uploads\\\/2025\\\/11\\\/Stimuler-et-cre\u0301er-du-lien.png\",\"contentUrl\":\"https:\\\/\\\/www.dynseo.com\\\/wp-content\\\/uploads\\\/2025\\\/11\\\/Stimuler-et-cre\u0301er-du-lien.png\",\"width\":688,\"height\":600,\"caption\":\"Actividades mentales a medida para adultos con problemas de memoria\"},{\"@type\":\"BreadcrumbList\",\"@id\":\"https:\\\/\\\/www.dynseo.com\\\/es\\\/produit\\\/apoyar-a-los-mayores-de-una-forma-diferente-jugar-para-estimular-y-compartir\\\/#breadcrumb\",\"itemListElement\":[{\"@type\":\"ListItem\",\"position\":1,\"name\":\"Accueil\",\"item\":\"https:\\\/\\\/www.dynseo.com\\\/es\\\/\"},{\"@type\":\"ListItem\",\"position\":2,\"name\":\"Tienda\",\"item\":\"https:\\\/\\\/www.dynseo.com\\\/es\\\/tienda\\\/\"},{\"@type\":\"ListItem\",\"position\":3,\"name\":\"Apoyar a los mayores de una forma diferente: jugar para estimular y compartir\"}]},{\"@type\":\"WebSite\",\"@id\":\"https:\\\/\\\/www.dynseo.com\\\/es\\\/#website\",\"url\":\"https:\\\/\\\/www.dynseo.com\\\/es\\\/\",\"name\":\"Jeux de m\u00e9moire et stimulation cognitive\",\"description\":\"Entra\u00eenez votre m\u00e9moire et votre cerveau avec DYNSEO\",\"publisher\":{\"@id\":\"https:\\\/\\\/www.dynseo.com\\\/es\\\/#organization\"},\"potentialAction\":[{\"@type\":\"SearchAction\",\"target\":{\"@type\":\"EntryPoint\",\"urlTemplate\":\"https:\\\/\\\/www.dynseo.com\\\/es\\\/?s={search_term_string}\"},\"query-input\":{\"@type\":\"PropertyValueSpecification\",\"valueRequired\":true,\"valueName\":\"search_term_string\"}}],\"inLanguage\":\"es\"},{\"@type\":\"Organization\",\"@id\":\"https:\\\/\\\/www.dynseo.com\\\/es\\\/#organization\",\"name\":\"DYNSEO\",\"url\":\"https:\\\/\\\/www.dynseo.com\\\/es\\\/\",\"logo\":{\"@type\":\"ImageObject\",\"inLanguage\":\"es\",\"@id\":\"https:\\\/\\\/www.dynseo.com\\\/es\\\/#\\\/schema\\\/logo\\\/image\\\/\",\"url\":\"https:\\\/\\\/www.dynseo.com\\\/wp-content\\\/uploads\\\/2022\\\/05\\\/logo-dynseo-new.png\",\"contentUrl\":\"https:\\\/\\\/www.dynseo.com\\\/wp-content\\\/uploads\\\/2022\\\/05\\\/logo-dynseo-new.png\",\"width\":5073,\"height\":1397,\"caption\":\"DYNSEO\"},\"image\":{\"@id\":\"https:\\\/\\\/www.dynseo.com\\\/es\\\/#\\\/schema\\\/logo\\\/image\\\/\"}}]}<\/script>\n<!-- \/ Yoast SEO plugin. -->","yoast_head_json":{"title":"Apoyar a los mayores de una forma diferente: jugar para estimular y compartir - DYNSEO - Aplicaci\u00f3n educativa y juegos de memoria","robots":{"index":"index","follow":"follow","max-snippet":"max-snippet:-1","max-image-preview":"max-image-preview:large","max-video-preview":"max-video-preview:-1"},"canonical":"https:\/\/www.dynseo.com\/es\/produit\/apoyar-a-los-mayores-de-una-forma-diferente-jugar-para-estimular-y-compartir\/","og_locale":"es_ES","og_type":"article","og_title":"Apoyar a los mayores de una forma diferente: jugar para estimular y compartir - DYNSEO - Aplicaci\u00f3n educativa y juegos de memoria","og_description":"Este curso de formaci\u00f3n te dar\u00e1 pautas claras para comprender las necesidades de las personas mayores y el papel central de los juegos (de papel y digitales) en la estimulaci\u00f3n de la cognici\u00f3n, la interacci\u00f3n social y la autoestima individual. Aprender\u00e1s a introducir la tableta de forma tranquilizadora, a adaptar las actividades a los distintos [&hellip;]","og_url":"https:\/\/www.dynseo.com\/es\/produit\/apoyar-a-los-mayores-de-una-forma-diferente-jugar-para-estimular-y-compartir\/","og_site_name":"DYNSEO - Aplicaci\u00f3n educativa y juegos de memoria","article_modified_time":"2025-11-12T17:04:04+00:00","og_image":[{"width":688,"height":600,"url":"https:\/\/www.dynseo.com\/wp-content\/uploads\/2025\/11\/Stimuler-et-cre\u0301er-du-lien.png","type":"image\/png"}],"twitter_misc":{"Tiempo de lectura":"2 minutos"},"schema":{"@context":"https:\/\/schema.org","@graph":[{"@type":"WebPage","@id":"https:\/\/www.dynseo.com\/es\/produit\/apoyar-a-los-mayores-de-una-forma-diferente-jugar-para-estimular-y-compartir\/","url":"https:\/\/www.dynseo.com\/es\/produit\/apoyar-a-los-mayores-de-una-forma-diferente-jugar-para-estimular-y-compartir\/","name":"Apoyar a los mayores de una forma diferente: jugar para estimular y compartir - DYNSEO - Aplicaci\u00f3n educativa y juegos de memoria","isPartOf":{"@id":"https:\/\/www.dynseo.com\/es\/#website"},"primaryImageOfPage":{"@id":"https:\/\/www.dynseo.com\/es\/produit\/apoyar-a-los-mayores-de-una-forma-diferente-jugar-para-estimular-y-compartir\/#primaryimage"},"image":{"@id":"https:\/\/www.dynseo.com\/es\/produit\/apoyar-a-los-mayores-de-una-forma-diferente-jugar-para-estimular-y-compartir\/#primaryimage"},"thumbnailUrl":"https:\/\/www.dynseo.com\/wp-content\/uploads\/2025\/11\/Stimuler-et-cre\u0301er-du-lien.png","datePublished":"2025-11-10T15:05:14+00:00","dateModified":"2025-11-12T17:04:04+00:00","breadcrumb":{"@id":"https:\/\/www.dynseo.com\/es\/produit\/apoyar-a-los-mayores-de-una-forma-diferente-jugar-para-estimular-y-compartir\/#breadcrumb"},"inLanguage":"es","potentialAction":[{"@type":"ReadAction","target":["https:\/\/www.dynseo.com\/es\/produit\/apoyar-a-los-mayores-de-una-forma-diferente-jugar-para-estimular-y-compartir\/"]}]},{"@type":"ImageObject","inLanguage":"es","@id":"https:\/\/www.dynseo.com\/es\/produit\/apoyar-a-los-mayores-de-una-forma-diferente-jugar-para-estimular-y-compartir\/#primaryimage","url":"https:\/\/www.dynseo.com\/wp-content\/uploads\/2025\/11\/Stimuler-et-cre\u0301er-du-lien.png","contentUrl":"https:\/\/www.dynseo.com\/wp-content\/uploads\/2025\/11\/Stimuler-et-cre\u0301er-du-lien.png","width":688,"height":600,"caption":"Actividades mentales a medida para adultos con problemas de memoria"},{"@type":"BreadcrumbList","@id":"https:\/\/www.dynseo.com\/es\/produit\/apoyar-a-los-mayores-de-una-forma-diferente-jugar-para-estimular-y-compartir\/#breadcrumb","itemListElement":[{"@type":"ListItem","position":1,"name":"Accueil","item":"https:\/\/www.dynseo.com\/es\/"},{"@type":"ListItem","position":2,"name":"Tienda","item":"https:\/\/www.dynseo.com\/es\/tienda\/"},{"@type":"ListItem","position":3,"name":"Apoyar a los mayores de una forma diferente: jugar para estimular y compartir"}]},{"@type":"WebSite","@id":"https:\/\/www.dynseo.com\/es\/#website","url":"https:\/\/www.dynseo.com\/es\/","name":"Jeux de m\u00e9moire et stimulation cognitive","description":"Entra\u00eenez votre m\u00e9moire et votre cerveau avec DYNSEO","publisher":{"@id":"https:\/\/www.dynseo.com\/es\/#organization"},"potentialAction":[{"@type":"SearchAction","target":{"@type":"EntryPoint","urlTemplate":"https:\/\/www.dynseo.com\/es\/?s={search_term_string}"},"query-input":{"@type":"PropertyValueSpecification","valueRequired":true,"valueName":"search_term_string"}}],"inLanguage":"es"},{"@type":"Organization","@id":"https:\/\/www.dynseo.com\/es\/#organization","name":"DYNSEO","url":"https:\/\/www.dynseo.com\/es\/","logo":{"@type":"ImageObject","inLanguage":"es","@id":"https:\/\/www.dynseo.com\/es\/#\/schema\/logo\/image\/","url":"https:\/\/www.dynseo.com\/wp-content\/uploads\/2022\/05\/logo-dynseo-new.png","contentUrl":"https:\/\/www.dynseo.com\/wp-content\/uploads\/2022\/05\/logo-dynseo-new.png","width":5073,"height":1397,"caption":"DYNSEO"},"image":{"@id":"https:\/\/www.dynseo.com\/es\/#\/schema\/logo\/image\/"}}]}},"_links":{"self":[{"href":"https:\/\/www.dynseo.com\/es\/wp-json\/wp\/v2\/product\/419787","targetHints":{"allow":["GET"]}}],"collection":[{"href":"https:\/\/www.dynseo.com\/es\/wp-json\/wp\/v2\/product"}],"about":[{"href":"https:\/\/www.dynseo.com\/es\/wp-json\/wp\/v2\/types\/product"}],"replies":[{"embeddable":true,"href":"https:\/\/www.dynseo.com\/es\/wp-json\/wp\/v2\/comments?post=419787"}],"wp:featuredmedia":[{"embeddable":true,"href":"https:\/\/www.dynseo.com\/es\/wp-json\/wp\/v2\/media\/419965"}],"wp:attachment":[{"href":"https:\/\/www.dynseo.com\/es\/wp-json\/wp\/v2\/media?parent=419787"}],"wp:term":[{"taxonomy":"product_brand","embeddable":true,"href":"https:\/\/www.dynseo.com\/es\/wp-json\/wp\/v2\/product_brand?post=419787"},{"taxonomy":"product_cat","embeddable":true,"href":"https:\/\/www.dynseo.com\/es\/wp-json\/wp\/v2\/product_cat?post=419787"},{"taxonomy":"product_tag","embeddable":true,"href":"https:\/\/www.dynseo.com\/es\/wp-json\/wp\/v2\/product_tag?post=419787"}],"curies":[{"name":"wp","href":"https:\/\/api.w.org\/{rel}","templated":true}]}}