{"id":419791,"date":"2025-11-10T16:09:05","date_gmt":"2025-11-10T15:09:05","guid":{"rendered":"https:\/\/www.dynseo.com\/produit\/apoyar-a-un-nino-con-tdah-claves-y-soluciones-para-la-vida-cotidiana\/"},"modified":"2025-11-12T18:00:39","modified_gmt":"2025-11-12T17:00:39","slug":"apoyar-a-un-nino-con-tdah-claves-y-soluciones-para-la-vida-cotidiana","status":"publish","type":"product","link":"https:\/\/www.dynseo.com\/es\/produit\/apoyar-a-un-nino-con-tdah-claves-y-soluciones-para-la-vida-cotidiana\/","title":{"rendered":"Apoyar a un ni\u00f1o con TDAH: claves y soluciones para la vida cotidiana"},"content":{"rendered":"<p data-start=\"196\" data-end=\"811\">Este curso te proporcionar\u00e1 una comprensi\u00f3n clara del trastorno por d\u00e9ficit de atenci\u00f3n con o sin hiperactividad (TDAH) y su repercusi\u00f3n en la vida cotidiana. Aprender\u00e1s a reconocer los distintos perfiles (desatento, hiperactivo-impulsivo, mixto) y sus manifestaciones, y a poner en marcha estrategias pr\u00e1cticas para mejorar la concentraci\u00f3n, canalizar la energ\u00eda y establecer rutinas tranquilizadoras. Con consejos pr\u00e1cticos y herramientas adecuadas, podr\u00e1s apoyar a tu hijo en la escuela y en casa, manteniendo un clima familiar tranquilo y positivo.<\/p>\n<h3 data-start=\"813\" data-end=\"844\">Objetivos de la formaci\u00f3n<\/h3>\n<ul data-start=\"846\" data-end=\"1858\">\n<li data-start=\"846\" data-end=\"952\">\n<p data-start=\"848\" data-end=\"952\">Comprender el TDAH, sus s\u00edntomas (falta de atenci\u00f3n, impulsividad, hiperactividad) y sus distintas formas.<\/p>\n<\/li>\n<li data-start=\"953\" data-end=\"1049\">\n<p data-start=\"955\" data-end=\"1049\">Identificar el impacto del TDAH en la vida escolar, las relaciones sociales y la vida familiar.<\/p>\n<\/li>\n<li data-start=\"1050\" data-end=\"1158\">\n<p data-start=\"1052\" data-end=\"1158\">Establece rutinas eficaces: horarios visuales, tareas divididas, recordatorios y listas de control.<\/p>\n<\/li>\n<li data-start=\"1159\" data-end=\"1239\">\n<p data-start=\"1161\" data-end=\"1239\">Valora los \u00e9xitos y anima a los ni\u00f1os en lugar de castigarlos.<\/p>\n<\/li>\n<li data-start=\"1240\" data-end=\"1351\">\n<p data-start=\"1242\" data-end=\"1351\">Utilizar el juego y la actividad f\u00edsica como medio de canalizar la energ\u00eda y reforzar el aprendizaje.<\/p>\n<\/li>\n<li data-start=\"1352\" data-end=\"1472\">\n<p data-start=\"1354\" data-end=\"1472\">Desarrolla estrategias para mejorar la concentraci\u00f3n: entorno tranquilo, instrucciones breves, materiales variados.<\/p>\n<\/li>\n<li data-start=\"1473\" data-end=\"1562\">\n<p data-start=\"1475\" data-end=\"1562\">Fomenta la autonom\u00eda mediante responsabilidades progresivas y elecciones guiadas.<\/p>\n<\/li>\n<li data-start=\"1563\" data-end=\"1703\">\n<p data-start=\"1565\" data-end=\"1703\">Mantener un ambiente familiar tranquilo gracias a unas normas claras, una comunicaci\u00f3n cuidadosa y un tiempo de calidad compartido.<\/p>\n<\/li>\n<li data-start=\"1704\" data-end=\"1858\">\n<p data-start=\"1706\" data-end=\"1858\">Descubre c\u00f3mo la aplicaci\u00f3n <strong data-start=\"1738\" data-end=\"1766\">COCO PIENSA y COCO SE MUEVE<\/strong> de DYNSEO puede ayudar a los ni\u00f1os con TDAH a progresar de forma divertida y estimulante.<\/p>\n<\/li>\n<\/ul>\n<p data-start=\"1860\" data-end=\"2212\">Se hace hincapi\u00e9 en proporcionar un entorno estructurado pero afectuoso, utilizando estrategias pedag\u00f3gicas adecuadas y apoyando a la familia. Saldr\u00e1s de la clase con soluciones pr\u00e1cticas y f\u00e1ciles de aplicar en el d\u00eda a d\u00eda, para ayudar a los ni\u00f1os a gestionar sus dificultades de forma m\u00e1s eficaz, aumentar su confianza en s\u00ed mismos y animarles a prosperar.<\/p>\n","protected":false},"excerpt":{"rendered":"<p>Este curso te proporcionar\u00e1 una comprensi\u00f3n clara del trastorno por d\u00e9ficit de atenci\u00f3n con o sin hiperactividad (TDAH) y su repercusi\u00f3n en la vida cotidiana. Aprender\u00e1s a reconocer los distintos perfiles (desatento, hiperactivo-impulsivo, mixto) y sus manifestaciones, y a poner en marcha estrategias pr\u00e1cticas para mejorar la concentraci\u00f3n, canalizar la energ\u00eda y establecer rutinas tranquilizadoras. [&hellip;]<\/p>\n","protected":false},"featured_media":419966,"comment_status":"open","ping_status":"closed","template":"","meta":{"_et_pb_use_builder":"","_et_pb_old_content":"","_et_gb_content_width":""},"product_brand":[],"product_cat":[4533],"product_tag":[],"class_list":{"0":"post-419791","1":"product","2":"type-product","3":"status-publish","4":"has-post-thumbnail","6":"product_cat-formacion-2","8":"first","9":"instock","10":"virtual","11":"taxable","12":"purchasable","13":"product-type-simple"},"yoast_head":"<!-- This site is optimized with the Yoast SEO plugin v27.5 - https:\/\/yoast.com\/product\/yoast-seo-wordpress\/ -->\n<title>Apoyar a un ni\u00f1o con TDAH: claves y soluciones para... #3<\/title>\n<meta name=\"robots\" content=\"index, follow, max-snippet:-1, max-image-preview:large, max-video-preview:-1\" \/>\n<link rel=\"canonical\" href=\"https:\/\/www.dynseo.com\/es\/produit\/apoyar-a-un-nino-con-tdah-claves-y-soluciones-para-la-vida-cotidiana\/\" \/>\n<meta property=\"og:locale\" content=\"es_ES\" \/>\n<meta property=\"og:type\" content=\"article\" \/>\n<meta property=\"og:title\" content=\"Apoyar a un ni\u00f1o con TDAH: claves y soluciones para... #3\" \/>\n<meta property=\"og:description\" content=\"Este curso te proporcionar\u00e1 una comprensi\u00f3n clara del trastorno por d\u00e9ficit de atenci\u00f3n con o sin hiperactividad (TDAH) y su repercusi\u00f3n en la vida cotidiana. Aprender\u00e1s a reconocer los distintos perfiles (desatento, hiperactivo-impulsivo, mixto) y sus manifestaciones, y a poner en marcha estrategias pr\u00e1cticas para mejorar la concentraci\u00f3n, canalizar la energ\u00eda y establecer rutinas tranquilizadoras. [&hellip;]\" \/>\n<meta property=\"og:url\" content=\"https:\/\/www.dynseo.com\/es\/produit\/apoyar-a-un-nino-con-tdah-claves-y-soluciones-para-la-vida-cotidiana\/\" \/>\n<meta property=\"og:site_name\" content=\"DYNSEO - Aplicaci\u00f3n educativa y juegos de memoria\" \/>\n<meta property=\"article:modified_time\" content=\"2025-11-12T17:00:39+00:00\" \/>\n<meta property=\"og:image\" content=\"https:\/\/www.dynseo.com\/wp-content\/uploads\/2025\/11\/Accompagner-un-enfant-avec-TDAH-_-cle\u0301s-et-solutions-au-quotidien.png\" \/>\n\t<meta property=\"og:image:width\" content=\"688\" \/>\n\t<meta property=\"og:image:height\" content=\"600\" \/>\n\t<meta property=\"og:image:type\" content=\"image\/png\" \/>\n<meta name=\"twitter:label1\" content=\"Tiempo de lectura\" \/>\n\t<meta name=\"twitter:data1\" content=\"2 minutos\" \/>\n<script type=\"application\/ld+json\" class=\"yoast-schema-graph\">{\"@context\":\"https:\\\/\\\/schema.org\",\"@graph\":[{\"@type\":\"WebPage\",\"@id\":\"https:\\\/\\\/www.dynseo.com\\\/es\\\/produit\\\/apoyar-a-un-nino-con-tdah-claves-y-soluciones-para-la-vida-cotidiana\\\/\",\"url\":\"https:\\\/\\\/www.dynseo.com\\\/es\\\/produit\\\/apoyar-a-un-nino-con-tdah-claves-y-soluciones-para-la-vida-cotidiana\\\/\",\"name\":\"Apoyar a un ni\u00f1o con TDAH: claves y soluciones para... #3\",\"isPartOf\":{\"@id\":\"https:\\\/\\\/www.dynseo.com\\\/es\\\/#website\"},\"primaryImageOfPage\":{\"@id\":\"https:\\\/\\\/www.dynseo.com\\\/es\\\/produit\\\/apoyar-a-un-nino-con-tdah-claves-y-soluciones-para-la-vida-cotidiana\\\/#primaryimage\"},\"image\":{\"@id\":\"https:\\\/\\\/www.dynseo.com\\\/es\\\/produit\\\/apoyar-a-un-nino-con-tdah-claves-y-soluciones-para-la-vida-cotidiana\\\/#primaryimage\"},\"thumbnailUrl\":\"https:\\\/\\\/www.dynseo.com\\\/wp-content\\\/uploads\\\/2025\\\/11\\\/Accompagner-un-enfant-avec-TDAH-_-cle\u0301s-et-solutions-au-quotidien.png\",\"datePublished\":\"2025-11-10T15:09:05+00:00\",\"dateModified\":\"2025-11-12T17:00:39+00:00\",\"breadcrumb\":{\"@id\":\"https:\\\/\\\/www.dynseo.com\\\/es\\\/produit\\\/apoyar-a-un-nino-con-tdah-claves-y-soluciones-para-la-vida-cotidiana\\\/#breadcrumb\"},\"inLanguage\":\"es\",\"potentialAction\":[{\"@type\":\"ReadAction\",\"target\":[\"https:\\\/\\\/www.dynseo.com\\\/es\\\/produit\\\/apoyar-a-un-nino-con-tdah-claves-y-soluciones-para-la-vida-cotidiana\\\/\"]}]},{\"@type\":\"ImageObject\",\"inLanguage\":\"es\",\"@id\":\"https:\\\/\\\/www.dynseo.com\\\/es\\\/produit\\\/apoyar-a-un-nino-con-tdah-claves-y-soluciones-para-la-vida-cotidiana\\\/#primaryimage\",\"url\":\"https:\\\/\\\/www.dynseo.com\\\/wp-content\\\/uploads\\\/2025\\\/11\\\/Accompagner-un-enfant-avec-TDAH-_-cle\u0301s-et-solutions-au-quotidien.png\",\"contentUrl\":\"https:\\\/\\\/www.dynseo.com\\\/wp-content\\\/uploads\\\/2025\\\/11\\\/Accompagner-un-enfant-avec-TDAH-_-cle\u0301s-et-solutions-au-quotidien.png\",\"width\":688,\"height\":600,\"caption\":\"Revitalizando la memoria de los abuelos con actividades estimulantes\"},{\"@type\":\"BreadcrumbList\",\"@id\":\"https:\\\/\\\/www.dynseo.com\\\/es\\\/produit\\\/apoyar-a-un-nino-con-tdah-claves-y-soluciones-para-la-vida-cotidiana\\\/#breadcrumb\",\"itemListElement\":[{\"@type\":\"ListItem\",\"position\":1,\"name\":\"Accueil\",\"item\":\"https:\\\/\\\/www.dynseo.com\\\/es\\\/\"},{\"@type\":\"ListItem\",\"position\":2,\"name\":\"Tienda\",\"item\":\"https:\\\/\\\/www.dynseo.com\\\/es\\\/tienda\\\/\"},{\"@type\":\"ListItem\",\"position\":3,\"name\":\"Apoyar a un ni\u00f1o con TDAH: claves y soluciones para la vida cotidiana\"}]},{\"@type\":\"WebSite\",\"@id\":\"https:\\\/\\\/www.dynseo.com\\\/es\\\/#website\",\"url\":\"https:\\\/\\\/www.dynseo.com\\\/es\\\/\",\"name\":\"Jeux de m\u00e9moire et stimulation cognitive\",\"description\":\"Entra\u00eenez votre m\u00e9moire et votre cerveau avec DYNSEO\",\"publisher\":{\"@id\":\"https:\\\/\\\/www.dynseo.com\\\/es\\\/#organization\"},\"potentialAction\":[{\"@type\":\"SearchAction\",\"target\":{\"@type\":\"EntryPoint\",\"urlTemplate\":\"https:\\\/\\\/www.dynseo.com\\\/es\\\/?s={search_term_string}\"},\"query-input\":{\"@type\":\"PropertyValueSpecification\",\"valueRequired\":true,\"valueName\":\"search_term_string\"}}],\"inLanguage\":\"es\"},{\"@type\":\"Organization\",\"@id\":\"https:\\\/\\\/www.dynseo.com\\\/es\\\/#organization\",\"name\":\"DYNSEO\",\"url\":\"https:\\\/\\\/www.dynseo.com\\\/es\\\/\",\"logo\":{\"@type\":\"ImageObject\",\"inLanguage\":\"es\",\"@id\":\"https:\\\/\\\/www.dynseo.com\\\/es\\\/#\\\/schema\\\/logo\\\/image\\\/\",\"url\":\"https:\\\/\\\/www.dynseo.com\\\/wp-content\\\/uploads\\\/2022\\\/05\\\/logo-dynseo-new.png\",\"contentUrl\":\"https:\\\/\\\/www.dynseo.com\\\/wp-content\\\/uploads\\\/2022\\\/05\\\/logo-dynseo-new.png\",\"width\":5073,\"height\":1397,\"caption\":\"DYNSEO\"},\"image\":{\"@id\":\"https:\\\/\\\/www.dynseo.com\\\/es\\\/#\\\/schema\\\/logo\\\/image\\\/\"}}]}<\/script>\n<!-- \/ Yoast SEO plugin. -->","yoast_head_json":{"title":"Apoyar a un ni\u00f1o con TDAH: claves y soluciones para... #3","robots":{"index":"index","follow":"follow","max-snippet":"max-snippet:-1","max-image-preview":"max-image-preview:large","max-video-preview":"max-video-preview:-1"},"canonical":"https:\/\/www.dynseo.com\/es\/produit\/apoyar-a-un-nino-con-tdah-claves-y-soluciones-para-la-vida-cotidiana\/","og_locale":"es_ES","og_type":"article","og_title":"Apoyar a un ni\u00f1o con TDAH: claves y soluciones para... #3","og_description":"Este curso te proporcionar\u00e1 una comprensi\u00f3n clara del trastorno por d\u00e9ficit de atenci\u00f3n con o sin hiperactividad (TDAH) y su repercusi\u00f3n en la vida cotidiana. Aprender\u00e1s a reconocer los distintos perfiles (desatento, hiperactivo-impulsivo, mixto) y sus manifestaciones, y a poner en marcha estrategias pr\u00e1cticas para mejorar la concentraci\u00f3n, canalizar la energ\u00eda y establecer rutinas tranquilizadoras. [&hellip;]","og_url":"https:\/\/www.dynseo.com\/es\/produit\/apoyar-a-un-nino-con-tdah-claves-y-soluciones-para-la-vida-cotidiana\/","og_site_name":"DYNSEO - Aplicaci\u00f3n educativa y juegos de memoria","article_modified_time":"2025-11-12T17:00:39+00:00","og_image":[{"width":688,"height":600,"url":"https:\/\/www.dynseo.com\/wp-content\/uploads\/2025\/11\/Accompagner-un-enfant-avec-TDAH-_-cle\u0301s-et-solutions-au-quotidien.png","type":"image\/png"}],"twitter_misc":{"Tiempo de lectura":"2 minutos"},"schema":{"@context":"https:\/\/schema.org","@graph":[{"@type":"WebPage","@id":"https:\/\/www.dynseo.com\/es\/produit\/apoyar-a-un-nino-con-tdah-claves-y-soluciones-para-la-vida-cotidiana\/","url":"https:\/\/www.dynseo.com\/es\/produit\/apoyar-a-un-nino-con-tdah-claves-y-soluciones-para-la-vida-cotidiana\/","name":"Apoyar a un ni\u00f1o con TDAH: claves y soluciones para... #3","isPartOf":{"@id":"https:\/\/www.dynseo.com\/es\/#website"},"primaryImageOfPage":{"@id":"https:\/\/www.dynseo.com\/es\/produit\/apoyar-a-un-nino-con-tdah-claves-y-soluciones-para-la-vida-cotidiana\/#primaryimage"},"image":{"@id":"https:\/\/www.dynseo.com\/es\/produit\/apoyar-a-un-nino-con-tdah-claves-y-soluciones-para-la-vida-cotidiana\/#primaryimage"},"thumbnailUrl":"https:\/\/www.dynseo.com\/wp-content\/uploads\/2025\/11\/Accompagner-un-enfant-avec-TDAH-_-cle\u0301s-et-solutions-au-quotidien.png","datePublished":"2025-11-10T15:09:05+00:00","dateModified":"2025-11-12T17:00:39+00:00","breadcrumb":{"@id":"https:\/\/www.dynseo.com\/es\/produit\/apoyar-a-un-nino-con-tdah-claves-y-soluciones-para-la-vida-cotidiana\/#breadcrumb"},"inLanguage":"es","potentialAction":[{"@type":"ReadAction","target":["https:\/\/www.dynseo.com\/es\/produit\/apoyar-a-un-nino-con-tdah-claves-y-soluciones-para-la-vida-cotidiana\/"]}]},{"@type":"ImageObject","inLanguage":"es","@id":"https:\/\/www.dynseo.com\/es\/produit\/apoyar-a-un-nino-con-tdah-claves-y-soluciones-para-la-vida-cotidiana\/#primaryimage","url":"https:\/\/www.dynseo.com\/wp-content\/uploads\/2025\/11\/Accompagner-un-enfant-avec-TDAH-_-cle\u0301s-et-solutions-au-quotidien.png","contentUrl":"https:\/\/www.dynseo.com\/wp-content\/uploads\/2025\/11\/Accompagner-un-enfant-avec-TDAH-_-cle\u0301s-et-solutions-au-quotidien.png","width":688,"height":600,"caption":"Revitalizando la memoria de los abuelos con actividades estimulantes"},{"@type":"BreadcrumbList","@id":"https:\/\/www.dynseo.com\/es\/produit\/apoyar-a-un-nino-con-tdah-claves-y-soluciones-para-la-vida-cotidiana\/#breadcrumb","itemListElement":[{"@type":"ListItem","position":1,"name":"Accueil","item":"https:\/\/www.dynseo.com\/es\/"},{"@type":"ListItem","position":2,"name":"Tienda","item":"https:\/\/www.dynseo.com\/es\/tienda\/"},{"@type":"ListItem","position":3,"name":"Apoyar a un ni\u00f1o con TDAH: claves y soluciones para la vida cotidiana"}]},{"@type":"WebSite","@id":"https:\/\/www.dynseo.com\/es\/#website","url":"https:\/\/www.dynseo.com\/es\/","name":"Jeux de m\u00e9moire et stimulation cognitive","description":"Entra\u00eenez votre m\u00e9moire et votre cerveau avec DYNSEO","publisher":{"@id":"https:\/\/www.dynseo.com\/es\/#organization"},"potentialAction":[{"@type":"SearchAction","target":{"@type":"EntryPoint","urlTemplate":"https:\/\/www.dynseo.com\/es\/?s={search_term_string}"},"query-input":{"@type":"PropertyValueSpecification","valueRequired":true,"valueName":"search_term_string"}}],"inLanguage":"es"},{"@type":"Organization","@id":"https:\/\/www.dynseo.com\/es\/#organization","name":"DYNSEO","url":"https:\/\/www.dynseo.com\/es\/","logo":{"@type":"ImageObject","inLanguage":"es","@id":"https:\/\/www.dynseo.com\/es\/#\/schema\/logo\/image\/","url":"https:\/\/www.dynseo.com\/wp-content\/uploads\/2022\/05\/logo-dynseo-new.png","contentUrl":"https:\/\/www.dynseo.com\/wp-content\/uploads\/2022\/05\/logo-dynseo-new.png","width":5073,"height":1397,"caption":"DYNSEO"},"image":{"@id":"https:\/\/www.dynseo.com\/es\/#\/schema\/logo\/image\/"}}]}},"_links":{"self":[{"href":"https:\/\/www.dynseo.com\/es\/wp-json\/wp\/v2\/product\/419791","targetHints":{"allow":["GET"]}}],"collection":[{"href":"https:\/\/www.dynseo.com\/es\/wp-json\/wp\/v2\/product"}],"about":[{"href":"https:\/\/www.dynseo.com\/es\/wp-json\/wp\/v2\/types\/product"}],"replies":[{"embeddable":true,"href":"https:\/\/www.dynseo.com\/es\/wp-json\/wp\/v2\/comments?post=419791"}],"wp:featuredmedia":[{"embeddable":true,"href":"https:\/\/www.dynseo.com\/es\/wp-json\/wp\/v2\/media\/419966"}],"wp:attachment":[{"href":"https:\/\/www.dynseo.com\/es\/wp-json\/wp\/v2\/media?parent=419791"}],"wp:term":[{"taxonomy":"product_brand","embeddable":true,"href":"https:\/\/www.dynseo.com\/es\/wp-json\/wp\/v2\/product_brand?post=419791"},{"taxonomy":"product_cat","embeddable":true,"href":"https:\/\/www.dynseo.com\/es\/wp-json\/wp\/v2\/product_cat?post=419791"},{"taxonomy":"product_tag","embeddable":true,"href":"https:\/\/www.dynseo.com\/es\/wp-json\/wp\/v2\/product_tag?post=419791"}],"curies":[{"name":"wp","href":"https:\/\/api.w.org\/{rel}","templated":true}]}}