{"id":419795,"date":"2025-11-10T16:14:22","date_gmt":"2025-11-10T15:14:22","guid":{"rendered":"https:\/\/www.dynseo.com\/produit\/enfermedad-de-alzheimer-comprender-la-enfermedad-y-encontrar-soluciones-para-la-vida-cotidiana\/"},"modified":"2025-11-12T18:01:05","modified_gmt":"2025-11-12T17:01:05","slug":"enfermedad-de-alzheimer-comprender-la-enfermedad-y-encontrar-soluciones-para-la-vida-cotidiana","status":"publish","type":"product","link":"https:\/\/www.dynseo.com\/es\/produit\/enfermedad-de-alzheimer-comprender-la-enfermedad-y-encontrar-soluciones-para-la-vida-cotidiana\/","title":{"rendered":"Enfermedad de Alzheimer: comprender la enfermedad y encontrar soluciones para la vida cotidiana"},"content":{"rendered":"<article class=\"text-token-text-primary w-full focus:outline-none scroll-mt-[calc(var(--header-height)+min(200px,max(70px,20svh)))]\" dir=\"auto\" data-turn-id=\"0a21a984-e381-4cd1-b951-1b531a29b718\" data-testid=\"conversation-turn-34\" data-scroll-anchor=\"true\" data-turn=\"assistant\">\n<div class=\"text-base my-auto mx-auto pb-10 [--thread-content-margin:--spacing(4)] thread-sm:[--thread-content-margin:--spacing(6)] thread-lg:[--thread-content-margin:--spacing(16)] px-(--thread-content-margin)\">\n<div class=\"[--thread-content-max-width:40rem] thread-sm:[--thread-content-max-width:40rem] thread-lg:[--thread-content-max-width:48rem] mx-auto max-w-(--thread-content-max-width) flex-1 group\/turn-messages focus-visible:outline-hidden relative flex w-full min-w-0 flex-col agent-turn\">\n<div class=\"flex max-w-full flex-col grow\">\n<div class=\"min-h-8 text-message relative flex w-full flex-col items-end gap-2 text-start break-words whitespace-normal [.text-message+&amp;]:mt-5\" dir=\"auto\" data-message-author-role=\"assistant\" data-message-id=\"148fe27b-8eec-4edd-8b3d-9e59839adbf2\" data-message-model-slug=\"gpt-5-thinking\">\n<div class=\"flex w-full flex-col gap-1 empty:hidden first:pt-[3px]\">\n<div class=\"markdown prose dark:prose-invert w-full break-words light markdown-new-styling\">\n<p data-start=\"139\" data-end=\"609\">Este curso te proporcionar\u00e1 una comprensi\u00f3n clara de la enfermedad de Alzheimer y su progresi\u00f3n. Aprender\u00e1s por qu\u00e9 aparecen los problemas de memoria, atenci\u00f3n y comunicaci\u00f3n, y sobre todo c\u00f3mo repercuten en la vida cotidiana. Mediante consejos pr\u00e1cticos y f\u00e1ciles de aplicar, aprender\u00e1s a adaptar el entorno dom\u00e9stico, hacer m\u00e1s seguras las actividades cotidianas y preservar la calidad de vida de tu ser querido&#8230; y la tuya propia.<\/p>\n<h1 data-start=\"611\" data-end=\"638\">Objetivos de la formaci\u00f3n<\/h1>\n<ul data-start=\"639\" data-end=\"1594\">\n<li data-start=\"639\" data-end=\"744\">\n<p data-start=\"641\" data-end=\"744\"><strong data-start=\"641\" data-end=\"657\">Diferenciar entre<\/strong> envejecimiento normal y enfermedad de Alzheimer (mecanismos, factores de riesgo).<\/p>\n<\/li>\n<li data-start=\"745\" data-end=\"831\">\n<p data-start=\"747\" data-end=\"831\"><strong data-start=\"747\" data-end=\"758\">Identifica<\/strong> los s\u00edntomas t\u00edpicos y el <strong data-start=\"785\" data-end=\"804\">estadio<\/strong> (leve, moderado, avanzado).<\/p>\n<\/li>\n<li data-start=\"832\" data-end=\"928\">\n<p data-start=\"834\" data-end=\"928\"><strong data-start=\"834\" data-end=\"848\">Comprender<\/strong> el impacto en los distintos tipos de <strong data-start=\"886\" data-end=\"897\">memoria<\/strong> y en la <strong data-start=\"908\" data-end=\"925\">comunicaci\u00f3n<\/strong>.<\/p>\n<\/li>\n<li data-start=\"929\" data-end=\"1018\">\n<p data-start=\"931\" data-end=\"1018\"><strong data-start=\"931\" data-end=\"944\">Asegura<\/strong> la casa habitaci\u00f3n por habitaci\u00f3n y coloca <strong data-start=\"996\" data-end=\"1015\">marcadores visuales<\/strong>.<\/p>\n<\/li>\n<li data-start=\"1019\" data-end=\"1101\">\n<p data-start=\"1021\" data-end=\"1101\"><strong data-start=\"1021\" data-end=\"1046\">Mantener la independencia<\/strong>: rutinas, gestos simplificados, participaci\u00f3n activa.<\/p>\n<\/li>\n<li data-start=\"1102\" data-end=\"1197\">\n<p data-start=\"1104\" data-end=\"1197\"><strong data-start=\"1104\" data-end=\"1134\">Mantener los lazos familiares<\/strong>: actividades adaptadas (fotos, m\u00fasica, cocina, paseos).<\/p>\n<\/li>\n<li data-start=\"1198\" data-end=\"1305\">\n<p data-start=\"1200\" data-end=\"1305\"><strong data-start=\"1200\" data-end=\"1238\">Adopta una comunicaci\u00f3n positiva<\/strong>: frases cortas, paciencia, aprecio en lugar de correcci\u00f3n.<\/p>\n<\/li>\n<li data-start=\"1306\" data-end=\"1405\">\n<p data-start=\"1308\" data-end=\"1405\"><strong data-start=\"1308\" data-end=\"1329\">Apoyar a los cuidadores<\/strong>: reconocer sus emociones, prevenir el agotamiento, movilizar a familiares y amigos.<\/p>\n<\/li>\n<li data-start=\"1406\" data-end=\"1486\">\n<p data-start=\"1408\" data-end=\"1486\"><strong data-start=\"1408\" data-end=\"1447\">Estructurar un plan de apoyo<\/strong> para mejorar la calidad de vida en el d\u00eda a d\u00eda.<\/p>\n<\/li>\n<li data-start=\"1487\" data-end=\"1594\">\n<p data-start=\"1489\" data-end=\"1594\"><strong data-start=\"1489\" data-end=\"1526\">Estimula las funciones cognitivas<\/strong> con <strong data-start=\"1532\" data-end=\"1548\">DYNSEO EDITH<\/strong> (m\u00e1s de 30 juegos adaptados) y <strong data-start=\"1571\" data-end=\"1593\">controla los progresos<\/strong>.<\/p>\n<\/li>\n<\/ul>\n<p data-start=\"1596\" data-end=\"1921\" data-is-last-node=\"\" data-is-only-node=\"\">Se hace hincapi\u00e9 en la estimulaci\u00f3n cognitiva, la seguridad en el hogar y el mantenimiento de los v\u00ednculos afectivos. Te ir\u00e1s con soluciones sencillas y pr\u00e1cticas que puedes poner en pr\u00e1ctica inmediatamente, para ayudarte a <strong data-start=\"1800\" data-end=\"1822\">ganar en tranquilidad<\/strong>, <strong data-start=\"1824\" data-end=\"1846\">restablecer la confianza<\/strong> de la familia y situar <strong data-start=\"1863\" data-end=\"1876\" data-is-only-node=\"\">a<\/strong> la persona afectada en el centro del proceso de toma de decisiones.<\/p>\n<\/div>\n<\/div>\n<\/div>\n<\/div>\n<div class=\"flex min-h-[46px] justify-start\"><\/div>\n<div class=\"mt-3 w-full empty:hidden\">\n<div class=\"text-center\"><\/div>\n<\/div>\n<\/div>\n<\/div>\n<\/article>\n","protected":false},"excerpt":{"rendered":"<p>Este curso te proporcionar\u00e1 una comprensi\u00f3n clara de la enfermedad de Alzheimer y su progresi\u00f3n. Aprender\u00e1s por qu\u00e9 aparecen los problemas de memoria, atenci\u00f3n y comunicaci\u00f3n, y sobre todo c\u00f3mo repercuten en la vida cotidiana. Mediante consejos pr\u00e1cticos y f\u00e1ciles de aplicar, aprender\u00e1s a adaptar el entorno dom\u00e9stico, hacer m\u00e1s seguras las actividades cotidianas y [&hellip;]<\/p>\n","protected":false},"featured_media":419968,"comment_status":"open","ping_status":"closed","template":"","meta":{"_et_pb_use_builder":"","_et_pb_old_content":"","_et_gb_content_width":""},"product_brand":[],"product_cat":[4533],"product_tag":[],"class_list":{"0":"post-419795","1":"product","2":"type-product","3":"status-publish","4":"has-post-thumbnail","6":"product_cat-formacion-2","8":"first","9":"instock","10":"virtual","11":"taxable","12":"purchasable","13":"product-type-simple"},"yoast_head":"<!-- This site is optimized with the Yoast SEO plugin v27.5 - https:\/\/yoast.com\/product\/yoast-seo-wordpress\/ -->\n<title>Enfermedad de Alzheimer: comprender la enfermedad y ... #2<\/title>\n<meta name=\"robots\" content=\"index, follow, max-snippet:-1, max-image-preview:large, max-video-preview:-1\" \/>\n<link rel=\"canonical\" href=\"https:\/\/www.dynseo.com\/es\/produit\/enfermedad-de-alzheimer-comprender-la-enfermedad-y-encontrar-soluciones-para-la-vida-cotidiana\/\" \/>\n<meta property=\"og:locale\" content=\"es_ES\" \/>\n<meta property=\"og:type\" content=\"article\" \/>\n<meta property=\"og:title\" content=\"Enfermedad de Alzheimer: comprender la enfermedad y ... #2\" \/>\n<meta property=\"og:description\" content=\"Este curso te proporcionar\u00e1 una comprensi\u00f3n clara de la enfermedad de Alzheimer y su progresi\u00f3n. Aprender\u00e1s por qu\u00e9 aparecen los problemas de memoria, atenci\u00f3n y comunicaci\u00f3n, y sobre todo c\u00f3mo repercuten en la vida cotidiana. Mediante consejos pr\u00e1cticos y f\u00e1ciles de aplicar, aprender\u00e1s a adaptar el entorno dom\u00e9stico, hacer m\u00e1s seguras las actividades cotidianas y [&hellip;]\" \/>\n<meta property=\"og:url\" content=\"https:\/\/www.dynseo.com\/es\/produit\/enfermedad-de-alzheimer-comprender-la-enfermedad-y-encontrar-soluciones-para-la-vida-cotidiana\/\" \/>\n<meta property=\"og:site_name\" content=\"DYNSEO - Aplicaci\u00f3n educativa y juegos de memoria\" \/>\n<meta property=\"article:modified_time\" content=\"2025-11-12T17:01:05+00:00\" \/>\n<meta property=\"og:image\" content=\"https:\/\/www.dynseo.com\/wp-content\/uploads\/2025\/11\/Alzheimer-_-comprendre-la-maladie-et-trouver-des-solutions-pour-le-quotidien.png\" \/>\n\t<meta property=\"og:image:width\" content=\"688\" \/>\n\t<meta property=\"og:image:height\" content=\"600\" \/>\n\t<meta property=\"og:image:type\" content=\"image\/png\" \/>\n<meta name=\"twitter:label1\" content=\"Tiempo de lectura\" \/>\n\t<meta name=\"twitter:data1\" content=\"2 minutos\" \/>\n<script type=\"application\/ld+json\" class=\"yoast-schema-graph\">{\"@context\":\"https:\\\/\\\/schema.org\",\"@graph\":[{\"@type\":\"WebPage\",\"@id\":\"https:\\\/\\\/www.dynseo.com\\\/es\\\/produit\\\/enfermedad-de-alzheimer-comprender-la-enfermedad-y-encontrar-soluciones-para-la-vida-cotidiana\\\/\",\"url\":\"https:\\\/\\\/www.dynseo.com\\\/es\\\/produit\\\/enfermedad-de-alzheimer-comprender-la-enfermedad-y-encontrar-soluciones-para-la-vida-cotidiana\\\/\",\"name\":\"Enfermedad de Alzheimer: comprender la enfermedad y ... #2\",\"isPartOf\":{\"@id\":\"https:\\\/\\\/www.dynseo.com\\\/es\\\/#website\"},\"primaryImageOfPage\":{\"@id\":\"https:\\\/\\\/www.dynseo.com\\\/es\\\/produit\\\/enfermedad-de-alzheimer-comprender-la-enfermedad-y-encontrar-soluciones-para-la-vida-cotidiana\\\/#primaryimage\"},\"image\":{\"@id\":\"https:\\\/\\\/www.dynseo.com\\\/es\\\/produit\\\/enfermedad-de-alzheimer-comprender-la-enfermedad-y-encontrar-soluciones-para-la-vida-cotidiana\\\/#primaryimage\"},\"thumbnailUrl\":\"https:\\\/\\\/www.dynseo.com\\\/wp-content\\\/uploads\\\/2025\\\/11\\\/Alzheimer-_-comprendre-la-maladie-et-trouver-des-solutions-pour-le-quotidien.png\",\"datePublished\":\"2025-11-10T15:14:22+00:00\",\"dateModified\":\"2025-11-12T17:01:05+00:00\",\"breadcrumb\":{\"@id\":\"https:\\\/\\\/www.dynseo.com\\\/es\\\/produit\\\/enfermedad-de-alzheimer-comprender-la-enfermedad-y-encontrar-soluciones-para-la-vida-cotidiana\\\/#breadcrumb\"},\"inLanguage\":\"es\",\"potentialAction\":[{\"@type\":\"ReadAction\",\"target\":[\"https:\\\/\\\/www.dynseo.com\\\/es\\\/produit\\\/enfermedad-de-alzheimer-comprender-la-enfermedad-y-encontrar-soluciones-para-la-vida-cotidiana\\\/\"]}]},{\"@type\":\"ImageObject\",\"inLanguage\":\"es\",\"@id\":\"https:\\\/\\\/www.dynseo.com\\\/es\\\/produit\\\/enfermedad-de-alzheimer-comprender-la-enfermedad-y-encontrar-soluciones-para-la-vida-cotidiana\\\/#primaryimage\",\"url\":\"https:\\\/\\\/www.dynseo.com\\\/wp-content\\\/uploads\\\/2025\\\/11\\\/Alzheimer-_-comprendre-la-maladie-et-trouver-des-solutions-pour-le-quotidien.png\",\"contentUrl\":\"https:\\\/\\\/www.dynseo.com\\\/wp-content\\\/uploads\\\/2025\\\/11\\\/Alzheimer-_-comprendre-la-maladie-et-trouver-des-solutions-pour-le-quotidien.png\",\"width\":688,\"height\":600,\"caption\":\"Aplicaci\u00f3n de DYNSEO para potenciar las capacidades mentales\"},{\"@type\":\"BreadcrumbList\",\"@id\":\"https:\\\/\\\/www.dynseo.com\\\/es\\\/produit\\\/enfermedad-de-alzheimer-comprender-la-enfermedad-y-encontrar-soluciones-para-la-vida-cotidiana\\\/#breadcrumb\",\"itemListElement\":[{\"@type\":\"ListItem\",\"position\":1,\"name\":\"Accueil\",\"item\":\"https:\\\/\\\/www.dynseo.com\\\/es\\\/\"},{\"@type\":\"ListItem\",\"position\":2,\"name\":\"Tienda\",\"item\":\"https:\\\/\\\/www.dynseo.com\\\/es\\\/tienda\\\/\"},{\"@type\":\"ListItem\",\"position\":3,\"name\":\"Enfermedad de Alzheimer: comprender la enfermedad y encontrar soluciones para la vida cotidiana\"}]},{\"@type\":\"WebSite\",\"@id\":\"https:\\\/\\\/www.dynseo.com\\\/es\\\/#website\",\"url\":\"https:\\\/\\\/www.dynseo.com\\\/es\\\/\",\"name\":\"Jeux de m\u00e9moire et stimulation cognitive\",\"description\":\"Entra\u00eenez votre m\u00e9moire et votre cerveau avec DYNSEO\",\"publisher\":{\"@id\":\"https:\\\/\\\/www.dynseo.com\\\/es\\\/#organization\"},\"potentialAction\":[{\"@type\":\"SearchAction\",\"target\":{\"@type\":\"EntryPoint\",\"urlTemplate\":\"https:\\\/\\\/www.dynseo.com\\\/es\\\/?s={search_term_string}\"},\"query-input\":{\"@type\":\"PropertyValueSpecification\",\"valueRequired\":true,\"valueName\":\"search_term_string\"}}],\"inLanguage\":\"es\"},{\"@type\":\"Organization\",\"@id\":\"https:\\\/\\\/www.dynseo.com\\\/es\\\/#organization\",\"name\":\"DYNSEO\",\"url\":\"https:\\\/\\\/www.dynseo.com\\\/es\\\/\",\"logo\":{\"@type\":\"ImageObject\",\"inLanguage\":\"es\",\"@id\":\"https:\\\/\\\/www.dynseo.com\\\/es\\\/#\\\/schema\\\/logo\\\/image\\\/\",\"url\":\"https:\\\/\\\/www.dynseo.com\\\/wp-content\\\/uploads\\\/2022\\\/05\\\/logo-dynseo-new.png\",\"contentUrl\":\"https:\\\/\\\/www.dynseo.com\\\/wp-content\\\/uploads\\\/2022\\\/05\\\/logo-dynseo-new.png\",\"width\":5073,\"height\":1397,\"caption\":\"DYNSEO\"},\"image\":{\"@id\":\"https:\\\/\\\/www.dynseo.com\\\/es\\\/#\\\/schema\\\/logo\\\/image\\\/\"}}]}<\/script>\n<!-- \/ Yoast SEO plugin. -->","yoast_head_json":{"title":"Enfermedad de Alzheimer: comprender la enfermedad y ... #2","robots":{"index":"index","follow":"follow","max-snippet":"max-snippet:-1","max-image-preview":"max-image-preview:large","max-video-preview":"max-video-preview:-1"},"canonical":"https:\/\/www.dynseo.com\/es\/produit\/enfermedad-de-alzheimer-comprender-la-enfermedad-y-encontrar-soluciones-para-la-vida-cotidiana\/","og_locale":"es_ES","og_type":"article","og_title":"Enfermedad de Alzheimer: comprender la enfermedad y ... #2","og_description":"Este curso te proporcionar\u00e1 una comprensi\u00f3n clara de la enfermedad de Alzheimer y su progresi\u00f3n. Aprender\u00e1s por qu\u00e9 aparecen los problemas de memoria, atenci\u00f3n y comunicaci\u00f3n, y sobre todo c\u00f3mo repercuten en la vida cotidiana. Mediante consejos pr\u00e1cticos y f\u00e1ciles de aplicar, aprender\u00e1s a adaptar el entorno dom\u00e9stico, hacer m\u00e1s seguras las actividades cotidianas y [&hellip;]","og_url":"https:\/\/www.dynseo.com\/es\/produit\/enfermedad-de-alzheimer-comprender-la-enfermedad-y-encontrar-soluciones-para-la-vida-cotidiana\/","og_site_name":"DYNSEO - Aplicaci\u00f3n educativa y juegos de memoria","article_modified_time":"2025-11-12T17:01:05+00:00","og_image":[{"width":688,"height":600,"url":"https:\/\/www.dynseo.com\/wp-content\/uploads\/2025\/11\/Alzheimer-_-comprendre-la-maladie-et-trouver-des-solutions-pour-le-quotidien.png","type":"image\/png"}],"twitter_misc":{"Tiempo de lectura":"2 minutos"},"schema":{"@context":"https:\/\/schema.org","@graph":[{"@type":"WebPage","@id":"https:\/\/www.dynseo.com\/es\/produit\/enfermedad-de-alzheimer-comprender-la-enfermedad-y-encontrar-soluciones-para-la-vida-cotidiana\/","url":"https:\/\/www.dynseo.com\/es\/produit\/enfermedad-de-alzheimer-comprender-la-enfermedad-y-encontrar-soluciones-para-la-vida-cotidiana\/","name":"Enfermedad de Alzheimer: comprender la enfermedad y ... #2","isPartOf":{"@id":"https:\/\/www.dynseo.com\/es\/#website"},"primaryImageOfPage":{"@id":"https:\/\/www.dynseo.com\/es\/produit\/enfermedad-de-alzheimer-comprender-la-enfermedad-y-encontrar-soluciones-para-la-vida-cotidiana\/#primaryimage"},"image":{"@id":"https:\/\/www.dynseo.com\/es\/produit\/enfermedad-de-alzheimer-comprender-la-enfermedad-y-encontrar-soluciones-para-la-vida-cotidiana\/#primaryimage"},"thumbnailUrl":"https:\/\/www.dynseo.com\/wp-content\/uploads\/2025\/11\/Alzheimer-_-comprendre-la-maladie-et-trouver-des-solutions-pour-le-quotidien.png","datePublished":"2025-11-10T15:14:22+00:00","dateModified":"2025-11-12T17:01:05+00:00","breadcrumb":{"@id":"https:\/\/www.dynseo.com\/es\/produit\/enfermedad-de-alzheimer-comprender-la-enfermedad-y-encontrar-soluciones-para-la-vida-cotidiana\/#breadcrumb"},"inLanguage":"es","potentialAction":[{"@type":"ReadAction","target":["https:\/\/www.dynseo.com\/es\/produit\/enfermedad-de-alzheimer-comprender-la-enfermedad-y-encontrar-soluciones-para-la-vida-cotidiana\/"]}]},{"@type":"ImageObject","inLanguage":"es","@id":"https:\/\/www.dynseo.com\/es\/produit\/enfermedad-de-alzheimer-comprender-la-enfermedad-y-encontrar-soluciones-para-la-vida-cotidiana\/#primaryimage","url":"https:\/\/www.dynseo.com\/wp-content\/uploads\/2025\/11\/Alzheimer-_-comprendre-la-maladie-et-trouver-des-solutions-pour-le-quotidien.png","contentUrl":"https:\/\/www.dynseo.com\/wp-content\/uploads\/2025\/11\/Alzheimer-_-comprendre-la-maladie-et-trouver-des-solutions-pour-le-quotidien.png","width":688,"height":600,"caption":"Aplicaci\u00f3n de DYNSEO para potenciar las capacidades mentales"},{"@type":"BreadcrumbList","@id":"https:\/\/www.dynseo.com\/es\/produit\/enfermedad-de-alzheimer-comprender-la-enfermedad-y-encontrar-soluciones-para-la-vida-cotidiana\/#breadcrumb","itemListElement":[{"@type":"ListItem","position":1,"name":"Accueil","item":"https:\/\/www.dynseo.com\/es\/"},{"@type":"ListItem","position":2,"name":"Tienda","item":"https:\/\/www.dynseo.com\/es\/tienda\/"},{"@type":"ListItem","position":3,"name":"Enfermedad de Alzheimer: comprender la enfermedad y encontrar soluciones para la vida cotidiana"}]},{"@type":"WebSite","@id":"https:\/\/www.dynseo.com\/es\/#website","url":"https:\/\/www.dynseo.com\/es\/","name":"Jeux de m\u00e9moire et stimulation cognitive","description":"Entra\u00eenez votre m\u00e9moire et votre cerveau avec DYNSEO","publisher":{"@id":"https:\/\/www.dynseo.com\/es\/#organization"},"potentialAction":[{"@type":"SearchAction","target":{"@type":"EntryPoint","urlTemplate":"https:\/\/www.dynseo.com\/es\/?s={search_term_string}"},"query-input":{"@type":"PropertyValueSpecification","valueRequired":true,"valueName":"search_term_string"}}],"inLanguage":"es"},{"@type":"Organization","@id":"https:\/\/www.dynseo.com\/es\/#organization","name":"DYNSEO","url":"https:\/\/www.dynseo.com\/es\/","logo":{"@type":"ImageObject","inLanguage":"es","@id":"https:\/\/www.dynseo.com\/es\/#\/schema\/logo\/image\/","url":"https:\/\/www.dynseo.com\/wp-content\/uploads\/2022\/05\/logo-dynseo-new.png","contentUrl":"https:\/\/www.dynseo.com\/wp-content\/uploads\/2022\/05\/logo-dynseo-new.png","width":5073,"height":1397,"caption":"DYNSEO"},"image":{"@id":"https:\/\/www.dynseo.com\/es\/#\/schema\/logo\/image\/"}}]}},"_links":{"self":[{"href":"https:\/\/www.dynseo.com\/es\/wp-json\/wp\/v2\/product\/419795","targetHints":{"allow":["GET"]}}],"collection":[{"href":"https:\/\/www.dynseo.com\/es\/wp-json\/wp\/v2\/product"}],"about":[{"href":"https:\/\/www.dynseo.com\/es\/wp-json\/wp\/v2\/types\/product"}],"replies":[{"embeddable":true,"href":"https:\/\/www.dynseo.com\/es\/wp-json\/wp\/v2\/comments?post=419795"}],"wp:featuredmedia":[{"embeddable":true,"href":"https:\/\/www.dynseo.com\/es\/wp-json\/wp\/v2\/media\/419968"}],"wp:attachment":[{"href":"https:\/\/www.dynseo.com\/es\/wp-json\/wp\/v2\/media?parent=419795"}],"wp:term":[{"taxonomy":"product_brand","embeddable":true,"href":"https:\/\/www.dynseo.com\/es\/wp-json\/wp\/v2\/product_brand?post=419795"},{"taxonomy":"product_cat","embeddable":true,"href":"https:\/\/www.dynseo.com\/es\/wp-json\/wp\/v2\/product_cat?post=419795"},{"taxonomy":"product_tag","embeddable":true,"href":"https:\/\/www.dynseo.com\/es\/wp-json\/wp\/v2\/product_tag?post=419795"}],"curies":[{"name":"wp","href":"https:\/\/api.w.org\/{rel}","templated":true}]}}