{"id":419797,"date":"2025-11-10T16:16:03","date_gmt":"2025-11-10T15:16:03","guid":{"rendered":"https:\/\/www.dynseo.com\/produit\/ictus-comprender-la-enfermedad-y-encontrar-soluciones-para-la-vida-cotidiana\/"},"modified":"2025-11-12T18:01:13","modified_gmt":"2025-11-12T17:01:13","slug":"ictus-comprender-la-enfermedad-y-encontrar-soluciones-para-la-vida-cotidiana","status":"publish","type":"product","link":"https:\/\/www.dynseo.com\/es\/produit\/ictus-comprender-la-enfermedad-y-encontrar-soluciones-para-la-vida-cotidiana\/","title":{"rendered":"Ictus: comprender la enfermedad y encontrar soluciones para la vida cotidiana"},"content":{"rendered":"<p data-start=\"99\" data-end=\"481\">Este curso te da pautas sencillas para comprender el ictus (isqu\u00e9mico o hemorr\u00e1gico), sus causas y secuelas, reconocer las se\u00f1ales de alarma y <strong data-start=\"281\" data-end=\"303\">actuar de inmediato<\/strong>. Encontrar\u00e1s pasos pr\u00e1cticos a seguir, formas de organizar tu vida cotidiana y herramientas de estimulaci\u00f3n para favorecer la recuperaci\u00f3n, la seguridad y la tranquilidad en casa.<\/p>\n<h1 data-start=\"483\" data-end=\"510\">Objetivos de la formaci\u00f3n<\/h1>\n<ul data-start=\"511\" data-end=\"1876\">\n<li data-start=\"511\" data-end=\"648\">\n<p data-start=\"513\" data-end=\"648\"><strong data-start=\"513\" data-end=\"529\">Diferenciar<\/strong> los distintos tipos de ictus (isqu\u00e9mico frente a hemorr\u00e1gico), comprender los <strong data-start=\"590\" data-end=\"612\">factores de riesgo<\/strong> y c\u00f3mo <strong data-start=\"631\" data-end=\"645\">prevenirlos<\/strong>.<\/p>\n<\/li>\n<li data-start=\"649\" data-end=\"781\">\n<p data-start=\"651\" data-end=\"781\"><strong data-start=\"651\" data-end=\"662\">Identifica<\/strong> los signos de alarma <strong data-start=\"690\" data-end=\"712\">(<\/strong> regla <strong data-start=\"690\" data-end=\"712\">cara-brazo-habla<\/strong>, otros signos, <strong data-start=\"735\" data-end=\"742\">AIT<\/strong>) y <strong data-start=\"747\" data-end=\"764\">llama al 15<\/strong> inmediatamente.<\/p>\n<\/li>\n<li data-start=\"782\" data-end=\"926\">\n<p data-start=\"784\" data-end=\"926\"><strong data-start=\"784\" data-end=\"798\">Identifica<\/strong> las secuelas comunes: motricidad (hemiplej\u00eda), <strong data-start=\"850\" data-end=\"861\">lenguaje<\/strong> (afasia), <strong data-start=\"873\" data-end=\"894\">cognici\u00f3n\/memoria<\/strong>, visi\u00f3n, sensibilidad, estado de \u00e1nimo.<\/p>\n<\/li>\n<li data-start=\"927\" data-end=\"1055\">\n<p data-start=\"929\" data-end=\"1055\"><strong data-start=\"929\" data-end=\"942\">Hacer que<\/strong> el hogar <strong data-start=\"929\" data-end=\"942\">sea m\u00e1s seguro<\/strong>: pasamanos, alfombrillas antideslizantes, iluminaci\u00f3n\/luces, pasillos despejados, objetos accesibles.<\/p>\n<\/li>\n<li data-start=\"1056\" data-end=\"1204\">\n<p data-start=\"1058\" data-end=\"1204\"><strong data-start=\"1058\" data-end=\"1100\">Estructuraci\u00f3n de la rehabilitaci\u00f3n diaria<\/strong>: ejercicios sencillos y regulares (motricidad, coordinaci\u00f3n, equilibrio, marcha) con una progresi\u00f3n suave.<\/p>\n<\/li>\n<li data-start=\"1205\" data-end=\"1328\">\n<p data-start=\"1207\" data-end=\"1328\"><strong data-start=\"1207\" data-end=\"1240\">Estimular la cognici\u00f3n y el lenguaje<\/strong>: juegos de memoria, lectura, m\u00fasica, <strong data-start=\"1278\" data-end=\"1294\">palabras sencillas<\/strong> y ayudas visuales\/digitales.<\/p>\n<\/li>\n<li data-start=\"1329\" data-end=\"1437\">\n<p data-start=\"1331\" data-end=\"1437\"><strong data-start=\"1331\" data-end=\"1355\">Organiza tu jornada<\/strong>: divide las tareas, alterna <strong data-start=\"1391\" data-end=\"1411\">esfuerzo y descanso<\/strong>, prioriza y delega.<\/p>\n<\/li>\n<li data-start=\"1438\" data-end=\"1564\">\n<p data-start=\"1440\" data-end=\"1564\"><strong data-start=\"1440\" data-end=\"1468\">Mantener una vida social<\/strong>: salidas cortas y regulares, asociaciones\/grupos de pacientes, combatir el aislamiento.<\/p>\n<\/li>\n<li data-start=\"1565\" data-end=\"1738\">\n<p data-start=\"1567\" data-end=\"1738\"><strong data-start=\"1567\" data-end=\"1615\">Comunicarse positivamente y apoyar al cuidador<\/strong>: mensajes cortos, gestos y miradas, \u00e1nimos; reconocer las emociones de cada persona y reservar tiempo para uno mismo.<\/p>\n<\/li>\n<li data-start=\"1739\" data-end=\"1876\">\n<p data-start=\"1741\" data-end=\"1876\"><strong data-start=\"1741\" data-end=\"1770\">Proporcionar apoyo<\/strong> con <strong data-start=\"1776\" data-end=\"1792\">DYNSEO &#8211; JOE<\/strong> (m\u00e1s de 30 juegos para la memoria, la atenci\u00f3n y la l\u00f3gica) y <strong data-start=\"1840\" data-end=\"1862\">supervisar el progreso<\/strong> para hacer ajustes.<\/p>\n<\/li>\n<\/ul>\n<p data-start=\"1878\" data-end=\"2167\" data-is-last-node=\"\" data-is-only-node=\"\"><br data-start=\"1892\" data-end=\"1895\" \/>Es un enfoque 100% pr\u00e1ctico para <strong data-start=\"1927\" data-end=\"1950\">pasar a la acci\u00f3n ahora<\/strong>: saldr\u00e1s con un plan claro, rutinas eficaces y herramientas pr\u00e1cticas para <strong data-start=\"2038\" data-end=\"2051\">asegurar<\/strong>, <strong data-start=\"2053\" data-end=\"2065\" data-is-only-node=\"\">estimular<\/strong> y <strong data-start=\"2069\" data-end=\"2090\">reforzar el v\u00ednculo<\/strong> a diario, en beneficio de la persona afectada y de toda la familia.<\/p>\n","protected":false},"excerpt":{"rendered":"<p>Este curso te da pautas sencillas para comprender el ictus (isqu\u00e9mico o hemorr\u00e1gico), sus causas y secuelas, reconocer las se\u00f1ales de alarma y actuar de inmediato. Encontrar\u00e1s pasos pr\u00e1cticos a seguir, formas de organizar tu vida cotidiana y herramientas de estimulaci\u00f3n para favorecer la recuperaci\u00f3n, la seguridad y la tranquilidad en casa. Objetivos de la [&hellip;]<\/p>\n","protected":false},"featured_media":419969,"comment_status":"open","ping_status":"closed","template":"","meta":{"_et_pb_use_builder":"","_et_pb_old_content":"","_et_gb_content_width":""},"product_brand":[],"product_cat":[4533],"product_tag":[],"class_list":{"0":"post-419797","1":"product","2":"type-product","3":"status-publish","4":"has-post-thumbnail","6":"product_cat-formacion-2","8":"first","9":"instock","10":"virtual","11":"taxable","12":"purchasable","13":"product-type-simple"},"yoast_head":"<!-- This site is optimized with the Yoast SEO plugin v27.4 - https:\/\/yoast.com\/product\/yoast-seo-wordpress\/ -->\n<title>Ictus Compre... | DYNSEO - App educative et jeux de m\u00e9moire<\/title>\n<meta name=\"robots\" content=\"index, follow, max-snippet:-1, max-image-preview:large, max-video-preview:-1\" \/>\n<link rel=\"canonical\" href=\"https:\/\/www.dynseo.com\/es\/produit\/ictus-comprender-la-enfermedad-y-encontrar-soluciones-para-la-vida-cotidiana\/\" \/>\n<meta property=\"og:locale\" content=\"es_ES\" \/>\n<meta property=\"og:type\" content=\"article\" \/>\n<meta property=\"og:title\" content=\"Ictus Compre... | DYNSEO - App educative et jeux de m\u00e9moire\" \/>\n<meta property=\"og:description\" content=\"Este curso te da pautas sencillas para comprender el ictus (isqu\u00e9mico o hemorr\u00e1gico), sus causas y secuelas, reconocer las se\u00f1ales de alarma y actuar de inmediato. Encontrar\u00e1s pasos pr\u00e1cticos a seguir, formas de organizar tu vida cotidiana y herramientas de estimulaci\u00f3n para favorecer la recuperaci\u00f3n, la seguridad y la tranquilidad en casa. Objetivos de la [&hellip;]\" \/>\n<meta property=\"og:url\" content=\"https:\/\/www.dynseo.com\/es\/produit\/ictus-comprender-la-enfermedad-y-encontrar-soluciones-para-la-vida-cotidiana\/\" \/>\n<meta property=\"og:site_name\" content=\"DYNSEO - Aplicaci\u00f3n educativa y juegos de memoria\" \/>\n<meta property=\"article:modified_time\" content=\"2025-11-12T17:01:13+00:00\" \/>\n<meta property=\"og:image\" content=\"https:\/\/www.dynseo.com\/wp-content\/uploads\/2025\/11\/Alzheimer-_-comprendre-la-maladie-et-trouver-des-solutions-pour-le-quotidien-3.png\" \/>\n\t<meta property=\"og:image:width\" content=\"688\" \/>\n\t<meta property=\"og:image:height\" content=\"600\" \/>\n\t<meta property=\"og:image:type\" content=\"image\/png\" \/>\n<meta name=\"twitter:label1\" content=\"Tiempo de lectura\" \/>\n\t<meta name=\"twitter:data1\" content=\"2 minutos\" \/>\n<script type=\"application\/ld+json\" class=\"yoast-schema-graph\">{\"@context\":\"https:\\\/\\\/schema.org\",\"@graph\":[{\"@type\":\"WebPage\",\"@id\":\"https:\\\/\\\/www.dynseo.com\\\/es\\\/produit\\\/ictus-comprender-la-enfermedad-y-encontrar-soluciones-para-la-vida-cotidiana\\\/\",\"url\":\"https:\\\/\\\/www.dynseo.com\\\/es\\\/produit\\\/ictus-comprender-la-enfermedad-y-encontrar-soluciones-para-la-vida-cotidiana\\\/\",\"name\":\"Ictus Compre... | DYNSEO - App educative et jeux de m\u00e9moire\",\"isPartOf\":{\"@id\":\"https:\\\/\\\/www.dynseo.com\\\/es\\\/#website\"},\"primaryImageOfPage\":{\"@id\":\"https:\\\/\\\/www.dynseo.com\\\/es\\\/produit\\\/ictus-comprender-la-enfermedad-y-encontrar-soluciones-para-la-vida-cotidiana\\\/#primaryimage\"},\"image\":{\"@id\":\"https:\\\/\\\/www.dynseo.com\\\/es\\\/produit\\\/ictus-comprender-la-enfermedad-y-encontrar-soluciones-para-la-vida-cotidiana\\\/#primaryimage\"},\"thumbnailUrl\":\"https:\\\/\\\/www.dynseo.com\\\/wp-content\\\/uploads\\\/2025\\\/11\\\/Alzheimer-_-comprendre-la-maladie-et-trouver-des-solutions-pour-le-quotidien-3.png\",\"datePublished\":\"2025-11-10T15:16:03+00:00\",\"dateModified\":\"2025-11-12T17:01:13+00:00\",\"breadcrumb\":{\"@id\":\"https:\\\/\\\/www.dynseo.com\\\/es\\\/produit\\\/ictus-comprender-la-enfermedad-y-encontrar-soluciones-para-la-vida-cotidiana\\\/#breadcrumb\"},\"inLanguage\":\"es\",\"potentialAction\":[{\"@type\":\"ReadAction\",\"target\":[\"https:\\\/\\\/www.dynseo.com\\\/es\\\/produit\\\/ictus-comprender-la-enfermedad-y-encontrar-soluciones-para-la-vida-cotidiana\\\/\"]}]},{\"@type\":\"ImageObject\",\"inLanguage\":\"es\",\"@id\":\"https:\\\/\\\/www.dynseo.com\\\/es\\\/produit\\\/ictus-comprender-la-enfermedad-y-encontrar-soluciones-para-la-vida-cotidiana\\\/#primaryimage\",\"url\":\"https:\\\/\\\/www.dynseo.com\\\/wp-content\\\/uploads\\\/2025\\\/11\\\/Alzheimer-_-comprendre-la-maladie-et-trouver-des-solutions-pour-le-quotidien-3.png\",\"contentUrl\":\"https:\\\/\\\/www.dynseo.com\\\/wp-content\\\/uploads\\\/2025\\\/11\\\/Alzheimer-_-comprendre-la-maladie-et-trouver-des-solutions-pour-le-quotidien-3.png\",\"width\":688,\"height\":600,\"caption\":\"Fortalece la capacidad mental con nuestras soluciones digitales\"},{\"@type\":\"BreadcrumbList\",\"@id\":\"https:\\\/\\\/www.dynseo.com\\\/es\\\/produit\\\/ictus-comprender-la-enfermedad-y-encontrar-soluciones-para-la-vida-cotidiana\\\/#breadcrumb\",\"itemListElement\":[{\"@type\":\"ListItem\",\"position\":1,\"name\":\"Accueil\",\"item\":\"https:\\\/\\\/www.dynseo.com\\\/es\\\/\"},{\"@type\":\"ListItem\",\"position\":2,\"name\":\"Tienda\",\"item\":\"https:\\\/\\\/www.dynseo.com\\\/es\\\/tienda\\\/\"},{\"@type\":\"ListItem\",\"position\":3,\"name\":\"Ictus: comprender la enfermedad y encontrar soluciones para la vida cotidiana\"}]},{\"@type\":\"WebSite\",\"@id\":\"https:\\\/\\\/www.dynseo.com\\\/es\\\/#website\",\"url\":\"https:\\\/\\\/www.dynseo.com\\\/es\\\/\",\"name\":\"Jeux de m\u00e9moire et stimulation cognitive\",\"description\":\"Entra\u00eenez votre m\u00e9moire et votre cerveau avec DYNSEO\",\"publisher\":{\"@id\":\"https:\\\/\\\/www.dynseo.com\\\/es\\\/#organization\"},\"potentialAction\":[{\"@type\":\"SearchAction\",\"target\":{\"@type\":\"EntryPoint\",\"urlTemplate\":\"https:\\\/\\\/www.dynseo.com\\\/es\\\/?s={search_term_string}\"},\"query-input\":{\"@type\":\"PropertyValueSpecification\",\"valueRequired\":true,\"valueName\":\"search_term_string\"}}],\"inLanguage\":\"es\"},{\"@type\":\"Organization\",\"@id\":\"https:\\\/\\\/www.dynseo.com\\\/es\\\/#organization\",\"name\":\"DYNSEO\",\"url\":\"https:\\\/\\\/www.dynseo.com\\\/es\\\/\",\"logo\":{\"@type\":\"ImageObject\",\"inLanguage\":\"es\",\"@id\":\"https:\\\/\\\/www.dynseo.com\\\/es\\\/#\\\/schema\\\/logo\\\/image\\\/\",\"url\":\"https:\\\/\\\/www.dynseo.com\\\/wp-content\\\/uploads\\\/2022\\\/05\\\/logo-dynseo-new.png\",\"contentUrl\":\"https:\\\/\\\/www.dynseo.com\\\/wp-content\\\/uploads\\\/2022\\\/05\\\/logo-dynseo-new.png\",\"width\":5073,\"height\":1397,\"caption\":\"DYNSEO\"},\"image\":{\"@id\":\"https:\\\/\\\/www.dynseo.com\\\/es\\\/#\\\/schema\\\/logo\\\/image\\\/\"}}]}<\/script>\n<!-- \/ Yoast SEO plugin. -->","yoast_head_json":{"title":"Ictus Compre... | DYNSEO - App educative et jeux de m\u00e9moire","robots":{"index":"index","follow":"follow","max-snippet":"max-snippet:-1","max-image-preview":"max-image-preview:large","max-video-preview":"max-video-preview:-1"},"canonical":"https:\/\/www.dynseo.com\/es\/produit\/ictus-comprender-la-enfermedad-y-encontrar-soluciones-para-la-vida-cotidiana\/","og_locale":"es_ES","og_type":"article","og_title":"Ictus Compre... | DYNSEO - App educative et jeux de m\u00e9moire","og_description":"Este curso te da pautas sencillas para comprender el ictus (isqu\u00e9mico o hemorr\u00e1gico), sus causas y secuelas, reconocer las se\u00f1ales de alarma y actuar de inmediato. Encontrar\u00e1s pasos pr\u00e1cticos a seguir, formas de organizar tu vida cotidiana y herramientas de estimulaci\u00f3n para favorecer la recuperaci\u00f3n, la seguridad y la tranquilidad en casa. Objetivos de la [&hellip;]","og_url":"https:\/\/www.dynseo.com\/es\/produit\/ictus-comprender-la-enfermedad-y-encontrar-soluciones-para-la-vida-cotidiana\/","og_site_name":"DYNSEO - Aplicaci\u00f3n educativa y juegos de memoria","article_modified_time":"2025-11-12T17:01:13+00:00","og_image":[{"width":688,"height":600,"url":"https:\/\/www.dynseo.com\/wp-content\/uploads\/2025\/11\/Alzheimer-_-comprendre-la-maladie-et-trouver-des-solutions-pour-le-quotidien-3.png","type":"image\/png"}],"twitter_misc":{"Tiempo de lectura":"2 minutos"},"schema":{"@context":"https:\/\/schema.org","@graph":[{"@type":"WebPage","@id":"https:\/\/www.dynseo.com\/es\/produit\/ictus-comprender-la-enfermedad-y-encontrar-soluciones-para-la-vida-cotidiana\/","url":"https:\/\/www.dynseo.com\/es\/produit\/ictus-comprender-la-enfermedad-y-encontrar-soluciones-para-la-vida-cotidiana\/","name":"Ictus Compre... | DYNSEO - App educative et jeux de m\u00e9moire","isPartOf":{"@id":"https:\/\/www.dynseo.com\/es\/#website"},"primaryImageOfPage":{"@id":"https:\/\/www.dynseo.com\/es\/produit\/ictus-comprender-la-enfermedad-y-encontrar-soluciones-para-la-vida-cotidiana\/#primaryimage"},"image":{"@id":"https:\/\/www.dynseo.com\/es\/produit\/ictus-comprender-la-enfermedad-y-encontrar-soluciones-para-la-vida-cotidiana\/#primaryimage"},"thumbnailUrl":"https:\/\/www.dynseo.com\/wp-content\/uploads\/2025\/11\/Alzheimer-_-comprendre-la-maladie-et-trouver-des-solutions-pour-le-quotidien-3.png","datePublished":"2025-11-10T15:16:03+00:00","dateModified":"2025-11-12T17:01:13+00:00","breadcrumb":{"@id":"https:\/\/www.dynseo.com\/es\/produit\/ictus-comprender-la-enfermedad-y-encontrar-soluciones-para-la-vida-cotidiana\/#breadcrumb"},"inLanguage":"es","potentialAction":[{"@type":"ReadAction","target":["https:\/\/www.dynseo.com\/es\/produit\/ictus-comprender-la-enfermedad-y-encontrar-soluciones-para-la-vida-cotidiana\/"]}]},{"@type":"ImageObject","inLanguage":"es","@id":"https:\/\/www.dynseo.com\/es\/produit\/ictus-comprender-la-enfermedad-y-encontrar-soluciones-para-la-vida-cotidiana\/#primaryimage","url":"https:\/\/www.dynseo.com\/wp-content\/uploads\/2025\/11\/Alzheimer-_-comprendre-la-maladie-et-trouver-des-solutions-pour-le-quotidien-3.png","contentUrl":"https:\/\/www.dynseo.com\/wp-content\/uploads\/2025\/11\/Alzheimer-_-comprendre-la-maladie-et-trouver-des-solutions-pour-le-quotidien-3.png","width":688,"height":600,"caption":"Fortalece la capacidad mental con nuestras soluciones digitales"},{"@type":"BreadcrumbList","@id":"https:\/\/www.dynseo.com\/es\/produit\/ictus-comprender-la-enfermedad-y-encontrar-soluciones-para-la-vida-cotidiana\/#breadcrumb","itemListElement":[{"@type":"ListItem","position":1,"name":"Accueil","item":"https:\/\/www.dynseo.com\/es\/"},{"@type":"ListItem","position":2,"name":"Tienda","item":"https:\/\/www.dynseo.com\/es\/tienda\/"},{"@type":"ListItem","position":3,"name":"Ictus: comprender la enfermedad y encontrar soluciones para la vida cotidiana"}]},{"@type":"WebSite","@id":"https:\/\/www.dynseo.com\/es\/#website","url":"https:\/\/www.dynseo.com\/es\/","name":"Jeux de m\u00e9moire et stimulation cognitive","description":"Entra\u00eenez votre m\u00e9moire et votre cerveau avec DYNSEO","publisher":{"@id":"https:\/\/www.dynseo.com\/es\/#organization"},"potentialAction":[{"@type":"SearchAction","target":{"@type":"EntryPoint","urlTemplate":"https:\/\/www.dynseo.com\/es\/?s={search_term_string}"},"query-input":{"@type":"PropertyValueSpecification","valueRequired":true,"valueName":"search_term_string"}}],"inLanguage":"es"},{"@type":"Organization","@id":"https:\/\/www.dynseo.com\/es\/#organization","name":"DYNSEO","url":"https:\/\/www.dynseo.com\/es\/","logo":{"@type":"ImageObject","inLanguage":"es","@id":"https:\/\/www.dynseo.com\/es\/#\/schema\/logo\/image\/","url":"https:\/\/www.dynseo.com\/wp-content\/uploads\/2022\/05\/logo-dynseo-new.png","contentUrl":"https:\/\/www.dynseo.com\/wp-content\/uploads\/2022\/05\/logo-dynseo-new.png","width":5073,"height":1397,"caption":"DYNSEO"},"image":{"@id":"https:\/\/www.dynseo.com\/es\/#\/schema\/logo\/image\/"}}]}},"_links":{"self":[{"href":"https:\/\/www.dynseo.com\/es\/wp-json\/wp\/v2\/product\/419797","targetHints":{"allow":["GET"]}}],"collection":[{"href":"https:\/\/www.dynseo.com\/es\/wp-json\/wp\/v2\/product"}],"about":[{"href":"https:\/\/www.dynseo.com\/es\/wp-json\/wp\/v2\/types\/product"}],"replies":[{"embeddable":true,"href":"https:\/\/www.dynseo.com\/es\/wp-json\/wp\/v2\/comments?post=419797"}],"wp:featuredmedia":[{"embeddable":true,"href":"https:\/\/www.dynseo.com\/es\/wp-json\/wp\/v2\/media\/419969"}],"wp:attachment":[{"href":"https:\/\/www.dynseo.com\/es\/wp-json\/wp\/v2\/media?parent=419797"}],"wp:term":[{"taxonomy":"product_brand","embeddable":true,"href":"https:\/\/www.dynseo.com\/es\/wp-json\/wp\/v2\/product_brand?post=419797"},{"taxonomy":"product_cat","embeddable":true,"href":"https:\/\/www.dynseo.com\/es\/wp-json\/wp\/v2\/product_cat?post=419797"},{"taxonomy":"product_tag","embeddable":true,"href":"https:\/\/www.dynseo.com\/es\/wp-json\/wp\/v2\/product_tag?post=419797"}],"curies":[{"name":"wp","href":"https:\/\/api.w.org\/{rel}","templated":true}]}}