{"id":419804,"date":"2025-11-10T16:21:24","date_gmt":"2025-11-10T15:21:24","guid":{"rendered":"https:\/\/www.dynseo.com\/produit\/apoyar-a-un-nino-con-sindrome-de-down-claves-del-dia-a-dia-y-soluciones\/"},"modified":"2025-11-12T18:02:04","modified_gmt":"2025-11-12T17:02:04","slug":"apoyar-a-un-nino-con-sindrome-de-down-claves-del-dia-a-dia-y-soluciones","status":"publish","type":"product","link":"https:\/\/www.dynseo.com\/es\/produit\/apoyar-a-un-nino-con-sindrome-de-down-claves-del-dia-a-dia-y-soluciones\/","title":{"rendered":"Apoyar a un ni\u00f1o con s\u00edndrome de Down: claves del d\u00eda a d\u00eda y soluciones"},"content":{"rendered":"<p data-start=\"207\" data-end=\"755\">Este curso te proporcionar\u00e1 una comprensi\u00f3n clara del S\u00edndrome de Down y sus implicaciones en la vida cotidiana. Aprender\u00e1s a comprender mejor las caracter\u00edsticas espec\u00edficas de esta enfermedad gen\u00e9tica, los retos a los que se enfrenta el ni\u00f1o en el aprendizaje, la motricidad, la comunicaci\u00f3n y la socializaci\u00f3n, as\u00ed como los puntos fuertes y la riqueza del perfil del ni\u00f1o. Con consejos pr\u00e1cticos y herramientas, podr\u00e1s adaptar el entorno, fomentar la autonom\u00eda y mantener un ambiente familiar tranquilo y afectuoso.<\/p>\n<h3 data-start=\"757\" data-end=\"788\">Objetivos de la formaci\u00f3n<\/h3>\n<ul data-start=\"790\" data-end=\"1911\">\n<li data-start=\"790\" data-end=\"904\">\n<p data-start=\"792\" data-end=\"904\">Entender la trisom\u00eda 21 como una condici\u00f3n gen\u00e9tica (no una enfermedad) y reconocer la diversidad de perfiles.<\/p>\n<\/li>\n<li data-start=\"905\" data-end=\"1051\">\n<p data-start=\"907\" data-end=\"1051\">Identifica las caracter\u00edsticas principales: menor tono muscular, desarrollo intelectual progresivo, necesidad de ritmos adaptados.<\/p>\n<\/li>\n<li data-start=\"1052\" data-end=\"1186\">\n<p data-start=\"1054\" data-end=\"1186\">Identificar las dificultades cotidianas (motricidad, comunicaci\u00f3n, aprendizaje, socializaci\u00f3n) y proponer soluciones adecuadas.<\/p>\n<\/li>\n<li data-start=\"1187\" data-end=\"1338\">\n<p data-start=\"1189\" data-end=\"1338\">Aplica estrategias educativas concretas: ayudas visuales, divisi\u00f3n de tareas, actividades centradas en los intereses del ni\u00f1o.<\/p>\n<\/li>\n<li data-start=\"1339\" data-end=\"1439\">\n<p data-start=\"1341\" data-end=\"1439\">Fomenta la autonom\u00eda progresiva: peque\u00f1as responsabilidades, elecciones guiadas, rutinas estructuradas.<\/p>\n<\/li>\n<li data-start=\"1440\" data-end=\"1572\">\n<p data-start=\"1442\" data-end=\"1572\">Mant\u00e9n una buena salud general: atenci\u00f3n m\u00e9dica adecuada, dieta equilibrada, ejercicio regular y descanso adecuado.<\/p>\n<\/li>\n<li data-start=\"1573\" data-end=\"1692\">\n<p data-start=\"1575\" data-end=\"1692\">Reforzar el v\u00ednculo emocional y la confianza entre ellos mediante una comunicaci\u00f3n cuidadosa y un est\u00edmulo constante.<\/p>\n<\/li>\n<li data-start=\"1693\" data-end=\"1772\">\n<p data-start=\"1695\" data-end=\"1772\">Mantener un clima familiar tranquilo y valorar los logros de los ni\u00f1os.<\/p>\n<\/li>\n<li data-start=\"1773\" data-end=\"1911\">\n<p data-start=\"1775\" data-end=\"1911\">Descubre c\u00f3mo las aplicaciones <strong data-start=\"1807\" data-end=\"1835\">COCO PIENSA y COCO SE MUEVE<\/strong> de DYNSEO pueden estimular el aprendizaje de forma divertida y adecuada.<\/p>\n<\/li>\n<\/ul>\n<p data-start=\"1913\" data-end=\"2226\">Se hace hincapi\u00e9 en aprovechar al m\u00e1ximo las habilidades del ni\u00f1o, proporcion\u00e1ndole apoyo individualizado y estableciendo rutinas tranquilizadoras. Te ir\u00e1s con soluciones pr\u00e1cticas y sencillas de aplicar a diario, para ayudar a tu hijo a prosperar y aumentar la confianza de toda la familia.<\/p>\n","protected":false},"excerpt":{"rendered":"<p>Este curso te proporcionar\u00e1 una comprensi\u00f3n clara del S\u00edndrome de Down y sus implicaciones en la vida cotidiana. Aprender\u00e1s a comprender mejor las caracter\u00edsticas espec\u00edficas de esta enfermedad gen\u00e9tica, los retos a los que se enfrenta el ni\u00f1o en el aprendizaje, la motricidad, la comunicaci\u00f3n y la socializaci\u00f3n, as\u00ed como los puntos fuertes y la [&hellip;]<\/p>\n","protected":false},"featured_media":419972,"comment_status":"open","ping_status":"closed","template":"","meta":{"_et_pb_use_builder":"","_et_pb_old_content":"","_et_gb_content_width":""},"product_brand":[],"product_cat":[4533],"product_tag":[],"class_list":{"0":"post-419804","1":"product","2":"type-product","3":"status-publish","4":"has-post-thumbnail","6":"product_cat-formacion-2","8":"first","9":"instock","10":"virtual","11":"taxable","12":"purchasable","13":"product-type-simple"},"yoast_head":"<!-- This site is optimized with the Yoast SEO plugin v27.5 - https:\/\/yoast.com\/product\/yoast-seo-wordpress\/ -->\n<title>Apoyar a un ni\u00f1o con s\u00edndrome de Down: claves del ... #3<\/title>\n<meta name=\"robots\" content=\"index, follow, max-snippet:-1, max-image-preview:large, max-video-preview:-1\" \/>\n<link rel=\"canonical\" href=\"https:\/\/www.dynseo.com\/es\/produit\/apoyar-a-un-nino-con-sindrome-de-down-claves-del-dia-a-dia-y-soluciones\/\" \/>\n<meta property=\"og:locale\" content=\"es_ES\" \/>\n<meta property=\"og:type\" content=\"article\" \/>\n<meta property=\"og:title\" content=\"Apoyar a un ni\u00f1o con s\u00edndrome de Down: claves del ... #3\" \/>\n<meta property=\"og:description\" content=\"Este curso te proporcionar\u00e1 una comprensi\u00f3n clara del S\u00edndrome de Down y sus implicaciones en la vida cotidiana. Aprender\u00e1s a comprender mejor las caracter\u00edsticas espec\u00edficas de esta enfermedad gen\u00e9tica, los retos a los que se enfrenta el ni\u00f1o en el aprendizaje, la motricidad, la comunicaci\u00f3n y la socializaci\u00f3n, as\u00ed como los puntos fuertes y la [&hellip;]\" \/>\n<meta property=\"og:url\" content=\"https:\/\/www.dynseo.com\/es\/produit\/apoyar-a-un-nino-con-sindrome-de-down-claves-del-dia-a-dia-y-soluciones\/\" \/>\n<meta property=\"og:site_name\" content=\"DYNSEO - Aplicaci\u00f3n educativa y juegos de memoria\" \/>\n<meta property=\"article:modified_time\" content=\"2025-11-12T17:02:04+00:00\" \/>\n<meta property=\"og:image\" content=\"https:\/\/www.dynseo.com\/wp-content\/uploads\/2025\/11\/Accompagner-un-enfant-avec-Trisomie-21-_-cle\u0301s-et-solutions-au-quotidien.png\" \/>\n\t<meta property=\"og:image:width\" content=\"688\" \/>\n\t<meta property=\"og:image:height\" content=\"600\" \/>\n\t<meta property=\"og:image:type\" content=\"image\/png\" \/>\n<meta name=\"twitter:label1\" content=\"Tiempo de lectura\" \/>\n\t<meta name=\"twitter:data1\" content=\"2 minutos\" \/>\n<script type=\"application\/ld+json\" class=\"yoast-schema-graph\">{\"@context\":\"https:\\\/\\\/schema.org\",\"@graph\":[{\"@type\":\"WebPage\",\"@id\":\"https:\\\/\\\/www.dynseo.com\\\/es\\\/produit\\\/apoyar-a-un-nino-con-sindrome-de-down-claves-del-dia-a-dia-y-soluciones\\\/\",\"url\":\"https:\\\/\\\/www.dynseo.com\\\/es\\\/produit\\\/apoyar-a-un-nino-con-sindrome-de-down-claves-del-dia-a-dia-y-soluciones\\\/\",\"name\":\"Apoyar a un ni\u00f1o con s\u00edndrome de Down: claves del ... #3\",\"isPartOf\":{\"@id\":\"https:\\\/\\\/www.dynseo.com\\\/es\\\/#website\"},\"primaryImageOfPage\":{\"@id\":\"https:\\\/\\\/www.dynseo.com\\\/es\\\/produit\\\/apoyar-a-un-nino-con-sindrome-de-down-claves-del-dia-a-dia-y-soluciones\\\/#primaryimage\"},\"image\":{\"@id\":\"https:\\\/\\\/www.dynseo.com\\\/es\\\/produit\\\/apoyar-a-un-nino-con-sindrome-de-down-claves-del-dia-a-dia-y-soluciones\\\/#primaryimage\"},\"thumbnailUrl\":\"https:\\\/\\\/www.dynseo.com\\\/wp-content\\\/uploads\\\/2025\\\/11\\\/Accompagner-un-enfant-avec-Trisomie-21-_-cle\u0301s-et-solutions-au-quotidien.png\",\"datePublished\":\"2025-11-10T15:21:24+00:00\",\"dateModified\":\"2025-11-12T17:02:04+00:00\",\"breadcrumb\":{\"@id\":\"https:\\\/\\\/www.dynseo.com\\\/es\\\/produit\\\/apoyar-a-un-nino-con-sindrome-de-down-claves-del-dia-a-dia-y-soluciones\\\/#breadcrumb\"},\"inLanguage\":\"es\",\"potentialAction\":[{\"@type\":\"ReadAction\",\"target\":[\"https:\\\/\\\/www.dynseo.com\\\/es\\\/produit\\\/apoyar-a-un-nino-con-sindrome-de-down-claves-del-dia-a-dia-y-soluciones\\\/\"]}]},{\"@type\":\"ImageObject\",\"inLanguage\":\"es\",\"@id\":\"https:\\\/\\\/www.dynseo.com\\\/es\\\/produit\\\/apoyar-a-un-nino-con-sindrome-de-down-claves-del-dia-a-dia-y-soluciones\\\/#primaryimage\",\"url\":\"https:\\\/\\\/www.dynseo.com\\\/wp-content\\\/uploads\\\/2025\\\/11\\\/Accompagner-un-enfant-avec-Trisomie-21-_-cle\u0301s-et-solutions-au-quotidien.png\",\"contentUrl\":\"https:\\\/\\\/www.dynseo.com\\\/wp-content\\\/uploads\\\/2025\\\/11\\\/Accompagner-un-enfant-avec-Trisomie-21-_-cle\u0301s-et-solutions-au-quotidien.png\",\"width\":688,\"height\":600,\"caption\":\"Potencia tu capacidad de remembranza con nuestras actividades estimulantes\"},{\"@type\":\"BreadcrumbList\",\"@id\":\"https:\\\/\\\/www.dynseo.com\\\/es\\\/produit\\\/apoyar-a-un-nino-con-sindrome-de-down-claves-del-dia-a-dia-y-soluciones\\\/#breadcrumb\",\"itemListElement\":[{\"@type\":\"ListItem\",\"position\":1,\"name\":\"Accueil\",\"item\":\"https:\\\/\\\/www.dynseo.com\\\/es\\\/\"},{\"@type\":\"ListItem\",\"position\":2,\"name\":\"Tienda\",\"item\":\"https:\\\/\\\/www.dynseo.com\\\/es\\\/tienda\\\/\"},{\"@type\":\"ListItem\",\"position\":3,\"name\":\"Apoyar a un ni\u00f1o con s\u00edndrome de Down: claves del d\u00eda a d\u00eda y soluciones\"}]},{\"@type\":\"WebSite\",\"@id\":\"https:\\\/\\\/www.dynseo.com\\\/es\\\/#website\",\"url\":\"https:\\\/\\\/www.dynseo.com\\\/es\\\/\",\"name\":\"Jeux de m\u00e9moire et stimulation cognitive\",\"description\":\"Entra\u00eenez votre m\u00e9moire et votre cerveau avec DYNSEO\",\"publisher\":{\"@id\":\"https:\\\/\\\/www.dynseo.com\\\/es\\\/#organization\"},\"potentialAction\":[{\"@type\":\"SearchAction\",\"target\":{\"@type\":\"EntryPoint\",\"urlTemplate\":\"https:\\\/\\\/www.dynseo.com\\\/es\\\/?s={search_term_string}\"},\"query-input\":{\"@type\":\"PropertyValueSpecification\",\"valueRequired\":true,\"valueName\":\"search_term_string\"}}],\"inLanguage\":\"es\"},{\"@type\":\"Organization\",\"@id\":\"https:\\\/\\\/www.dynseo.com\\\/es\\\/#organization\",\"name\":\"DYNSEO\",\"url\":\"https:\\\/\\\/www.dynseo.com\\\/es\\\/\",\"logo\":{\"@type\":\"ImageObject\",\"inLanguage\":\"es\",\"@id\":\"https:\\\/\\\/www.dynseo.com\\\/es\\\/#\\\/schema\\\/logo\\\/image\\\/\",\"url\":\"https:\\\/\\\/www.dynseo.com\\\/wp-content\\\/uploads\\\/2022\\\/05\\\/logo-dynseo-new.png\",\"contentUrl\":\"https:\\\/\\\/www.dynseo.com\\\/wp-content\\\/uploads\\\/2022\\\/05\\\/logo-dynseo-new.png\",\"width\":5073,\"height\":1397,\"caption\":\"DYNSEO\"},\"image\":{\"@id\":\"https:\\\/\\\/www.dynseo.com\\\/es\\\/#\\\/schema\\\/logo\\\/image\\\/\"}}]}<\/script>\n<!-- \/ Yoast SEO plugin. -->","yoast_head_json":{"title":"Apoyar a un ni\u00f1o con s\u00edndrome de Down: claves del ... #3","robots":{"index":"index","follow":"follow","max-snippet":"max-snippet:-1","max-image-preview":"max-image-preview:large","max-video-preview":"max-video-preview:-1"},"canonical":"https:\/\/www.dynseo.com\/es\/produit\/apoyar-a-un-nino-con-sindrome-de-down-claves-del-dia-a-dia-y-soluciones\/","og_locale":"es_ES","og_type":"article","og_title":"Apoyar a un ni\u00f1o con s\u00edndrome de Down: claves del ... #3","og_description":"Este curso te proporcionar\u00e1 una comprensi\u00f3n clara del S\u00edndrome de Down y sus implicaciones en la vida cotidiana. Aprender\u00e1s a comprender mejor las caracter\u00edsticas espec\u00edficas de esta enfermedad gen\u00e9tica, los retos a los que se enfrenta el ni\u00f1o en el aprendizaje, la motricidad, la comunicaci\u00f3n y la socializaci\u00f3n, as\u00ed como los puntos fuertes y la [&hellip;]","og_url":"https:\/\/www.dynseo.com\/es\/produit\/apoyar-a-un-nino-con-sindrome-de-down-claves-del-dia-a-dia-y-soluciones\/","og_site_name":"DYNSEO - Aplicaci\u00f3n educativa y juegos de memoria","article_modified_time":"2025-11-12T17:02:04+00:00","og_image":[{"width":688,"height":600,"url":"https:\/\/www.dynseo.com\/wp-content\/uploads\/2025\/11\/Accompagner-un-enfant-avec-Trisomie-21-_-cle\u0301s-et-solutions-au-quotidien.png","type":"image\/png"}],"twitter_misc":{"Tiempo de lectura":"2 minutos"},"schema":{"@context":"https:\/\/schema.org","@graph":[{"@type":"WebPage","@id":"https:\/\/www.dynseo.com\/es\/produit\/apoyar-a-un-nino-con-sindrome-de-down-claves-del-dia-a-dia-y-soluciones\/","url":"https:\/\/www.dynseo.com\/es\/produit\/apoyar-a-un-nino-con-sindrome-de-down-claves-del-dia-a-dia-y-soluciones\/","name":"Apoyar a un ni\u00f1o con s\u00edndrome de Down: claves del ... #3","isPartOf":{"@id":"https:\/\/www.dynseo.com\/es\/#website"},"primaryImageOfPage":{"@id":"https:\/\/www.dynseo.com\/es\/produit\/apoyar-a-un-nino-con-sindrome-de-down-claves-del-dia-a-dia-y-soluciones\/#primaryimage"},"image":{"@id":"https:\/\/www.dynseo.com\/es\/produit\/apoyar-a-un-nino-con-sindrome-de-down-claves-del-dia-a-dia-y-soluciones\/#primaryimage"},"thumbnailUrl":"https:\/\/www.dynseo.com\/wp-content\/uploads\/2025\/11\/Accompagner-un-enfant-avec-Trisomie-21-_-cle\u0301s-et-solutions-au-quotidien.png","datePublished":"2025-11-10T15:21:24+00:00","dateModified":"2025-11-12T17:02:04+00:00","breadcrumb":{"@id":"https:\/\/www.dynseo.com\/es\/produit\/apoyar-a-un-nino-con-sindrome-de-down-claves-del-dia-a-dia-y-soluciones\/#breadcrumb"},"inLanguage":"es","potentialAction":[{"@type":"ReadAction","target":["https:\/\/www.dynseo.com\/es\/produit\/apoyar-a-un-nino-con-sindrome-de-down-claves-del-dia-a-dia-y-soluciones\/"]}]},{"@type":"ImageObject","inLanguage":"es","@id":"https:\/\/www.dynseo.com\/es\/produit\/apoyar-a-un-nino-con-sindrome-de-down-claves-del-dia-a-dia-y-soluciones\/#primaryimage","url":"https:\/\/www.dynseo.com\/wp-content\/uploads\/2025\/11\/Accompagner-un-enfant-avec-Trisomie-21-_-cle\u0301s-et-solutions-au-quotidien.png","contentUrl":"https:\/\/www.dynseo.com\/wp-content\/uploads\/2025\/11\/Accompagner-un-enfant-avec-Trisomie-21-_-cle\u0301s-et-solutions-au-quotidien.png","width":688,"height":600,"caption":"Potencia tu capacidad de remembranza con nuestras actividades estimulantes"},{"@type":"BreadcrumbList","@id":"https:\/\/www.dynseo.com\/es\/produit\/apoyar-a-un-nino-con-sindrome-de-down-claves-del-dia-a-dia-y-soluciones\/#breadcrumb","itemListElement":[{"@type":"ListItem","position":1,"name":"Accueil","item":"https:\/\/www.dynseo.com\/es\/"},{"@type":"ListItem","position":2,"name":"Tienda","item":"https:\/\/www.dynseo.com\/es\/tienda\/"},{"@type":"ListItem","position":3,"name":"Apoyar a un ni\u00f1o con s\u00edndrome de Down: claves del d\u00eda a d\u00eda y soluciones"}]},{"@type":"WebSite","@id":"https:\/\/www.dynseo.com\/es\/#website","url":"https:\/\/www.dynseo.com\/es\/","name":"Jeux de m\u00e9moire et stimulation cognitive","description":"Entra\u00eenez votre m\u00e9moire et votre cerveau avec DYNSEO","publisher":{"@id":"https:\/\/www.dynseo.com\/es\/#organization"},"potentialAction":[{"@type":"SearchAction","target":{"@type":"EntryPoint","urlTemplate":"https:\/\/www.dynseo.com\/es\/?s={search_term_string}"},"query-input":{"@type":"PropertyValueSpecification","valueRequired":true,"valueName":"search_term_string"}}],"inLanguage":"es"},{"@type":"Organization","@id":"https:\/\/www.dynseo.com\/es\/#organization","name":"DYNSEO","url":"https:\/\/www.dynseo.com\/es\/","logo":{"@type":"ImageObject","inLanguage":"es","@id":"https:\/\/www.dynseo.com\/es\/#\/schema\/logo\/image\/","url":"https:\/\/www.dynseo.com\/wp-content\/uploads\/2022\/05\/logo-dynseo-new.png","contentUrl":"https:\/\/www.dynseo.com\/wp-content\/uploads\/2022\/05\/logo-dynseo-new.png","width":5073,"height":1397,"caption":"DYNSEO"},"image":{"@id":"https:\/\/www.dynseo.com\/es\/#\/schema\/logo\/image\/"}}]}},"_links":{"self":[{"href":"https:\/\/www.dynseo.com\/es\/wp-json\/wp\/v2\/product\/419804","targetHints":{"allow":["GET"]}}],"collection":[{"href":"https:\/\/www.dynseo.com\/es\/wp-json\/wp\/v2\/product"}],"about":[{"href":"https:\/\/www.dynseo.com\/es\/wp-json\/wp\/v2\/types\/product"}],"replies":[{"embeddable":true,"href":"https:\/\/www.dynseo.com\/es\/wp-json\/wp\/v2\/comments?post=419804"}],"wp:featuredmedia":[{"embeddable":true,"href":"https:\/\/www.dynseo.com\/es\/wp-json\/wp\/v2\/media\/419972"}],"wp:attachment":[{"href":"https:\/\/www.dynseo.com\/es\/wp-json\/wp\/v2\/media?parent=419804"}],"wp:term":[{"taxonomy":"product_brand","embeddable":true,"href":"https:\/\/www.dynseo.com\/es\/wp-json\/wp\/v2\/product_brand?post=419804"},{"taxonomy":"product_cat","embeddable":true,"href":"https:\/\/www.dynseo.com\/es\/wp-json\/wp\/v2\/product_cat?post=419804"},{"taxonomy":"product_tag","embeddable":true,"href":"https:\/\/www.dynseo.com\/es\/wp-json\/wp\/v2\/product_tag?post=419804"}],"curies":[{"name":"wp","href":"https:\/\/api.w.org\/{rel}","templated":true}]}}