{"id":419806,"date":"2025-11-10T16:23:17","date_gmt":"2025-11-10T15:23:17","guid":{"rendered":"https:\/\/www.dynseo.com\/produit\/identificar-y-apoyar-los-trastornos-del-tgd-en-las-escuelas-primarias\/"},"modified":"2025-12-20T01:02:42","modified_gmt":"2025-12-20T00:02:42","slug":"identificar-y-apoyar-los-trastornos-del-tgd-en-las-escuelas-primarias","status":"publish","type":"product","link":"https:\/\/www.dynseo.com\/es\/produit\/identificar-y-apoyar-los-trastornos-del-tgd-en-las-escuelas-primarias\/","title":{"rendered":"Identificar y apoyar los trastornos del TGD en las escuelas primarias"},"content":{"rendered":"<p data-start=\"150\" data-end=\"741\">Este curso te proporcionar\u00e1 una comprensi\u00f3n clara de los trastornos DYS (dislexia, disortograf\u00eda, discalculia, disfasia, dispraxia) y sus efectos pr\u00e1cticos en el aprendizaje, la confianza y la vida en el aula. Aprender\u00e1s a detectar los primeros signos, a distinguir los perfiles y sus necesidades, y a poner en marcha adaptaciones sencillas y eficaces. Utilizando estrategias de ense\u00f1anza inclusiva, herramientas pr\u00e1cticas y situaciones de la vida real, aprender\u00e1s a apoyar mejor a tus alumnos en clase y en casa, manteniendo un entorno tranquilo, gratificante y motivador.<\/p>\n<h1 data-start=\"743\" data-end=\"770\">Objetivos de la formaci\u00f3n<\/h1>\n<ul data-start=\"771\" data-end=\"1820\">\n<li data-start=\"771\" data-end=\"871\">\n<p data-start=\"773\" data-end=\"871\">Comprender los trastornos del DSJ: definiciones, tipolog\u00eda, signos de alerta y posibles comorbilidades.<\/p>\n<\/li>\n<li data-start=\"872\" data-end=\"1002\">\n<p data-start=\"874\" data-end=\"1002\">Identifica el impacto en la lectura\/escritura, el lenguaje, el razonamiento matem\u00e1tico, la motricidad fina y la organizaci\u00f3n.<\/p>\n<\/li>\n<li data-start=\"1003\" data-end=\"1161\">\n<p data-start=\"1005\" data-end=\"1161\">Pon en pr\u00e1ctica adaptaciones eficaces para cada trastorno (tiempo extra, materiales adaptados, dictado de adultos, alternativas a la escritura a mano, manipulativos, etc.).<\/p>\n<\/li>\n<li data-start=\"1162\" data-end=\"1304\">\n<p data-start=\"1164\" data-end=\"1304\">Utiliza m\u00e9todos de aprendizaje inclusivos: enfoque multisensorial, tareas divididas, orientaci\u00f3n paso a paso, tutor\u00eda entre iguales.<\/p>\n<\/li>\n<li data-start=\"1305\" data-end=\"1435\">\n<p data-start=\"1307\" data-end=\"1435\">Gestionar las emociones y la motivaci\u00f3n: feedback espec\u00edfico, objetivos alcanzables, derecho a equivocarse, recompensar los progresos.<\/p>\n<\/li>\n<li data-start=\"1436\" data-end=\"1566\">\n<p data-start=\"1438\" data-end=\"1566\">Cooperaci\u00f3n entre la escuela, la familia y los profesionales (profesor, AESH, logopeda, terapeuta ocupacional, psic\u00f3logo, m\u00e9dico) en torno a un plan de acci\u00f3n compartido.<\/p>\n<\/li>\n<li data-start=\"1567\" data-end=\"1709\">\n<p data-start=\"1569\" data-end=\"1709\">Utiliza herramientas digitales de ayuda (reproducci\u00f3n de audio, correctores, mapas mentales, organizaci\u00f3n digital) y materiales divertidos.<\/p>\n<\/li>\n<li data-start=\"1710\" data-end=\"1820\">\n<p data-start=\"1712\" data-end=\"1820\">Ll\u00e9vate pr\u00e1cticas hojas de trabajo, listas de control y plantillas que puedes utilizar en clase y en casa.<\/p>\n<\/li>\n<\/ul>\n<ul data-start=\"4010\" data-end=\"4464\">\n<li style=\"list-style-type: none;\" data-start=\"4090\" data-end=\"4464\"><\/li>\n<\/ul>\n<p data-start=\"4471\" data-end=\"4908\" data-is-last-node=\"\" data-is-only-node=\"\"><strong data-start=\"4471\" data-end=\"4488\">Te ir\u00e1s<\/strong> con herramientas pr\u00e1cticas y listas para usar (fichas del alumno, rejillas de observaci\u00f3n, listas de comprobaci\u00f3n de la adaptaci\u00f3n, modelos de seguimiento escuela-familia) para ayudar a cada alumno disl\u00e9xico a progresar, ganar independencia y recuperar la confianza en s\u00ed mismo a diario.<\/p>\n<p>&nbsp;<\/p>\n","protected":false},"excerpt":{"rendered":"<p>Este curso te proporcionar\u00e1 una comprensi\u00f3n clara de los trastornos DYS (dislexia, disortograf\u00eda, discalculia, disfasia, dispraxia) y sus efectos pr\u00e1cticos en el aprendizaje, la confianza y la vida en el aula. Aprender\u00e1s a detectar los primeros signos, a distinguir los perfiles y sus necesidades, y a poner en marcha adaptaciones sencillas y eficaces. Utilizando estrategias [&hellip;]<\/p>\n","protected":false},"featured_media":419989,"comment_status":"open","ping_status":"closed","template":"","meta":{"_et_pb_use_builder":"","_et_pb_old_content":"","_et_gb_content_width":""},"product_brand":[],"product_cat":[4533],"product_tag":[],"class_list":{"0":"post-419806","1":"product","2":"type-product","3":"status-publish","4":"has-post-thumbnail","6":"product_cat-formacion-2","8":"first","9":"instock","10":"virtual","11":"taxable","12":"purchasable","13":"product-type-simple"},"yoast_head":"<!-- This site is optimized with the Yoast SEO plugin v27.5 - https:\/\/yoast.com\/product\/yoast-seo-wordpress\/ -->\n<title>Identificar ... | DYNSEO - App educative et jeux de m\u00e9moire<\/title>\n<meta name=\"robots\" content=\"index, follow, max-snippet:-1, max-image-preview:large, max-video-preview:-1\" \/>\n<link rel=\"canonical\" href=\"https:\/\/www.dynseo.com\/es\/produit\/identificar-y-apoyar-los-trastornos-del-tgd-en-las-escuelas-primarias\/\" \/>\n<meta property=\"og:locale\" content=\"es_ES\" \/>\n<meta property=\"og:type\" content=\"article\" \/>\n<meta property=\"og:title\" content=\"Identificar ... | DYNSEO - App educative et jeux de m\u00e9moire\" \/>\n<meta property=\"og:description\" content=\"Este curso te proporcionar\u00e1 una comprensi\u00f3n clara de los trastornos DYS (dislexia, disortograf\u00eda, discalculia, disfasia, dispraxia) y sus efectos pr\u00e1cticos en el aprendizaje, la confianza y la vida en el aula. Aprender\u00e1s a detectar los primeros signos, a distinguir los perfiles y sus necesidades, y a poner en marcha adaptaciones sencillas y eficaces. Utilizando estrategias [&hellip;]\" \/>\n<meta property=\"og:url\" content=\"https:\/\/www.dynseo.com\/es\/produit\/identificar-y-apoyar-los-trastornos-del-tgd-en-las-escuelas-primarias\/\" \/>\n<meta property=\"og:site_name\" content=\"DYNSEO - Aplicaci\u00f3n educativa y juegos de memoria\" \/>\n<meta property=\"article:modified_time\" content=\"2025-12-20T00:02:42+00:00\" \/>\n<meta property=\"og:image\" content=\"https:\/\/www.dynseo.com\/wp-content\/uploads\/2025\/11\/Troubles-dys-a\u0300-le\u0301cole-primaire.png\" \/>\n\t<meta property=\"og:image:width\" content=\"688\" \/>\n\t<meta property=\"og:image:height\" content=\"600\" \/>\n\t<meta property=\"og:image:type\" content=\"image\/png\" \/>\n<meta name=\"twitter:label1\" content=\"Tiempo de lectura\" \/>\n\t<meta name=\"twitter:data1\" content=\"2 minutos\" \/>\n<script type=\"application\/ld+json\" class=\"yoast-schema-graph\">{\"@context\":\"https:\\\/\\\/schema.org\",\"@graph\":[{\"@type\":\"WebPage\",\"@id\":\"https:\\\/\\\/www.dynseo.com\\\/es\\\/produit\\\/identificar-y-apoyar-los-trastornos-del-tgd-en-las-escuelas-primarias\\\/\",\"url\":\"https:\\\/\\\/www.dynseo.com\\\/es\\\/produit\\\/identificar-y-apoyar-los-trastornos-del-tgd-en-las-escuelas-primarias\\\/\",\"name\":\"Identificar ... | DYNSEO - App educative et jeux de m\u00e9moire\",\"isPartOf\":{\"@id\":\"https:\\\/\\\/www.dynseo.com\\\/es\\\/#website\"},\"primaryImageOfPage\":{\"@id\":\"https:\\\/\\\/www.dynseo.com\\\/es\\\/produit\\\/identificar-y-apoyar-los-trastornos-del-tgd-en-las-escuelas-primarias\\\/#primaryimage\"},\"image\":{\"@id\":\"https:\\\/\\\/www.dynseo.com\\\/es\\\/produit\\\/identificar-y-apoyar-los-trastornos-del-tgd-en-las-escuelas-primarias\\\/#primaryimage\"},\"thumbnailUrl\":\"https:\\\/\\\/www.dynseo.com\\\/wp-content\\\/uploads\\\/2025\\\/11\\\/Troubles-dys-a\u0300-le\u0301cole-primaire.png\",\"datePublished\":\"2025-11-10T15:23:17+00:00\",\"dateModified\":\"2025-12-20T00:02:42+00:00\",\"breadcrumb\":{\"@id\":\"https:\\\/\\\/www.dynseo.com\\\/es\\\/produit\\\/identificar-y-apoyar-los-trastornos-del-tgd-en-las-escuelas-primarias\\\/#breadcrumb\"},\"inLanguage\":\"es\",\"potentialAction\":[{\"@type\":\"ReadAction\",\"target\":[\"https:\\\/\\\/www.dynseo.com\\\/es\\\/produit\\\/identificar-y-apoyar-los-trastornos-del-tgd-en-las-escuelas-primarias\\\/\"]}]},{\"@type\":\"ImageObject\",\"inLanguage\":\"es\",\"@id\":\"https:\\\/\\\/www.dynseo.com\\\/es\\\/produit\\\/identificar-y-apoyar-los-trastornos-del-tgd-en-las-escuelas-primarias\\\/#primaryimage\",\"url\":\"https:\\\/\\\/www.dynseo.com\\\/wp-content\\\/uploads\\\/2025\\\/11\\\/Troubles-dys-a\u0300-le\u0301cole-primaire.png\",\"contentUrl\":\"https:\\\/\\\/www.dynseo.com\\\/wp-content\\\/uploads\\\/2025\\\/11\\\/Troubles-dys-a\u0300-le\u0301cole-primaire.png\",\"width\":688,\"height\":600,\"caption\":\"Potencia las capacidades cognitivas con nuestros estimulantes juegos\"},{\"@type\":\"BreadcrumbList\",\"@id\":\"https:\\\/\\\/www.dynseo.com\\\/es\\\/produit\\\/identificar-y-apoyar-los-trastornos-del-tgd-en-las-escuelas-primarias\\\/#breadcrumb\",\"itemListElement\":[{\"@type\":\"ListItem\",\"position\":1,\"name\":\"Accueil\",\"item\":\"https:\\\/\\\/www.dynseo.com\\\/es\\\/\"},{\"@type\":\"ListItem\",\"position\":2,\"name\":\"Tienda\",\"item\":\"https:\\\/\\\/www.dynseo.com\\\/es\\\/tienda\\\/\"},{\"@type\":\"ListItem\",\"position\":3,\"name\":\"Identificar y apoyar los trastornos del TGD en las escuelas primarias\"}]},{\"@type\":\"WebSite\",\"@id\":\"https:\\\/\\\/www.dynseo.com\\\/es\\\/#website\",\"url\":\"https:\\\/\\\/www.dynseo.com\\\/es\\\/\",\"name\":\"Jeux de m\u00e9moire et stimulation cognitive\",\"description\":\"Entra\u00eenez votre m\u00e9moire et votre cerveau avec DYNSEO\",\"publisher\":{\"@id\":\"https:\\\/\\\/www.dynseo.com\\\/es\\\/#organization\"},\"potentialAction\":[{\"@type\":\"SearchAction\",\"target\":{\"@type\":\"EntryPoint\",\"urlTemplate\":\"https:\\\/\\\/www.dynseo.com\\\/es\\\/?s={search_term_string}\"},\"query-input\":{\"@type\":\"PropertyValueSpecification\",\"valueRequired\":true,\"valueName\":\"search_term_string\"}}],\"inLanguage\":\"es\"},{\"@type\":\"Organization\",\"@id\":\"https:\\\/\\\/www.dynseo.com\\\/es\\\/#organization\",\"name\":\"DYNSEO\",\"url\":\"https:\\\/\\\/www.dynseo.com\\\/es\\\/\",\"logo\":{\"@type\":\"ImageObject\",\"inLanguage\":\"es\",\"@id\":\"https:\\\/\\\/www.dynseo.com\\\/es\\\/#\\\/schema\\\/logo\\\/image\\\/\",\"url\":\"https:\\\/\\\/www.dynseo.com\\\/wp-content\\\/uploads\\\/2022\\\/05\\\/logo-dynseo-new.png\",\"contentUrl\":\"https:\\\/\\\/www.dynseo.com\\\/wp-content\\\/uploads\\\/2022\\\/05\\\/logo-dynseo-new.png\",\"width\":5073,\"height\":1397,\"caption\":\"DYNSEO\"},\"image\":{\"@id\":\"https:\\\/\\\/www.dynseo.com\\\/es\\\/#\\\/schema\\\/logo\\\/image\\\/\"}}]}<\/script>\n<!-- \/ Yoast SEO plugin. -->","yoast_head_json":{"title":"Identificar ... | DYNSEO - App educative et jeux de m\u00e9moire","robots":{"index":"index","follow":"follow","max-snippet":"max-snippet:-1","max-image-preview":"max-image-preview:large","max-video-preview":"max-video-preview:-1"},"canonical":"https:\/\/www.dynseo.com\/es\/produit\/identificar-y-apoyar-los-trastornos-del-tgd-en-las-escuelas-primarias\/","og_locale":"es_ES","og_type":"article","og_title":"Identificar ... | DYNSEO - App educative et jeux de m\u00e9moire","og_description":"Este curso te proporcionar\u00e1 una comprensi\u00f3n clara de los trastornos DYS (dislexia, disortograf\u00eda, discalculia, disfasia, dispraxia) y sus efectos pr\u00e1cticos en el aprendizaje, la confianza y la vida en el aula. Aprender\u00e1s a detectar los primeros signos, a distinguir los perfiles y sus necesidades, y a poner en marcha adaptaciones sencillas y eficaces. Utilizando estrategias [&hellip;]","og_url":"https:\/\/www.dynseo.com\/es\/produit\/identificar-y-apoyar-los-trastornos-del-tgd-en-las-escuelas-primarias\/","og_site_name":"DYNSEO - Aplicaci\u00f3n educativa y juegos de memoria","article_modified_time":"2025-12-20T00:02:42+00:00","og_image":[{"width":688,"height":600,"url":"https:\/\/www.dynseo.com\/wp-content\/uploads\/2025\/11\/Troubles-dys-a\u0300-le\u0301cole-primaire.png","type":"image\/png"}],"twitter_misc":{"Tiempo de lectura":"2 minutos"},"schema":{"@context":"https:\/\/schema.org","@graph":[{"@type":"WebPage","@id":"https:\/\/www.dynseo.com\/es\/produit\/identificar-y-apoyar-los-trastornos-del-tgd-en-las-escuelas-primarias\/","url":"https:\/\/www.dynseo.com\/es\/produit\/identificar-y-apoyar-los-trastornos-del-tgd-en-las-escuelas-primarias\/","name":"Identificar ... | DYNSEO - App educative et jeux de m\u00e9moire","isPartOf":{"@id":"https:\/\/www.dynseo.com\/es\/#website"},"primaryImageOfPage":{"@id":"https:\/\/www.dynseo.com\/es\/produit\/identificar-y-apoyar-los-trastornos-del-tgd-en-las-escuelas-primarias\/#primaryimage"},"image":{"@id":"https:\/\/www.dynseo.com\/es\/produit\/identificar-y-apoyar-los-trastornos-del-tgd-en-las-escuelas-primarias\/#primaryimage"},"thumbnailUrl":"https:\/\/www.dynseo.com\/wp-content\/uploads\/2025\/11\/Troubles-dys-a\u0300-le\u0301cole-primaire.png","datePublished":"2025-11-10T15:23:17+00:00","dateModified":"2025-12-20T00:02:42+00:00","breadcrumb":{"@id":"https:\/\/www.dynseo.com\/es\/produit\/identificar-y-apoyar-los-trastornos-del-tgd-en-las-escuelas-primarias\/#breadcrumb"},"inLanguage":"es","potentialAction":[{"@type":"ReadAction","target":["https:\/\/www.dynseo.com\/es\/produit\/identificar-y-apoyar-los-trastornos-del-tgd-en-las-escuelas-primarias\/"]}]},{"@type":"ImageObject","inLanguage":"es","@id":"https:\/\/www.dynseo.com\/es\/produit\/identificar-y-apoyar-los-trastornos-del-tgd-en-las-escuelas-primarias\/#primaryimage","url":"https:\/\/www.dynseo.com\/wp-content\/uploads\/2025\/11\/Troubles-dys-a\u0300-le\u0301cole-primaire.png","contentUrl":"https:\/\/www.dynseo.com\/wp-content\/uploads\/2025\/11\/Troubles-dys-a\u0300-le\u0301cole-primaire.png","width":688,"height":600,"caption":"Potencia las capacidades cognitivas con nuestros estimulantes juegos"},{"@type":"BreadcrumbList","@id":"https:\/\/www.dynseo.com\/es\/produit\/identificar-y-apoyar-los-trastornos-del-tgd-en-las-escuelas-primarias\/#breadcrumb","itemListElement":[{"@type":"ListItem","position":1,"name":"Accueil","item":"https:\/\/www.dynseo.com\/es\/"},{"@type":"ListItem","position":2,"name":"Tienda","item":"https:\/\/www.dynseo.com\/es\/tienda\/"},{"@type":"ListItem","position":3,"name":"Identificar y apoyar los trastornos del TGD en las escuelas primarias"}]},{"@type":"WebSite","@id":"https:\/\/www.dynseo.com\/es\/#website","url":"https:\/\/www.dynseo.com\/es\/","name":"Jeux de m\u00e9moire et stimulation cognitive","description":"Entra\u00eenez votre m\u00e9moire et votre cerveau avec DYNSEO","publisher":{"@id":"https:\/\/www.dynseo.com\/es\/#organization"},"potentialAction":[{"@type":"SearchAction","target":{"@type":"EntryPoint","urlTemplate":"https:\/\/www.dynseo.com\/es\/?s={search_term_string}"},"query-input":{"@type":"PropertyValueSpecification","valueRequired":true,"valueName":"search_term_string"}}],"inLanguage":"es"},{"@type":"Organization","@id":"https:\/\/www.dynseo.com\/es\/#organization","name":"DYNSEO","url":"https:\/\/www.dynseo.com\/es\/","logo":{"@type":"ImageObject","inLanguage":"es","@id":"https:\/\/www.dynseo.com\/es\/#\/schema\/logo\/image\/","url":"https:\/\/www.dynseo.com\/wp-content\/uploads\/2022\/05\/logo-dynseo-new.png","contentUrl":"https:\/\/www.dynseo.com\/wp-content\/uploads\/2022\/05\/logo-dynseo-new.png","width":5073,"height":1397,"caption":"DYNSEO"},"image":{"@id":"https:\/\/www.dynseo.com\/es\/#\/schema\/logo\/image\/"}}]}},"_links":{"self":[{"href":"https:\/\/www.dynseo.com\/es\/wp-json\/wp\/v2\/product\/419806","targetHints":{"allow":["GET"]}}],"collection":[{"href":"https:\/\/www.dynseo.com\/es\/wp-json\/wp\/v2\/product"}],"about":[{"href":"https:\/\/www.dynseo.com\/es\/wp-json\/wp\/v2\/types\/product"}],"replies":[{"embeddable":true,"href":"https:\/\/www.dynseo.com\/es\/wp-json\/wp\/v2\/comments?post=419806"}],"wp:featuredmedia":[{"embeddable":true,"href":"https:\/\/www.dynseo.com\/es\/wp-json\/wp\/v2\/media\/419989"}],"wp:attachment":[{"href":"https:\/\/www.dynseo.com\/es\/wp-json\/wp\/v2\/media?parent=419806"}],"wp:term":[{"taxonomy":"product_brand","embeddable":true,"href":"https:\/\/www.dynseo.com\/es\/wp-json\/wp\/v2\/product_brand?post=419806"},{"taxonomy":"product_cat","embeddable":true,"href":"https:\/\/www.dynseo.com\/es\/wp-json\/wp\/v2\/product_cat?post=419806"},{"taxonomy":"product_tag","embeddable":true,"href":"https:\/\/www.dynseo.com\/es\/wp-json\/wp\/v2\/product_tag?post=419806"}],"curies":[{"name":"wp","href":"https:\/\/api.w.org\/{rel}","templated":true}]}}