{"id":419811,"date":"2025-11-10T16:41:55","date_gmt":"2025-11-10T15:41:55","guid":{"rendered":"https:\/\/www.dynseo.com\/?post_type=product&#038;p=419811"},"modified":"2026-02-17T09:33:33","modified_gmt":"2026-02-17T08:33:33","slug":"joe-tu-entrenador-cerebral","status":"publish","type":"product","link":"https:\/\/www.dynseo.com\/es\/produit\/joe-tu-entrenador-cerebral\/","title":{"rendered":"Joe &#8211; Tu entrenador cerebral"},"content":{"rendered":"<p>Con Joe, tu entrenador cerebral, podr\u00e1s potenciar tu memoria y desarrollar tus conocimientos generales. Se estimulan todas tus funciones cognitivas: atenci\u00f3n, concentraci\u00f3n, funciones ejecutivas, agilidad mental, implementaci\u00f3n de estrategias, etc. Al combinar ejercicios cient\u00edficos y l\u00fadicos, Clint se convierte en una herramienta indispensable para el d\u00eda a d\u00eda.<\/p>\n","protected":false},"excerpt":{"rendered":"<p>Aprender y potenciar el cerebro al mismo tiempo? Es posible con Coach Joe!<\/p>\n","protected":false},"featured_media":420066,"comment_status":"closed","ping_status":"closed","template":"","meta":{"_et_pb_use_builder":"off","_et_pb_old_content":"Con Joe, tu entrenador cerebral, podr\u00e1s potenciar tu memoria y desarrollar tus conocimientos generales. Se estimulan todas tus funciones cognitivas: atenci\u00f3n, concentraci\u00f3n, funciones ejecutivas, agilidad mental, implementaci\u00f3n de estrategias, etc. Al combinar ejercicios cient\u00edficos y l\u00fadicos, Clint se convierte en una herramienta indispensable para el d\u00eda a d\u00eda.","_et_gb_content_width":""},"product_brand":[],"product_cat":[4528],"product_tag":[],"class_list":{"0":"post-419811","1":"product","2":"type-product","3":"status-publish","4":"has-post-thumbnail","6":"product_cat-juegos-mentales","8":"first","9":"instock","10":"taxable","11":"shipping-taxable","12":"purchasable","13":"product-type-variable","14":"has-default-attributes"},"yoast_head":"<!-- This site is optimized with the Yoast SEO plugin v27.4 - https:\/\/yoast.com\/product\/yoast-seo-wordpress\/ -->\n<title>Joe - Tu entrenador cerebral - DYNSEO - Aplicaci\u00f3n educativa y juegos de memoria<\/title>\n<meta name=\"robots\" content=\"index, follow, max-snippet:-1, max-image-preview:large, max-video-preview:-1\" \/>\n<link rel=\"canonical\" href=\"https:\/\/www.dynseo.com\/es\/produit\/joe-tu-entrenador-cerebral\/\" \/>\n<meta property=\"og:locale\" content=\"es_ES\" \/>\n<meta property=\"og:type\" content=\"article\" \/>\n<meta property=\"og:title\" content=\"Joe - Tu entrenador cerebral - DYNSEO - Aplicaci\u00f3n educativa y juegos de memoria\" \/>\n<meta property=\"og:description\" content=\"Aprender y potenciar el cerebro al mismo tiempo? Es posible con Coach Joe!\" \/>\n<meta property=\"og:url\" content=\"https:\/\/www.dynseo.com\/es\/produit\/joe-tu-entrenador-cerebral\/\" \/>\n<meta property=\"og:site_name\" content=\"DYNSEO - Aplicaci\u00f3n educativa y juegos de memoria\" \/>\n<meta property=\"article:modified_time\" content=\"2026-02-17T08:33:33+00:00\" \/>\n<meta property=\"og:image\" content=\"https:\/\/www.dynseo.com\/wp-content\/uploads\/2025\/11\/joe-edith-coachs-innovative-anwendungen-erwachsene-senioren-kognitive-sto\u0308rungen.jpg\" \/>\n\t<meta property=\"og:image:width\" content=\"688\" \/>\n\t<meta property=\"og:image:height\" content=\"600\" \/>\n\t<meta property=\"og:image:type\" content=\"image\/jpeg\" \/>\n<meta name=\"twitter:label1\" content=\"Tiempo de lectura\" \/>\n\t<meta name=\"twitter:data1\" content=\"1 minuto\" \/>\n<script type=\"application\/ld+json\" class=\"yoast-schema-graph\">{\"@context\":\"https:\\\/\\\/schema.org\",\"@graph\":[{\"@type\":\"WebPage\",\"@id\":\"https:\\\/\\\/www.dynseo.com\\\/es\\\/produit\\\/joe-tu-entrenador-cerebral\\\/\",\"url\":\"https:\\\/\\\/www.dynseo.com\\\/es\\\/produit\\\/joe-tu-entrenador-cerebral\\\/\",\"name\":\"Joe - Tu entrenador cerebral - DYNSEO - Aplicaci\u00f3n educativa y juegos de memoria\",\"isPartOf\":{\"@id\":\"https:\\\/\\\/www.dynseo.com\\\/es\\\/#website\"},\"primaryImageOfPage\":{\"@id\":\"https:\\\/\\\/www.dynseo.com\\\/es\\\/produit\\\/joe-tu-entrenador-cerebral\\\/#primaryimage\"},\"image\":{\"@id\":\"https:\\\/\\\/www.dynseo.com\\\/es\\\/produit\\\/joe-tu-entrenador-cerebral\\\/#primaryimage\"},\"thumbnailUrl\":\"https:\\\/\\\/www.dynseo.com\\\/wp-content\\\/uploads\\\/2025\\\/11\\\/joe-edith-coachs-innovative-anwendungen-erwachsene-senioren-kognitive-sto\u0308rungen.jpg\",\"datePublished\":\"2025-11-10T15:41:55+00:00\",\"dateModified\":\"2026-02-17T08:33:33+00:00\",\"breadcrumb\":{\"@id\":\"https:\\\/\\\/www.dynseo.com\\\/es\\\/produit\\\/joe-tu-entrenador-cerebral\\\/#breadcrumb\"},\"inLanguage\":\"es\",\"potentialAction\":[{\"@type\":\"ReadAction\",\"target\":[\"https:\\\/\\\/www.dynseo.com\\\/es\\\/produit\\\/joe-tu-entrenador-cerebral\\\/\"]}]},{\"@type\":\"ImageObject\",\"inLanguage\":\"es\",\"@id\":\"https:\\\/\\\/www.dynseo.com\\\/es\\\/produit\\\/joe-tu-entrenador-cerebral\\\/#primaryimage\",\"url\":\"https:\\\/\\\/www.dynseo.com\\\/wp-content\\\/uploads\\\/2025\\\/11\\\/joe-edith-coachs-innovative-anwendungen-erwachsene-senioren-kognitive-sto\u0308rungen.jpg\",\"contentUrl\":\"https:\\\/\\\/www.dynseo.com\\\/wp-content\\\/uploads\\\/2025\\\/11\\\/joe-edith-coachs-innovative-anwendungen-erwachsene-senioren-kognitive-sto\u0308rungen.jpg\",\"width\":688,\"height\":600,\"caption\":\"Actividades l\u00fadicas para el bienestar mental de los mayores\"},{\"@type\":\"BreadcrumbList\",\"@id\":\"https:\\\/\\\/www.dynseo.com\\\/es\\\/produit\\\/joe-tu-entrenador-cerebral\\\/#breadcrumb\",\"itemListElement\":[{\"@type\":\"ListItem\",\"position\":1,\"name\":\"Accueil\",\"item\":\"https:\\\/\\\/www.dynseo.com\\\/es\\\/\"},{\"@type\":\"ListItem\",\"position\":2,\"name\":\"Tienda\",\"item\":\"https:\\\/\\\/www.dynseo.com\\\/es\\\/tienda\\\/\"},{\"@type\":\"ListItem\",\"position\":3,\"name\":\"Joe &#8211; Tu entrenador cerebral\"}]},{\"@type\":\"WebSite\",\"@id\":\"https:\\\/\\\/www.dynseo.com\\\/es\\\/#website\",\"url\":\"https:\\\/\\\/www.dynseo.com\\\/es\\\/\",\"name\":\"Jeux de m\u00e9moire et stimulation cognitive\",\"description\":\"Entra\u00eenez votre m\u00e9moire et votre cerveau avec DYNSEO\",\"publisher\":{\"@id\":\"https:\\\/\\\/www.dynseo.com\\\/es\\\/#organization\"},\"potentialAction\":[{\"@type\":\"SearchAction\",\"target\":{\"@type\":\"EntryPoint\",\"urlTemplate\":\"https:\\\/\\\/www.dynseo.com\\\/es\\\/?s={search_term_string}\"},\"query-input\":{\"@type\":\"PropertyValueSpecification\",\"valueRequired\":true,\"valueName\":\"search_term_string\"}}],\"inLanguage\":\"es\"},{\"@type\":\"Organization\",\"@id\":\"https:\\\/\\\/www.dynseo.com\\\/es\\\/#organization\",\"name\":\"DYNSEO\",\"url\":\"https:\\\/\\\/www.dynseo.com\\\/es\\\/\",\"logo\":{\"@type\":\"ImageObject\",\"inLanguage\":\"es\",\"@id\":\"https:\\\/\\\/www.dynseo.com\\\/es\\\/#\\\/schema\\\/logo\\\/image\\\/\",\"url\":\"https:\\\/\\\/www.dynseo.com\\\/wp-content\\\/uploads\\\/2022\\\/05\\\/logo-dynseo-new.png\",\"contentUrl\":\"https:\\\/\\\/www.dynseo.com\\\/wp-content\\\/uploads\\\/2022\\\/05\\\/logo-dynseo-new.png\",\"width\":5073,\"height\":1397,\"caption\":\"DYNSEO\"},\"image\":{\"@id\":\"https:\\\/\\\/www.dynseo.com\\\/es\\\/#\\\/schema\\\/logo\\\/image\\\/\"}}]}<\/script>\n<!-- \/ Yoast SEO plugin. -->","yoast_head_json":{"title":"Joe - Tu entrenador cerebral - DYNSEO - Aplicaci\u00f3n educativa y juegos de memoria","robots":{"index":"index","follow":"follow","max-snippet":"max-snippet:-1","max-image-preview":"max-image-preview:large","max-video-preview":"max-video-preview:-1"},"canonical":"https:\/\/www.dynseo.com\/es\/produit\/joe-tu-entrenador-cerebral\/","og_locale":"es_ES","og_type":"article","og_title":"Joe - Tu entrenador cerebral - DYNSEO - Aplicaci\u00f3n educativa y juegos de memoria","og_description":"Aprender y potenciar el cerebro al mismo tiempo? Es posible con Coach Joe!","og_url":"https:\/\/www.dynseo.com\/es\/produit\/joe-tu-entrenador-cerebral\/","og_site_name":"DYNSEO - Aplicaci\u00f3n educativa y juegos de memoria","article_modified_time":"2026-02-17T08:33:33+00:00","og_image":[{"width":688,"height":600,"url":"https:\/\/www.dynseo.com\/wp-content\/uploads\/2025\/11\/joe-edith-coachs-innovative-anwendungen-erwachsene-senioren-kognitive-sto\u0308rungen.jpg","type":"image\/jpeg"}],"twitter_misc":{"Tiempo de lectura":"1 minuto"},"schema":{"@context":"https:\/\/schema.org","@graph":[{"@type":"WebPage","@id":"https:\/\/www.dynseo.com\/es\/produit\/joe-tu-entrenador-cerebral\/","url":"https:\/\/www.dynseo.com\/es\/produit\/joe-tu-entrenador-cerebral\/","name":"Joe - Tu entrenador cerebral - DYNSEO - Aplicaci\u00f3n educativa y juegos de memoria","isPartOf":{"@id":"https:\/\/www.dynseo.com\/es\/#website"},"primaryImageOfPage":{"@id":"https:\/\/www.dynseo.com\/es\/produit\/joe-tu-entrenador-cerebral\/#primaryimage"},"image":{"@id":"https:\/\/www.dynseo.com\/es\/produit\/joe-tu-entrenador-cerebral\/#primaryimage"},"thumbnailUrl":"https:\/\/www.dynseo.com\/wp-content\/uploads\/2025\/11\/joe-edith-coachs-innovative-anwendungen-erwachsene-senioren-kognitive-sto\u0308rungen.jpg","datePublished":"2025-11-10T15:41:55+00:00","dateModified":"2026-02-17T08:33:33+00:00","breadcrumb":{"@id":"https:\/\/www.dynseo.com\/es\/produit\/joe-tu-entrenador-cerebral\/#breadcrumb"},"inLanguage":"es","potentialAction":[{"@type":"ReadAction","target":["https:\/\/www.dynseo.com\/es\/produit\/joe-tu-entrenador-cerebral\/"]}]},{"@type":"ImageObject","inLanguage":"es","@id":"https:\/\/www.dynseo.com\/es\/produit\/joe-tu-entrenador-cerebral\/#primaryimage","url":"https:\/\/www.dynseo.com\/wp-content\/uploads\/2025\/11\/joe-edith-coachs-innovative-anwendungen-erwachsene-senioren-kognitive-sto\u0308rungen.jpg","contentUrl":"https:\/\/www.dynseo.com\/wp-content\/uploads\/2025\/11\/joe-edith-coachs-innovative-anwendungen-erwachsene-senioren-kognitive-sto\u0308rungen.jpg","width":688,"height":600,"caption":"Actividades l\u00fadicas para el bienestar mental de los mayores"},{"@type":"BreadcrumbList","@id":"https:\/\/www.dynseo.com\/es\/produit\/joe-tu-entrenador-cerebral\/#breadcrumb","itemListElement":[{"@type":"ListItem","position":1,"name":"Accueil","item":"https:\/\/www.dynseo.com\/es\/"},{"@type":"ListItem","position":2,"name":"Tienda","item":"https:\/\/www.dynseo.com\/es\/tienda\/"},{"@type":"ListItem","position":3,"name":"Joe &#8211; Tu entrenador cerebral"}]},{"@type":"WebSite","@id":"https:\/\/www.dynseo.com\/es\/#website","url":"https:\/\/www.dynseo.com\/es\/","name":"Jeux de m\u00e9moire et stimulation cognitive","description":"Entra\u00eenez votre m\u00e9moire et votre cerveau avec DYNSEO","publisher":{"@id":"https:\/\/www.dynseo.com\/es\/#organization"},"potentialAction":[{"@type":"SearchAction","target":{"@type":"EntryPoint","urlTemplate":"https:\/\/www.dynseo.com\/es\/?s={search_term_string}"},"query-input":{"@type":"PropertyValueSpecification","valueRequired":true,"valueName":"search_term_string"}}],"inLanguage":"es"},{"@type":"Organization","@id":"https:\/\/www.dynseo.com\/es\/#organization","name":"DYNSEO","url":"https:\/\/www.dynseo.com\/es\/","logo":{"@type":"ImageObject","inLanguage":"es","@id":"https:\/\/www.dynseo.com\/es\/#\/schema\/logo\/image\/","url":"https:\/\/www.dynseo.com\/wp-content\/uploads\/2022\/05\/logo-dynseo-new.png","contentUrl":"https:\/\/www.dynseo.com\/wp-content\/uploads\/2022\/05\/logo-dynseo-new.png","width":5073,"height":1397,"caption":"DYNSEO"},"image":{"@id":"https:\/\/www.dynseo.com\/es\/#\/schema\/logo\/image\/"}}]}},"_links":{"self":[{"href":"https:\/\/www.dynseo.com\/es\/wp-json\/wp\/v2\/product\/419811","targetHints":{"allow":["GET"]}}],"collection":[{"href":"https:\/\/www.dynseo.com\/es\/wp-json\/wp\/v2\/product"}],"about":[{"href":"https:\/\/www.dynseo.com\/es\/wp-json\/wp\/v2\/types\/product"}],"replies":[{"embeddable":true,"href":"https:\/\/www.dynseo.com\/es\/wp-json\/wp\/v2\/comments?post=419811"}],"wp:featuredmedia":[{"embeddable":true,"href":"https:\/\/www.dynseo.com\/es\/wp-json\/wp\/v2\/media\/420066"}],"wp:attachment":[{"href":"https:\/\/www.dynseo.com\/es\/wp-json\/wp\/v2\/media?parent=419811"}],"wp:term":[{"taxonomy":"product_brand","embeddable":true,"href":"https:\/\/www.dynseo.com\/es\/wp-json\/wp\/v2\/product_brand?post=419811"},{"taxonomy":"product_cat","embeddable":true,"href":"https:\/\/www.dynseo.com\/es\/wp-json\/wp\/v2\/product_cat?post=419811"},{"taxonomy":"product_tag","embeddable":true,"href":"https:\/\/www.dynseo.com\/es\/wp-json\/wp\/v2\/product_tag?post=419811"}],"curies":[{"name":"wp","href":"https:\/\/api.w.org\/{rel}","templated":true}]}}