{"id":442806,"date":"2025-12-15T17:23:03","date_gmt":"2025-12-15T16:23:03","guid":{"rendered":"https:\/\/www.dynseo.com\/?post_type=product&#038;p=442806"},"modified":"2025-12-22T14:38:36","modified_gmt":"2025-12-22T13:38:36","slug":"nino-tdah-en-casa-estrategias-avanzadas-para-manejar-la-impulsividad-y-la-oposicion","status":"publish","type":"product","link":"https:\/\/www.dynseo.com\/es\/produit\/nino-tdah-en-casa-estrategias-avanzadas-para-manejar-la-impulsividad-y-la-oposicion\/","title":{"rendered":"Ni\u00f1o TDAH en casa: Estrategias avanzadas para manejar la impulsividad y la oposici\u00f3n"},"content":{"rendered":"","protected":false},"excerpt":{"rendered":"","protected":false},"featured_media":442811,"comment_status":"closed","ping_status":"closed","template":"","meta":{"_et_pb_use_builder":"","_et_pb_old_content":"","_et_gb_content_width":""},"product_brand":[],"product_cat":[4533],"product_tag":[],"class_list":{"0":"post-442806","1":"product","2":"type-product","3":"status-publish","4":"has-post-thumbnail","6":"product_cat-formacion-2","8":"first","9":"instock","10":"virtual","11":"taxable","12":"purchasable","13":"product-type-simple"},"yoast_head":"<!-- This site is optimized with the Yoast SEO plugin v27.3 - https:\/\/yoast.com\/product\/yoast-seo-wordpress\/ -->\n<title>Nino Tdah En... | DYNSEO - App educative et jeux de m\u00e9moire<\/title>\n<meta name=\"robots\" content=\"index, follow, max-snippet:-1, max-image-preview:large, max-video-preview:-1\" \/>\n<link rel=\"canonical\" href=\"https:\/\/www.dynseo.com\/es\/produit\/nino-tdah-en-casa-estrategias-avanzadas-para-manejar-la-impulsividad-y-la-oposicion\/\" \/>\n<meta property=\"og:locale\" content=\"es_ES\" \/>\n<meta property=\"og:type\" content=\"article\" \/>\n<meta property=\"og:title\" content=\"Nino Tdah En... | DYNSEO - App educative et jeux de m\u00e9moire\" \/>\n<meta property=\"og:url\" content=\"https:\/\/www.dynseo.com\/es\/produit\/nino-tdah-en-casa-estrategias-avanzadas-para-manejar-la-impulsividad-y-la-oposicion\/\" \/>\n<meta property=\"og:site_name\" content=\"DYNSEO - Aplicaci\u00f3n educativa y juegos de memoria\" \/>\n<meta property=\"article:modified_time\" content=\"2025-12-22T13:38:36+00:00\" \/>\n<meta property=\"og:image\" content=\"https:\/\/www.dynseo.com\/wp-content\/uploads\/2025\/12\/nino-tdah-en-casa-estrategias-avanzadas-para-manejar-la-impulsividad-y-la-oposicion-1.png\" \/>\n\t<meta property=\"og:image:width\" content=\"688\" \/>\n\t<meta property=\"og:image:height\" content=\"600\" \/>\n\t<meta property=\"og:image:type\" content=\"image\/png\" \/>\n<meta name=\"twitter:label1\" content=\"Tiempo de lectura\" \/>\n\t<meta name=\"twitter:data1\" content=\"1 minuto\" \/>\n<script type=\"application\/ld+json\" class=\"yoast-schema-graph\">{\"@context\":\"https:\\\/\\\/schema.org\",\"@graph\":[{\"@type\":\"WebPage\",\"@id\":\"https:\\\/\\\/www.dynseo.com\\\/es\\\/produit\\\/nino-tdah-en-casa-estrategias-avanzadas-para-manejar-la-impulsividad-y-la-oposicion\\\/\",\"url\":\"https:\\\/\\\/www.dynseo.com\\\/es\\\/produit\\\/nino-tdah-en-casa-estrategias-avanzadas-para-manejar-la-impulsividad-y-la-oposicion\\\/\",\"name\":\"Nino Tdah En... | DYNSEO - App educative et jeux de m\u00e9moire\",\"isPartOf\":{\"@id\":\"https:\\\/\\\/www.dynseo.com\\\/es\\\/#website\"},\"primaryImageOfPage\":{\"@id\":\"https:\\\/\\\/www.dynseo.com\\\/es\\\/produit\\\/nino-tdah-en-casa-estrategias-avanzadas-para-manejar-la-impulsividad-y-la-oposicion\\\/#primaryimage\"},\"image\":{\"@id\":\"https:\\\/\\\/www.dynseo.com\\\/es\\\/produit\\\/nino-tdah-en-casa-estrategias-avanzadas-para-manejar-la-impulsividad-y-la-oposicion\\\/#primaryimage\"},\"thumbnailUrl\":\"https:\\\/\\\/www.dynseo.com\\\/wp-content\\\/uploads\\\/2025\\\/12\\\/nino-tdah-en-casa-estrategias-avanzadas-para-manejar-la-impulsividad-y-la-oposicion-1.png\",\"datePublished\":\"2025-12-15T16:23:03+00:00\",\"dateModified\":\"2025-12-22T13:38:36+00:00\",\"breadcrumb\":{\"@id\":\"https:\\\/\\\/www.dynseo.com\\\/es\\\/produit\\\/nino-tdah-en-casa-estrategias-avanzadas-para-manejar-la-impulsividad-y-la-oposicion\\\/#breadcrumb\"},\"inLanguage\":\"es\",\"potentialAction\":[{\"@type\":\"ReadAction\",\"target\":[\"https:\\\/\\\/www.dynseo.com\\\/es\\\/produit\\\/nino-tdah-en-casa-estrategias-avanzadas-para-manejar-la-impulsividad-y-la-oposicion\\\/\"]}]},{\"@type\":\"ImageObject\",\"inLanguage\":\"es\",\"@id\":\"https:\\\/\\\/www.dynseo.com\\\/es\\\/produit\\\/nino-tdah-en-casa-estrategias-avanzadas-para-manejar-la-impulsividad-y-la-oposicion\\\/#primaryimage\",\"url\":\"https:\\\/\\\/www.dynseo.com\\\/wp-content\\\/uploads\\\/2025\\\/12\\\/nino-tdah-en-casa-estrategias-avanzadas-para-manejar-la-impulsividad-y-la-oposicion-1.png\",\"contentUrl\":\"https:\\\/\\\/www.dynseo.com\\\/wp-content\\\/uploads\\\/2025\\\/12\\\/nino-tdah-en-casa-estrategias-avanzadas-para-manejar-la-impulsividad-y-la-oposicion-1.png\",\"width\":688,\"height\":600,\"caption\":\"Juegos divertidos que impulsan el aprendizaje\"},{\"@type\":\"BreadcrumbList\",\"@id\":\"https:\\\/\\\/www.dynseo.com\\\/es\\\/produit\\\/nino-tdah-en-casa-estrategias-avanzadas-para-manejar-la-impulsividad-y-la-oposicion\\\/#breadcrumb\",\"itemListElement\":[{\"@type\":\"ListItem\",\"position\":1,\"name\":\"Accueil\",\"item\":\"https:\\\/\\\/www.dynseo.com\\\/es\\\/\"},{\"@type\":\"ListItem\",\"position\":2,\"name\":\"Tienda\",\"item\":\"https:\\\/\\\/www.dynseo.com\\\/es\\\/tienda\\\/\"},{\"@type\":\"ListItem\",\"position\":3,\"name\":\"Ni\u00f1o TDAH en casa: Estrategias avanzadas para manejar la impulsividad y la oposici\u00f3n\"}]},{\"@type\":\"WebSite\",\"@id\":\"https:\\\/\\\/www.dynseo.com\\\/es\\\/#website\",\"url\":\"https:\\\/\\\/www.dynseo.com\\\/es\\\/\",\"name\":\"Jeux de m\u00e9moire et stimulation cognitive\",\"description\":\"Entra\u00eenez votre m\u00e9moire et votre cerveau avec DYNSEO\",\"publisher\":{\"@id\":\"https:\\\/\\\/www.dynseo.com\\\/es\\\/#organization\"},\"potentialAction\":[{\"@type\":\"SearchAction\",\"target\":{\"@type\":\"EntryPoint\",\"urlTemplate\":\"https:\\\/\\\/www.dynseo.com\\\/es\\\/?s={search_term_string}\"},\"query-input\":{\"@type\":\"PropertyValueSpecification\",\"valueRequired\":true,\"valueName\":\"search_term_string\"}}],\"inLanguage\":\"es\"},{\"@type\":\"Organization\",\"@id\":\"https:\\\/\\\/www.dynseo.com\\\/es\\\/#organization\",\"name\":\"DYNSEO\",\"url\":\"https:\\\/\\\/www.dynseo.com\\\/es\\\/\",\"logo\":{\"@type\":\"ImageObject\",\"inLanguage\":\"es\",\"@id\":\"https:\\\/\\\/www.dynseo.com\\\/es\\\/#\\\/schema\\\/logo\\\/image\\\/\",\"url\":\"https:\\\/\\\/www.dynseo.com\\\/wp-content\\\/uploads\\\/2022\\\/05\\\/logo-dynseo-new.png\",\"contentUrl\":\"https:\\\/\\\/www.dynseo.com\\\/wp-content\\\/uploads\\\/2022\\\/05\\\/logo-dynseo-new.png\",\"width\":5073,\"height\":1397,\"caption\":\"DYNSEO\"},\"image\":{\"@id\":\"https:\\\/\\\/www.dynseo.com\\\/es\\\/#\\\/schema\\\/logo\\\/image\\\/\"}}]}<\/script>\n<!-- \/ Yoast SEO plugin. -->","yoast_head_json":{"title":"Nino Tdah En... | DYNSEO - App educative et jeux de m\u00e9moire","robots":{"index":"index","follow":"follow","max-snippet":"max-snippet:-1","max-image-preview":"max-image-preview:large","max-video-preview":"max-video-preview:-1"},"canonical":"https:\/\/www.dynseo.com\/es\/produit\/nino-tdah-en-casa-estrategias-avanzadas-para-manejar-la-impulsividad-y-la-oposicion\/","og_locale":"es_ES","og_type":"article","og_title":"Nino Tdah En... | DYNSEO - App educative et jeux de m\u00e9moire","og_url":"https:\/\/www.dynseo.com\/es\/produit\/nino-tdah-en-casa-estrategias-avanzadas-para-manejar-la-impulsividad-y-la-oposicion\/","og_site_name":"DYNSEO - Aplicaci\u00f3n educativa y juegos de memoria","article_modified_time":"2025-12-22T13:38:36+00:00","og_image":[{"width":688,"height":600,"url":"https:\/\/www.dynseo.com\/wp-content\/uploads\/2025\/12\/nino-tdah-en-casa-estrategias-avanzadas-para-manejar-la-impulsividad-y-la-oposicion-1.png","type":"image\/png"}],"twitter_misc":{"Tiempo de lectura":"1 minuto"},"schema":{"@context":"https:\/\/schema.org","@graph":[{"@type":"WebPage","@id":"https:\/\/www.dynseo.com\/es\/produit\/nino-tdah-en-casa-estrategias-avanzadas-para-manejar-la-impulsividad-y-la-oposicion\/","url":"https:\/\/www.dynseo.com\/es\/produit\/nino-tdah-en-casa-estrategias-avanzadas-para-manejar-la-impulsividad-y-la-oposicion\/","name":"Nino Tdah En... | DYNSEO - App educative et jeux de m\u00e9moire","isPartOf":{"@id":"https:\/\/www.dynseo.com\/es\/#website"},"primaryImageOfPage":{"@id":"https:\/\/www.dynseo.com\/es\/produit\/nino-tdah-en-casa-estrategias-avanzadas-para-manejar-la-impulsividad-y-la-oposicion\/#primaryimage"},"image":{"@id":"https:\/\/www.dynseo.com\/es\/produit\/nino-tdah-en-casa-estrategias-avanzadas-para-manejar-la-impulsividad-y-la-oposicion\/#primaryimage"},"thumbnailUrl":"https:\/\/www.dynseo.com\/wp-content\/uploads\/2025\/12\/nino-tdah-en-casa-estrategias-avanzadas-para-manejar-la-impulsividad-y-la-oposicion-1.png","datePublished":"2025-12-15T16:23:03+00:00","dateModified":"2025-12-22T13:38:36+00:00","breadcrumb":{"@id":"https:\/\/www.dynseo.com\/es\/produit\/nino-tdah-en-casa-estrategias-avanzadas-para-manejar-la-impulsividad-y-la-oposicion\/#breadcrumb"},"inLanguage":"es","potentialAction":[{"@type":"ReadAction","target":["https:\/\/www.dynseo.com\/es\/produit\/nino-tdah-en-casa-estrategias-avanzadas-para-manejar-la-impulsividad-y-la-oposicion\/"]}]},{"@type":"ImageObject","inLanguage":"es","@id":"https:\/\/www.dynseo.com\/es\/produit\/nino-tdah-en-casa-estrategias-avanzadas-para-manejar-la-impulsividad-y-la-oposicion\/#primaryimage","url":"https:\/\/www.dynseo.com\/wp-content\/uploads\/2025\/12\/nino-tdah-en-casa-estrategias-avanzadas-para-manejar-la-impulsividad-y-la-oposicion-1.png","contentUrl":"https:\/\/www.dynseo.com\/wp-content\/uploads\/2025\/12\/nino-tdah-en-casa-estrategias-avanzadas-para-manejar-la-impulsividad-y-la-oposicion-1.png","width":688,"height":600,"caption":"Juegos divertidos que impulsan el aprendizaje"},{"@type":"BreadcrumbList","@id":"https:\/\/www.dynseo.com\/es\/produit\/nino-tdah-en-casa-estrategias-avanzadas-para-manejar-la-impulsividad-y-la-oposicion\/#breadcrumb","itemListElement":[{"@type":"ListItem","position":1,"name":"Accueil","item":"https:\/\/www.dynseo.com\/es\/"},{"@type":"ListItem","position":2,"name":"Tienda","item":"https:\/\/www.dynseo.com\/es\/tienda\/"},{"@type":"ListItem","position":3,"name":"Ni\u00f1o TDAH en casa: Estrategias avanzadas para manejar la impulsividad y la oposici\u00f3n"}]},{"@type":"WebSite","@id":"https:\/\/www.dynseo.com\/es\/#website","url":"https:\/\/www.dynseo.com\/es\/","name":"Jeux de m\u00e9moire et stimulation cognitive","description":"Entra\u00eenez votre m\u00e9moire et votre cerveau avec DYNSEO","publisher":{"@id":"https:\/\/www.dynseo.com\/es\/#organization"},"potentialAction":[{"@type":"SearchAction","target":{"@type":"EntryPoint","urlTemplate":"https:\/\/www.dynseo.com\/es\/?s={search_term_string}"},"query-input":{"@type":"PropertyValueSpecification","valueRequired":true,"valueName":"search_term_string"}}],"inLanguage":"es"},{"@type":"Organization","@id":"https:\/\/www.dynseo.com\/es\/#organization","name":"DYNSEO","url":"https:\/\/www.dynseo.com\/es\/","logo":{"@type":"ImageObject","inLanguage":"es","@id":"https:\/\/www.dynseo.com\/es\/#\/schema\/logo\/image\/","url":"https:\/\/www.dynseo.com\/wp-content\/uploads\/2022\/05\/logo-dynseo-new.png","contentUrl":"https:\/\/www.dynseo.com\/wp-content\/uploads\/2022\/05\/logo-dynseo-new.png","width":5073,"height":1397,"caption":"DYNSEO"},"image":{"@id":"https:\/\/www.dynseo.com\/es\/#\/schema\/logo\/image\/"}}]}},"_links":{"self":[{"href":"https:\/\/www.dynseo.com\/es\/wp-json\/wp\/v2\/product\/442806","targetHints":{"allow":["GET"]}}],"collection":[{"href":"https:\/\/www.dynseo.com\/es\/wp-json\/wp\/v2\/product"}],"about":[{"href":"https:\/\/www.dynseo.com\/es\/wp-json\/wp\/v2\/types\/product"}],"replies":[{"embeddable":true,"href":"https:\/\/www.dynseo.com\/es\/wp-json\/wp\/v2\/comments?post=442806"}],"wp:featuredmedia":[{"embeddable":true,"href":"https:\/\/www.dynseo.com\/es\/wp-json\/wp\/v2\/media\/442811"}],"wp:attachment":[{"href":"https:\/\/www.dynseo.com\/es\/wp-json\/wp\/v2\/media?parent=442806"}],"wp:term":[{"taxonomy":"product_brand","embeddable":true,"href":"https:\/\/www.dynseo.com\/es\/wp-json\/wp\/v2\/product_brand?post=442806"},{"taxonomy":"product_cat","embeddable":true,"href":"https:\/\/www.dynseo.com\/es\/wp-json\/wp\/v2\/product_cat?post=442806"},{"taxonomy":"product_tag","embeddable":true,"href":"https:\/\/www.dynseo.com\/es\/wp-json\/wp\/v2\/product_tag?post=442806"}],"curies":[{"name":"wp","href":"https:\/\/api.w.org\/{rel}","templated":true}]}}