{"id":539206,"date":"2026-04-08T01:51:25","date_gmt":"2026-04-07T23:51:25","guid":{"rendered":"https:\/\/www.dynseo.com\/produit\/acces-solo-2\/"},"modified":"2026-04-08T23:07:06","modified_gmt":"2026-04-08T21:07:06","slug":"acceso-prueba-solo","status":"publish","type":"product","link":"https:\/\/www.dynseo.com\/es\/produit\/acceso-prueba-solo\/","title":{"rendered":"Acceso Prueba Solo"},"content":{"rendered":"<p>Acceso Solo \u2014 Eval\u00faa a un paciente con 1 test a elegir<\/p>\n","protected":false},"excerpt":{"rendered":"<p>Acceso Solo \u2014 Eval\u00faa a un paciente con 1 test a elegir<\/p>\n<p>El Acceso Solo es la soluci\u00f3n ideal para empezar con nuestra plataforma de evaluaci\u00f3n cognitiva. Con este pack, puedes evaluar a un paciente \u00fanico con 1 test cognitivo de tu elecci\u00f3n, con un m\u00e1ximo de 10 sesiones de uso.<\/p>\n<p>Lo que obtienes :<\/p>\n<ul>\n<li>1 test cognitivo a elegir entre nuestros 27 tests disponibles (memoria, atenci\u00f3n, lenguaje, etc.)<\/li>\n<li>10 sesiones incluidas para evaluar a tu paciente hasta 10 veces<\/li>\n<li>Resultados detallados y puntuaciones tras cada evaluaci\u00f3n<\/li>\n<li>Acceso inmediato \u2014 utiliza el test desde la activaci\u00f3n<\/li>\n<li>1 paciente incluido \u2014 perfecto para probar antes de invertir en un pack m\u00e1s completo<\/li>\n<\/ul>\n<p>Ideal para :<\/p>\n<ul>\n<li>Descubrir la plataforma DYNSEO<\/li>\n<li>Evaluar r\u00e1pidamente a un paciente \u00fanico<\/li>\n<li>Completar una evaluaci\u00f3n existente con un test espec\u00edfico<\/li>\n<li>Profesionales que inician su actividad<\/li>\n<\/ul>\n<p>Compra \u00fanica \u2014 sin compromiso, utiliza tu test cuando quieras.<\/p>\n","protected":false},"featured_media":526484,"comment_status":"closed","ping_status":"closed","template":"","meta":{"_et_pb_use_builder":"","_et_pb_old_content":"<h2>Acc\u00e8s Solo \u2014 Testez un patient avec 1 test au choix<\/h2>\r\nL'Acc\u00e8s Solo est la solution id\u00e9ale pour d\u00e9buter avec notre plateforme d'\u00e9valuation cognitive. Avec ce pack, vous pouvez \u00e9valuer un patient unique avec <strong>1 test cognitif de votre choix<\/strong>, pour une dur\u00e9e d'utilisation de <strong>10 passations maximum<\/strong>.\r\n<h3>Ce que vous obtenez :<\/h3>\r\n<ul>\r\n \t<li><strong>1 test cognitif au choix<\/strong> parmi nos 27 tests disponibles (m\u00e9moire, attention, langage, etc.)<\/li>\r\n \t<li><strong>10 passations incluses<\/strong> pour \u00e9valuer votre patient jusqu'\u00e0 10 fois<\/li>\r\n \t<li><strong>R\u00e9sultats d\u00e9taill\u00e9s et scores<\/strong> apr\u00e8s chaque \u00e9valuation<\/li>\r\n \t<li><strong>Acc\u00e8s imm\u00e9diat<\/strong> \u2014 utilisez le test d\u00e8s l'activation<\/li>\r\n \t<li><strong>1 patient inclus<\/strong> \u2014 parfait pour tester avant d'investir dans un pack plus complet<\/li>\r\n<\/ul>\r\n<h3>Id\u00e9al pour :<\/h3>\r\n<ul>\r\n \t<li>D\u00e9couvrir la plateforme DYNSEO<\/li>\r\n \t<li>\u00c9valuer rapidement un patient unique<\/li>\r\n \t<li>Compl\u00e9ter une \u00e9valuation existante avec un test sp\u00e9cifique<\/li>\r\n \t<li>Les professionnels en d\u00e9but d'activit\u00e9<\/li>\r\n<\/ul>\r\n<strong>Achat unique<\/strong> \u2014 pas d'engagement, utilisez votre test quand vous le souhaitez.","_et_gb_content_width":""},"product_brand":[],"product_cat":[4706],"product_tag":[],"class_list":{"0":"post-539206","1":"product","2":"type-product","3":"status-publish","4":"has-post-thumbnail","6":"product_cat-pruebas-cognitivas","8":"first","9":"instock","10":"virtual","11":"taxable","12":"purchasable","13":"product-type-simple"},"yoast_head":"<!-- This site is optimized with the Yoast SEO plugin v27.3 - https:\/\/yoast.com\/product\/yoast-seo-wordpress\/ -->\n<title>Acceso Prueba Solo - DYNSEO - Aplicaci\u00f3n educativa y juegos de memoria<\/title>\n<meta name=\"robots\" content=\"index, follow, max-snippet:-1, max-image-preview:large, max-video-preview:-1\" \/>\n<link rel=\"canonical\" href=\"https:\/\/www.dynseo.com\/es\/produit\/acceso-prueba-solo\/\" \/>\n<meta property=\"og:locale\" content=\"es_ES\" \/>\n<meta property=\"og:type\" content=\"article\" \/>\n<meta property=\"og:title\" content=\"Acceso Prueba Solo - DYNSEO - Aplicaci\u00f3n educativa y juegos de memoria\" \/>\n<meta property=\"og:description\" content=\"Acceso Solo \u2014 Eval\u00faa a un paciente con 1 test a elegir  El Acceso Solo es la soluci\u00f3n ideal para empezar con nuestra plataforma de evaluaci\u00f3n cognitiva. Con este pack, puedes evaluar a un paciente \u00fanico con 1 test cognitivo de tu elecci\u00f3n, con un m\u00e1ximo de 10 sesiones de uso.  Lo que obtienes :   1 test cognitivo a elegir entre nuestros 27 tests disponibles (memoria, atenci\u00f3n, lenguaje, etc.)  10 sesiones incluidas para evaluar a tu paciente hasta 10 veces  Resultados detallados y puntuaciones tras cada evaluaci\u00f3n  Acceso inmediato \u2014 utiliza el test desde la activaci\u00f3n  1 paciente incluido \u2014 perfecto para probar antes de invertir en un pack m\u00e1s completo  Ideal para :   Descubrir la plataforma DYNSEO  Evaluar r\u00e1pidamente a un paciente \u00fanico  Completar una evaluaci\u00f3n existente con un test espec\u00edfico  Profesionales que inician su actividad  Compra \u00fanica \u2014 sin compromiso, utiliza tu test cuando quieras.\" \/>\n<meta property=\"og:url\" content=\"https:\/\/www.dynseo.com\/es\/produit\/acceso-prueba-solo\/\" \/>\n<meta property=\"og:site_name\" content=\"DYNSEO - Aplicaci\u00f3n educativa y juegos de memoria\" \/>\n<meta property=\"article:modified_time\" content=\"2026-04-08T21:07:06+00:00\" \/>\n<meta property=\"og:image\" content=\"https:\/\/www.dynseo.com\/wp-content\/uploads\/2026\/03\/TESTS-offre-1-solo-.png\" \/>\n\t<meta property=\"og:image:width\" content=\"469\" \/>\n\t<meta property=\"og:image:height\" content=\"469\" \/>\n\t<meta property=\"og:image:type\" content=\"image\/png\" \/>\n<meta name=\"twitter:label1\" content=\"Tiempo de lectura\" \/>\n\t<meta name=\"twitter:data1\" content=\"1 minuto\" \/>\n<script type=\"application\/ld+json\" class=\"yoast-schema-graph\">{\"@context\":\"https:\\\/\\\/schema.org\",\"@graph\":[{\"@type\":\"WebPage\",\"@id\":\"https:\\\/\\\/www.dynseo.com\\\/es\\\/produit\\\/acceso-prueba-solo\\\/\",\"url\":\"https:\\\/\\\/www.dynseo.com\\\/es\\\/produit\\\/acceso-prueba-solo\\\/\",\"name\":\"Acceso Prueba Solo - DYNSEO - Aplicaci\u00f3n educativa y juegos de memoria\",\"isPartOf\":{\"@id\":\"https:\\\/\\\/www.dynseo.com\\\/es\\\/#website\"},\"primaryImageOfPage\":{\"@id\":\"https:\\\/\\\/www.dynseo.com\\\/es\\\/produit\\\/acceso-prueba-solo\\\/#primaryimage\"},\"image\":{\"@id\":\"https:\\\/\\\/www.dynseo.com\\\/es\\\/produit\\\/acceso-prueba-solo\\\/#primaryimage\"},\"thumbnailUrl\":\"https:\\\/\\\/www.dynseo.com\\\/wp-content\\\/uploads\\\/2026\\\/03\\\/TESTS-offre-1-solo-.png\",\"datePublished\":\"2026-04-07T23:51:25+00:00\",\"dateModified\":\"2026-04-08T21:07:06+00:00\",\"breadcrumb\":{\"@id\":\"https:\\\/\\\/www.dynseo.com\\\/es\\\/produit\\\/acceso-prueba-solo\\\/#breadcrumb\"},\"inLanguage\":\"es\",\"potentialAction\":[{\"@type\":\"ReadAction\",\"target\":[\"https:\\\/\\\/www.dynseo.com\\\/es\\\/produit\\\/acceso-prueba-solo\\\/\"]}]},{\"@type\":\"ImageObject\",\"inLanguage\":\"es\",\"@id\":\"https:\\\/\\\/www.dynseo.com\\\/es\\\/produit\\\/acceso-prueba-solo\\\/#primaryimage\",\"url\":\"https:\\\/\\\/www.dynseo.com\\\/wp-content\\\/uploads\\\/2026\\\/03\\\/TESTS-offre-1-solo-.png\",\"contentUrl\":\"https:\\\/\\\/www.dynseo.com\\\/wp-content\\\/uploads\\\/2026\\\/03\\\/TESTS-offre-1-solo-.png\",\"width\":469,\"height\":469,\"caption\":\"R\u00e9veillez la m\u00e9moire avec la tablette cognitive DYNSEO\"},{\"@type\":\"BreadcrumbList\",\"@id\":\"https:\\\/\\\/www.dynseo.com\\\/es\\\/produit\\\/acceso-prueba-solo\\\/#breadcrumb\",\"itemListElement\":[{\"@type\":\"ListItem\",\"position\":1,\"name\":\"Accueil\",\"item\":\"https:\\\/\\\/www.dynseo.com\\\/es\\\/\"},{\"@type\":\"ListItem\",\"position\":2,\"name\":\"Tienda\",\"item\":\"https:\\\/\\\/www.dynseo.com\\\/es\\\/tienda\\\/\"},{\"@type\":\"ListItem\",\"position\":3,\"name\":\"Acceso Prueba Solo\"}]},{\"@type\":\"WebSite\",\"@id\":\"https:\\\/\\\/www.dynseo.com\\\/es\\\/#website\",\"url\":\"https:\\\/\\\/www.dynseo.com\\\/es\\\/\",\"name\":\"Jeux de m\u00e9moire et stimulation cognitive\",\"description\":\"Entra\u00eenez votre m\u00e9moire et votre cerveau avec DYNSEO\",\"publisher\":{\"@id\":\"https:\\\/\\\/www.dynseo.com\\\/es\\\/#organization\"},\"potentialAction\":[{\"@type\":\"SearchAction\",\"target\":{\"@type\":\"EntryPoint\",\"urlTemplate\":\"https:\\\/\\\/www.dynseo.com\\\/es\\\/?s={search_term_string}\"},\"query-input\":{\"@type\":\"PropertyValueSpecification\",\"valueRequired\":true,\"valueName\":\"search_term_string\"}}],\"inLanguage\":\"es\"},{\"@type\":\"Organization\",\"@id\":\"https:\\\/\\\/www.dynseo.com\\\/es\\\/#organization\",\"name\":\"DYNSEO\",\"url\":\"https:\\\/\\\/www.dynseo.com\\\/es\\\/\",\"logo\":{\"@type\":\"ImageObject\",\"inLanguage\":\"es\",\"@id\":\"https:\\\/\\\/www.dynseo.com\\\/es\\\/#\\\/schema\\\/logo\\\/image\\\/\",\"url\":\"https:\\\/\\\/www.dynseo.com\\\/wp-content\\\/uploads\\\/2022\\\/05\\\/logo-dynseo-new.png\",\"contentUrl\":\"https:\\\/\\\/www.dynseo.com\\\/wp-content\\\/uploads\\\/2022\\\/05\\\/logo-dynseo-new.png\",\"width\":5073,\"height\":1397,\"caption\":\"DYNSEO\"},\"image\":{\"@id\":\"https:\\\/\\\/www.dynseo.com\\\/es\\\/#\\\/schema\\\/logo\\\/image\\\/\"}}]}<\/script>\n<!-- \/ Yoast SEO plugin. -->","yoast_head_json":{"title":"Acceso Prueba Solo - DYNSEO - Aplicaci\u00f3n educativa y juegos de memoria","robots":{"index":"index","follow":"follow","max-snippet":"max-snippet:-1","max-image-preview":"max-image-preview:large","max-video-preview":"max-video-preview:-1"},"canonical":"https:\/\/www.dynseo.com\/es\/produit\/acceso-prueba-solo\/","og_locale":"es_ES","og_type":"article","og_title":"Acceso Prueba Solo - DYNSEO - Aplicaci\u00f3n educativa y juegos de memoria","og_description":"Acceso Solo \u2014 Eval\u00faa a un paciente con 1 test a elegir  El Acceso Solo es la soluci\u00f3n ideal para empezar con nuestra plataforma de evaluaci\u00f3n cognitiva. Con este pack, puedes evaluar a un paciente \u00fanico con 1 test cognitivo de tu elecci\u00f3n, con un m\u00e1ximo de 10 sesiones de uso.  Lo que obtienes :   1 test cognitivo a elegir entre nuestros 27 tests disponibles (memoria, atenci\u00f3n, lenguaje, etc.)  10 sesiones incluidas para evaluar a tu paciente hasta 10 veces  Resultados detallados y puntuaciones tras cada evaluaci\u00f3n  Acceso inmediato \u2014 utiliza el test desde la activaci\u00f3n  1 paciente incluido \u2014 perfecto para probar antes de invertir en un pack m\u00e1s completo  Ideal para :   Descubrir la plataforma DYNSEO  Evaluar r\u00e1pidamente a un paciente \u00fanico  Completar una evaluaci\u00f3n existente con un test espec\u00edfico  Profesionales que inician su actividad  Compra \u00fanica \u2014 sin compromiso, utiliza tu test cuando quieras.","og_url":"https:\/\/www.dynseo.com\/es\/produit\/acceso-prueba-solo\/","og_site_name":"DYNSEO - Aplicaci\u00f3n educativa y juegos de memoria","article_modified_time":"2026-04-08T21:07:06+00:00","og_image":[{"width":469,"height":469,"url":"https:\/\/www.dynseo.com\/wp-content\/uploads\/2026\/03\/TESTS-offre-1-solo-.png","type":"image\/png"}],"twitter_misc":{"Tiempo de lectura":"1 minuto"},"schema":{"@context":"https:\/\/schema.org","@graph":[{"@type":"WebPage","@id":"https:\/\/www.dynseo.com\/es\/produit\/acceso-prueba-solo\/","url":"https:\/\/www.dynseo.com\/es\/produit\/acceso-prueba-solo\/","name":"Acceso Prueba Solo - DYNSEO - Aplicaci\u00f3n educativa y juegos de memoria","isPartOf":{"@id":"https:\/\/www.dynseo.com\/es\/#website"},"primaryImageOfPage":{"@id":"https:\/\/www.dynseo.com\/es\/produit\/acceso-prueba-solo\/#primaryimage"},"image":{"@id":"https:\/\/www.dynseo.com\/es\/produit\/acceso-prueba-solo\/#primaryimage"},"thumbnailUrl":"https:\/\/www.dynseo.com\/wp-content\/uploads\/2026\/03\/TESTS-offre-1-solo-.png","datePublished":"2026-04-07T23:51:25+00:00","dateModified":"2026-04-08T21:07:06+00:00","breadcrumb":{"@id":"https:\/\/www.dynseo.com\/es\/produit\/acceso-prueba-solo\/#breadcrumb"},"inLanguage":"es","potentialAction":[{"@type":"ReadAction","target":["https:\/\/www.dynseo.com\/es\/produit\/acceso-prueba-solo\/"]}]},{"@type":"ImageObject","inLanguage":"es","@id":"https:\/\/www.dynseo.com\/es\/produit\/acceso-prueba-solo\/#primaryimage","url":"https:\/\/www.dynseo.com\/wp-content\/uploads\/2026\/03\/TESTS-offre-1-solo-.png","contentUrl":"https:\/\/www.dynseo.com\/wp-content\/uploads\/2026\/03\/TESTS-offre-1-solo-.png","width":469,"height":469,"caption":"R\u00e9veillez la m\u00e9moire avec la tablette cognitive DYNSEO"},{"@type":"BreadcrumbList","@id":"https:\/\/www.dynseo.com\/es\/produit\/acceso-prueba-solo\/#breadcrumb","itemListElement":[{"@type":"ListItem","position":1,"name":"Accueil","item":"https:\/\/www.dynseo.com\/es\/"},{"@type":"ListItem","position":2,"name":"Tienda","item":"https:\/\/www.dynseo.com\/es\/tienda\/"},{"@type":"ListItem","position":3,"name":"Acceso Prueba Solo"}]},{"@type":"WebSite","@id":"https:\/\/www.dynseo.com\/es\/#website","url":"https:\/\/www.dynseo.com\/es\/","name":"Jeux de m\u00e9moire et stimulation cognitive","description":"Entra\u00eenez votre m\u00e9moire et votre cerveau avec DYNSEO","publisher":{"@id":"https:\/\/www.dynseo.com\/es\/#organization"},"potentialAction":[{"@type":"SearchAction","target":{"@type":"EntryPoint","urlTemplate":"https:\/\/www.dynseo.com\/es\/?s={search_term_string}"},"query-input":{"@type":"PropertyValueSpecification","valueRequired":true,"valueName":"search_term_string"}}],"inLanguage":"es"},{"@type":"Organization","@id":"https:\/\/www.dynseo.com\/es\/#organization","name":"DYNSEO","url":"https:\/\/www.dynseo.com\/es\/","logo":{"@type":"ImageObject","inLanguage":"es","@id":"https:\/\/www.dynseo.com\/es\/#\/schema\/logo\/image\/","url":"https:\/\/www.dynseo.com\/wp-content\/uploads\/2022\/05\/logo-dynseo-new.png","contentUrl":"https:\/\/www.dynseo.com\/wp-content\/uploads\/2022\/05\/logo-dynseo-new.png","width":5073,"height":1397,"caption":"DYNSEO"},"image":{"@id":"https:\/\/www.dynseo.com\/es\/#\/schema\/logo\/image\/"}}]}},"_links":{"self":[{"href":"https:\/\/www.dynseo.com\/es\/wp-json\/wp\/v2\/product\/539206","targetHints":{"allow":["GET"]}}],"collection":[{"href":"https:\/\/www.dynseo.com\/es\/wp-json\/wp\/v2\/product"}],"about":[{"href":"https:\/\/www.dynseo.com\/es\/wp-json\/wp\/v2\/types\/product"}],"replies":[{"embeddable":true,"href":"https:\/\/www.dynseo.com\/es\/wp-json\/wp\/v2\/comments?post=539206"}],"wp:featuredmedia":[{"embeddable":true,"href":"https:\/\/www.dynseo.com\/es\/wp-json\/wp\/v2\/media\/526484"}],"wp:attachment":[{"href":"https:\/\/www.dynseo.com\/es\/wp-json\/wp\/v2\/media?parent=539206"}],"wp:term":[{"taxonomy":"product_brand","embeddable":true,"href":"https:\/\/www.dynseo.com\/es\/wp-json\/wp\/v2\/product_brand?post=539206"},{"taxonomy":"product_cat","embeddable":true,"href":"https:\/\/www.dynseo.com\/es\/wp-json\/wp\/v2\/product_cat?post=539206"},{"taxonomy":"product_tag","embeddable":true,"href":"https:\/\/www.dynseo.com\/es\/wp-json\/wp\/v2\/product_tag?post=539206"}],"curies":[{"name":"wp","href":"https:\/\/api.w.org\/{rel}","templated":true}]}}