{"id":539254,"date":"2026-04-08T11:18:37","date_gmt":"2026-04-08T09:18:37","guid":{"rendered":"https:\/\/www.dynseo.com\/produit\/pack-outils-complet-2\/"},"modified":"2026-04-08T11:18:45","modified_gmt":"2026-04-08T09:18:45","slug":"paquete-de-herramientas-completo","status":"publish","type":"product","link":"https:\/\/www.dynseo.com\/es\/produit\/paquete-de-herramientas-completo\/","title":{"rendered":"Paquete de Herramientas Completo"},"content":{"rendered":"<p>Tous les 69 outils pour 10 patients. ONE SHOT, acc\u00e8s \u00e0 jamais.<\/p>\n","protected":false},"excerpt":{"rendered":"<p>Tous les 69 outils pour 10 patients. ONE SHOT, acc\u00e8s \u00e0 jamais.<\/p>\n","protected":false},"featured_media":539188,"comment_status":"closed","ping_status":"closed","template":"","meta":{"_et_pb_use_builder":"","_et_pb_old_content":"Tous les 69 outils pour 10 patients. ONE SHOT, acc\u00e8s \u00e0 jamais.","_et_gb_content_width":""},"product_brand":[],"product_cat":[],"product_tag":[],"class_list":{"0":"post-539254","1":"product","2":"type-product","3":"status-publish","4":"has-post-thumbnail","7":"first","8":"instock","9":"virtual","10":"taxable","11":"purchasable","12":"product-type-simple"},"yoast_head":"<!-- This site is optimized with the Yoast SEO plugin v27.3 - https:\/\/yoast.com\/product\/yoast-seo-wordpress\/ -->\n<title>Paquete de Herramientas Completo - DYNSEO - Aplicaci\u00f3n educativa y juegos de memoria<\/title>\n<meta name=\"robots\" content=\"index, follow, max-snippet:-1, max-image-preview:large, max-video-preview:-1\" \/>\n<link rel=\"canonical\" href=\"https:\/\/www.dynseo.com\/es\/produit\/paquete-de-herramientas-completo\/\" \/>\n<meta property=\"og:locale\" content=\"es_ES\" \/>\n<meta property=\"og:type\" content=\"article\" \/>\n<meta property=\"og:title\" content=\"Paquete de Herramientas Completo - DYNSEO - Aplicaci\u00f3n educativa y juegos de memoria\" \/>\n<meta property=\"og:description\" content=\"Tous les 69 outils pour 10 patients. ONE SHOT, acc\u00e8s \u00e0 jamais.\" \/>\n<meta property=\"og:url\" content=\"https:\/\/www.dynseo.com\/es\/produit\/paquete-de-herramientas-completo\/\" \/>\n<meta property=\"og:site_name\" content=\"DYNSEO - Aplicaci\u00f3n educativa y juegos de memoria\" \/>\n<meta property=\"article:modified_time\" content=\"2026-04-08T09:18:45+00:00\" \/>\n<meta property=\"og:image\" content=\"https:\/\/www.dynseo.com\/wp-content\/uploads\/2026\/04\/Toutes-realisations-Image-site-web-erferencement-aegnce-DYNSEO-conception-site-web-et-application-mobiles-sur-mesure-2.png\" \/>\n\t<meta property=\"og:image:width\" content=\"1080\" \/>\n\t<meta property=\"og:image:height\" content=\"1080\" \/>\n\t<meta property=\"og:image:type\" content=\"image\/png\" \/>\n<script type=\"application\/ld+json\" class=\"yoast-schema-graph\">{\"@context\":\"https:\\\/\\\/schema.org\",\"@graph\":[{\"@type\":\"WebPage\",\"@id\":\"https:\\\/\\\/www.dynseo.com\\\/es\\\/produit\\\/paquete-de-herramientas-completo\\\/\",\"url\":\"https:\\\/\\\/www.dynseo.com\\\/es\\\/produit\\\/paquete-de-herramientas-completo\\\/\",\"name\":\"Paquete de Herramientas Completo - DYNSEO - Aplicaci\u00f3n educativa y juegos de memoria\",\"isPartOf\":{\"@id\":\"https:\\\/\\\/www.dynseo.com\\\/es\\\/#website\"},\"primaryImageOfPage\":{\"@id\":\"https:\\\/\\\/www.dynseo.com\\\/es\\\/produit\\\/paquete-de-herramientas-completo\\\/#primaryimage\"},\"image\":{\"@id\":\"https:\\\/\\\/www.dynseo.com\\\/es\\\/produit\\\/paquete-de-herramientas-completo\\\/#primaryimage\"},\"thumbnailUrl\":\"https:\\\/\\\/www.dynseo.com\\\/wp-content\\\/uploads\\\/2026\\\/04\\\/Toutes-realisations-Image-site-web-erferencement-aegnce-DYNSEO-conception-site-web-et-application-mobiles-sur-mesure-2.png\",\"datePublished\":\"2026-04-08T09:18:37+00:00\",\"dateModified\":\"2026-04-08T09:18:45+00:00\",\"breadcrumb\":{\"@id\":\"https:\\\/\\\/www.dynseo.com\\\/es\\\/produit\\\/paquete-de-herramientas-completo\\\/#breadcrumb\"},\"inLanguage\":\"es\",\"potentialAction\":[{\"@type\":\"ReadAction\",\"target\":[\"https:\\\/\\\/www.dynseo.com\\\/es\\\/produit\\\/paquete-de-herramientas-completo\\\/\"]}]},{\"@type\":\"ImageObject\",\"inLanguage\":\"es\",\"@id\":\"https:\\\/\\\/www.dynseo.com\\\/es\\\/produit\\\/paquete-de-herramientas-completo\\\/#primaryimage\",\"url\":\"https:\\\/\\\/www.dynseo.com\\\/wp-content\\\/uploads\\\/2026\\\/04\\\/Toutes-realisations-Image-site-web-erferencement-aegnce-DYNSEO-conception-site-web-et-application-mobiles-sur-mesure-2.png\",\"contentUrl\":\"https:\\\/\\\/www.dynseo.com\\\/wp-content\\\/uploads\\\/2026\\\/04\\\/Toutes-realisations-Image-site-web-erferencement-aegnce-DYNSEO-conception-site-web-et-application-mobiles-sur-mesure-2.png\",\"width\":1080,\"height\":1080,\"caption\":\"Toutes re\u0301alisations Image site web erferencement aegnce DYNSEO conception site web et application mobiles sur mesure (2)\"},{\"@type\":\"BreadcrumbList\",\"@id\":\"https:\\\/\\\/www.dynseo.com\\\/es\\\/produit\\\/paquete-de-herramientas-completo\\\/#breadcrumb\",\"itemListElement\":[{\"@type\":\"ListItem\",\"position\":1,\"name\":\"Accueil\",\"item\":\"https:\\\/\\\/www.dynseo.com\\\/es\\\/\"},{\"@type\":\"ListItem\",\"position\":2,\"name\":\"Tienda\",\"item\":\"https:\\\/\\\/www.dynseo.com\\\/es\\\/tienda\\\/\"},{\"@type\":\"ListItem\",\"position\":3,\"name\":\"Paquete de Herramientas Completo\"}]},{\"@type\":\"WebSite\",\"@id\":\"https:\\\/\\\/www.dynseo.com\\\/es\\\/#website\",\"url\":\"https:\\\/\\\/www.dynseo.com\\\/es\\\/\",\"name\":\"Jeux de m\u00e9moire et stimulation cognitive\",\"description\":\"Entra\u00eenez votre m\u00e9moire et votre cerveau avec DYNSEO\",\"publisher\":{\"@id\":\"https:\\\/\\\/www.dynseo.com\\\/es\\\/#organization\"},\"potentialAction\":[{\"@type\":\"SearchAction\",\"target\":{\"@type\":\"EntryPoint\",\"urlTemplate\":\"https:\\\/\\\/www.dynseo.com\\\/es\\\/?s={search_term_string}\"},\"query-input\":{\"@type\":\"PropertyValueSpecification\",\"valueRequired\":true,\"valueName\":\"search_term_string\"}}],\"inLanguage\":\"es\"},{\"@type\":\"Organization\",\"@id\":\"https:\\\/\\\/www.dynseo.com\\\/es\\\/#organization\",\"name\":\"DYNSEO\",\"url\":\"https:\\\/\\\/www.dynseo.com\\\/es\\\/\",\"logo\":{\"@type\":\"ImageObject\",\"inLanguage\":\"es\",\"@id\":\"https:\\\/\\\/www.dynseo.com\\\/es\\\/#\\\/schema\\\/logo\\\/image\\\/\",\"url\":\"https:\\\/\\\/www.dynseo.com\\\/wp-content\\\/uploads\\\/2022\\\/05\\\/logo-dynseo-new.png\",\"contentUrl\":\"https:\\\/\\\/www.dynseo.com\\\/wp-content\\\/uploads\\\/2022\\\/05\\\/logo-dynseo-new.png\",\"width\":5073,\"height\":1397,\"caption\":\"DYNSEO\"},\"image\":{\"@id\":\"https:\\\/\\\/www.dynseo.com\\\/es\\\/#\\\/schema\\\/logo\\\/image\\\/\"}}]}<\/script>\n<!-- \/ Yoast SEO plugin. -->","yoast_head_json":{"title":"Paquete de Herramientas Completo - DYNSEO - Aplicaci\u00f3n educativa y juegos de memoria","robots":{"index":"index","follow":"follow","max-snippet":"max-snippet:-1","max-image-preview":"max-image-preview:large","max-video-preview":"max-video-preview:-1"},"canonical":"https:\/\/www.dynseo.com\/es\/produit\/paquete-de-herramientas-completo\/","og_locale":"es_ES","og_type":"article","og_title":"Paquete de Herramientas Completo - DYNSEO - Aplicaci\u00f3n educativa y juegos de memoria","og_description":"Tous les 69 outils pour 10 patients. ONE SHOT, acc\u00e8s \u00e0 jamais.","og_url":"https:\/\/www.dynseo.com\/es\/produit\/paquete-de-herramientas-completo\/","og_site_name":"DYNSEO - Aplicaci\u00f3n educativa y juegos de memoria","article_modified_time":"2026-04-08T09:18:45+00:00","og_image":[{"width":1080,"height":1080,"url":"https:\/\/www.dynseo.com\/wp-content\/uploads\/2026\/04\/Toutes-realisations-Image-site-web-erferencement-aegnce-DYNSEO-conception-site-web-et-application-mobiles-sur-mesure-2.png","type":"image\/png"}],"schema":{"@context":"https:\/\/schema.org","@graph":[{"@type":"WebPage","@id":"https:\/\/www.dynseo.com\/es\/produit\/paquete-de-herramientas-completo\/","url":"https:\/\/www.dynseo.com\/es\/produit\/paquete-de-herramientas-completo\/","name":"Paquete de Herramientas Completo - DYNSEO - Aplicaci\u00f3n educativa y juegos de memoria","isPartOf":{"@id":"https:\/\/www.dynseo.com\/es\/#website"},"primaryImageOfPage":{"@id":"https:\/\/www.dynseo.com\/es\/produit\/paquete-de-herramientas-completo\/#primaryimage"},"image":{"@id":"https:\/\/www.dynseo.com\/es\/produit\/paquete-de-herramientas-completo\/#primaryimage"},"thumbnailUrl":"https:\/\/www.dynseo.com\/wp-content\/uploads\/2026\/04\/Toutes-realisations-Image-site-web-erferencement-aegnce-DYNSEO-conception-site-web-et-application-mobiles-sur-mesure-2.png","datePublished":"2026-04-08T09:18:37+00:00","dateModified":"2026-04-08T09:18:45+00:00","breadcrumb":{"@id":"https:\/\/www.dynseo.com\/es\/produit\/paquete-de-herramientas-completo\/#breadcrumb"},"inLanguage":"es","potentialAction":[{"@type":"ReadAction","target":["https:\/\/www.dynseo.com\/es\/produit\/paquete-de-herramientas-completo\/"]}]},{"@type":"ImageObject","inLanguage":"es","@id":"https:\/\/www.dynseo.com\/es\/produit\/paquete-de-herramientas-completo\/#primaryimage","url":"https:\/\/www.dynseo.com\/wp-content\/uploads\/2026\/04\/Toutes-realisations-Image-site-web-erferencement-aegnce-DYNSEO-conception-site-web-et-application-mobiles-sur-mesure-2.png","contentUrl":"https:\/\/www.dynseo.com\/wp-content\/uploads\/2026\/04\/Toutes-realisations-Image-site-web-erferencement-aegnce-DYNSEO-conception-site-web-et-application-mobiles-sur-mesure-2.png","width":1080,"height":1080,"caption":"Toutes re\u0301alisations Image site web erferencement aegnce DYNSEO conception site web et application mobiles sur mesure (2)"},{"@type":"BreadcrumbList","@id":"https:\/\/www.dynseo.com\/es\/produit\/paquete-de-herramientas-completo\/#breadcrumb","itemListElement":[{"@type":"ListItem","position":1,"name":"Accueil","item":"https:\/\/www.dynseo.com\/es\/"},{"@type":"ListItem","position":2,"name":"Tienda","item":"https:\/\/www.dynseo.com\/es\/tienda\/"},{"@type":"ListItem","position":3,"name":"Paquete de Herramientas Completo"}]},{"@type":"WebSite","@id":"https:\/\/www.dynseo.com\/es\/#website","url":"https:\/\/www.dynseo.com\/es\/","name":"Jeux de m\u00e9moire et stimulation cognitive","description":"Entra\u00eenez votre m\u00e9moire et votre cerveau avec DYNSEO","publisher":{"@id":"https:\/\/www.dynseo.com\/es\/#organization"},"potentialAction":[{"@type":"SearchAction","target":{"@type":"EntryPoint","urlTemplate":"https:\/\/www.dynseo.com\/es\/?s={search_term_string}"},"query-input":{"@type":"PropertyValueSpecification","valueRequired":true,"valueName":"search_term_string"}}],"inLanguage":"es"},{"@type":"Organization","@id":"https:\/\/www.dynseo.com\/es\/#organization","name":"DYNSEO","url":"https:\/\/www.dynseo.com\/es\/","logo":{"@type":"ImageObject","inLanguage":"es","@id":"https:\/\/www.dynseo.com\/es\/#\/schema\/logo\/image\/","url":"https:\/\/www.dynseo.com\/wp-content\/uploads\/2022\/05\/logo-dynseo-new.png","contentUrl":"https:\/\/www.dynseo.com\/wp-content\/uploads\/2022\/05\/logo-dynseo-new.png","width":5073,"height":1397,"caption":"DYNSEO"},"image":{"@id":"https:\/\/www.dynseo.com\/es\/#\/schema\/logo\/image\/"}}]}},"_links":{"self":[{"href":"https:\/\/www.dynseo.com\/es\/wp-json\/wp\/v2\/product\/539254","targetHints":{"allow":["GET"]}}],"collection":[{"href":"https:\/\/www.dynseo.com\/es\/wp-json\/wp\/v2\/product"}],"about":[{"href":"https:\/\/www.dynseo.com\/es\/wp-json\/wp\/v2\/types\/product"}],"replies":[{"embeddable":true,"href":"https:\/\/www.dynseo.com\/es\/wp-json\/wp\/v2\/comments?post=539254"}],"wp:featuredmedia":[{"embeddable":true,"href":"https:\/\/www.dynseo.com\/es\/wp-json\/wp\/v2\/media\/539188"}],"wp:attachment":[{"href":"https:\/\/www.dynseo.com\/es\/wp-json\/wp\/v2\/media?parent=539254"}],"wp:term":[{"taxonomy":"product_brand","embeddable":true,"href":"https:\/\/www.dynseo.com\/es\/wp-json\/wp\/v2\/product_brand?post=539254"},{"taxonomy":"product_cat","embeddable":true,"href":"https:\/\/www.dynseo.com\/es\/wp-json\/wp\/v2\/product_cat?post=539254"},{"taxonomy":"product_tag","embeddable":true,"href":"https:\/\/www.dynseo.com\/es\/wp-json\/wp\/v2\/product_tag?post=539254"}],"curies":[{"name":"wp","href":"https:\/\/api.w.org\/{rel}","templated":true}]}}