{"id":589142,"date":"2026-05-06T10:36:57","date_gmt":"2026-05-06T08:36:57","guid":{"rendered":"https:\/\/www.dynseo.com\/baaskett\/"},"modified":"2026-05-06T10:37:13","modified_gmt":"2026-05-06T08:37:13","slug":"baaskett","status":"publish","type":"page","link":"https:\/\/www.dynseo.com\/hi\/baaskett\/","title":{"rendered":"\u091f\u094b\u0915\u0930\u0940"},"content":{"rendered":"<p>[et_pb_section fb_built=&#8221;1&#8243; fullwidth=&#8221;on&#8221; disabled_on=&#8221;off|off|off&#8221; admin_label=&#8221;Section&#8221; _builder_version=&#8221;4.27.6&#8243; _module_preset=&#8221;default&#8221; hover_enabled=&#8221;0&#8243; locked=&#8221;off&#8221; global_colors_info=&#8221;{}&#8221; sticky_enabled=&#8221;0&#8243;][et_pb_fullwidth_code disabled_on=&#8221;off|off|off&#8221; _builder_version=&#8221;4.27.4&#8243; _module_preset=&#8221;default&#8221; global_colors_info=&#8221;{}&#8221;]<\/p>\n<div class=\"form-indicator\"><!-- [et_pb_line_break_holder] -->        <\/p>\n<div class=\"step\"><!-- [et_pb_line_break_holder] -->          <\/p>\n<div class=\"icon cart\">\t <!-- [et_pb_line_break_holder] -->          \t<img decoding=\"async\" src=\"https:\/\/www.dynseo.com\/wp-content\/uploads\/2023\/11\/shopping-bag-white-color-icon-vector-16852516-removebg-preview-1.png\"><!-- [et_pb_line_break_holder] -->          <\/div>\n<p><!-- [et_pb_line_break_holder] -->            <\/p>\n<div class=\"line\"><\/div>\n<p><!-- [et_pb_line_break_holder] -->        <\/div>\n<p><!-- [et_pb_line_break_holder] -->        <\/p>\n<div class=\"step\"><!-- [et_pb_line_break_holder] -->          <\/p>\n<div class=\"icon bag\"> <!-- [et_pb_line_break_holder] -->          \t <img decoding=\"async\" src=\"https:\/\/www.dynseo.com\/wp-content\/uploads\/2023\/11\/360_F_211057598_Vzh78rIIokEndQVbh1DpxtF2VlfCtG3F-removebg-preview-1.png\"><!-- [et_pb_line_break_holder] -->          <\/div>\n<p><!-- [et_pb_line_break_holder] -->            <\/p>\n<div class=\"line\"><\/div>\n<p><!-- [et_pb_line_break_holder] -->        <\/div>\n<p><!-- [et_pb_line_break_holder] -->        <\/p>\n<div class=\"step\"><!-- [et_pb_line_break_holder] -->          <\/p>\n<div class=\"icon card\"> <!-- [et_pb_line_break_holder] -->          \t<img decoding=\"async\" src=\"https:\/\/www.dynseo.com\/wp-content\/uploads\/2023\/11\/1000_F_195074404_UZJDbLurzoqTUkqhvihxn7kPkok57aMR-removebg-preview.png\"><!-- [et_pb_line_break_holder] -->          <\/div>\n<p><!-- [et_pb_line_break_holder] -->        <\/div>\n<p><!-- [et_pb_line_break_holder] -->    <\/div>\n<p>[\/et_pb_fullwidth_code][\/et_pb_section][et_pb_section fb_built=&#8221;1&#8243; disabled_on=&#8221;off|off|off&#8221; _builder_version=&#8221;4.27.6&#8243; hover_enabled=&#8221;0&#8243; global_colors_info=&#8221;{}&#8221; sticky_enabled=&#8221;0&#8243;][et_pb_row _builder_version=&#8221;4.16&#8243; background_size=&#8221;initial&#8221; background_position=&#8221;top_left&#8221; background_repeat=&#8221;repeat&#8221; global_colors_info=&#8221;{}&#8221;][et_pb_column type=&#8221;4_4&#8243; _builder_version=&#8221;4.16&#8243; custom_padding=&#8221;|||&#8221; global_colors_info=&#8221;{}&#8221; custom_padding__hover=&#8221;|||&#8221;][et_pb_text _builder_version=&#8221;4.16&#8243; background_size=&#8221;initial&#8221; background_position=&#8221;top_left&#8221; background_repeat=&#8221;repeat&#8221; global_colors_info=&#8221;{}&#8221;]<\/p>\n<p class=\"p1\"><\/p>\n<p>[\/et_pb_text][\/et_pb_column][\/et_pb_row][\/et_pb_section][et_pb_section fb_built=&#8221;1&#8243; theme_builder_area=&#8221;post_content&#8221; _builder_version=&#8221;4.27.6&#8243; _module_preset=&#8221;default&#8221;][et_pb_row _builder_version=&#8221;4.27.6&#8243; _module_preset=&#8221;default&#8221; theme_builder_area=&#8221;post_content&#8221;][et_pb_column _builder_version=&#8221;4.27.6&#8243; _module_preset=&#8221;default&#8221; theme_builder_area=&#8221;post_content&#8221;][et_pb_code _builder_version=&#8221;4.16&#8243; global_colors_info=&#8221;{}&#8221; theme_builder_area=&#8221;post_content&#8221;]<script type=\"application\/ld+json\">{\"@context\":\"https:\/\/schema.org\",\"@type\":\"FAQPage\",\"mainEntity\":[{\"@type\":\"Question\",\"name\":\"Comment acc\u00e9der \u00e0 mon panier d'achat ?\",\"acceptedAnswer\":{\"@type\":\"Answer\",\"text\":\"Pour acc\u00e9der \u00e0 votre panier d'achat, cliquez sur l'ic\u00f4ne panier g\u00e9n\u00e9ralement situ\u00e9e en haut \u00e0 droite de la page ou recherchez le lien 'Panier' dans le menu de navigation du site.\"}},{\"@type\":\"Question\",\"name\":\"Puis-je modifier les quantit\u00e9s des articles dans mon panier ?\",\"acceptedAnswer\":{\"@type\":\"Answer\",\"text\":\"Oui, vous pouvez modifier les quantit\u00e9s des articles directement depuis votre panier en utilisant les boutons + et - ou en saisissant manuellement la quantit\u00e9 d\u00e9sir\u00e9e dans le champ pr\u00e9vu \u00e0 cet effet.\"}},{\"@type\":\"Question\",\"name\":\"Comment supprimer un article de mon panier ?\",\"acceptedAnswer\":{\"@type\":\"Answer\",\"text\":\"Pour supprimer un article de votre panier, cliquez sur l'ic\u00f4ne de suppression (g\u00e9n\u00e9ralement une croix ou une poubelle) \u00e0 c\u00f4t\u00e9 de l'article concern\u00e9, ou r\u00e9duisez sa quantit\u00e9 \u00e0 z\u00e9ro.\"}},{\"@type\":\"Question\",\"name\":\"Mon panier est-il sauvegard\u00e9 si je ferme mon navigateur ?\",\"acceptedAnswer\":{\"@type\":\"Answer\",\"text\":\"Si vous \u00eates connect\u00e9 \u00e0 votre compte, votre panier sera g\u00e9n\u00e9ralement sauvegard\u00e9. Pour les visiteurs non connect\u00e9s, le panier peut \u00eatre temporairement conserv\u00e9 gr\u00e2ce aux cookies de votre navigateur.\"}},{\"@type\":\"Question\",\"name\":\"Y a-t-il des frais de livraison affich\u00e9s dans le panier ?\",\"acceptedAnswer\":{\"@type\":\"Answer\",\"text\":\"Les frais de livraison sont g\u00e9n\u00e9ralement calcul\u00e9s et affich\u00e9s lors de l'\u00e9tape suivante du processus de commande, apr\u00e8s avoir renseign\u00e9 votre adresse de livraison.\"}},{\"@type\":\"Question\",\"name\":\"Que faire si mon panier semble vide alors que j'avais ajout\u00e9 des articles ?\",\"acceptedAnswer\":{\"@type\":\"Answer\",\"text\":\"V\u00e9rifiez que les cookies sont activ\u00e9s dans votre navigateur, reconnectez-vous \u00e0 votre compte si n\u00e9cessaire, ou contactez le service client si le probl\u00e8me persiste.\"}}]}<\/script>[\/et_pb_code][\/et_pb_column][\/et_pb_row][\/et_pb_section]<\/p>\n","protected":false},"excerpt":{"rendered":"\n","protected":false},"author":4,"featured_media":130227,"parent":0,"menu_order":0,"comment_status":"closed","ping_status":"closed","template":"","meta":{"_et_pb_use_builder":"on","_et_pb_old_content":"","_et_gb_content_width":"","footnotes":""},"class_list":["post-589142","page","type-page","status-publish","has-post-thumbnail","hentry"],"yoast_head":"<!-- This site is optimized with the Yoast SEO plugin v27.5 - https:\/\/yoast.com\/product\/yoast-seo-wordpress\/ -->\n<title>\u091f\u094b\u0915\u0930\u0940 - DYNSEO - App educative et jeux de m\u00e9moire<\/title>\n<meta name=\"robots\" content=\"index, follow, max-snippet:-1, max-image-preview:large, max-video-preview:-1\" \/>\n<link rel=\"canonical\" href=\"https:\/\/www.dynseo.com\/hi\/baaskett\/\" \/>\n<meta property=\"og:locale\" content=\"hi_IN\" \/>\n<meta property=\"og:type\" content=\"article\" \/>\n<meta property=\"og:title\" content=\"\u091f\u094b\u0915\u0930\u0940 - DYNSEO - App educative et jeux de m\u00e9moire\" \/>\n<meta property=\"og:url\" content=\"https:\/\/www.dynseo.com\/hi\/baaskett\/\" \/>\n<meta property=\"og:site_name\" content=\"DYNSEO - App educative et jeux de m\u00e9moire\" \/>\n<meta property=\"article:modified_time\" content=\"2026-05-06T08:37:13+00:00\" \/>\n<meta property=\"og:image\" content=\"https:\/\/www.dynseo.com\/wp-content\/uploads\/2024\/07\/Article-pour-jeux-de-memoire-et-services-educatifs-sur-tablette-1.png\" \/>\n\t<meta property=\"og:image:width\" content=\"2000\" \/>\n\t<meta property=\"og:image:height\" content=\"1500\" \/>\n\t<meta property=\"og:image:type\" content=\"image\/png\" \/>\n<meta name=\"twitter:label1\" content=\"\u0905\u0928\u0941\u092e\u093e\u0928\u093f\u0924 \u092a\u0922\u093c\u0928\u0947 \u0915\u093e \u0938\u092e\u092f\" \/>\n\t<meta name=\"twitter:data1\" content=\"1 \u092e\u093f\u0928\u091f\" \/>\n<script type=\"application\/ld+json\" class=\"yoast-schema-graph\">{\"@context\":\"https:\\\/\\\/schema.org\",\"@graph\":[{\"@type\":\"WebPage\",\"@id\":\"https:\\\/\\\/www.dynseo.com\\\/hi\\\/baaskett\\\/\",\"url\":\"https:\\\/\\\/www.dynseo.com\\\/hi\\\/baaskett\\\/\",\"name\":\"\u091f\u094b\u0915\u0930\u0940 - DYNSEO - App educative et jeux de m\u00e9moire\",\"isPartOf\":{\"@id\":\"https:\\\/\\\/www.dynseo.com\\\/hi\\\/#website\"},\"primaryImageOfPage\":{\"@id\":\"https:\\\/\\\/www.dynseo.com\\\/hi\\\/baaskett\\\/#primaryimage\"},\"image\":{\"@id\":\"https:\\\/\\\/www.dynseo.com\\\/hi\\\/baaskett\\\/#primaryimage\"},\"thumbnailUrl\":\"https:\\\/\\\/www.dynseo.com\\\/wp-content\\\/uploads\\\/2024\\\/07\\\/Article-pour-jeux-de-memoire-et-services-educatifs-sur-tablette-1.png\",\"datePublished\":\"2026-05-06T08:36:57+00:00\",\"dateModified\":\"2026-05-06T08:37:13+00:00\",\"breadcrumb\":{\"@id\":\"https:\\\/\\\/www.dynseo.com\\\/hi\\\/baaskett\\\/#breadcrumb\"},\"inLanguage\":\"hi-IN\",\"potentialAction\":[{\"@type\":\"ReadAction\",\"target\":[\"https:\\\/\\\/www.dynseo.com\\\/hi\\\/baaskett\\\/\"]}]},{\"@type\":\"ImageObject\",\"inLanguage\":\"hi-IN\",\"@id\":\"https:\\\/\\\/www.dynseo.com\\\/hi\\\/baaskett\\\/#primaryimage\",\"url\":\"https:\\\/\\\/www.dynseo.com\\\/wp-content\\\/uploads\\\/2024\\\/07\\\/Article-pour-jeux-de-memoire-et-services-educatifs-sur-tablette-1.png\",\"contentUrl\":\"https:\\\/\\\/www.dynseo.com\\\/wp-content\\\/uploads\\\/2024\\\/07\\\/Article-pour-jeux-de-memoire-et-services-educatifs-sur-tablette-1.png\",\"width\":2000,\"height\":1500,\"caption\":\"\u0939\u092e\u093e\u0930\u0940 \u092e\u0928\u094b\u0930\u0902\u091c\u0915 \u0914\u0930 \u091c\u094d\u091e\u093e\u0928\u0935\u0930\u094d\u0927\u0915 \u0917\u0924\u093f\u0935\u093f\u0927\u093f\u092f\u094b\u0902 \u0915\u0947 \u0938\u093e\u0925 \u0905\u092a\u0928\u0940 \u092e\u093e\u0928\u0938\u093f\u0915 \u091a\u0941\u0938\u094d\u0924\u0940 \u092c\u0928\u093e\u090f \u0930\u0916\u0947\u0902\u0964\"},{\"@type\":\"BreadcrumbList\",\"@id\":\"https:\\\/\\\/www.dynseo.com\\\/hi\\\/baaskett\\\/#breadcrumb\",\"itemListElement\":[{\"@type\":\"ListItem\",\"position\":1,\"name\":\"Accueil\",\"item\":\"https:\\\/\\\/www.dynseo.com\\\/hi\\\/\"},{\"@type\":\"ListItem\",\"position\":2,\"name\":\"\u091f\u094b\u0915\u0930\u0940\"}]},{\"@type\":\"WebSite\",\"@id\":\"https:\\\/\\\/www.dynseo.com\\\/hi\\\/#website\",\"url\":\"https:\\\/\\\/www.dynseo.com\\\/hi\\\/\",\"name\":\"Jeux de m\u00e9moire et stimulation cognitive\",\"description\":\"Entra\u00eenez votre m\u00e9moire et votre cerveau avec DYNSEO\",\"publisher\":{\"@id\":\"https:\\\/\\\/www.dynseo.com\\\/hi\\\/#organization\"},\"potentialAction\":[{\"@type\":\"SearchAction\",\"target\":{\"@type\":\"EntryPoint\",\"urlTemplate\":\"https:\\\/\\\/www.dynseo.com\\\/hi\\\/?s={search_term_string}\"},\"query-input\":{\"@type\":\"PropertyValueSpecification\",\"valueRequired\":true,\"valueName\":\"search_term_string\"}}],\"inLanguage\":\"hi-IN\"},{\"@type\":\"Organization\",\"@id\":\"https:\\\/\\\/www.dynseo.com\\\/hi\\\/#organization\",\"name\":\"DYNSEO\",\"url\":\"https:\\\/\\\/www.dynseo.com\\\/hi\\\/\",\"logo\":{\"@type\":\"ImageObject\",\"inLanguage\":\"hi-IN\",\"@id\":\"https:\\\/\\\/www.dynseo.com\\\/hi\\\/#\\\/schema\\\/logo\\\/image\\\/\",\"url\":\"https:\\\/\\\/www.dynseo.com\\\/wp-content\\\/uploads\\\/2022\\\/05\\\/logo-dynseo-new.png\",\"contentUrl\":\"https:\\\/\\\/www.dynseo.com\\\/wp-content\\\/uploads\\\/2022\\\/05\\\/logo-dynseo-new.png\",\"width\":5073,\"height\":1397,\"caption\":\"DYNSEO\"},\"image\":{\"@id\":\"https:\\\/\\\/www.dynseo.com\\\/hi\\\/#\\\/schema\\\/logo\\\/image\\\/\"}}]}<\/script>\n<!-- \/ Yoast SEO plugin. -->","yoast_head_json":{"title":"\u091f\u094b\u0915\u0930\u0940 - DYNSEO - App educative et jeux de m\u00e9moire","robots":{"index":"index","follow":"follow","max-snippet":"max-snippet:-1","max-image-preview":"max-image-preview:large","max-video-preview":"max-video-preview:-1"},"canonical":"https:\/\/www.dynseo.com\/hi\/baaskett\/","og_locale":"hi_IN","og_type":"article","og_title":"\u091f\u094b\u0915\u0930\u0940 - DYNSEO - App educative et jeux de m\u00e9moire","og_url":"https:\/\/www.dynseo.com\/hi\/baaskett\/","og_site_name":"DYNSEO - App educative et jeux de m\u00e9moire","article_modified_time":"2026-05-06T08:37:13+00:00","og_image":[{"width":2000,"height":1500,"url":"https:\/\/www.dynseo.com\/wp-content\/uploads\/2024\/07\/Article-pour-jeux-de-memoire-et-services-educatifs-sur-tablette-1.png","type":"image\/png"}],"twitter_misc":{"\u0905\u0928\u0941\u092e\u093e\u0928\u093f\u0924 \u092a\u0922\u093c\u0928\u0947 \u0915\u093e \u0938\u092e\u092f":"1 \u092e\u093f\u0928\u091f"},"schema":{"@context":"https:\/\/schema.org","@graph":[{"@type":"WebPage","@id":"https:\/\/www.dynseo.com\/hi\/baaskett\/","url":"https:\/\/www.dynseo.com\/hi\/baaskett\/","name":"\u091f\u094b\u0915\u0930\u0940 - DYNSEO - App educative et jeux de m\u00e9moire","isPartOf":{"@id":"https:\/\/www.dynseo.com\/hi\/#website"},"primaryImageOfPage":{"@id":"https:\/\/www.dynseo.com\/hi\/baaskett\/#primaryimage"},"image":{"@id":"https:\/\/www.dynseo.com\/hi\/baaskett\/#primaryimage"},"thumbnailUrl":"https:\/\/www.dynseo.com\/wp-content\/uploads\/2024\/07\/Article-pour-jeux-de-memoire-et-services-educatifs-sur-tablette-1.png","datePublished":"2026-05-06T08:36:57+00:00","dateModified":"2026-05-06T08:37:13+00:00","breadcrumb":{"@id":"https:\/\/www.dynseo.com\/hi\/baaskett\/#breadcrumb"},"inLanguage":"hi-IN","potentialAction":[{"@type":"ReadAction","target":["https:\/\/www.dynseo.com\/hi\/baaskett\/"]}]},{"@type":"ImageObject","inLanguage":"hi-IN","@id":"https:\/\/www.dynseo.com\/hi\/baaskett\/#primaryimage","url":"https:\/\/www.dynseo.com\/wp-content\/uploads\/2024\/07\/Article-pour-jeux-de-memoire-et-services-educatifs-sur-tablette-1.png","contentUrl":"https:\/\/www.dynseo.com\/wp-content\/uploads\/2024\/07\/Article-pour-jeux-de-memoire-et-services-educatifs-sur-tablette-1.png","width":2000,"height":1500,"caption":"\u0939\u092e\u093e\u0930\u0940 \u092e\u0928\u094b\u0930\u0902\u091c\u0915 \u0914\u0930 \u091c\u094d\u091e\u093e\u0928\u0935\u0930\u094d\u0927\u0915 \u0917\u0924\u093f\u0935\u093f\u0927\u093f\u092f\u094b\u0902 \u0915\u0947 \u0938\u093e\u0925 \u0905\u092a\u0928\u0940 \u092e\u093e\u0928\u0938\u093f\u0915 \u091a\u0941\u0938\u094d\u0924\u0940 \u092c\u0928\u093e\u090f \u0930\u0916\u0947\u0902\u0964"},{"@type":"BreadcrumbList","@id":"https:\/\/www.dynseo.com\/hi\/baaskett\/#breadcrumb","itemListElement":[{"@type":"ListItem","position":1,"name":"Accueil","item":"https:\/\/www.dynseo.com\/hi\/"},{"@type":"ListItem","position":2,"name":"\u091f\u094b\u0915\u0930\u0940"}]},{"@type":"WebSite","@id":"https:\/\/www.dynseo.com\/hi\/#website","url":"https:\/\/www.dynseo.com\/hi\/","name":"Jeux de m\u00e9moire et stimulation cognitive","description":"Entra\u00eenez votre m\u00e9moire et votre cerveau avec DYNSEO","publisher":{"@id":"https:\/\/www.dynseo.com\/hi\/#organization"},"potentialAction":[{"@type":"SearchAction","target":{"@type":"EntryPoint","urlTemplate":"https:\/\/www.dynseo.com\/hi\/?s={search_term_string}"},"query-input":{"@type":"PropertyValueSpecification","valueRequired":true,"valueName":"search_term_string"}}],"inLanguage":"hi-IN"},{"@type":"Organization","@id":"https:\/\/www.dynseo.com\/hi\/#organization","name":"DYNSEO","url":"https:\/\/www.dynseo.com\/hi\/","logo":{"@type":"ImageObject","inLanguage":"hi-IN","@id":"https:\/\/www.dynseo.com\/hi\/#\/schema\/logo\/image\/","url":"https:\/\/www.dynseo.com\/wp-content\/uploads\/2022\/05\/logo-dynseo-new.png","contentUrl":"https:\/\/www.dynseo.com\/wp-content\/uploads\/2022\/05\/logo-dynseo-new.png","width":5073,"height":1397,"caption":"DYNSEO"},"image":{"@id":"https:\/\/www.dynseo.com\/hi\/#\/schema\/logo\/image\/"}}]}},"_links":{"self":[{"href":"https:\/\/www.dynseo.com\/hi\/wp-json\/wp\/v2\/pages\/589142","targetHints":{"allow":["GET"]}}],"collection":[{"href":"https:\/\/www.dynseo.com\/hi\/wp-json\/wp\/v2\/pages"}],"about":[{"href":"https:\/\/www.dynseo.com\/hi\/wp-json\/wp\/v2\/types\/page"}],"author":[{"embeddable":true,"href":"https:\/\/www.dynseo.com\/hi\/wp-json\/wp\/v2\/users\/4"}],"replies":[{"embeddable":true,"href":"https:\/\/www.dynseo.com\/hi\/wp-json\/wp\/v2\/comments?post=589142"}],"version-history":[{"count":4,"href":"https:\/\/www.dynseo.com\/hi\/wp-json\/wp\/v2\/pages\/589142\/revisions"}],"predecessor-version":[{"id":589149,"href":"https:\/\/www.dynseo.com\/hi\/wp-json\/wp\/v2\/pages\/589142\/revisions\/589149"}],"wp:featuredmedia":[{"embeddable":true,"href":"https:\/\/www.dynseo.com\/hi\/wp-json\/wp\/v2\/media\/130227"}],"wp:attachment":[{"href":"https:\/\/www.dynseo.com\/hi\/wp-json\/wp\/v2\/media?parent=589142"}],"curies":[{"name":"wp","href":"https:\/\/api.w.org\/{rel}","templated":true}]}}