{"id":589146,"date":"2026-05-06T10:37:07","date_gmt":"2026-05-06T08:37:07","guid":{"rendered":"https:\/\/www.dynseo.com\/checkout\/"},"modified":"2026-05-06T14:21:21","modified_gmt":"2026-05-06T12:21:21","slug":"%e0%a4%91%e0%a4%b0%e0%a5%8d%e0%a4%a1%e0%a4%b0-%e0%a4%95%e0%a4%b0%e0%a4%a8%e0%a4%be","status":"publish","type":"page","link":"https:\/\/www.dynseo.com\/hi\/%e0%a4%91%e0%a4%b0%e0%a5%8d%e0%a4%a1%e0%a4%b0-%e0%a4%95%e0%a4%b0%e0%a4%a8%e0%a4%be\/","title":{"rendered":"\u090f\u092b\u0906\u0930 \u0917\u0941\u0921 \u0926\u0947\u0916\u0947\u0902"},"content":{"rendered":"<p>[et_pb_section fb_built=&#8221;1&#8243; fullwidth=&#8221;on&#8221; disabled_on=&#8221;off|off|off&#8221; admin_label=&#8221;Section&#8221; _builder_version=&#8221;4.27.4&#8243; _module_preset=&#8221;default&#8221; custom_margin=&#8221;||||false|false&#8221; locked=&#8221;off&#8221; global_colors_info=&#8221;{}&#8221; theme_builder_area=&#8221;post_content&#8221;][et_pb_fullwidth_code disabled_on=&#8221;off|off|off&#8221; _builder_version=&#8221;4.27.4&#8243; _module_preset=&#8221;default&#8221; global_colors_info=&#8221;{}&#8221; theme_builder_area=&#8221;post_content&#8221;]<\/p>\n<div class=\"form-indicator\"><!-- [et_pb_line_break_holder] -->        <\/p>\n<div class=\"step\"><!-- [et_pb_line_break_holder] -->          <\/p>\n<div class=\"icon cart\">\t <!-- [et_pb_line_break_holder] -->          \t<img decoding=\"async\" src=\"https:\/\/www.dynseo.com\/wp-content\/uploads\/2023\/11\/shopping-bag-white-color-icon-vector-16852516-removebg-preview-1.png\"><!-- [et_pb_line_break_holder] -->          <\/div>\n<p><!-- [et_pb_line_break_holder] -->            <\/p>\n<div class=\"line\"><\/div>\n<p><!-- [et_pb_line_break_holder] -->        <\/div>\n<p><!-- [et_pb_line_break_holder] -->        <\/p>\n<div class=\"step\"><!-- [et_pb_line_break_holder] -->          <\/p>\n<div class=\"icon bag\"> <!-- [et_pb_line_break_holder] -->          \t <img decoding=\"async\" src=\"https:\/\/www.dynseo.com\/wp-content\/uploads\/2023\/11\/360_F_211057598_Vzh78rIIokEndQVbh1DpxtF2VlfCtG3F-removebg-preview-1.png\"><!-- [et_pb_line_break_holder] -->          <\/div>\n<p><!-- [et_pb_line_break_holder] -->            <\/p>\n<div class=\"line\"><\/div>\n<p><!-- [et_pb_line_break_holder] -->        <\/div>\n<p><!-- [et_pb_line_break_holder] -->        <\/p>\n<div class=\"step\"><!-- [et_pb_line_break_holder] -->          <\/p>\n<div class=\"icon card\"> <!-- [et_pb_line_break_holder] -->          \t<img decoding=\"async\" src=\"https:\/\/www.dynseo.com\/wp-content\/uploads\/2023\/11\/1000_F_195074404_UZJDbLurzoqTUkqhvihxn7kPkok57aMR-removebg-preview.png\"><!-- [et_pb_line_break_holder] -->          <\/div>\n<p><!-- [et_pb_line_break_holder] -->        <\/div>\n<p><!-- [et_pb_line_break_holder] -->    <\/div>\n<p>[\/et_pb_fullwidth_code][\/et_pb_section][et_pb_section fb_built=&#8221;1&#8243; disabled_on=&#8221;off|off|off&#8221; _builder_version=&#8221;4.27.6&#8243; _module_preset=&#8221;default&#8221; hover_enabled=&#8221;0&#8243; global_colors_info=&#8221;{}&#8221; sticky_enabled=&#8221;0&#8243;][et_pb_row _builder_version=&#8221;4.27.4&#8243; _module_preset=&#8221;default&#8221; global_colors_info=&#8221;{}&#8221;][et_pb_column type=&#8221;4_4&#8243; _builder_version=&#8221;4.27.4&#8243; _module_preset=&#8221;default&#8221; global_colors_info=&#8221;{}&#8221;][et_pb_text _builder_version=&#8221;4.27.4&#8243; _module_preset=&#8221;default&#8221; global_colors_info=&#8221;{}&#8221;]<\/p>\n<div class=\"woocommerce\"><\/div>\n<p>[\/et_pb_text][\/et_pb_column][\/et_pb_row][\/et_pb_section][et_pb_section fb_built=&#8221;1&#8243; theme_builder_area=&#8221;post_content&#8221; _builder_version=&#8221;4.27.6&#8243; _module_preset=&#8221;default&#8221;][et_pb_row _builder_version=&#8221;4.27.6&#8243; _module_preset=&#8221;default&#8221; theme_builder_area=&#8221;post_content&#8221;][et_pb_column _builder_version=&#8221;4.27.6&#8243; _module_preset=&#8221;default&#8221; theme_builder_area=&#8221;post_content&#8221;][et_pb_code _builder_version=&#8221;4.16&#8243; global_colors_info=&#8221;{}&#8221; theme_builder_area=&#8221;post_content&#8221;]<script type=\"application\/ld+json\">{\"@context\":\"https:\/\/schema.org\",\"@type\":\"FAQPage\",\"mainEntity\":[{\"@type\":\"Question\",\"name\":\"Quelles informations dois-je fournir lors de la commande ?\",\"acceptedAnswer\":{\"@type\":\"Answer\",\"text\":\"Vous devez fournir vos informations de facturation, vos informations de livraison si elles diff\u00e8rent de l'adresse de facturation, et toute information compl\u00e9mentaire n\u00e9cessaire \u00e0 votre commande.\"}},{\"@type\":\"Question\",\"name\":\"Comment remplir mes informations de facturation ?\",\"acceptedAnswer\":{\"@type\":\"Answer\",\"text\":\"Dans la section facturation, saisissez votre nom, pr\u00e9nom, adresse compl\u00e8te, code postal, ville, pays et votre adresse e-mail. Ces informations sont n\u00e9cessaires pour traiter votre commande et \u00e9tablir votre facture.\"}},{\"@type\":\"Question\",\"name\":\"Puis-je livrer \u00e0 une adresse diff\u00e9rente de mon adresse de facturation ?\",\"acceptedAnswer\":{\"@type\":\"Answer\",\"text\":\"Oui, vous pouvez sp\u00e9cifier une adresse de livraison diff\u00e9rente dans la section d\u00e9di\u00e9e aux informations de livraison. Renseignez simplement l'adresse compl\u00e8te o\u00f9 vous souhaitez recevoir votre commande.\"}},{\"@type\":\"Question\",\"name\":\"\u00c0 quoi sert la section 'Informations compl\u00e9mentaires' ?\",\"acceptedAnswer\":{\"@type\":\"Answer\",\"text\":\"La section informations compl\u00e9mentaires vous permet d'ajouter des notes sp\u00e9ciales pour votre commande, comme des instructions de livraison particuli\u00e8res ou des commentaires \u00e0 destination du vendeur.\"}},{\"@type\":\"Question\",\"name\":\"O\u00f9 puis-je voir le r\u00e9capitulatif de ma commande ?\",\"acceptedAnswer\":{\"@type\":\"Answer\",\"text\":\"Le r\u00e9capitulatif d\u00e9taill\u00e9 de votre commande s'affiche dans la section 'D\u00e9tails de la commande', o\u00f9 vous pouvez v\u00e9rifier les articles, quantit\u00e9s, prix et le montant total avant de proc\u00e9der au paiement.\"}},{\"@type\":\"Question\",\"name\":\"Comment finaliser le paiement de ma commande ?\",\"acceptedAnswer\":{\"@type\":\"Answer\",\"text\":\"Une fois toutes les informations remplies et v\u00e9rifi\u00e9es, utilisez la section 'Informations de paiement' pour choisir votre mode de paiement et saisir les d\u00e9tails n\u00e9cessaires pour finaliser votre achat en toute s\u00e9curit\u00e9.\"}}]}<\/script>[\/et_pb_code][\/et_pb_column][\/et_pb_row][\/et_pb_section]<\/p>\n","protected":false},"excerpt":{"rendered":"<div class=\"woocommerce\"><\/div>\n","protected":false},"author":60,"featured_media":130227,"parent":0,"menu_order":0,"comment_status":"closed","ping_status":"closed","template":"","meta":{"_et_pb_use_builder":"on","_et_pb_old_content":"","_et_gb_content_width":"","footnotes":""},"class_list":["post-589146","page","type-page","status-publish","has-post-thumbnail","hentry"],"yoast_head":"<!-- This site is optimized with the Yoast SEO plugin v27.5 - https:\/\/yoast.com\/product\/yoast-seo-wordpress\/ -->\n<title>\u090f\u092b\u0906\u0930 \u0917\u0941\u0921 \u0926\u0947\u0916\u0947\u0902 - DYNSEO - App educative et jeux de m\u00e9moire<\/title>\n<meta name=\"robots\" content=\"index, follow, max-snippet:-1, max-image-preview:large, max-video-preview:-1\" \/>\n<link rel=\"canonical\" href=\"https:\/\/www.dynseo.com\/hi\/%e0%a4%91%e0%a4%b0%e0%a5%8d%e0%a4%a1%e0%a4%b0-%e0%a4%95%e0%a4%b0%e0%a4%a8%e0%a4%be\/\" \/>\n<meta property=\"og:locale\" content=\"hi_IN\" \/>\n<meta property=\"og:type\" content=\"article\" \/>\n<meta property=\"og:title\" content=\"\u090f\u092b\u0906\u0930 \u0917\u0941\u0921 \u0926\u0947\u0916\u0947\u0902 - DYNSEO - App educative et jeux de m\u00e9moire\" \/>\n<meta property=\"og:url\" content=\"https:\/\/www.dynseo.com\/hi\/%e0%a4%91%e0%a4%b0%e0%a5%8d%e0%a4%a1%e0%a4%b0-%e0%a4%95%e0%a4%b0%e0%a4%a8%e0%a4%be\/\" \/>\n<meta property=\"og:site_name\" content=\"DYNSEO - App educative et jeux de m\u00e9moire\" \/>\n<meta property=\"article:modified_time\" content=\"2026-05-06T12:21:21+00:00\" \/>\n<meta property=\"og:image\" content=\"https:\/\/www.dynseo.com\/wp-content\/uploads\/2024\/07\/Article-pour-jeux-de-memoire-et-services-educatifs-sur-tablette-1.png\" \/>\n\t<meta property=\"og:image:width\" content=\"2000\" \/>\n\t<meta property=\"og:image:height\" content=\"1500\" \/>\n\t<meta property=\"og:image:type\" content=\"image\/png\" \/>\n<meta name=\"twitter:label1\" content=\"\u0905\u0928\u0941\u092e\u093e\u0928\u093f\u0924 \u092a\u0922\u093c\u0928\u0947 \u0915\u093e \u0938\u092e\u092f\" \/>\n\t<meta name=\"twitter:data1\" content=\"1 \u092e\u093f\u0928\u091f\" \/>\n<script type=\"application\/ld+json\" class=\"yoast-schema-graph\">{\"@context\":\"https:\\\/\\\/schema.org\",\"@graph\":[{\"@type\":\"WebPage\",\"@id\":\"https:\\\/\\\/www.dynseo.com\\\/hi\\\/%e0%a4%91%e0%a4%b0%e0%a5%8d%e0%a4%a1%e0%a4%b0-%e0%a4%95%e0%a4%b0%e0%a4%a8%e0%a4%be\\\/\",\"url\":\"https:\\\/\\\/www.dynseo.com\\\/hi\\\/%e0%a4%91%e0%a4%b0%e0%a5%8d%e0%a4%a1%e0%a4%b0-%e0%a4%95%e0%a4%b0%e0%a4%a8%e0%a4%be\\\/\",\"name\":\"\u090f\u092b\u0906\u0930 \u0917\u0941\u0921 \u0926\u0947\u0916\u0947\u0902 - DYNSEO - App educative et jeux de m\u00e9moire\",\"isPartOf\":{\"@id\":\"https:\\\/\\\/www.dynseo.com\\\/hi\\\/#website\"},\"primaryImageOfPage\":{\"@id\":\"https:\\\/\\\/www.dynseo.com\\\/hi\\\/%e0%a4%91%e0%a4%b0%e0%a5%8d%e0%a4%a1%e0%a4%b0-%e0%a4%95%e0%a4%b0%e0%a4%a8%e0%a4%be\\\/#primaryimage\"},\"image\":{\"@id\":\"https:\\\/\\\/www.dynseo.com\\\/hi\\\/%e0%a4%91%e0%a4%b0%e0%a5%8d%e0%a4%a1%e0%a4%b0-%e0%a4%95%e0%a4%b0%e0%a4%a8%e0%a4%be\\\/#primaryimage\"},\"thumbnailUrl\":\"https:\\\/\\\/www.dynseo.com\\\/wp-content\\\/uploads\\\/2024\\\/07\\\/Article-pour-jeux-de-memoire-et-services-educatifs-sur-tablette-1.png\",\"datePublished\":\"2026-05-06T08:37:07+00:00\",\"dateModified\":\"2026-05-06T12:21:21+00:00\",\"breadcrumb\":{\"@id\":\"https:\\\/\\\/www.dynseo.com\\\/hi\\\/%e0%a4%91%e0%a4%b0%e0%a5%8d%e0%a4%a1%e0%a4%b0-%e0%a4%95%e0%a4%b0%e0%a4%a8%e0%a4%be\\\/#breadcrumb\"},\"inLanguage\":\"hi-IN\",\"potentialAction\":[{\"@type\":\"ReadAction\",\"target\":[\"https:\\\/\\\/www.dynseo.com\\\/hi\\\/%e0%a4%91%e0%a4%b0%e0%a5%8d%e0%a4%a1%e0%a4%b0-%e0%a4%95%e0%a4%b0%e0%a4%a8%e0%a4%be\\\/\"]}]},{\"@type\":\"ImageObject\",\"inLanguage\":\"hi-IN\",\"@id\":\"https:\\\/\\\/www.dynseo.com\\\/hi\\\/%e0%a4%91%e0%a4%b0%e0%a5%8d%e0%a4%a1%e0%a4%b0-%e0%a4%95%e0%a4%b0%e0%a4%a8%e0%a4%be\\\/#primaryimage\",\"url\":\"https:\\\/\\\/www.dynseo.com\\\/wp-content\\\/uploads\\\/2024\\\/07\\\/Article-pour-jeux-de-memoire-et-services-educatifs-sur-tablette-1.png\",\"contentUrl\":\"https:\\\/\\\/www.dynseo.com\\\/wp-content\\\/uploads\\\/2024\\\/07\\\/Article-pour-jeux-de-memoire-et-services-educatifs-sur-tablette-1.png\",\"width\":2000,\"height\":1500,\"caption\":\"\u0939\u092e\u093e\u0930\u0940 \u092e\u0928\u094b\u0930\u0902\u091c\u0915 \u0914\u0930 \u091c\u094d\u091e\u093e\u0928\u0935\u0930\u094d\u0927\u0915 \u0917\u0924\u093f\u0935\u093f\u0927\u093f\u092f\u094b\u0902 \u0915\u0947 \u0938\u093e\u0925 \u0905\u092a\u0928\u0940 \u092e\u093e\u0928\u0938\u093f\u0915 \u091a\u0941\u0938\u094d\u0924\u0940 \u092c\u0928\u093e\u090f \u0930\u0916\u0947\u0902\u0964\"},{\"@type\":\"BreadcrumbList\",\"@id\":\"https:\\\/\\\/www.dynseo.com\\\/hi\\\/%e0%a4%91%e0%a4%b0%e0%a5%8d%e0%a4%a1%e0%a4%b0-%e0%a4%95%e0%a4%b0%e0%a4%a8%e0%a4%be\\\/#breadcrumb\",\"itemListElement\":[{\"@type\":\"ListItem\",\"position\":1,\"name\":\"Accueil\",\"item\":\"https:\\\/\\\/www.dynseo.com\\\/hi\\\/\"},{\"@type\":\"ListItem\",\"position\":2,\"name\":\"\u090f\u092b\u0906\u0930 \u0917\u0941\u0921 \u0926\u0947\u0916\u0947\u0902\"}]},{\"@type\":\"WebSite\",\"@id\":\"https:\\\/\\\/www.dynseo.com\\\/hi\\\/#website\",\"url\":\"https:\\\/\\\/www.dynseo.com\\\/hi\\\/\",\"name\":\"Jeux de m\u00e9moire et stimulation cognitive\",\"description\":\"Entra\u00eenez votre m\u00e9moire et votre cerveau avec DYNSEO\",\"publisher\":{\"@id\":\"https:\\\/\\\/www.dynseo.com\\\/hi\\\/#organization\"},\"potentialAction\":[{\"@type\":\"SearchAction\",\"target\":{\"@type\":\"EntryPoint\",\"urlTemplate\":\"https:\\\/\\\/www.dynseo.com\\\/hi\\\/?s={search_term_string}\"},\"query-input\":{\"@type\":\"PropertyValueSpecification\",\"valueRequired\":true,\"valueName\":\"search_term_string\"}}],\"inLanguage\":\"hi-IN\"},{\"@type\":\"Organization\",\"@id\":\"https:\\\/\\\/www.dynseo.com\\\/hi\\\/#organization\",\"name\":\"DYNSEO\",\"url\":\"https:\\\/\\\/www.dynseo.com\\\/hi\\\/\",\"logo\":{\"@type\":\"ImageObject\",\"inLanguage\":\"hi-IN\",\"@id\":\"https:\\\/\\\/www.dynseo.com\\\/hi\\\/#\\\/schema\\\/logo\\\/image\\\/\",\"url\":\"https:\\\/\\\/www.dynseo.com\\\/wp-content\\\/uploads\\\/2022\\\/05\\\/logo-dynseo-new.png\",\"contentUrl\":\"https:\\\/\\\/www.dynseo.com\\\/wp-content\\\/uploads\\\/2022\\\/05\\\/logo-dynseo-new.png\",\"width\":5073,\"height\":1397,\"caption\":\"DYNSEO\"},\"image\":{\"@id\":\"https:\\\/\\\/www.dynseo.com\\\/hi\\\/#\\\/schema\\\/logo\\\/image\\\/\"}}]}<\/script>\n<!-- \/ Yoast SEO plugin. -->","yoast_head_json":{"title":"\u090f\u092b\u0906\u0930 \u0917\u0941\u0921 \u0926\u0947\u0916\u0947\u0902 - DYNSEO - App educative et jeux de m\u00e9moire","robots":{"index":"index","follow":"follow","max-snippet":"max-snippet:-1","max-image-preview":"max-image-preview:large","max-video-preview":"max-video-preview:-1"},"canonical":"https:\/\/www.dynseo.com\/hi\/%e0%a4%91%e0%a4%b0%e0%a5%8d%e0%a4%a1%e0%a4%b0-%e0%a4%95%e0%a4%b0%e0%a4%a8%e0%a4%be\/","og_locale":"hi_IN","og_type":"article","og_title":"\u090f\u092b\u0906\u0930 \u0917\u0941\u0921 \u0926\u0947\u0916\u0947\u0902 - DYNSEO - App educative et jeux de m\u00e9moire","og_url":"https:\/\/www.dynseo.com\/hi\/%e0%a4%91%e0%a4%b0%e0%a5%8d%e0%a4%a1%e0%a4%b0-%e0%a4%95%e0%a4%b0%e0%a4%a8%e0%a4%be\/","og_site_name":"DYNSEO - App educative et jeux de m\u00e9moire","article_modified_time":"2026-05-06T12:21:21+00:00","og_image":[{"width":2000,"height":1500,"url":"https:\/\/www.dynseo.com\/wp-content\/uploads\/2024\/07\/Article-pour-jeux-de-memoire-et-services-educatifs-sur-tablette-1.png","type":"image\/png"}],"twitter_misc":{"\u0905\u0928\u0941\u092e\u093e\u0928\u093f\u0924 \u092a\u0922\u093c\u0928\u0947 \u0915\u093e \u0938\u092e\u092f":"1 \u092e\u093f\u0928\u091f"},"schema":{"@context":"https:\/\/schema.org","@graph":[{"@type":"WebPage","@id":"https:\/\/www.dynseo.com\/hi\/%e0%a4%91%e0%a4%b0%e0%a5%8d%e0%a4%a1%e0%a4%b0-%e0%a4%95%e0%a4%b0%e0%a4%a8%e0%a4%be\/","url":"https:\/\/www.dynseo.com\/hi\/%e0%a4%91%e0%a4%b0%e0%a5%8d%e0%a4%a1%e0%a4%b0-%e0%a4%95%e0%a4%b0%e0%a4%a8%e0%a4%be\/","name":"\u090f\u092b\u0906\u0930 \u0917\u0941\u0921 \u0926\u0947\u0916\u0947\u0902 - DYNSEO - App educative et jeux de m\u00e9moire","isPartOf":{"@id":"https:\/\/www.dynseo.com\/hi\/#website"},"primaryImageOfPage":{"@id":"https:\/\/www.dynseo.com\/hi\/%e0%a4%91%e0%a4%b0%e0%a5%8d%e0%a4%a1%e0%a4%b0-%e0%a4%95%e0%a4%b0%e0%a4%a8%e0%a4%be\/#primaryimage"},"image":{"@id":"https:\/\/www.dynseo.com\/hi\/%e0%a4%91%e0%a4%b0%e0%a5%8d%e0%a4%a1%e0%a4%b0-%e0%a4%95%e0%a4%b0%e0%a4%a8%e0%a4%be\/#primaryimage"},"thumbnailUrl":"https:\/\/www.dynseo.com\/wp-content\/uploads\/2024\/07\/Article-pour-jeux-de-memoire-et-services-educatifs-sur-tablette-1.png","datePublished":"2026-05-06T08:37:07+00:00","dateModified":"2026-05-06T12:21:21+00:00","breadcrumb":{"@id":"https:\/\/www.dynseo.com\/hi\/%e0%a4%91%e0%a4%b0%e0%a5%8d%e0%a4%a1%e0%a4%b0-%e0%a4%95%e0%a4%b0%e0%a4%a8%e0%a4%be\/#breadcrumb"},"inLanguage":"hi-IN","potentialAction":[{"@type":"ReadAction","target":["https:\/\/www.dynseo.com\/hi\/%e0%a4%91%e0%a4%b0%e0%a5%8d%e0%a4%a1%e0%a4%b0-%e0%a4%95%e0%a4%b0%e0%a4%a8%e0%a4%be\/"]}]},{"@type":"ImageObject","inLanguage":"hi-IN","@id":"https:\/\/www.dynseo.com\/hi\/%e0%a4%91%e0%a4%b0%e0%a5%8d%e0%a4%a1%e0%a4%b0-%e0%a4%95%e0%a4%b0%e0%a4%a8%e0%a4%be\/#primaryimage","url":"https:\/\/www.dynseo.com\/wp-content\/uploads\/2024\/07\/Article-pour-jeux-de-memoire-et-services-educatifs-sur-tablette-1.png","contentUrl":"https:\/\/www.dynseo.com\/wp-content\/uploads\/2024\/07\/Article-pour-jeux-de-memoire-et-services-educatifs-sur-tablette-1.png","width":2000,"height":1500,"caption":"\u0939\u092e\u093e\u0930\u0940 \u092e\u0928\u094b\u0930\u0902\u091c\u0915 \u0914\u0930 \u091c\u094d\u091e\u093e\u0928\u0935\u0930\u094d\u0927\u0915 \u0917\u0924\u093f\u0935\u093f\u0927\u093f\u092f\u094b\u0902 \u0915\u0947 \u0938\u093e\u0925 \u0905\u092a\u0928\u0940 \u092e\u093e\u0928\u0938\u093f\u0915 \u091a\u0941\u0938\u094d\u0924\u0940 \u092c\u0928\u093e\u090f \u0930\u0916\u0947\u0902\u0964"},{"@type":"BreadcrumbList","@id":"https:\/\/www.dynseo.com\/hi\/%e0%a4%91%e0%a4%b0%e0%a5%8d%e0%a4%a1%e0%a4%b0-%e0%a4%95%e0%a4%b0%e0%a4%a8%e0%a4%be\/#breadcrumb","itemListElement":[{"@type":"ListItem","position":1,"name":"Accueil","item":"https:\/\/www.dynseo.com\/hi\/"},{"@type":"ListItem","position":2,"name":"\u090f\u092b\u0906\u0930 \u0917\u0941\u0921 \u0926\u0947\u0916\u0947\u0902"}]},{"@type":"WebSite","@id":"https:\/\/www.dynseo.com\/hi\/#website","url":"https:\/\/www.dynseo.com\/hi\/","name":"Jeux de m\u00e9moire et stimulation cognitive","description":"Entra\u00eenez votre m\u00e9moire et votre cerveau avec DYNSEO","publisher":{"@id":"https:\/\/www.dynseo.com\/hi\/#organization"},"potentialAction":[{"@type":"SearchAction","target":{"@type":"EntryPoint","urlTemplate":"https:\/\/www.dynseo.com\/hi\/?s={search_term_string}"},"query-input":{"@type":"PropertyValueSpecification","valueRequired":true,"valueName":"search_term_string"}}],"inLanguage":"hi-IN"},{"@type":"Organization","@id":"https:\/\/www.dynseo.com\/hi\/#organization","name":"DYNSEO","url":"https:\/\/www.dynseo.com\/hi\/","logo":{"@type":"ImageObject","inLanguage":"hi-IN","@id":"https:\/\/www.dynseo.com\/hi\/#\/schema\/logo\/image\/","url":"https:\/\/www.dynseo.com\/wp-content\/uploads\/2022\/05\/logo-dynseo-new.png","contentUrl":"https:\/\/www.dynseo.com\/wp-content\/uploads\/2022\/05\/logo-dynseo-new.png","width":5073,"height":1397,"caption":"DYNSEO"},"image":{"@id":"https:\/\/www.dynseo.com\/hi\/#\/schema\/logo\/image\/"}}]}},"_links":{"self":[{"href":"https:\/\/www.dynseo.com\/hi\/wp-json\/wp\/v2\/pages\/589146","targetHints":{"allow":["GET"]}}],"collection":[{"href":"https:\/\/www.dynseo.com\/hi\/wp-json\/wp\/v2\/pages"}],"about":[{"href":"https:\/\/www.dynseo.com\/hi\/wp-json\/wp\/v2\/types\/page"}],"author":[{"embeddable":true,"href":"https:\/\/www.dynseo.com\/hi\/wp-json\/wp\/v2\/users\/60"}],"replies":[{"embeddable":true,"href":"https:\/\/www.dynseo.com\/hi\/wp-json\/wp\/v2\/comments?post=589146"}],"version-history":[{"count":4,"href":"https:\/\/www.dynseo.com\/hi\/wp-json\/wp\/v2\/pages\/589146\/revisions"}],"predecessor-version":[{"id":589831,"href":"https:\/\/www.dynseo.com\/hi\/wp-json\/wp\/v2\/pages\/589146\/revisions\/589831"}],"wp:featuredmedia":[{"embeddable":true,"href":"https:\/\/www.dynseo.com\/hi\/wp-json\/wp\/v2\/media\/130227"}],"wp:attachment":[{"href":"https:\/\/www.dynseo.com\/hi\/wp-json\/wp\/v2\/media?parent=589146"}],"curies":[{"name":"wp","href":"https:\/\/api.w.org\/{rel}","templated":true}]}}