{"id":592422,"date":"2026-05-07T00:44:34","date_gmt":"2026-05-06T22:44:34","guid":{"rendered":"https:\/\/www.dynseo.com\/produit\/%e0%a4%b5%e0%a4%b0%e0%a4%bf%e0%a4%b7%e0%a5%8d%e0%a4%a0-%e0%a4%a8%e0%a4%be%e0%a4%97%e0%a4%b0%e0%a4%bf%e0%a4%95%e0%a5%8b%e0%a4%82-%e0%a4%ae%e0%a5%87%e0%a4%82-%e0%a4%b8%e0%a4%82%e0%a4%9c%e0%a5%8d\/"},"modified":"2026-05-07T00:44:34","modified_gmt":"2026-05-06T22:44:34","slug":"%e0%a4%b5%e0%a4%b0%e0%a4%bf%e0%a4%b7%e0%a5%8d%e0%a4%a0-%e0%a4%a8%e0%a4%be%e0%a4%97%e0%a4%b0%e0%a4%bf%e0%a4%95%e0%a5%8b%e0%a4%82-%e0%a4%ae%e0%a5%87%e0%a4%82-%e0%a4%b8%e0%a4%82%e0%a4%9c%e0%a5%8d","status":"publish","type":"product","link":"https:\/\/www.dynseo.com\/hi\/product\/%e0%a4%b5%e0%a4%b0%e0%a4%bf%e0%a4%b7%e0%a5%8d%e0%a4%a0-%e0%a4%a8%e0%a4%be%e0%a4%97%e0%a4%b0%e0%a4%bf%e0%a4%95%e0%a5%8b%e0%a4%82-%e0%a4%ae%e0%a5%87%e0%a4%82-%e0%a4%b8%e0%a4%82%e0%a4%9c%e0%a5%8d\/","title":{"rendered":"\u0935\u0930\u093f\u0937\u094d\u0920 \u0928\u093e\u0917\u0930\u093f\u0915\u094b\u0902 \u092e\u0947\u0902 \u0938\u0902\u091c\u094d\u091e\u093e\u0928\u093e\u0924\u094d\u092e\u0915 \u0909\u0924\u094d\u0924\u0947\u091c\u0928\u093e: \u0935\u094d\u092f\u093e\u0935\u0939\u093e\u0930\u093f\u0915 \u0935\u093f\u091a\u093e\u0930, \u0909\u092a\u0915\u0930\u0923 \u0914\u0930 \u0926\u0948\u0928\u093f\u0915 \u0915\u093e\u0930\u094d\u092f\u093e\u0928\u094d\u0935\u092f\u0928"},"content":{"rendered":"","protected":false},"excerpt":{"rendered":"","protected":false},"featured_media":587845,"comment_status":"open","ping_status":"closed","template":"","meta":{"_et_pb_use_builder":"","_et_pb_old_content":"","_et_gb_content_width":""},"product_brand":[],"product_cat":[4708],"product_tag":[],"class_list":{"0":"post-592422","1":"product","2":"type-product","3":"status-publish","4":"has-post-thumbnail","6":"product_cat-prashikshan","8":"first","9":"instock","10":"virtual","11":"taxable","12":"purchasable","13":"product-type-simple"},"yoast_head":"<!-- This site is optimized with the Yoast SEO plugin v27.5 - https:\/\/yoast.com\/product\/yoast-seo-wordpress\/ -->\n<title>\u0935\u0930\u093f\u0937\u094d\u0920 \u0928\u093e\u0917\u0930\u093f\u0915\u094b\u0902 \u092e\u0947\u0902 \u0938\u0902\u091c\u094d\u091e\u093e\u0928\u093e\u0924\u094d\u092e\u0915 \u0909\u0924\u094d\u0924\u0947\u091c\u0928\u093e: \u0935\u094d\u092f\u093e\u0935\u0939\u093e\u0930\u093f\u0915 \u0935\u093f\u091a\u093e\u0930, \u0909\u092a\u0915\u0930\u0923 \u0914\u0930 \u0926\u0948\u0928\u093f\u0915 \u0915\u093e\u0930\u094d\u092f\u093e\u0928\u094d\u0935\u092f\u0928 - DYNSEO - App educative et jeux de m\u00e9moire<\/title>\n<meta name=\"robots\" content=\"index, follow, max-snippet:-1, max-image-preview:large, max-video-preview:-1\" \/>\n<link rel=\"canonical\" href=\"https:\/\/www.dynseo.com\/hi\/product\/%e0%a4%b5%e0%a4%b0%e0%a4%bf%e0%a4%b7%e0%a5%8d%e0%a4%a0-%e0%a4%a8%e0%a4%be%e0%a4%97%e0%a4%b0%e0%a4%bf%e0%a4%95%e0%a5%8b%e0%a4%82-%e0%a4%ae%e0%a5%87%e0%a4%82-%e0%a4%b8%e0%a4%82%e0%a4%9c%e0%a5%8d\/\" \/>\n<meta property=\"og:locale\" content=\"hi_IN\" \/>\n<meta property=\"og:type\" content=\"article\" \/>\n<meta property=\"og:title\" content=\"\u0935\u0930\u093f\u0937\u094d\u0920 \u0928\u093e\u0917\u0930\u093f\u0915\u094b\u0902 \u092e\u0947\u0902 \u0938\u0902\u091c\u094d\u091e\u093e\u0928\u093e\u0924\u094d\u092e\u0915 \u0909\u0924\u094d\u0924\u0947\u091c\u0928\u093e: \u0935\u094d\u092f\u093e\u0935\u0939\u093e\u0930\u093f\u0915 \u0935\u093f\u091a\u093e\u0930, \u0909\u092a\u0915\u0930\u0923 \u0914\u0930 \u0926\u0948\u0928\u093f\u0915 \u0915\u093e\u0930\u094d\u092f\u093e\u0928\u094d\u0935\u092f\u0928 - DYNSEO - App educative et jeux de m\u00e9moire\" \/>\n<meta property=\"og:url\" content=\"https:\/\/www.dynseo.com\/hi\/product\/%e0%a4%b5%e0%a4%b0%e0%a4%bf%e0%a4%b7%e0%a5%8d%e0%a4%a0-%e0%a4%a8%e0%a4%be%e0%a4%97%e0%a4%b0%e0%a4%bf%e0%a4%95%e0%a5%8b%e0%a4%82-%e0%a4%ae%e0%a5%87%e0%a4%82-%e0%a4%b8%e0%a4%82%e0%a4%9c%e0%a5%8d\/\" \/>\n<meta property=\"og:site_name\" content=\"DYNSEO - App educative et jeux de m\u00e9moire\" \/>\n<script type=\"application\/ld+json\" class=\"yoast-schema-graph\">{\"@context\":\"https:\\\/\\\/schema.org\",\"@graph\":[{\"@type\":\"WebPage\",\"@id\":\"https:\\\/\\\/www.dynseo.com\\\/hi\\\/product\\\/%e0%a4%b5%e0%a4%b0%e0%a4%bf%e0%a4%b7%e0%a5%8d%e0%a4%a0-%e0%a4%a8%e0%a4%be%e0%a4%97%e0%a4%b0%e0%a4%bf%e0%a4%95%e0%a5%8b%e0%a4%82-%e0%a4%ae%e0%a5%87%e0%a4%82-%e0%a4%b8%e0%a4%82%e0%a4%9c%e0%a5%8d\\\/\",\"url\":\"https:\\\/\\\/www.dynseo.com\\\/hi\\\/product\\\/%e0%a4%b5%e0%a4%b0%e0%a4%bf%e0%a4%b7%e0%a5%8d%e0%a4%a0-%e0%a4%a8%e0%a4%be%e0%a4%97%e0%a4%b0%e0%a4%bf%e0%a4%95%e0%a5%8b%e0%a4%82-%e0%a4%ae%e0%a5%87%e0%a4%82-%e0%a4%b8%e0%a4%82%e0%a4%9c%e0%a5%8d\\\/\",\"name\":\"\u0935\u0930\u093f\u0937\u094d\u0920 \u0928\u093e\u0917\u0930\u093f\u0915\u094b\u0902 \u092e\u0947\u0902 \u0938\u0902\u091c\u094d\u091e\u093e\u0928\u093e\u0924\u094d\u092e\u0915 \u0909\u0924\u094d\u0924\u0947\u091c\u0928\u093e: \u0935\u094d\u092f\u093e\u0935\u0939\u093e\u0930\u093f\u0915 \u0935\u093f\u091a\u093e\u0930, \u0909\u092a\u0915\u0930\u0923 \u0914\u0930 \u0926\u0948\u0928\u093f\u0915 \u0915\u093e\u0930\u094d\u092f\u093e\u0928\u094d\u0935\u092f\u0928 - DYNSEO - App educative et jeux de m\u00e9moire\",\"isPartOf\":{\"@id\":\"https:\\\/\\\/www.dynseo.com\\\/hi\\\/#website\"},\"primaryImageOfPage\":{\"@id\":\"https:\\\/\\\/www.dynseo.com\\\/hi\\\/product\\\/%e0%a4%b5%e0%a4%b0%e0%a4%bf%e0%a4%b7%e0%a5%8d%e0%a4%a0-%e0%a4%a8%e0%a4%be%e0%a4%97%e0%a4%b0%e0%a4%bf%e0%a4%95%e0%a5%8b%e0%a4%82-%e0%a4%ae%e0%a5%87%e0%a4%82-%e0%a4%b8%e0%a4%82%e0%a4%9c%e0%a5%8d\\\/#primaryimage\"},\"image\":{\"@id\":\"https:\\\/\\\/www.dynseo.com\\\/hi\\\/product\\\/%e0%a4%b5%e0%a4%b0%e0%a4%bf%e0%a4%b7%e0%a5%8d%e0%a4%a0-%e0%a4%a8%e0%a4%be%e0%a4%97%e0%a4%b0%e0%a4%bf%e0%a4%95%e0%a5%8b%e0%a4%82-%e0%a4%ae%e0%a5%87%e0%a4%82-%e0%a4%b8%e0%a4%82%e0%a4%9c%e0%a5%8d\\\/#primaryimage\"},\"thumbnailUrl\":\"https:\\\/\\\/www.dynseo.com\\\/wp-content\\\/uploads\\\/2026\\\/05\\\/PRO-hindi.png\",\"datePublished\":\"2026-05-06T22:44:34+00:00\",\"breadcrumb\":{\"@id\":\"https:\\\/\\\/www.dynseo.com\\\/hi\\\/product\\\/%e0%a4%b5%e0%a4%b0%e0%a4%bf%e0%a4%b7%e0%a5%8d%e0%a4%a0-%e0%a4%a8%e0%a4%be%e0%a4%97%e0%a4%b0%e0%a4%bf%e0%a4%95%e0%a5%8b%e0%a4%82-%e0%a4%ae%e0%a5%87%e0%a4%82-%e0%a4%b8%e0%a4%82%e0%a4%9c%e0%a5%8d\\\/#breadcrumb\"},\"inLanguage\":\"hi-IN\",\"potentialAction\":[{\"@type\":\"ReadAction\",\"target\":[\"https:\\\/\\\/www.dynseo.com\\\/hi\\\/product\\\/%e0%a4%b5%e0%a4%b0%e0%a4%bf%e0%a4%b7%e0%a5%8d%e0%a4%a0-%e0%a4%a8%e0%a4%be%e0%a4%97%e0%a4%b0%e0%a4%bf%e0%a4%95%e0%a5%8b%e0%a4%82-%e0%a4%ae%e0%a5%87%e0%a4%82-%e0%a4%b8%e0%a4%82%e0%a4%9c%e0%a5%8d\\\/\"]}]},{\"@type\":\"ImageObject\",\"inLanguage\":\"hi-IN\",\"@id\":\"https:\\\/\\\/www.dynseo.com\\\/hi\\\/product\\\/%e0%a4%b5%e0%a4%b0%e0%a4%bf%e0%a4%b7%e0%a5%8d%e0%a4%a0-%e0%a4%a8%e0%a4%be%e0%a4%97%e0%a4%b0%e0%a4%bf%e0%a4%95%e0%a5%8b%e0%a4%82-%e0%a4%ae%e0%a5%87%e0%a4%82-%e0%a4%b8%e0%a4%82%e0%a4%9c%e0%a5%8d\\\/#primaryimage\",\"url\":\"https:\\\/\\\/www.dynseo.com\\\/wp-content\\\/uploads\\\/2026\\\/05\\\/PRO-hindi.png\",\"contentUrl\":\"https:\\\/\\\/www.dynseo.com\\\/wp-content\\\/uploads\\\/2026\\\/05\\\/PRO-hindi.png\",\"width\":500,\"height\":500,\"caption\":\"PRO hindi\"},{\"@type\":\"BreadcrumbList\",\"@id\":\"https:\\\/\\\/www.dynseo.com\\\/hi\\\/product\\\/%e0%a4%b5%e0%a4%b0%e0%a4%bf%e0%a4%b7%e0%a5%8d%e0%a4%a0-%e0%a4%a8%e0%a4%be%e0%a4%97%e0%a4%b0%e0%a4%bf%e0%a4%95%e0%a5%8b%e0%a4%82-%e0%a4%ae%e0%a5%87%e0%a4%82-%e0%a4%b8%e0%a4%82%e0%a4%9c%e0%a5%8d\\\/#breadcrumb\",\"itemListElement\":[{\"@type\":\"ListItem\",\"position\":1,\"name\":\"Accueil\",\"item\":\"https:\\\/\\\/www.dynseo.com\\\/hi\\\/\"},{\"@type\":\"ListItem\",\"position\":2,\"name\":\"Boutique\",\"item\":\"https:\\\/\\\/www.dynseo.com\\\/boutique\\\/\"},{\"@type\":\"ListItem\",\"position\":3,\"name\":\"\u0935\u0930\u093f\u0937\u094d\u0920 \u0928\u093e\u0917\u0930\u093f\u0915\u094b\u0902 \u092e\u0947\u0902 \u0938\u0902\u091c\u094d\u091e\u093e\u0928\u093e\u0924\u094d\u092e\u0915 \u0909\u0924\u094d\u0924\u0947\u091c\u0928\u093e: \u0935\u094d\u092f\u093e\u0935\u0939\u093e\u0930\u093f\u0915 \u0935\u093f\u091a\u093e\u0930, \u0909\u092a\u0915\u0930\u0923 \u0914\u0930 \u0926\u0948\u0928\u093f\u0915 \u0915\u093e\u0930\u094d\u092f\u093e\u0928\u094d\u0935\u092f\u0928\"}]},{\"@type\":\"WebSite\",\"@id\":\"https:\\\/\\\/www.dynseo.com\\\/hi\\\/#website\",\"url\":\"https:\\\/\\\/www.dynseo.com\\\/hi\\\/\",\"name\":\"Jeux de m\u00e9moire et stimulation cognitive\",\"description\":\"Entra\u00eenez votre m\u00e9moire et votre cerveau avec DYNSEO\",\"publisher\":{\"@id\":\"https:\\\/\\\/www.dynseo.com\\\/hi\\\/#organization\"},\"potentialAction\":[{\"@type\":\"SearchAction\",\"target\":{\"@type\":\"EntryPoint\",\"urlTemplate\":\"https:\\\/\\\/www.dynseo.com\\\/hi\\\/?s={search_term_string}\"},\"query-input\":{\"@type\":\"PropertyValueSpecification\",\"valueRequired\":true,\"valueName\":\"search_term_string\"}}],\"inLanguage\":\"hi-IN\"},{\"@type\":\"Organization\",\"@id\":\"https:\\\/\\\/www.dynseo.com\\\/hi\\\/#organization\",\"name\":\"DYNSEO\",\"url\":\"https:\\\/\\\/www.dynseo.com\\\/hi\\\/\",\"logo\":{\"@type\":\"ImageObject\",\"inLanguage\":\"hi-IN\",\"@id\":\"https:\\\/\\\/www.dynseo.com\\\/hi\\\/#\\\/schema\\\/logo\\\/image\\\/\",\"url\":\"https:\\\/\\\/www.dynseo.com\\\/wp-content\\\/uploads\\\/2022\\\/05\\\/logo-dynseo-new.png\",\"contentUrl\":\"https:\\\/\\\/www.dynseo.com\\\/wp-content\\\/uploads\\\/2022\\\/05\\\/logo-dynseo-new.png\",\"width\":5073,\"height\":1397,\"caption\":\"DYNSEO\"},\"image\":{\"@id\":\"https:\\\/\\\/www.dynseo.com\\\/hi\\\/#\\\/schema\\\/logo\\\/image\\\/\"}}]}<\/script>\n<!-- \/ Yoast SEO plugin. -->","yoast_head_json":{"title":"\u0935\u0930\u093f\u0937\u094d\u0920 \u0928\u093e\u0917\u0930\u093f\u0915\u094b\u0902 \u092e\u0947\u0902 \u0938\u0902\u091c\u094d\u091e\u093e\u0928\u093e\u0924\u094d\u092e\u0915 \u0909\u0924\u094d\u0924\u0947\u091c\u0928\u093e: \u0935\u094d\u092f\u093e\u0935\u0939\u093e\u0930\u093f\u0915 \u0935\u093f\u091a\u093e\u0930, \u0909\u092a\u0915\u0930\u0923 \u0914\u0930 \u0926\u0948\u0928\u093f\u0915 \u0915\u093e\u0930\u094d\u092f\u093e\u0928\u094d\u0935\u092f\u0928 - DYNSEO - App educative et jeux de m\u00e9moire","robots":{"index":"index","follow":"follow","max-snippet":"max-snippet:-1","max-image-preview":"max-image-preview:large","max-video-preview":"max-video-preview:-1"},"canonical":"https:\/\/www.dynseo.com\/hi\/product\/%e0%a4%b5%e0%a4%b0%e0%a4%bf%e0%a4%b7%e0%a5%8d%e0%a4%a0-%e0%a4%a8%e0%a4%be%e0%a4%97%e0%a4%b0%e0%a4%bf%e0%a4%95%e0%a5%8b%e0%a4%82-%e0%a4%ae%e0%a5%87%e0%a4%82-%e0%a4%b8%e0%a4%82%e0%a4%9c%e0%a5%8d\/","og_locale":"hi_IN","og_type":"article","og_title":"\u0935\u0930\u093f\u0937\u094d\u0920 \u0928\u093e\u0917\u0930\u093f\u0915\u094b\u0902 \u092e\u0947\u0902 \u0938\u0902\u091c\u094d\u091e\u093e\u0928\u093e\u0924\u094d\u092e\u0915 \u0909\u0924\u094d\u0924\u0947\u091c\u0928\u093e: \u0935\u094d\u092f\u093e\u0935\u0939\u093e\u0930\u093f\u0915 \u0935\u093f\u091a\u093e\u0930, \u0909\u092a\u0915\u0930\u0923 \u0914\u0930 \u0926\u0948\u0928\u093f\u0915 \u0915\u093e\u0930\u094d\u092f\u093e\u0928\u094d\u0935\u092f\u0928 - DYNSEO - App educative et jeux de m\u00e9moire","og_url":"https:\/\/www.dynseo.com\/hi\/product\/%e0%a4%b5%e0%a4%b0%e0%a4%bf%e0%a4%b7%e0%a5%8d%e0%a4%a0-%e0%a4%a8%e0%a4%be%e0%a4%97%e0%a4%b0%e0%a4%bf%e0%a4%95%e0%a5%8b%e0%a4%82-%e0%a4%ae%e0%a5%87%e0%a4%82-%e0%a4%b8%e0%a4%82%e0%a4%9c%e0%a5%8d\/","og_site_name":"DYNSEO - App educative et jeux de m\u00e9moire","schema":{"@context":"https:\/\/schema.org","@graph":[{"@type":"WebPage","@id":"https:\/\/www.dynseo.com\/hi\/product\/%e0%a4%b5%e0%a4%b0%e0%a4%bf%e0%a4%b7%e0%a5%8d%e0%a4%a0-%e0%a4%a8%e0%a4%be%e0%a4%97%e0%a4%b0%e0%a4%bf%e0%a4%95%e0%a5%8b%e0%a4%82-%e0%a4%ae%e0%a5%87%e0%a4%82-%e0%a4%b8%e0%a4%82%e0%a4%9c%e0%a5%8d\/","url":"https:\/\/www.dynseo.com\/hi\/product\/%e0%a4%b5%e0%a4%b0%e0%a4%bf%e0%a4%b7%e0%a5%8d%e0%a4%a0-%e0%a4%a8%e0%a4%be%e0%a4%97%e0%a4%b0%e0%a4%bf%e0%a4%95%e0%a5%8b%e0%a4%82-%e0%a4%ae%e0%a5%87%e0%a4%82-%e0%a4%b8%e0%a4%82%e0%a4%9c%e0%a5%8d\/","name":"\u0935\u0930\u093f\u0937\u094d\u0920 \u0928\u093e\u0917\u0930\u093f\u0915\u094b\u0902 \u092e\u0947\u0902 \u0938\u0902\u091c\u094d\u091e\u093e\u0928\u093e\u0924\u094d\u092e\u0915 \u0909\u0924\u094d\u0924\u0947\u091c\u0928\u093e: \u0935\u094d\u092f\u093e\u0935\u0939\u093e\u0930\u093f\u0915 \u0935\u093f\u091a\u093e\u0930, \u0909\u092a\u0915\u0930\u0923 \u0914\u0930 \u0926\u0948\u0928\u093f\u0915 \u0915\u093e\u0930\u094d\u092f\u093e\u0928\u094d\u0935\u092f\u0928 - DYNSEO - App educative et jeux de m\u00e9moire","isPartOf":{"@id":"https:\/\/www.dynseo.com\/hi\/#website"},"primaryImageOfPage":{"@id":"https:\/\/www.dynseo.com\/hi\/product\/%e0%a4%b5%e0%a4%b0%e0%a4%bf%e0%a4%b7%e0%a5%8d%e0%a4%a0-%e0%a4%a8%e0%a4%be%e0%a4%97%e0%a4%b0%e0%a4%bf%e0%a4%95%e0%a5%8b%e0%a4%82-%e0%a4%ae%e0%a5%87%e0%a4%82-%e0%a4%b8%e0%a4%82%e0%a4%9c%e0%a5%8d\/#primaryimage"},"image":{"@id":"https:\/\/www.dynseo.com\/hi\/product\/%e0%a4%b5%e0%a4%b0%e0%a4%bf%e0%a4%b7%e0%a5%8d%e0%a4%a0-%e0%a4%a8%e0%a4%be%e0%a4%97%e0%a4%b0%e0%a4%bf%e0%a4%95%e0%a5%8b%e0%a4%82-%e0%a4%ae%e0%a5%87%e0%a4%82-%e0%a4%b8%e0%a4%82%e0%a4%9c%e0%a5%8d\/#primaryimage"},"thumbnailUrl":"https:\/\/www.dynseo.com\/wp-content\/uploads\/2026\/05\/PRO-hindi.png","datePublished":"2026-05-06T22:44:34+00:00","breadcrumb":{"@id":"https:\/\/www.dynseo.com\/hi\/product\/%e0%a4%b5%e0%a4%b0%e0%a4%bf%e0%a4%b7%e0%a5%8d%e0%a4%a0-%e0%a4%a8%e0%a4%be%e0%a4%97%e0%a4%b0%e0%a4%bf%e0%a4%95%e0%a5%8b%e0%a4%82-%e0%a4%ae%e0%a5%87%e0%a4%82-%e0%a4%b8%e0%a4%82%e0%a4%9c%e0%a5%8d\/#breadcrumb"},"inLanguage":"hi-IN","potentialAction":[{"@type":"ReadAction","target":["https:\/\/www.dynseo.com\/hi\/product\/%e0%a4%b5%e0%a4%b0%e0%a4%bf%e0%a4%b7%e0%a5%8d%e0%a4%a0-%e0%a4%a8%e0%a4%be%e0%a4%97%e0%a4%b0%e0%a4%bf%e0%a4%95%e0%a5%8b%e0%a4%82-%e0%a4%ae%e0%a5%87%e0%a4%82-%e0%a4%b8%e0%a4%82%e0%a4%9c%e0%a5%8d\/"]}]},{"@type":"ImageObject","inLanguage":"hi-IN","@id":"https:\/\/www.dynseo.com\/hi\/product\/%e0%a4%b5%e0%a4%b0%e0%a4%bf%e0%a4%b7%e0%a5%8d%e0%a4%a0-%e0%a4%a8%e0%a4%be%e0%a4%97%e0%a4%b0%e0%a4%bf%e0%a4%95%e0%a5%8b%e0%a4%82-%e0%a4%ae%e0%a5%87%e0%a4%82-%e0%a4%b8%e0%a4%82%e0%a4%9c%e0%a5%8d\/#primaryimage","url":"https:\/\/www.dynseo.com\/wp-content\/uploads\/2026\/05\/PRO-hindi.png","contentUrl":"https:\/\/www.dynseo.com\/wp-content\/uploads\/2026\/05\/PRO-hindi.png","width":500,"height":500,"caption":"PRO hindi"},{"@type":"BreadcrumbList","@id":"https:\/\/www.dynseo.com\/hi\/product\/%e0%a4%b5%e0%a4%b0%e0%a4%bf%e0%a4%b7%e0%a5%8d%e0%a4%a0-%e0%a4%a8%e0%a4%be%e0%a4%97%e0%a4%b0%e0%a4%bf%e0%a4%95%e0%a5%8b%e0%a4%82-%e0%a4%ae%e0%a5%87%e0%a4%82-%e0%a4%b8%e0%a4%82%e0%a4%9c%e0%a5%8d\/#breadcrumb","itemListElement":[{"@type":"ListItem","position":1,"name":"Accueil","item":"https:\/\/www.dynseo.com\/hi\/"},{"@type":"ListItem","position":2,"name":"Boutique","item":"https:\/\/www.dynseo.com\/boutique\/"},{"@type":"ListItem","position":3,"name":"\u0935\u0930\u093f\u0937\u094d\u0920 \u0928\u093e\u0917\u0930\u093f\u0915\u094b\u0902 \u092e\u0947\u0902 \u0938\u0902\u091c\u094d\u091e\u093e\u0928\u093e\u0924\u094d\u092e\u0915 \u0909\u0924\u094d\u0924\u0947\u091c\u0928\u093e: \u0935\u094d\u092f\u093e\u0935\u0939\u093e\u0930\u093f\u0915 \u0935\u093f\u091a\u093e\u0930, \u0909\u092a\u0915\u0930\u0923 \u0914\u0930 \u0926\u0948\u0928\u093f\u0915 \u0915\u093e\u0930\u094d\u092f\u093e\u0928\u094d\u0935\u092f\u0928"}]},{"@type":"WebSite","@id":"https:\/\/www.dynseo.com\/hi\/#website","url":"https:\/\/www.dynseo.com\/hi\/","name":"Jeux de m\u00e9moire et stimulation cognitive","description":"Entra\u00eenez votre m\u00e9moire et votre cerveau avec DYNSEO","publisher":{"@id":"https:\/\/www.dynseo.com\/hi\/#organization"},"potentialAction":[{"@type":"SearchAction","target":{"@type":"EntryPoint","urlTemplate":"https:\/\/www.dynseo.com\/hi\/?s={search_term_string}"},"query-input":{"@type":"PropertyValueSpecification","valueRequired":true,"valueName":"search_term_string"}}],"inLanguage":"hi-IN"},{"@type":"Organization","@id":"https:\/\/www.dynseo.com\/hi\/#organization","name":"DYNSEO","url":"https:\/\/www.dynseo.com\/hi\/","logo":{"@type":"ImageObject","inLanguage":"hi-IN","@id":"https:\/\/www.dynseo.com\/hi\/#\/schema\/logo\/image\/","url":"https:\/\/www.dynseo.com\/wp-content\/uploads\/2022\/05\/logo-dynseo-new.png","contentUrl":"https:\/\/www.dynseo.com\/wp-content\/uploads\/2022\/05\/logo-dynseo-new.png","width":5073,"height":1397,"caption":"DYNSEO"},"image":{"@id":"https:\/\/www.dynseo.com\/hi\/#\/schema\/logo\/image\/"}}]}},"_links":{"self":[{"href":"https:\/\/www.dynseo.com\/hi\/wp-json\/wp\/v2\/product\/592422","targetHints":{"allow":["GET"]}}],"collection":[{"href":"https:\/\/www.dynseo.com\/hi\/wp-json\/wp\/v2\/product"}],"about":[{"href":"https:\/\/www.dynseo.com\/hi\/wp-json\/wp\/v2\/types\/product"}],"replies":[{"embeddable":true,"href":"https:\/\/www.dynseo.com\/hi\/wp-json\/wp\/v2\/comments?post=592422"}],"wp:featuredmedia":[{"embeddable":true,"href":"https:\/\/www.dynseo.com\/hi\/wp-json\/wp\/v2\/media\/587845"}],"wp:attachment":[{"href":"https:\/\/www.dynseo.com\/hi\/wp-json\/wp\/v2\/media?parent=592422"}],"wp:term":[{"taxonomy":"product_brand","embeddable":true,"href":"https:\/\/www.dynseo.com\/hi\/wp-json\/wp\/v2\/product_brand?post=592422"},{"taxonomy":"product_cat","embeddable":true,"href":"https:\/\/www.dynseo.com\/hi\/wp-json\/wp\/v2\/product_cat?post=592422"},{"taxonomy":"product_tag","embeddable":true,"href":"https:\/\/www.dynseo.com\/hi\/wp-json\/wp\/v2\/product_tag?post=592422"}],"curies":[{"name":"wp","href":"https:\/\/api.w.org\/{rel}","templated":true}]}}