{"id":114360,"date":"2023-11-07T14:50:29","date_gmt":"2023-11-07T13:50:29","guid":{"rendered":"https:\/\/www.dynseo.com\/programmi-di-allenamento-del-cervello\/"},"modified":"2025-12-12T22:18:44","modified_gmt":"2025-12-12T21:18:44","slug":"programmi-di-allenamento-del-cervello","status":"publish","type":"page","link":"https:\/\/www.dynseo.com\/it\/programmi-di-allenamento-del-cervello\/","title":{"rendered":"Programmi di allenamento del cervello"},"content":{"rendered":"<p>[et_pb_section fb_built=&#8221;1&#8243; _builder_version=&#8221;4.21.0&#8243; background_enable_color=&#8221;off&#8221; global_colors_info=&#8221;{}&#8221; da_is_popup=&#8221;off&#8221; da_exit_intent=&#8221;off&#8221; da_has_close=&#8221;on&#8221; da_alt_close=&#8221;off&#8221; da_dark_close=&#8221;off&#8221; da_not_modal=&#8221;on&#8221; da_is_singular=&#8221;off&#8221; da_with_loader=&#8221;off&#8221; da_has_shadow=&#8221;on&#8221; da_disable_devices=&#8221;off|off|off&#8221;][et_pb_row _builder_version=&#8221;4.21.0&#8243; background_size=&#8221;initial&#8221; background_position=&#8221;top_left&#8221; background_repeat=&#8221;repeat&#8221; custom_padding=&#8221;||15px|||&#8221; global_colors_info=&#8221;{}&#8221;][et_pb_column type=&#8221;4_4&#8243; _builder_version=&#8221;4.16&#8243; custom_padding=&#8221;|||&#8221; global_colors_info=&#8221;{}&#8221; custom_padding__hover=&#8221;|||&#8221;][et_pb_text _builder_version=&#8221;4.23.1&#8243; text_font=&#8221;Montserrat||||||||&#8221; header_font=&#8221;Montserrat|700|||||||&#8221; header_text_align=&#8221;center&#8221; header_2_font=&#8221;Montserrat|600|||||||&#8221; header_2_text_align=&#8221;center&#8221; background_size=&#8221;initial&#8221; background_position=&#8221;top_left&#8221; background_repeat=&#8221;repeat&#8221; custom_margin=&#8221;||6px|||&#8221; custom_padding=&#8221;||0px|||&#8221; global_colors_info=&#8221;{}&#8221;]<\/p>\n<h1>Programmi di allenamento del cervello<\/h1>\n<h2>ROBERTO<\/h2>\n<p>&nbsp;<\/p>\n<p>Grazie per l&#8217;interesse dimostrato nei confronti dei nostri programmi di formazione.<\/p>\n<p>Fate clic sui pulsanti sottostanti per scaricare l&#8217;allenamento o gli allenamenti che vi interessano.<\/p>\n<p>Per un allenamento completo del cervello, si possono alternare <a href=\"https:\/\/www.dynseo.com\/les-differents-symptomes-de-lavc\/\" title=\"I diversi sintomi dell&#039;ictus\">diversi<\/a> programmi di allenamento.<\/p>\n<p>[\/et_pb_text][\/et_pb_column][\/et_pb_row][et_pb_row column_structure=&#8221;1_3,1_3,1_3&#8243; _builder_version=&#8221;4.21.0&#8243; _module_preset=&#8221;default&#8221; global_colors_info=&#8221;{}&#8221;][et_pb_column type=&#8221;1_3&#8243; _builder_version=&#8221;4.21.0&#8243; _module_preset=&#8221;default&#8221; global_colors_info=&#8221;{}&#8221;][et_pb_image src=&#8221;https:\/\/www.dynseo.com\/wp-content\/uploads\/2023\/11\/Programma-di-allenamento-attenzione-Roberto-Dynseo.png&#8221; alt=&#8221;<a href=\"https:\/\/www.dynseo.com\/it\/come-un-programma-personalizzato-di-riabilitazione-puo-migliorare-il-recupero-post-ictus\/\" title=\"Come un programma personalizzato di riabilitazione pu\u00f2 migliorare il recupero post-ictus\">Programma<\/a> di allenamento-attenzione Roberto Dynseo&#8221; title_text=&#8221;Programma di allenamento-attenzione Roberto Dynseo&#8221; align=&#8221;center&#8221; _builder_version=&#8221;4.23.1&#8243; _module_preset=&#8221;default&#8221; module_alignment=&#8221;center&#8221; border_radii=&#8221;on|10px|10px|10px|10px&#8221; box_shadow_style=&#8221;preset1&#8243; global_colors_info=&#8221;{}&#8221;][\/et_pb_image][et_pb_button button_url=&#8221;https:\/\/www.dynseo.com\/wp-content\/uploads\/2023\/11\/Programma-attenzione.pdf&#8221; url_new_window=&#8221;on&#8221; button_text=&#8221;Scaricare PDF&#8221; button_alignment=&#8221;center&#8221; module_class=&#8221;et_download_button&#8221; _builder_version=&#8221;4.23.1&#8243; _module_preset=&#8221;default&#8221; custom_button=&#8221;on&#8221; button_text_size=&#8221;14px&#8221; button_text_color=&#8221;#ffffff&#8221; button_bg_color=&#8221;#5e5ed7&#8243; button_border_radius=&#8221;16px&#8221; button_font=&#8221;Montserrat|700|||||||&#8221; button_icon=&#8221;&#x35;||divi||400&#8243; global_colors_info=&#8221;{}&#8221;][\/et_pb_button][et_pb_button _builder_version=&#8221;4.21.0&#8243; _module_preset=&#8221;default&#8221; global_colors_info=&#8221;{}&#8221;][\/et_pb_button][\/et_pb_column][et_pb_column type=&#8221;1_3&#8243; _builder_version=&#8221;4.21.0&#8243; _module_preset=&#8221;default&#8221; global_colors_info=&#8221;{}&#8221;][et_pb_image src=&#8221;https:\/\/www.dynseo.com\/wp-content\/uploads\/2023\/11\/Programma-di-allenamento-<a href=\"https:\/\/www.dynseo.com\/it\/come-recuperare-la-memoria-dopo-un-ictus-esercizi-e-strategie-efficaci\/\" title=\"Come recuperare la memoria dopo un ictus: esercizi e strategie efficaci\">memoria<\/a>-Roberto-Dynseo.png&#8221; alt=&#8221;Programma di allenamento-memoria Roberto Dynseo&#8221; title_text=&#8221;Programma di allenamento-memoria Roberto Dynseo&#8221; align=&#8221;center&#8221; _builder_version=&#8221;4.23.1&#8243; _module_preset=&#8221;default&#8221; module_alignment=&#8221;center&#8221; border_radii=&#8221;on|10px|10px|10px|10px&#8221; box_shadow_style=&#8221;preset1&#8243; global_colors_info=&#8221;{}&#8221;][\/et_pb_image][et_pb_button button_url=&#8221;https:\/\/www.dynseo.com\/wp-content\/uploads\/2023\/11\/Programma-memoria.pdf&#8221; url_new_window=&#8221;on&#8221; button_text=&#8221;Scaricare PDF&#8221; button_alignment=&#8221;center&#8221; module_class=&#8221;et_download_button&#8221; _builder_version=&#8221;4.23.1&#8243; _module_preset=&#8221;default&#8221; custom_button=&#8221;on&#8221; button_text_size=&#8221;14px&#8221; button_text_color=&#8221;#ffffff&#8221; button_bg_color=&#8221;#5e5ed7&#8243; button_border_radius=&#8221;16px&#8221; button_font=&#8221;Montserrat|700|||||||&#8221; button_icon=&#8221;&#x35;||divi||400&#8243; global_colors_info=&#8221;{}&#8221;][\/et_pb_button][\/et_pb_column][et_pb_column type=&#8221;1_3&#8243; _builder_version=&#8221;4.21.0&#8243; _module_preset=&#8221;default&#8221; global_colors_info=&#8221;{}&#8221;][et_pb_image src=&#8221;https:\/\/www.dynseo.com\/wp-content\/uploads\/2023\/11\/Programma-di-allenamento-<a href=\"https:\/\/www.dynseo.com\/orthophonie-et-autisme-strategies-dintervention-et-de-communication\/\" title=\"Terapia del linguaggio e autismo: strategie di intervento e comunicazione.\">linguaggio<\/a>-Roberto-Dynseo.png&#8221; alt=&#8221;Programma di allenamento-<a href=\"https:\/\/www.dynseo.com\/it\/giochi-e-attivita-per-studenti-con-disturbi-del-linguaggio\/\" title=\"Giochi e attivit\u00e0 per studenti con disturbi del linguaggio\">linguaggio<\/a> Roberto Dynseo&#8221; title_text=&#8221;Programma di allenamento-linguaggio Roberto Dynseo&#8221; align=&#8221;center&#8221; _builder_version=&#8221;4.23.1&#8243; _module_preset=&#8221;default&#8221; module_alignment=&#8221;center&#8221; border_radii=&#8221;on|10px|10px|10px|10px&#8221; box_shadow_style=&#8221;preset1&#8243; global_colors_info=&#8221;{}&#8221;][\/et_pb_image][et_pb_button button_url=&#8221;https:\/\/www.dynseo.com\/wp-content\/uploads\/2023\/11\/Programma-linguaggio.pdf&#8221; url_new_window=&#8221;on&#8221; button_text=&#8221;Scaricare PDF&#8221; button_alignment=&#8221;center&#8221; module_class=&#8221;et_download_button&#8221; _builder_version=&#8221;4.23.1&#8243; _module_preset=&#8221;default&#8221; custom_button=&#8221;on&#8221; button_text_size=&#8221;14px&#8221; button_text_color=&#8221;#ffffff&#8221; button_bg_color=&#8221;#5e5ed7&#8243; button_border_radius=&#8221;16px&#8221; button_font=&#8221;Montserrat|700|||||||&#8221; button_icon=&#8221;&#x35;||divi||400&#8243; global_colors_info=&#8221;{}&#8221;][\/et_pb_button][\/et_pb_column][\/et_pb_row][et_pb_row column_structure=&#8221;1_3,1_3,1_3&#8243; _builder_version=&#8221;4.21.0&#8243; _module_preset=&#8221;default&#8221; global_colors_info=&#8221;{}&#8221;][et_pb_column type=&#8221;1_3&#8243; _builder_version=&#8221;4.21.0&#8243; _module_preset=&#8221;default&#8221; global_colors_info=&#8221;{}&#8221;][et_pb_image src=&#8221;https:\/\/www.dynseo.com\/wp-content\/uploads\/2023\/11\/Programma-di-allenamento-pianificazione-Dynseo-Roberto.png&#8221; alt=&#8221;Programma di allenamento-pianificazione Dynseo Roberto&#8221; title_text=&#8221;Programma di allenamento-pianificazione Dynseo Roberto&#8221; align=&#8221;center&#8221; _builder_version=&#8221;4.23.1&#8243; _module_preset=&#8221;default&#8221; module_alignment=&#8221;center&#8221; border_radii=&#8221;on|10px|10px|10px|10px&#8221; box_shadow_style=&#8221;preset1&#8243; global_colors_info=&#8221;{}&#8221;][\/et_pb_image][et_pb_button button_url=&#8221;https:\/\/www.dynseo.com\/wp-content\/uploads\/2023\/11\/Programma-pianificazione.pdf&#8221; url_new_window=&#8221;on&#8221; button_text=&#8221;Scaricare PDF&#8221; button_alignment=&#8221;center&#8221; module_class=&#8221;et_download_button&#8221; _builder_version=&#8221;4.23.1&#8243; _module_preset=&#8221;default&#8221; custom_button=&#8221;on&#8221; button_text_size=&#8221;14px&#8221; button_text_color=&#8221;#ffffff&#8221; button_bg_color=&#8221;#5e5ed7&#8243; button_border_radius=&#8221;16px&#8221; button_font=&#8221;Montserrat|700|||||||&#8221; button_icon=&#8221;&#x35;||divi||400&#8243; global_colors_info=&#8221;{}&#8221;][\/et_pb_button][et_pb_button _builder_version=&#8221;4.21.0&#8243; _module_preset=&#8221;default&#8221; global_colors_info=&#8221;{}&#8221;][\/et_pb_button][\/et_pb_column][et_pb_column type=&#8221;1_3&#8243; _builder_version=&#8221;4.21.0&#8243; _module_preset=&#8221;default&#8221; global_colors_info=&#8221;{}&#8221;][et_pb_image src=&#8221;https:\/\/www.dynseo.com\/wp-content\/uploads\/2023\/11\/Programma-di-allenamento-percezione-Roberto-Dynseo.png&#8221; alt=&#8221;Programma di allenamento-percezione Roberto Dynseo&#8221; title_text=&#8221;Programma di allenamento-percezione Roberto Dynseo&#8221; align=&#8221;center&#8221; _builder_version=&#8221;4.23.1&#8243; _module_preset=&#8221;default&#8221; module_alignment=&#8221;center&#8221; border_radii=&#8221;on|10px|10px|10px|10px&#8221; box_shadow_style=&#8221;preset1&#8243; global_colors_info=&#8221;{}&#8221;][\/et_pb_image][et_pb_button button_url=&#8221;https:\/\/www.dynseo.com\/wp-content\/uploads\/2023\/11\/Programma-percezione.pdf&#8221; url_new_window=&#8221;on&#8221; button_text=&#8221;Scaricare PDF&#8221; button_alignment=&#8221;center&#8221; module_class=&#8221;et_download_button&#8221; _builder_version=&#8221;4.23.1&#8243; _module_preset=&#8221;default&#8221; custom_button=&#8221;on&#8221; button_text_size=&#8221;14px&#8221; button_text_color=&#8221;#ffffff&#8221; button_bg_color=&#8221;#5e5ed7&#8243; button_border_radius=&#8221;16px&#8221; button_font=&#8221;Montserrat|700|||||||&#8221; button_icon=&#8221;&#x35;||divi||400&#8243; global_colors_info=&#8221;{}&#8221;][\/et_pb_button][\/et_pb_column][et_pb_column type=&#8221;1_3&#8243; _builder_version=&#8221;4.21.0&#8243; _module_preset=&#8221;default&#8221; global_colors_info=&#8221;{}&#8221;][\/et_pb_column][\/et_pb_row][\/et_pb_section]<\/p>\n<p>[et_pb_code]<script type=\"application\/ld+json\">{\"@context\":\"https:\/\/schema.org\",\"@type\":\"FAQPage\",\"mainEntity\":[{\"@type\":\"Question\",\"name\":\"Che cosa sono i programmi di allenamento del cervello di Roberto?\",\"acceptedAnswer\":{\"@type\":\"Answer\",\"text\":\"I programmi di allenamento del cervello di Roberto sono programmi di formazione specificamente progettati per stimolare e migliorare le capacit\u00e0 cognitive attraverso esercizi mirati e strutturati.\"}},{\"@type\":\"Question\",\"name\":\"Come si possono ottenere questi programmi di allenamento?\",\"acceptedAnswer\":{\"@type\":\"Answer\",\"text\":\"\u00c8 possibile scaricare i programmi di allenamento facendo clic sui pulsanti disponibili nella pagina. Si pu\u00f2 scegliere l'allenamento o gli allenamenti che pi\u00f9 interessano.\"}},{\"@type\":\"Question\",\"name\":\"\u00c8 possibile utilizzare pi\u00f9 programmi di allenamento contemporaneamente?\",\"acceptedAnswer\":{\"@type\":\"Answer\",\"text\":\"S\u00ec, per un allenamento completo del cervello \u00e8 consigliabile alternare diversi programmi di allenamento per stimolare differenti aree cognitive.\"}},{\"@type\":\"Question\",\"name\":\"Quale tipo di allenamento \u00e8 disponibile nei programmi Roberto?\",\"acceptedAnswer\":{\"@type\":\"Answer\",\"text\":\"Tra i programmi disponibili c'\u00e8 il programma di allenamento dell'attenzione, specificamente progettato per migliorare le capacit\u00e0 di concentrazione e focus.\"}},{\"@type\":\"Question\",\"name\":\"Chi pu\u00f2 beneficiare di questi programmi di allenamento cerebrale?\",\"acceptedAnswer\":{\"@type\":\"Answer\",\"text\":\"I programmi di allenamento del cervello sono adatti a chiunque voglia migliorare le proprie capacit\u00e0 cognitive, mantenere la mente attiva e potenziare funzioni come l'attenzione e la concentrazione.\"}},{\"@type\":\"Question\",\"name\":\"Come funziona l'allenamento del cervello con questi programmi?\",\"acceptedAnswer\":{\"@type\":\"Answer\",\"text\":\"L'allenamento del cervello funziona attraverso esercizi strutturati che stimolano specifiche aree cognitive. L'alternanza di diversi programmi permette un allenamento pi\u00f9 completo e variegato.\"}}]}<\/script>[\/et_pb_code]<\/p>\n","protected":false},"excerpt":{"rendered":"<p>Programmi di allenamento del cervello ROBERTO &nbsp; Grazie per l&#8217;interesse dimostrato nei confronti dei nostri programmi di formazione. Fate clic sui pulsanti sottostanti per scaricare l&#8217;allenamento o gli allenamenti che vi interessano. Per un allenamento completo del cervello, si possono alternare diversi programmi di allenamento.<\/p>\n","protected":false},"author":4,"featured_media":130227,"parent":0,"menu_order":0,"comment_status":"closed","ping_status":"closed","template":"","meta":{"_et_pb_use_builder":"on","_et_pb_old_content":"","_et_gb_content_width":"","footnotes":""},"class_list":["post-114360","page","type-page","status-publish","has-post-thumbnail","hentry"],"yoast_head":"<!-- This site is optimized with the Yoast SEO plugin v27.3 - https:\/\/yoast.com\/product\/yoast-seo-wordpress\/ -->\n<title>Programmi di Allenamento Cervello per Migliorare le Abilit\u00e0<\/title>\n<meta name=\"description\" content=\"Scopri come i programmi di allenamento cerebrale possono migliorare le tue abilit\u00e0 mentali. Esercizi per una mente pi\u00f9 acuta.\" \/>\n<meta name=\"robots\" content=\"index, follow, max-snippet:-1, max-image-preview:large, max-video-preview:-1\" \/>\n<link rel=\"canonical\" href=\"https:\/\/www.dynseo.com\/it\/programmi-di-allenamento-del-cervello\/\" \/>\n<meta property=\"og:locale\" content=\"it_IT\" \/>\n<meta property=\"og:type\" content=\"article\" \/>\n<meta property=\"og:title\" content=\"Programmi di Allenamento Cervello per Migliorare le Abilit\u00e0\" \/>\n<meta property=\"og:description\" content=\"Scopri come i programmi di allenamento cerebrale possono migliorare le tue abilit\u00e0 mentali. Esercizi per una mente pi\u00f9 acuta.\" \/>\n<meta property=\"og:url\" content=\"https:\/\/www.dynseo.com\/it\/programmi-di-allenamento-del-cervello\/\" \/>\n<meta property=\"og:site_name\" content=\"DYNSEO - App educativa e giochi di memoria\" \/>\n<meta property=\"article:modified_time\" content=\"2025-12-12T21:18:44+00:00\" \/>\n<meta property=\"og:image\" content=\"https:\/\/www.dynseo.com\/wp-content\/uploads\/2024\/07\/Article-pour-jeux-de-memoire-et-services-educatifs-sur-tablette-1.png\" \/>\n\t<meta property=\"og:image:width\" content=\"2000\" \/>\n\t<meta property=\"og:image:height\" content=\"1500\" \/>\n\t<meta property=\"og:image:type\" content=\"image\/png\" \/>\n<meta name=\"twitter:label1\" content=\"Tempo di lettura stimato\" \/>\n\t<meta name=\"twitter:data1\" content=\"2 minuti\" \/>\n<script type=\"application\/ld+json\" class=\"yoast-schema-graph\">{\"@context\":\"https:\\\/\\\/schema.org\",\"@graph\":[{\"@type\":\"WebPage\",\"@id\":\"https:\\\/\\\/www.dynseo.com\\\/it\\\/programmi-di-allenamento-del-cervello\\\/\",\"url\":\"https:\\\/\\\/www.dynseo.com\\\/it\\\/programmi-di-allenamento-del-cervello\\\/\",\"name\":\"Programmi di Allenamento Cervello per Migliorare le Abilit\u00e0\",\"isPartOf\":{\"@id\":\"https:\\\/\\\/www.dynseo.com\\\/it\\\/#website\"},\"primaryImageOfPage\":{\"@id\":\"https:\\\/\\\/www.dynseo.com\\\/it\\\/programmi-di-allenamento-del-cervello\\\/#primaryimage\"},\"image\":{\"@id\":\"https:\\\/\\\/www.dynseo.com\\\/it\\\/programmi-di-allenamento-del-cervello\\\/#primaryimage\"},\"thumbnailUrl\":\"https:\\\/\\\/www.dynseo.com\\\/wp-content\\\/uploads\\\/2024\\\/07\\\/Article-pour-jeux-de-memoire-et-services-educatifs-sur-tablette-1.png\",\"datePublished\":\"2023-11-07T13:50:29+00:00\",\"dateModified\":\"2025-12-12T21:18:44+00:00\",\"description\":\"Scopri come i programmi di allenamento cerebrale possono migliorare le tue abilit\u00e0 mentali. Esercizi per una mente pi\u00f9 acuta.\",\"breadcrumb\":{\"@id\":\"https:\\\/\\\/www.dynseo.com\\\/it\\\/programmi-di-allenamento-del-cervello\\\/#breadcrumb\"},\"inLanguage\":\"it-IT\",\"potentialAction\":[{\"@type\":\"ReadAction\",\"target\":[\"https:\\\/\\\/www.dynseo.com\\\/it\\\/programmi-di-allenamento-del-cervello\\\/\"]}]},{\"@type\":\"ImageObject\",\"inLanguage\":\"it-IT\",\"@id\":\"https:\\\/\\\/www.dynseo.com\\\/it\\\/programmi-di-allenamento-del-cervello\\\/#primaryimage\",\"url\":\"https:\\\/\\\/www.dynseo.com\\\/wp-content\\\/uploads\\\/2024\\\/07\\\/Article-pour-jeux-de-memoire-et-services-educatifs-sur-tablette-1.png\",\"contentUrl\":\"https:\\\/\\\/www.dynseo.com\\\/wp-content\\\/uploads\\\/2024\\\/07\\\/Article-pour-jeux-de-memoire-et-services-educatifs-sur-tablette-1.png\",\"width\":2000,\"height\":1500,\"caption\":\"Mantieni la tua agilit\u00e0 mentale con le nostre attivit\u00e0 divertenti e gratificanti\"},{\"@type\":\"BreadcrumbList\",\"@id\":\"https:\\\/\\\/www.dynseo.com\\\/it\\\/programmi-di-allenamento-del-cervello\\\/#breadcrumb\",\"itemListElement\":[{\"@type\":\"ListItem\",\"position\":1,\"name\":\"Accueil\",\"item\":\"https:\\\/\\\/www.dynseo.com\\\/it\\\/\"},{\"@type\":\"ListItem\",\"position\":2,\"name\":\"Programmi di allenamento del cervello\"}]},{\"@type\":\"WebSite\",\"@id\":\"https:\\\/\\\/www.dynseo.com\\\/it\\\/#website\",\"url\":\"https:\\\/\\\/www.dynseo.com\\\/it\\\/\",\"name\":\"Jeux de m\u00e9moire et stimulation cognitive\",\"description\":\"Con DYNSEO, la tua memoria mette il turbo!\",\"publisher\":{\"@id\":\"https:\\\/\\\/www.dynseo.com\\\/it\\\/#organization\"},\"potentialAction\":[{\"@type\":\"SearchAction\",\"target\":{\"@type\":\"EntryPoint\",\"urlTemplate\":\"https:\\\/\\\/www.dynseo.com\\\/it\\\/?s={search_term_string}\"},\"query-input\":{\"@type\":\"PropertyValueSpecification\",\"valueRequired\":true,\"valueName\":\"search_term_string\"}}],\"inLanguage\":\"it-IT\"},{\"@type\":\"Organization\",\"@id\":\"https:\\\/\\\/www.dynseo.com\\\/it\\\/#organization\",\"name\":\"DYNSEO\",\"url\":\"https:\\\/\\\/www.dynseo.com\\\/it\\\/\",\"logo\":{\"@type\":\"ImageObject\",\"inLanguage\":\"it-IT\",\"@id\":\"https:\\\/\\\/www.dynseo.com\\\/it\\\/#\\\/schema\\\/logo\\\/image\\\/\",\"url\":\"https:\\\/\\\/www.dynseo.com\\\/wp-content\\\/uploads\\\/2022\\\/05\\\/logo-dynseo-new.png\",\"contentUrl\":\"https:\\\/\\\/www.dynseo.com\\\/wp-content\\\/uploads\\\/2022\\\/05\\\/logo-dynseo-new.png\",\"width\":5073,\"height\":1397,\"caption\":\"DYNSEO\"},\"image\":{\"@id\":\"https:\\\/\\\/www.dynseo.com\\\/it\\\/#\\\/schema\\\/logo\\\/image\\\/\"}}]}<\/script>\n<!-- \/ Yoast SEO plugin. -->","yoast_head_json":{"title":"Programmi di Allenamento Cervello per Migliorare le Abilit\u00e0","description":"Scopri come i programmi di allenamento cerebrale possono migliorare le tue abilit\u00e0 mentali. Esercizi per una mente pi\u00f9 acuta.","robots":{"index":"index","follow":"follow","max-snippet":"max-snippet:-1","max-image-preview":"max-image-preview:large","max-video-preview":"max-video-preview:-1"},"canonical":"https:\/\/www.dynseo.com\/it\/programmi-di-allenamento-del-cervello\/","og_locale":"it_IT","og_type":"article","og_title":"Programmi di Allenamento Cervello per Migliorare le Abilit\u00e0","og_description":"Scopri come i programmi di allenamento cerebrale possono migliorare le tue abilit\u00e0 mentali. Esercizi per una mente pi\u00f9 acuta.","og_url":"https:\/\/www.dynseo.com\/it\/programmi-di-allenamento-del-cervello\/","og_site_name":"DYNSEO - App educativa e giochi di memoria","article_modified_time":"2025-12-12T21:18:44+00:00","og_image":[{"width":2000,"height":1500,"url":"https:\/\/www.dynseo.com\/wp-content\/uploads\/2024\/07\/Article-pour-jeux-de-memoire-et-services-educatifs-sur-tablette-1.png","type":"image\/png"}],"twitter_misc":{"Tempo di lettura stimato":"2 minuti"},"schema":{"@context":"https:\/\/schema.org","@graph":[{"@type":"WebPage","@id":"https:\/\/www.dynseo.com\/it\/programmi-di-allenamento-del-cervello\/","url":"https:\/\/www.dynseo.com\/it\/programmi-di-allenamento-del-cervello\/","name":"Programmi di Allenamento Cervello per Migliorare le Abilit\u00e0","isPartOf":{"@id":"https:\/\/www.dynseo.com\/it\/#website"},"primaryImageOfPage":{"@id":"https:\/\/www.dynseo.com\/it\/programmi-di-allenamento-del-cervello\/#primaryimage"},"image":{"@id":"https:\/\/www.dynseo.com\/it\/programmi-di-allenamento-del-cervello\/#primaryimage"},"thumbnailUrl":"https:\/\/www.dynseo.com\/wp-content\/uploads\/2024\/07\/Article-pour-jeux-de-memoire-et-services-educatifs-sur-tablette-1.png","datePublished":"2023-11-07T13:50:29+00:00","dateModified":"2025-12-12T21:18:44+00:00","description":"Scopri come i programmi di allenamento cerebrale possono migliorare le tue abilit\u00e0 mentali. Esercizi per una mente pi\u00f9 acuta.","breadcrumb":{"@id":"https:\/\/www.dynseo.com\/it\/programmi-di-allenamento-del-cervello\/#breadcrumb"},"inLanguage":"it-IT","potentialAction":[{"@type":"ReadAction","target":["https:\/\/www.dynseo.com\/it\/programmi-di-allenamento-del-cervello\/"]}]},{"@type":"ImageObject","inLanguage":"it-IT","@id":"https:\/\/www.dynseo.com\/it\/programmi-di-allenamento-del-cervello\/#primaryimage","url":"https:\/\/www.dynseo.com\/wp-content\/uploads\/2024\/07\/Article-pour-jeux-de-memoire-et-services-educatifs-sur-tablette-1.png","contentUrl":"https:\/\/www.dynseo.com\/wp-content\/uploads\/2024\/07\/Article-pour-jeux-de-memoire-et-services-educatifs-sur-tablette-1.png","width":2000,"height":1500,"caption":"Mantieni la tua agilit\u00e0 mentale con le nostre attivit\u00e0 divertenti e gratificanti"},{"@type":"BreadcrumbList","@id":"https:\/\/www.dynseo.com\/it\/programmi-di-allenamento-del-cervello\/#breadcrumb","itemListElement":[{"@type":"ListItem","position":1,"name":"Accueil","item":"https:\/\/www.dynseo.com\/it\/"},{"@type":"ListItem","position":2,"name":"Programmi di allenamento del cervello"}]},{"@type":"WebSite","@id":"https:\/\/www.dynseo.com\/it\/#website","url":"https:\/\/www.dynseo.com\/it\/","name":"Jeux de m\u00e9moire et stimulation cognitive","description":"Con DYNSEO, la tua memoria mette il turbo!","publisher":{"@id":"https:\/\/www.dynseo.com\/it\/#organization"},"potentialAction":[{"@type":"SearchAction","target":{"@type":"EntryPoint","urlTemplate":"https:\/\/www.dynseo.com\/it\/?s={search_term_string}"},"query-input":{"@type":"PropertyValueSpecification","valueRequired":true,"valueName":"search_term_string"}}],"inLanguage":"it-IT"},{"@type":"Organization","@id":"https:\/\/www.dynseo.com\/it\/#organization","name":"DYNSEO","url":"https:\/\/www.dynseo.com\/it\/","logo":{"@type":"ImageObject","inLanguage":"it-IT","@id":"https:\/\/www.dynseo.com\/it\/#\/schema\/logo\/image\/","url":"https:\/\/www.dynseo.com\/wp-content\/uploads\/2022\/05\/logo-dynseo-new.png","contentUrl":"https:\/\/www.dynseo.com\/wp-content\/uploads\/2022\/05\/logo-dynseo-new.png","width":5073,"height":1397,"caption":"DYNSEO"},"image":{"@id":"https:\/\/www.dynseo.com\/it\/#\/schema\/logo\/image\/"}}]}},"_links":{"self":[{"href":"https:\/\/www.dynseo.com\/it\/wp-json\/wp\/v2\/pages\/114360","targetHints":{"allow":["GET"]}}],"collection":[{"href":"https:\/\/www.dynseo.com\/it\/wp-json\/wp\/v2\/pages"}],"about":[{"href":"https:\/\/www.dynseo.com\/it\/wp-json\/wp\/v2\/types\/page"}],"author":[{"embeddable":true,"href":"https:\/\/www.dynseo.com\/it\/wp-json\/wp\/v2\/users\/4"}],"replies":[{"embeddable":true,"href":"https:\/\/www.dynseo.com\/it\/wp-json\/wp\/v2\/comments?post=114360"}],"version-history":[{"count":2,"href":"https:\/\/www.dynseo.com\/it\/wp-json\/wp\/v2\/pages\/114360\/revisions"}],"predecessor-version":[{"id":440459,"href":"https:\/\/www.dynseo.com\/it\/wp-json\/wp\/v2\/pages\/114360\/revisions\/440459"}],"wp:featuredmedia":[{"embeddable":true,"href":"https:\/\/www.dynseo.com\/it\/wp-json\/wp\/v2\/media\/130227"}],"wp:attachment":[{"href":"https:\/\/www.dynseo.com\/it\/wp-json\/wp\/v2\/media?parent=114360"}],"curies":[{"name":"wp","href":"https:\/\/api.w.org\/{rel}","templated":true}]}}