{"id":42293,"date":"2021-05-26T10:13:41","date_gmt":"2021-05-26T09:13:41","guid":{"rendered":"https:\/\/www.dynseo.com\/?page_id=42293"},"modified":"2025-12-12T22:29:06","modified_gmt":"2025-12-12T21:29:06","slug":"cgu","status":"publish","type":"page","link":"https:\/\/www.dynseo.com\/it\/cgu\/","title":{"rendered":"CGU"},"content":{"rendered":"<p>[et_pb_section fb_built=&#8221;1&#8243; _builder_version=&#8221;4.18.0&#8243; _module_preset=&#8221;default&#8221; background_enable_color=&#8221;off&#8221; da_disable_devices=&#8221;off|off|off&#8221; global_colors_info=&#8221;{}&#8221; da_is_popup=&#8221;off&#8221; da_exit_intent=&#8221;off&#8221; da_has_close=&#8221;on&#8221; da_alt_close=&#8221;off&#8221; da_dark_close=&#8221;off&#8221; da_not_modal=&#8221;on&#8221; da_is_singular=&#8221;off&#8221; da_with_loader=&#8221;off&#8221; da_has_shadow=&#8221;on&#8221;][et_pb_row _builder_version=&#8221;4.16&#8243; _module_preset=&#8221;default&#8221; global_colors_info=&#8221;{}&#8221;][et_pb_column type=&#8221;4_4&#8243; _builder_version=&#8221;4.16&#8243; _module_preset=&#8221;default&#8221; global_colors_info=&#8221;{}&#8221;][et_pb_text _builder_version=&#8221;4.27.4&#8243; _module_preset=&#8221;default&#8221; header_2_font=&#8221;Montserrat|700|||||||&#8221; header_2_font_size=&#8221;39px&#8221; hover_enabled=&#8221;0&#8243; global_colors_info=&#8221;{}&#8221; sticky_enabled=&#8221;0&#8243;]<\/p>\n<h1>Termini e Condizioni del l\u2019applicazione STIM&#8217;ART e della sua piattaforma web<\/h1>\n<p>[\/et_pb_text][et_pb_text _builder_version=&#8221;4.16&#8243; _module_preset=&#8221;default&#8221; text_font=&#8221;Montserrat||||||||&#8221; global_colors_info=&#8221;{}&#8221;]<\/p>\n<p>I presenti Termini e Condizioni si applicano all\u2019applicazione Stim&#8217;Art e al suo sito web, www.stimart.com, di <a href=\"https:\/\/www.dynseo.com\/it\/i-vostri-coach\/un-seguito-a-distanza\/\" title=\"Monitoraggio\">seguito<\/a> denominato &#8220;<a href=\"https:\/\/www.dynseo.com\/it\/come-un-programma-personalizzato-di-riabilitazione-puo-migliorare-il-recupero-post-ictus\/\" title=\"Come un programma personalizzato di riabilitazione pu\u00f2 migliorare il recupero post-ictus\">Programma<\/a>&#8220;.<br \/>\nL&#8217;utente riconosce di aver letto i presenti Termini e Condizioni e si impegna a<br \/>\nrispettarli.<br \/>\nQuesti Termini e Condizioni possono essere modificati in qualsiasi momento. DYNSEO invita gli utenti a leggerli regolarmente, per tenersi informati dei loro possibili sviluppi.<\/p>\n<p>[\/et_pb_text][et_pb_text _builder_version=&#8221;4.16&#8243; _module_preset=&#8221;default&#8221; header_3_font=&#8221;Montserrat||||||||&#8221; global_colors_info=&#8221;{}&#8221;]<\/p>\n<h3>1. Informazioni generali sull&#8217;uso del programma<\/h3>\n<p>[\/et_pb_text][et_pb_text _builder_version=&#8221;4.16&#8243; _module_preset=&#8221;default&#8221; text_font=&#8221;Montserrat||||||||&#8221; global_colors_info=&#8221;{}&#8221;]<\/p>\n<p>L&#8217;utente del Programma riconosce di aver verificato che la configurazione del computer che egli utilizza non contiene virus ed \u00e8 in perfette condizioni.<br \/>\nDYNSEO, pertanto, non pu\u00f2 essere ritenuta responsabile per eventuali danni, diretti o consequenziali, derivanti dall\u2019accesso, dall&#8217;uso o dei download di contenuti attraverso il Programma, compresi eventuali danni o virus che potrebbero infettare il computer dell&#8217;utente o qualsiasi altro materiale.<br \/>\nL&#8217;utente riconosce di essere stato informato del fatto che il Programma sia accessibile 24h \/ 24h e 7 giorni \/ 7 giorni, ad eccezione di forza maggiore, difficolt\u00e0 di computer o tecniche, nonch\u00e9 difficolt\u00e0 legate alla struttura delle reti di telecomunicazioni.<br \/>\nPer motivi di manutenzione, DYNSEO pu\u00f2 anche interrompere il Programma. In questo caso, DYNSEO cercher\u00e0 di avvertire gli utenti.<br \/>\nDYNSEO non pu\u00f2 essere ritenuta responsabile per eventuali danni, in qualunque<br \/>\nmodo, derivanti dalla indisponibilit\u00e0 del Programma.<\/p>\n<p>[\/et_pb_text][et_pb_text _builder_version=&#8221;4.16&#8243; _module_preset=&#8221;default&#8221; header_3_font=&#8221;Montserrat||||||||&#8221; global_colors_info=&#8221;{}&#8221;]<\/p>\n<h3>2. Responsabilit\u00e0 in quanto al contenuto del Programma<\/h3>\n<p>[\/et_pb_text][et_pb_text _builder_version=&#8221;4.16&#8243; _module_preset=&#8221;default&#8221; text_font=&#8221;Montserrat||||||||&#8221; global_colors_info=&#8221;{}&#8221;]<\/p>\n<p>Le informazioni raccolte sulla piattaforma Web del Programma sono presentate a titolo indicativo e non soppiantano un&#8217;informazione complementare e personalizzata data da <a href=\"https:\/\/www.dynseo.com\/les-professionnels-de-sante-qui-prennent-en-charge-des-patients-alzheimer\/\" title=\"Operatori sanitari che si occupano di pazienti affetti da Alzheimer\">operatori sanitari<\/a> e personale qualificato.<br \/>\nDYNSEO si riserva il diritto di modificare il contenuto delle informazioni in qualsiasi momento.<\/p>\n<p>[\/et_pb_text][et_pb_text _builder_version=&#8221;4.16&#8243; _module_preset=&#8221;default&#8221; header_3_font=&#8221;Montserrat||||||||&#8221; global_colors_info=&#8221;{}&#8221;]<\/p>\n<h3>3. propriet\u00e0 intellettuale<\/h3>\n<p>[\/et_pb_text][et_pb_text _builder_version=&#8221;4.16&#8243; _module_preset=&#8221;default&#8221; text_font=&#8221;Montserrat||||||||&#8221; global_colors_info=&#8221;{}&#8221;]<\/p>\n<p>La struttura generale del Programma e il suo contenuto sono di propriet\u00e0 esclusiva di DYNSEO, e sono soggetti a una protezione legale al titolo di propriet\u00e0 intellettuale (Copyright, database, software, marchi, ecc.).<br \/>\nQualsiasi riproduzione o rappresentazione totale o parziale di questo Programma da una persona fisica o giuridica, con qualsiasi mezzo senza autorizzazione espressa di DYNSEO \u00e8 vietato e costituisce un atto di contraffazione sanzionato in particolare gli articoli L. 335-2 e seguenti del Codice della propriet\u00e0 intellettuale francese.<br \/>\nQualsiasi riutilizzazione o estrazione totale o parziale dei database del Programma da una persona fisica o giuridica, con qualsiasi mezzo \u00e8 vietato e costituisce un atto<br \/>\npunibile ai sensi <a href=\"https:\/\/www.dynseo.com\/comment-ameliorer-les-competences-cognitives-des-eleves\/\" title=\"Come migliorare le competenze cognitive degli studenti?\">degli<\/a> articoli L. 343-1 e seguenti del Codice della propriet\u00e0 intellettuale francese.<br \/>\nQualsiasi riproduzione totale o parziale di marchi e loghi di DYNSEO senza il suo permesso \u00e8 vietato ai sensi degli articoli L. 713-2 e seguenti del Codice della propriet\u00e0 intellettuale francese.<br \/>\nPertanto, DYNSEO si riserva il diritto di perseguire qualsiasi contraffazione dei loro diritti di propriet\u00e0 intellettuale.<\/p>\n<p>[\/et_pb_text][et_pb_text _builder_version=&#8221;4.16&#8243; _module_preset=&#8221;default&#8221; header_3_font=&#8221;Montserrat||||||||&#8221; global_colors_info=&#8221;{}&#8221;]<\/p>\n<h3>4. Protezione dei dati<br \/>\n<\/h3>\n<p>[\/et_pb_text][et_pb_text _builder_version=&#8221;4.16&#8243; _module_preset=&#8221;default&#8221; text_font=&#8221;Montserrat||||||||&#8221; global_colors_info=&#8221;{}&#8221;]<\/p>\n<p>In conformit\u00e0 con la legge Informatica e Libert\u00e0 n\u00b0 78-17 del 6 gennaio 1978 modificata, li trattamenti dei dati personali effettuati dal Programma sono stati dichiarati alla Commissione Nazionale Informatica e Libert\u00e0 (CNIL).<br \/>\nIn applicazione della legge Informatica e Libert\u00e0 n\u00b0 78-17 del 6 gennaio 1978 modificata, si dispone di un diritto di accesso, di modifica, di rettifica, d\u2019opposizione e di cancello sui propri dati raccolti su questo sito.<br \/>\n\u00c8 possibile esercitare i vostri diritti direttamente dall&#8217;indirizzo email: contact@dynseo.com o per posta al seguente indirizzo: DYNSEO, 17 rue des<br \/>\nBelles feuilles, 75116 Parigi.<\/p>\n<p>[\/et_pb_text][et_pb_text _builder_version=&#8221;4.16&#8243; _module_preset=&#8221;default&#8221; header_3_font=&#8221;Montserrat||||||||&#8221; global_colors_info=&#8221;{}&#8221;]<\/p>\n<h3>5. Protezione e confidenzialit\u00e0 dei dati personali<br \/>\n<\/h3>\n<p>[\/et_pb_text][et_pb_text _builder_version=&#8221;4.16&#8243; _module_preset=&#8221;default&#8221; text_font=&#8221;Montserrat||||||||&#8221; global_colors_info=&#8221;{}&#8221;]<\/p>\n<p>Il Programma DYNSEO rispetta la privacy e la confidenzialit\u00e0 delle statistiche dei giochi dei utenti.<br \/>\nCome tale, DYNSEO s\u2019impegna a:<br \/>\n&#8211; Proteggere i dati personali di ogni giocatore,<br \/>\n&#8211; Non fornire informazioni personali ai propri partner o terze parti non permessi.<br \/>\nIn nome <a href=\"https:\/\/www.dynseo.com\/les-innovations-numeriques-au-service-de-la-recherche-clinique-pediatrique\/\" title=\"Le innovazioni digitali al servizio della ricerca clinica pediatrica\">della ricerca<\/a>, le statistiche anonime di giocatori potrebbero essere utilizzati in una scopi di ricerca clinica.<br \/>\nIn conformit\u00e0 con la legge Informatica e Libert\u00e0 n\u00b0 78-17 del 6 gennaio 1978 modificata, il trattamento dei dati personali realizzati, direttamente o<br \/>\nindirettamente, dal sito sono stati dichiarati alla Commissione Nazionale Informatica e Libert\u00e0 (CNIL), la dichiarazione alla CNIL \u00e8 stata condotta 11 giugno 2013 con il numero 1679021.<\/p>\n<p>[\/et_pb_text][et_pb_text _builder_version=&#8221;4.16&#8243; _module_preset=&#8221;default&#8221; header_3_font=&#8221;Montserrat||||||||&#8221; global_colors_info=&#8221;{}&#8221;]<\/p>\n<h3>6. Legge applicabile e giurisdizione<br \/>\n<\/h3>\n<p>[\/et_pb_text][et_pb_text _builder_version=&#8221;4.16&#8243; _module_preset=&#8221;default&#8221; text_font=&#8221;Montserrat||||||||&#8221; global_colors_info=&#8221;{}&#8221;]<\/p>\n<p>I presenti Termini e Condizioni ed il contenuto del sito sono regolati dalla legge<br \/>\nfrancese.<br \/>\nLe parti concordano che eventuali controversie che sarebbero accadute dopo o di tanto ai presenti Termini e Condizioni, se non possono essere risolte in via amichevole, saranno presentate ai tribunali francesi competenti.<\/p>\n<p>[\/et_pb_text][\/et_pb_column][\/et_pb_row][\/et_pb_section]<\/p>\n<p>[et_pb_code]<script type=\"application\/ld+json\">{\"@context\":\"https:\/\/schema.org\",\"@type\":\"FAQPage\",\"mainEntity\":[{\"@type\":\"Question\",\"name\":\"Che cosa sono i Termini e Condizioni di STIM'ART?\",\"acceptedAnswer\":{\"@type\":\"Answer\",\"text\":\"I Termini e Condizioni si applicano all'applicazione Stim'Art e al suo sito web www.stimart.com. L'utente riconosce di aver letto questi termini e si impegna a rispettarli. Possono essere modificati in qualsiasi momento e DYNSEO invita gli utenti a leggerli regolarmente.\"}},{\"@type\":\"Question\",\"name\":\"A quali piattaforme si applicano questi termini?\",\"acceptedAnswer\":{\"@type\":\"Answer\",\"text\":\"Questi Termini e Condizioni si applicano sia all'applicazione STIM'ART che alla sua piattaforma web, accessibile all'indirizzo www.stimart.com.\"}},{\"@type\":\"Question\",\"name\":\"I Termini e Condizioni possono essere modificati?\",\"acceptedAnswer\":{\"@type\":\"Answer\",\"text\":\"S\u00ec, questi Termini e Condizioni possono essere modificati in qualsiasi momento. DYNSEO invita gli utenti a leggerli regolarmente per tenersi informati sui possibili sviluppi.\"}},{\"@type\":\"Question\",\"name\":\"Quali sono le responsabilit\u00e0 dell'utente riguardo alla configurazione del computer?\",\"acceptedAnswer\":{\"@type\":\"Answer\",\"text\":\"L'utente del Programma riconosce di aver verificato che la configurazione del computer che utilizza non contiene virus ed \u00e8 in perfette condizioni.\"}},{\"@type\":\"Question\",\"name\":\"DYNSEO \u00e8 responsabile per i danni derivanti dall'uso del programma?\",\"acceptedAnswer\":{\"@type\":\"Answer\",\"text\":\"No, DYNSEO non pu\u00f2 essere ritenuta responsabile per eventuali danni, diretti o consequenziali, derivanti dall'accesso, dall'uso o dai download di contenuti attraverso il Programma.\"}},{\"@type\":\"Question\",\"name\":\"Dove posso trovare informazioni generali sull'uso del programma?\",\"acceptedAnswer\":{\"@type\":\"Answer\",\"text\":\"Le informazioni generali sull'uso del programma sono contenute nella sezione 1 dei Termini e Condizioni, che specifica le responsabilit\u00e0 dell'utente e le limitazioni di responsabilit\u00e0 di DYNSEO.\"}}]}<\/script>[\/et_pb_code]<\/p>\n","protected":false},"excerpt":{"rendered":"<p>Termini e Condizioni del l\u2019applicazione STIM&#8217;ART e della sua piattaforma webI presenti Termini e Condizioni si applicano all\u2019applicazione Stim&#8217;Art e al suo sito web, www.stimart.com, di seguito denominato &#8220;Programma&#8221;. L&#8217;utente riconosce di aver letto i presenti Termini e Condizioni e si impegna a rispettarli. Questi Termini e Condizioni possono essere modificati in qualsiasi momento. DYNSEO [&hellip;]<\/p>\n","protected":false},"author":4,"featured_media":130227,"parent":0,"menu_order":0,"comment_status":"closed","ping_status":"closed","template":"","meta":{"_et_pb_use_builder":"on","_et_pb_old_content":"","_et_gb_content_width":"","footnotes":""},"class_list":["post-42293","page","type-page","status-publish","has-post-thumbnail","hentry"],"yoast_head":"<!-- This site is optimized with the Yoast SEO plugin v27.4 - https:\/\/yoast.com\/product\/yoast-seo-wordpress\/ -->\n<title>CGU: Condizioni Generali d&#039;Utilizzo - Societ\u00e0 DYNSEO<\/title>\n<meta name=\"description\" content=\"Assicuratevi di leggere le Condizioni Generali d&#039;Utilizzo delle applicazioni DYNSEO regolarmente per essere sicuri di rimanere aggiornati.\" \/>\n<meta name=\"robots\" content=\"index, follow, max-snippet:-1, max-image-preview:large, max-video-preview:-1\" \/>\n<link rel=\"canonical\" href=\"https:\/\/www.dynseo.com\/it\/cgu\/\" \/>\n<meta property=\"og:locale\" content=\"it_IT\" \/>\n<meta property=\"og:type\" content=\"article\" \/>\n<meta property=\"og:title\" content=\"CGU: Condizioni Generali d&#039;Utilizzo - Societ\u00e0 DYNSEO\" \/>\n<meta property=\"og:description\" content=\"Assicuratevi di leggere le Condizioni Generali d&#039;Utilizzo delle applicazioni DYNSEO regolarmente per essere sicuri di rimanere aggiornati.\" \/>\n<meta property=\"og:url\" content=\"https:\/\/www.dynseo.com\/it\/cgu\/\" \/>\n<meta property=\"og:site_name\" content=\"DYNSEO - App educativa e giochi di memoria\" \/>\n<meta property=\"article:modified_time\" content=\"2025-12-12T21:29:06+00:00\" \/>\n<meta property=\"og:image\" content=\"https:\/\/www.dynseo.com\/wp-content\/uploads\/2024\/07\/Article-pour-jeux-de-memoire-et-services-educatifs-sur-tablette-1.png\" \/>\n\t<meta property=\"og:image:width\" content=\"2000\" \/>\n\t<meta property=\"og:image:height\" content=\"1500\" \/>\n\t<meta property=\"og:image:type\" content=\"image\/png\" \/>\n<meta name=\"twitter:label1\" content=\"Tempo di lettura stimato\" \/>\n\t<meta name=\"twitter:data1\" content=\"5 minuti\" \/>\n<script type=\"application\/ld+json\" class=\"yoast-schema-graph\">{\"@context\":\"https:\\\/\\\/schema.org\",\"@graph\":[{\"@type\":\"WebPage\",\"@id\":\"https:\\\/\\\/www.dynseo.com\\\/it\\\/cgu\\\/\",\"url\":\"https:\\\/\\\/www.dynseo.com\\\/it\\\/cgu\\\/\",\"name\":\"CGU: Condizioni Generali d'Utilizzo - Societ\u00e0 DYNSEO\",\"isPartOf\":{\"@id\":\"https:\\\/\\\/www.dynseo.com\\\/it\\\/#website\"},\"primaryImageOfPage\":{\"@id\":\"https:\\\/\\\/www.dynseo.com\\\/it\\\/cgu\\\/#primaryimage\"},\"image\":{\"@id\":\"https:\\\/\\\/www.dynseo.com\\\/it\\\/cgu\\\/#primaryimage\"},\"thumbnailUrl\":\"https:\\\/\\\/www.dynseo.com\\\/wp-content\\\/uploads\\\/2024\\\/07\\\/Article-pour-jeux-de-memoire-et-services-educatifs-sur-tablette-1.png\",\"datePublished\":\"2021-05-26T09:13:41+00:00\",\"dateModified\":\"2025-12-12T21:29:06+00:00\",\"description\":\"Assicuratevi di leggere le Condizioni Generali d'Utilizzo delle applicazioni DYNSEO regolarmente per essere sicuri di rimanere aggiornati.\",\"breadcrumb\":{\"@id\":\"https:\\\/\\\/www.dynseo.com\\\/it\\\/cgu\\\/#breadcrumb\"},\"inLanguage\":\"it-IT\",\"potentialAction\":[{\"@type\":\"ReadAction\",\"target\":[\"https:\\\/\\\/www.dynseo.com\\\/it\\\/cgu\\\/\"]}]},{\"@type\":\"ImageObject\",\"inLanguage\":\"it-IT\",\"@id\":\"https:\\\/\\\/www.dynseo.com\\\/it\\\/cgu\\\/#primaryimage\",\"url\":\"https:\\\/\\\/www.dynseo.com\\\/wp-content\\\/uploads\\\/2024\\\/07\\\/Article-pour-jeux-de-memoire-et-services-educatifs-sur-tablette-1.png\",\"contentUrl\":\"https:\\\/\\\/www.dynseo.com\\\/wp-content\\\/uploads\\\/2024\\\/07\\\/Article-pour-jeux-de-memoire-et-services-educatifs-sur-tablette-1.png\",\"width\":2000,\"height\":1500,\"caption\":\"Mantieni la tua agilit\u00e0 mentale con le nostre attivit\u00e0 divertenti e gratificanti\"},{\"@type\":\"BreadcrumbList\",\"@id\":\"https:\\\/\\\/www.dynseo.com\\\/it\\\/cgu\\\/#breadcrumb\",\"itemListElement\":[{\"@type\":\"ListItem\",\"position\":1,\"name\":\"Accueil\",\"item\":\"https:\\\/\\\/www.dynseo.com\\\/it\\\/\"},{\"@type\":\"ListItem\",\"position\":2,\"name\":\"CGU\"}]},{\"@type\":\"WebSite\",\"@id\":\"https:\\\/\\\/www.dynseo.com\\\/it\\\/#website\",\"url\":\"https:\\\/\\\/www.dynseo.com\\\/it\\\/\",\"name\":\"Jeux de m\u00e9moire et stimulation cognitive\",\"description\":\"Con DYNSEO, la tua memoria mette il turbo!\",\"publisher\":{\"@id\":\"https:\\\/\\\/www.dynseo.com\\\/it\\\/#organization\"},\"potentialAction\":[{\"@type\":\"SearchAction\",\"target\":{\"@type\":\"EntryPoint\",\"urlTemplate\":\"https:\\\/\\\/www.dynseo.com\\\/it\\\/?s={search_term_string}\"},\"query-input\":{\"@type\":\"PropertyValueSpecification\",\"valueRequired\":true,\"valueName\":\"search_term_string\"}}],\"inLanguage\":\"it-IT\"},{\"@type\":\"Organization\",\"@id\":\"https:\\\/\\\/www.dynseo.com\\\/it\\\/#organization\",\"name\":\"DYNSEO\",\"url\":\"https:\\\/\\\/www.dynseo.com\\\/it\\\/\",\"logo\":{\"@type\":\"ImageObject\",\"inLanguage\":\"it-IT\",\"@id\":\"https:\\\/\\\/www.dynseo.com\\\/it\\\/#\\\/schema\\\/logo\\\/image\\\/\",\"url\":\"https:\\\/\\\/www.dynseo.com\\\/wp-content\\\/uploads\\\/2022\\\/05\\\/logo-dynseo-new.png\",\"contentUrl\":\"https:\\\/\\\/www.dynseo.com\\\/wp-content\\\/uploads\\\/2022\\\/05\\\/logo-dynseo-new.png\",\"width\":5073,\"height\":1397,\"caption\":\"DYNSEO\"},\"image\":{\"@id\":\"https:\\\/\\\/www.dynseo.com\\\/it\\\/#\\\/schema\\\/logo\\\/image\\\/\"}}]}<\/script>\n<!-- \/ Yoast SEO plugin. -->","yoast_head_json":{"title":"CGU: Condizioni Generali d'Utilizzo - Societ\u00e0 DYNSEO","description":"Assicuratevi di leggere le Condizioni Generali d'Utilizzo delle applicazioni DYNSEO regolarmente per essere sicuri di rimanere aggiornati.","robots":{"index":"index","follow":"follow","max-snippet":"max-snippet:-1","max-image-preview":"max-image-preview:large","max-video-preview":"max-video-preview:-1"},"canonical":"https:\/\/www.dynseo.com\/it\/cgu\/","og_locale":"it_IT","og_type":"article","og_title":"CGU: Condizioni Generali d'Utilizzo - Societ\u00e0 DYNSEO","og_description":"Assicuratevi di leggere le Condizioni Generali d'Utilizzo delle applicazioni DYNSEO regolarmente per essere sicuri di rimanere aggiornati.","og_url":"https:\/\/www.dynseo.com\/it\/cgu\/","og_site_name":"DYNSEO - App educativa e giochi di memoria","article_modified_time":"2025-12-12T21:29:06+00:00","og_image":[{"width":2000,"height":1500,"url":"https:\/\/www.dynseo.com\/wp-content\/uploads\/2024\/07\/Article-pour-jeux-de-memoire-et-services-educatifs-sur-tablette-1.png","type":"image\/png"}],"twitter_misc":{"Tempo di lettura stimato":"5 minuti"},"schema":{"@context":"https:\/\/schema.org","@graph":[{"@type":"WebPage","@id":"https:\/\/www.dynseo.com\/it\/cgu\/","url":"https:\/\/www.dynseo.com\/it\/cgu\/","name":"CGU: Condizioni Generali d'Utilizzo - Societ\u00e0 DYNSEO","isPartOf":{"@id":"https:\/\/www.dynseo.com\/it\/#website"},"primaryImageOfPage":{"@id":"https:\/\/www.dynseo.com\/it\/cgu\/#primaryimage"},"image":{"@id":"https:\/\/www.dynseo.com\/it\/cgu\/#primaryimage"},"thumbnailUrl":"https:\/\/www.dynseo.com\/wp-content\/uploads\/2024\/07\/Article-pour-jeux-de-memoire-et-services-educatifs-sur-tablette-1.png","datePublished":"2021-05-26T09:13:41+00:00","dateModified":"2025-12-12T21:29:06+00:00","description":"Assicuratevi di leggere le Condizioni Generali d'Utilizzo delle applicazioni DYNSEO regolarmente per essere sicuri di rimanere aggiornati.","breadcrumb":{"@id":"https:\/\/www.dynseo.com\/it\/cgu\/#breadcrumb"},"inLanguage":"it-IT","potentialAction":[{"@type":"ReadAction","target":["https:\/\/www.dynseo.com\/it\/cgu\/"]}]},{"@type":"ImageObject","inLanguage":"it-IT","@id":"https:\/\/www.dynseo.com\/it\/cgu\/#primaryimage","url":"https:\/\/www.dynseo.com\/wp-content\/uploads\/2024\/07\/Article-pour-jeux-de-memoire-et-services-educatifs-sur-tablette-1.png","contentUrl":"https:\/\/www.dynseo.com\/wp-content\/uploads\/2024\/07\/Article-pour-jeux-de-memoire-et-services-educatifs-sur-tablette-1.png","width":2000,"height":1500,"caption":"Mantieni la tua agilit\u00e0 mentale con le nostre attivit\u00e0 divertenti e gratificanti"},{"@type":"BreadcrumbList","@id":"https:\/\/www.dynseo.com\/it\/cgu\/#breadcrumb","itemListElement":[{"@type":"ListItem","position":1,"name":"Accueil","item":"https:\/\/www.dynseo.com\/it\/"},{"@type":"ListItem","position":2,"name":"CGU"}]},{"@type":"WebSite","@id":"https:\/\/www.dynseo.com\/it\/#website","url":"https:\/\/www.dynseo.com\/it\/","name":"Jeux de m\u00e9moire et stimulation cognitive","description":"Con DYNSEO, la tua memoria mette il turbo!","publisher":{"@id":"https:\/\/www.dynseo.com\/it\/#organization"},"potentialAction":[{"@type":"SearchAction","target":{"@type":"EntryPoint","urlTemplate":"https:\/\/www.dynseo.com\/it\/?s={search_term_string}"},"query-input":{"@type":"PropertyValueSpecification","valueRequired":true,"valueName":"search_term_string"}}],"inLanguage":"it-IT"},{"@type":"Organization","@id":"https:\/\/www.dynseo.com\/it\/#organization","name":"DYNSEO","url":"https:\/\/www.dynseo.com\/it\/","logo":{"@type":"ImageObject","inLanguage":"it-IT","@id":"https:\/\/www.dynseo.com\/it\/#\/schema\/logo\/image\/","url":"https:\/\/www.dynseo.com\/wp-content\/uploads\/2022\/05\/logo-dynseo-new.png","contentUrl":"https:\/\/www.dynseo.com\/wp-content\/uploads\/2022\/05\/logo-dynseo-new.png","width":5073,"height":1397,"caption":"DYNSEO"},"image":{"@id":"https:\/\/www.dynseo.com\/it\/#\/schema\/logo\/image\/"}}]}},"_links":{"self":[{"href":"https:\/\/www.dynseo.com\/it\/wp-json\/wp\/v2\/pages\/42293","targetHints":{"allow":["GET"]}}],"collection":[{"href":"https:\/\/www.dynseo.com\/it\/wp-json\/wp\/v2\/pages"}],"about":[{"href":"https:\/\/www.dynseo.com\/it\/wp-json\/wp\/v2\/types\/page"}],"author":[{"embeddable":true,"href":"https:\/\/www.dynseo.com\/it\/wp-json\/wp\/v2\/users\/4"}],"replies":[{"embeddable":true,"href":"https:\/\/www.dynseo.com\/it\/wp-json\/wp\/v2\/comments?post=42293"}],"version-history":[{"count":2,"href":"https:\/\/www.dynseo.com\/it\/wp-json\/wp\/v2\/pages\/42293\/revisions"}],"predecessor-version":[{"id":440493,"href":"https:\/\/www.dynseo.com\/it\/wp-json\/wp\/v2\/pages\/42293\/revisions\/440493"}],"wp:featuredmedia":[{"embeddable":true,"href":"https:\/\/www.dynseo.com\/it\/wp-json\/wp\/v2\/media\/130227"}],"wp:attachment":[{"href":"https:\/\/www.dynseo.com\/it\/wp-json\/wp\/v2\/media?parent=42293"}],"curies":[{"name":"wp","href":"https:\/\/api.w.org\/{rel}","templated":true}]}}