{"id":448282,"date":"2025-12-19T12:25:23","date_gmt":"2025-12-19T11:25:23","guid":{"rendered":"https:\/\/www.dynseo.com\/individui\/"},"modified":"2025-12-19T12:26:16","modified_gmt":"2025-12-19T11:26:16","slug":"individui","status":"publish","type":"page","link":"https:\/\/www.dynseo.com\/it\/individui\/","title":{"rendered":"Individui"},"content":{"rendered":"<h2 style=\"text-align: center;\"><span style=\"color: #526fa1;\"><strong>ALLENAMENTO CEREBRALE PERSONALIZZATO<\/strong><\/span><\/h2>\n<\/p>\n<p>Con Suzie, la tua brain coach, allenare il cervello \u00e8 un piacere! Suzie ti supporter\u00e0 giorno dopo giorno con esercizi personalizzati e stimolanti. C&#8217;\u00e8 un programma per tutti!  <\/p>\n<p>Ogni programma progettato \u00e8 stato sviluppato in stretta collaborazione con :<\/p>\n<p>&#8211; da un lato, l&#8217;utente finale: bambini, adulti, anziani, ecc.<\/p>\n<p>&#8211; professionisti della salute: psicologi e neuropsicologi, logopedisti, terapisti occupazionali, geriatri, medici coordinatori, medici generici, ecc.<\/p>\n<p>L&#8217;obiettivo \u00e8 quello di offrirti programmi di<span style=\"color: #526fa1;\"><strong>programmi di allenamento cerebrale personalizzati: <\/strong><\/span>i nostri giochi sono adattati alle capacit\u00e0 di ogni individuo.<\/p>\n<p>Se il tuo bambino ha bisogno di canalizzare la sua attenzione o se il tuo caro ha subito un ictus e vuoi aiutarlo nella riabilitazione, Coco, Roberto o Sofia sono i programmi di brain training che fanno per te!<\/p>\n<p><img loading=\"lazy\" decoding=\"async\" class=\"wp-image-2664 aligncenter\" src=\"https:\/\/www.dynseo.com\/wp-content\/uploads\/2015\/02\/schema-cr%C3%A9ation-de-valeur-v2.jpg\" alt=\"formazione cognitiva su misura\" width=\"787\" height=\"443\"><\/p>\n<h2> <\/h2>\n<h2> <\/h2>\n<h2 style=\"text-align: center;\"><strong><span style=\"color: #526fa1;\">UN PROGRAMMA ARTISTICO STIMOLANTE PER TUTTI<\/span><\/strong><\/h2>\n<p>Quindi ognuno avr\u00e0 il suo programma di allenamento cerebrale personalizzato.<\/p>\n<p style=\"text-align: center;\">[row]<br \/>[column lg=&#8221;4&#8243; md=&#8221;12&#8243; sm=&#8221;12&#8243; xs=&#8221;12&#8243;]<\/p>\n<p style=\"text-align: center;\"><img loading=\"lazy\" decoding=\"async\" class=\"alignnone wp-image-10076\" src=\"https:\/\/www.dynseo.com\/wp-content\/uploads\/2018\/10\/Coco.png\" alt=\"\" width=\"239\" height=\"264\" srcset=\"https:\/\/www.dynseo.com\/wp-content\/uploads\/2018\/10\/Coco.png 414w, https:\/\/www.dynseo.com\/wp-content\/uploads\/2018\/10\/Coco-272x300.png 272w\" sizes=\"(max-width: 239px) 100vw, 239px\" \/><br \/><span style=\"color: #526fa1;\"><strong>Stim&#8217;Art Coco<\/strong><\/span><\/p>\n<p style=\"text-align: center;\">Giochi educativi per i nostri supereroi dai 5 ai 10 anni<\/p>\n<\/p>\n<p style=\"text-align: center;\">[\/column]<br \/>[column lg=&#8221;4&#8243; md=&#8221;12&#8243; sm=&#8221;12&#8243; xs=&#8221;12&#8243;]<\/p>\n<p style=\"text-align: center;\"><img loading=\"lazy\" decoding=\"async\" class=\"alignnone wp-image-10078\" src=\"https:\/\/www.dynseo.com\/wp-content\/uploads\/2018\/10\/Joe.png\" alt=\"\" width=\"239\" height=\"271\" srcset=\"https:\/\/www.dynseo.com\/wp-content\/uploads\/2018\/10\/Joe.png 391w, https:\/\/www.dynseo.com\/wp-content\/uploads\/2018\/10\/Joe-265x300.png 265w\" sizes=\"(max-width: 239px) 100vw, 239px\" \/><br \/><span style=\"color: #526fa1;\"><strong>Stim&#8217;Art Roberto<\/strong><\/span><\/p>\n<p style=\"text-align: center;\">Un programma di allenamento cerebrale su tablet o smartphone per adulti come misura preventiva<\/p>\n<\/p>\n<p style=\"text-align: center;\">[\/column]<br \/>[column lg=&#8221;4&#8243; md=&#8221;12&#8243; sm=&#8221;12&#8243; xs=&#8221;12&#8243;]<\/p>\n<p style=\"text-align: center;\"><span style=\"color: #666699;\"><img loading=\"lazy\" decoding=\"async\" class=\"alignnone wp-image-10077\" src=\"https:\/\/www.dynseo.com\/wp-content\/uploads\/2018\/10\/Edith.png\" alt=\"\" width=\"277\" height=\"270\" srcset=\"https:\/\/www.dynseo.com\/wp-content\/uploads\/2018\/10\/Edith.png 458w, https:\/\/www.dynseo.com\/wp-content\/uploads\/2018\/10\/Edith-300x292.png 300w\" sizes=\"(max-width: 277px) 100vw, 277px\" \/><\/span><br \/><span style=\"color: #526fa1;\"><strong>Stim&#8217;Art Sofia<\/strong><\/span><\/p>\n<p style=\"text-align: center;\">Giochi di memoria adattati a persone con <a href=\"https:\/\/www.dynseo.com\/avancees-dans-le-traitement-des-troubles-cognitifs-post-cancer\/\" title=\"I progressi nel trattamento dei disturbi cognitivi post-cancro\">problemi cognitivi<\/a><\/p>\n<\/p>\n<p style=\"text-align: center;\">\n<p style=\"text-align: center;\">[\/column]<br \/>[\/row]<\/p>\n<h2> <\/h2>\n<h3 style=\"text-align: left;\"><strong><span style=\"color: #526fa1;\">Potresti essere interessato anche ai nostri altri programmi<\/span><\/strong><\/h3>\n<p style=\"text-align: center;\"><strong><span style=\"color: #526fa1;\">[row]<br \/>[column lg=&#8221;4&#8243; md=&#8221;12&#8243; sm=&#8221;12&#8243; xs=&#8221;12&#8243;]<br \/><img loading=\"lazy\" decoding=\"async\" class=\"wp-image-7703 aligncenter lazyloaded\" src=\"https:\/\/www.dynseo.com\/wp-content\/uploads\/2015\/02\/mail-simple-etablissement.png\" sizes=\"(max-width: 247px) 100vw, 247px\" srcset=\"https:\/\/www.dynseo.com\/wp-content\/uploads\/2015\/02\/mail-simple-etablissement.png 1000w, https:\/\/www.dynseo.com\/wp-content\/uploads\/2015\/02\/mail-simple-etablissement-300x266.png 300w, https:\/\/www.dynseo.com\/wp-content\/uploads\/2015\/02\/mail-simple-etablissement-768x681.png 768w\" alt=\"\" width=\"237\" height=\"210\" data-lazy-src=\"https:\/\/www.dynseo.com\/wp-content\/uploads\/2015\/02\/mail-simple-etablissement.png\" data-lazy-srcset=\"https:\/\/www.dynseo.com\/wp-content\/uploads\/2015\/02\/mail-simple-etablissement.png 1000w, https:\/\/www.dynseo.com\/wp-content\/uploads\/2015\/02\/mail-simple-etablissement-300x266.png 300w, https:\/\/www.dynseo.com\/wp-content\/uploads\/2015\/02\/mail-simple-etablissement-768x681.png 768w\" data-was-processed=\"true\"><span style=\"color: #526fa1;\"><a style=\"color: #526fa1;\" href=\"https:\/\/www.dynseo.com\/nos-produits\/dynseo-family\/\">Dynseo Family, il sistema di messaggistica semplificato per lo scambio di messaggi e foto con amici e familiari.<\/a><\/span><\/p>\n<p style=\"text-align: center;\"><span style=\"text-align: center;\">[\/column]<\/span><\/p>\n<p style=\"text-align: center;\">[column lg=&#8221;4&#8243; md=&#8221;12&#8243; sm=&#8221;12&#8243; xs=&#8221;12&#8243;]<br \/><img loading=\"lazy\" decoding=\"async\" class=\"wp-image-9604 aligncenter\" src=\"https:\/\/www.dynseo.com\/wp-content\/uploads\/2018\/07\/souvenirs.png\" alt=\"ricordi_di_vita\" width=\"263\" height=\"175\"><\/p>\n<p style=\"text-align: center;\"><span style=\"color: #526fa1;\"><a style=\"color: #526fa1;\" href=\"https:\/\/www.dynseo.com\/nos-produits\/evocation-souvenirs\/\">E-memories per incoraggiare l&#8217;emergere e l&#8217;evocazione dei ricordi.<\/a><\/span><br \/>[\/column]<br \/>[column lg=&#8221;4&#8243; md=&#8221;12&#8243; sm=&#8221;12&#8243; xs=&#8221;12&#8243;]<br \/><img loading=\"lazy\" decoding=\"async\" class=\"wp-image-9953 aligncenter\" src=\"https:\/\/www.dynseo.com\/wp-content\/uploads\/2018\/09\/BilleQuiRoule.png\" alt=\"\" width=\"263\" height=\"175\" srcset=\"https:\/\/www.dynseo.com\/wp-content\/uploads\/2018\/09\/BilleQuiRoule.png 625w, https:\/\/www.dynseo.com\/wp-content\/uploads\/2018\/09\/BilleQuiRoule-600x399.png 600w, https:\/\/www.dynseo.com\/wp-content\/uploads\/2018\/09\/BilleQuiRoule-300x200.png 300w\" sizes=\"(max-width: 263px) 100vw, 263px\" \/><\/p>\n<p style=\"text-align: center;\"><span style=\"color: #526fa1;\"><a style=\"color: #526fa1;\" href=\"https:\/\/www.dynseo.com\/motricite-fine-la-bille-qui-roule\/\">La biglia rotolante, un&#8217;applicazione per tablet che incoraggia l&#8217;attenzione e la motricit\u00e0 fine.<\/a><\/span><br \/>[\/column]<br \/>[\/row]<\/p>\n<h2> <\/h2>\n<h2> <\/h2>\n<h3 style=\"text-align: justify;\"><span style=\"color: #526fa1;\">Scarica e prova gratuitamente tutte le nostre applicazioni<\/span><\/h3>\n<p>[row]<br \/>[column lg=&#8221;6&#8243; md=&#8221;12&#8243; sm=&#8221;12&#8243; xs=&#8221;12&#8243;]<br \/><a href=\"https:\/\/play.google.com\/store\/search?q=dynseo\"><img loading=\"lazy\" decoding=\"async\" class=\"aligncenter wp-image-17721 size-medium\" src=\"https:\/\/www.dynseo.com\/wp-content\/uploads\/\" alt=\"\" width=\"300\" height=\"110\"><\/a><br \/>[\/column]<br \/>[column lg=&#8221;6&#8243; md=&#8221;12&#8243; sm=&#8221;12&#8243; xs=&#8221;12&#8243;]<br \/><a href=\"https:\/\/apps.apple.com\/fr\/developer\/dynseo\/id1000639418\"><img loading=\"lazy\" decoding=\"async\" class=\"aligncenter wp-image-18329 size-medium\" style=\"color: #0000ee;\" src=\"https:\/\/www.dynseo.com\/wp-content\/uploads\/2019\/01\/AppStore-1-300x104.png\" alt=\"\" width=\"300\" height=\"104\"><\/a><\/p>\n<p><span style=\"color: #0000ee;\"><br \/><\/span>[\/column]<br \/>[\/row]<\/p>\n<p>[et_pb_code]<script type=\"application\/ld+json\">{\"@context\":\"https:\/\/schema.org\",\"@type\":\"FAQPage\",\"mainEntity\":[{\"@type\":\"Question\",\"name\":\"Qu'est-ce que Suzie et quel est son r\u00f4le ?\",\"acceptedAnswer\":{\"@type\":\"Answer\",\"text\":\"Suzie est votre coach c\u00e9r\u00e9bral personnel qui vous accompagne jour apr\u00e8s jour gr\u00e2ce \u00e0 des exercices adapt\u00e9s et stimulants. Elle rend l'entra\u00eenement c\u00e9r\u00e9bral agr\u00e9able et propose des programmes personnalis\u00e9s selon vos besoins sp\u00e9cifiques.\"}},{\"@type\":\"Question\",\"name\":\"Avec quels professionnels les programmes d'entra\u00eenement c\u00e9r\u00e9bral ont-ils \u00e9t\u00e9 d\u00e9velopp\u00e9s ?\",\"acceptedAnswer\":{\"@type\":\"Answer\",\"text\":\"Les programmes ont \u00e9t\u00e9 con\u00e7us en collaboration avec des professionnels de sant\u00e9 sp\u00e9cialis\u00e9s : psychologues et neuropsychologues, orthophonistes, ergoth\u00e9rapeutes, g\u00e9riatres, m\u00e9decins coordinateurs et m\u00e9decins g\u00e9n\u00e9ralistes.\"}},{\"@type\":\"Question\",\"name\":\"\u00c0 qui s'adresse le programme Stim'Art Coco ?\",\"acceptedAnswer\":{\"@type\":\"Answer\",\"text\":\"Stim'Art Coco propose des jeux \u00e9ducatifs sp\u00e9cialement con\u00e7us pour les enfants de 5 \u00e0 10 ans, nos \"super h\u00e9ros\" en d\u00e9veloppement, avec des exercices adapt\u00e9s \u00e0 leur \u00e2ge.\"}},{\"@type\":\"Question\",\"name\":\"Quel est l'objectif du programme Stim'Art Joe ?\",\"acceptedAnswer\":{\"@type\":\"Answer\",\"text\":\"Stim'Art Joe est un programme d'entra\u00eenement c\u00e9r\u00e9bral sur tablette ou smartphone destin\u00e9 aux adultes dans un objectif de pr\u00e9vention des <a href=\"https:\/\/www.dynseo.com\/it\/i-segni-precoci-dei-disturbi-cognitivi-nella-sclerosi-multipla\/\" title=\"Les signes pr\u00e9coces de troubles cognitifs dans la scl\u00e9rose en plaques\">troubles cognitifs<\/a>.\"}},{\"@type\":\"Question\",\"name\":\"Pour qui le programme Stim'Art Edith a-t-il \u00e9t\u00e9 con\u00e7u ?\",\"acceptedAnswer\":{\"@type\":\"Answer\",\"text\":\"Stim'Art Edith propose des jeux de m\u00e9moire sp\u00e9cialement adapt\u00e9s pour les personnes souffrant de <a href=\"https:\/\/www.dynseo.com\/gestion-des-troubles-cognitifs-chez-les-survivants-du-cancer-de-lestomac-2\/\" title=\"Gestion des troubles cognitifs chez les survivants du cancer de l&#039;estomac\">troubles cognitifs<\/a>, notamment pour accompagner la r\u00e9\u00e9ducation apr\u00e8s un AVC.\"}},{\"@type\":\"Question\",\"name\":\"Comment les programmes d'entra\u00eenement c\u00e9r\u00e9bral s'adaptent-ils aux utilisateurs ?\",\"acceptedAnswer\":{\"@type\":\"Answer\",\"text\":\"Chaque programme est personnalis\u00e9 et adapt\u00e9 aux capacit\u00e9s individuelles de l'utilisateur. Les jeux s'ajustent selon les besoins sp\u00e9cifiques, que ce soit pour canaliser l'attention d'un enfant ou accompagner la r\u00e9\u00e9ducation d'une personne apr\u00e8s un AVC.\"}}]}<\/script>[\/et_pb_code]<\/p>\n","protected":false},"excerpt":{"rendered":"<p>ALLENAMENTO CEREBRALE PERSONALIZZATO Con Suzie, la tua brain coach, allenare il cervello \u00e8 un piacere! Suzie ti supporter\u00e0 giorno dopo giorno con esercizi personalizzati e stimolanti. C&#8217;\u00e8 un programma per tutti! Ogni programma progettato \u00e8 stato sviluppato in stretta collaborazione con :- da un lato, l&#8217;utente finale: bambini, adulti, anziani, ecc.- professionisti della salute: psicologi [&hellip;]<\/p>\n","protected":false},"author":4,"featured_media":130227,"parent":0,"menu_order":0,"comment_status":"closed","ping_status":"closed","template":"","meta":{"_et_pb_use_builder":"on","_et_pb_old_content":"","_et_gb_content_width":"","footnotes":""},"class_list":["post-448282","page","type-page","status-publish","has-post-thumbnail","hentry"],"yoast_head":"<!-- This site is optimized with the Yoast SEO plugin v27.4 - https:\/\/yoast.com\/product\/yoast-seo-wordpress\/ -->\n<title>Stim&#039;Art, allenamento cerebrale personalizzato<\/title>\n<meta name=\"description\" content=\"Con l&#039;aiuto di Suzie, la tua brain coach, approfitta di un programma di allenamento cerebrale personalizzato per te, sul tuo tablet e smartphone. Suzie seguir\u00e0 i tuoi progressi!\" \/>\n<meta name=\"robots\" content=\"index, follow, max-snippet:-1, max-image-preview:large, max-video-preview:-1\" \/>\n<link rel=\"canonical\" href=\"https:\/\/www.dynseo.com\/it\/individui\/\" \/>\n<meta property=\"og:locale\" content=\"it_IT\" \/>\n<meta property=\"og:type\" content=\"article\" \/>\n<meta property=\"og:title\" content=\"Stim&#039;Art, allenamento cerebrale personalizzato\" \/>\n<meta property=\"og:description\" content=\"Con l&#039;aiuto di Suzie, la tua brain coach, approfitta di un programma di allenamento cerebrale personalizzato per te, sul tuo tablet e smartphone. Suzie seguir\u00e0 i tuoi progressi!\" \/>\n<meta property=\"og:url\" content=\"https:\/\/www.dynseo.com\/it\/individui\/\" \/>\n<meta property=\"og:site_name\" content=\"DYNSEO - App educativa e giochi di memoria\" \/>\n<meta property=\"article:modified_time\" content=\"2025-12-19T11:26:16+00:00\" \/>\n<meta property=\"og:image\" content=\"https:\/\/www.dynseo.com\/wp-content\/uploads\/2024\/07\/Article-pour-jeux-de-memoire-et-services-educatifs-sur-tablette-1.png\" \/>\n\t<meta property=\"og:image:width\" content=\"2000\" \/>\n\t<meta property=\"og:image:height\" content=\"1500\" \/>\n\t<meta property=\"og:image:type\" content=\"image\/png\" \/>\n<meta name=\"twitter:label1\" content=\"Tempo di lettura stimato\" \/>\n\t<meta name=\"twitter:data1\" content=\"1 minuto\" \/>\n<script type=\"application\/ld+json\" class=\"yoast-schema-graph\">{\"@context\":\"https:\\\/\\\/schema.org\",\"@graph\":[{\"@type\":\"WebPage\",\"@id\":\"https:\\\/\\\/www.dynseo.com\\\/it\\\/individui\\\/\",\"url\":\"https:\\\/\\\/www.dynseo.com\\\/it\\\/individui\\\/\",\"name\":\"Stim'Art, allenamento cerebrale personalizzato\",\"isPartOf\":{\"@id\":\"https:\\\/\\\/www.dynseo.com\\\/it\\\/#website\"},\"primaryImageOfPage\":{\"@id\":\"https:\\\/\\\/www.dynseo.com\\\/it\\\/individui\\\/#primaryimage\"},\"image\":{\"@id\":\"https:\\\/\\\/www.dynseo.com\\\/it\\\/individui\\\/#primaryimage\"},\"thumbnailUrl\":\"https:\\\/\\\/www.dynseo.com\\\/wp-content\\\/uploads\\\/2024\\\/07\\\/Article-pour-jeux-de-memoire-et-services-educatifs-sur-tablette-1.png\",\"datePublished\":\"2025-12-19T11:25:23+00:00\",\"dateModified\":\"2025-12-19T11:26:16+00:00\",\"description\":\"Con l'aiuto di Suzie, la tua brain coach, approfitta di un programma di allenamento cerebrale personalizzato per te, sul tuo tablet e smartphone. Suzie seguir\u00e0 i tuoi progressi!\",\"breadcrumb\":{\"@id\":\"https:\\\/\\\/www.dynseo.com\\\/it\\\/individui\\\/#breadcrumb\"},\"inLanguage\":\"it-IT\",\"potentialAction\":[{\"@type\":\"ReadAction\",\"target\":[\"https:\\\/\\\/www.dynseo.com\\\/it\\\/individui\\\/\"]}]},{\"@type\":\"ImageObject\",\"inLanguage\":\"it-IT\",\"@id\":\"https:\\\/\\\/www.dynseo.com\\\/it\\\/individui\\\/#primaryimage\",\"url\":\"https:\\\/\\\/www.dynseo.com\\\/wp-content\\\/uploads\\\/2024\\\/07\\\/Article-pour-jeux-de-memoire-et-services-educatifs-sur-tablette-1.png\",\"contentUrl\":\"https:\\\/\\\/www.dynseo.com\\\/wp-content\\\/uploads\\\/2024\\\/07\\\/Article-pour-jeux-de-memoire-et-services-educatifs-sur-tablette-1.png\",\"width\":2000,\"height\":1500,\"caption\":\"Mantieni la tua agilit\u00e0 mentale con le nostre attivit\u00e0 divertenti e gratificanti\"},{\"@type\":\"BreadcrumbList\",\"@id\":\"https:\\\/\\\/www.dynseo.com\\\/it\\\/individui\\\/#breadcrumb\",\"itemListElement\":[{\"@type\":\"ListItem\",\"position\":1,\"name\":\"Accueil\",\"item\":\"https:\\\/\\\/www.dynseo.com\\\/it\\\/\"},{\"@type\":\"ListItem\",\"position\":2,\"name\":\"Individui\"}]},{\"@type\":\"WebSite\",\"@id\":\"https:\\\/\\\/www.dynseo.com\\\/it\\\/#website\",\"url\":\"https:\\\/\\\/www.dynseo.com\\\/it\\\/\",\"name\":\"Jeux de m\u00e9moire et stimulation cognitive\",\"description\":\"Con DYNSEO, la tua memoria mette il turbo!\",\"publisher\":{\"@id\":\"https:\\\/\\\/www.dynseo.com\\\/it\\\/#organization\"},\"potentialAction\":[{\"@type\":\"SearchAction\",\"target\":{\"@type\":\"EntryPoint\",\"urlTemplate\":\"https:\\\/\\\/www.dynseo.com\\\/it\\\/?s={search_term_string}\"},\"query-input\":{\"@type\":\"PropertyValueSpecification\",\"valueRequired\":true,\"valueName\":\"search_term_string\"}}],\"inLanguage\":\"it-IT\"},{\"@type\":\"Organization\",\"@id\":\"https:\\\/\\\/www.dynseo.com\\\/it\\\/#organization\",\"name\":\"DYNSEO\",\"url\":\"https:\\\/\\\/www.dynseo.com\\\/it\\\/\",\"logo\":{\"@type\":\"ImageObject\",\"inLanguage\":\"it-IT\",\"@id\":\"https:\\\/\\\/www.dynseo.com\\\/it\\\/#\\\/schema\\\/logo\\\/image\\\/\",\"url\":\"https:\\\/\\\/www.dynseo.com\\\/wp-content\\\/uploads\\\/2022\\\/05\\\/logo-dynseo-new.png\",\"contentUrl\":\"https:\\\/\\\/www.dynseo.com\\\/wp-content\\\/uploads\\\/2022\\\/05\\\/logo-dynseo-new.png\",\"width\":5073,\"height\":1397,\"caption\":\"DYNSEO\"},\"image\":{\"@id\":\"https:\\\/\\\/www.dynseo.com\\\/it\\\/#\\\/schema\\\/logo\\\/image\\\/\"}}]}<\/script>\n<!-- \/ Yoast SEO plugin. -->","yoast_head_json":{"title":"Stim'Art, allenamento cerebrale personalizzato","description":"Con l'aiuto di Suzie, la tua brain coach, approfitta di un programma di allenamento cerebrale personalizzato per te, sul tuo tablet e smartphone. Suzie seguir\u00e0 i tuoi progressi!","robots":{"index":"index","follow":"follow","max-snippet":"max-snippet:-1","max-image-preview":"max-image-preview:large","max-video-preview":"max-video-preview:-1"},"canonical":"https:\/\/www.dynseo.com\/it\/individui\/","og_locale":"it_IT","og_type":"article","og_title":"Stim'Art, allenamento cerebrale personalizzato","og_description":"Con l'aiuto di Suzie, la tua brain coach, approfitta di un programma di allenamento cerebrale personalizzato per te, sul tuo tablet e smartphone. Suzie seguir\u00e0 i tuoi progressi!","og_url":"https:\/\/www.dynseo.com\/it\/individui\/","og_site_name":"DYNSEO - App educativa e giochi di memoria","article_modified_time":"2025-12-19T11:26:16+00:00","og_image":[{"width":2000,"height":1500,"url":"https:\/\/www.dynseo.com\/wp-content\/uploads\/2024\/07\/Article-pour-jeux-de-memoire-et-services-educatifs-sur-tablette-1.png","type":"image\/png"}],"twitter_misc":{"Tempo di lettura stimato":"1 minuto"},"schema":{"@context":"https:\/\/schema.org","@graph":[{"@type":"WebPage","@id":"https:\/\/www.dynseo.com\/it\/individui\/","url":"https:\/\/www.dynseo.com\/it\/individui\/","name":"Stim'Art, allenamento cerebrale personalizzato","isPartOf":{"@id":"https:\/\/www.dynseo.com\/it\/#website"},"primaryImageOfPage":{"@id":"https:\/\/www.dynseo.com\/it\/individui\/#primaryimage"},"image":{"@id":"https:\/\/www.dynseo.com\/it\/individui\/#primaryimage"},"thumbnailUrl":"https:\/\/www.dynseo.com\/wp-content\/uploads\/2024\/07\/Article-pour-jeux-de-memoire-et-services-educatifs-sur-tablette-1.png","datePublished":"2025-12-19T11:25:23+00:00","dateModified":"2025-12-19T11:26:16+00:00","description":"Con l'aiuto di Suzie, la tua brain coach, approfitta di un programma di allenamento cerebrale personalizzato per te, sul tuo tablet e smartphone. Suzie seguir\u00e0 i tuoi progressi!","breadcrumb":{"@id":"https:\/\/www.dynseo.com\/it\/individui\/#breadcrumb"},"inLanguage":"it-IT","potentialAction":[{"@type":"ReadAction","target":["https:\/\/www.dynseo.com\/it\/individui\/"]}]},{"@type":"ImageObject","inLanguage":"it-IT","@id":"https:\/\/www.dynseo.com\/it\/individui\/#primaryimage","url":"https:\/\/www.dynseo.com\/wp-content\/uploads\/2024\/07\/Article-pour-jeux-de-memoire-et-services-educatifs-sur-tablette-1.png","contentUrl":"https:\/\/www.dynseo.com\/wp-content\/uploads\/2024\/07\/Article-pour-jeux-de-memoire-et-services-educatifs-sur-tablette-1.png","width":2000,"height":1500,"caption":"Mantieni la tua agilit\u00e0 mentale con le nostre attivit\u00e0 divertenti e gratificanti"},{"@type":"BreadcrumbList","@id":"https:\/\/www.dynseo.com\/it\/individui\/#breadcrumb","itemListElement":[{"@type":"ListItem","position":1,"name":"Accueil","item":"https:\/\/www.dynseo.com\/it\/"},{"@type":"ListItem","position":2,"name":"Individui"}]},{"@type":"WebSite","@id":"https:\/\/www.dynseo.com\/it\/#website","url":"https:\/\/www.dynseo.com\/it\/","name":"Jeux de m\u00e9moire et stimulation cognitive","description":"Con DYNSEO, la tua memoria mette il turbo!","publisher":{"@id":"https:\/\/www.dynseo.com\/it\/#organization"},"potentialAction":[{"@type":"SearchAction","target":{"@type":"EntryPoint","urlTemplate":"https:\/\/www.dynseo.com\/it\/?s={search_term_string}"},"query-input":{"@type":"PropertyValueSpecification","valueRequired":true,"valueName":"search_term_string"}}],"inLanguage":"it-IT"},{"@type":"Organization","@id":"https:\/\/www.dynseo.com\/it\/#organization","name":"DYNSEO","url":"https:\/\/www.dynseo.com\/it\/","logo":{"@type":"ImageObject","inLanguage":"it-IT","@id":"https:\/\/www.dynseo.com\/it\/#\/schema\/logo\/image\/","url":"https:\/\/www.dynseo.com\/wp-content\/uploads\/2022\/05\/logo-dynseo-new.png","contentUrl":"https:\/\/www.dynseo.com\/wp-content\/uploads\/2022\/05\/logo-dynseo-new.png","width":5073,"height":1397,"caption":"DYNSEO"},"image":{"@id":"https:\/\/www.dynseo.com\/it\/#\/schema\/logo\/image\/"}}]}},"_links":{"self":[{"href":"https:\/\/www.dynseo.com\/it\/wp-json\/wp\/v2\/pages\/448282","targetHints":{"allow":["GET"]}}],"collection":[{"href":"https:\/\/www.dynseo.com\/it\/wp-json\/wp\/v2\/pages"}],"about":[{"href":"https:\/\/www.dynseo.com\/it\/wp-json\/wp\/v2\/types\/page"}],"author":[{"embeddable":true,"href":"https:\/\/www.dynseo.com\/it\/wp-json\/wp\/v2\/users\/4"}],"replies":[{"embeddable":true,"href":"https:\/\/www.dynseo.com\/it\/wp-json\/wp\/v2\/comments?post=448282"}],"version-history":[{"count":6,"href":"https:\/\/www.dynseo.com\/it\/wp-json\/wp\/v2\/pages\/448282\/revisions"}],"predecessor-version":[{"id":448297,"href":"https:\/\/www.dynseo.com\/it\/wp-json\/wp\/v2\/pages\/448282\/revisions\/448297"}],"wp:featuredmedia":[{"embeddable":true,"href":"https:\/\/www.dynseo.com\/it\/wp-json\/wp\/v2\/media\/130227"}],"wp:attachment":[{"href":"https:\/\/www.dynseo.com\/it\/wp-json\/wp\/v2\/media?parent=448282"}],"curies":[{"name":"wp","href":"https:\/\/api.w.org\/{rel}","templated":true}]}}