{"id":486434,"date":"2026-01-16T22:07:07","date_gmt":"2026-01-16T21:07:07","guid":{"rendered":"https:\/\/www.dynseo.com\/legame-sociale\/"},"modified":"2026-01-16T22:07:07","modified_gmt":"2026-01-16T21:07:07","slug":"legame-sociale","status":"publish","type":"page","link":"https:\/\/www.dynseo.com\/it\/legame-sociale\/","title":{"rendered":"Legame sociale"},"content":{"rendered":"<h2 style=\"text-align: left;\"><span style=\"color: #008080;\">Qui trovate tutti i nostri prodotti e servizi che promuovono il mantenimento del legame sociale e il benessere.<\/span><\/h2>\n<p>&nbsp;<\/p>\n<h3><\/h3>\n<h3 style=\"text-align: center;\"><span style=\"color: #008080;\"><a href=\"https:\/\/www.dynseo.com\/it\/famiglia-dynseo\/\" title=\"DYNSEO Family\">DYNSEO FAMILY<\/a>, la messaggistica semplificata<\/span><\/h3>\n<p>&nbsp;<\/p>\n<p><a href=\"https:\/\/www.<a href=\"https:\/\/www.dynseo.com\/occupez-vos-residents-en-partenariat-avec-dynseo-covid-19\/\" title=\"Occupez vos r\u00e9sidents en partenariat avec Dynseo | COVID-19\">dynseo<\/a>.com\/nos-produits\/dynseo-family\/&#8221;><img loading=\"lazy\" decoding=\"async\" class=\"wp-image-6085 aligncenter\" src=\"https:\/\/www.dynseo.com\/wp-content\/uploads\/2017\/04\/app-messagerie-simple-1.png\" alt=\"\" width=\"555\" height=\"194\" srcset=\"https:\/\/www.dynseo.com\/wp-content\/uploads\/2017\/04\/app-messagerie-simple-1.png 555w, https:\/\/www.dynseo.com\/wp-content\/uploads\/2017\/04\/app-messagerie-simple-1-480x168.png 480w\" sizes=\"(min-width: 0px) and (max-width: 480px) 480px, (min-width: 481px) 555px, 100vw\" \/><\/a><\/p>\n<p>&nbsp;<\/p>\n<p>&nbsp;<\/p>\n<p>&nbsp;<\/p>\n<p>&nbsp;<\/p>\n<p>&nbsp;<\/p>\n<p>&nbsp;<\/p>\n<p>&nbsp;<\/p>\n<h3 style=\"text-align: center;\"><span style=\"color: #008080;\">ALLO C&#8217;EST QUI, il promemoria portatile sui tuoi contatti!<\/span><\/h3>\n<p>&nbsp;<\/p>\n<p style=\"text-align: center;\">\n<p>&nbsp;<\/p>\n<p>&nbsp;<\/p>\n<p>&nbsp;<\/p>\n<p>&nbsp;<\/p>\n<p>&nbsp;<\/p>\n<p>&nbsp;<\/p>\n<h3 style=\"text-align: center;\"><span style=\"color: #008080;\">MOODME, segui l&#8217;umore dei tuoi cari a distanza!<\/span><\/h3>\n<p>&nbsp;<\/p>\n<h3 style=\"text-align: left;\"><img loading=\"lazy\" decoding=\"async\" class=\"wp-image-6091 aligncenter\" src=\"https:\/\/www.dynseo.com\/wp-content\/uploads\/2017\/04\/app-bien-etre-moodme-3.png\" alt=\"\" width=\"554\" height=\"194\" srcset=\"https:\/\/www.dynseo.com\/wp-content\/uploads\/2017\/04\/app-bien-etre-moodme-3.png 554w, https:\/\/www.dynseo.com\/wp-content\/uploads\/2017\/04\/app-bien-etre-moodme-3-480x168.png 480w\" sizes=\"(min-width: 0px) and (max-width: 480px) 480px, (min-width: 481px) 554px, 100vw\" \/><\/h3>\n<p>&nbsp;<\/p>\n<h3><\/h3>\n<h3><\/h3>\n<h3><\/h3>\n<h3><\/h3>\n<p>&nbsp;<\/p>\n<p>&nbsp;<\/p>\n<p>&nbsp;<\/p>\n<h3 style=\"text-align: center;\"><span style=\"color: #008080;\">E-AIDANTS, il social network geolocalizzato per i caregiver<\/span><\/h3>\n<p>&nbsp;<\/p>\n<p>[et_pb_code]<script type=\"application\/ld+json\">{\"@context\":\"https:\/\/schema.org\",\"@type\":\"FAQPage\",\"mainEntity\":[{\"@type\":\"Question\",\"name\":\"<a href=\"https:\/\/www.dynseo.com\/it\/quali-strumenti-educativi-per-accompagnare-i-bambini-con-sindrome-di-down-nei-loro-apprendimenti\/\" title=\"Quels outils \u00e9ducatifs pour accompagner les enfants trisomiques dans leurs apprentissages\">Quali<\/a> sono i prodotti e servizi proposti per mantenere il legame sociale?\",\"acceptedAnswer\":{\"@type\":\"Answer\",\"text\":\"Proponiamo diverse soluzioni per favorire il mantenimento del legame sociale e il benessere: DYNSEO FAMILY (messaggistica semplificata), ALLO C'EST QUI (promemoria portatile sui tuoi contatti), MOODME (monitoraggio dell'umore dei tuoi cari a distanza) ed E-AIDANTS (social network geolocalizzato per i caregiver).\"}},{\"@type\":\"Question\",\"name\":\"Che cos'\u00e8 DYNSEO FAMILY?\",\"acceptedAnswer\":{\"@type\":\"Answer\",\"text\":\"DYNSEO FAMILY \u00e8 una messaggistica semplificata progettata per facilitare la comunicazione e mantenere il legame sociale, particolarmente adatta a chi desidera un'interfaccia di messaggistica pi\u00f9 accessibile.\"}},{\"@type\":\"Question\",\"name\":\"A cosa serve l'applicazione ALLO C'EST QUI?\",\"acceptedAnswer\":{\"@type\":\"Answer\",\"text\":\"ALLO C'EST QUI \u00e8 un promemoria portatile sui tuoi contatti che ti aiuta a identificare e gestire i tuoi contatti telefonici in modo semplice ed efficace.\"}},{\"@type\":\"Question\",\"name\":\"Come funziona MOODME?\",\"acceptedAnswer\":{\"@type\":\"Answer\",\"text\":\"MOODME \u00e8 una soluzione che permette di monitorare l'umore dei tuoi cari a distanza, offrendo un modo per connetterti con il benessere emotivo del tuo entourage anche quando non sei fisicamente presente.\"}},{\"@type\":\"Question\",\"name\":\"Che cos'\u00e8 E-AIDANTS?\",\"acceptedAnswer\":{\"@type\":\"Answer\",\"text\":\"E-AIDANTS \u00e8 un social network geolocalizzato specialmente progettato per i caregiver, permettendo loro di connettersi con altri caregiver nella loro regione e di condividere risorse e supporto.\"}},{\"@type\":\"Question\",\"name\":\"Queste soluzioni sono indirizzate a un pubblico specifico?\",\"acceptedAnswer\":{\"@type\":\"Answer\",\"text\":\"Questi prodotti e servizi sono particolarmente adatti agli anziani, ai <a href=\"https:\/\/www.dynseo.com\/it\/accompagnare-i-caregiver-familiari-prevenire-lesaurimento-attraverso-lallenamento-cognitivo\/\" title=\"Accompagner les aidants familiaux : pr\u00e9venir l&#039;\u00e9puisement par l&#039;entrainement cognitif\">caregiver familiari<\/a> e a chiunque <a href=\"https:\/\/www.dynseo.com\/it\/lavorare-con-una-persona-con-sindrome-di-down-suggerimenti-per-un-supporto-efficace\/\" title=\"Travailler avec une personne trisomique : astuces pour un encadrement efficace\">persona<\/a> desideri mantenere e rafforzare i propri legami sociali grazie a <a href=\"https:\/\/www.dynseo.com\/it\/strumenti-tecnologici-per-la-riabilitazione-della-memoria-in-logopedia\/\" title=\"Les outils technologiques pour la r\u00e9\u00e9ducation de la m\u00e9moire en orthophonie\">strumenti tecnologici<\/a> semplici e accessibili.\"}}]}<\/script>[\/et_pb_code]<\/p>\n","protected":false},"excerpt":{"rendered":"<p>Qui trovate tutti i nostri prodotti e servizi che promuovono il mantenimento del legame sociale e il benessere. &nbsp; DYNSEO FAMILY, la messaggistica semplificata &nbsp; &nbsp; &nbsp; &nbsp; &nbsp; &nbsp; &nbsp; &nbsp; ALLO C&#8217;EST QUI, il promemoria portatile sui tuoi contatti! &nbsp; &nbsp; &nbsp; &nbsp; &nbsp; &nbsp; &nbsp; MOODME, segui l&#8217;umore dei tuoi cari a [&hellip;]<\/p>\n","protected":false},"author":4,"featured_media":6026,"parent":0,"menu_order":0,"comment_status":"closed","ping_status":"closed","template":"","meta":{"_et_pb_use_builder":"on","_et_pb_old_content":"","_et_gb_content_width":"","footnotes":""},"class_list":["post-486434","page","type-page","status-publish","has-post-thumbnail","hentry"],"yoast_head":"<!-- This site is optimized with the Yoast SEO plugin v27.4 - https:\/\/yoast.com\/product\/yoast-seo-wordpress\/ -->\n<title>Legame sociale - DYNSEO - App educativa e giochi di memoria<\/title>\n<meta name=\"robots\" content=\"index, follow, max-snippet:-1, max-image-preview:large, max-video-preview:-1\" \/>\n<link rel=\"canonical\" href=\"https:\/\/www.dynseo.com\/it\/legame-sociale\/\" \/>\n<meta property=\"og:locale\" content=\"it_IT\" \/>\n<meta property=\"og:type\" content=\"article\" \/>\n<meta property=\"og:title\" content=\"Legame sociale - DYNSEO - App educativa e giochi di memoria\" \/>\n<meta property=\"og:description\" content=\"Qui trovate tutti i nostri prodotti e servizi che promuovono il mantenimento del legame sociale e il benessere. &nbsp; DYNSEO FAMILY, la messaggistica semplificata &nbsp; &nbsp; &nbsp; &nbsp; &nbsp; &nbsp; &nbsp; &nbsp; ALLO C&#039;EST QUI, il promemoria portatile sui tuoi contatti! &nbsp; &nbsp; &nbsp; &nbsp; &nbsp; &nbsp; &nbsp; MOODME, segui l&#039;umore dei tuoi cari a [&hellip;]\" \/>\n<meta property=\"og:url\" content=\"https:\/\/www.dynseo.com\/it\/legame-sociale\/\" \/>\n<meta property=\"og:site_name\" content=\"DYNSEO - App educativa e giochi di memoria\" \/>\n<meta property=\"og:image\" content=\"https:\/\/www.dynseo.com\/wp-content\/uploads\/2024\/07\/Article-pour-jeux-de-memoire-et-services-educatifs-sur-tablette-1.png\" \/>\n\t<meta property=\"og:image:width\" content=\"2000\" \/>\n\t<meta property=\"og:image:height\" content=\"1500\" \/>\n\t<meta property=\"og:image:type\" content=\"image\/png\" \/>\n<script type=\"application\/ld+json\" class=\"yoast-schema-graph\">{\"@context\":\"https:\\\/\\\/schema.org\",\"@graph\":[{\"@type\":\"WebPage\",\"@id\":\"https:\\\/\\\/www.dynseo.com\\\/it\\\/legame-sociale\\\/\",\"url\":\"https:\\\/\\\/www.dynseo.com\\\/it\\\/legame-sociale\\\/\",\"name\":\"Legame sociale - DYNSEO - App educativa e giochi di memoria\",\"isPartOf\":{\"@id\":\"https:\\\/\\\/www.dynseo.com\\\/it\\\/#website\"},\"primaryImageOfPage\":{\"@id\":\"https:\\\/\\\/www.dynseo.com\\\/it\\\/legame-sociale\\\/#primaryimage\"},\"image\":{\"@id\":\"https:\\\/\\\/www.dynseo.com\\\/it\\\/legame-sociale\\\/#primaryimage\"},\"thumbnailUrl\":\"https:\\\/\\\/www.dynseo.com\\\/wp-content\\\/uploads\\\/2013\\\/06\\\/lien-social_entrainement_memoire.png\",\"datePublished\":\"2026-01-16T21:07:07+00:00\",\"breadcrumb\":{\"@id\":\"https:\\\/\\\/www.dynseo.com\\\/it\\\/legame-sociale\\\/#breadcrumb\"},\"inLanguage\":\"it-IT\",\"potentialAction\":[{\"@type\":\"ReadAction\",\"target\":[\"https:\\\/\\\/www.dynseo.com\\\/it\\\/legame-sociale\\\/\"]}]},{\"@type\":\"ImageObject\",\"inLanguage\":\"it-IT\",\"@id\":\"https:\\\/\\\/www.dynseo.com\\\/it\\\/legame-sociale\\\/#primaryimage\",\"url\":\"https:\\\/\\\/www.dynseo.com\\\/wp-content\\\/uploads\\\/2013\\\/06\\\/lien-social_entrainement_memoire.png\",\"contentUrl\":\"https:\\\/\\\/www.dynseo.com\\\/wp-content\\\/uploads\\\/2013\\\/06\\\/lien-social_entrainement_memoire.png\",\"width\":2860,\"height\":2000,\"caption\":\"Migliora le abilit\u00e0 cognitive dei tuoi piccoli con questi fantastici giochi di concentrazione\"},{\"@type\":\"BreadcrumbList\",\"@id\":\"https:\\\/\\\/www.dynseo.com\\\/it\\\/legame-sociale\\\/#breadcrumb\",\"itemListElement\":[{\"@type\":\"ListItem\",\"position\":1,\"name\":\"Accueil\",\"item\":\"https:\\\/\\\/www.dynseo.com\\\/it\\\/\"},{\"@type\":\"ListItem\",\"position\":2,\"name\":\"Legame sociale\"}]},{\"@type\":\"WebSite\",\"@id\":\"https:\\\/\\\/www.dynseo.com\\\/it\\\/#website\",\"url\":\"https:\\\/\\\/www.dynseo.com\\\/it\\\/\",\"name\":\"Jeux de m\u00e9moire et stimulation cognitive\",\"description\":\"Con DYNSEO, la tua memoria mette il turbo!\",\"publisher\":{\"@id\":\"https:\\\/\\\/www.dynseo.com\\\/it\\\/#organization\"},\"potentialAction\":[{\"@type\":\"SearchAction\",\"target\":{\"@type\":\"EntryPoint\",\"urlTemplate\":\"https:\\\/\\\/www.dynseo.com\\\/it\\\/?s={search_term_string}\"},\"query-input\":{\"@type\":\"PropertyValueSpecification\",\"valueRequired\":true,\"valueName\":\"search_term_string\"}}],\"inLanguage\":\"it-IT\"},{\"@type\":\"Organization\",\"@id\":\"https:\\\/\\\/www.dynseo.com\\\/it\\\/#organization\",\"name\":\"DYNSEO\",\"url\":\"https:\\\/\\\/www.dynseo.com\\\/it\\\/\",\"logo\":{\"@type\":\"ImageObject\",\"inLanguage\":\"it-IT\",\"@id\":\"https:\\\/\\\/www.dynseo.com\\\/it\\\/#\\\/schema\\\/logo\\\/image\\\/\",\"url\":\"https:\\\/\\\/www.dynseo.com\\\/wp-content\\\/uploads\\\/2022\\\/05\\\/logo-dynseo-new.png\",\"contentUrl\":\"https:\\\/\\\/www.dynseo.com\\\/wp-content\\\/uploads\\\/2022\\\/05\\\/logo-dynseo-new.png\",\"width\":5073,\"height\":1397,\"caption\":\"DYNSEO\"},\"image\":{\"@id\":\"https:\\\/\\\/www.dynseo.com\\\/it\\\/#\\\/schema\\\/logo\\\/image\\\/\"}}]}<\/script>\n<!-- \/ Yoast SEO plugin. -->","yoast_head_json":{"title":"Legame sociale - DYNSEO - App educativa e giochi di memoria","robots":{"index":"index","follow":"follow","max-snippet":"max-snippet:-1","max-image-preview":"max-image-preview:large","max-video-preview":"max-video-preview:-1"},"canonical":"https:\/\/www.dynseo.com\/it\/legame-sociale\/","og_locale":"it_IT","og_type":"article","og_title":"Legame sociale - DYNSEO - App educativa e giochi di memoria","og_description":"Qui trovate tutti i nostri prodotti e servizi che promuovono il mantenimento del legame sociale e il benessere. &nbsp; DYNSEO FAMILY, la messaggistica semplificata &nbsp; &nbsp; &nbsp; &nbsp; &nbsp; &nbsp; &nbsp; &nbsp; ALLO C'EST QUI, il promemoria portatile sui tuoi contatti! &nbsp; &nbsp; &nbsp; &nbsp; &nbsp; &nbsp; &nbsp; MOODME, segui l'umore dei tuoi cari a [&hellip;]","og_url":"https:\/\/www.dynseo.com\/it\/legame-sociale\/","og_site_name":"DYNSEO - App educativa e giochi di memoria","og_image":[{"width":2000,"height":1500,"url":"https:\/\/www.dynseo.com\/wp-content\/uploads\/2024\/07\/Article-pour-jeux-de-memoire-et-services-educatifs-sur-tablette-1.png","type":"image\/png"}],"schema":{"@context":"https:\/\/schema.org","@graph":[{"@type":"WebPage","@id":"https:\/\/www.dynseo.com\/it\/legame-sociale\/","url":"https:\/\/www.dynseo.com\/it\/legame-sociale\/","name":"Legame sociale - DYNSEO - App educativa e giochi di memoria","isPartOf":{"@id":"https:\/\/www.dynseo.com\/it\/#website"},"primaryImageOfPage":{"@id":"https:\/\/www.dynseo.com\/it\/legame-sociale\/#primaryimage"},"image":{"@id":"https:\/\/www.dynseo.com\/it\/legame-sociale\/#primaryimage"},"thumbnailUrl":"https:\/\/www.dynseo.com\/wp-content\/uploads\/2013\/06\/lien-social_entrainement_memoire.png","datePublished":"2026-01-16T21:07:07+00:00","breadcrumb":{"@id":"https:\/\/www.dynseo.com\/it\/legame-sociale\/#breadcrumb"},"inLanguage":"it-IT","potentialAction":[{"@type":"ReadAction","target":["https:\/\/www.dynseo.com\/it\/legame-sociale\/"]}]},{"@type":"ImageObject","inLanguage":"it-IT","@id":"https:\/\/www.dynseo.com\/it\/legame-sociale\/#primaryimage","url":"https:\/\/www.dynseo.com\/wp-content\/uploads\/2013\/06\/lien-social_entrainement_memoire.png","contentUrl":"https:\/\/www.dynseo.com\/wp-content\/uploads\/2013\/06\/lien-social_entrainement_memoire.png","width":2860,"height":2000,"caption":"Migliora le abilit\u00e0 cognitive dei tuoi piccoli con questi fantastici giochi di concentrazione"},{"@type":"BreadcrumbList","@id":"https:\/\/www.dynseo.com\/it\/legame-sociale\/#breadcrumb","itemListElement":[{"@type":"ListItem","position":1,"name":"Accueil","item":"https:\/\/www.dynseo.com\/it\/"},{"@type":"ListItem","position":2,"name":"Legame sociale"}]},{"@type":"WebSite","@id":"https:\/\/www.dynseo.com\/it\/#website","url":"https:\/\/www.dynseo.com\/it\/","name":"Jeux de m\u00e9moire et stimulation cognitive","description":"Con DYNSEO, la tua memoria mette il turbo!","publisher":{"@id":"https:\/\/www.dynseo.com\/it\/#organization"},"potentialAction":[{"@type":"SearchAction","target":{"@type":"EntryPoint","urlTemplate":"https:\/\/www.dynseo.com\/it\/?s={search_term_string}"},"query-input":{"@type":"PropertyValueSpecification","valueRequired":true,"valueName":"search_term_string"}}],"inLanguage":"it-IT"},{"@type":"Organization","@id":"https:\/\/www.dynseo.com\/it\/#organization","name":"DYNSEO","url":"https:\/\/www.dynseo.com\/it\/","logo":{"@type":"ImageObject","inLanguage":"it-IT","@id":"https:\/\/www.dynseo.com\/it\/#\/schema\/logo\/image\/","url":"https:\/\/www.dynseo.com\/wp-content\/uploads\/2022\/05\/logo-dynseo-new.png","contentUrl":"https:\/\/www.dynseo.com\/wp-content\/uploads\/2022\/05\/logo-dynseo-new.png","width":5073,"height":1397,"caption":"DYNSEO"},"image":{"@id":"https:\/\/www.dynseo.com\/it\/#\/schema\/logo\/image\/"}}]}},"_links":{"self":[{"href":"https:\/\/www.dynseo.com\/it\/wp-json\/wp\/v2\/pages\/486434","targetHints":{"allow":["GET"]}}],"collection":[{"href":"https:\/\/www.dynseo.com\/it\/wp-json\/wp\/v2\/pages"}],"about":[{"href":"https:\/\/www.dynseo.com\/it\/wp-json\/wp\/v2\/types\/page"}],"author":[{"embeddable":true,"href":"https:\/\/www.dynseo.com\/it\/wp-json\/wp\/v2\/users\/4"}],"replies":[{"embeddable":true,"href":"https:\/\/www.dynseo.com\/it\/wp-json\/wp\/v2\/comments?post=486434"}],"version-history":[{"count":0,"href":"https:\/\/www.dynseo.com\/it\/wp-json\/wp\/v2\/pages\/486434\/revisions"}],"wp:featuredmedia":[{"embeddable":true,"href":"https:\/\/www.dynseo.com\/it\/wp-json\/wp\/v2\/media\/6026"}],"wp:attachment":[{"href":"https:\/\/www.dynseo.com\/it\/wp-json\/wp\/v2\/media?parent=486434"}],"curies":[{"name":"wp","href":"https:\/\/api.w.org\/{rel}","templated":true}]}}