{"id":487402,"date":"2026-01-20T20:06:15","date_gmt":"2026-01-20T19:06:15","guid":{"rendered":"https:\/\/www.dynseo.com\/la-grille-aggir\/"},"modified":"2026-01-20T20:06:15","modified_gmt":"2026-01-20T19:06:15","slug":"la-grille-aggir","status":"publish","type":"page","link":"https:\/\/www.dynseo.com\/it\/la-grille-aggir\/","title":{"rendered":"La grille AGGIR"},"content":{"rendered":"<h2><span style=\"color: #000000;\">La griglia AGGIR su <a href=\"https:\/\/www.dynseo.com\/vous-etes\/innovations-sur-tablette-pour-les-ssiad-et-saad\/\" title=\"Innovazioni su tablet per SSIAD e SAAD\">tablet<\/a> e smartphone<\/span><\/h2>\n<p>La <strong><a href=\"https:\/\/play.google.com\/store\/apps\/details?id=com.dynseo.fr.testgrilleaggir\" target=\"_blank\" rel=\"noopener\">griglia AGGIR<\/a><\/strong> \u00e8 una scala di valutazione che consente di valutare il livello di autonomia o dipendenza delle persone anziane nella realizzazione delle attivit\u00e0 e degli atti della vita <a href=\"https:\/\/www.dynseo.com\/limpact-de-la-dmla-sur-la-vie-quotidienne-comprendre-gerer-et-vivre-avec\/\" title=\"L'Impatto della DMLA sulla vita quotidiana: comprendere, gestire e vivere con\">quotidiana<\/a>. Questo \u00e8 comunemente chiamato calcolo del GIR.<\/p>\n<p>Il modello AGGIR (Autonomia Gerontologica e Gruppi Iso-Risorse) consente di determinare rapidamente il livello di <strong>dipendenza<\/strong> e <strong>autonomia<\/strong> di una <a href=\"https:\/\/www.dynseo.com\/it\/lavorare-con-una-persona-con-sindrome-di-down-suggerimenti-per-un-supporto-efficace\/\" title=\"Lavorare con una persona con sindrome di Down: suggerimenti per un supporto efficace\">persona<\/a> anziana.<\/p>\n<p>Questo consente di determinare:<\/p>\n<p>&#8211; Le indennit\u00e0 assegnate dallo Stato cos\u00ec come<\/p>\n<p>&#8211; Le categorie GIR, che determinano il livello di assistenza richiesto da una <a href=\"https:\/\/www.dynseo.com\/it\/connettersi-con-una-persona-con-malattia-di-alzheimer\/\" title=\"Creare un legame con una persona affetta da Alzheimer\">persona<\/a> anziana sia in <a href=\"https:\/\/www.dynseo.com\/it\/casa-di-riposo-o-assistenza-domiciliare-quali-soluzioni-scegliere\/\" title=\"EHPAD o assistenza domiciliare: quali soluzioni scegliere?\">EHPAD<\/a> che a <a href=\"https:\/\/www.dynseo.com\/conseils-pour-les-soignants-soutenir-la-reeducation-cognitive-a-domicile-2\/\" title=\"Consigli per i caregiver: sostenere la riabilitazione cognitiva a casa\">domicilio<\/a>.<\/p>\n<p><img class=\"wp-image-4742 aligncenter\" %%SRC_13%% alt=\"tablette1\" width=\"601\" height=\"533\" \/><\/p>\n<p>Questa griglia si presenta sotto forma di un questionario, consente di valutare e classificare gli individui in 3 grandi categorie:<\/p>\n<ul>\n<li>Assenza di perdita di autonomia<\/li>\n<li>Perdita di autonomia parziale<\/li>\n<li>Forte perdita di autonomia<\/li>\n<\/ul>\n<p>e di ottenere un punteggio GIR, che va da GIR 1 (dipendenza totale) a GIR 6 (autonomia totale).<\/p>\n<p><img class=\"wp-image-4745 aligncenter\" %%SRC_14%% alt=\"tablette5\" width=\"601\" height=\"533\" \/><\/p>\n<p>Ogni risposta che inserisci viene brevemente visualizzata sullo schermo per aiutarti a <a href=\"https:\/\/www.dynseo.com\/it\/come-cambia-il-cervello-con-lalzheimer-spiegazione-semplice-e-visiva-per-comprendere-il-tuo-caro\/\" title=\"Come cambia il cervello con l'Alzheimer: spiegazione semplice e visiva per comprendere il tuo caro\">comprendere<\/a> meglio il test AGGIR.<\/p>\n<p><img class=\"wp-image-4744 aligncenter\" %%SRC_15%% alt=\"tablette4\" width=\"601\" height=\"533\" \/><\/p>\n<p>&nbsp;<\/p>\n<p>\u00c8 presente una spiegazione per aiutarti a rispondere al meglio a ogni domanda.<\/p>\n<p><img class=\"wp-image-4747 aligncenter\" %%SRC_16%% alt=\"La grille AGGIR-joe-edith-app-adulte-application-entrainement-cerebral-coach-jeux-cerebraux-jeu-cognitif-logique-culture-memoire-fun-dynseo-ludique-animation-personnes-agees-alz-alzheimer-activites-senior-activite-seniors-stimulation-tablette-smartphone\" width=\"601\" height=\"533\" \/><\/p>\n<p>L&#8217;applicazione \u00e8 gratuita e consente di effettuare quanti pi\u00f9 test AGGIR desideri, e ti offre una spiegazione dettagliata di ciascun risultato. Il risultato del test \u00e8 immediatamente visibile e non viene memorizzato per rispettare la riservatezza dei tuoi dati.<\/p>\n<p><img class=\"wp-image-4749 aligncenter\" %%SRC_17%% alt=\"La grille AGGIR-joe-edith-app-adulte-application-entrainement-cerebral-coach-jeux-cerebraux-jeu-cognitif-logique-culture-memoire-fun-dynseo-ludique-animation-personnes-agees-alz-alzheimer-activites-senior-activite-seniors-stimulation-tablette-smartphone\" width=\"592\" height=\"525\" \/><\/p>\n<p>&nbsp;<\/p>\n<h2><span style=\"color: #000000;\">La griglia AGGIR disponibile anche su smartphone<\/span><\/h2>\n<p>Puoi anche realizzare le tue griglie AGGIR tramite il tuo telefono cellulare:<\/p>\n<p><img class=\"wp-image-4759 aligncenter\" %%SRC_18%% alt=\"La grille AGGIR-joe-edith-app-adulte-application-entrainement-cerebral-coach-jeux-cerebraux-jeu-cognitif-logique-culture-memoire-fun-dynseo-ludique-animation-personnes-agees-alz-alzheimer-activites-senior-activite-seniors-stimulation-tablette-smartphone\" width=\"266\" height=\"198\" \/><\/p>\n<p><img class=\"wp-image-4760 aligncenter\" %%SRC_19%% alt=\"La grille AGGIR-joe-edith-app-adulte-application-entrainement-cerebral-coach-jeux-cerebraux-jeu-cognitif-logique-culture-memoire-fun-dynseo-ludique-animation-personnes-agees-alz-alzheimer-activites-senior-activite-seniors-stimulation-tablette-smartphone\" width=\"262\" height=\"195\" \/><\/p>\n<p>&nbsp;<\/p>\n<h2><span style=\"color: #000000;\"><strong><a style=\"color: #000000;\" href=\"https:\/\/www.dynseo.com\/it\/la-grille-aggir\/\">Scarica gratuitamente l&#8217;applicazione Android<\/a><\/strong><\/span><\/h2>\n<p>&nbsp;<\/p>\n<p><a href=\"https:\/\/play.google.com\/store\/apps\/details?id=com.dynseo.fr.testgrilleaggir\" target=\"_blank\" rel=\"noopener\"><img class=\"wp-image-3272 aligncenter\" %%SRC_20%% alt=\"playstore dynseo\" width=\"97\" height=\"124\" \/><\/a><\/p>\n<p>&nbsp;<\/p>\n<p>&nbsp;<\/p>\n<p>&nbsp;<\/p>\n<h2>Effettua una simulazione in pochi clic<\/h2>\n<p>L&#8217;applicazione ti consente infatti, se lo desideri, di realizzare una simulazione semplice.<\/p>\n<p>Questa simulazione ti permetter\u00e0 di rispondere alle tue domande riguardo all&#8217;autonomia di una persona anziana. Se hai nella tua cerchia una persona di cui dubiti dell&#8217;autonomia, \u00e8 effettivamente importante posizionarsi e farsi rapidamente un&#8217;idea del livello di vita di questa persona.<\/p>\n<p>L&#8217;autonomia \u00e8 vitale per noi, e ogni persona ne ha bisogno per l&#8217;igiene, l&#8217;alimentazione, cos\u00ec come per ogni spostamento che comporta acquisti di prima necessit\u00e0. \u00c8 importante non lasciare una persona sola quando si dubita della sua autonomia: un incidente domestico potrebbe verificarsi rapidamente e pu\u00f2 rivelarsi grave in alcuni casi.<\/p>\n<p>La simulazione <a href=\"https:\/\/www.santeenfrance.fr\/pages\/gir\">calcolo del GIR<\/a> \u00e8 rapida, semplice ed efficace: cos\u00ec saprai se la persona a cui stai pensando ha bisogno di supporto o dell&#8217;aiuto di un professionista della salute per assisterla nelle sue attivit\u00e0 quotidiane. Il risultato della simulazione \u00e8 solo indicativo, e avrai <a href=\"https:\/\/www.dynseo.com\/apathie-et-demotivation-stimuler-sans-brusquer-la-personne-malade\/\" title=\"Apatia e Demotivazione: Stimolare senza Bruscare la Persona Malata\">senza<\/a> dubbio bisogno, dopo aver raccolto le informazioni, del parere di un professionista.<\/p>\n<p>Un aiuto alla persona \u00e8 fortemente consigliato se il tuo risultato finale indica una dipendenza, anche lieve.<\/p>\n<p>[et_pb_code]<script type=\"application\/ld+json\">{\"@context\":\"https:\/\/schema.org\",\"@type\":\"FAQPage\",\"mainEntity\":[{\"@type\":\"Question\",\"name\":\"Qu'est-ce que la grille AGGIR ?\",\"acceptedAnswer\":{\"@type\":\"Answer\",\"text\":\"La grille AGGIR est une \u00e9chelle d'\u00e9valuation permettant d'\u00e9valuer le niveau d'autonomie ou de d\u00e9pendance des personnes \u00e2g\u00e9es dans la r\u00e9alisation des t\u00e2ches et actes de la vie quotidienne. AGGIR signifie Autonomie G\u00e9rontologique et Groupes Iso-Ressources.\"}},{\"@type\":\"Question\",\"name\":\"\u00c0 quoi sert le calcul du GIR ?\",\"acceptedAnswer\":{\"@type\":\"Answer\",\"text\":\"Le calcul du GIR permet de d\u00e9terminer les indemnit\u00e9s allou\u00e9es par l'\u00c9tat ainsi que les cat\u00e9gories GIR, qui d\u00e9terminent le niveau de suivi requis par une personne \u00e2g\u00e9e tant en EHPAD qu'\u00e0 domicile.\"}},{\"@type\":\"Question\",\"name\":\"<a href=\"https:\/\/www.dynseo.com\/quelles-solutions-en-cas-de-perte-daudition\/\" title=\"Quelles solutions en cas de perte d\u2019audition ?\">Quelles<\/a> sont les 3 grandes cat\u00e9gories d'\u00e9valuation de la grille AGGIR ?\",\"acceptedAnswer\":{\"@type\":\"Answer\",\"text\":\"La grille AGGIR classe les individus en 3 grandes cat\u00e9gories : l'absence de perte d'autonomie, la perte d'autonomie partielle, et la forte perte d'autonomie.\"}},{\"@type\":\"Question\",\"name\":\"Comment fonctionne le syst\u00e8me de score GIR ?\",\"acceptedAnswer\":{\"@type\":\"Answer\",\"text\":\"Le score GIR va de GIR 1 (d\u00e9pendance totale) \u00e0 GIR 6 (autonomie totale). Plus le chiffre est bas, plus le niveau de d\u00e9pendance est \u00e9lev\u00e9.\"}},{\"@type\":\"Question\",\"name\":\"L'application de la grille AGGIR est-elle payante ?\",\"acceptedAnswer\":{\"@type\":\"Answer\",\"text\":\"Non, l'application est gratuite et permet d'effectuer autant de tests AGGIR que vous le souhaitez. Elle propose une explication d\u00e9taill\u00e9e de chacun des r\u00e9sultats.\"}},{\"@type\":\"Question\",\"name\":\"Les donn\u00e9es du test AGGIR sont-elles conserv\u00e9es ?\",\"acceptedAnswer\":{\"@type\":\"Answer\",\"text\":\"Non, le r\u00e9sultat du test est imm\u00e9diatement visible et n'est pas stock\u00e9 afin de respecter la confidentialit\u00e9 de vos donn\u00e9es.\"}}]}<\/script>[\/et_pb_code]<\/p>\n","protected":false},"excerpt":{"rendered":"<p>La griglia AGGIR su tablet e smartphone La griglia AGGIR \u00e8 una scala di valutazione che consente di valutare il livello di autonomia o dipendenza delle persone anziane nella realizzazione delle attivit\u00e0 e degli atti della vita quotidiana. Questo \u00e8 comunemente chiamato calcolo del GIR. Il modello AGGIR (Autonomia Gerontologica e Gruppi Iso-Risorse) consente di [&hellip;]<\/p>\n","protected":false},"author":4,"featured_media":3870,"parent":0,"menu_order":0,"comment_status":"closed","ping_status":"closed","template":"","meta":{"_et_pb_use_builder":"","_et_pb_old_content":"","_et_gb_content_width":"","footnotes":""},"class_list":["post-487402","page","type-page","status-publish","has-post-thumbnail","hentry"],"yoast_head":"<!-- This site is optimized with the Yoast SEO plugin v27.4 - https:\/\/yoast.com\/product\/yoast-seo-wordpress\/ -->\n<title>La grille AGGIR - DYNSEO - App educativa e giochi di memoria<\/title>\n<meta name=\"robots\" content=\"index, follow, max-snippet:-1, max-image-preview:large, max-video-preview:-1\" \/>\n<link rel=\"canonical\" href=\"https:\/\/www.dynseo.com\/it\/la-grille-aggir\/\" \/>\n<meta property=\"og:locale\" content=\"it_IT\" \/>\n<meta property=\"og:type\" content=\"article\" \/>\n<meta property=\"og:title\" content=\"La grille AGGIR - DYNSEO - App educativa e giochi di memoria\" \/>\n<meta property=\"og:description\" content=\"La griglia AGGIR su tablet e smartphone La griglia AGGIR \u00e8 una scala di valutazione che consente di valutare il livello di autonomia o dipendenza delle persone anziane nella realizzazione delle attivit\u00e0 e degli atti della vita quotidiana. Questo \u00e8 comunemente chiamato calcolo del GIR. Il modello AGGIR (Autonomia Gerontologica e Gruppi Iso-Risorse) consente di [&hellip;]\" \/>\n<meta property=\"og:url\" content=\"https:\/\/www.dynseo.com\/it\/la-grille-aggir\/\" \/>\n<meta property=\"og:site_name\" content=\"DYNSEO - App educativa e giochi di memoria\" \/>\n<meta property=\"og:image\" content=\"https:\/\/www.dynseo.com\/wp-content\/uploads\/2024\/07\/Article-pour-jeux-de-memoire-et-services-educatifs-sur-tablette-1.png\" \/>\n\t<meta property=\"og:image:width\" content=\"2000\" \/>\n\t<meta property=\"og:image:height\" content=\"1500\" \/>\n\t<meta property=\"og:image:type\" content=\"image\/png\" \/>\n<meta name=\"twitter:label1\" content=\"Tempo di lettura stimato\" \/>\n\t<meta name=\"twitter:data1\" content=\"2 minuti\" \/>\n<script type=\"application\/ld+json\" class=\"yoast-schema-graph\">{\"@context\":\"https:\\\/\\\/schema.org\",\"@graph\":[{\"@type\":\"WebPage\",\"@id\":\"https:\\\/\\\/www.dynseo.com\\\/it\\\/la-grille-aggir\\\/\",\"url\":\"https:\\\/\\\/www.dynseo.com\\\/it\\\/la-grille-aggir\\\/\",\"name\":\"La grille AGGIR - DYNSEO - App educativa e giochi di memoria\",\"isPartOf\":{\"@id\":\"https:\\\/\\\/www.dynseo.com\\\/it\\\/#website\"},\"primaryImageOfPage\":{\"@id\":\"https:\\\/\\\/www.dynseo.com\\\/it\\\/la-grille-aggir\\\/#primaryimage\"},\"image\":{\"@id\":\"https:\\\/\\\/www.dynseo.com\\\/it\\\/la-grille-aggir\\\/#primaryimage\"},\"thumbnailUrl\":\"https:\\\/\\\/www.dynseo.com\\\/wp-content\\\/uploads\\\/2013\\\/06\\\/app-Aggir.png\",\"datePublished\":\"2026-01-20T19:06:15+00:00\",\"breadcrumb\":{\"@id\":\"https:\\\/\\\/www.dynseo.com\\\/it\\\/la-grille-aggir\\\/#breadcrumb\"},\"inLanguage\":\"it-IT\",\"potentialAction\":[{\"@type\":\"ReadAction\",\"target\":[\"https:\\\/\\\/www.dynseo.com\\\/it\\\/la-grille-aggir\\\/\"]}]},{\"@type\":\"ImageObject\",\"inLanguage\":\"it-IT\",\"@id\":\"https:\\\/\\\/www.dynseo.com\\\/it\\\/la-grille-aggir\\\/#primaryimage\",\"url\":\"https:\\\/\\\/www.dynseo.com\\\/wp-content\\\/uploads\\\/2013\\\/06\\\/app-Aggir.png\",\"contentUrl\":\"https:\\\/\\\/www.dynseo.com\\\/wp-content\\\/uploads\\\/2013\\\/06\\\/app-Aggir.png\",\"width\":283,\"height\":283,\"caption\":\"Giochi educativi per aiutare i bambini con ADHD a sviluppare abilit\u00e0 cognitive\"},{\"@type\":\"BreadcrumbList\",\"@id\":\"https:\\\/\\\/www.dynseo.com\\\/it\\\/la-grille-aggir\\\/#breadcrumb\",\"itemListElement\":[{\"@type\":\"ListItem\",\"position\":1,\"name\":\"Accueil\",\"item\":\"https:\\\/\\\/www.dynseo.com\\\/it\\\/\"},{\"@type\":\"ListItem\",\"position\":2,\"name\":\"La grille AGGIR\"}]},{\"@type\":\"WebSite\",\"@id\":\"https:\\\/\\\/www.dynseo.com\\\/it\\\/#website\",\"url\":\"https:\\\/\\\/www.dynseo.com\\\/it\\\/\",\"name\":\"Jeux de m\u00e9moire et stimulation cognitive\",\"description\":\"Con DYNSEO, la tua memoria mette il turbo!\",\"publisher\":{\"@id\":\"https:\\\/\\\/www.dynseo.com\\\/it\\\/#organization\"},\"potentialAction\":[{\"@type\":\"SearchAction\",\"target\":{\"@type\":\"EntryPoint\",\"urlTemplate\":\"https:\\\/\\\/www.dynseo.com\\\/it\\\/?s={search_term_string}\"},\"query-input\":{\"@type\":\"PropertyValueSpecification\",\"valueRequired\":true,\"valueName\":\"search_term_string\"}}],\"inLanguage\":\"it-IT\"},{\"@type\":\"Organization\",\"@id\":\"https:\\\/\\\/www.dynseo.com\\\/it\\\/#organization\",\"name\":\"DYNSEO\",\"url\":\"https:\\\/\\\/www.dynseo.com\\\/it\\\/\",\"logo\":{\"@type\":\"ImageObject\",\"inLanguage\":\"it-IT\",\"@id\":\"https:\\\/\\\/www.dynseo.com\\\/it\\\/#\\\/schema\\\/logo\\\/image\\\/\",\"url\":\"https:\\\/\\\/www.dynseo.com\\\/wp-content\\\/uploads\\\/2022\\\/05\\\/logo-dynseo-new.png\",\"contentUrl\":\"https:\\\/\\\/www.dynseo.com\\\/wp-content\\\/uploads\\\/2022\\\/05\\\/logo-dynseo-new.png\",\"width\":5073,\"height\":1397,\"caption\":\"DYNSEO\"},\"image\":{\"@id\":\"https:\\\/\\\/www.dynseo.com\\\/it\\\/#\\\/schema\\\/logo\\\/image\\\/\"}}]}<\/script>\n<!-- \/ Yoast SEO plugin. -->","yoast_head_json":{"title":"La grille AGGIR - DYNSEO - App educativa e giochi di memoria","robots":{"index":"index","follow":"follow","max-snippet":"max-snippet:-1","max-image-preview":"max-image-preview:large","max-video-preview":"max-video-preview:-1"},"canonical":"https:\/\/www.dynseo.com\/it\/la-grille-aggir\/","og_locale":"it_IT","og_type":"article","og_title":"La grille AGGIR - DYNSEO - App educativa e giochi di memoria","og_description":"La griglia AGGIR su tablet e smartphone La griglia AGGIR \u00e8 una scala di valutazione che consente di valutare il livello di autonomia o dipendenza delle persone anziane nella realizzazione delle attivit\u00e0 e degli atti della vita quotidiana. Questo \u00e8 comunemente chiamato calcolo del GIR. Il modello AGGIR (Autonomia Gerontologica e Gruppi Iso-Risorse) consente di [&hellip;]","og_url":"https:\/\/www.dynseo.com\/it\/la-grille-aggir\/","og_site_name":"DYNSEO - App educativa e giochi di memoria","og_image":[{"width":2000,"height":1500,"url":"https:\/\/www.dynseo.com\/wp-content\/uploads\/2024\/07\/Article-pour-jeux-de-memoire-et-services-educatifs-sur-tablette-1.png","type":"image\/png"}],"twitter_misc":{"Tempo di lettura stimato":"2 minuti"},"schema":{"@context":"https:\/\/schema.org","@graph":[{"@type":"WebPage","@id":"https:\/\/www.dynseo.com\/it\/la-grille-aggir\/","url":"https:\/\/www.dynseo.com\/it\/la-grille-aggir\/","name":"La grille AGGIR - DYNSEO - App educativa e giochi di memoria","isPartOf":{"@id":"https:\/\/www.dynseo.com\/it\/#website"},"primaryImageOfPage":{"@id":"https:\/\/www.dynseo.com\/it\/la-grille-aggir\/#primaryimage"},"image":{"@id":"https:\/\/www.dynseo.com\/it\/la-grille-aggir\/#primaryimage"},"thumbnailUrl":"https:\/\/www.dynseo.com\/wp-content\/uploads\/2013\/06\/app-Aggir.png","datePublished":"2026-01-20T19:06:15+00:00","breadcrumb":{"@id":"https:\/\/www.dynseo.com\/it\/la-grille-aggir\/#breadcrumb"},"inLanguage":"it-IT","potentialAction":[{"@type":"ReadAction","target":["https:\/\/www.dynseo.com\/it\/la-grille-aggir\/"]}]},{"@type":"ImageObject","inLanguage":"it-IT","@id":"https:\/\/www.dynseo.com\/it\/la-grille-aggir\/#primaryimage","url":"https:\/\/www.dynseo.com\/wp-content\/uploads\/2013\/06\/app-Aggir.png","contentUrl":"https:\/\/www.dynseo.com\/wp-content\/uploads\/2013\/06\/app-Aggir.png","width":283,"height":283,"caption":"Giochi educativi per aiutare i bambini con ADHD a sviluppare abilit\u00e0 cognitive"},{"@type":"BreadcrumbList","@id":"https:\/\/www.dynseo.com\/it\/la-grille-aggir\/#breadcrumb","itemListElement":[{"@type":"ListItem","position":1,"name":"Accueil","item":"https:\/\/www.dynseo.com\/it\/"},{"@type":"ListItem","position":2,"name":"La grille AGGIR"}]},{"@type":"WebSite","@id":"https:\/\/www.dynseo.com\/it\/#website","url":"https:\/\/www.dynseo.com\/it\/","name":"Jeux de m\u00e9moire et stimulation cognitive","description":"Con DYNSEO, la tua memoria mette il turbo!","publisher":{"@id":"https:\/\/www.dynseo.com\/it\/#organization"},"potentialAction":[{"@type":"SearchAction","target":{"@type":"EntryPoint","urlTemplate":"https:\/\/www.dynseo.com\/it\/?s={search_term_string}"},"query-input":{"@type":"PropertyValueSpecification","valueRequired":true,"valueName":"search_term_string"}}],"inLanguage":"it-IT"},{"@type":"Organization","@id":"https:\/\/www.dynseo.com\/it\/#organization","name":"DYNSEO","url":"https:\/\/www.dynseo.com\/it\/","logo":{"@type":"ImageObject","inLanguage":"it-IT","@id":"https:\/\/www.dynseo.com\/it\/#\/schema\/logo\/image\/","url":"https:\/\/www.dynseo.com\/wp-content\/uploads\/2022\/05\/logo-dynseo-new.png","contentUrl":"https:\/\/www.dynseo.com\/wp-content\/uploads\/2022\/05\/logo-dynseo-new.png","width":5073,"height":1397,"caption":"DYNSEO"},"image":{"@id":"https:\/\/www.dynseo.com\/it\/#\/schema\/logo\/image\/"}}]}},"_links":{"self":[{"href":"https:\/\/www.dynseo.com\/it\/wp-json\/wp\/v2\/pages\/487402","targetHints":{"allow":["GET"]}}],"collection":[{"href":"https:\/\/www.dynseo.com\/it\/wp-json\/wp\/v2\/pages"}],"about":[{"href":"https:\/\/www.dynseo.com\/it\/wp-json\/wp\/v2\/types\/page"}],"author":[{"embeddable":true,"href":"https:\/\/www.dynseo.com\/it\/wp-json\/wp\/v2\/users\/4"}],"replies":[{"embeddable":true,"href":"https:\/\/www.dynseo.com\/it\/wp-json\/wp\/v2\/comments?post=487402"}],"version-history":[{"count":0,"href":"https:\/\/www.dynseo.com\/it\/wp-json\/wp\/v2\/pages\/487402\/revisions"}],"wp:featuredmedia":[{"embeddable":true,"href":"https:\/\/www.dynseo.com\/it\/wp-json\/wp\/v2\/media\/3870"}],"wp:attachment":[{"href":"https:\/\/www.dynseo.com\/it\/wp-json\/wp\/v2\/media?parent=487402"}],"curies":[{"name":"wp","href":"https:\/\/api.w.org\/{rel}","templated":true}]}}