{"id":487484,"date":"2026-01-20T20:15:20","date_gmt":"2026-01-20T19:15:20","guid":{"rendered":"https:\/\/www.dynseo.com\/temperamento\/"},"modified":"2026-01-20T20:15:20","modified_gmt":"2026-01-20T19:15:20","slug":"temperamento","status":"publish","type":"page","link":"https:\/\/www.dynseo.com\/it\/temperamento\/","title":{"rendered":"Temperamento"},"content":{"rendered":"<h2 style=\"text-align: center;\"><span style=\"color: #526fa1;\"><strong>TEMPER<\/strong><\/span><\/h2>\n<h3 style=\"text-align: center;\"><a href=\"https:\/\/www.dynseo.com\/it\/le-metier-d-auxiliaire-de-vie-sarah-nous-fait-partager-sa-passion-2\/\" title=\"Auxiliaire de vie : Sarah nous fait partager sa passion\">Condividi<\/a> il tuo stato d\u2019animo, ci sta a cuore.<\/h3>\n<p><img loading=\"lazy\" decoding=\"async\" class=\"aligncenter size-full wp-image-36953\" src=\"https:\/\/www.dynseo.com\/wp-content\/uploads\/2021\/02\/Ma-Mood-768x768-1.jpg\" alt=\"\" width=\"753\" height=\"534\" srcset=\"https:\/\/www.dynseo.com\/wp-content\/uploads\/2021\/02\/Ma-Mood-768x768-1.jpg 753w, https:\/\/www.dynseo.com\/wp-content\/uploads\/2021\/02\/Ma-Mood-768x768-1-480x340.jpg 480w\" sizes=\"(min-width: 0px) and (max-width: 480px) 480px, (min-width: 481px) 753px, 100vw\" \/><\/p>\n<p>Porta conforto ai tuoi cari quando sono un po&#8217; gi\u00f9 e gioisci per loro quando tutto va per il meglio!<\/p>\n<p>&nbsp;<\/p>\n<h2><\/h2>\n<h2 style=\"text-align: center;\"><span style=\"color: #526fa1;\"><strong>Con Temper, sii il primo a risollevare il morale dei tuoi cari<\/strong><\/span><\/h2>\n<p>&nbsp;<\/p>\n<p>Invita i tuoi cari sull&#8217;applicazione per poter condividere i tuoi stati d&#8217;animo!<\/p>\n<p>Con Temper consulti lo stato d&#8217;animo di tutti i tuoi cari che possiedono l&#8217;applicazione, cos\u00ec sei immediatamente informato quando un genitore, un cugino&#8230; \u00e8 gi\u00f9 di morale e puoi confortarlo!<\/p>\n<p>&nbsp;<\/p>\n<h2 style=\"text-align: left;\">\u00a0<img loading=\"lazy\" decoding=\"async\" class=\"wp-image-4082 size-large aligncenter\" src=\"https:\/\/www.dynseo.com\/wp-content\/uploads\/2015\/12\/la-mood-FR-1024x482.png\" alt=\"Temper-edith-app-adulte-application-entrainement-cerebral-coach-jeux-cerebraux-jeu-cognitif-logique-culture-memoire-fun-dynseo-ludique-animation-personnes-agees-alz-alzheimer-activites-senior-activite-seniors-stimulation-tablette-smartphone\" width=\"700\" height=\"329\" srcset=\"https:\/\/www.dynseo.com\/wp-content\/uploads\/2015\/12\/la-mood-FR-1024x482.png 1024w, https:\/\/www.dynseo.com\/wp-content\/uploads\/2015\/12\/la-mood-FR-600x282.png 600w, https:\/\/www.dynseo.com\/wp-content\/uploads\/2015\/12\/la-mood-FR-300x141.png 300w, https:\/\/www.dynseo.com\/wp-content\/uploads\/2015\/12\/la-mood-FR-768x361.png 768w, https:\/\/www.dynseo.com\/wp-content\/uploads\/2015\/12\/la-mood-FR.png 1663w\" sizes=\"(max-width: 700px) 100vw, 700px\" \/><\/h2>\n<p>&nbsp;<\/p>\n<h2><\/h2>\n<h2 style=\"text-align: center;\"><span style=\"color: #526fa1;\"><strong>Con Temper, prendiamoci cura di noi<\/strong><\/span><\/h2>\n<p>&nbsp;<\/p>\n<p style=\"text-align: center;\"><span style=\"color: #526fa1;\"><strong>Su iPhone \/ iPad<\/strong><\/span><\/p>\n<p style=\"text-align: center;\"><img loading=\"lazy\" decoding=\"async\" class=\"aligncenter wp-image-36954 size-full\" src=\"https:\/\/www.dynseo.com\/wp-content\/uploads\/2021\/02\/1-temper-image-mood-me-soin-application-apple-bien-etre-tout-va-bien.png\" alt=\"\" width=\"283\" height=\"504\" srcset=\"https:\/\/www.dynseo.com\/wp-content\/uploads\/2021\/02\/1-temper-image-mood-me-soin-application-apple-bien-etre-tout-va-bien.png 283w, https:\/\/www.dynseo.com\/wp-content\/uploads\/2021\/02\/1-temper-image-mood-me-soin-application-apple-bien-etre-tout-va-bien-168x300.png 168w\" sizes=\"(max-width: 283px) 100vw, 283px\" \/><\/p>\n<p><img loading=\"lazy\" decoding=\"async\" class=\"aligncenter wp-image-36955 size-full\" src=\"https:\/\/www.dynseo.com\/wp-content\/uploads\/2021\/02\/2-temper-image-mood-me-soin-application-apple-bien-etre-tout-va-bien.png\" alt=\"\" width=\"284\" height=\"504\" srcset=\"https:\/\/www.dynseo.com\/wp-content\/uploads\/2021\/02\/2-temper-image-mood-me-soin-application-apple-bien-etre-tout-va-bien.png 284w, https:\/\/www.dynseo.com\/wp-content\/uploads\/2021\/02\/2-temper-image-mood-me-soin-application-apple-bien-etre-tout-va-bien-169x300.png 169w\" sizes=\"(max-width: 284px) 100vw, 284px\" \/><\/p>\n<p>&nbsp;<\/p>\n<p style=\"text-align: center;\"><span style=\"color: #526fa1;\"><strong>Sull&#8217;iWatch<\/strong><\/span><\/p>\n<p style=\"text-align: center;\"><img loading=\"lazy\" decoding=\"async\" class=\"aligncenter wp-image-36956 size-full\" src=\"https:\/\/www.dynseo.com\/wp-content\/uploads\/2021\/02\/3-temper-image-mood-me-soin-application-apple-bien-etre-tout-va-bien.png\" alt=\"\" width=\"113\" height=\"194\" \/><\/p>\n<p><img loading=\"lazy\" decoding=\"async\" class=\"aligncenter wp-image-36957 size-full\" src=\"https:\/\/www.dynseo.com\/wp-content\/uploads\/2021\/02\/4-temper-image-mood-me-soin-application-apple-bien-etre-tout-va-bien.png\" alt=\"\" width=\"113\" height=\"194\" \/><\/p>\n<h2 style=\"text-align: center;\"><span style=\"color: #526fa1;\"><strong>Temper, compatibile con le nostre applicazioni di <a href=\"https:\/\/www.dynseo.com\/it\/servizi-di-residenza-per-stimolazione-cognitiva\/\" title=\"Stimulation Cognitive r\u00e9sidence Services\">stimolazione cognitiva<\/a><\/strong><\/span><\/h2>\n<p>&nbsp;<\/p>\n<p>Temper permette anche di ricevere lo stato d&#8217;animo degli utenti di Stim\u2019art Edith e Joe!<\/p>\n<p>Per farlo, basta inviare un invito all&#8217;utente di Stim\u2019art con cui vuoi scambiare i tuoi stati d\u2019animo.<\/p>\n<p>&nbsp;<\/p>\n<p><span style=\"color: #526fa1;\"><strong>All&#8217;interno del programma Edith<\/strong><\/span><\/p>\n<p><img loading=\"lazy\" decoding=\"async\" class=\"aligncenter wp-image-36959 size-full\" src=\"https:\/\/www.dynseo.com\/wp-content\/uploads\/2021\/02\/41-temper-image-mood-me-soin-application-apple-bien-etre-tout-va-bien.png\" alt=\"\" width=\"571\" height=\"321\" srcset=\"https:\/\/www.dynseo.com\/wp-content\/uploads\/2021\/02\/41-temper-image-mood-me-soin-application-apple-bien-etre-tout-va-bien.png 571w, https:\/\/www.dynseo.com\/wp-content\/uploads\/2021\/02\/41-temper-image-mood-me-soin-application-apple-bien-etre-tout-va-bien-480x270.png 480w\" sizes=\"(min-width: 0px) and (max-width: 480px) 480px, (min-width: 481px) 571px, 100vw\" \/><\/p>\n<p><span style=\"color: #526fa1;\"><strong>All&#8217;interno del programma Joe<\/strong><\/span><\/p>\n<p><img loading=\"lazy\" decoding=\"async\" class=\"aligncenter wp-image-36958 size-full\" src=\"https:\/\/www.dynseo.com\/wp-content\/uploads\/2021\/02\/5-temper-image-mood-me-soin-application-apple-bien-etre-tout-va-bien.png\" alt=\"\" width=\"571\" height=\"321\" srcset=\"https:\/\/www.dynseo.com\/wp-content\/uploads\/2021\/02\/5-temper-image-mood-me-soin-application-apple-bien-etre-tout-va-bien.png 571w, https:\/\/www.dynseo.com\/wp-content\/uploads\/2021\/02\/5-temper-image-mood-me-soin-application-apple-bien-etre-tout-va-bien-480x270.png 480w\" sizes=\"(min-width: 0px) and (max-width: 480px) 480px, (min-width: 481px) 571px, 100vw\" \/><\/p>\n<p>&nbsp;<\/p>\n<p>&nbsp;<\/p>\n<p>&nbsp;<\/p>\n<h2 style=\"text-align: center;\"><span style=\"color: #526fa1;\"><strong>Temper, un&#8217;applicazione iOS gratuita<\/strong><\/span><\/h2>\n<p>&nbsp;<\/p>\n<p style=\"text-align: center;\">Temper \u00e8 un&#8217;applicazione disponibile sui dispositivi Apple, ovvero iPhone, iPad, Apple Watch.<\/p>\n<p>&nbsp;<\/p>\n<p>&nbsp;<\/p>\n<p>&nbsp;<\/p>\n<p>[et_pb_code]<script type=\"application\/ld+json\">{\"@context\":\"https:\/\/schema.org\",\"@type\":\"FAQPage\",\"mainEntity\":[{\"@type\":\"Question\",\"name\":\"Che cos'\u00e8 l'applicazione Temper?\",\"acceptedAnswer\":{\"@type\":\"Answer\",\"text\":\"Temper \u00e8 un'applicazione gratuita che permette di condividere il tuo stato d'animo con i tuoi cari. Ti aiuta a portare conforto ai tuoi cari quando sono gi\u00f9 di morale e a gioire con loro quando tutto va bene.\"}},{\"@type\":\"Question\",\"name\":\"Come funziona Temper per risollevare il morale dei miei cari?\",\"acceptedAnswer\":{\"@type\":\"Answer\",\"text\":\"Con Temper, puoi consultare lo stato d'animo di tutti i tuoi cari che possiedono l'applicazione. Sei cos\u00ec immediatamente informato quando un genitore, un cugino o un amico \u00e8 gi\u00f9 di morale e puoi confortarlo rapidamente.\"}},{\"@type\":\"Question\",\"name\":\"Su <a href=\"https:\/\/www.dynseo.com\/it\/quali-strumenti-educativi-per-accompagnare-i-bambini-con-sindrome-di-down-nei-loro-apprendimenti\/\" title=\"Quels outils \u00e9ducatifs pour accompagner les enfants trisomiques dans leurs apprentissages\">quali<\/a> dispositivi \u00e8 disponibile Temper?\",\"acceptedAnswer\":{\"@type\":\"Answer\",\"text\":\"Temper \u00e8 un'applicazione iOS gratuita disponibile sui dispositivi Apple: iPhone, iPad e Apple Watch (iWatch).\"}},{\"@type\":\"Question\",\"name\":\"Come posso invitare i miei cari su Temper?\",\"acceptedAnswer\":{\"@type\":\"Answer\",\"text\":\"Puoi invitare i tuoi cari direttamente sull'applicazione Temper per poter condividere i tuoi stati d'animo insieme. Basta inviare un invito tramite l'applicazione.\"}},{\"@type\":\"Question\",\"name\":\"Temper \u00e8 compatibile con altre applicazioni?\",\"acceptedAnswer\":{\"@type\":\"Answer\",\"text\":\"S\u00ec, Temper \u00e8 compatibile con le applicazioni di <a href=\"https:\/\/www.dynseo.com\/it\/routine-mattutina-per-il-parkinson-gestures-esercizi-e-stimolazione-cognitiva\/\" title=\"Routine matinale pour Parkinson : Gestes, exercices et stimulation cognitive\">stimolazione cognitiva<\/a> Stim'art Edith e Joe. Permette di ricevere lo stato d'animo degli utenti di questi programmi e di scambiare i tuoi stati d'animo con loro.\"}},{\"@type\":\"Question\",\"name\":\"L'applicazione Temper \u00e8 a pagamento?\",\"acceptedAnswer\":{\"@type\":\"Answer\",\"text\":\"No, Temper \u00e8 un'applicazione iOS completamente gratuita disponibile su tutti i dispositivi Apple (iPhone, iPad, Apple Watch).\"}}]}<\/script>[\/et_pb_code]<\/p>\n","protected":false},"excerpt":{"rendered":"<p>TEMPER Condividi il tuo stato d\u2019animo, ci sta a cuore. Porta conforto ai tuoi cari quando sono un po&#8217; gi\u00f9 e gioisci per loro quando tutto va per il meglio! &nbsp; Con Temper, sii il primo a risollevare il morale dei tuoi cari &nbsp; Invita i tuoi cari sull&#8217;applicazione per poter condividere i tuoi stati [&hellip;]<\/p>\n","protected":false},"author":4,"featured_media":6091,"parent":0,"menu_order":0,"comment_status":"closed","ping_status":"closed","template":"","meta":{"_et_pb_use_builder":"","_et_pb_old_content":"","_et_gb_content_width":"","footnotes":""},"class_list":["post-487484","page","type-page","status-publish","has-post-thumbnail","hentry"],"yoast_head":"<!-- This site is optimized with the Yoast SEO plugin v27.4 - https:\/\/yoast.com\/product\/yoast-seo-wordpress\/ -->\n<title>Temperamento - DYNSEO - App educativa e giochi di memoria<\/title>\n<meta name=\"robots\" content=\"index, follow, max-snippet:-1, max-image-preview:large, max-video-preview:-1\" \/>\n<link rel=\"canonical\" href=\"https:\/\/www.dynseo.com\/it\/temperamento\/\" \/>\n<meta property=\"og:locale\" content=\"it_IT\" \/>\n<meta property=\"og:type\" content=\"article\" \/>\n<meta property=\"og:title\" content=\"Temperamento - DYNSEO - App educativa e giochi di memoria\" \/>\n<meta property=\"og:description\" content=\"TEMPER Condividi il tuo stato d\u2019animo, ci sta a cuore. Porta conforto ai tuoi cari quando sono un po&#8217; gi\u00f9 e gioisci per loro quando tutto va per il meglio! &nbsp; Con Temper, sii il primo a risollevare il morale dei tuoi cari &nbsp; Invita i tuoi cari sull&#8217;applicazione per poter condividere i tuoi stati [&hellip;]\" \/>\n<meta property=\"og:url\" content=\"https:\/\/www.dynseo.com\/it\/temperamento\/\" \/>\n<meta property=\"og:site_name\" content=\"DYNSEO - App educativa e giochi di memoria\" \/>\n<meta property=\"og:image\" content=\"https:\/\/www.dynseo.com\/wp-content\/uploads\/2024\/07\/Article-pour-jeux-de-memoire-et-services-educatifs-sur-tablette-1.png\" \/>\n\t<meta property=\"og:image:width\" content=\"2000\" \/>\n\t<meta property=\"og:image:height\" content=\"1500\" \/>\n\t<meta property=\"og:image:type\" content=\"image\/png\" \/>\n<meta name=\"twitter:label1\" content=\"Tempo di lettura stimato\" \/>\n\t<meta name=\"twitter:data1\" content=\"1 minuto\" \/>\n<script type=\"application\/ld+json\" class=\"yoast-schema-graph\">{\"@context\":\"https:\\\/\\\/schema.org\",\"@graph\":[{\"@type\":\"WebPage\",\"@id\":\"https:\\\/\\\/www.dynseo.com\\\/it\\\/temperamento\\\/\",\"url\":\"https:\\\/\\\/www.dynseo.com\\\/it\\\/temperamento\\\/\",\"name\":\"Temperamento - DYNSEO - App educativa e giochi di memoria\",\"isPartOf\":{\"@id\":\"https:\\\/\\\/www.dynseo.com\\\/it\\\/#website\"},\"primaryImageOfPage\":{\"@id\":\"https:\\\/\\\/www.dynseo.com\\\/it\\\/temperamento\\\/#primaryimage\"},\"image\":{\"@id\":\"https:\\\/\\\/www.dynseo.com\\\/it\\\/temperamento\\\/#primaryimage\"},\"thumbnailUrl\":\"https:\\\/\\\/www.dynseo.com\\\/wp-content\\\/uploads\\\/2017\\\/04\\\/app-bien-etre-moodme-3.png\",\"datePublished\":\"2026-01-20T19:15:20+00:00\",\"breadcrumb\":{\"@id\":\"https:\\\/\\\/www.dynseo.com\\\/it\\\/temperamento\\\/#breadcrumb\"},\"inLanguage\":\"it-IT\",\"potentialAction\":[{\"@type\":\"ReadAction\",\"target\":[\"https:\\\/\\\/www.dynseo.com\\\/it\\\/temperamento\\\/\"]}]},{\"@type\":\"ImageObject\",\"inLanguage\":\"it-IT\",\"@id\":\"https:\\\/\\\/www.dynseo.com\\\/it\\\/temperamento\\\/#primaryimage\",\"url\":\"https:\\\/\\\/www.dynseo.com\\\/wp-content\\\/uploads\\\/2017\\\/04\\\/app-bien-etre-moodme-3.png\",\"contentUrl\":\"https:\\\/\\\/www.dynseo.com\\\/wp-content\\\/uploads\\\/2017\\\/04\\\/app-bien-etre-moodme-3.png\",\"width\":800,\"height\":280,\"caption\":\"Il tablet terapeutico, un alleato prezioso per il benessere cognitivo dei bambini\"},{\"@type\":\"BreadcrumbList\",\"@id\":\"https:\\\/\\\/www.dynseo.com\\\/it\\\/temperamento\\\/#breadcrumb\",\"itemListElement\":[{\"@type\":\"ListItem\",\"position\":1,\"name\":\"Accueil\",\"item\":\"https:\\\/\\\/www.dynseo.com\\\/it\\\/\"},{\"@type\":\"ListItem\",\"position\":2,\"name\":\"Temperamento\"}]},{\"@type\":\"WebSite\",\"@id\":\"https:\\\/\\\/www.dynseo.com\\\/it\\\/#website\",\"url\":\"https:\\\/\\\/www.dynseo.com\\\/it\\\/\",\"name\":\"Jeux de m\u00e9moire et stimulation cognitive\",\"description\":\"Con DYNSEO, la tua memoria mette il turbo!\",\"publisher\":{\"@id\":\"https:\\\/\\\/www.dynseo.com\\\/it\\\/#organization\"},\"potentialAction\":[{\"@type\":\"SearchAction\",\"target\":{\"@type\":\"EntryPoint\",\"urlTemplate\":\"https:\\\/\\\/www.dynseo.com\\\/it\\\/?s={search_term_string}\"},\"query-input\":{\"@type\":\"PropertyValueSpecification\",\"valueRequired\":true,\"valueName\":\"search_term_string\"}}],\"inLanguage\":\"it-IT\"},{\"@type\":\"Organization\",\"@id\":\"https:\\\/\\\/www.dynseo.com\\\/it\\\/#organization\",\"name\":\"DYNSEO\",\"url\":\"https:\\\/\\\/www.dynseo.com\\\/it\\\/\",\"logo\":{\"@type\":\"ImageObject\",\"inLanguage\":\"it-IT\",\"@id\":\"https:\\\/\\\/www.dynseo.com\\\/it\\\/#\\\/schema\\\/logo\\\/image\\\/\",\"url\":\"https:\\\/\\\/www.dynseo.com\\\/wp-content\\\/uploads\\\/2022\\\/05\\\/logo-dynseo-new.png\",\"contentUrl\":\"https:\\\/\\\/www.dynseo.com\\\/wp-content\\\/uploads\\\/2022\\\/05\\\/logo-dynseo-new.png\",\"width\":5073,\"height\":1397,\"caption\":\"DYNSEO\"},\"image\":{\"@id\":\"https:\\\/\\\/www.dynseo.com\\\/it\\\/#\\\/schema\\\/logo\\\/image\\\/\"}}]}<\/script>\n<!-- \/ Yoast SEO plugin. -->","yoast_head_json":{"title":"Temperamento - DYNSEO - App educativa e giochi di memoria","robots":{"index":"index","follow":"follow","max-snippet":"max-snippet:-1","max-image-preview":"max-image-preview:large","max-video-preview":"max-video-preview:-1"},"canonical":"https:\/\/www.dynseo.com\/it\/temperamento\/","og_locale":"it_IT","og_type":"article","og_title":"Temperamento - DYNSEO - App educativa e giochi di memoria","og_description":"TEMPER Condividi il tuo stato d\u2019animo, ci sta a cuore. Porta conforto ai tuoi cari quando sono un po&#8217; gi\u00f9 e gioisci per loro quando tutto va per il meglio! &nbsp; Con Temper, sii il primo a risollevare il morale dei tuoi cari &nbsp; Invita i tuoi cari sull&#8217;applicazione per poter condividere i tuoi stati [&hellip;]","og_url":"https:\/\/www.dynseo.com\/it\/temperamento\/","og_site_name":"DYNSEO - App educativa e giochi di memoria","og_image":[{"width":2000,"height":1500,"url":"https:\/\/www.dynseo.com\/wp-content\/uploads\/2024\/07\/Article-pour-jeux-de-memoire-et-services-educatifs-sur-tablette-1.png","type":"image\/png"}],"twitter_misc":{"Tempo di lettura stimato":"1 minuto"},"schema":{"@context":"https:\/\/schema.org","@graph":[{"@type":"WebPage","@id":"https:\/\/www.dynseo.com\/it\/temperamento\/","url":"https:\/\/www.dynseo.com\/it\/temperamento\/","name":"Temperamento - DYNSEO - App educativa e giochi di memoria","isPartOf":{"@id":"https:\/\/www.dynseo.com\/it\/#website"},"primaryImageOfPage":{"@id":"https:\/\/www.dynseo.com\/it\/temperamento\/#primaryimage"},"image":{"@id":"https:\/\/www.dynseo.com\/it\/temperamento\/#primaryimage"},"thumbnailUrl":"https:\/\/www.dynseo.com\/wp-content\/uploads\/2017\/04\/app-bien-etre-moodme-3.png","datePublished":"2026-01-20T19:15:20+00:00","breadcrumb":{"@id":"https:\/\/www.dynseo.com\/it\/temperamento\/#breadcrumb"},"inLanguage":"it-IT","potentialAction":[{"@type":"ReadAction","target":["https:\/\/www.dynseo.com\/it\/temperamento\/"]}]},{"@type":"ImageObject","inLanguage":"it-IT","@id":"https:\/\/www.dynseo.com\/it\/temperamento\/#primaryimage","url":"https:\/\/www.dynseo.com\/wp-content\/uploads\/2017\/04\/app-bien-etre-moodme-3.png","contentUrl":"https:\/\/www.dynseo.com\/wp-content\/uploads\/2017\/04\/app-bien-etre-moodme-3.png","width":800,"height":280,"caption":"Il tablet terapeutico, un alleato prezioso per il benessere cognitivo dei bambini"},{"@type":"BreadcrumbList","@id":"https:\/\/www.dynseo.com\/it\/temperamento\/#breadcrumb","itemListElement":[{"@type":"ListItem","position":1,"name":"Accueil","item":"https:\/\/www.dynseo.com\/it\/"},{"@type":"ListItem","position":2,"name":"Temperamento"}]},{"@type":"WebSite","@id":"https:\/\/www.dynseo.com\/it\/#website","url":"https:\/\/www.dynseo.com\/it\/","name":"Jeux de m\u00e9moire et stimulation cognitive","description":"Con DYNSEO, la tua memoria mette il turbo!","publisher":{"@id":"https:\/\/www.dynseo.com\/it\/#organization"},"potentialAction":[{"@type":"SearchAction","target":{"@type":"EntryPoint","urlTemplate":"https:\/\/www.dynseo.com\/it\/?s={search_term_string}"},"query-input":{"@type":"PropertyValueSpecification","valueRequired":true,"valueName":"search_term_string"}}],"inLanguage":"it-IT"},{"@type":"Organization","@id":"https:\/\/www.dynseo.com\/it\/#organization","name":"DYNSEO","url":"https:\/\/www.dynseo.com\/it\/","logo":{"@type":"ImageObject","inLanguage":"it-IT","@id":"https:\/\/www.dynseo.com\/it\/#\/schema\/logo\/image\/","url":"https:\/\/www.dynseo.com\/wp-content\/uploads\/2022\/05\/logo-dynseo-new.png","contentUrl":"https:\/\/www.dynseo.com\/wp-content\/uploads\/2022\/05\/logo-dynseo-new.png","width":5073,"height":1397,"caption":"DYNSEO"},"image":{"@id":"https:\/\/www.dynseo.com\/it\/#\/schema\/logo\/image\/"}}]}},"_links":{"self":[{"href":"https:\/\/www.dynseo.com\/it\/wp-json\/wp\/v2\/pages\/487484","targetHints":{"allow":["GET"]}}],"collection":[{"href":"https:\/\/www.dynseo.com\/it\/wp-json\/wp\/v2\/pages"}],"about":[{"href":"https:\/\/www.dynseo.com\/it\/wp-json\/wp\/v2\/types\/page"}],"author":[{"embeddable":true,"href":"https:\/\/www.dynseo.com\/it\/wp-json\/wp\/v2\/users\/4"}],"replies":[{"embeddable":true,"href":"https:\/\/www.dynseo.com\/it\/wp-json\/wp\/v2\/comments?post=487484"}],"version-history":[{"count":0,"href":"https:\/\/www.dynseo.com\/it\/wp-json\/wp\/v2\/pages\/487484\/revisions"}],"wp:featuredmedia":[{"embeddable":true,"href":"https:\/\/www.dynseo.com\/it\/wp-json\/wp\/v2\/media\/6091"}],"wp:attachment":[{"href":"https:\/\/www.dynseo.com\/it\/wp-json\/wp\/v2\/media?parent=487484"}],"curies":[{"name":"wp","href":"https:\/\/api.w.org\/{rel}","templated":true}]}}