{"id":5091,"date":"2016-06-06T14:34:09","date_gmt":"2016-06-06T13:34:09","guid":{"rendered":"http:\/\/www.dynseo.com\/?page_id=5091"},"modified":"2025-12-13T11:46:39","modified_gmt":"2025-12-13T10:46:39","slug":"consigli-per-bene-invecchiare","status":"publish","type":"page","link":"https:\/\/www.dynseo.com\/it\/consigli-per-bene-invecchiare\/","title":{"rendered":"Consigli per bene invecchiare"},"content":{"rendered":"<p>Ecco i <a href=\"https:\/\/www.dynseo.com\/accueil-familial-pour-personnes-agees-decouvrez-nos-conseils\/\" title=\"Affido per anziani: scopri i nostri consigli\">nostri consigli<\/a> per bene invecchiare. Qualche minuto di esercizi al giorno e vedrete la differenza !<\/p>\n<p><img loading=\"lazy\" decoding=\"async\" class=\"aligncenter wp-image-25516 size-full\" src=\"https:\/\/www.dynseo.com\/wp-content\/uploads\/2019\/10\/seniors_sport_resolution.jpg\" alt=\"\" width=\"1020\" height=\"485\" srcset=\"https:\/\/www.dynseo.com\/wp-content\/uploads\/2019\/10\/seniors_sport_resolution.jpg 1020w, https:\/\/www.dynseo.com\/wp-content\/uploads\/2019\/10\/seniors_sport_resolution-600x285.jpg 600w, https:\/\/www.dynseo.com\/wp-content\/uploads\/2019\/10\/seniors_sport_resolution-300x143.jpg 300w, https:\/\/www.dynseo.com\/wp-content\/uploads\/2019\/10\/seniors_sport_resolution-768x365.jpg 768w\" sizes=\"(max-width: 1020px) 100vw, 1020px\" \/><\/p>\n<p>MUOVITI! &#8211; Incredibile ma vero\u00a0: lo sport favorisce il dinamismo intellettuale\u00a0! Infatti imparando nuovi gesti o coordinando i tuoi movimenti, stimoli le cellule nervose e la tua capacit\u00e0 di memorizzazione. Infine, un&#8217;attivit\u00e0 fisica permette di preservare l&#8217;autonomia dei senior, che sia per spostarsi pi\u00f9 facilmente, salire le scale pi\u00f9 facilmente, essere pi\u00f9 agile per ridurre il rischio di cadute. Infine serve anche a migliorare la funzione cardiaca. Non esitare pi\u00f9, fai movimento\u00a0!<\/p>\n<p><img loading=\"lazy\" decoding=\"async\" class=\"aligncenter wp-image-25520 size-full\" src=\"https:\/\/www.dynseo.com\/wp-content\/uploads\/2019\/10\/Alimentation-nutrition-SOM.png\" alt=\"\" width=\"600\" height=\"600\" srcset=\"https:\/\/www.dynseo.com\/wp-content\/uploads\/2019\/10\/Alimentation-nutrition-SOM.png 600w, https:\/\/www.dynseo.com\/wp-content\/uploads\/2019\/10\/Alimentation-nutrition-SOM-480x480.png 480w\" sizes=\"(min-width: 0px) and (max-width: 480px) 480px, (min-width: 481px) 600px, 100vw\" \/><\/p>\n<p>MANGIA ! \u2013 Mangiare bene pu\u00f2 portare numerosi benefici al tuo cervello. In effetti gli Omega 3, che sono acidi grassi, sono essenziali allo sviluppo del cervello. \u00c8 stato provato che il consumo regolare di Omega 3 permette di rallentare il declino cognitivo dei senior, rallentando il morbo di Alzheimer, e proteggendo dal Parkinson e dalla demenza.<\/p>\n<p>Quindi mangia del pesce, delle verdure e dei cereali\u00a0!<\/p>\n<p>GIOCA\u00a0! &#8211; Giocare regolarmente, 2 a 3 volte alla settimana, permette di stimolare e di mantenere le tue capacit\u00e0 cognitive\u00a0! Grazie ai nostri giochi di memoria e di <a href=\"https:\/\/www.dynseo.com\/fatigue-mentale-chronique-causes-et-solutions-par-lentrainement-cerebral\/\" title=\"Affaticamento mentale cronico: cause e soluzioni attraverso l&rsquo;allenamento cerebrale\">allenamento cerebrale<\/a>, elaborati con dei professionisti della salute, potrai far lavorare tutte le tue <a href=\"https:\/\/www.dynseo.com\/ameliorer-vos-fonctions-cognitives-avec-lentrainement-cerebral\/\" title=\"Migliora le tue funzioni cognitive con l&#039;allenamento cerebrale\">funzioni cognitive<\/a> divertendoti, e il piacere \u00e8 importante nell&#8217;allenamento. Fatti piacere\u00a0!<\/p>\n<p>SII POSITIVO\u00a0! &#8211; Pensa positivo\u00a0! Pi\u00f9 hai emozioni positive e meno hai emozioni negative, pi\u00f9 aumenter\u00e0 il tuo benessere e la tua felicit\u00e0, ma ci sono anche ripercussioni sulla tua salute fisica e mentale\u00a0: migliora la tua resistenza allo stress, alle malattie e ai problemi di salute.<\/p>\n<p>Quindi sii positivo, e approfitta pienamente <a href=\"https:\/\/www.dynseo.com\/comment-assurer-la-qualite-de-vie-et-lautonomie-dune-personne-autiste-adulte\/\" title=\"Come garantire la qualit\u00e0 della vita e l&#039;indipendenza di un adulto autistico?\">della vita<\/a>, non importa che et\u00e0 hai\u00a0!<\/p>\n<p>[et_pb_code]<script type=\"application\/ld+json\">{\"@context\":\"https:\/\/schema.org\",\"@type\":\"FAQPage\",\"mainEntity\":[{\"@type\":\"Question\",\"name\":\"Come l'attivit\u00e0 fisica pu\u00f2 aiutare a invecchiare bene?\",\"acceptedAnswer\":{\"@type\":\"Answer\",\"text\":\"L'attivit\u00e0 fisica favorisce il dinamismo intellettuale stimolando le cellule nervose e la capacit\u00e0 di memorizzazione. Inoltre aiuta a preservare l'autonomia dei senior, facilitando i movimenti quotidiani, riducendo il rischio di cadute e migliorando la funzione cardiaca.\"}},{\"@type\":\"Question\",\"name\":\"Quali sono i benefici degli Omega 3 per il cervello degli anziani?\",\"acceptedAnswer\":{\"@type\":\"Answer\",\"text\":\"Gli Omega 3 sono acidi grassi essenziali per lo sviluppo del cervello. Il loro consumo regolare permette di rallentare il declino cognitivo dei senior, ritardare il morbo di Alzheimer e proteggere dal Parkinson e dalla demenza.\"}},{\"@type\":\"Question\",\"name\":\"Quanto spesso bisogna giocare per mantenere le capacit\u00e0 cognitive?\",\"acceptedAnswer\":{\"@type\":\"Answer\",\"text\":\"Si consiglia di giocare regolarmente 2-3 volte alla settimana per stimolare e mantenere le capacit\u00e0 cognitive. I giochi di memoria e allenamento cerebrale permettono di far lavorare tutte le funzioni cognitive divertendosi.\"}},{\"@type\":\"Question\",\"name\":\"Quali alimenti dovrebbero consumare gli anziani per il benessere cerebrale?\",\"acceptedAnswer\":{\"@type\":\"Answer\",\"text\":\"Per il benessere cerebrale, gli anziani dovrebbero consumare pesce, verdure e cereali, alimenti ricchi di Omega 3 che favoriscono la salute del cervello e rallentano il declino cognitivo.\"}},{\"@type\":\"Question\",\"name\":\"Come influisce il pensiero positivo sulla salute degli anziani?\",\"acceptedAnswer\":{\"@type\":\"Answer\",\"text\":\"Avere emozioni positive aumenta il benessere e la felicit\u00e0, con ripercussioni positive sulla salute fisica e mentale. Migliora la resistenza allo stress, alle malattie e ai problemi di salute, permettendo di godere pienamente della vita a qualsiasi et\u00e0.\"}},{\"@type\":\"Question\",\"name\":\"Quali sono i quattro consigli principali per invecchiare bene?\",\"acceptedAnswer\":{\"@type\":\"Answer\",\"text\":\"I quattro consigli principali sono: MUOVITI (fare attivit\u00e0 fisica regolare), MANGIA (consumare alimenti ricchi di Omega 3), GIOCA (stimolare le capacit\u00e0 cognitive 2-3 volte a settimana) e SII POSITIVO (mantenere un atteggiamento positivo verso la vita).\"}}]}<\/script>[\/et_pb_code]<\/p>\n","protected":false},"excerpt":{"rendered":"<p>Ecco i nostri consigli per bene invecchiare. Qualche minuto di esercizi al giorno e vedrete la differenza ! MUOVITI! &#8211; Incredibile ma vero\u00a0: lo sport favorisce il dinamismo intellettuale\u00a0! Infatti imparando nuovi gesti o coordinando i tuoi movimenti, stimoli le cellule nervose e la tua capacit\u00e0 di memorizzazione. Infine, un&#8217;attivit\u00e0 fisica permette di preservare l&#8217;autonomia [&hellip;]<\/p>\n","protected":false},"author":4,"featured_media":130227,"parent":0,"menu_order":105,"comment_status":"closed","ping_status":"closed","template":"","meta":{"_et_pb_use_builder":"","_et_pb_old_content":"","_et_gb_content_width":"","footnotes":""},"class_list":["post-5091","page","type-page","status-publish","has-post-thumbnail","hentry"],"yoast_head":"<!-- This site is optimized with the Yoast SEO plugin v27.3 - https:\/\/yoast.com\/product\/yoast-seo-wordpress\/ -->\n<title>Consigli pratici per invecchiare bene insieme a DYNSEO<\/title>\n<meta name=\"description\" content=\"Vorresti invecchiare bene? Prova le applicazioni di stimolazione cognitiva con pi\u00f9 di 30 giochi ludici, culturali e adattati!\" \/>\n<meta name=\"robots\" content=\"index, follow, max-snippet:-1, max-image-preview:large, max-video-preview:-1\" \/>\n<link rel=\"canonical\" href=\"https:\/\/www.dynseo.com\/it\/consigli-per-bene-invecchiare\/\" \/>\n<meta property=\"og:locale\" content=\"it_IT\" \/>\n<meta property=\"og:type\" content=\"article\" \/>\n<meta property=\"og:title\" content=\"Consigli pratici per invecchiare bene insieme a DYNSEO\" \/>\n<meta property=\"og:description\" content=\"Vorresti invecchiare bene? Prova le applicazioni di stimolazione cognitiva con pi\u00f9 di 30 giochi ludici, culturali e adattati!\" \/>\n<meta property=\"og:url\" content=\"https:\/\/www.dynseo.com\/it\/consigli-per-bene-invecchiare\/\" \/>\n<meta property=\"og:site_name\" content=\"DYNSEO - App educativa e giochi di memoria\" \/>\n<meta property=\"article:modified_time\" content=\"2025-12-13T10:46:39+00:00\" \/>\n<meta property=\"og:image\" content=\"https:\/\/www.dynseo.com\/wp-content\/uploads\/2024\/07\/Article-pour-jeux-de-memoire-et-services-educatifs-sur-tablette-1.png\" \/>\n\t<meta property=\"og:image:width\" content=\"2000\" \/>\n\t<meta property=\"og:image:height\" content=\"1500\" \/>\n\t<meta property=\"og:image:type\" content=\"image\/png\" \/>\n<meta name=\"twitter:label1\" content=\"Tempo di lettura stimato\" \/>\n\t<meta name=\"twitter:data1\" content=\"1 minuto\" \/>\n<script type=\"application\/ld+json\" class=\"yoast-schema-graph\">{\"@context\":\"https:\\\/\\\/schema.org\",\"@graph\":[{\"@type\":\"WebPage\",\"@id\":\"https:\\\/\\\/www.dynseo.com\\\/it\\\/consigli-per-bene-invecchiare\\\/\",\"url\":\"https:\\\/\\\/www.dynseo.com\\\/it\\\/consigli-per-bene-invecchiare\\\/\",\"name\":\"Consigli pratici per invecchiare bene insieme a DYNSEO\",\"isPartOf\":{\"@id\":\"https:\\\/\\\/www.dynseo.com\\\/it\\\/#website\"},\"primaryImageOfPage\":{\"@id\":\"https:\\\/\\\/www.dynseo.com\\\/it\\\/consigli-per-bene-invecchiare\\\/#primaryimage\"},\"image\":{\"@id\":\"https:\\\/\\\/www.dynseo.com\\\/it\\\/consigli-per-bene-invecchiare\\\/#primaryimage\"},\"thumbnailUrl\":\"https:\\\/\\\/www.dynseo.com\\\/wp-content\\\/uploads\\\/2024\\\/07\\\/Article-pour-jeux-de-memoire-et-services-educatifs-sur-tablette-1.png\",\"datePublished\":\"2016-06-06T13:34:09+00:00\",\"dateModified\":\"2025-12-13T10:46:39+00:00\",\"description\":\"Vorresti invecchiare bene? Prova le applicazioni di stimolazione cognitiva con pi\u00f9 di 30 giochi ludici, culturali e adattati!\",\"breadcrumb\":{\"@id\":\"https:\\\/\\\/www.dynseo.com\\\/it\\\/consigli-per-bene-invecchiare\\\/#breadcrumb\"},\"inLanguage\":\"it-IT\",\"potentialAction\":[{\"@type\":\"ReadAction\",\"target\":[\"https:\\\/\\\/www.dynseo.com\\\/it\\\/consigli-per-bene-invecchiare\\\/\"]}]},{\"@type\":\"ImageObject\",\"inLanguage\":\"it-IT\",\"@id\":\"https:\\\/\\\/www.dynseo.com\\\/it\\\/consigli-per-bene-invecchiare\\\/#primaryimage\",\"url\":\"https:\\\/\\\/www.dynseo.com\\\/wp-content\\\/uploads\\\/2024\\\/07\\\/Article-pour-jeux-de-memoire-et-services-educatifs-sur-tablette-1.png\",\"contentUrl\":\"https:\\\/\\\/www.dynseo.com\\\/wp-content\\\/uploads\\\/2024\\\/07\\\/Article-pour-jeux-de-memoire-et-services-educatifs-sur-tablette-1.png\",\"width\":2000,\"height\":1500,\"caption\":\"Mantieni la tua agilit\u00e0 mentale con le nostre attivit\u00e0 divertenti e gratificanti\"},{\"@type\":\"BreadcrumbList\",\"@id\":\"https:\\\/\\\/www.dynseo.com\\\/it\\\/consigli-per-bene-invecchiare\\\/#breadcrumb\",\"itemListElement\":[{\"@type\":\"ListItem\",\"position\":1,\"name\":\"Accueil\",\"item\":\"https:\\\/\\\/www.dynseo.com\\\/it\\\/\"},{\"@type\":\"ListItem\",\"position\":2,\"name\":\"Consigli per bene invecchiare\"}]},{\"@type\":\"WebSite\",\"@id\":\"https:\\\/\\\/www.dynseo.com\\\/it\\\/#website\",\"url\":\"https:\\\/\\\/www.dynseo.com\\\/it\\\/\",\"name\":\"Jeux de m\u00e9moire et stimulation cognitive\",\"description\":\"Con DYNSEO, la tua memoria mette il turbo!\",\"publisher\":{\"@id\":\"https:\\\/\\\/www.dynseo.com\\\/it\\\/#organization\"},\"potentialAction\":[{\"@type\":\"SearchAction\",\"target\":{\"@type\":\"EntryPoint\",\"urlTemplate\":\"https:\\\/\\\/www.dynseo.com\\\/it\\\/?s={search_term_string}\"},\"query-input\":{\"@type\":\"PropertyValueSpecification\",\"valueRequired\":true,\"valueName\":\"search_term_string\"}}],\"inLanguage\":\"it-IT\"},{\"@type\":\"Organization\",\"@id\":\"https:\\\/\\\/www.dynseo.com\\\/it\\\/#organization\",\"name\":\"DYNSEO\",\"url\":\"https:\\\/\\\/www.dynseo.com\\\/it\\\/\",\"logo\":{\"@type\":\"ImageObject\",\"inLanguage\":\"it-IT\",\"@id\":\"https:\\\/\\\/www.dynseo.com\\\/it\\\/#\\\/schema\\\/logo\\\/image\\\/\",\"url\":\"https:\\\/\\\/www.dynseo.com\\\/wp-content\\\/uploads\\\/2022\\\/05\\\/logo-dynseo-new.png\",\"contentUrl\":\"https:\\\/\\\/www.dynseo.com\\\/wp-content\\\/uploads\\\/2022\\\/05\\\/logo-dynseo-new.png\",\"width\":5073,\"height\":1397,\"caption\":\"DYNSEO\"},\"image\":{\"@id\":\"https:\\\/\\\/www.dynseo.com\\\/it\\\/#\\\/schema\\\/logo\\\/image\\\/\"}}]}<\/script>\n<!-- \/ Yoast SEO plugin. -->","yoast_head_json":{"title":"Consigli pratici per invecchiare bene insieme a DYNSEO","description":"Vorresti invecchiare bene? Prova le applicazioni di stimolazione cognitiva con pi\u00f9 di 30 giochi ludici, culturali e adattati!","robots":{"index":"index","follow":"follow","max-snippet":"max-snippet:-1","max-image-preview":"max-image-preview:large","max-video-preview":"max-video-preview:-1"},"canonical":"https:\/\/www.dynseo.com\/it\/consigli-per-bene-invecchiare\/","og_locale":"it_IT","og_type":"article","og_title":"Consigli pratici per invecchiare bene insieme a DYNSEO","og_description":"Vorresti invecchiare bene? Prova le applicazioni di stimolazione cognitiva con pi\u00f9 di 30 giochi ludici, culturali e adattati!","og_url":"https:\/\/www.dynseo.com\/it\/consigli-per-bene-invecchiare\/","og_site_name":"DYNSEO - App educativa e giochi di memoria","article_modified_time":"2025-12-13T10:46:39+00:00","og_image":[{"width":2000,"height":1500,"url":"https:\/\/www.dynseo.com\/wp-content\/uploads\/2024\/07\/Article-pour-jeux-de-memoire-et-services-educatifs-sur-tablette-1.png","type":"image\/png"}],"twitter_misc":{"Tempo di lettura stimato":"1 minuto"},"schema":{"@context":"https:\/\/schema.org","@graph":[{"@type":"WebPage","@id":"https:\/\/www.dynseo.com\/it\/consigli-per-bene-invecchiare\/","url":"https:\/\/www.dynseo.com\/it\/consigli-per-bene-invecchiare\/","name":"Consigli pratici per invecchiare bene insieme a DYNSEO","isPartOf":{"@id":"https:\/\/www.dynseo.com\/it\/#website"},"primaryImageOfPage":{"@id":"https:\/\/www.dynseo.com\/it\/consigli-per-bene-invecchiare\/#primaryimage"},"image":{"@id":"https:\/\/www.dynseo.com\/it\/consigli-per-bene-invecchiare\/#primaryimage"},"thumbnailUrl":"https:\/\/www.dynseo.com\/wp-content\/uploads\/2024\/07\/Article-pour-jeux-de-memoire-et-services-educatifs-sur-tablette-1.png","datePublished":"2016-06-06T13:34:09+00:00","dateModified":"2025-12-13T10:46:39+00:00","description":"Vorresti invecchiare bene? Prova le applicazioni di stimolazione cognitiva con pi\u00f9 di 30 giochi ludici, culturali e adattati!","breadcrumb":{"@id":"https:\/\/www.dynseo.com\/it\/consigli-per-bene-invecchiare\/#breadcrumb"},"inLanguage":"it-IT","potentialAction":[{"@type":"ReadAction","target":["https:\/\/www.dynseo.com\/it\/consigli-per-bene-invecchiare\/"]}]},{"@type":"ImageObject","inLanguage":"it-IT","@id":"https:\/\/www.dynseo.com\/it\/consigli-per-bene-invecchiare\/#primaryimage","url":"https:\/\/www.dynseo.com\/wp-content\/uploads\/2024\/07\/Article-pour-jeux-de-memoire-et-services-educatifs-sur-tablette-1.png","contentUrl":"https:\/\/www.dynseo.com\/wp-content\/uploads\/2024\/07\/Article-pour-jeux-de-memoire-et-services-educatifs-sur-tablette-1.png","width":2000,"height":1500,"caption":"Mantieni la tua agilit\u00e0 mentale con le nostre attivit\u00e0 divertenti e gratificanti"},{"@type":"BreadcrumbList","@id":"https:\/\/www.dynseo.com\/it\/consigli-per-bene-invecchiare\/#breadcrumb","itemListElement":[{"@type":"ListItem","position":1,"name":"Accueil","item":"https:\/\/www.dynseo.com\/it\/"},{"@type":"ListItem","position":2,"name":"Consigli per bene invecchiare"}]},{"@type":"WebSite","@id":"https:\/\/www.dynseo.com\/it\/#website","url":"https:\/\/www.dynseo.com\/it\/","name":"Jeux de m\u00e9moire et stimulation cognitive","description":"Con DYNSEO, la tua memoria mette il turbo!","publisher":{"@id":"https:\/\/www.dynseo.com\/it\/#organization"},"potentialAction":[{"@type":"SearchAction","target":{"@type":"EntryPoint","urlTemplate":"https:\/\/www.dynseo.com\/it\/?s={search_term_string}"},"query-input":{"@type":"PropertyValueSpecification","valueRequired":true,"valueName":"search_term_string"}}],"inLanguage":"it-IT"},{"@type":"Organization","@id":"https:\/\/www.dynseo.com\/it\/#organization","name":"DYNSEO","url":"https:\/\/www.dynseo.com\/it\/","logo":{"@type":"ImageObject","inLanguage":"it-IT","@id":"https:\/\/www.dynseo.com\/it\/#\/schema\/logo\/image\/","url":"https:\/\/www.dynseo.com\/wp-content\/uploads\/2022\/05\/logo-dynseo-new.png","contentUrl":"https:\/\/www.dynseo.com\/wp-content\/uploads\/2022\/05\/logo-dynseo-new.png","width":5073,"height":1397,"caption":"DYNSEO"},"image":{"@id":"https:\/\/www.dynseo.com\/it\/#\/schema\/logo\/image\/"}}]}},"_links":{"self":[{"href":"https:\/\/www.dynseo.com\/it\/wp-json\/wp\/v2\/pages\/5091","targetHints":{"allow":["GET"]}}],"collection":[{"href":"https:\/\/www.dynseo.com\/it\/wp-json\/wp\/v2\/pages"}],"about":[{"href":"https:\/\/www.dynseo.com\/it\/wp-json\/wp\/v2\/types\/page"}],"author":[{"embeddable":true,"href":"https:\/\/www.dynseo.com\/it\/wp-json\/wp\/v2\/users\/4"}],"replies":[{"embeddable":true,"href":"https:\/\/www.dynseo.com\/it\/wp-json\/wp\/v2\/comments?post=5091"}],"version-history":[{"count":2,"href":"https:\/\/www.dynseo.com\/it\/wp-json\/wp\/v2\/pages\/5091\/revisions"}],"predecessor-version":[{"id":440694,"href":"https:\/\/www.dynseo.com\/it\/wp-json\/wp\/v2\/pages\/5091\/revisions\/440694"}],"wp:featuredmedia":[{"embeddable":true,"href":"https:\/\/www.dynseo.com\/it\/wp-json\/wp\/v2\/media\/130227"}],"wp:attachment":[{"href":"https:\/\/www.dynseo.com\/it\/wp-json\/wp\/v2\/media?parent=5091"}],"curies":[{"name":"wp","href":"https:\/\/api.w.org\/{rel}","templated":true}]}}