{"id":431636,"date":"2025-12-01T19:08:50","date_gmt":"2025-12-01T18:08:50","guid":{"rendered":"https:\/\/www.dynseo.com\/123-standbeeld-beneylu\/"},"modified":"2025-12-22T09:21:08","modified_gmt":"2025-12-22T08:21:08","slug":"123-standbeeld-beneylu","status":"publish","type":"page","link":"https:\/\/www.dynseo.com\/nl\/123-standbeeld-beneylu\/","title":{"rendered":"123 Standbeeld &#8211; Beneylu"},"content":{"rendered":"<p>[et_pb_section fb_built=&#8221;1&#8243; _builder_version=&#8221;4.25.1&#8243; _module_preset=&#8221;default&#8221; background_enable_color=&#8221;off&#8221; da_disable_devices=&#8221;off|off|off&#8221; global_colors_info=&#8221;{}&#8221; da_is_popup=&#8221;off&#8221; da_exit_intent=&#8221;off&#8221; da_has_close=&#8221;on&#8221; da_alt_close=&#8221;off&#8221; da_dark_close=&#8221;off&#8221; da_not_modal=&#8221;on&#8221; da_is_singular=&#8221;off&#8221; da_with_loader=&#8221;off&#8221; da_has_shadow=&#8221;on&#8221;][et_pb_row _builder_version=&#8221;4.25.1&#8243; _module_preset=&#8221;default&#8221; global_colors_info=&#8221;{}&#8221;][et_pb_column type=&#8221;4_4&#8243; _builder_version=&#8221;4.25.1&#8243; _module_preset=&#8221;default&#8221; global_colors_info=&#8221;{}&#8221;][et_pb_text _builder_version=&#8221;4.27.0&#8243; _module_preset=&#8221;default&#8221; global_colors_info=&#8221;{}&#8221;]<\/p>\n<p style=\"width: 100%; height: 100vh; margin: 0; padding: 0;\"><iframe id=\"statue-game\" style=\"width: 100%; height: 100%; overflow: hidden !important; margin: 0; padding: 0; border: none;\" src=\"https:\/\/statue.dynseo.com\/\"><\/iframe><\/p>\n<p>[\/et_pb_text][et_pb_code _builder_version=&#8221;4.27.0&#8243; _module_preset=&#8221;default&#8221; global_colors_info=&#8221;{}&#8221;]<\/pee>\n<style><!-- [et_pb_line_break_holder] -->  .et_pb_section.et_pb_section_0 {<!-- [et_pb_line_break_holder] -->    padding: 0 !important;<!-- [et_pb_line_break_holder] -->    margin: 0 !important;<!-- [et_pb_line_break_holder] -->  }<!-- [et_pb_line_break_holder] -->  .et_pb_row.et_pb_row_0 {<!-- [et_pb_line_break_holder] -->    padding: 0 !important;<!-- [et_pb_line_break_holder] -->    margin: 0 !important;<!-- [et_pb_line_break_holder] -->    width: 100% !important;<!-- [et_pb_line_break_holder] -->    max-width: 100% !important;<!-- [et_pb_line_break_holder] -->  }<!-- [et_pb_line_break_holder] -->  .et_pb_text.et_pb_text_0 {<!-- [et_pb_line_break_holder] -->    padding: 0 !important;<!-- [et_pb_line_break_holder] -->    margin: 0 !important;<!-- [et_pb_line_break_holder] -->  }<!-- [et_pb_line_break_holder] --><\/style>\n<pee>[\/et_pb_code][\/et_pb_column][\/et_pb_row][\/et_pb_section]<\/p>\n<\/p>\n<p>[et_pb_code]<script type=\"application\/ld+json\">{\"@context\":\"https:\/\/schema.org\",\"@type\":\"FAQPage\",\"mainEntity\":[{\"@type\":\"Question\",\"name\":\"Wat is 123 Standbeeld?\",\"acceptedAnswer\":{\"@type\":\"Answer\",\"text\":\"123 Standbeeld is een platform dat verbonden is met Beneylu, een educatieve dienst voor scholen en leerlingen.\"}},{\"@type\":\"Question\",\"name\":\"Voor welke doelgroep is 123 Standbeeld bedoeld?\",\"acceptedAnswer\":{\"@type\":\"Answer\",\"text\":\"123 Standbeeld richt zich voornamelijk op onderwijsinstellingen, leraren en leerlingen die gebruik maken van digitale leermiddelen.\"}},{\"@type\":\"Question\",\"name\":\"Hoe kan ik toegang krijgen tot 123 Standbeeld?\",\"acceptedAnswer\":{\"@type\":\"Answer\",\"text\":\"Toegang tot 123 Standbeeld wordt verkregen via het Beneylu platform, waar scholen en educatieve instellingen zich kunnen registreren.\"}},{\"@type\":\"Question\",\"name\":\"Welke functies biedt 123 Standbeeld?\",\"acceptedAnswer\":{\"@type\":\"Answer\",\"text\":\"123 Standbeeld biedt verschillende educatieve tools en middelen die zijn ge\u00efntegreerd in het Beneylu ecosysteem voor digitaal onderwijs.\"}},{\"@type\":\"Question\",\"name\":\"Is 123 Standbeeld gratis te gebruiken?\",\"acceptedAnswer\":{\"@type\":\"Answer\",\"text\":\"De beschikbaarheid en kosten van 123 Standbeeld zijn afhankelijk van het abonnement dat uw school heeft bij Beneylu. Neem contact op voor specifieke prijsinformatie.\"}},{\"@type\":\"Question\",\"name\":\"Kan ik ondersteuning krijgen bij het gebruik van 123 Standbeeld?\",\"acceptedAnswer\":{\"@type\":\"Answer\",\"text\":\"Ja, ondersteuning is beschikbaar via het Beneylu helpdesk systeem waar gebruikers terecht kunnen met vragen over 123 Standbeeld en andere diensten.\"}}]}<\/script>[\/et_pb_code]<\/p>\n","protected":false},"excerpt":{"rendered":"","protected":false},"author":4,"featured_media":130227,"parent":0,"menu_order":0,"comment_status":"closed","ping_status":"closed","template":"","meta":{"_et_pb_use_builder":"on","_et_pb_old_content":"","_et_gb_content_width":"","footnotes":""},"class_list":["post-431636","page","type-page","status-publish","has-post-thumbnail","hentry"],"yoast_head":"<!-- This site is optimized with the Yoast SEO plugin v27.4 - https:\/\/yoast.com\/product\/yoast-seo-wordpress\/ -->\n<title>123 Standbeeld - Beneylu - Educatieve app en geheugenspelletjes<\/title>\n<meta name=\"robots\" content=\"index, follow, max-snippet:-1, max-image-preview:large, max-video-preview:-1\" \/>\n<link rel=\"canonical\" href=\"https:\/\/www.dynseo.com\/nl\/123-standbeeld-beneylu\/\" \/>\n<meta property=\"og:locale\" content=\"nl_NL\" \/>\n<meta property=\"og:type\" content=\"article\" \/>\n<meta property=\"og:title\" content=\"123 Standbeeld - Beneylu - Educatieve app en geheugenspelletjes\" \/>\n<meta property=\"og:url\" content=\"https:\/\/www.dynseo.com\/nl\/123-standbeeld-beneylu\/\" \/>\n<meta property=\"og:site_name\" content=\"Educatieve app en geheugenspelletjes\" \/>\n<meta property=\"article:modified_time\" content=\"2025-12-22T08:21:08+00:00\" \/>\n<meta property=\"og:image\" content=\"https:\/\/www.dynseo.com\/wp-content\/uploads\/2024\/07\/Article-pour-jeux-de-memoire-et-services-educatifs-sur-tablette-1.png\" \/>\n\t<meta property=\"og:image:width\" content=\"2000\" \/>\n\t<meta property=\"og:image:height\" content=\"1500\" \/>\n\t<meta property=\"og:image:type\" content=\"image\/png\" \/>\n<meta name=\"twitter:label1\" content=\"Geschatte leestijd\" \/>\n\t<meta name=\"twitter:data1\" content=\"1 minuut\" \/>\n<script type=\"application\/ld+json\" class=\"yoast-schema-graph\">{\"@context\":\"https:\\\/\\\/schema.org\",\"@graph\":[{\"@type\":\"WebPage\",\"@id\":\"https:\\\/\\\/www.dynseo.com\\\/nl\\\/123-standbeeld-beneylu\\\/\",\"url\":\"https:\\\/\\\/www.dynseo.com\\\/nl\\\/123-standbeeld-beneylu\\\/\",\"name\":\"123 Standbeeld - Beneylu - Educatieve app en geheugenspelletjes\",\"isPartOf\":{\"@id\":\"https:\\\/\\\/www.dynseo.com\\\/nl\\\/#website\"},\"primaryImageOfPage\":{\"@id\":\"https:\\\/\\\/www.dynseo.com\\\/nl\\\/123-standbeeld-beneylu\\\/#primaryimage\"},\"image\":{\"@id\":\"https:\\\/\\\/www.dynseo.com\\\/nl\\\/123-standbeeld-beneylu\\\/#primaryimage\"},\"thumbnailUrl\":\"https:\\\/\\\/www.dynseo.com\\\/wp-content\\\/uploads\\\/2024\\\/07\\\/Article-pour-jeux-de-memoire-et-services-educatifs-sur-tablette-1.png\",\"datePublished\":\"2025-12-01T18:08:50+00:00\",\"dateModified\":\"2025-12-22T08:21:08+00:00\",\"breadcrumb\":{\"@id\":\"https:\\\/\\\/www.dynseo.com\\\/nl\\\/123-standbeeld-beneylu\\\/#breadcrumb\"},\"inLanguage\":\"nl-NL\",\"potentialAction\":[{\"@type\":\"ReadAction\",\"target\":[\"https:\\\/\\\/www.dynseo.com\\\/nl\\\/123-standbeeld-beneylu\\\/\"]}]},{\"@type\":\"ImageObject\",\"inLanguage\":\"nl-NL\",\"@id\":\"https:\\\/\\\/www.dynseo.com\\\/nl\\\/123-standbeeld-beneylu\\\/#primaryimage\",\"url\":\"https:\\\/\\\/www.dynseo.com\\\/wp-content\\\/uploads\\\/2024\\\/07\\\/Article-pour-jeux-de-memoire-et-services-educatifs-sur-tablette-1.png\",\"contentUrl\":\"https:\\\/\\\/www.dynseo.com\\\/wp-content\\\/uploads\\\/2024\\\/07\\\/Article-pour-jeux-de-memoire-et-services-educatifs-sur-tablette-1.png\",\"width\":2000,\"height\":1500,\"caption\":\"Houd je mentale behendigheid op peil met onze leuke en lonende activiteiten\"},{\"@type\":\"BreadcrumbList\",\"@id\":\"https:\\\/\\\/www.dynseo.com\\\/nl\\\/123-standbeeld-beneylu\\\/#breadcrumb\",\"itemListElement\":[{\"@type\":\"ListItem\",\"position\":1,\"name\":\"Accueil\",\"item\":\"https:\\\/\\\/www.dynseo.com\\\/nl\\\/\"},{\"@type\":\"ListItem\",\"position\":2,\"name\":\"123 Standbeeld &#8211; Beneylu\"}]},{\"@type\":\"WebSite\",\"@id\":\"https:\\\/\\\/www.dynseo.com\\\/nl\\\/#website\",\"url\":\"https:\\\/\\\/www.dynseo.com\\\/nl\\\/\",\"name\":\"Jeux de m\u00e9moire et stimulation cognitive\",\"description\":\"Entra\u00eenez votre m\u00e9moire et votre cerveau avec DYNSEO\",\"publisher\":{\"@id\":\"https:\\\/\\\/www.dynseo.com\\\/nl\\\/#organization\"},\"potentialAction\":[{\"@type\":\"SearchAction\",\"target\":{\"@type\":\"EntryPoint\",\"urlTemplate\":\"https:\\\/\\\/www.dynseo.com\\\/nl\\\/?s={search_term_string}\"},\"query-input\":{\"@type\":\"PropertyValueSpecification\",\"valueRequired\":true,\"valueName\":\"search_term_string\"}}],\"inLanguage\":\"nl-NL\"},{\"@type\":\"Organization\",\"@id\":\"https:\\\/\\\/www.dynseo.com\\\/nl\\\/#organization\",\"name\":\"DYNSEO\",\"url\":\"https:\\\/\\\/www.dynseo.com\\\/nl\\\/\",\"logo\":{\"@type\":\"ImageObject\",\"inLanguage\":\"nl-NL\",\"@id\":\"https:\\\/\\\/www.dynseo.com\\\/nl\\\/#\\\/schema\\\/logo\\\/image\\\/\",\"url\":\"https:\\\/\\\/www.dynseo.com\\\/wp-content\\\/uploads\\\/2022\\\/05\\\/logo-dynseo-new.png\",\"contentUrl\":\"https:\\\/\\\/www.dynseo.com\\\/wp-content\\\/uploads\\\/2022\\\/05\\\/logo-dynseo-new.png\",\"width\":5073,\"height\":1397,\"caption\":\"DYNSEO\"},\"image\":{\"@id\":\"https:\\\/\\\/www.dynseo.com\\\/nl\\\/#\\\/schema\\\/logo\\\/image\\\/\"}}]}<\/script>\n<!-- \/ Yoast SEO plugin. -->","yoast_head_json":{"title":"123 Standbeeld - Beneylu - Educatieve app en geheugenspelletjes","robots":{"index":"index","follow":"follow","max-snippet":"max-snippet:-1","max-image-preview":"max-image-preview:large","max-video-preview":"max-video-preview:-1"},"canonical":"https:\/\/www.dynseo.com\/nl\/123-standbeeld-beneylu\/","og_locale":"nl_NL","og_type":"article","og_title":"123 Standbeeld - Beneylu - Educatieve app en geheugenspelletjes","og_url":"https:\/\/www.dynseo.com\/nl\/123-standbeeld-beneylu\/","og_site_name":"Educatieve app en geheugenspelletjes","article_modified_time":"2025-12-22T08:21:08+00:00","og_image":[{"width":2000,"height":1500,"url":"https:\/\/www.dynseo.com\/wp-content\/uploads\/2024\/07\/Article-pour-jeux-de-memoire-et-services-educatifs-sur-tablette-1.png","type":"image\/png"}],"twitter_misc":{"Geschatte leestijd":"1 minuut"},"schema":{"@context":"https:\/\/schema.org","@graph":[{"@type":"WebPage","@id":"https:\/\/www.dynseo.com\/nl\/123-standbeeld-beneylu\/","url":"https:\/\/www.dynseo.com\/nl\/123-standbeeld-beneylu\/","name":"123 Standbeeld - Beneylu - Educatieve app en geheugenspelletjes","isPartOf":{"@id":"https:\/\/www.dynseo.com\/nl\/#website"},"primaryImageOfPage":{"@id":"https:\/\/www.dynseo.com\/nl\/123-standbeeld-beneylu\/#primaryimage"},"image":{"@id":"https:\/\/www.dynseo.com\/nl\/123-standbeeld-beneylu\/#primaryimage"},"thumbnailUrl":"https:\/\/www.dynseo.com\/wp-content\/uploads\/2024\/07\/Article-pour-jeux-de-memoire-et-services-educatifs-sur-tablette-1.png","datePublished":"2025-12-01T18:08:50+00:00","dateModified":"2025-12-22T08:21:08+00:00","breadcrumb":{"@id":"https:\/\/www.dynseo.com\/nl\/123-standbeeld-beneylu\/#breadcrumb"},"inLanguage":"nl-NL","potentialAction":[{"@type":"ReadAction","target":["https:\/\/www.dynseo.com\/nl\/123-standbeeld-beneylu\/"]}]},{"@type":"ImageObject","inLanguage":"nl-NL","@id":"https:\/\/www.dynseo.com\/nl\/123-standbeeld-beneylu\/#primaryimage","url":"https:\/\/www.dynseo.com\/wp-content\/uploads\/2024\/07\/Article-pour-jeux-de-memoire-et-services-educatifs-sur-tablette-1.png","contentUrl":"https:\/\/www.dynseo.com\/wp-content\/uploads\/2024\/07\/Article-pour-jeux-de-memoire-et-services-educatifs-sur-tablette-1.png","width":2000,"height":1500,"caption":"Houd je mentale behendigheid op peil met onze leuke en lonende activiteiten"},{"@type":"BreadcrumbList","@id":"https:\/\/www.dynseo.com\/nl\/123-standbeeld-beneylu\/#breadcrumb","itemListElement":[{"@type":"ListItem","position":1,"name":"Accueil","item":"https:\/\/www.dynseo.com\/nl\/"},{"@type":"ListItem","position":2,"name":"123 Standbeeld &#8211; Beneylu"}]},{"@type":"WebSite","@id":"https:\/\/www.dynseo.com\/nl\/#website","url":"https:\/\/www.dynseo.com\/nl\/","name":"Jeux de m\u00e9moire et stimulation cognitive","description":"Entra\u00eenez votre m\u00e9moire et votre cerveau avec DYNSEO","publisher":{"@id":"https:\/\/www.dynseo.com\/nl\/#organization"},"potentialAction":[{"@type":"SearchAction","target":{"@type":"EntryPoint","urlTemplate":"https:\/\/www.dynseo.com\/nl\/?s={search_term_string}"},"query-input":{"@type":"PropertyValueSpecification","valueRequired":true,"valueName":"search_term_string"}}],"inLanguage":"nl-NL"},{"@type":"Organization","@id":"https:\/\/www.dynseo.com\/nl\/#organization","name":"DYNSEO","url":"https:\/\/www.dynseo.com\/nl\/","logo":{"@type":"ImageObject","inLanguage":"nl-NL","@id":"https:\/\/www.dynseo.com\/nl\/#\/schema\/logo\/image\/","url":"https:\/\/www.dynseo.com\/wp-content\/uploads\/2022\/05\/logo-dynseo-new.png","contentUrl":"https:\/\/www.dynseo.com\/wp-content\/uploads\/2022\/05\/logo-dynseo-new.png","width":5073,"height":1397,"caption":"DYNSEO"},"image":{"@id":"https:\/\/www.dynseo.com\/nl\/#\/schema\/logo\/image\/"}}]}},"_links":{"self":[{"href":"https:\/\/www.dynseo.com\/nl\/wp-json\/wp\/v2\/pages\/431636","targetHints":{"allow":["GET"]}}],"collection":[{"href":"https:\/\/www.dynseo.com\/nl\/wp-json\/wp\/v2\/pages"}],"about":[{"href":"https:\/\/www.dynseo.com\/nl\/wp-json\/wp\/v2\/types\/page"}],"author":[{"embeddable":true,"href":"https:\/\/www.dynseo.com\/nl\/wp-json\/wp\/v2\/users\/4"}],"replies":[{"embeddable":true,"href":"https:\/\/www.dynseo.com\/nl\/wp-json\/wp\/v2\/comments?post=431636"}],"version-history":[{"count":3,"href":"https:\/\/www.dynseo.com\/nl\/wp-json\/wp\/v2\/pages\/431636\/revisions"}],"predecessor-version":[{"id":451848,"href":"https:\/\/www.dynseo.com\/nl\/wp-json\/wp\/v2\/pages\/431636\/revisions\/451848"}],"wp:featuredmedia":[{"embeddable":true,"href":"https:\/\/www.dynseo.com\/nl\/wp-json\/wp\/v2\/media\/130227"}],"wp:attachment":[{"href":"https:\/\/www.dynseo.com\/nl\/wp-json\/wp\/v2\/media?parent=431636"}],"curies":[{"name":"wp","href":"https:\/\/api.w.org\/{rel}","templated":true}]}}