{"id":431687,"date":"2025-12-01T19:12:37","date_gmt":"2025-12-01T18:12:37","guid":{"rendered":"https:\/\/www.dynseo.com\/404-fout-de-inhoud-is-niet-langer-beschikbaar\/"},"modified":"2025-12-22T09:20:15","modified_gmt":"2025-12-22T08:20:15","slug":"404-fout-de-inhoud-is-niet-langer-beschikbaar","status":"publish","type":"page","link":"https:\/\/www.dynseo.com\/nl\/404-fout-de-inhoud-is-niet-langer-beschikbaar\/","title":{"rendered":"404 Fout, de inhoud is niet langer beschikbaar"},"content":{"rendered":"<p>[et_pb_section fb_built=&#8221;1&#8243; _builder_version=&#8221;4.18.0&#8243; _module_preset=&#8221;default&#8221; background_enable_color=&#8221;off&#8221; global_colors_info=&#8221;{}&#8221; da_is_popup=&#8221;off&#8221; da_exit_intent=&#8221;off&#8221; da_has_close=&#8221;on&#8221; da_alt_close=&#8221;off&#8221; da_dark_close=&#8221;off&#8221; da_not_modal=&#8221;on&#8221; da_is_singular=&#8221;off&#8221; da_with_loader=&#8221;off&#8221; da_has_shadow=&#8221;on&#8221; da_disable_devices=&#8221;off|off|off&#8221;][et_pb_row column_structure=&#8221;1_2,1_2&#8243; _builder_version=&#8221;4.18.0&#8243; _module_preset=&#8221;default&#8221; global_colors_info=&#8221;{}&#8221;][et_pb_column type=&#8221;1_2&#8243; _builder_version=&#8221;4.18.0&#8243; _module_preset=&#8221;default&#8221; global_colors_info=&#8221;{}&#8221;][et_pb_image src=&#8221;https:\/\/www.dynseo.com\/wp-content\/uploads\/2022\/10\/oups-erreur-404.png&#8221; title_text=&#8221;oeps 404 fout&#8221; _builder_version=&#8221;4.18.0&#8243; _module_preset=&#8221;default&#8221; global_colors_info=&#8221;{}&#8221;][\/et_pb_image][\/et_pb_column][et_pb_column type=&#8221;1_2&#8243; _builder_version=&#8221;4.18.0&#8243; _module_preset=&#8221;default&#8221; global_colors_info=&#8221;{}&#8221;][et_pb_text _builder_version=&#8221;4.18.0&#8243; _module_preset=&#8221;default&#8221; text_font=&#8221;Montserrat||||||||&#8221; global_colors_info=&#8221;{}&#8221;]<\/p>\n<h2>TINY dan!<\/h2>\n<p>&nbsp;<\/p>\n<p>&nbsp;<\/p>\n<p>Het spijt me, maar de pagina die u zoekt is niet langer beschikbaar. Ga terug naar het beginscherm om de gewenste inhoud te vinden of gebruik het zoekvak. <\/p>\n<p>&nbsp;<\/p>\n<p>Je kunt ons ook schrijven op curieux@dynseo.com.<\/p>\n<p>En als je haast hebt, bel ons dan op <strong>09 66 93 84 22<\/strong>! We staan klaar om je te helpen.<\/p>\n<p>[\/et_pb_text][et_pb_search placeholder_color=&#8221;#000000&#8243; _builder_version=&#8221;4.18.0&#8243; _module_preset=&#8221;default&#8221; form_field_font=&#8221;Montserrat|800|||||||&#8221; form_field_font_size=&#8221;13px&#8221; form_field_letter_spacing=&#8221;26px&#8221; global_colors_info=&#8221;{}&#8221;][\/et_pb_search][et_pb_button button_url=&#8221;https:\/\/www.dynseo.com\/nl\/&#8221; button_text=&#8221;TERUG NAAR DE STARTPAGINA&#8221; button_alignment=&#8221;center&#8221; _builder_version=&#8221;4.18.0&#8243; custom_button=&#8221;on&#8221; button_text_size=&#8221;15px&#8221; button_text_color=&#8221;#FFFFFF&#8221; button_bg_color=&#8221;#5e5ed7&#8243; button_bg_color_gradient_direction=&#8221;90deg&#8221; button_bg_color_gradient_stops=&#8221;#f7828e 0%|#fcb6ab 100%&#8221; button_bg_color_gradient_start=&#8221;#f7828e&#8221; button_bg_color_gradient_end=&#8221;#fcb6ab&#8221; button_border_width=&#8221;0px&#8221; button_border_color=&#8221;rgba(0,0,0,0)&#8221; button_border_radius=&#8221;18px&#8221; button_letter_spacing=&#8221;2px&#8221; button_font=&#8221;Montserrat|700||on|||||&#8221; button_use_icon=&#8221;off&#8221; custom_margin=&#8221;-10px|||&#8221; custom_margin_tablet=&#8221;-10px|||&#8221; custom_margin_phone=&#8221;-20px||||false|false&#8221; custom_margin_last_edited=&#8221;on|phone&#8221; custom_padding=&#8221;10px|20px|10px|20px|true|true&#8221; custom_padding_tablet=&#8221;10px|20px|10px|20px|true|true&#8221; custom_padding_phone=&#8221;10px|20px|10px|20px|true|true&#8221; custom_padding_last_edited=&#8221;on|phone&#8221; animation_style=&#8221;zoom&#8221; animation_intensity_zoom=&#8221;8%&#8221; button_text_size_tablet=&#8221;12px&#8221; button_text_size_phone=&#8221;10px&#8221; button_text_size_last_edited=&#8221;on|tablet&#8221; button_border_radius_tablet=&#8221;12px&#8221; button_border_radius_phone=&#8221;10px&#8221; button_border_radius_last_edited=&#8221;on|tablet&#8221; box_shadow_style=&#8221;preset1&#8243; box_shadow_blur=&#8221;30px&#8221; box_shadow_color=&#8221;rgba(110,130,208,0.14)&#8221; button_text_color_hover=&#8221;#7a69e6&#8243; button_letter_spacing_hover=&#8221;8px&#8221; locked=&#8221;off&#8221; global_colors_info=&#8221;{}&#8221; button_text_size__hover_enabled=&#8221;off&#8221; button_one_text_size__hover_enabled=&#8221;off&#8221; button_two_text_size__hover_enabled=&#8221;off&#8221; button_text_color__hover_enabled=&#8221;on&#8221; button_text_color__hover=&#8221;#7a69e6&#8243; button_one_text_color__hover_enabled=&#8221;off&#8221; button_two_text_color__hover_enabled=&#8221;off&#8221; button_border_width__hover_enabled=&#8221;off&#8221; button_one_border_width__hover_enabled=&#8221;off&#8221; button_two_border_width__hover_enabled=&#8221;off&#8221; button_border_color__hover_enabled=&#8221;off&#8221; button_one_border_color__hover_enabled=&#8221;off&#8221; button_two_border_color__hover_enabled=&#8221;off&#8221; button_border_radius__hover_enabled=&#8221;off&#8221; button_one_border_radius__hover_enabled=&#8221;off&#8221; button_two_border_radius__hover_enabled=&#8221;off&#8221; button_letter_spacing__hover_enabled=&#8221;on&#8221; button_letter_spacing__hover=&#8221;8px&#8221; button_one_letter_spacing__hover_enabled=&#8221;off&#8221; button_two_letter_spacing__hover_enabled=&#8221;off&#8221; button_bg_color__hover_enabled=&#8221;off&#8221; button_one_bg_color__hover_enabled=&#8221;off&#8221; button_two_bg_color__hover_enabled=&#8221;off&#8221;][\/et_pb_button][\/et_pb_column][\/et_pb_row][\/et_pb_section]<\/p>\n<p>[et_pb_code]<script type=\"application\/ld+json\">{\"@context\":\"https:\/\/schema.org\",\"@type\":\"FAQPage\",\"mainEntity\":[{\"@type\":\"Question\",\"name\":\"Wat betekent een 404 fout?\",\"acceptedAnswer\":{\"@type\":\"Answer\",\"text\":\"Een 404 fout betekent dat de pagina die u zoekt niet langer beschikbaar is of niet meer bestaat op de website.\"}},{\"@type\":\"Question\",\"name\":\"Wat kan ik doen als ik een 404 fout tegenkom?\",\"acceptedAnswer\":{\"@type\":\"Answer\",\"text\":\"U kunt teruggaan naar het beginscherm om de gewenste inhoud te vinden, het zoekvak gebruiken, of de knop 'TERUG NAAR DE STARTPAGINA' klikken.\"}},{\"@type\":\"Question\",\"name\":\"Hoe kan ik contact opnemen voor hulp?\",\"acceptedAnswer\":{\"@type\":\"Answer\",\"text\":\"U kunt ons een e-mail schrijven op curieux@dynseo.com of bellen naar 09 66 93 84 22 als u haast hebt.\"}},{\"@type\":\"Question\",\"name\":\"Is er een zoekfunctie beschikbaar op deze foutpagina?\",\"acceptedAnswer\":{\"@type\":\"Answer\",\"text\":\"Ja, er is een zoekvak aanwezig op de 404 foutpagina waarmee u kunt zoeken naar de gewenste inhoud op de website.\"}},{\"@type\":\"Question\",\"name\":\"Kan ik direct terug naar de hoofdpagina?\",\"acceptedAnswer\":{\"@type\":\"Answer\",\"text\":\"Ja, er is een knop 'TERUG NAAR DE STARTPAGINA' beschikbaar die u direct naar de hoofdpagina van dynseo.com brengt.\"}},{\"@type\":\"Question\",\"name\":\"Waarom zie ik deze 404 foutpagina?\",\"acceptedAnswer\":{\"@type\":\"Answer\",\"text\":\"U ziet deze pagina omdat de inhoud die u probeerde te bereiken niet langer beschikbaar is. Dit kan gebeuren wanneer pagina's worden verplaatst, verwijderd of de URL is gewijzigd.\"}}]}<\/script>[\/et_pb_code]<\/p>\n","protected":false},"excerpt":{"rendered":"<p>metaseo_404_pagina<\/p>\n","protected":false},"author":4,"featured_media":130227,"parent":0,"menu_order":0,"comment_status":"closed","ping_status":"closed","template":"","meta":{"_et_pb_use_builder":"on","_et_pb_old_content":"","_et_gb_content_width":"","footnotes":""},"class_list":["post-431687","page","type-page","status-publish","has-post-thumbnail","hentry"],"yoast_head":"<!-- This site is optimized with the Yoast SEO plugin v27.4 - https:\/\/yoast.com\/product\/yoast-seo-wordpress\/ -->\n<title>404 Fout, de inhoud bestaat niet, het spijt ons<\/title>\n<meta name=\"description\" content=\"404-fout, inhoud bestaat niet meer. Deze pagina bestaat niet ... of bestaat niet meer. Geen zorgen, we hebben meer! Hersenspelletjes...\" \/>\n<meta name=\"robots\" content=\"index, follow, max-snippet:-1, max-image-preview:large, max-video-preview:-1\" \/>\n<link rel=\"canonical\" href=\"https:\/\/www.dynseo.com\/nl\/404-fout-de-inhoud-is-niet-langer-beschikbaar\/\" \/>\n<meta property=\"og:locale\" content=\"nl_NL\" \/>\n<meta property=\"og:type\" content=\"article\" \/>\n<meta property=\"og:title\" content=\"404 Fout, de inhoud bestaat niet, het spijt ons\" \/>\n<meta property=\"og:description\" content=\"404-fout, inhoud bestaat niet meer. Deze pagina bestaat niet ... of bestaat niet meer. Geen zorgen, we hebben meer! Hersenspelletjes...\" \/>\n<meta property=\"og:url\" content=\"https:\/\/www.dynseo.com\/nl\/404-fout-de-inhoud-is-niet-langer-beschikbaar\/\" \/>\n<meta property=\"og:site_name\" content=\"Educatieve app en geheugenspelletjes\" \/>\n<meta property=\"article:modified_time\" content=\"2025-12-22T08:20:15+00:00\" \/>\n<meta property=\"og:image\" content=\"https:\/\/www.dynseo.com\/wp-content\/uploads\/2024\/07\/Article-pour-jeux-de-memoire-et-services-educatifs-sur-tablette-1.png\" \/>\n\t<meta property=\"og:image:width\" content=\"2000\" \/>\n\t<meta property=\"og:image:height\" content=\"1500\" \/>\n\t<meta property=\"og:image:type\" content=\"image\/png\" \/>\n<meta name=\"twitter:label1\" content=\"Geschatte leestijd\" \/>\n\t<meta name=\"twitter:data1\" content=\"3 minuten\" \/>\n<script type=\"application\/ld+json\" class=\"yoast-schema-graph\">{\"@context\":\"https:\\\/\\\/schema.org\",\"@graph\":[{\"@type\":\"WebPage\",\"@id\":\"https:\\\/\\\/www.dynseo.com\\\/nl\\\/404-fout-de-inhoud-is-niet-langer-beschikbaar\\\/\",\"url\":\"https:\\\/\\\/www.dynseo.com\\\/nl\\\/404-fout-de-inhoud-is-niet-langer-beschikbaar\\\/\",\"name\":\"404 Fout, de inhoud bestaat niet, het spijt ons\",\"isPartOf\":{\"@id\":\"https:\\\/\\\/www.dynseo.com\\\/nl\\\/#website\"},\"primaryImageOfPage\":{\"@id\":\"https:\\\/\\\/www.dynseo.com\\\/nl\\\/404-fout-de-inhoud-is-niet-langer-beschikbaar\\\/#primaryimage\"},\"image\":{\"@id\":\"https:\\\/\\\/www.dynseo.com\\\/nl\\\/404-fout-de-inhoud-is-niet-langer-beschikbaar\\\/#primaryimage\"},\"thumbnailUrl\":\"https:\\\/\\\/www.dynseo.com\\\/wp-content\\\/uploads\\\/2024\\\/07\\\/Article-pour-jeux-de-memoire-et-services-educatifs-sur-tablette-1.png\",\"datePublished\":\"2025-12-01T18:12:37+00:00\",\"dateModified\":\"2025-12-22T08:20:15+00:00\",\"description\":\"404-fout, inhoud bestaat niet meer. Deze pagina bestaat niet ... of bestaat niet meer. Geen zorgen, we hebben meer! Hersenspelletjes...\",\"breadcrumb\":{\"@id\":\"https:\\\/\\\/www.dynseo.com\\\/nl\\\/404-fout-de-inhoud-is-niet-langer-beschikbaar\\\/#breadcrumb\"},\"inLanguage\":\"nl-NL\",\"potentialAction\":[{\"@type\":\"ReadAction\",\"target\":[\"https:\\\/\\\/www.dynseo.com\\\/nl\\\/404-fout-de-inhoud-is-niet-langer-beschikbaar\\\/\"]}]},{\"@type\":\"ImageObject\",\"inLanguage\":\"nl-NL\",\"@id\":\"https:\\\/\\\/www.dynseo.com\\\/nl\\\/404-fout-de-inhoud-is-niet-langer-beschikbaar\\\/#primaryimage\",\"url\":\"https:\\\/\\\/www.dynseo.com\\\/wp-content\\\/uploads\\\/2024\\\/07\\\/Article-pour-jeux-de-memoire-et-services-educatifs-sur-tablette-1.png\",\"contentUrl\":\"https:\\\/\\\/www.dynseo.com\\\/wp-content\\\/uploads\\\/2024\\\/07\\\/Article-pour-jeux-de-memoire-et-services-educatifs-sur-tablette-1.png\",\"width\":2000,\"height\":1500,\"caption\":\"Houd je mentale behendigheid op peil met onze leuke en lonende activiteiten\"},{\"@type\":\"BreadcrumbList\",\"@id\":\"https:\\\/\\\/www.dynseo.com\\\/nl\\\/404-fout-de-inhoud-is-niet-langer-beschikbaar\\\/#breadcrumb\",\"itemListElement\":[{\"@type\":\"ListItem\",\"position\":1,\"name\":\"Accueil\",\"item\":\"https:\\\/\\\/www.dynseo.com\\\/nl\\\/\"},{\"@type\":\"ListItem\",\"position\":2,\"name\":\"404 Fout, de inhoud is niet langer beschikbaar\"}]},{\"@type\":\"WebSite\",\"@id\":\"https:\\\/\\\/www.dynseo.com\\\/nl\\\/#website\",\"url\":\"https:\\\/\\\/www.dynseo.com\\\/nl\\\/\",\"name\":\"Jeux de m\u00e9moire et stimulation cognitive\",\"description\":\"Entra\u00eenez votre m\u00e9moire et votre cerveau avec DYNSEO\",\"publisher\":{\"@id\":\"https:\\\/\\\/www.dynseo.com\\\/nl\\\/#organization\"},\"potentialAction\":[{\"@type\":\"SearchAction\",\"target\":{\"@type\":\"EntryPoint\",\"urlTemplate\":\"https:\\\/\\\/www.dynseo.com\\\/nl\\\/?s={search_term_string}\"},\"query-input\":{\"@type\":\"PropertyValueSpecification\",\"valueRequired\":true,\"valueName\":\"search_term_string\"}}],\"inLanguage\":\"nl-NL\"},{\"@type\":\"Organization\",\"@id\":\"https:\\\/\\\/www.dynseo.com\\\/nl\\\/#organization\",\"name\":\"DYNSEO\",\"url\":\"https:\\\/\\\/www.dynseo.com\\\/nl\\\/\",\"logo\":{\"@type\":\"ImageObject\",\"inLanguage\":\"nl-NL\",\"@id\":\"https:\\\/\\\/www.dynseo.com\\\/nl\\\/#\\\/schema\\\/logo\\\/image\\\/\",\"url\":\"https:\\\/\\\/www.dynseo.com\\\/wp-content\\\/uploads\\\/2022\\\/05\\\/logo-dynseo-new.png\",\"contentUrl\":\"https:\\\/\\\/www.dynseo.com\\\/wp-content\\\/uploads\\\/2022\\\/05\\\/logo-dynseo-new.png\",\"width\":5073,\"height\":1397,\"caption\":\"DYNSEO\"},\"image\":{\"@id\":\"https:\\\/\\\/www.dynseo.com\\\/nl\\\/#\\\/schema\\\/logo\\\/image\\\/\"}}]}<\/script>\n<!-- \/ Yoast SEO plugin. -->","yoast_head_json":{"title":"404 Fout, de inhoud bestaat niet, het spijt ons","description":"404-fout, inhoud bestaat niet meer. Deze pagina bestaat niet ... of bestaat niet meer. Geen zorgen, we hebben meer! Hersenspelletjes...","robots":{"index":"index","follow":"follow","max-snippet":"max-snippet:-1","max-image-preview":"max-image-preview:large","max-video-preview":"max-video-preview:-1"},"canonical":"https:\/\/www.dynseo.com\/nl\/404-fout-de-inhoud-is-niet-langer-beschikbaar\/","og_locale":"nl_NL","og_type":"article","og_title":"404 Fout, de inhoud bestaat niet, het spijt ons","og_description":"404-fout, inhoud bestaat niet meer. Deze pagina bestaat niet ... of bestaat niet meer. Geen zorgen, we hebben meer! Hersenspelletjes...","og_url":"https:\/\/www.dynseo.com\/nl\/404-fout-de-inhoud-is-niet-langer-beschikbaar\/","og_site_name":"Educatieve app en geheugenspelletjes","article_modified_time":"2025-12-22T08:20:15+00:00","og_image":[{"width":2000,"height":1500,"url":"https:\/\/www.dynseo.com\/wp-content\/uploads\/2024\/07\/Article-pour-jeux-de-memoire-et-services-educatifs-sur-tablette-1.png","type":"image\/png"}],"twitter_misc":{"Geschatte leestijd":"3 minuten"},"schema":{"@context":"https:\/\/schema.org","@graph":[{"@type":"WebPage","@id":"https:\/\/www.dynseo.com\/nl\/404-fout-de-inhoud-is-niet-langer-beschikbaar\/","url":"https:\/\/www.dynseo.com\/nl\/404-fout-de-inhoud-is-niet-langer-beschikbaar\/","name":"404 Fout, de inhoud bestaat niet, het spijt ons","isPartOf":{"@id":"https:\/\/www.dynseo.com\/nl\/#website"},"primaryImageOfPage":{"@id":"https:\/\/www.dynseo.com\/nl\/404-fout-de-inhoud-is-niet-langer-beschikbaar\/#primaryimage"},"image":{"@id":"https:\/\/www.dynseo.com\/nl\/404-fout-de-inhoud-is-niet-langer-beschikbaar\/#primaryimage"},"thumbnailUrl":"https:\/\/www.dynseo.com\/wp-content\/uploads\/2024\/07\/Article-pour-jeux-de-memoire-et-services-educatifs-sur-tablette-1.png","datePublished":"2025-12-01T18:12:37+00:00","dateModified":"2025-12-22T08:20:15+00:00","description":"404-fout, inhoud bestaat niet meer. Deze pagina bestaat niet ... of bestaat niet meer. Geen zorgen, we hebben meer! Hersenspelletjes...","breadcrumb":{"@id":"https:\/\/www.dynseo.com\/nl\/404-fout-de-inhoud-is-niet-langer-beschikbaar\/#breadcrumb"},"inLanguage":"nl-NL","potentialAction":[{"@type":"ReadAction","target":["https:\/\/www.dynseo.com\/nl\/404-fout-de-inhoud-is-niet-langer-beschikbaar\/"]}]},{"@type":"ImageObject","inLanguage":"nl-NL","@id":"https:\/\/www.dynseo.com\/nl\/404-fout-de-inhoud-is-niet-langer-beschikbaar\/#primaryimage","url":"https:\/\/www.dynseo.com\/wp-content\/uploads\/2024\/07\/Article-pour-jeux-de-memoire-et-services-educatifs-sur-tablette-1.png","contentUrl":"https:\/\/www.dynseo.com\/wp-content\/uploads\/2024\/07\/Article-pour-jeux-de-memoire-et-services-educatifs-sur-tablette-1.png","width":2000,"height":1500,"caption":"Houd je mentale behendigheid op peil met onze leuke en lonende activiteiten"},{"@type":"BreadcrumbList","@id":"https:\/\/www.dynseo.com\/nl\/404-fout-de-inhoud-is-niet-langer-beschikbaar\/#breadcrumb","itemListElement":[{"@type":"ListItem","position":1,"name":"Accueil","item":"https:\/\/www.dynseo.com\/nl\/"},{"@type":"ListItem","position":2,"name":"404 Fout, de inhoud is niet langer beschikbaar"}]},{"@type":"WebSite","@id":"https:\/\/www.dynseo.com\/nl\/#website","url":"https:\/\/www.dynseo.com\/nl\/","name":"Jeux de m\u00e9moire et stimulation cognitive","description":"Entra\u00eenez votre m\u00e9moire et votre cerveau avec DYNSEO","publisher":{"@id":"https:\/\/www.dynseo.com\/nl\/#organization"},"potentialAction":[{"@type":"SearchAction","target":{"@type":"EntryPoint","urlTemplate":"https:\/\/www.dynseo.com\/nl\/?s={search_term_string}"},"query-input":{"@type":"PropertyValueSpecification","valueRequired":true,"valueName":"search_term_string"}}],"inLanguage":"nl-NL"},{"@type":"Organization","@id":"https:\/\/www.dynseo.com\/nl\/#organization","name":"DYNSEO","url":"https:\/\/www.dynseo.com\/nl\/","logo":{"@type":"ImageObject","inLanguage":"nl-NL","@id":"https:\/\/www.dynseo.com\/nl\/#\/schema\/logo\/image\/","url":"https:\/\/www.dynseo.com\/wp-content\/uploads\/2022\/05\/logo-dynseo-new.png","contentUrl":"https:\/\/www.dynseo.com\/wp-content\/uploads\/2022\/05\/logo-dynseo-new.png","width":5073,"height":1397,"caption":"DYNSEO"},"image":{"@id":"https:\/\/www.dynseo.com\/nl\/#\/schema\/logo\/image\/"}}]}},"_links":{"self":[{"href":"https:\/\/www.dynseo.com\/nl\/wp-json\/wp\/v2\/pages\/431687","targetHints":{"allow":["GET"]}}],"collection":[{"href":"https:\/\/www.dynseo.com\/nl\/wp-json\/wp\/v2\/pages"}],"about":[{"href":"https:\/\/www.dynseo.com\/nl\/wp-json\/wp\/v2\/types\/page"}],"author":[{"embeddable":true,"href":"https:\/\/www.dynseo.com\/nl\/wp-json\/wp\/v2\/users\/4"}],"replies":[{"embeddable":true,"href":"https:\/\/www.dynseo.com\/nl\/wp-json\/wp\/v2\/comments?post=431687"}],"version-history":[{"count":9,"href":"https:\/\/www.dynseo.com\/nl\/wp-json\/wp\/v2\/pages\/431687\/revisions"}],"predecessor-version":[{"id":451847,"href":"https:\/\/www.dynseo.com\/nl\/wp-json\/wp\/v2\/pages\/431687\/revisions\/451847"}],"wp:featuredmedia":[{"embeddable":true,"href":"https:\/\/www.dynseo.com\/nl\/wp-json\/wp\/v2\/media\/130227"}],"wp:attachment":[{"href":"https:\/\/www.dynseo.com\/nl\/wp-json\/wp\/v2\/media?parent=431687"}],"curies":[{"name":"wp","href":"https:\/\/api.w.org\/{rel}","templated":true}]}}