{"id":486457,"date":"2026-01-16T22:12:08","date_gmt":"2026-01-16T21:12:08","guid":{"rendered":"https:\/\/www.dynseo.com\/sociaal-verband\/"},"modified":"2026-01-16T22:12:08","modified_gmt":"2026-01-16T21:12:08","slug":"sociaal-verband","status":"publish","type":"page","link":"https:\/\/www.dynseo.com\/nl\/sociaal-verband\/","title":{"rendered":"Sociaal verband"},"content":{"rendered":"<h2 style=\"text-align: left;\"><span style=\"color: #008080;\">Vind hier al onze producten en diensten die bijdragen aan het behouden van sociale relaties en welzijn.<\/span><\/h2>\n<p>&nbsp;<\/p>\n<h3><\/h3>\n<h3 style=\"text-align: center;\"><span style=\"color: #008080;\"><a href=\"https:\/\/www.dynseo.com\/nl\/dynseo-familie\/\" title=\"DYNSEO Family\">DYNSEO FAMILY<\/a>, de vereenvoudigde berichtenservice<\/span><\/h3>\n<p>&nbsp;<\/p>\n<p><a href=\"https:\/\/www.<a href=\"https:\/\/www.dynseo.com\/occupez-vos-residents-en-partenariat-avec-dynseo-covid-19\/\" title=\"Occupez vos r\u00e9sidents en partenariat avec Dynseo | COVID-19\">dynseo<\/a>.com\/nos-produits\/dynseo-family\/&#8221;><img loading=\"lazy\" decoding=\"async\" class=\"wp-image-6085 aligncenter\" src=\"https:\/\/www.dynseo.com\/wp-content\/uploads\/2017\/04\/app-messagerie-simple-1.png\" alt=\"\" width=\"555\" height=\"194\" srcset=\"https:\/\/www.dynseo.com\/wp-content\/uploads\/2017\/04\/app-messagerie-simple-1.png 555w, https:\/\/www.dynseo.com\/wp-content\/uploads\/2017\/04\/app-messagerie-simple-1-480x168.png 480w\" sizes=\"(min-width: 0px) and (max-width: 480px) 480px, (min-width: 481px) 555px, 100vw\" \/><\/a><\/p>\n<p>&nbsp;<\/p>\n<p>&nbsp;<\/p>\n<p>&nbsp;<\/p>\n<p>&nbsp;<\/p>\n<p>&nbsp;<\/p>\n<p>&nbsp;<\/p>\n<p>&nbsp;<\/p>\n<h3 style=\"text-align: center;\"><span style=\"color: #008080;\">ALLO C&#8217;EST QUI, de zakgids over uw contacten!<\/span><\/h3>\n<p>&nbsp;<\/p>\n<p style=\"text-align: center;\">\n<p>&nbsp;<\/p>\n<p>&nbsp;<\/p>\n<p>&nbsp;<\/p>\n<p>&nbsp;<\/p>\n<p>&nbsp;<\/p>\n<p>&nbsp;<\/p>\n<h3 style=\"text-align: center;\"><span style=\"color: #008080;\">MOODME, volg de stemming van uw naasten op afstand!<\/span><\/h3>\n<p>&nbsp;<\/p>\n<h3 style=\"text-align: left;\"><img loading=\"lazy\" decoding=\"async\" class=\"wp-image-6091 aligncenter\" src=\"https:\/\/www.dynseo.com\/wp-content\/uploads\/2017\/04\/app-bien-etre-moodme-3.png\" alt=\"\" width=\"554\" height=\"194\" srcset=\"https:\/\/www.dynseo.com\/wp-content\/uploads\/2017\/04\/app-bien-etre-moodme-3.png 554w, https:\/\/www.dynseo.com\/wp-content\/uploads\/2017\/04\/app-bien-etre-moodme-3-480x168.png 480w\" sizes=\"(min-width: 0px) and (max-width: 480px) 480px, (min-width: 481px) 554px, 100vw\" \/><\/h3>\n<p>&nbsp;<\/p>\n<h3><\/h3>\n<h3><\/h3>\n<h3><\/h3>\n<h3><\/h3>\n<p>&nbsp;<\/p>\n<p>&nbsp;<\/p>\n<p>&nbsp;<\/p>\n<h3 style=\"text-align: center;\"><span style=\"color: #008080;\">E-AIDANTS, het geolokaliseerde sociale netwerk van zorgverleners<\/span><\/h3>\n<p>&nbsp;<\/p>\n<p>[et_pb_code]<script type=\"application\/ld+json\">{\"@context\":\"https:\/\/schema.org\",\"@type\":\"FAQPage\",\"mainEntity\":[{\"@type\":\"Question\",\"name\":\"<a href=\"https:\/\/www.dynseo.com\/nl\/welke-educatieve-hulpmiddelen-om-kinderen-met-het-syndroom-van-down-te-ondersteunen-in-hun-leerprocessen\/\" title=\"Quels outils \u00e9ducatifs pour accompagner les enfants trisomiques dans leurs apprentissages\">Welke<\/a> producten en diensten worden aangeboden om de sociale banden te behouden?\",\"acceptedAnswer\":{\"@type\":\"Answer\",\"text\":\"Wij bieden verschillende oplossingen om de sociale banden en welzijn te bevorderen: DYNSEO FAMILY (vereenvoudigde berichtenservice), ALLO C'EST QUI (zakgids over uw contacten), MOODME (volgen van de stemming van uw naasten op afstand) en E-AIDANTS (geolokaliseerd sociaal netwerk van zorgverleners).\"}},{\"@type\":\"Question\",\"name\":\"Wat is DYNSEO FAMILY?\",\"acceptedAnswer\":{\"@type\":\"Answer\",\"text\":\"DYNSEO FAMILY is een vereenvoudigde berichtenservice ontworpen om communicatie te vergemakkelijken en sociale banden te behouden, bijzonder geschikt voor mensen die een toegankelijke berichteninterface wensen.\"}},{\"@type\":\"Question\",\"name\":\"Waar dient de applicatie ALLO C'EST QUI voor?\",\"acceptedAnswer\":{\"@type\":\"Answer\",\"text\":\"ALLO C'EST QUI is een zakgids over uw contacten die helpt bij het eenvoudig en effici\u00ebnt identificeren en beheren van uw telefooncontacten.\"}},{\"@type\":\"Question\",\"name\":\"Hoe werkt MOODME?\",\"acceptedAnswer\":{\"@type\":\"Answer\",\"text\":\"MOODME is een oplossing die het mogelijk maakt de stemming van uw naasten op afstand te volgen, en biedt een manier om verbonden te blijven met het emotioneel welzijn van uw omgeving, zelfs als u niet fysiek aanwezig bent.\"}},{\"@type\":\"Question\",\"name\":\"Wat is E-AIDANTS?\",\"acceptedAnswer\":{\"@type\":\"Answer\",\"text\":\"E-AIDANTS is een geolokaliseerd sociaal netwerk speciaal ontworpen voor zorgverleners, waarmee ze kunnen verbinden met andere zorgverleners in hun regio en middelen en steun kunnen delen.\"}},{\"@type\":\"Question\",\"name\":\"Zijn deze oplossingen gericht op een specifiek publiek?\",\"acceptedAnswer\":{\"@type\":\"Answer\",\"text\":\"Deze producten en diensten zijn bijzonder geschikt voor ouderen, <a href=\"https:\/\/www.dynseo.com\/nl\/familieleden-ondersteunen-uitputting-voorkomen-door-cognitieve-training\/\" title=\"Accompagner les aidants familiaux : pr\u00e9venir l&#039;\u00e9puisement par l&#039;entra\u00eenement cognitif\">familiezorgers<\/a> en iedereen die hun sociale banden wil behouden en versterken met behulp van eenvoudige en toegankelijke <a href=\"https:\/\/www.dynseo.com\/les-outils-technologiques-pour-la-reeducation-de-la-memoire-en-orthophonie\/\" title=\"Les outils technologiques pour la r\u00e9\u00e9ducation de la m\u00e9moire en orthophonie\">technologische tools<\/a>.\"}}]}<\/script>[\/et_pb_code]<\/p>\n","protected":false},"excerpt":{"rendered":"<p>Vind hier al onze producten en diensten die bijdragen aan het behouden van sociale relaties en welzijn. &nbsp; DYNSEO FAMILY, de vereenvoudigde berichtenservice &nbsp; &nbsp; &nbsp; &nbsp; &nbsp; &nbsp; &nbsp; &nbsp; ALLO C&#8217;EST QUI, de zakgids over uw contacten! &nbsp; &nbsp; &nbsp; &nbsp; &nbsp; &nbsp; &nbsp; MOODME, volg de stemming van uw naasten op afstand! [&hellip;]<\/p>\n","protected":false},"author":4,"featured_media":6026,"parent":0,"menu_order":0,"comment_status":"closed","ping_status":"closed","template":"","meta":{"_et_pb_use_builder":"on","_et_pb_old_content":"","_et_gb_content_width":"","footnotes":""},"class_list":["post-486457","page","type-page","status-publish","has-post-thumbnail","hentry"],"yoast_head":"<!-- This site is optimized with the Yoast SEO plugin v27.4 - https:\/\/yoast.com\/product\/yoast-seo-wordpress\/ -->\n<title>Sociaal verband - Educatieve app en geheugenspelletjes<\/title>\n<meta name=\"robots\" content=\"index, follow, max-snippet:-1, max-image-preview:large, max-video-preview:-1\" \/>\n<link rel=\"canonical\" href=\"https:\/\/www.dynseo.com\/nl\/sociaal-verband\/\" \/>\n<meta property=\"og:locale\" content=\"nl_NL\" \/>\n<meta property=\"og:type\" content=\"article\" \/>\n<meta property=\"og:title\" content=\"Sociaal verband - Educatieve app en geheugenspelletjes\" \/>\n<meta property=\"og:description\" content=\"Vind hier al onze producten en diensten die bijdragen aan het behouden van sociale relaties en welzijn. &nbsp; DYNSEO FAMILY, de vereenvoudigde berichtenservice &nbsp; &nbsp; &nbsp; &nbsp; &nbsp; &nbsp; &nbsp; &nbsp; ALLO C&#039;EST QUI, de zakgids over uw contacten! &nbsp; &nbsp; &nbsp; &nbsp; &nbsp; &nbsp; &nbsp; MOODME, volg de stemming van uw naasten op afstand! [&hellip;]\" \/>\n<meta property=\"og:url\" content=\"https:\/\/www.dynseo.com\/nl\/sociaal-verband\/\" \/>\n<meta property=\"og:site_name\" content=\"Educatieve app en geheugenspelletjes\" \/>\n<meta property=\"og:image\" content=\"https:\/\/www.dynseo.com\/wp-content\/uploads\/2024\/07\/Article-pour-jeux-de-memoire-et-services-educatifs-sur-tablette-1.png\" \/>\n\t<meta property=\"og:image:width\" content=\"2000\" \/>\n\t<meta property=\"og:image:height\" content=\"1500\" \/>\n\t<meta property=\"og:image:type\" content=\"image\/png\" \/>\n<script type=\"application\/ld+json\" class=\"yoast-schema-graph\">{\"@context\":\"https:\\\/\\\/schema.org\",\"@graph\":[{\"@type\":\"WebPage\",\"@id\":\"https:\\\/\\\/www.dynseo.com\\\/nl\\\/sociaal-verband\\\/\",\"url\":\"https:\\\/\\\/www.dynseo.com\\\/nl\\\/sociaal-verband\\\/\",\"name\":\"Sociaal verband - Educatieve app en geheugenspelletjes\",\"isPartOf\":{\"@id\":\"https:\\\/\\\/www.dynseo.com\\\/nl\\\/#website\"},\"primaryImageOfPage\":{\"@id\":\"https:\\\/\\\/www.dynseo.com\\\/nl\\\/sociaal-verband\\\/#primaryimage\"},\"image\":{\"@id\":\"https:\\\/\\\/www.dynseo.com\\\/nl\\\/sociaal-verband\\\/#primaryimage\"},\"thumbnailUrl\":\"https:\\\/\\\/www.dynseo.com\\\/wp-content\\\/uploads\\\/2013\\\/06\\\/lien-social_entrainement_memoire.png\",\"datePublished\":\"2026-01-16T21:12:08+00:00\",\"breadcrumb\":{\"@id\":\"https:\\\/\\\/www.dynseo.com\\\/nl\\\/sociaal-verband\\\/#breadcrumb\"},\"inLanguage\":\"nl-NL\",\"potentialAction\":[{\"@type\":\"ReadAction\",\"target\":[\"https:\\\/\\\/www.dynseo.com\\\/nl\\\/sociaal-verband\\\/\"]}]},{\"@type\":\"ImageObject\",\"inLanguage\":\"nl-NL\",\"@id\":\"https:\\\/\\\/www.dynseo.com\\\/nl\\\/sociaal-verband\\\/#primaryimage\",\"url\":\"https:\\\/\\\/www.dynseo.com\\\/wp-content\\\/uploads\\\/2013\\\/06\\\/lien-social_entrainement_memoire.png\",\"contentUrl\":\"https:\\\/\\\/www.dynseo.com\\\/wp-content\\\/uploads\\\/2013\\\/06\\\/lien-social_entrainement_memoire.png\",\"width\":2860,\"height\":2000,\"caption\":\"Alzheimer-pati\u00ebnten kunnen baat hebben bij leuke en uitdagende activiteiten\"},{\"@type\":\"BreadcrumbList\",\"@id\":\"https:\\\/\\\/www.dynseo.com\\\/nl\\\/sociaal-verband\\\/#breadcrumb\",\"itemListElement\":[{\"@type\":\"ListItem\",\"position\":1,\"name\":\"Accueil\",\"item\":\"https:\\\/\\\/www.dynseo.com\\\/nl\\\/\"},{\"@type\":\"ListItem\",\"position\":2,\"name\":\"Sociaal verband\"}]},{\"@type\":\"WebSite\",\"@id\":\"https:\\\/\\\/www.dynseo.com\\\/nl\\\/#website\",\"url\":\"https:\\\/\\\/www.dynseo.com\\\/nl\\\/\",\"name\":\"Jeux de m\u00e9moire et stimulation cognitive\",\"description\":\"Entra\u00eenez votre m\u00e9moire et votre cerveau avec DYNSEO\",\"publisher\":{\"@id\":\"https:\\\/\\\/www.dynseo.com\\\/nl\\\/#organization\"},\"potentialAction\":[{\"@type\":\"SearchAction\",\"target\":{\"@type\":\"EntryPoint\",\"urlTemplate\":\"https:\\\/\\\/www.dynseo.com\\\/nl\\\/?s={search_term_string}\"},\"query-input\":{\"@type\":\"PropertyValueSpecification\",\"valueRequired\":true,\"valueName\":\"search_term_string\"}}],\"inLanguage\":\"nl-NL\"},{\"@type\":\"Organization\",\"@id\":\"https:\\\/\\\/www.dynseo.com\\\/nl\\\/#organization\",\"name\":\"DYNSEO\",\"url\":\"https:\\\/\\\/www.dynseo.com\\\/nl\\\/\",\"logo\":{\"@type\":\"ImageObject\",\"inLanguage\":\"nl-NL\",\"@id\":\"https:\\\/\\\/www.dynseo.com\\\/nl\\\/#\\\/schema\\\/logo\\\/image\\\/\",\"url\":\"https:\\\/\\\/www.dynseo.com\\\/wp-content\\\/uploads\\\/2022\\\/05\\\/logo-dynseo-new.png\",\"contentUrl\":\"https:\\\/\\\/www.dynseo.com\\\/wp-content\\\/uploads\\\/2022\\\/05\\\/logo-dynseo-new.png\",\"width\":5073,\"height\":1397,\"caption\":\"DYNSEO\"},\"image\":{\"@id\":\"https:\\\/\\\/www.dynseo.com\\\/nl\\\/#\\\/schema\\\/logo\\\/image\\\/\"}}]}<\/script>\n<!-- \/ Yoast SEO plugin. -->","yoast_head_json":{"title":"Sociaal verband - Educatieve app en geheugenspelletjes","robots":{"index":"index","follow":"follow","max-snippet":"max-snippet:-1","max-image-preview":"max-image-preview:large","max-video-preview":"max-video-preview:-1"},"canonical":"https:\/\/www.dynseo.com\/nl\/sociaal-verband\/","og_locale":"nl_NL","og_type":"article","og_title":"Sociaal verband - Educatieve app en geheugenspelletjes","og_description":"Vind hier al onze producten en diensten die bijdragen aan het behouden van sociale relaties en welzijn. &nbsp; DYNSEO FAMILY, de vereenvoudigde berichtenservice &nbsp; &nbsp; &nbsp; &nbsp; &nbsp; &nbsp; &nbsp; &nbsp; ALLO C'EST QUI, de zakgids over uw contacten! &nbsp; &nbsp; &nbsp; &nbsp; &nbsp; &nbsp; &nbsp; MOODME, volg de stemming van uw naasten op afstand! [&hellip;]","og_url":"https:\/\/www.dynseo.com\/nl\/sociaal-verband\/","og_site_name":"Educatieve app en geheugenspelletjes","og_image":[{"width":2000,"height":1500,"url":"https:\/\/www.dynseo.com\/wp-content\/uploads\/2024\/07\/Article-pour-jeux-de-memoire-et-services-educatifs-sur-tablette-1.png","type":"image\/png"}],"schema":{"@context":"https:\/\/schema.org","@graph":[{"@type":"WebPage","@id":"https:\/\/www.dynseo.com\/nl\/sociaal-verband\/","url":"https:\/\/www.dynseo.com\/nl\/sociaal-verband\/","name":"Sociaal verband - Educatieve app en geheugenspelletjes","isPartOf":{"@id":"https:\/\/www.dynseo.com\/nl\/#website"},"primaryImageOfPage":{"@id":"https:\/\/www.dynseo.com\/nl\/sociaal-verband\/#primaryimage"},"image":{"@id":"https:\/\/www.dynseo.com\/nl\/sociaal-verband\/#primaryimage"},"thumbnailUrl":"https:\/\/www.dynseo.com\/wp-content\/uploads\/2013\/06\/lien-social_entrainement_memoire.png","datePublished":"2026-01-16T21:12:08+00:00","breadcrumb":{"@id":"https:\/\/www.dynseo.com\/nl\/sociaal-verband\/#breadcrumb"},"inLanguage":"nl-NL","potentialAction":[{"@type":"ReadAction","target":["https:\/\/www.dynseo.com\/nl\/sociaal-verband\/"]}]},{"@type":"ImageObject","inLanguage":"nl-NL","@id":"https:\/\/www.dynseo.com\/nl\/sociaal-verband\/#primaryimage","url":"https:\/\/www.dynseo.com\/wp-content\/uploads\/2013\/06\/lien-social_entrainement_memoire.png","contentUrl":"https:\/\/www.dynseo.com\/wp-content\/uploads\/2013\/06\/lien-social_entrainement_memoire.png","width":2860,"height":2000,"caption":"Alzheimer-pati\u00ebnten kunnen baat hebben bij leuke en uitdagende activiteiten"},{"@type":"BreadcrumbList","@id":"https:\/\/www.dynseo.com\/nl\/sociaal-verband\/#breadcrumb","itemListElement":[{"@type":"ListItem","position":1,"name":"Accueil","item":"https:\/\/www.dynseo.com\/nl\/"},{"@type":"ListItem","position":2,"name":"Sociaal verband"}]},{"@type":"WebSite","@id":"https:\/\/www.dynseo.com\/nl\/#website","url":"https:\/\/www.dynseo.com\/nl\/","name":"Jeux de m\u00e9moire et stimulation cognitive","description":"Entra\u00eenez votre m\u00e9moire et votre cerveau avec DYNSEO","publisher":{"@id":"https:\/\/www.dynseo.com\/nl\/#organization"},"potentialAction":[{"@type":"SearchAction","target":{"@type":"EntryPoint","urlTemplate":"https:\/\/www.dynseo.com\/nl\/?s={search_term_string}"},"query-input":{"@type":"PropertyValueSpecification","valueRequired":true,"valueName":"search_term_string"}}],"inLanguage":"nl-NL"},{"@type":"Organization","@id":"https:\/\/www.dynseo.com\/nl\/#organization","name":"DYNSEO","url":"https:\/\/www.dynseo.com\/nl\/","logo":{"@type":"ImageObject","inLanguage":"nl-NL","@id":"https:\/\/www.dynseo.com\/nl\/#\/schema\/logo\/image\/","url":"https:\/\/www.dynseo.com\/wp-content\/uploads\/2022\/05\/logo-dynseo-new.png","contentUrl":"https:\/\/www.dynseo.com\/wp-content\/uploads\/2022\/05\/logo-dynseo-new.png","width":5073,"height":1397,"caption":"DYNSEO"},"image":{"@id":"https:\/\/www.dynseo.com\/nl\/#\/schema\/logo\/image\/"}}]}},"_links":{"self":[{"href":"https:\/\/www.dynseo.com\/nl\/wp-json\/wp\/v2\/pages\/486457","targetHints":{"allow":["GET"]}}],"collection":[{"href":"https:\/\/www.dynseo.com\/nl\/wp-json\/wp\/v2\/pages"}],"about":[{"href":"https:\/\/www.dynseo.com\/nl\/wp-json\/wp\/v2\/types\/page"}],"author":[{"embeddable":true,"href":"https:\/\/www.dynseo.com\/nl\/wp-json\/wp\/v2\/users\/4"}],"replies":[{"embeddable":true,"href":"https:\/\/www.dynseo.com\/nl\/wp-json\/wp\/v2\/comments?post=486457"}],"version-history":[{"count":0,"href":"https:\/\/www.dynseo.com\/nl\/wp-json\/wp\/v2\/pages\/486457\/revisions"}],"wp:featuredmedia":[{"embeddable":true,"href":"https:\/\/www.dynseo.com\/nl\/wp-json\/wp\/v2\/media\/6026"}],"wp:attachment":[{"href":"https:\/\/www.dynseo.com\/nl\/wp-json\/wp\/v2\/media?parent=486457"}],"curies":[{"name":"wp","href":"https:\/\/api.w.org\/{rel}","templated":true}]}}