{"id":487404,"date":"2026-01-20T20:06:58","date_gmt":"2026-01-20T19:06:58","guid":{"rendered":"https:\/\/www.dynseo.com\/de-aggir-matrix\/"},"modified":"2026-01-20T20:06:58","modified_gmt":"2026-01-20T19:06:58","slug":"de-aggir-matrix","status":"publish","type":"page","link":"https:\/\/www.dynseo.com\/nl\/de-aggir-matrix\/","title":{"rendered":"De AGGIR-matrix"},"content":{"rendered":"<h2><span style=\"color: #000000;\">De AGGIR-matrix op <a href=\"https:\/\/www.dynseo.com\/nl\/innovaties-op-de-tablet-voor-ssiad-en-saad\/\" title=\"Innovaties op tablet voor SSIAD en SAAD\">tablet<\/a> en smartphones<\/span><\/h2>\n<p>De <strong><a href=\"https:\/\/play.google.com\/store\/apps\/details?id=com.dynseo.fr.testgrilleaggir\" target=\"_blank\" rel=\"noopener\">AGGIR-matrix<\/a><\/strong> is een evaluatieschaal die het mogelijk maakt om het niveau van autonomie of afhankelijkheid van ouderen bij het uitvoeren van taken en handelingen van het dagelijks leven <a href=\"https:\/\/www.dynseo.com\/limpact-de-la-dmla-sur-la-vie-quotidienne-comprendre-gerer-et-vivre-avec\/\" title=\"De impact van AMD op het dagelijks leven: begrijpen, beheren en leven met\">te evalueren<\/a>. Dit wordt gewoonlijk de berekening van de GIR genoemd.<\/p>\n<p>Het AGGIR-model (Geriatrische Autonomie en Iso-Hulpbronnen Groepen) maakt het mogelijk om snel het niveau van <strong>afhankelijkheid<\/strong> en <strong>autonomie<\/strong> van een <a href=\"https:\/\/www.dynseo.com\/nl\/werken-met-een-persoon-met-het-syndroom-van-down-tips-voor-effectieve-begeleiding\/\" title=\"Werken met een persoon met het syndroom van Down: tips voor effectieve begeleiding\">oudere<\/a> te bepalen.<\/p>\n<p>Dit maakt het mogelijk om te bepalen:<\/p>\n<p>&#8211; De vergoedingen die door de staat worden toegekend, evenals<\/p>\n<p>&#8211; De GIR-categorie\u00ebn, die het niveau van benodigde begeleiding door een <a href=\"https:\/\/www.dynseo.com\/nl\/contact-maken-met-iemand-met-alzheimer\/\" title=\"Een band cre\u00ebren met een persoon met de ziekte van Alzheimer\">oudere<\/a> bepalen, zowel in <a href=\"https:\/\/www.dynseo.com\/nl\/woonzorgcentra-of-thuiszorg-welke-oplossingen-kiezen\/\" title=\"EHPAD of thuiszorg: welke oplossingen te kiezen?\">EHPAD<\/a> als thuis <a href=\"https:\/\/www.dynseo.com\/conseils-pour-les-soignants-soutenir-la-reeducation-cognitive-a-domicile-2\/\" title=\"Tips voor zorgverleners: cognitieve revalidatie thuis ondersteunen\">te ondersteunen<\/a>.<\/p>\n<p><img class=\"wp-image-4742 aligncenter\" %%SRC_13%% alt=\"tablette1\" width=\"601\" height=\"533\" \/><\/p>\n<p>Deze matrix komt in de vorm van een vragenlijst en maakt het mogelijk om individuen in 3 grote categorie\u00ebn te classificeren:<\/p>\n<ul>\n<li>Geen verlies van autonomie<\/li>\n<li>Deeltijd verlies van autonomie<\/li>\n<li>Ernstig verlies van autonomie<\/li>\n<\/ul>\n<p>en om een GIR-score te verkrijgen, vari\u00ebrend van GIR 1 (totale afhankelijkheid) tot GIR 6 (totale autonomie).<\/p>\n<p><img class=\"wp-image-4745 aligncenter\" %%SRC_14%% alt=\"tablette5\" width=\"601\" height=\"533\" \/><\/p>\n<p>Elke antwoord die u invoert, wordt kort op het scherm weergegeven om u te helpen de AGGIR-test beter te <a href=\"https:\/\/www.dynseo.com\/nl\/hoe-de-hersenen-veranderen-met-alzheimer-eenvoudige-en-visuele-uitleg-om-uw-naaste-te-begrijpen\/\" title=\"Hoe de hersenen veranderen met Alzheimer: eenvoudige en visuele uitleg om uw naaste te begrijpen\">begrijpen<\/a>.<\/p>\n<p><img class=\"wp-image-4744 aligncenter\" %%SRC_15%% alt=\"tablette4\" width=\"601\" height=\"533\" \/><\/p>\n<p>&nbsp;<\/p>\n<p>Er is een uitleg aanwezig om u te helpen zo goed mogelijk op elke vraag te antwoorden.<\/p>\n<p><img class=\"wp-image-4747 aligncenter\" %%SRC_16%% alt=\"La grille AGGIR-joe-edith-app-adulte-application-entrainement-cerebral-coach-jeux-cerebraux-jeu-cognitif-logique-culture-memoire-fun-dynseo-ludique-animation-personnes-agees-alz-alzheimer-activites-senior-activite-seniors-stimulation-tablette-smartphone\" width=\"601\" height=\"533\" \/><\/p>\n<p>De applicatie is gratis en stelt u in staat om zoveel AGGIR-tests uit te voeren als u wilt, en biedt een gedetailleerde uitleg van elk van de resultaten. Het resultaat van de test is onmiddellijk zichtbaar en wordt niet opgeslagen om de vertrouwelijkheid van uw gegevens te waarborgen.<\/p>\n<p><img class=\"wp-image-4749 aligncenter\" %%SRC_17%% alt=\"La grille AGGIR-joe-edith-app-adulte-application-entrainement-cerebral-coach-jeux-cerebraux-jeu-cognitif-logique-culture-memoire-fun-dynseo-ludique-animation-personnes-agees-alz-alzheimer-activites-senior-activite-seniors-stimulation-tablette-smartphone\" width=\"592\" height=\"525\" \/><\/p>\n<p>&nbsp;<\/p>\n<h2><span style=\"color: #000000;\">De AGGIR-matrix ook beschikbaar op smartphone<\/span><\/h2>\n<p>U kunt ook uw AGGIR-matrices via uw mobiele telefoon maken:<\/p>\n<p><img class=\"wp-image-4759 aligncenter\" %%SRC_18%% alt=\"La grille AGGIR-joe-edith-app-adulte-application-entrainement-cerebral-coach-jeux-cerebraux-jeu-cognitif-logique-culture-memoire-fun-dynseo-ludique-animation-personnes-agees-alz-alzheimer-activites-senior-activite-seniors-stimulation-tablette-smartphone\" width=\"266\" height=\"198\" \/><\/p>\n<p><img class=\"wp-image-4760 aligncenter\" %%SRC_19%% alt=\"La grille AGGIR-joe-edith-app-adulte-application-entrainement-cerebral-coach-jeux-cerebraux-jeu-cognitif-logique-culture-memoire-fun-dynseo-ludique-animation-personnes-agees-alz-alzheimer-activites-senior-activite-seniors-stimulation-tablette-smartphone\" width=\"262\" height=\"195\" \/><\/p>\n<p>&nbsp;<\/p>\n<h2><span style=\"color: #000000;\"><strong><a style=\"color: #000000;\" href=\"https:\/\/www.dynseo.com\/nl\/de-aggir-matrix\/\">Download de Android-app gratis<\/a><\/strong><\/span><\/h2>\n<p>&nbsp;<\/p>\n<p><a href=\"https:\/\/play.google.com\/store\/apps\/details?id=com.dynseo.fr.testgrilleaggir\" target=\"_blank\" rel=\"noopener\"><img class=\"wp-image-3272 aligncenter\" %%SRC_20%% alt=\"playstore dynseo\" width=\"97\" height=\"124\" \/><\/a><\/p>\n<p>&nbsp;<\/p>\n<p>&nbsp;<\/p>\n<p>&nbsp;<\/p>\n<h2>Voer een simulatie uit in een paar klikken<\/h2>\n<p>De applicatie stelt u inderdaad in staat om, als u dat wenst, een eenvoudige simulatie uit te voeren.<\/p>\n<p>Deze simulatie helpt u bij het beantwoorden van uw vragen over de autonomie van een oudere. Als u in uw omgeving een naaste heeft, een persoon waarvan u twijfelt aan de autonomie, is het inderdaad belangrijk om een standpunt in te nemen en snel een idee te krijgen van het levensniveau van deze persoon.<\/p>\n<p>Autonomie is vitaal voor ons, en elke persoon heeft het nodig voor hygi\u00ebne, voeding, evenals voor elke verplaatsing die leidt tot de aanschaf van eerste levensbehoeften. Het is belangrijk om iemand niet alleen te laten als je twijfelt aan zijn of haar autonomie: een huishoudelijk ongeval kan snel gebeuren en kan in sommige gevallen ernstig zijn.<\/p>\n<p>De simulatie <a href=\"https:\/\/www.santeenfrance.fr\/pages\/gir\">berekening van de GIR<\/a> is snel, eenvoudig en effectief: zo weet u of de persoon aan wie u denkt ondersteuning nodig heeft, of de hulp van een zorgprofessional om hem of haar te helpen bij dagelijkse taken. Het resultaat van de simulatie is slechts indicatief, en u zult <a href=\"https:\/\/www.dynseo.com\/apathie-et-demotivation-stimuler-sans-brusquer-la-personne-malade\/\" title=\"Apathie en demotivatie: stimuleren zonder te forceren van de zieke persoon\">waarschijnlijk<\/a> na het verzamelen van informatie de mening van een professional nodig hebben.<\/p>\n<p>Hulp aan de persoon is sterk aanbevolen als uw eindresultaat een afhankelijkheid aangeeft, zelfs een lichte.<\/p>\n","protected":false},"excerpt":{"rendered":"<p>De AGGIR-matrix op tablet en smartphones De AGGIR-matrix is een evaluatieschaal die het mogelijk maakt om het niveau van autonomie of afhankelijkheid van ouderen bij het uitvoeren van taken en handelingen van het dagelijks leven te evalueren. Dit wordt gewoonlijk de berekening van de GIR genoemd. Het AGGIR-model (Geriatrische Autonomie en Iso-Hulpbronnen Groepen) maakt het [&hellip;]<\/p>\n","protected":false},"author":4,"featured_media":3870,"parent":0,"menu_order":0,"comment_status":"closed","ping_status":"closed","template":"","meta":{"_et_pb_use_builder":"","_et_pb_old_content":"","_et_gb_content_width":"","footnotes":""},"class_list":["post-487404","page","type-page","status-publish","has-post-thumbnail","hentry"],"yoast_head":"<!-- This site is optimized with the Yoast SEO plugin v27.4 - https:\/\/yoast.com\/product\/yoast-seo-wordpress\/ -->\n<title>De AGGIR-matrix - Educatieve app en geheugenspelletjes<\/title>\n<meta name=\"robots\" content=\"index, follow, max-snippet:-1, max-image-preview:large, max-video-preview:-1\" \/>\n<link rel=\"canonical\" href=\"https:\/\/www.dynseo.com\/nl\/de-aggir-matrix\/\" \/>\n<meta property=\"og:locale\" content=\"nl_NL\" \/>\n<meta property=\"og:type\" content=\"article\" \/>\n<meta property=\"og:title\" content=\"De AGGIR-matrix - Educatieve app en geheugenspelletjes\" \/>\n<meta property=\"og:description\" content=\"De AGGIR-matrix op tablet en smartphones De AGGIR-matrix is een evaluatieschaal die het mogelijk maakt om het niveau van autonomie of afhankelijkheid van ouderen bij het uitvoeren van taken en handelingen van het dagelijks leven te evalueren. Dit wordt gewoonlijk de berekening van de GIR genoemd. Het AGGIR-model (Geriatrische Autonomie en Iso-Hulpbronnen Groepen) maakt het [&hellip;]\" \/>\n<meta property=\"og:url\" content=\"https:\/\/www.dynseo.com\/nl\/de-aggir-matrix\/\" \/>\n<meta property=\"og:site_name\" content=\"Educatieve app en geheugenspelletjes\" \/>\n<meta property=\"og:image\" content=\"https:\/\/www.dynseo.com\/wp-content\/uploads\/2024\/07\/Article-pour-jeux-de-memoire-et-services-educatifs-sur-tablette-1.png\" \/>\n\t<meta property=\"og:image:width\" content=\"2000\" \/>\n\t<meta property=\"og:image:height\" content=\"1500\" \/>\n\t<meta property=\"og:image:type\" content=\"image\/png\" \/>\n<meta name=\"twitter:label1\" content=\"Geschatte leestijd\" \/>\n\t<meta name=\"twitter:data1\" content=\"2 minuten\" \/>\n<script type=\"application\/ld+json\" class=\"yoast-schema-graph\">{\"@context\":\"https:\\\/\\\/schema.org\",\"@graph\":[{\"@type\":\"WebPage\",\"@id\":\"https:\\\/\\\/www.dynseo.com\\\/nl\\\/de-aggir-matrix\\\/\",\"url\":\"https:\\\/\\\/www.dynseo.com\\\/nl\\\/de-aggir-matrix\\\/\",\"name\":\"De AGGIR-matrix - Educatieve app en geheugenspelletjes\",\"isPartOf\":{\"@id\":\"https:\\\/\\\/www.dynseo.com\\\/nl\\\/#website\"},\"primaryImageOfPage\":{\"@id\":\"https:\\\/\\\/www.dynseo.com\\\/nl\\\/de-aggir-matrix\\\/#primaryimage\"},\"image\":{\"@id\":\"https:\\\/\\\/www.dynseo.com\\\/nl\\\/de-aggir-matrix\\\/#primaryimage\"},\"thumbnailUrl\":\"https:\\\/\\\/www.dynseo.com\\\/wp-content\\\/uploads\\\/2013\\\/06\\\/app-Aggir.png\",\"datePublished\":\"2026-01-20T19:06:58+00:00\",\"breadcrumb\":{\"@id\":\"https:\\\/\\\/www.dynseo.com\\\/nl\\\/de-aggir-matrix\\\/#breadcrumb\"},\"inLanguage\":\"nl-NL\",\"potentialAction\":[{\"@type\":\"ReadAction\",\"target\":[\"https:\\\/\\\/www.dynseo.com\\\/nl\\\/de-aggir-matrix\\\/\"]}]},{\"@type\":\"ImageObject\",\"inLanguage\":\"nl-NL\",\"@id\":\"https:\\\/\\\/www.dynseo.com\\\/nl\\\/de-aggir-matrix\\\/#primaryimage\",\"url\":\"https:\\\/\\\/www.dynseo.com\\\/wp-content\\\/uploads\\\/2013\\\/06\\\/app-Aggir.png\",\"contentUrl\":\"https:\\\/\\\/www.dynseo.com\\\/wp-content\\\/uploads\\\/2013\\\/06\\\/app-Aggir.png\",\"width\":283,\"height\":283,\"caption\":\"Ontdek de magische wereld van leerzame spelletjes voor kinderen\"},{\"@type\":\"BreadcrumbList\",\"@id\":\"https:\\\/\\\/www.dynseo.com\\\/nl\\\/de-aggir-matrix\\\/#breadcrumb\",\"itemListElement\":[{\"@type\":\"ListItem\",\"position\":1,\"name\":\"Accueil\",\"item\":\"https:\\\/\\\/www.dynseo.com\\\/nl\\\/\"},{\"@type\":\"ListItem\",\"position\":2,\"name\":\"De AGGIR-matrix\"}]},{\"@type\":\"WebSite\",\"@id\":\"https:\\\/\\\/www.dynseo.com\\\/nl\\\/#website\",\"url\":\"https:\\\/\\\/www.dynseo.com\\\/nl\\\/\",\"name\":\"Jeux de m\u00e9moire et stimulation cognitive\",\"description\":\"Entra\u00eenez votre m\u00e9moire et votre cerveau avec DYNSEO\",\"publisher\":{\"@id\":\"https:\\\/\\\/www.dynseo.com\\\/nl\\\/#organization\"},\"potentialAction\":[{\"@type\":\"SearchAction\",\"target\":{\"@type\":\"EntryPoint\",\"urlTemplate\":\"https:\\\/\\\/www.dynseo.com\\\/nl\\\/?s={search_term_string}\"},\"query-input\":{\"@type\":\"PropertyValueSpecification\",\"valueRequired\":true,\"valueName\":\"search_term_string\"}}],\"inLanguage\":\"nl-NL\"},{\"@type\":\"Organization\",\"@id\":\"https:\\\/\\\/www.dynseo.com\\\/nl\\\/#organization\",\"name\":\"DYNSEO\",\"url\":\"https:\\\/\\\/www.dynseo.com\\\/nl\\\/\",\"logo\":{\"@type\":\"ImageObject\",\"inLanguage\":\"nl-NL\",\"@id\":\"https:\\\/\\\/www.dynseo.com\\\/nl\\\/#\\\/schema\\\/logo\\\/image\\\/\",\"url\":\"https:\\\/\\\/www.dynseo.com\\\/wp-content\\\/uploads\\\/2022\\\/05\\\/logo-dynseo-new.png\",\"contentUrl\":\"https:\\\/\\\/www.dynseo.com\\\/wp-content\\\/uploads\\\/2022\\\/05\\\/logo-dynseo-new.png\",\"width\":5073,\"height\":1397,\"caption\":\"DYNSEO\"},\"image\":{\"@id\":\"https:\\\/\\\/www.dynseo.com\\\/nl\\\/#\\\/schema\\\/logo\\\/image\\\/\"}}]}<\/script>\n<!-- \/ Yoast SEO plugin. -->","yoast_head_json":{"title":"De AGGIR-matrix - Educatieve app en geheugenspelletjes","robots":{"index":"index","follow":"follow","max-snippet":"max-snippet:-1","max-image-preview":"max-image-preview:large","max-video-preview":"max-video-preview:-1"},"canonical":"https:\/\/www.dynseo.com\/nl\/de-aggir-matrix\/","og_locale":"nl_NL","og_type":"article","og_title":"De AGGIR-matrix - Educatieve app en geheugenspelletjes","og_description":"De AGGIR-matrix op tablet en smartphones De AGGIR-matrix is een evaluatieschaal die het mogelijk maakt om het niveau van autonomie of afhankelijkheid van ouderen bij het uitvoeren van taken en handelingen van het dagelijks leven te evalueren. Dit wordt gewoonlijk de berekening van de GIR genoemd. Het AGGIR-model (Geriatrische Autonomie en Iso-Hulpbronnen Groepen) maakt het [&hellip;]","og_url":"https:\/\/www.dynseo.com\/nl\/de-aggir-matrix\/","og_site_name":"Educatieve app en geheugenspelletjes","og_image":[{"width":2000,"height":1500,"url":"https:\/\/www.dynseo.com\/wp-content\/uploads\/2024\/07\/Article-pour-jeux-de-memoire-et-services-educatifs-sur-tablette-1.png","type":"image\/png"}],"twitter_misc":{"Geschatte leestijd":"2 minuten"},"schema":{"@context":"https:\/\/schema.org","@graph":[{"@type":"WebPage","@id":"https:\/\/www.dynseo.com\/nl\/de-aggir-matrix\/","url":"https:\/\/www.dynseo.com\/nl\/de-aggir-matrix\/","name":"De AGGIR-matrix - Educatieve app en geheugenspelletjes","isPartOf":{"@id":"https:\/\/www.dynseo.com\/nl\/#website"},"primaryImageOfPage":{"@id":"https:\/\/www.dynseo.com\/nl\/de-aggir-matrix\/#primaryimage"},"image":{"@id":"https:\/\/www.dynseo.com\/nl\/de-aggir-matrix\/#primaryimage"},"thumbnailUrl":"https:\/\/www.dynseo.com\/wp-content\/uploads\/2013\/06\/app-Aggir.png","datePublished":"2026-01-20T19:06:58+00:00","breadcrumb":{"@id":"https:\/\/www.dynseo.com\/nl\/de-aggir-matrix\/#breadcrumb"},"inLanguage":"nl-NL","potentialAction":[{"@type":"ReadAction","target":["https:\/\/www.dynseo.com\/nl\/de-aggir-matrix\/"]}]},{"@type":"ImageObject","inLanguage":"nl-NL","@id":"https:\/\/www.dynseo.com\/nl\/de-aggir-matrix\/#primaryimage","url":"https:\/\/www.dynseo.com\/wp-content\/uploads\/2013\/06\/app-Aggir.png","contentUrl":"https:\/\/www.dynseo.com\/wp-content\/uploads\/2013\/06\/app-Aggir.png","width":283,"height":283,"caption":"Ontdek de magische wereld van leerzame spelletjes voor kinderen"},{"@type":"BreadcrumbList","@id":"https:\/\/www.dynseo.com\/nl\/de-aggir-matrix\/#breadcrumb","itemListElement":[{"@type":"ListItem","position":1,"name":"Accueil","item":"https:\/\/www.dynseo.com\/nl\/"},{"@type":"ListItem","position":2,"name":"De AGGIR-matrix"}]},{"@type":"WebSite","@id":"https:\/\/www.dynseo.com\/nl\/#website","url":"https:\/\/www.dynseo.com\/nl\/","name":"Jeux de m\u00e9moire et stimulation cognitive","description":"Entra\u00eenez votre m\u00e9moire et votre cerveau avec DYNSEO","publisher":{"@id":"https:\/\/www.dynseo.com\/nl\/#organization"},"potentialAction":[{"@type":"SearchAction","target":{"@type":"EntryPoint","urlTemplate":"https:\/\/www.dynseo.com\/nl\/?s={search_term_string}"},"query-input":{"@type":"PropertyValueSpecification","valueRequired":true,"valueName":"search_term_string"}}],"inLanguage":"nl-NL"},{"@type":"Organization","@id":"https:\/\/www.dynseo.com\/nl\/#organization","name":"DYNSEO","url":"https:\/\/www.dynseo.com\/nl\/","logo":{"@type":"ImageObject","inLanguage":"nl-NL","@id":"https:\/\/www.dynseo.com\/nl\/#\/schema\/logo\/image\/","url":"https:\/\/www.dynseo.com\/wp-content\/uploads\/2022\/05\/logo-dynseo-new.png","contentUrl":"https:\/\/www.dynseo.com\/wp-content\/uploads\/2022\/05\/logo-dynseo-new.png","width":5073,"height":1397,"caption":"DYNSEO"},"image":{"@id":"https:\/\/www.dynseo.com\/nl\/#\/schema\/logo\/image\/"}}]}},"_links":{"self":[{"href":"https:\/\/www.dynseo.com\/nl\/wp-json\/wp\/v2\/pages\/487404","targetHints":{"allow":["GET"]}}],"collection":[{"href":"https:\/\/www.dynseo.com\/nl\/wp-json\/wp\/v2\/pages"}],"about":[{"href":"https:\/\/www.dynseo.com\/nl\/wp-json\/wp\/v2\/types\/page"}],"author":[{"embeddable":true,"href":"https:\/\/www.dynseo.com\/nl\/wp-json\/wp\/v2\/users\/4"}],"replies":[{"embeddable":true,"href":"https:\/\/www.dynseo.com\/nl\/wp-json\/wp\/v2\/comments?post=487404"}],"version-history":[{"count":0,"href":"https:\/\/www.dynseo.com\/nl\/wp-json\/wp\/v2\/pages\/487404\/revisions"}],"wp:featuredmedia":[{"embeddable":true,"href":"https:\/\/www.dynseo.com\/nl\/wp-json\/wp\/v2\/media\/3870"}],"wp:attachment":[{"href":"https:\/\/www.dynseo.com\/nl\/wp-json\/wp\/v2\/media?parent=487404"}],"curies":[{"name":"wp","href":"https:\/\/api.w.org\/{rel}","templated":true}]}}