{"id":487488,"date":"2026-01-20T20:16:06","date_gmt":"2026-01-20T19:16:06","guid":{"rendered":"https:\/\/www.dynseo.com\/temper-2\/"},"modified":"2026-01-20T20:16:06","modified_gmt":"2026-01-20T19:16:06","slug":"temper-2","status":"publish","type":"page","link":"https:\/\/www.dynseo.com\/nl\/temper-2\/","title":{"rendered":"Temper"},"content":{"rendered":"<h2 style=\"text-align: center;\"><span style=\"color: #526fa1;\"><strong>TEMPER<\/strong><\/span><\/h2>\n<h3 style=\"text-align: center;\"><a href=\"https:\/\/www.dynseo.com\/nl\/le-metier-d-auxiliaire-de-vie-sarah-nous-fait-partager-sa-passion-2\/\" title=\"Auxiliaire de vie : Sarah nous fait partager sa passion\">Deel<\/a> uw stemming, het ligt ons nauw aan het hart.<\/h3>\n<p><img loading=\"lazy\" decoding=\"async\" class=\"aligncenter size-full wp-image-36953\" src=\"https:\/\/www.dynseo.com\/wp-content\/uploads\/2021\/02\/Ma-Mood-768x768-1.jpg\" alt=\"\" width=\"753\" height=\"534\" srcset=\"https:\/\/www.dynseo.com\/wp-content\/uploads\/2021\/02\/Ma-Mood-768x768-1.jpg 753w, https:\/\/www.dynseo.com\/wp-content\/uploads\/2021\/02\/Ma-Mood-768x768-1-480x340.jpg 480w\" sizes=\"(min-width: 0px) and (max-width: 480px) 480px, (min-width: 481px) 753px, 100vw\" \/><\/p>\n<p>Breng troost aan uw dierbaren die een beetje somber zijn en wees verheugd voor hen als alles goed gaat!<\/p>\n<p>&nbsp;<\/p>\n<h2><\/h2>\n<h2 style=\"text-align: center;\"><span style=\"color: #526fa1;\"><strong>Met Temper, wees de eerste die het humeur van uw dierbaren opbeurt<\/strong><\/span><\/h2>\n<p>&nbsp;<\/p>\n<p>Nodig uw dierbaren uit op de app om uw stemmingen te delen!<\/p>\n<p>Met Temper kunt u het humeur van al uw dierbaren die de app hebben controleren, zodat u meteen op de hoogte bent wanneer een ouder, een neef&#8230; een dipje heeft en u hem kunt troosten!<\/p>\n<p>&nbsp;<\/p>\n<h2 style=\"text-align: left;\">\u00a0<img loading=\"lazy\" decoding=\"async\" class=\"wp-image-4082 size-large aligncenter\" src=\"https:\/\/www.dynseo.com\/wp-content\/uploads\/2015\/12\/la-mood-FR-1024x482.png\" alt=\"Temper-edith-app-adulte-application-entrainement-cerebral-coach-jeux-cerebraux-jeu-cognitif-logique-culture-memoire-fun-dynseo-ludique-animation-personnes-agees-alz-alzheimer-activites-senior-activite-seniors-stimulation-tablette-smartphone\" width=\"700\" height=\"329\" srcset=\"https:\/\/www.dynseo.com\/wp-content\/uploads\/2015\/12\/la-mood-FR-1024x482.png 1024w, https:\/\/www.dynseo.com\/wp-content\/uploads\/2015\/12\/la-mood-FR-600x282.png 600w, https:\/\/www.dynseo.com\/wp-content\/uploads\/2015\/12\/la-mood-FR-300x141.png 300w, https:\/\/www.dynseo.com\/wp-content\/uploads\/2015\/12\/la-mood-FR-768x361.png 768w, https:\/\/www.dynseo.com\/wp-content\/uploads\/2015\/12\/la-mood-FR.png 1663w\" sizes=\"(max-width: 700px) 100vw, 700px\" \/><\/h2>\n<p>&nbsp;<\/p>\n<h2><\/h2>\n<h2 style=\"text-align: center;\"><span style=\"color: #526fa1;\"><strong>Met Temper, zorgen we voor onszelf<\/strong><\/span><\/h2>\n<p>&nbsp;<\/p>\n<p style=\"text-align: center;\"><span style=\"color: #526fa1;\"><strong>Op iPhone\/iPad<\/strong><\/span><\/p>\n<p style=\"text-align: center;\"><img loading=\"lazy\" decoding=\"async\" class=\"aligncenter wp-image-36954 size-full\" src=\"https:\/\/www.dynseo.com\/wp-content\/uploads\/2021\/02\/1-temper-image-mood-me-soin-application-apple-bien-etre-tout-va-bien.png\" alt=\"\" width=\"283\" height=\"504\" srcset=\"https:\/\/www.dynseo.com\/wp-content\/uploads\/2021\/02\/1-temper-image-mood-me-soin-application-apple-bien-etre-tout-va-bien.png 283w, https:\/\/www.dynseo.com\/wp-content\/uploads\/2021\/02\/1-temper-image-mood-me-soin-application-apple-bien-etre-tout-va-bien-168x300.png 168w\" sizes=\"(max-width: 283px) 100vw, 283px\" \/><\/p>\n<p><img loading=\"lazy\" decoding=\"async\" class=\"aligncenter wp-image-36955 size-full\" src=\"https:\/\/www.dynseo.com\/wp-content\/uploads\/2021\/02\/2-temper-image-mood-me-soin-application-apple-bien-etre-tout-va-bien.png\" alt=\"\" width=\"284\" height=\"504\" srcset=\"https:\/\/www.dynseo.com\/wp-content\/uploads\/2021\/02\/2-temper-image-mood-me-soin-application-apple-bien-etre-tout-va-bien.png 284w, https:\/\/www.dynseo.com\/wp-content\/uploads\/2021\/02\/2-temper-image-mood-me-soin-application-apple-bien-etre-tout-va-bien-169x300.png 169w\" sizes=\"(max-width: 284px) 100vw, 284px\" \/><\/p>\n<p>&nbsp;<\/p>\n<p style=\"text-align: center;\"><span style=\"color: #526fa1;\"><strong>Op de iWatch<\/strong><\/span><\/p>\n<p style=\"text-align: center;\"><img loading=\"lazy\" decoding=\"async\" class=\"aligncenter wp-image-36956 size-full\" src=\"https:\/\/www.dynseo.com\/wp-content\/uploads\/2021\/02\/3-temper-image-mood-me-soin-application-apple-bien-etre-tout-va-bien.png\" alt=\"\" width=\"113\" height=\"194\" \/><\/p>\n<p><img loading=\"lazy\" decoding=\"async\" class=\"aligncenter wp-image-36957 size-full\" src=\"https:\/\/www.dynseo.com\/wp-content\/uploads\/2021\/02\/4-temper-image-mood-me-soin-application-apple-bien-etre-tout-va-bien.png\" alt=\"\" width=\"113\" height=\"194\" \/><\/p>\n<h2 style=\"text-align: center;\"><span style=\"color: #526fa1;\"><strong>Temper, compatibel met onze <a href=\"https:\/\/www.dynseo.com\/nl\/stimulatie-cognitieve-residentie-diensten\/\" title=\"Stimulation Cognitive r\u00e9sidence Services\">cognitieve stimulatie<\/a> applicaties<\/strong><\/span><\/h2>\n<p>&nbsp;<\/p>\n<p>Temper maakt het ook mogelijk om de stemming te ontvangen van gebruikers van Stim&#8217;art Edith en Joe!<\/p>\n<p>Hiervoor hoeft u alleen maar een uitnodiging te sturen naar de Stim&#8217;art gebruiker waarmee u stemmingen wilt uitwisselen.<\/p>\n<p>&nbsp;<\/p>\n<p><span style=\"color: #526fa1;\"><strong>In het Edith programma<\/strong><\/span><\/p>\n<p><img loading=\"lazy\" decoding=\"async\" class=\"aligncenter wp-image-36959 size-full\" src=\"https:\/\/www.dynseo.com\/wp-content\/uploads\/2021\/02\/41-temper-image-mood-me-soin-application-apple-bien-etre-tout-va-bien.png\" alt=\"\" width=\"571\" height=\"321\" srcset=\"https:\/\/www.dynseo.com\/wp-content\/uploads\/2021\/02\/41-temper-image-mood-me-soin-application-apple-bien-etre-tout-va-bien.png 571w, https:\/\/www.dynseo.com\/wp-content\/uploads\/2021\/02\/41-temper-image-mood-me-soin-application-apple-bien-etre-tout-va-bien-480x270.png 480w\" sizes=\"(min-width: 0px) and (max-width: 480px) 480px, (min-width: 481px) 571px, 100vw\" \/><\/p>\n<p><span style=\"color: #526fa1;\"><strong>In het Joe programma<\/strong><\/span><\/p>\n<p><img loading=\"lazy\" decoding=\"async\" class=\"aligncenter wp-image-36958 size-full\" src=\"https:\/\/www.dynseo.com\/wp-content\/uploads\/2021\/02\/5-temper-image-mood-me-soin-application-apple-bien-etre-tout-va-bien.png\" alt=\"\" width=\"571\" height=\"321\" srcset=\"https:\/\/www.dynseo.com\/wp-content\/uploads\/2021\/02\/5-temper-image-mood-me-soin-application-apple-bien-etre-tout-va-bien.png 571w, https:\/\/www.dynseo.com\/wp-content\/uploads\/2021\/02\/5-temper-image-mood-me-soin-application-apple-bien-etre-tout-va-bien-480x270.png 480w\" sizes=\"(min-width: 0px) and (max-width: 480px) 480px, (min-width: 481px) 571px, 100vw\" \/><\/p>\n<p>&nbsp;<\/p>\n<p>&nbsp;<\/p>\n<p>&nbsp;<\/p>\n<h2 style=\"text-align: center;\"><span style=\"color: #526fa1;\"><strong>Temper, een gratis iOS applicatie<\/strong><\/span><\/h2>\n<p>&nbsp;<\/p>\n<p style=\"text-align: center;\">Temper is een applicatie beschikbaar op Apple apparaten, namelijk iPhone, iPad, Apple Watch.<\/p>\n<p>&nbsp;<\/p>\n<p>&nbsp;<\/p>\n<p>&nbsp;<\/p>\n<p>[et_pb_code]<script type=\"application\/ld+json\">{\"@context\":\"https:\/\/schema.org\",\"@type\":\"FAQPage\",\"mainEntity\":[{\"@type\":\"Question\",\"name\":\"Wat is de Temper applicatie?\",\"acceptedAnswer\":{\"@type\":\"Answer\",\"text\":\"Temper is een gratis app die het mogelijk maakt om uw stemming te delen met uw dierbaren. Het helpt u om troost te bieden aan uw dierbaren die een dipje hebben en om samen met hen blij te zijn wanneer alles goed gaat.\"}},{\"@type\":\"Question\",\"name\":\"Hoe werkt Temper om de moraal van mijn dierbaren op te krikken?\",\"acceptedAnswer\":{\"@type\":\"Answer\",\"text\":\"Met Temper kunt u het humeur van al uw dierbaren die de app hebben controleren. U bent dus onmiddellijk op de hoogte wanneer een ouder, neef of vriend een dipje heeft en u kunt hem snel troosten.\"}},{\"@type\":\"Question\",\"name\":\"Op <a href=\"https:\/\/www.dynseo.com\/nl\/welke-educatieve-hulpmiddelen-om-kinderen-met-het-syndroom-van-down-te-ondersteunen-in-hun-leerprocessen\/\" title=\"Welke educatieve hulpmiddelen om kinderen met Down syndroom te begeleiden bij hun leerprocessen\">welke<\/a> apparaten is Temper beschikbaar?\",\"acceptedAnswer\":{\"@type\":\"Answer\",\"text\":\"Temper is een gratis iOS app beschikbaar op Apple apparaten: iPhone, iPad en Apple Watch (iWatch).\"}},{\"@type\":\"Question\",\"name\":\"Hoe kan ik mijn dierbaren uitnodigen op Temper?\",\"acceptedAnswer\":{\"@type\":\"Answer\",\"text\":\"U kunt uw dierbaren direct uitnodigen op de Temper app om uw stemmingen samen te delen. Stuur gewoon een uitnodiging via de app.\"}},{\"@type\":\"Question\",\"name\":\"Is Temper compatibel met andere applicaties?\",\"acceptedAnswer\":{\"@type\":\"Answer\",\"text\":\"Ja, Temper is compatibel met de <a href=\"https:\/\/www.dynseo.com\/nl\/ochtendroutine-parkinson-gebaren-oefeningen-cognitieve-stimulatie\/\" title=\"Ochtendroutine voor Parkinson: Bewegingen, oefeningen en cognitieve stimulatie\">cognitieve stimulatie<\/a> applicaties Stim'art Edith en Joe. Het stelt u in staat om de stemming van gebruikers van deze programma's te ontvangen en om uw stemmingen met hen uit te wisselen.\"}},{\"@type\":\"Question\",\"name\":\"Is de Temper applicatie betalend?\",\"acceptedAnswer\":{\"@type\":\"Answer\",\"text\":\"Nee, Temper is een volledig gratis iOS app beschikbaar op alle Apple apparaten (iPhone, iPad, Apple Watch).\"}}]}<\/script>[\/et_pb_code]<\/p>\n","protected":false},"excerpt":{"rendered":"<p>TEMPER Deel uw stemming, het ligt ons nauw aan het hart. Breng troost aan uw dierbaren die een beetje somber zijn en wees verheugd voor hen als alles goed gaat! &nbsp; Met Temper, wees de eerste die het humeur van uw dierbaren opbeurt &nbsp; Nodig uw dierbaren uit op de app om uw stemmingen te [&hellip;]<\/p>\n","protected":false},"author":4,"featured_media":6091,"parent":0,"menu_order":0,"comment_status":"closed","ping_status":"closed","template":"","meta":{"_et_pb_use_builder":"","_et_pb_old_content":"","_et_gb_content_width":"","footnotes":""},"class_list":["post-487488","page","type-page","status-publish","has-post-thumbnail","hentry"],"yoast_head":"<!-- This site is optimized with the Yoast SEO plugin v27.4 - https:\/\/yoast.com\/product\/yoast-seo-wordpress\/ -->\n<title>Temper - Educatieve app en geheugenspelletjes<\/title>\n<meta name=\"robots\" content=\"index, follow, max-snippet:-1, max-image-preview:large, max-video-preview:-1\" \/>\n<link rel=\"canonical\" href=\"https:\/\/www.dynseo.com\/nl\/temper-2\/\" \/>\n<meta property=\"og:locale\" content=\"nl_NL\" \/>\n<meta property=\"og:type\" content=\"article\" \/>\n<meta property=\"og:title\" content=\"Temper - Educatieve app en geheugenspelletjes\" \/>\n<meta property=\"og:description\" content=\"TEMPER Deel uw stemming, het ligt ons nauw aan het hart. Breng troost aan uw dierbaren die een beetje somber zijn en wees verheugd voor hen als alles goed gaat! &nbsp; Met Temper, wees de eerste die het humeur van uw dierbaren opbeurt &nbsp; Nodig uw dierbaren uit op de app om uw stemmingen te [&hellip;]\" \/>\n<meta property=\"og:url\" content=\"https:\/\/www.dynseo.com\/nl\/temper-2\/\" \/>\n<meta property=\"og:site_name\" content=\"Educatieve app en geheugenspelletjes\" \/>\n<meta property=\"og:image\" content=\"https:\/\/www.dynseo.com\/wp-content\/uploads\/2024\/07\/Article-pour-jeux-de-memoire-et-services-educatifs-sur-tablette-1.png\" \/>\n\t<meta property=\"og:image:width\" content=\"2000\" \/>\n\t<meta property=\"og:image:height\" content=\"1500\" \/>\n\t<meta property=\"og:image:type\" content=\"image\/png\" \/>\n<meta name=\"twitter:label1\" content=\"Geschatte leestijd\" \/>\n\t<meta name=\"twitter:data1\" content=\"1 minuut\" \/>\n<script type=\"application\/ld+json\" class=\"yoast-schema-graph\">{\"@context\":\"https:\\\/\\\/schema.org\",\"@graph\":[{\"@type\":\"WebPage\",\"@id\":\"https:\\\/\\\/www.dynseo.com\\\/nl\\\/temper-2\\\/\",\"url\":\"https:\\\/\\\/www.dynseo.com\\\/nl\\\/temper-2\\\/\",\"name\":\"Temper - Educatieve app en geheugenspelletjes\",\"isPartOf\":{\"@id\":\"https:\\\/\\\/www.dynseo.com\\\/nl\\\/#website\"},\"primaryImageOfPage\":{\"@id\":\"https:\\\/\\\/www.dynseo.com\\\/nl\\\/temper-2\\\/#primaryimage\"},\"image\":{\"@id\":\"https:\\\/\\\/www.dynseo.com\\\/nl\\\/temper-2\\\/#primaryimage\"},\"thumbnailUrl\":\"https:\\\/\\\/www.dynseo.com\\\/wp-content\\\/uploads\\\/2017\\\/04\\\/app-bien-etre-moodme-3.png\",\"datePublished\":\"2026-01-20T19:16:06+00:00\",\"breadcrumb\":{\"@id\":\"https:\\\/\\\/www.dynseo.com\\\/nl\\\/temper-2\\\/#breadcrumb\"},\"inLanguage\":\"nl-NL\",\"potentialAction\":[{\"@type\":\"ReadAction\",\"target\":[\"https:\\\/\\\/www.dynseo.com\\\/nl\\\/temper-2\\\/\"]}]},{\"@type\":\"ImageObject\",\"inLanguage\":\"nl-NL\",\"@id\":\"https:\\\/\\\/www.dynseo.com\\\/nl\\\/temper-2\\\/#primaryimage\",\"url\":\"https:\\\/\\\/www.dynseo.com\\\/wp-content\\\/uploads\\\/2017\\\/04\\\/app-bien-etre-moodme-3.png\",\"contentUrl\":\"https:\\\/\\\/www.dynseo.com\\\/wp-content\\\/uploads\\\/2017\\\/04\\\/app-bien-etre-moodme-3.png\",\"width\":800,\"height\":280,\"caption\":\"Verbeter uw geheugen en mentale fitheid met onze unieke geheugenoefeningen\"},{\"@type\":\"BreadcrumbList\",\"@id\":\"https:\\\/\\\/www.dynseo.com\\\/nl\\\/temper-2\\\/#breadcrumb\",\"itemListElement\":[{\"@type\":\"ListItem\",\"position\":1,\"name\":\"Accueil\",\"item\":\"https:\\\/\\\/www.dynseo.com\\\/nl\\\/\"},{\"@type\":\"ListItem\",\"position\":2,\"name\":\"Temper\"}]},{\"@type\":\"WebSite\",\"@id\":\"https:\\\/\\\/www.dynseo.com\\\/nl\\\/#website\",\"url\":\"https:\\\/\\\/www.dynseo.com\\\/nl\\\/\",\"name\":\"Jeux de m\u00e9moire et stimulation cognitive\",\"description\":\"Entra\u00eenez votre m\u00e9moire et votre cerveau avec DYNSEO\",\"publisher\":{\"@id\":\"https:\\\/\\\/www.dynseo.com\\\/nl\\\/#organization\"},\"potentialAction\":[{\"@type\":\"SearchAction\",\"target\":{\"@type\":\"EntryPoint\",\"urlTemplate\":\"https:\\\/\\\/www.dynseo.com\\\/nl\\\/?s={search_term_string}\"},\"query-input\":{\"@type\":\"PropertyValueSpecification\",\"valueRequired\":true,\"valueName\":\"search_term_string\"}}],\"inLanguage\":\"nl-NL\"},{\"@type\":\"Organization\",\"@id\":\"https:\\\/\\\/www.dynseo.com\\\/nl\\\/#organization\",\"name\":\"DYNSEO\",\"url\":\"https:\\\/\\\/www.dynseo.com\\\/nl\\\/\",\"logo\":{\"@type\":\"ImageObject\",\"inLanguage\":\"nl-NL\",\"@id\":\"https:\\\/\\\/www.dynseo.com\\\/nl\\\/#\\\/schema\\\/logo\\\/image\\\/\",\"url\":\"https:\\\/\\\/www.dynseo.com\\\/wp-content\\\/uploads\\\/2022\\\/05\\\/logo-dynseo-new.png\",\"contentUrl\":\"https:\\\/\\\/www.dynseo.com\\\/wp-content\\\/uploads\\\/2022\\\/05\\\/logo-dynseo-new.png\",\"width\":5073,\"height\":1397,\"caption\":\"DYNSEO\"},\"image\":{\"@id\":\"https:\\\/\\\/www.dynseo.com\\\/nl\\\/#\\\/schema\\\/logo\\\/image\\\/\"}}]}<\/script>\n<!-- \/ Yoast SEO plugin. -->","yoast_head_json":{"title":"Temper - Educatieve app en geheugenspelletjes","robots":{"index":"index","follow":"follow","max-snippet":"max-snippet:-1","max-image-preview":"max-image-preview:large","max-video-preview":"max-video-preview:-1"},"canonical":"https:\/\/www.dynseo.com\/nl\/temper-2\/","og_locale":"nl_NL","og_type":"article","og_title":"Temper - Educatieve app en geheugenspelletjes","og_description":"TEMPER Deel uw stemming, het ligt ons nauw aan het hart. Breng troost aan uw dierbaren die een beetje somber zijn en wees verheugd voor hen als alles goed gaat! &nbsp; Met Temper, wees de eerste die het humeur van uw dierbaren opbeurt &nbsp; Nodig uw dierbaren uit op de app om uw stemmingen te [&hellip;]","og_url":"https:\/\/www.dynseo.com\/nl\/temper-2\/","og_site_name":"Educatieve app en geheugenspelletjes","og_image":[{"width":2000,"height":1500,"url":"https:\/\/www.dynseo.com\/wp-content\/uploads\/2024\/07\/Article-pour-jeux-de-memoire-et-services-educatifs-sur-tablette-1.png","type":"image\/png"}],"twitter_misc":{"Geschatte leestijd":"1 minuut"},"schema":{"@context":"https:\/\/schema.org","@graph":[{"@type":"WebPage","@id":"https:\/\/www.dynseo.com\/nl\/temper-2\/","url":"https:\/\/www.dynseo.com\/nl\/temper-2\/","name":"Temper - Educatieve app en geheugenspelletjes","isPartOf":{"@id":"https:\/\/www.dynseo.com\/nl\/#website"},"primaryImageOfPage":{"@id":"https:\/\/www.dynseo.com\/nl\/temper-2\/#primaryimage"},"image":{"@id":"https:\/\/www.dynseo.com\/nl\/temper-2\/#primaryimage"},"thumbnailUrl":"https:\/\/www.dynseo.com\/wp-content\/uploads\/2017\/04\/app-bien-etre-moodme-3.png","datePublished":"2026-01-20T19:16:06+00:00","breadcrumb":{"@id":"https:\/\/www.dynseo.com\/nl\/temper-2\/#breadcrumb"},"inLanguage":"nl-NL","potentialAction":[{"@type":"ReadAction","target":["https:\/\/www.dynseo.com\/nl\/temper-2\/"]}]},{"@type":"ImageObject","inLanguage":"nl-NL","@id":"https:\/\/www.dynseo.com\/nl\/temper-2\/#primaryimage","url":"https:\/\/www.dynseo.com\/wp-content\/uploads\/2017\/04\/app-bien-etre-moodme-3.png","contentUrl":"https:\/\/www.dynseo.com\/wp-content\/uploads\/2017\/04\/app-bien-etre-moodme-3.png","width":800,"height":280,"caption":"Verbeter uw geheugen en mentale fitheid met onze unieke geheugenoefeningen"},{"@type":"BreadcrumbList","@id":"https:\/\/www.dynseo.com\/nl\/temper-2\/#breadcrumb","itemListElement":[{"@type":"ListItem","position":1,"name":"Accueil","item":"https:\/\/www.dynseo.com\/nl\/"},{"@type":"ListItem","position":2,"name":"Temper"}]},{"@type":"WebSite","@id":"https:\/\/www.dynseo.com\/nl\/#website","url":"https:\/\/www.dynseo.com\/nl\/","name":"Jeux de m\u00e9moire et stimulation cognitive","description":"Entra\u00eenez votre m\u00e9moire et votre cerveau avec DYNSEO","publisher":{"@id":"https:\/\/www.dynseo.com\/nl\/#organization"},"potentialAction":[{"@type":"SearchAction","target":{"@type":"EntryPoint","urlTemplate":"https:\/\/www.dynseo.com\/nl\/?s={search_term_string}"},"query-input":{"@type":"PropertyValueSpecification","valueRequired":true,"valueName":"search_term_string"}}],"inLanguage":"nl-NL"},{"@type":"Organization","@id":"https:\/\/www.dynseo.com\/nl\/#organization","name":"DYNSEO","url":"https:\/\/www.dynseo.com\/nl\/","logo":{"@type":"ImageObject","inLanguage":"nl-NL","@id":"https:\/\/www.dynseo.com\/nl\/#\/schema\/logo\/image\/","url":"https:\/\/www.dynseo.com\/wp-content\/uploads\/2022\/05\/logo-dynseo-new.png","contentUrl":"https:\/\/www.dynseo.com\/wp-content\/uploads\/2022\/05\/logo-dynseo-new.png","width":5073,"height":1397,"caption":"DYNSEO"},"image":{"@id":"https:\/\/www.dynseo.com\/nl\/#\/schema\/logo\/image\/"}}]}},"_links":{"self":[{"href":"https:\/\/www.dynseo.com\/nl\/wp-json\/wp\/v2\/pages\/487488","targetHints":{"allow":["GET"]}}],"collection":[{"href":"https:\/\/www.dynseo.com\/nl\/wp-json\/wp\/v2\/pages"}],"about":[{"href":"https:\/\/www.dynseo.com\/nl\/wp-json\/wp\/v2\/types\/page"}],"author":[{"embeddable":true,"href":"https:\/\/www.dynseo.com\/nl\/wp-json\/wp\/v2\/users\/4"}],"replies":[{"embeddable":true,"href":"https:\/\/www.dynseo.com\/nl\/wp-json\/wp\/v2\/comments?post=487488"}],"version-history":[{"count":0,"href":"https:\/\/www.dynseo.com\/nl\/wp-json\/wp\/v2\/pages\/487488\/revisions"}],"wp:featuredmedia":[{"embeddable":true,"href":"https:\/\/www.dynseo.com\/nl\/wp-json\/wp\/v2\/media\/6091"}],"wp:attachment":[{"href":"https:\/\/www.dynseo.com\/nl\/wp-json\/wp\/v2\/media?parent=487488"}],"curies":[{"name":"wp","href":"https:\/\/api.w.org\/{rel}","templated":true}]}}