{"id":71202,"date":"2023-01-30T22:07:22","date_gmt":"2023-01-30T21:07:22","guid":{"rendered":"https:\/\/www.dynseo.com\/wettelijke-informatie\/"},"modified":"2025-12-02T11:52:27","modified_gmt":"2025-12-02T10:52:27","slug":"wettelijke-informatie","status":"publish","type":"page","link":"https:\/\/www.dynseo.com\/nl\/wettelijke-informatie\/","title":{"rendered":"Wettelijke informatie"},"content":{"rendered":"<p>Overeenkomstig artikel 6 van de wet nr. 2004-575 van 21 juni 2004 betreffende het vertrouwen in de <a href=\"https:\/\/www.dynseo.com\/nl\/technologieen-en-digitale-spellen-nieuwe-hulpmiddelen-voor-thuiszorgmedewerkers\/\" title=\"Technologie\u00ebn en Digitale Spellen: Nieuwe Hulpmiddelen voor Thuiszorgmedewerkers.\">digitale<\/a> economie wordt de volgende informatie aan de internetgebruikers meegedeeld op <a title=\"Dit is een link naar de homepage van de DYNSEO-website.\" href=\"https:\/\/www.dynseo.com\/nl\/\">www.dynseo.com:<\/a><\/p>\n<p><strong>De uitgeverij van de website <a title=\"Dit is een link naar de homepage van de DYNSEO-website.\" href=\"https:\/\/www.dynseo.com\/nl\/\">www.dynseo.com<\/a> is DYNSEO<\/strong>, met een maatschappelijk kapitaal van 1018 euro, ingeschreven in het handels- en vennootschapsregister van Parijs onder het nummer 792 354 482, met maatschappelijke zetel te 6 rue du docteur Finlay 75015 Parijs.<\/p>\n<p>U kunt ons bereiken per e-mail op <a title=\"Dit is een link naar het contact e-mailadres voor DYNSEO.\" href=\"mailto:contact@dynseo.com\">contact@dynseo.com,<\/a> of per telefoon op 09 66 93 84 22.<\/p>\n<p>&nbsp;<\/p>\n<p>Het bedrijf wordt vertegenwoordigd door : Justine SAUQUET, haar manager.<br \/>\n<strong>Het handelsmerk DYNSEO is geregistreerd.  <\/strong><br \/>\nHet <a href=\"https:\/\/www.dynseo.com\/nl\/neurotransmitters-en-hun-rol-in-cognitieve-training\/\" title=\"Neurotransmitters en hun rol in cognitieve training\">cognitieve<\/a> stimuleringsprogramma Stim&#8217;Art op een <a href=\"https:\/\/www.dynseo.com\/nl\/hoe-educatieve-tablet-gebruiken-om-thuisonderwijs-te-ondersteunen\/\" title=\"Hoe een educatieve tablet gebruiken om thuisonderwijs te ondersteunen?\">tablet<\/a> is ontworpen en ontwikkeld door de onderneming DYNSEO en is op 11 juni 2013 bij de CNIL aangegeven onder nummer 1679021.<\/p>\n<p>De websites <a title=\"Dit is een link naar de homepage van de DYNSEO-website.\" href=\"https:\/\/www.dynseo.com\/nl\/\">www.dynseo.com<\/a> en <a title=\"Dit is een link naar het online platform met betrekking tot DYNSEO producten.\" href=\"http:\/\/www.stimart.com\">www.stimart.com<\/a> worden gehost door OVH, gevestigd te 2 rue Kellermann &#8211; 59100 Roubaix &#8211; Frankrijk.<\/p>\n<p><a title=\"Dit is een link naar de OVH server site.\" href=\"http:\/\/www.ovh.com\">(www.ovh.com)<\/a>.<\/p>\n<p>&nbsp;<\/p>\n<p>[et_pb_code]<script type=\"application\/ld+json\">{\"@context\":\"https:\/\/schema.org\",\"@type\":\"FAQPage\",\"mainEntity\":[{\"@type\":\"Question\",\"name\":\"Wat is de volledige naam en juridische vorm van het bedrijf achter www.dynseo.com?\",\"acceptedAnswer\":{\"@type\":\"Answer\",\"text\":\"Het bedrijf achter www.dynseo.com is DYNSEO, met een maatschappelijk kapitaal van 1018 euro, ingeschreven in het handels- en vennootschapsregister van Parijs onder nummer 792 354 482.\"}},{\"@type\":\"Question\",\"name\":\"Waar is het hoofdkantoor van DYNSEO gevestigd?\",\"acceptedAnswer\":{\"@type\":\"Answer\",\"text\":\"De maatschappelijke zetel van DYNSEO bevindt zich op 6 rue du docteur Finlay 75015 Parijs.\"}},{\"@type\":\"Question\",\"name\":\"Hoe kan ik contact opnemen met DYNSEO?\",\"acceptedAnswer\":{\"@type\":\"Answer\",\"text\":\"U kunt DYNSEO bereiken per e-mail op contact@dynseo.com of per telefoon op 09 66 93 84 22.\"}},{\"@type\":\"Question\",\"name\":\"Wie vertegenwoordigt het bedrijf DYNSEO?\",\"acceptedAnswer\":{\"@type\":\"Answer\",\"text\":\"Het bedrijf DYNSEO wordt vertegenwoordigd door Justine SAUQUET, haar manager.\"}},{\"@type\":\"Question\",\"name\":\"Wanneer is het <a href=\"https:\/\/www.dynseo.com\/nl\/het-belang-van-fysieke-activiteit-voor-het-behoud-van-cognitieve-vaardigheden\/\" title=\"Het belang van fysieke activiteit voor het behoud van cognitieve vaardigheden\">cognitieve<\/a> stimuleringsprogramma Stim'Art bij de CNIL aangegeven?\",\"acceptedAnswer\":{\"@type\":\"Answer\",\"text\":\"Het cognitieve stimuleringsprogramma Stim'Art op een tablet is op 11 juni 2013 bij de CNIL aangegeven onder nummer 1679021.\"}},{\"@type\":\"Question\",\"name\":\"Door welk bedrijf worden de websites www.dynseo.com en www.stimart.com gehost?\",\"acceptedAnswer\":{\"@type\":\"Answer\",\"text\":\"De websites worden gehost door OVH, gevestigd te 2 rue Kellermann - 59100 Roubaix - Frankrijk (www.ovh.com).\"}}]}<\/script>[\/et_pb_code]<\/p>\n","protected":false},"excerpt":{"rendered":"<p>Overeenkomstig artikel 6 van de wet nr. 2004-575 van 21 juni 2004 betreffende het vertrouwen in de digitale economie wordt de volgende informatie aan de internetgebruikers meegedeeld op www.dynseo.com: De uitgeverij van de website www.dynseo.com is DYNSEO, met een maatschappelijk kapitaal van 1018 euro, ingeschreven in het handels- en vennootschapsregister van Parijs onder het nummer [&hellip;]<\/p>\n","protected":false},"author":4,"featured_media":130227,"parent":0,"menu_order":104,"comment_status":"closed","ping_status":"closed","template":"","meta":{"_et_pb_use_builder":"","_et_pb_old_content":"","_et_gb_content_width":"","footnotes":""},"class_list":["post-71202","page","type-page","status-publish","has-post-thumbnail","hentry"],"yoast_head":"<!-- This site is optimized with the Yoast SEO plugin v27.4 - https:\/\/yoast.com\/product\/yoast-seo-wordpress\/ -->\n<title>wat u moet weten over wetten en regelgeving- DYNSEO<\/title>\n<meta name=\"description\" content=\"Bij DYNSEO begrijpen we hoe belangrijk het is om op de hoogte te zijn van wettelijke informatie en regelgeving. Ontdek hoe wij ons inzetten.\" \/>\n<meta name=\"robots\" content=\"index, follow, max-snippet:-1, max-image-preview:large, max-video-preview:-1\" \/>\n<link rel=\"canonical\" href=\"https:\/\/www.dynseo.com\/nl\/wettelijke-informatie\/\" \/>\n<meta property=\"og:locale\" content=\"nl_NL\" \/>\n<meta property=\"og:type\" content=\"article\" \/>\n<meta property=\"og:title\" content=\"wat u moet weten over wetten en regelgeving- DYNSEO\" \/>\n<meta property=\"og:description\" content=\"Bij DYNSEO begrijpen we hoe belangrijk het is om op de hoogte te zijn van wettelijke informatie en regelgeving. Ontdek hoe wij ons inzetten.\" \/>\n<meta property=\"og:url\" content=\"https:\/\/www.dynseo.com\/nl\/wettelijke-informatie\/\" \/>\n<meta property=\"og:site_name\" content=\"Educatieve app en geheugenspelletjes\" \/>\n<meta property=\"article:modified_time\" content=\"2025-12-02T10:52:27+00:00\" \/>\n<meta property=\"og:image\" content=\"https:\/\/www.dynseo.com\/wp-content\/uploads\/2024\/07\/Article-pour-jeux-de-memoire-et-services-educatifs-sur-tablette-1.png\" \/>\n\t<meta property=\"og:image:width\" content=\"2000\" \/>\n\t<meta property=\"og:image:height\" content=\"1500\" \/>\n\t<meta property=\"og:image:type\" content=\"image\/png\" \/>\n<meta name=\"twitter:label1\" content=\"Geschatte leestijd\" \/>\n\t<meta name=\"twitter:data1\" content=\"1 minuut\" \/>\n<script type=\"application\/ld+json\" class=\"yoast-schema-graph\">{\"@context\":\"https:\\\/\\\/schema.org\",\"@graph\":[{\"@type\":\"WebPage\",\"@id\":\"https:\\\/\\\/www.dynseo.com\\\/nl\\\/wettelijke-informatie\\\/\",\"url\":\"https:\\\/\\\/www.dynseo.com\\\/nl\\\/wettelijke-informatie\\\/\",\"name\":\"wat u moet weten over wetten en regelgeving- DYNSEO\",\"isPartOf\":{\"@id\":\"https:\\\/\\\/www.dynseo.com\\\/nl\\\/#website\"},\"primaryImageOfPage\":{\"@id\":\"https:\\\/\\\/www.dynseo.com\\\/nl\\\/wettelijke-informatie\\\/#primaryimage\"},\"image\":{\"@id\":\"https:\\\/\\\/www.dynseo.com\\\/nl\\\/wettelijke-informatie\\\/#primaryimage\"},\"thumbnailUrl\":\"https:\\\/\\\/www.dynseo.com\\\/wp-content\\\/uploads\\\/2024\\\/07\\\/Article-pour-jeux-de-memoire-et-services-educatifs-sur-tablette-1.png\",\"datePublished\":\"2023-01-30T21:07:22+00:00\",\"dateModified\":\"2025-12-02T10:52:27+00:00\",\"description\":\"Bij DYNSEO begrijpen we hoe belangrijk het is om op de hoogte te zijn van wettelijke informatie en regelgeving. Ontdek hoe wij ons inzetten.\",\"breadcrumb\":{\"@id\":\"https:\\\/\\\/www.dynseo.com\\\/nl\\\/wettelijke-informatie\\\/#breadcrumb\"},\"inLanguage\":\"nl-NL\",\"potentialAction\":[{\"@type\":\"ReadAction\",\"target\":[\"https:\\\/\\\/www.dynseo.com\\\/nl\\\/wettelijke-informatie\\\/\"]}]},{\"@type\":\"ImageObject\",\"inLanguage\":\"nl-NL\",\"@id\":\"https:\\\/\\\/www.dynseo.com\\\/nl\\\/wettelijke-informatie\\\/#primaryimage\",\"url\":\"https:\\\/\\\/www.dynseo.com\\\/wp-content\\\/uploads\\\/2024\\\/07\\\/Article-pour-jeux-de-memoire-et-services-educatifs-sur-tablette-1.png\",\"contentUrl\":\"https:\\\/\\\/www.dynseo.com\\\/wp-content\\\/uploads\\\/2024\\\/07\\\/Article-pour-jeux-de-memoire-et-services-educatifs-sur-tablette-1.png\",\"width\":2000,\"height\":1500,\"caption\":\"Houd je mentale behendigheid op peil met onze leuke en lonende activiteiten\"},{\"@type\":\"BreadcrumbList\",\"@id\":\"https:\\\/\\\/www.dynseo.com\\\/nl\\\/wettelijke-informatie\\\/#breadcrumb\",\"itemListElement\":[{\"@type\":\"ListItem\",\"position\":1,\"name\":\"Accueil\",\"item\":\"https:\\\/\\\/www.dynseo.com\\\/nl\\\/\"},{\"@type\":\"ListItem\",\"position\":2,\"name\":\"Wettelijke informatie\"}]},{\"@type\":\"WebSite\",\"@id\":\"https:\\\/\\\/www.dynseo.com\\\/nl\\\/#website\",\"url\":\"https:\\\/\\\/www.dynseo.com\\\/nl\\\/\",\"name\":\"Jeux de m\u00e9moire et stimulation cognitive\",\"description\":\"Entra\u00eenez votre m\u00e9moire et votre cerveau avec DYNSEO\",\"publisher\":{\"@id\":\"https:\\\/\\\/www.dynseo.com\\\/nl\\\/#organization\"},\"potentialAction\":[{\"@type\":\"SearchAction\",\"target\":{\"@type\":\"EntryPoint\",\"urlTemplate\":\"https:\\\/\\\/www.dynseo.com\\\/nl\\\/?s={search_term_string}\"},\"query-input\":{\"@type\":\"PropertyValueSpecification\",\"valueRequired\":true,\"valueName\":\"search_term_string\"}}],\"inLanguage\":\"nl-NL\"},{\"@type\":\"Organization\",\"@id\":\"https:\\\/\\\/www.dynseo.com\\\/nl\\\/#organization\",\"name\":\"DYNSEO\",\"url\":\"https:\\\/\\\/www.dynseo.com\\\/nl\\\/\",\"logo\":{\"@type\":\"ImageObject\",\"inLanguage\":\"nl-NL\",\"@id\":\"https:\\\/\\\/www.dynseo.com\\\/nl\\\/#\\\/schema\\\/logo\\\/image\\\/\",\"url\":\"https:\\\/\\\/www.dynseo.com\\\/wp-content\\\/uploads\\\/2022\\\/05\\\/logo-dynseo-new.png\",\"contentUrl\":\"https:\\\/\\\/www.dynseo.com\\\/wp-content\\\/uploads\\\/2022\\\/05\\\/logo-dynseo-new.png\",\"width\":5073,\"height\":1397,\"caption\":\"DYNSEO\"},\"image\":{\"@id\":\"https:\\\/\\\/www.dynseo.com\\\/nl\\\/#\\\/schema\\\/logo\\\/image\\\/\"}}]}<\/script>\n<!-- \/ Yoast SEO plugin. -->","yoast_head_json":{"title":"wat u moet weten over wetten en regelgeving- DYNSEO","description":"Bij DYNSEO begrijpen we hoe belangrijk het is om op de hoogte te zijn van wettelijke informatie en regelgeving. Ontdek hoe wij ons inzetten.","robots":{"index":"index","follow":"follow","max-snippet":"max-snippet:-1","max-image-preview":"max-image-preview:large","max-video-preview":"max-video-preview:-1"},"canonical":"https:\/\/www.dynseo.com\/nl\/wettelijke-informatie\/","og_locale":"nl_NL","og_type":"article","og_title":"wat u moet weten over wetten en regelgeving- DYNSEO","og_description":"Bij DYNSEO begrijpen we hoe belangrijk het is om op de hoogte te zijn van wettelijke informatie en regelgeving. Ontdek hoe wij ons inzetten.","og_url":"https:\/\/www.dynseo.com\/nl\/wettelijke-informatie\/","og_site_name":"Educatieve app en geheugenspelletjes","article_modified_time":"2025-12-02T10:52:27+00:00","og_image":[{"width":2000,"height":1500,"url":"https:\/\/www.dynseo.com\/wp-content\/uploads\/2024\/07\/Article-pour-jeux-de-memoire-et-services-educatifs-sur-tablette-1.png","type":"image\/png"}],"twitter_misc":{"Geschatte leestijd":"1 minuut"},"schema":{"@context":"https:\/\/schema.org","@graph":[{"@type":"WebPage","@id":"https:\/\/www.dynseo.com\/nl\/wettelijke-informatie\/","url":"https:\/\/www.dynseo.com\/nl\/wettelijke-informatie\/","name":"wat u moet weten over wetten en regelgeving- DYNSEO","isPartOf":{"@id":"https:\/\/www.dynseo.com\/nl\/#website"},"primaryImageOfPage":{"@id":"https:\/\/www.dynseo.com\/nl\/wettelijke-informatie\/#primaryimage"},"image":{"@id":"https:\/\/www.dynseo.com\/nl\/wettelijke-informatie\/#primaryimage"},"thumbnailUrl":"https:\/\/www.dynseo.com\/wp-content\/uploads\/2024\/07\/Article-pour-jeux-de-memoire-et-services-educatifs-sur-tablette-1.png","datePublished":"2023-01-30T21:07:22+00:00","dateModified":"2025-12-02T10:52:27+00:00","description":"Bij DYNSEO begrijpen we hoe belangrijk het is om op de hoogte te zijn van wettelijke informatie en regelgeving. Ontdek hoe wij ons inzetten.","breadcrumb":{"@id":"https:\/\/www.dynseo.com\/nl\/wettelijke-informatie\/#breadcrumb"},"inLanguage":"nl-NL","potentialAction":[{"@type":"ReadAction","target":["https:\/\/www.dynseo.com\/nl\/wettelijke-informatie\/"]}]},{"@type":"ImageObject","inLanguage":"nl-NL","@id":"https:\/\/www.dynseo.com\/nl\/wettelijke-informatie\/#primaryimage","url":"https:\/\/www.dynseo.com\/wp-content\/uploads\/2024\/07\/Article-pour-jeux-de-memoire-et-services-educatifs-sur-tablette-1.png","contentUrl":"https:\/\/www.dynseo.com\/wp-content\/uploads\/2024\/07\/Article-pour-jeux-de-memoire-et-services-educatifs-sur-tablette-1.png","width":2000,"height":1500,"caption":"Houd je mentale behendigheid op peil met onze leuke en lonende activiteiten"},{"@type":"BreadcrumbList","@id":"https:\/\/www.dynseo.com\/nl\/wettelijke-informatie\/#breadcrumb","itemListElement":[{"@type":"ListItem","position":1,"name":"Accueil","item":"https:\/\/www.dynseo.com\/nl\/"},{"@type":"ListItem","position":2,"name":"Wettelijke informatie"}]},{"@type":"WebSite","@id":"https:\/\/www.dynseo.com\/nl\/#website","url":"https:\/\/www.dynseo.com\/nl\/","name":"Jeux de m\u00e9moire et stimulation cognitive","description":"Entra\u00eenez votre m\u00e9moire et votre cerveau avec DYNSEO","publisher":{"@id":"https:\/\/www.dynseo.com\/nl\/#organization"},"potentialAction":[{"@type":"SearchAction","target":{"@type":"EntryPoint","urlTemplate":"https:\/\/www.dynseo.com\/nl\/?s={search_term_string}"},"query-input":{"@type":"PropertyValueSpecification","valueRequired":true,"valueName":"search_term_string"}}],"inLanguage":"nl-NL"},{"@type":"Organization","@id":"https:\/\/www.dynseo.com\/nl\/#organization","name":"DYNSEO","url":"https:\/\/www.dynseo.com\/nl\/","logo":{"@type":"ImageObject","inLanguage":"nl-NL","@id":"https:\/\/www.dynseo.com\/nl\/#\/schema\/logo\/image\/","url":"https:\/\/www.dynseo.com\/wp-content\/uploads\/2022\/05\/logo-dynseo-new.png","contentUrl":"https:\/\/www.dynseo.com\/wp-content\/uploads\/2022\/05\/logo-dynseo-new.png","width":5073,"height":1397,"caption":"DYNSEO"},"image":{"@id":"https:\/\/www.dynseo.com\/nl\/#\/schema\/logo\/image\/"}}]}},"_links":{"self":[{"href":"https:\/\/www.dynseo.com\/nl\/wp-json\/wp\/v2\/pages\/71202","targetHints":{"allow":["GET"]}}],"collection":[{"href":"https:\/\/www.dynseo.com\/nl\/wp-json\/wp\/v2\/pages"}],"about":[{"href":"https:\/\/www.dynseo.com\/nl\/wp-json\/wp\/v2\/types\/page"}],"author":[{"embeddable":true,"href":"https:\/\/www.dynseo.com\/nl\/wp-json\/wp\/v2\/users\/4"}],"replies":[{"embeddable":true,"href":"https:\/\/www.dynseo.com\/nl\/wp-json\/wp\/v2\/comments?post=71202"}],"version-history":[{"count":2,"href":"https:\/\/www.dynseo.com\/nl\/wp-json\/wp\/v2\/pages\/71202\/revisions"}],"predecessor-version":[{"id":433198,"href":"https:\/\/www.dynseo.com\/nl\/wp-json\/wp\/v2\/pages\/71202\/revisions\/433198"}],"wp:featuredmedia":[{"embeddable":true,"href":"https:\/\/www.dynseo.com\/nl\/wp-json\/wp\/v2\/media\/130227"}],"wp:attachment":[{"href":"https:\/\/www.dynseo.com\/nl\/wp-json\/wp\/v2\/media?parent=71202"}],"curies":[{"name":"wp","href":"https:\/\/api.w.org\/{rel}","templated":true}]}}