{"id":129248,"date":"2024-06-26T16:40:14","date_gmt":"2024-06-26T14:40:14","guid":{"rendered":"https:\/\/www.dynseo.com\/?post_type=product&#038;p=129248"},"modified":"2025-11-06T14:37:39","modified_gmt":"2025-11-06T13:37:39","slug":"de-rollende-bal","status":"publish","type":"product","link":"https:\/\/www.dynseo.com\/nl\/produit\/de-rollende-bal\/","title":{"rendered":"De rollende bal"},"content":{"rendered":"<p>De Rollende Bal is onze toepassing voor motorische vaardigheden op basis van een tablet. Het tablet wordt gebruikt als evenwichtssteun om de bal naar het midden van het tablet te bewegen. Er worden verschillende oefeningen voorgesteld: Cirkels passen Bal in het midden Cirkels volgen Lijn volgen Stroomopwaarts gaan Windweerstand Veel elementen kunnen worden gevarieerd, zoals de grootte van de bal en de snelheid. Dit maakt elke oefening parametreerbaar en aanpasbaar. Let op: deze applicatie is alleen beschikbaar op iPad-tablets.<\/p>\n","protected":false},"excerpt":{"rendered":"<p>De Rollende Bal is een speelse educatieve toepassing voor iPad-tablets die de ontwikkeling van motorische vaardigheden stimuleert. Met behulp van de tablet als balanceersteun kunnen gebruikers een verscheidenheid aan spannende oefeningen uitvoeren, zoals cirkels doorgeven, de bal naar het midden bewegen, cirkels volgen, lijnen volgen, opwaartse kracht en windweerstand. Deze applicatie biedt volledige aanpassingsmogelijkheden, zodat je de grootte en snelheid van de bal kunt wijzigen om elke oefening aan je behoeften aan te passen. Ontdek een leuke manier om je motorische vaardigheden te verbeteren met The Rolling Ball op je iPad tablet.<\/p>\n","protected":false},"featured_media":130497,"comment_status":"closed","ping_status":"closed","template":"","meta":{"_et_pb_use_builder":"off","_et_pb_old_content":"De Rollende Bal is onze toepassing voor motorische vaardigheden op basis van een tablet. Het tablet wordt gebruikt als evenwichtssteun om de bal naar het midden van het tablet te bewegen. Er worden verschillende oefeningen voorgesteld: Cirkels passen Bal in het midden Cirkels volgen Lijn volgen Stroomopwaarts gaan Windweerstand Veel elementen kunnen worden gevarieerd, zoals de grootte van de bal en de snelheid. Dit maakt elke oefening parametreerbaar en aanpasbaar. Let op: deze applicatie is alleen beschikbaar op iPad-tablets.","_et_gb_content_width":""},"product_brand":[],"product_cat":[3157],"product_tag":[],"class_list":{"0":"post-129248","1":"product","2":"type-product","3":"status-publish","4":"has-post-thumbnail","6":"product_cat-uncategorized","8":"first","9":"instock","10":"virtual","11":"taxable","12":"purchasable","13":"product-type-simple"},"yoast_head":"<!-- This site is optimized with the Yoast SEO plugin v27.4 - https:\/\/yoast.com\/product\/yoast-seo-wordpress\/ -->\n<title>De rollende bal - Guide | DYNSEO - App educative et jeux ...<\/title>\n<meta name=\"robots\" content=\"index, follow, max-snippet:-1, max-image-preview:large, max-video-preview:-1\" \/>\n<link rel=\"canonical\" href=\"https:\/\/www.dynseo.com\/nl\/produit\/de-rollende-bal\/\" \/>\n<meta property=\"og:locale\" content=\"nl_NL\" \/>\n<meta property=\"og:type\" content=\"article\" \/>\n<meta property=\"og:title\" content=\"De rollende bal - Guide | DYNSEO - App educative et jeux ...\" \/>\n<meta property=\"og:description\" content=\"De Rollende Bal is een speelse educatieve toepassing voor iPad-tablets die de ontwikkeling van motorische vaardigheden stimuleert. Met behulp van de tablet als balanceersteun kunnen gebruikers een verscheidenheid aan spannende oefeningen uitvoeren, zoals cirkels doorgeven, de bal naar het midden bewegen, cirkels volgen, lijnen volgen, opwaartse kracht en windweerstand. Deze applicatie biedt volledige aanpassingsmogelijkheden, zodat je de grootte en snelheid van de bal kunt wijzigen om elke oefening aan je behoeften aan te passen. Ontdek een leuke manier om je motorische vaardigheden te verbeteren met The Rolling Ball op je iPad tablet.\" \/>\n<meta property=\"og:url\" content=\"https:\/\/www.dynseo.com\/nl\/produit\/de-rollende-bal\/\" \/>\n<meta property=\"og:site_name\" content=\"Educatieve app en geheugenspelletjes\" \/>\n<meta property=\"article:modified_time\" content=\"2025-11-06T13:37:39+00:00\" \/>\n<meta property=\"og:image\" content=\"https:\/\/www.dynseo.com\/wp-content\/uploads\/2024\/07\/de-rollende-bal-shop.png\" \/>\n\t<meta property=\"og:image:width\" content=\"688\" \/>\n\t<meta property=\"og:image:height\" content=\"600\" \/>\n\t<meta property=\"og:image:type\" content=\"image\/png\" \/>\n<meta name=\"twitter:label1\" content=\"Geschatte leestijd\" \/>\n\t<meta name=\"twitter:data1\" content=\"1 minuut\" \/>\n<script type=\"application\/ld+json\" class=\"yoast-schema-graph\">{\"@context\":\"https:\\\/\\\/schema.org\",\"@graph\":[{\"@type\":\"WebPage\",\"@id\":\"https:\\\/\\\/www.dynseo.com\\\/nl\\\/produit\\\/de-rollende-bal\\\/\",\"url\":\"https:\\\/\\\/www.dynseo.com\\\/nl\\\/produit\\\/de-rollende-bal\\\/\",\"name\":\"De rollende bal - Guide | DYNSEO - App educative et jeux ...\",\"isPartOf\":{\"@id\":\"https:\\\/\\\/www.dynseo.com\\\/nl\\\/#website\"},\"primaryImageOfPage\":{\"@id\":\"https:\\\/\\\/www.dynseo.com\\\/nl\\\/produit\\\/de-rollende-bal\\\/#primaryimage\"},\"image\":{\"@id\":\"https:\\\/\\\/www.dynseo.com\\\/nl\\\/produit\\\/de-rollende-bal\\\/#primaryimage\"},\"thumbnailUrl\":\"https:\\\/\\\/www.dynseo.com\\\/wp-content\\\/uploads\\\/2024\\\/07\\\/de-rollende-bal-shop.png\",\"datePublished\":\"2024-06-26T14:40:14+00:00\",\"dateModified\":\"2025-11-06T13:37:39+00:00\",\"breadcrumb\":{\"@id\":\"https:\\\/\\\/www.dynseo.com\\\/nl\\\/produit\\\/de-rollende-bal\\\/#breadcrumb\"},\"inLanguage\":\"nl-NL\",\"potentialAction\":[{\"@type\":\"ReadAction\",\"target\":[\"https:\\\/\\\/www.dynseo.com\\\/nl\\\/produit\\\/de-rollende-bal\\\/\"]}]},{\"@type\":\"ImageObject\",\"inLanguage\":\"nl-NL\",\"@id\":\"https:\\\/\\\/www.dynseo.com\\\/nl\\\/produit\\\/de-rollende-bal\\\/#primaryimage\",\"url\":\"https:\\\/\\\/www.dynseo.com\\\/wp-content\\\/uploads\\\/2024\\\/07\\\/de-rollende-bal-shop.png\",\"contentUrl\":\"https:\\\/\\\/www.dynseo.com\\\/wp-content\\\/uploads\\\/2024\\\/07\\\/de-rollende-bal-shop.png\",\"width\":688,\"height\":600,\"caption\":\"Laat uw geheugen opfleuren met onze stimulerende geheugentraining\"},{\"@type\":\"BreadcrumbList\",\"@id\":\"https:\\\/\\\/www.dynseo.com\\\/nl\\\/produit\\\/de-rollende-bal\\\/#breadcrumb\",\"itemListElement\":[{\"@type\":\"ListItem\",\"position\":1,\"name\":\"Accueil\",\"item\":\"https:\\\/\\\/www.dynseo.com\\\/nl\\\/\"},{\"@type\":\"ListItem\",\"position\":2,\"name\":\"Winkel\",\"item\":\"https:\\\/\\\/www.dynseo.com\\\/nl\\\/winkel\\\/\"},{\"@type\":\"ListItem\",\"position\":3,\"name\":\"De rollende bal\"}]},{\"@type\":\"WebSite\",\"@id\":\"https:\\\/\\\/www.dynseo.com\\\/nl\\\/#website\",\"url\":\"https:\\\/\\\/www.dynseo.com\\\/nl\\\/\",\"name\":\"Jeux de m\u00e9moire et stimulation cognitive\",\"description\":\"Entra\u00eenez votre m\u00e9moire et votre cerveau avec DYNSEO\",\"publisher\":{\"@id\":\"https:\\\/\\\/www.dynseo.com\\\/nl\\\/#organization\"},\"potentialAction\":[{\"@type\":\"SearchAction\",\"target\":{\"@type\":\"EntryPoint\",\"urlTemplate\":\"https:\\\/\\\/www.dynseo.com\\\/nl\\\/?s={search_term_string}\"},\"query-input\":{\"@type\":\"PropertyValueSpecification\",\"valueRequired\":true,\"valueName\":\"search_term_string\"}}],\"inLanguage\":\"nl-NL\"},{\"@type\":\"Organization\",\"@id\":\"https:\\\/\\\/www.dynseo.com\\\/nl\\\/#organization\",\"name\":\"DYNSEO\",\"url\":\"https:\\\/\\\/www.dynseo.com\\\/nl\\\/\",\"logo\":{\"@type\":\"ImageObject\",\"inLanguage\":\"nl-NL\",\"@id\":\"https:\\\/\\\/www.dynseo.com\\\/nl\\\/#\\\/schema\\\/logo\\\/image\\\/\",\"url\":\"https:\\\/\\\/www.dynseo.com\\\/wp-content\\\/uploads\\\/2022\\\/05\\\/logo-dynseo-new.png\",\"contentUrl\":\"https:\\\/\\\/www.dynseo.com\\\/wp-content\\\/uploads\\\/2022\\\/05\\\/logo-dynseo-new.png\",\"width\":5073,\"height\":1397,\"caption\":\"DYNSEO\"},\"image\":{\"@id\":\"https:\\\/\\\/www.dynseo.com\\\/nl\\\/#\\\/schema\\\/logo\\\/image\\\/\"}}]}<\/script>\n<!-- \/ Yoast SEO plugin. -->","yoast_head_json":{"title":"De rollende bal - Guide | DYNSEO - App educative et jeux ...","robots":{"index":"index","follow":"follow","max-snippet":"max-snippet:-1","max-image-preview":"max-image-preview:large","max-video-preview":"max-video-preview:-1"},"canonical":"https:\/\/www.dynseo.com\/nl\/produit\/de-rollende-bal\/","og_locale":"nl_NL","og_type":"article","og_title":"De rollende bal - Guide | DYNSEO - App educative et jeux ...","og_description":"De Rollende Bal is een speelse educatieve toepassing voor iPad-tablets die de ontwikkeling van motorische vaardigheden stimuleert. Met behulp van de tablet als balanceersteun kunnen gebruikers een verscheidenheid aan spannende oefeningen uitvoeren, zoals cirkels doorgeven, de bal naar het midden bewegen, cirkels volgen, lijnen volgen, opwaartse kracht en windweerstand. Deze applicatie biedt volledige aanpassingsmogelijkheden, zodat je de grootte en snelheid van de bal kunt wijzigen om elke oefening aan je behoeften aan te passen. Ontdek een leuke manier om je motorische vaardigheden te verbeteren met The Rolling Ball op je iPad tablet.","og_url":"https:\/\/www.dynseo.com\/nl\/produit\/de-rollende-bal\/","og_site_name":"Educatieve app en geheugenspelletjes","article_modified_time":"2025-11-06T13:37:39+00:00","og_image":[{"width":688,"height":600,"url":"https:\/\/www.dynseo.com\/wp-content\/uploads\/2024\/07\/de-rollende-bal-shop.png","type":"image\/png"}],"twitter_misc":{"Geschatte leestijd":"1 minuut"},"schema":{"@context":"https:\/\/schema.org","@graph":[{"@type":"WebPage","@id":"https:\/\/www.dynseo.com\/nl\/produit\/de-rollende-bal\/","url":"https:\/\/www.dynseo.com\/nl\/produit\/de-rollende-bal\/","name":"De rollende bal - Guide | DYNSEO - App educative et jeux ...","isPartOf":{"@id":"https:\/\/www.dynseo.com\/nl\/#website"},"primaryImageOfPage":{"@id":"https:\/\/www.dynseo.com\/nl\/produit\/de-rollende-bal\/#primaryimage"},"image":{"@id":"https:\/\/www.dynseo.com\/nl\/produit\/de-rollende-bal\/#primaryimage"},"thumbnailUrl":"https:\/\/www.dynseo.com\/wp-content\/uploads\/2024\/07\/de-rollende-bal-shop.png","datePublished":"2024-06-26T14:40:14+00:00","dateModified":"2025-11-06T13:37:39+00:00","breadcrumb":{"@id":"https:\/\/www.dynseo.com\/nl\/produit\/de-rollende-bal\/#breadcrumb"},"inLanguage":"nl-NL","potentialAction":[{"@type":"ReadAction","target":["https:\/\/www.dynseo.com\/nl\/produit\/de-rollende-bal\/"]}]},{"@type":"ImageObject","inLanguage":"nl-NL","@id":"https:\/\/www.dynseo.com\/nl\/produit\/de-rollende-bal\/#primaryimage","url":"https:\/\/www.dynseo.com\/wp-content\/uploads\/2024\/07\/de-rollende-bal-shop.png","contentUrl":"https:\/\/www.dynseo.com\/wp-content\/uploads\/2024\/07\/de-rollende-bal-shop.png","width":688,"height":600,"caption":"Laat uw geheugen opfleuren met onze stimulerende geheugentraining"},{"@type":"BreadcrumbList","@id":"https:\/\/www.dynseo.com\/nl\/produit\/de-rollende-bal\/#breadcrumb","itemListElement":[{"@type":"ListItem","position":1,"name":"Accueil","item":"https:\/\/www.dynseo.com\/nl\/"},{"@type":"ListItem","position":2,"name":"Winkel","item":"https:\/\/www.dynseo.com\/nl\/winkel\/"},{"@type":"ListItem","position":3,"name":"De rollende bal"}]},{"@type":"WebSite","@id":"https:\/\/www.dynseo.com\/nl\/#website","url":"https:\/\/www.dynseo.com\/nl\/","name":"Jeux de m\u00e9moire et stimulation cognitive","description":"Entra\u00eenez votre m\u00e9moire et votre cerveau avec DYNSEO","publisher":{"@id":"https:\/\/www.dynseo.com\/nl\/#organization"},"potentialAction":[{"@type":"SearchAction","target":{"@type":"EntryPoint","urlTemplate":"https:\/\/www.dynseo.com\/nl\/?s={search_term_string}"},"query-input":{"@type":"PropertyValueSpecification","valueRequired":true,"valueName":"search_term_string"}}],"inLanguage":"nl-NL"},{"@type":"Organization","@id":"https:\/\/www.dynseo.com\/nl\/#organization","name":"DYNSEO","url":"https:\/\/www.dynseo.com\/nl\/","logo":{"@type":"ImageObject","inLanguage":"nl-NL","@id":"https:\/\/www.dynseo.com\/nl\/#\/schema\/logo\/image\/","url":"https:\/\/www.dynseo.com\/wp-content\/uploads\/2022\/05\/logo-dynseo-new.png","contentUrl":"https:\/\/www.dynseo.com\/wp-content\/uploads\/2022\/05\/logo-dynseo-new.png","width":5073,"height":1397,"caption":"DYNSEO"},"image":{"@id":"https:\/\/www.dynseo.com\/nl\/#\/schema\/logo\/image\/"}}]}},"_links":{"self":[{"href":"https:\/\/www.dynseo.com\/nl\/wp-json\/wp\/v2\/product\/129248","targetHints":{"allow":["GET"]}}],"collection":[{"href":"https:\/\/www.dynseo.com\/nl\/wp-json\/wp\/v2\/product"}],"about":[{"href":"https:\/\/www.dynseo.com\/nl\/wp-json\/wp\/v2\/types\/product"}],"replies":[{"embeddable":true,"href":"https:\/\/www.dynseo.com\/nl\/wp-json\/wp\/v2\/comments?post=129248"}],"wp:featuredmedia":[{"embeddable":true,"href":"https:\/\/www.dynseo.com\/nl\/wp-json\/wp\/v2\/media\/130497"}],"wp:attachment":[{"href":"https:\/\/www.dynseo.com\/nl\/wp-json\/wp\/v2\/media?parent=129248"}],"wp:term":[{"taxonomy":"product_brand","embeddable":true,"href":"https:\/\/www.dynseo.com\/nl\/wp-json\/wp\/v2\/product_brand?post=129248"},{"taxonomy":"product_cat","embeddable":true,"href":"https:\/\/www.dynseo.com\/nl\/wp-json\/wp\/v2\/product_cat?post=129248"},{"taxonomy":"product_tag","embeddable":true,"href":"https:\/\/www.dynseo.com\/nl\/wp-json\/wp\/v2\/product_tag?post=129248"}],"curies":[{"name":"wp","href":"https:\/\/api.w.org\/{rel}","templated":true}]}}