{"id":518797,"date":"2026-03-13T10:34:58","date_gmt":"2026-03-13T09:34:58","guid":{"rendered":"https:\/\/www.dynseo.com\/produit\/developing-communication-in-children-with-downs-syndrome-3\/"},"modified":"2026-03-13T10:34:58","modified_gmt":"2026-03-13T09:34:58","slug":"developing-communication-in-children-with-downs-syndrome-3","status":"publish","type":"product","link":"https:\/\/www.dynseo.com\/nl\/produit\/developing-communication-in-children-with-downs-syndrome-3\/","title":{"rendered":"Developing communication in children with Down&#8217;s syndrome"},"content":{"rendered":"","protected":false},"excerpt":{"rendered":"","protected":false},"featured_media":518534,"comment_status":"open","ping_status":"closed","template":"","meta":{"_et_pb_use_builder":"","_et_pb_old_content":"","_et_gb_content_width":""},"product_brand":[],"product_cat":[4490],"product_tag":[],"class_list":{"0":"post-518797","1":"product","2":"type-product","3":"status-publish","4":"has-post-thumbnail","6":"product_cat-training","8":"first","9":"instock","10":"virtual","11":"taxable","12":"purchasable","13":"product-type-simple"},"yoast_head":"<!-- This site is optimized with the Yoast SEO plugin v27.4 - https:\/\/yoast.com\/product\/yoast-seo-wordpress\/ -->\n<title>Developing communication in children with Down&#039;s syndrome - Educatieve app en geheugenspelletjes<\/title>\n<meta name=\"robots\" content=\"index, follow, max-snippet:-1, max-image-preview:large, max-video-preview:-1\" \/>\n<link rel=\"canonical\" href=\"https:\/\/www.dynseo.com\/nl\/produit\/developing-communication-in-children-with-downs-syndrome-3\/\" \/>\n<meta property=\"og:locale\" content=\"nl_NL\" \/>\n<meta property=\"og:type\" content=\"article\" \/>\n<meta property=\"og:title\" content=\"Developing communication in children with Down&#039;s syndrome - Educatieve app en geheugenspelletjes\" \/>\n<meta property=\"og:url\" content=\"https:\/\/www.dynseo.com\/nl\/produit\/developing-communication-in-children-with-downs-syndrome-3\/\" \/>\n<meta property=\"og:site_name\" content=\"Educatieve app en geheugenspelletjes\" \/>\n<script type=\"application\/ld+json\" class=\"yoast-schema-graph\">{\"@context\":\"https:\\\/\\\/schema.org\",\"@graph\":[{\"@type\":\"WebPage\",\"@id\":\"https:\\\/\\\/www.dynseo.com\\\/nl\\\/produit\\\/developing-communication-in-children-with-downs-syndrome-3\\\/\",\"url\":\"https:\\\/\\\/www.dynseo.com\\\/nl\\\/produit\\\/developing-communication-in-children-with-downs-syndrome-3\\\/\",\"name\":\"Developing communication in children with Down's syndrome - Educatieve app en geheugenspelletjes\",\"isPartOf\":{\"@id\":\"https:\\\/\\\/www.dynseo.com\\\/nl\\\/#website\"},\"primaryImageOfPage\":{\"@id\":\"https:\\\/\\\/www.dynseo.com\\\/nl\\\/produit\\\/developing-communication-in-children-with-downs-syndrome-3\\\/#primaryimage\"},\"image\":{\"@id\":\"https:\\\/\\\/www.dynseo.com\\\/nl\\\/produit\\\/developing-communication-in-children-with-downs-syndrome-3\\\/#primaryimage\"},\"thumbnailUrl\":\"https:\\\/\\\/www.dynseo.com\\\/wp-content\\\/uploads\\\/2026\\\/03\\\/PRO-anglais.png\",\"datePublished\":\"2026-03-13T09:34:58+00:00\",\"breadcrumb\":{\"@id\":\"https:\\\/\\\/www.dynseo.com\\\/nl\\\/produit\\\/developing-communication-in-children-with-downs-syndrome-3\\\/#breadcrumb\"},\"inLanguage\":\"nl-NL\",\"potentialAction\":[{\"@type\":\"ReadAction\",\"target\":[\"https:\\\/\\\/www.dynseo.com\\\/nl\\\/produit\\\/developing-communication-in-children-with-downs-syndrome-3\\\/\"]}]},{\"@type\":\"ImageObject\",\"inLanguage\":\"nl-NL\",\"@id\":\"https:\\\/\\\/www.dynseo.com\\\/nl\\\/produit\\\/developing-communication-in-children-with-downs-syndrome-3\\\/#primaryimage\",\"url\":\"https:\\\/\\\/www.dynseo.com\\\/wp-content\\\/uploads\\\/2026\\\/03\\\/PRO-anglais.png\",\"contentUrl\":\"https:\\\/\\\/www.dynseo.com\\\/wp-content\\\/uploads\\\/2026\\\/03\\\/PRO-anglais.png\",\"width\":500,\"height\":500,\"caption\":\"\u5229\u7528\u5148\u8fdb\u6280\u672f\u4fc3\u8fdb\u8001\u5e74\u4eba\u5927\u8111\u529f\u80fd\u7684\u63d0\u5347\"},{\"@type\":\"BreadcrumbList\",\"@id\":\"https:\\\/\\\/www.dynseo.com\\\/nl\\\/produit\\\/developing-communication-in-children-with-downs-syndrome-3\\\/#breadcrumb\",\"itemListElement\":[{\"@type\":\"ListItem\",\"position\":1,\"name\":\"Accueil\",\"item\":\"https:\\\/\\\/www.dynseo.com\\\/nl\\\/\"},{\"@type\":\"ListItem\",\"position\":2,\"name\":\"Winkel\",\"item\":\"https:\\\/\\\/www.dynseo.com\\\/boutique\\\/\"},{\"@type\":\"ListItem\",\"position\":3,\"name\":\"Developing communication in children with Down&#8217;s syndrome\"}]},{\"@type\":\"WebSite\",\"@id\":\"https:\\\/\\\/www.dynseo.com\\\/nl\\\/#website\",\"url\":\"https:\\\/\\\/www.dynseo.com\\\/nl\\\/\",\"name\":\"Jeux de m\u00e9moire et stimulation cognitive\",\"description\":\"Entra\u00eenez votre m\u00e9moire et votre cerveau avec DYNSEO\",\"publisher\":{\"@id\":\"https:\\\/\\\/www.dynseo.com\\\/nl\\\/#organization\"},\"potentialAction\":[{\"@type\":\"SearchAction\",\"target\":{\"@type\":\"EntryPoint\",\"urlTemplate\":\"https:\\\/\\\/www.dynseo.com\\\/nl\\\/?s={search_term_string}\"},\"query-input\":{\"@type\":\"PropertyValueSpecification\",\"valueRequired\":true,\"valueName\":\"search_term_string\"}}],\"inLanguage\":\"nl-NL\"},{\"@type\":\"Organization\",\"@id\":\"https:\\\/\\\/www.dynseo.com\\\/nl\\\/#organization\",\"name\":\"DYNSEO\",\"url\":\"https:\\\/\\\/www.dynseo.com\\\/nl\\\/\",\"logo\":{\"@type\":\"ImageObject\",\"inLanguage\":\"nl-NL\",\"@id\":\"https:\\\/\\\/www.dynseo.com\\\/nl\\\/#\\\/schema\\\/logo\\\/image\\\/\",\"url\":\"https:\\\/\\\/www.dynseo.com\\\/wp-content\\\/uploads\\\/2022\\\/05\\\/logo-dynseo-new.png\",\"contentUrl\":\"https:\\\/\\\/www.dynseo.com\\\/wp-content\\\/uploads\\\/2022\\\/05\\\/logo-dynseo-new.png\",\"width\":5073,\"height\":1397,\"caption\":\"DYNSEO\"},\"image\":{\"@id\":\"https:\\\/\\\/www.dynseo.com\\\/nl\\\/#\\\/schema\\\/logo\\\/image\\\/\"}}]}<\/script>\n<!-- \/ Yoast SEO plugin. -->","yoast_head_json":{"title":"Developing communication in children with Down's syndrome - Educatieve app en geheugenspelletjes","robots":{"index":"index","follow":"follow","max-snippet":"max-snippet:-1","max-image-preview":"max-image-preview:large","max-video-preview":"max-video-preview:-1"},"canonical":"https:\/\/www.dynseo.com\/nl\/produit\/developing-communication-in-children-with-downs-syndrome-3\/","og_locale":"nl_NL","og_type":"article","og_title":"Developing communication in children with Down's syndrome - Educatieve app en geheugenspelletjes","og_url":"https:\/\/www.dynseo.com\/nl\/produit\/developing-communication-in-children-with-downs-syndrome-3\/","og_site_name":"Educatieve app en geheugenspelletjes","schema":{"@context":"https:\/\/schema.org","@graph":[{"@type":"WebPage","@id":"https:\/\/www.dynseo.com\/nl\/produit\/developing-communication-in-children-with-downs-syndrome-3\/","url":"https:\/\/www.dynseo.com\/nl\/produit\/developing-communication-in-children-with-downs-syndrome-3\/","name":"Developing communication in children with Down's syndrome - Educatieve app en geheugenspelletjes","isPartOf":{"@id":"https:\/\/www.dynseo.com\/nl\/#website"},"primaryImageOfPage":{"@id":"https:\/\/www.dynseo.com\/nl\/produit\/developing-communication-in-children-with-downs-syndrome-3\/#primaryimage"},"image":{"@id":"https:\/\/www.dynseo.com\/nl\/produit\/developing-communication-in-children-with-downs-syndrome-3\/#primaryimage"},"thumbnailUrl":"https:\/\/www.dynseo.com\/wp-content\/uploads\/2026\/03\/PRO-anglais.png","datePublished":"2026-03-13T09:34:58+00:00","breadcrumb":{"@id":"https:\/\/www.dynseo.com\/nl\/produit\/developing-communication-in-children-with-downs-syndrome-3\/#breadcrumb"},"inLanguage":"nl-NL","potentialAction":[{"@type":"ReadAction","target":["https:\/\/www.dynseo.com\/nl\/produit\/developing-communication-in-children-with-downs-syndrome-3\/"]}]},{"@type":"ImageObject","inLanguage":"nl-NL","@id":"https:\/\/www.dynseo.com\/nl\/produit\/developing-communication-in-children-with-downs-syndrome-3\/#primaryimage","url":"https:\/\/www.dynseo.com\/wp-content\/uploads\/2026\/03\/PRO-anglais.png","contentUrl":"https:\/\/www.dynseo.com\/wp-content\/uploads\/2026\/03\/PRO-anglais.png","width":500,"height":500,"caption":"\u5229\u7528\u5148\u8fdb\u6280\u672f\u4fc3\u8fdb\u8001\u5e74\u4eba\u5927\u8111\u529f\u80fd\u7684\u63d0\u5347"},{"@type":"BreadcrumbList","@id":"https:\/\/www.dynseo.com\/nl\/produit\/developing-communication-in-children-with-downs-syndrome-3\/#breadcrumb","itemListElement":[{"@type":"ListItem","position":1,"name":"Accueil","item":"https:\/\/www.dynseo.com\/nl\/"},{"@type":"ListItem","position":2,"name":"Winkel","item":"https:\/\/www.dynseo.com\/boutique\/"},{"@type":"ListItem","position":3,"name":"Developing communication in children with Down&#8217;s syndrome"}]},{"@type":"WebSite","@id":"https:\/\/www.dynseo.com\/nl\/#website","url":"https:\/\/www.dynseo.com\/nl\/","name":"Jeux de m\u00e9moire et stimulation cognitive","description":"Entra\u00eenez votre m\u00e9moire et votre cerveau avec DYNSEO","publisher":{"@id":"https:\/\/www.dynseo.com\/nl\/#organization"},"potentialAction":[{"@type":"SearchAction","target":{"@type":"EntryPoint","urlTemplate":"https:\/\/www.dynseo.com\/nl\/?s={search_term_string}"},"query-input":{"@type":"PropertyValueSpecification","valueRequired":true,"valueName":"search_term_string"}}],"inLanguage":"nl-NL"},{"@type":"Organization","@id":"https:\/\/www.dynseo.com\/nl\/#organization","name":"DYNSEO","url":"https:\/\/www.dynseo.com\/nl\/","logo":{"@type":"ImageObject","inLanguage":"nl-NL","@id":"https:\/\/www.dynseo.com\/nl\/#\/schema\/logo\/image\/","url":"https:\/\/www.dynseo.com\/wp-content\/uploads\/2022\/05\/logo-dynseo-new.png","contentUrl":"https:\/\/www.dynseo.com\/wp-content\/uploads\/2022\/05\/logo-dynseo-new.png","width":5073,"height":1397,"caption":"DYNSEO"},"image":{"@id":"https:\/\/www.dynseo.com\/nl\/#\/schema\/logo\/image\/"}}]}},"_links":{"self":[{"href":"https:\/\/www.dynseo.com\/nl\/wp-json\/wp\/v2\/product\/518797","targetHints":{"allow":["GET"]}}],"collection":[{"href":"https:\/\/www.dynseo.com\/nl\/wp-json\/wp\/v2\/product"}],"about":[{"href":"https:\/\/www.dynseo.com\/nl\/wp-json\/wp\/v2\/types\/product"}],"replies":[{"embeddable":true,"href":"https:\/\/www.dynseo.com\/nl\/wp-json\/wp\/v2\/comments?post=518797"}],"wp:featuredmedia":[{"embeddable":true,"href":"https:\/\/www.dynseo.com\/nl\/wp-json\/wp\/v2\/media\/518534"}],"wp:attachment":[{"href":"https:\/\/www.dynseo.com\/nl\/wp-json\/wp\/v2\/media?parent=518797"}],"wp:term":[{"taxonomy":"product_brand","embeddable":true,"href":"https:\/\/www.dynseo.com\/nl\/wp-json\/wp\/v2\/product_brand?post=518797"},{"taxonomy":"product_cat","embeddable":true,"href":"https:\/\/www.dynseo.com\/nl\/wp-json\/wp\/v2\/product_cat?post=518797"},{"taxonomy":"product_tag","embeddable":true,"href":"https:\/\/www.dynseo.com\/nl\/wp-json\/wp\/v2\/product_tag?post=518797"}],"curies":[{"name":"wp","href":"https:\/\/api.w.org\/{rel}","templated":true}]}}